{"id":87672,"date":"2021-05-13T16:30:12","date_gmt":"2021-05-13T14:30:12","guid":{"rendered":"https:\/\/www.panizzolo.com\/materiali\/pulper-da-cartiera\/"},"modified":"2021-10-19T09:54:13","modified_gmt":"2021-10-19T07:54:13","slug":"pulpa-z-papierni","status":"publish","type":"page","link":"https:\/\/www.panizzolo.com\/pl\/materialy\/pulpa-z-papierni\/","title":{"rendered":"Pulpa z papierni"},"content":{"rendered":"<div class=\"wpb-content-wrapper\"><p>[vc_row row_height_percent=&#8221;50&#8243; override_padding=&#8221;yes&#8221; h_padding=&#8221;2&#8243; top_padding=&#8221;4&#8243; bottom_padding=&#8221;2&#8243; back_image=&#8221;83145&#8243; parallax=&#8221;yes&#8221; overlay_color=&#8221;color-jevc&#8221; overlay_alpha=&#8221;40&#8243; gutter_size=&#8221;3&#8243; column_width_percent=&#8221;100&#8243; shift_y=&#8221;0&#8243; z_index=&#8221;0&#8243; enable_bottom_divider=&#8221;custom&#8221; bottom_divider=&#8221;tilt&#8221; shape_bottom_custom=&#8221;79412&#8243; shape_bottom_h_use_pixel=&#8221;true&#8221; shape_bottom_height_percent=&#8221;100&#8243; shape_bottom_color=&#8221;color-xsdn&#8221; shape_bottom_opacity=&#8221;100&#8243; shape_bottom_index=&#8221;0&#8243; shape_bottom_responsive=&#8221;yes&#8221; shape_bottom_tablet_hide=&#8221;yes&#8221; shape_bottom_mobile_hide=&#8221;yes&#8221; el_id=&#8221;slide_in&#8221; uncode_shortcode_id=&#8221;488261&#8243; overlay_color_type=&#8221;uncode-palette&#8221; shape_bottom_color_type=&#8221;uncode-palette&#8221;][vc_column column_width_percent=&#8221;100&#8243; position_vertical=&#8221;middle&#8221; gutter_size=&#8221;3&#8243; style=&#8221;dark&#8221; overlay_alpha=&#8221;50&#8243; shift_x=&#8221;0&#8243; shift_y=&#8221;0&#8243; shift_y_down=&#8221;0&#8243; z_index=&#8221;0&#8243; medium_width=&#8221;0&#8243; mobile_width=&#8221;0&#8243; css_animation=&#8221;left-t-right&#8221; width=&#8221;1\/2&#8243;][vc_custom_heading uncode_shortcode_id=&#8221;351302&#8243;]Odzysk<br \/>\npulpy z papierni[\/vc_custom_heading][vc_custom_heading heading_semantic=&#8221;h4&#8243; text_font=&#8221;font-116529&#8243; text_size=&#8221;h4&#8243; text_weight=&#8221;300&#8243; el_class=&#8221;nomargin&#8221; uncode_shortcode_id=&#8221;174282&#8243;]W gospodarce o obiegu zamkni\u0119tym jednym z najcz\u0119\u015bciej przetwarzanych materia\u0142\u00f3w jest papier. Pocz\u0105wszy od procesu odzysku, gromadzony jest materia\u0142 odpadowy, zwany pulperem z papierni, sk\u0142adaj\u0105cy si\u0119 z tworzywa sztucznego, w\u0142\u00f3kien, w\u0142\u00f3kien z tkaniny, metalu i kt\u00f3ry wymaga specjalnej obr\u00f3bki w celu recyklingu.[\/vc_custom_heading][\/vc_column][vc_column width=&#8221;1\/2&#8243;][\/vc_column][\/vc_row][vc_row row_height_percent=&#8221;0&#8243; override_padding=&#8221;yes&#8221; h_padding=&#8221;2&#8243; top_padding=&#8221;4&#8243; bottom_padding=&#8221;2&#8243; back_image=&#8221;65455&#8243; back_repeat=&#8221;no-repeat&#8221; back_attachment=&#8221;inherit&#8221; back_position=&#8221;left top&#8221; overlay_alpha=&#8221;50&#8243; gutter_size=&#8221;3&#8243; column_width_percent=&#8221;100&#8243; shift_y=&#8221;0&#8243; z_index=&#8221;0&#8243; back_size=&#8221;35%&#8221;][vc_column column_width_percent=&#8221;100&#8243; position_horizontal=&#8221;right&#8221; align_horizontal=&#8221;align_right&#8221; gutter_size=&#8221;3&#8243; overlay_alpha=&#8221;50&#8243; shift_x=&#8221;0&#8243; shift_y=&#8221;0&#8243; shift_y_down=&#8221;0&#8243; z_index=&#8221;0&#8243; medium_width=&#8221;0&#8243; mobile_width=&#8221;0&#8243; css_animation=&#8221;alpha-anim&#8221; animation_delay=&#8221;100&#8243; width=&#8221;1\/6&#8243;][vc_single_image media=&#8221;79637&#8243; media_width_use_pixel=&#8221;yes&#8221; media_width_pixel=&#8221;100&#8243; uncode_shortcode_id=&#8221;131061&#8243;][\/vc_column][vc_column column_width_percent=&#8221;75&#8243; position_horizontal=&#8221;left&#8221; gutter_size=&#8221;3&#8243; overlay_alpha=&#8221;50&#8243; shift_x=&#8221;-3&#8243; shift_y=&#8221;0&#8243; shift_y_down=&#8221;0&#8243; z_index=&#8221;0&#8243; medium_width=&#8221;0&#8243; mobile_width=&#8221;0&#8243; css_animation=&#8221;alpha-anim&#8221; animation_delay=&#8221;100&#8243; width=&#8221;5\/6&#8243; uncode_shortcode_id=&#8221;672165&#8243;][vc_custom_heading text_color=&#8221;color-708329&#8243; text_font=&#8221;font-116529&#8243; uncode_shortcode_id=&#8221;176409&#8243; text_color_type=&#8221;uncode-palette&#8221;]Obr\u00f3bki o wysokiej wydajno\u015bci w<br \/>\ncelu uzyskania wysokiej jako\u015bci wynik\u00f3w[\/vc_custom_heading][vc_column_text uncode_shortcode_id=&#8221;665431&#8243;]Instalacje firmy Panizzolo s\u0105 cenione za <strong>wydajno\u015b\u0107 produkcji, zu\u017cycie i niskie koszty eksploatacji oraz \u0142atwo\u015b\u0107 u\u017cytkowania<\/strong>. Cechuje nas du\u017ce do\u015bwiadczenie jako bezpo\u015brednich u\u017cytkownik\u00f3w instalacji do obr\u00f3bki i dzi\u0119ki naszej wiedzy analizujemy wszystkie nasze rozwi\u0105zania z my\u015bl\u0105 o <strong>kliencie i powodzeniu jego inwestycji<\/strong>.[\/vc_column_text][vc_button border_width=&#8221;0&#8243; icon_position=&#8221;right&#8221; link=&#8221;url:https%3A%2F%2Fwww.panizzolo.com%2Fpl%2Frozwiazania-dotyczace-recyklingu%2Finstalacje-do-recyklingu%2Finstalacja-do-recyklingu-pulpy-z-papierni%2F|title:Instalacja%20do%20recyklingu%20pulpy%20z%20papierni&#8221; icon=&#8221;fa fa-arrow-right-thick&#8221; uncode_shortcode_id=&#8221;141670&#8243;]Odkryj dedykowan\u0105 szlifierni\u0119[\/vc_button][\/vc_column][\/vc_row][vc_row row_height_percent=&#8221;0&#8243; override_padding=&#8221;yes&#8221; h_padding=&#8221;2&#8243; top_padding=&#8221;4&#8243; bottom_padding=&#8221;4&#8243; overlay_alpha=&#8221;50&#8243; gutter_size=&#8221;4&#8243; column_width_percent=&#8221;100&#8243; shift_y=&#8221;0&#8243; z_index=&#8221;0&#8243;][vc_column column_width_percent=&#8221;100&#8243; gutter_size=&#8221;3&#8243; overlay_alpha=&#8221;50&#8243; shift_x=&#8221;0&#8243; shift_y=&#8221;0&#8243; shift_y_down=&#8221;0&#8243; z_index=&#8221;0&#8243; medium_width=&#8221;0&#8243; mobile_width=&#8221;0&#8243; css_animation=&#8221;bottom-t-top&#8221; width=&#8221;1\/2&#8243;][vc_column_text uncode_shortcode_id=&#8221;104571&#8243;]Pulpa z papierni to odpady powstaj\u0105ce w przemy\u015ble papierniczym podczas procesu recyklingu papieru, kt\u00f3re nale\u017cy podda\u0107 maceracji. Po odzyskaniu w\u0142\u00f3kien celulozowych pozostaje <b>mieszanina nienadaj\u0105cych si\u0119 do recyklingu materia\u0142\u00f3w mieszanych <\/b>, kt\u00f3re wcze\u015bniej by\u0142y dostarczane na wysypiska i tym samym <b>wytwarza\u0142y wysokie koszty utylizacji<\/b>. Dzi\u015b mo\u017cliwe jest poddanie jej procesowi odzysku, kt\u00f3ry ogranicza odpady, kt\u00f3re trzeba wywie\u017a\u0107 na wysypisko i odzyskuje materia\u0142y, kt\u00f3re nadal mo\u017cna wykorzysta\u0107.[\/vc_column_text][\/vc_column][vc_column column_width_percent=&#8221;100&#8243; gutter_size=&#8221;3&#8243; overlay_alpha=&#8221;50&#8243; shift_x=&#8221;0&#8243; shift_y=&#8221;0&#8243; shift_y_down=&#8221;0&#8243; z_index=&#8221;0&#8243; medium_width=&#8221;0&#8243; mobile_width=&#8221;0&#8243; css_animation=&#8221;bottom-t-top&#8221; width=&#8221;1\/2&#8243;][vc_column_text uncode_shortcode_id=&#8221;471652&#8243;]Dzi\u0119ki coraz bardziej specyficznym i zaawansowanym technologiom mo\u017cliwe jest uruchamianie cykli obr\u00f3bki odpad\u00f3w z papierni i przeprowadzanie tych operacji przy <b>niskich kosztach i w spos\u00f3b zautomatyzowany<\/b>, przetwarzaj\u0105c ponownie <b>zawarte w nich metale<\/b> i wprowadzaj\u0105c je z powrotem do cyklu produkcyjnego.<\/p>\n<p>Odkryj wszystkie nasze rozwi\u0105zania w zakresie recyklingu![\/vc_column_text][\/vc_column][\/vc_row][vc_row unlock_row_content=&#8221;yes&#8221; row_height_percent=&#8221;0&#8243; override_padding=&#8221;yes&#8221; h_padding=&#8221;0&#8243; top_padding=&#8221;2&#8243; bottom_padding=&#8221;2&#8243; overlay_alpha=&#8221;50&#8243; gutter_size=&#8221;3&#8243; column_width_percent=&#8221;100&#8243; shift_y=&#8221;0&#8243; z_index=&#8221;0&#8243;][vc_column width=&#8221;1\/6&#8243;][\/vc_column][vc_column column_width_percent=&#8221;100&#8243; gutter_size=&#8221;3&#8243; overlay_alpha=&#8221;50&#8243; shift_x=&#8221;0&#8243; shift_y=&#8221;0&#8243; shift_y_down=&#8221;0&#8243; z_index=&#8221;0&#8243; medium_width=&#8221;0&#8243; mobile_width=&#8221;0&#8243; css_animation=&#8221;right-t-left&#8221; width=&#8221;5\/6&#8243;][vc_gallery el_id=&#8221;gallery-611771&#8243; type=&#8221;carousel&#8221; medias=&#8221;83151,83157,83145&#8243; carousel_lg=&#8221;2&#8243; carousel_md=&#8221;2&#8243; carousel_sm=&#8221;2&#8243; thumb_size=&#8221;three-two&#8221; gutter_size=&#8221;3&#8243; carousel_interval=&#8221;3000&#8243; carousel_navspeed=&#8221;400&#8243; carousel_loop=&#8221;yes&#8221; carousel_dots=&#8221;yes&#8221; stage_padding=&#8221;40&#8243; single_overlay_opacity=&#8221;50&#8243; single_padding=&#8221;2&#8243; uncode_shortcode_id=&#8221;116242&#8243;][\/vc_column][\/vc_row][vc_row row_height_percent=&#8221;0&#8243; override_padding=&#8221;yes&#8221; h_padding=&#8221;2&#8243; top_padding=&#8221;4&#8243; bottom_padding=&#8221;4&#8243; overlay_alpha=&#8221;50&#8243; gutter_size=&#8221;3&#8243; column_width_percent=&#8221;100&#8243; shift_y=&#8221;0&#8243; z_index=&#8221;0&#8243; uncode_shortcode_id=&#8221;947133&#8243;][vc_column column_width_percent=&#8221;90&#8243; gutter_size=&#8221;3&#8243; overlay_alpha=&#8221;50&#8243; shift_x=&#8221;0&#8243; shift_y=&#8221;0&#8243; shift_y_down=&#8221;0&#8243; z_index=&#8221;0&#8243; medium_width=&#8221;0&#8243; mobile_width=&#8221;0&#8243; width=&#8221;1\/1&#8243; uncode_shortcode_id=&#8221;476079&#8243;][vc_custom_heading heading_semantic=&#8221;h3&#8243; text_font=&#8221;font-116529&#8243; text_size=&#8221;h3&#8243; uncode_shortcode_id=&#8221;175195&#8243;]Video Gallery Input i Output[\/vc_custom_heading][vc_single_image media=&#8221;89650&#8243; media_width_percent=&#8221;100&#8243; uncode_shortcode_id=&#8221;140597&#8243;][\/vc_column][\/vc_row][vc_row][vc_column width=&#8221;1\/1&#8243;][uncode_block id=&#8221;87773&#8243;][\/vc_column][\/vc_row][vc_row][vc_column width=&#8221;1\/1&#8243;][uncode_block id=&#8221;87787&#8243;][\/vc_column][\/vc_row]<\/p>\n<\/div>","protected":false},"excerpt":{"rendered":"<p>[vc_row row_height_percent=&#8221;50&#8243; override_padding=&#8221;yes&#8221; h_padding=&#8221;2&#8243; top_padding=&#8221;4&#8243; bottom_padding=&#8221;2&#8243; back_image=&#8221;83145&#8243; parallax=&#8221;yes&#8221; overlay_color=&#8221;color-jevc&#8221; overlay_alpha=&#8221;40&#8243; gutter_size=&#8221;3&#8243; column_width_percent=&#8221;100&#8243; shift_y=&#8221;0&#8243; z_index=&#8221;0&#8243; enable_bottom_divider=&#8221;custom&#8221; bottom_divider=&#8221;tilt&#8221; shape_bottom_custom=&#8221;79412&#8243; shape_bottom_h_use_pixel=&#8221;true&#8221; shape_bottom_height_percent=&#8221;100&#8243; shape_bottom_color=&#8221;color-xsdn&#8221; [&hellip;]<\/p>\n","protected":false},"author":1,"featured_media":0,"parent":87576,"menu_order":100,"comment_status":"closed","ping_status":"closed","template":"","meta":{"footnotes":""},"class_list":["post-87672","page","type-page","status-publish","hentry","page_category-materiali-pl"],"yoast_head":"<!-- This site is optimized with the Yoast SEO plugin v24.5 - https:\/\/yoast.com\/wordpress\/plugins\/seo\/ -->\n<title>Pulpa z papierni - Panizzolo Impianti di riciclaggio per rifiuti<\/title>\n<meta name=\"robots\" content=\"index, follow, max-snippet:-1, max-image-preview:large, max-video-preview:-1\" \/>\n<link rel=\"canonical\" href=\"https:\/\/www.panizzolo.com\/pl\/materialy\/pulpa-z-papierni\/\" \/>\n<meta property=\"og:locale\" content=\"pl_PL\" \/>\n<meta property=\"og:type\" content=\"article\" \/>\n<meta property=\"og:title\" content=\"Pulpa z papierni - Panizzolo Impianti di riciclaggio per rifiuti\" \/>\n<meta property=\"og:description\" content=\"[vc_row row_height_percent=&#8221;50&#8243; override_padding=&#8221;yes&#8221; h_padding=&#8221;2&#8243; top_padding=&#8221;4&#8243; bottom_padding=&#8221;2&#8243; back_image=&#8221;83145&#8243; parallax=&#8221;yes&#8221; overlay_color=&#8221;color-jevc&#8221; overlay_alpha=&#8221;40&#8243; gutter_size=&#8221;3&#8243; column_width_percent=&#8221;100&#8243; shift_y=&#8221;0&#8243; z_index=&#8221;0&#8243; enable_bottom_divider=&#8221;custom&#8221; bottom_divider=&#8221;tilt&#8221; shape_bottom_custom=&#8221;79412&#8243; shape_bottom_h_use_pixel=&#8221;true&#8221; shape_bottom_height_percent=&#8221;100&#8243; shape_bottom_color=&#8221;color-xsdn&#8221; [&hellip;]\" \/>\n<meta property=\"og:url\" content=\"https:\/\/www.panizzolo.com\/pl\/materialy\/pulpa-z-papierni\/\" \/>\n<meta property=\"og:site_name\" content=\"Panizzolo Impianti di riciclaggio per rifiuti\" \/>\n<meta property=\"article:publisher\" content=\"https:\/\/www.facebook.com\/PanizzoloRecycling\" \/>\n<meta property=\"article:modified_time\" content=\"2021-10-19T07:54:13+00:00\" \/>\n<meta name=\"twitter:card\" content=\"summary_large_image\" \/>\n<meta name=\"twitter:site\" content=\"@PanizzoloRS\" \/>\n<meta name=\"twitter:label1\" content=\"Est. reading time\" \/>\n\t<meta name=\"twitter:data1\" content=\"2 minutes\" \/>\n<script type=\"application\/ld+json\" class=\"yoast-schema-graph\">{\"@context\":\"https:\/\/schema.org\",\"@graph\":[{\"@type\":\"WebPage\",\"@id\":\"https:\/\/www.panizzolo.com\/pl\/materialy\/pulpa-z-papierni\/\",\"url\":\"https:\/\/www.panizzolo.com\/pl\/materialy\/pulpa-z-papierni\/\",\"name\":\"Pulpa z papierni - Panizzolo Impianti di riciclaggio per rifiuti\",\"isPartOf\":{\"@id\":\"https:\/\/www.panizzolo.com\/pl\/#website\"},\"datePublished\":\"2021-05-13T14:30:12+00:00\",\"dateModified\":\"2021-10-19T07:54:13+00:00\",\"breadcrumb\":{\"@id\":\"https:\/\/www.panizzolo.com\/pl\/materialy\/pulpa-z-papierni\/#breadcrumb\"},\"inLanguage\":\"pl-PL\",\"potentialAction\":[{\"@type\":\"ReadAction\",\"target\":[\"https:\/\/www.panizzolo.com\/pl\/materialy\/pulpa-z-papierni\/\"]}]},{\"@type\":\"BreadcrumbList\",\"@id\":\"https:\/\/www.panizzolo.com\/pl\/materialy\/pulpa-z-papierni\/#breadcrumb\",\"itemListElement\":[{\"@type\":\"ListItem\",\"position\":1,\"name\":\"Materia\u0142y\",\"item\":\"https:\/\/www.panizzolo.com\/pl\/materialy\/\"},{\"@type\":\"ListItem\",\"position\":2,\"name\":\"Pulpa z papierni\"}]},{\"@type\":\"WebSite\",\"@id\":\"https:\/\/www.panizzolo.com\/pl\/#website\",\"url\":\"https:\/\/www.panizzolo.com\/pl\/\",\"name\":\"Panizzolo Impianti di riciclaggio per rifiuti\",\"description\":\"Panizzolo Impianti di riciclaggio per rifiuti\",\"potentialAction\":[{\"@type\":\"SearchAction\",\"target\":{\"@type\":\"EntryPoint\",\"urlTemplate\":\"https:\/\/www.panizzolo.com\/pl\/?s={search_term_string}\"},\"query-input\":{\"@type\":\"PropertyValueSpecification\",\"valueRequired\":true,\"valueName\":\"search_term_string\"}}],\"inLanguage\":\"pl-PL\"}]}<\/script>\n<!-- \/ Yoast SEO plugin. -->","yoast_head_json":{"title":"Pulpa z papierni - Panizzolo Impianti di riciclaggio per rifiuti","robots":{"index":"index","follow":"follow","max-snippet":"max-snippet:-1","max-image-preview":"max-image-preview:large","max-video-preview":"max-video-preview:-1"},"canonical":"https:\/\/www.panizzolo.com\/pl\/materialy\/pulpa-z-papierni\/","og_locale":"pl_PL","og_type":"article","og_title":"Pulpa z papierni - Panizzolo Impianti di riciclaggio per rifiuti","og_description":"[vc_row row_height_percent=&#8221;50&#8243; override_padding=&#8221;yes&#8221; h_padding=&#8221;2&#8243; top_padding=&#8221;4&#8243; bottom_padding=&#8221;2&#8243; back_image=&#8221;83145&#8243; parallax=&#8221;yes&#8221; overlay_color=&#8221;color-jevc&#8221; overlay_alpha=&#8221;40&#8243; gutter_size=&#8221;3&#8243; column_width_percent=&#8221;100&#8243; shift_y=&#8221;0&#8243; z_index=&#8221;0&#8243; enable_bottom_divider=&#8221;custom&#8221; bottom_divider=&#8221;tilt&#8221; shape_bottom_custom=&#8221;79412&#8243; shape_bottom_h_use_pixel=&#8221;true&#8221; shape_bottom_height_percent=&#8221;100&#8243; shape_bottom_color=&#8221;color-xsdn&#8221; [&hellip;]","og_url":"https:\/\/www.panizzolo.com\/pl\/materialy\/pulpa-z-papierni\/","og_site_name":"Panizzolo Impianti di riciclaggio per rifiuti","article_publisher":"https:\/\/www.facebook.com\/PanizzoloRecycling","article_modified_time":"2021-10-19T07:54:13+00:00","twitter_card":"summary_large_image","twitter_site":"@PanizzoloRS","twitter_misc":{"Est. reading time":"2 minutes"},"schema":{"@context":"https:\/\/schema.org","@graph":[{"@type":"WebPage","@id":"https:\/\/www.panizzolo.com\/pl\/materialy\/pulpa-z-papierni\/","url":"https:\/\/www.panizzolo.com\/pl\/materialy\/pulpa-z-papierni\/","name":"Pulpa z papierni - Panizzolo Impianti di riciclaggio per rifiuti","isPartOf":{"@id":"https:\/\/www.panizzolo.com\/pl\/#website"},"datePublished":"2021-05-13T14:30:12+00:00","dateModified":"2021-10-19T07:54:13+00:00","breadcrumb":{"@id":"https:\/\/www.panizzolo.com\/pl\/materialy\/pulpa-z-papierni\/#breadcrumb"},"inLanguage":"pl-PL","potentialAction":[{"@type":"ReadAction","target":["https:\/\/www.panizzolo.com\/pl\/materialy\/pulpa-z-papierni\/"]}]},{"@type":"BreadcrumbList","@id":"https:\/\/www.panizzolo.com\/pl\/materialy\/pulpa-z-papierni\/#breadcrumb","itemListElement":[{"@type":"ListItem","position":1,"name":"Materia\u0142y","item":"https:\/\/www.panizzolo.com\/pl\/materialy\/"},{"@type":"ListItem","position":2,"name":"Pulpa z papierni"}]},{"@type":"WebSite","@id":"https:\/\/www.panizzolo.com\/pl\/#website","url":"https:\/\/www.panizzolo.com\/pl\/","name":"Panizzolo Impianti di riciclaggio per rifiuti","description":"Panizzolo Impianti di riciclaggio per rifiuti","potentialAction":[{"@type":"SearchAction","target":{"@type":"EntryPoint","urlTemplate":"https:\/\/www.panizzolo.com\/pl\/?s={search_term_string}"},"query-input":{"@type":"PropertyValueSpecification","valueRequired":true,"valueName":"search_term_string"}}],"inLanguage":"pl-PL"}]}},"_links":{"self":[{"href":"https:\/\/www.panizzolo.com\/pl\/wp-json\/wp\/v2\/pages\/87672","targetHints":{"allow":["GET"]}}],"collection":[{"href":"https:\/\/www.panizzolo.com\/pl\/wp-json\/wp\/v2\/pages"}],"about":[{"href":"https:\/\/www.panizzolo.com\/pl\/wp-json\/wp\/v2\/types\/page"}],"author":[{"embeddable":true,"href":"https:\/\/www.panizzolo.com\/pl\/wp-json\/wp\/v2\/users\/1"}],"replies":[{"embeddable":true,"href":"https:\/\/www.panizzolo.com\/pl\/wp-json\/wp\/v2\/comments?post=87672"}],"version-history":[{"count":6,"href":"https:\/\/www.panizzolo.com\/pl\/wp-json\/wp\/v2\/pages\/87672\/revisions"}],"predecessor-version":[{"id":90198,"href":"https:\/\/www.panizzolo.com\/pl\/wp-json\/wp\/v2\/pages\/87672\/revisions\/90198"}],"up":[{"embeddable":true,"href":"https:\/\/www.panizzolo.com\/pl\/wp-json\/wp\/v2\/pages\/87576"}],"wp:attachment":[{"href":"https:\/\/www.panizzolo.com\/pl\/wp-json\/wp\/v2\/media?parent=87672"}],"curies":[{"name":"wp","href":"https:\/\/api.w.org\/{rel}","templated":true}]}}