{"id":87605,"date":"2021-05-13T16:30:39","date_gmt":"2021-05-13T14:30:39","guid":{"rendered":"https:\/\/www.panizzolo.com\/materiali\/rottami-metallici\/"},"modified":"2021-10-19T09:55:22","modified_gmt":"2021-10-19T07:55:22","slug":"zlom-metalowy","status":"publish","type":"page","link":"https:\/\/www.panizzolo.com\/pl\/materialy\/zlom-metalowy\/","title":{"rendered":"Z\u0142om metalowy"},"content":{"rendered":"<div class=\"wpb-content-wrapper\"><p>[vc_row row_height_percent=&#8221;50&#8243; override_padding=&#8221;yes&#8221; h_padding=&#8221;2&#8243; top_padding=&#8221;4&#8243; bottom_padding=&#8221;2&#8243; back_image=&#8221;82841&#8243; parallax=&#8221;yes&#8221; overlay_color=&#8221;color-jevc&#8221; overlay_alpha=&#8221;40&#8243; gutter_size=&#8221;3&#8243; column_width_percent=&#8221;100&#8243; shift_y=&#8221;0&#8243; z_index=&#8221;0&#8243; enable_bottom_divider=&#8221;custom&#8221; bottom_divider=&#8221;tilt&#8221; shape_bottom_custom=&#8221;79412&#8243; shape_bottom_h_use_pixel=&#8221;true&#8221; shape_bottom_height_percent=&#8221;100&#8243; shape_bottom_color=&#8221;color-xsdn&#8221; shape_bottom_opacity=&#8221;100&#8243; shape_bottom_index=&#8221;0&#8243; shape_bottom_responsive=&#8221;yes&#8221; shape_bottom_tablet_hide=&#8221;yes&#8221; shape_bottom_mobile_hide=&#8221;yes&#8221; el_id=&#8221;slide_in&#8221; uncode_shortcode_id=&#8221;208715&#8243; overlay_color_type=&#8221;uncode-palette&#8221; shape_bottom_color_type=&#8221;uncode-palette&#8221;][vc_column column_width_percent=&#8221;100&#8243; position_vertical=&#8221;middle&#8221; gutter_size=&#8221;3&#8243; style=&#8221;dark&#8221; overlay_alpha=&#8221;50&#8243; shift_x=&#8221;0&#8243; shift_y=&#8221;0&#8243; shift_y_down=&#8221;0&#8243; z_index=&#8221;0&#8243; medium_width=&#8221;0&#8243; mobile_width=&#8221;0&#8243; css_animation=&#8221;left-t-right&#8221; width=&#8221;1\/2&#8243;][vc_custom_heading uncode_shortcode_id=&#8221;202630&#8243;]Recykling odpad\u00f3w<br \/>\nze z\u0142omu metalowego[\/vc_custom_heading][vc_custom_heading heading_semantic=&#8221;h4&#8243; text_font=&#8221;font-116529&#8243; text_size=&#8221;h4&#8243; text_weight=&#8221;300&#8243; el_class=&#8221;nomargin&#8221; uncode_shortcode_id=&#8221;548763&#8243;]W jaki spos\u00f3b poddawa\u0107 obr\u00f3bce z\u0142om metalowy? W zwi\u0105zku ze sta\u0142ymi zmianami na rynku w ostatnich latach i nowymi przepisami europejskimi, firmy coraz cz\u0119\u015bciej<b>przeprowadzaj\u0105 obr\u00f3bk\u0119 End-of-Waste<\/b>, ca\u0142kowicie odzyskuj\u0105c metale i przekszta\u0142caj\u0105c je w surowiec wt\u00f3rny.[\/vc_custom_heading][\/vc_column][vc_column width=&#8221;1\/2&#8243;][\/vc_column][\/vc_row][vc_row row_height_percent=&#8221;0&#8243; override_padding=&#8221;yes&#8221; h_padding=&#8221;2&#8243; top_padding=&#8221;4&#8243; bottom_padding=&#8221;2&#8243; back_image=&#8221;65455&#8243; back_repeat=&#8221;no-repeat&#8221; back_attachment=&#8221;inherit&#8221; back_position=&#8221;left top&#8221; overlay_alpha=&#8221;50&#8243; gutter_size=&#8221;3&#8243; column_width_percent=&#8221;100&#8243; shift_y=&#8221;0&#8243; z_index=&#8221;0&#8243; back_size=&#8221;35%&#8221;][vc_column column_width_percent=&#8221;100&#8243; position_horizontal=&#8221;right&#8221; align_horizontal=&#8221;align_right&#8221; gutter_size=&#8221;3&#8243; overlay_alpha=&#8221;50&#8243; shift_x=&#8221;0&#8243; shift_y=&#8221;0&#8243; shift_y_down=&#8221;0&#8243; z_index=&#8221;0&#8243; medium_width=&#8221;0&#8243; mobile_width=&#8221;0&#8243; css_animation=&#8221;alpha-anim&#8221; animation_delay=&#8221;100&#8243; width=&#8221;1\/6&#8243;][vc_single_image media=&#8221;80417&#8243; media_width_use_pixel=&#8221;yes&#8221; media_width_pixel=&#8221;100&#8243; uncode_shortcode_id=&#8221;253421&#8243;][\/vc_column][vc_column column_width_percent=&#8221;75&#8243; position_horizontal=&#8221;left&#8221; gutter_size=&#8221;3&#8243; overlay_alpha=&#8221;50&#8243; shift_x=&#8221;-3&#8243; shift_y=&#8221;0&#8243; shift_y_down=&#8221;0&#8243; z_index=&#8221;0&#8243; medium_width=&#8221;0&#8243; mobile_width=&#8221;0&#8243; css_animation=&#8221;alpha-anim&#8221; animation_delay=&#8221;100&#8243; width=&#8221;5\/6&#8243; uncode_shortcode_id=&#8221;202104&#8243;][vc_custom_heading text_color=&#8221;color-708329&#8243; text_font=&#8221;font-116529&#8243; uncode_shortcode_id=&#8221;176409&#8243; text_color_type=&#8221;uncode-palette&#8221;]Obr\u00f3bki o wysokiej wydajno\u015bci w<br \/>\ncelu uzyskania wysokiej jako\u015bci wynik\u00f3w[\/vc_custom_heading][vc_column_text uncode_shortcode_id=&#8221;665431&#8243;]Instalacje firmy Panizzolo s\u0105 cenione za <strong>wydajno\u015b\u0107 produkcji, zu\u017cycie i niskie koszty eksploatacji oraz \u0142atwo\u015b\u0107 u\u017cytkowania<\/strong>. Cechuje nas du\u017ce do\u015bwiadczenie jako bezpo\u015brednich u\u017cytkownik\u00f3w instalacji do obr\u00f3bki i dzi\u0119ki naszej wiedzy analizujemy wszystkie nasze rozwi\u0105zania z my\u015bl\u0105 o <strong>kliencie i powodzeniu jego inwestycji<\/strong>.[\/vc_column_text][vc_button border_width=&#8221;0&#8243; icon_position=&#8221;right&#8221; link=&#8221;url:https%3A%2F%2Fwww.panizzolo.com%2Fpl%2Frozwiazania-dotyczace-recyklingu%2Finstalacje-do-recyklingu%2Finstalacje-do-recyklingu-zlomu-metalowego%2F|title:Instalacje%20do%20recyklingu%20z%C5%82omu%20metalowego&#8221; icon=&#8221;fa fa-arrow-right-thick&#8221; uncode_shortcode_id=&#8221;131593&#8243;]Odkryj dedykowan\u0105 szlifierni\u0119[\/vc_button][\/vc_column][\/vc_row][vc_row row_height_percent=&#8221;0&#8243; override_padding=&#8221;yes&#8221; h_padding=&#8221;2&#8243; top_padding=&#8221;4&#8243; bottom_padding=&#8221;4&#8243; overlay_alpha=&#8221;50&#8243; gutter_size=&#8221;4&#8243; column_width_percent=&#8221;100&#8243; shift_y=&#8221;0&#8243; z_index=&#8221;0&#8243;][vc_column column_width_percent=&#8221;100&#8243; gutter_size=&#8221;3&#8243; overlay_alpha=&#8221;50&#8243; shift_x=&#8221;0&#8243; shift_y=&#8221;0&#8243; shift_y_down=&#8221;0&#8243; z_index=&#8221;0&#8243; medium_width=&#8221;0&#8243; mobile_width=&#8221;0&#8243; css_animation=&#8221;bottom-t-top&#8221; width=&#8221;1\/2&#8243;][vc_column_text uncode_shortcode_id=&#8221;207015&#8243;]Z\u0142om metalowy zawsze by\u0142 bardzo wa\u017cnym odpadem ze wzgl\u0119du na du\u017c\u0105<b> zawarto\u015b\u0107 metalu<\/b> \u2013 w niekt\u00f3rych przypadkach nawet do 90% masy ca\u0142kowitej \u2013 , z kt\u00f3rej si\u0119 sk\u0142ada. To spowodowa\u0142o, \u017ce wiele firm zmieni\u0142o swoj\u0105 rol\u0119, staj\u0105c si\u0119 firm\u0105 zajmuj\u0105c\u0105 si\u0119 handlem z\u0142omem metalowym. W ostatnich latach po\u015bwi\u0119conych recyklingowi ten rodzaj materia\u0142u jest coraz cz\u0119\u015bciej wykorzystywany ze wzgl\u0119du na <b>rosn\u0105cy wzrost cen surowc\u00f3w<\/b> i zauwa\u017ca si\u0119 <b>\u00a0post\u0119puj\u0105c\u0105 zmian\u0119 tych dzia\u0142a\u0144, skierowanych na proces kompletnej obr\u00f3bki<\/b>. Odzyskiwanie stanowi <b>wa\u017cn\u0105 szans\u0119 <\/b>dla \u015brodowiska i bardziej ekologiczne rozwi\u0105zanie w przypadku produkcji metali od podstaw, ale nie tylko! Samo przej\u015bcie z handlu na kompletny cykl obr\u00f3bki metalu przynosi wiele korzy\u015bci ekonomicznych i mo\u017cliwo\u015b\u0107 stworzenia <b>nowych perspektyw dla Twojej firmy<\/b> i nowych konkretnych rynk\u00f3w zbytu.[\/vc_column_text][\/vc_column][vc_column column_width_percent=&#8221;100&#8243; gutter_size=&#8221;3&#8243; overlay_alpha=&#8221;50&#8243; shift_x=&#8221;0&#8243; shift_y=&#8221;0&#8243; shift_y_down=&#8221;0&#8243; z_index=&#8221;0&#8243; medium_width=&#8221;0&#8243; mobile_width=&#8221;0&#8243; css_animation=&#8221;bottom-t-top&#8221; width=&#8221;1\/2&#8243;][vc_column_text uncode_shortcode_id=&#8221;159357&#8243;]Znaczna poprawa procesu recyklingu oraz innowacyjne technologie mielenia i sortowania umo\u017cliwiaj\u0105 naszym instalacjom przetwarzanie metali przekszta\u0142cenie tego z\u0142omu w j<b>ednorodny materia\u0142 o wysokim ci\u0119\u017carze w\u0142a\u015bciwym<\/b>, doskona\u0142y do \u200b\u200bponownego wprowadzenia na rynek. Zgodno\u015b\u0107 ze <b>wszystkimi warunkami okre\u015blonymi w prawodawstwie UE<\/b> ma zasadnicze znaczenie, aby sta\u0107 si\u0119 surowcem wt\u00f3rnym pod ka\u017cdym wzgl\u0119dem i nie mie\u015bci\u0107 si\u0119 ju\u017c w kategorii odpad\u00f3w. Gwarantowana jest <b>wysoka jako\u015b\u0107 naszych produkt\u00f3w wyj\u015bciowych<\/b>, kt\u00f3ra idealnie nadaje si\u0119 do bezpo\u015bredniej sprzeda\u017cy \u017celaza, miedzi, mosi\u0105dzu, stali i aluminium w odlewniach i stalowniach.<\/p>\n<p>Odkryj wszystkie nasze rozwi\u0105zania w zakresie recyklingu![\/vc_column_text][\/vc_column][\/vc_row][vc_row unlock_row_content=&#8221;yes&#8221; row_height_percent=&#8221;0&#8243; override_padding=&#8221;yes&#8221; h_padding=&#8221;0&#8243; top_padding=&#8221;2&#8243; bottom_padding=&#8221;2&#8243; overlay_alpha=&#8221;50&#8243; gutter_size=&#8221;3&#8243; column_width_percent=&#8221;100&#8243; shift_y=&#8221;0&#8243; z_index=&#8221;0&#8243;][vc_column width=&#8221;1\/6&#8243;][\/vc_column][vc_column column_width_percent=&#8221;100&#8243; gutter_size=&#8221;3&#8243; overlay_alpha=&#8221;50&#8243; shift_x=&#8221;0&#8243; shift_y=&#8221;0&#8243; shift_y_down=&#8221;0&#8243; z_index=&#8221;0&#8243; medium_width=&#8221;0&#8243; mobile_width=&#8221;0&#8243; css_animation=&#8221;right-t-left&#8221; width=&#8221;5\/6&#8243;][vc_gallery el_id=&#8221;gallery-611771&#8243; type=&#8221;carousel&#8221; medias=&#8221;82847,82853,82859,82865,82871&#8243; carousel_lg=&#8221;2&#8243; carousel_md=&#8221;2&#8243; carousel_sm=&#8221;2&#8243; thumb_size=&#8221;three-two&#8221; gutter_size=&#8221;3&#8243; carousel_interval=&#8221;3000&#8243; carousel_navspeed=&#8221;400&#8243; carousel_loop=&#8221;yes&#8221; carousel_dots=&#8221;yes&#8221; stage_padding=&#8221;40&#8243; single_overlay_opacity=&#8221;50&#8243; single_padding=&#8221;2&#8243; uncode_shortcode_id=&#8221;175914&#8243;][\/vc_column][\/vc_row][vc_row unlock_row_content=&#8221;yes&#8221; row_height_percent=&#8221;0&#8243; override_padding=&#8221;yes&#8221; h_padding=&#8221;0&#8243; top_padding=&#8221;2&#8243; bottom_padding=&#8221;4&#8243; overlay_alpha=&#8221;50&#8243; gutter_size=&#8221;3&#8243; column_width_percent=&#8221;100&#8243; shift_y=&#8221;0&#8243; z_index=&#8221;0&#8243;][vc_column width=&#8221;1\/6&#8243;][\/vc_column][vc_column column_width_percent=&#8221;100&#8243; gutter_size=&#8221;3&#8243; overlay_alpha=&#8221;50&#8243; shift_x=&#8221;0&#8243; shift_y=&#8221;0&#8243; shift_y_down=&#8221;0&#8243; z_index=&#8221;0&#8243; medium_width=&#8221;0&#8243; mobile_width=&#8221;0&#8243; css_animation=&#8221;right-t-left&#8221; animation_delay=&#8221;100&#8243; width=&#8221;5\/6&#8243;][vc_custom_heading heading_semantic=&#8221;h3&#8243; text_font=&#8221;font-116529&#8243; text_size=&#8221;h3&#8243; uncode_shortcode_id=&#8221;985003&#8243;]Video Gallery Input i Output[\/vc_custom_heading][vc_gallery el_id=&#8221;gallery-611772&#8243; type=&#8221;carousel&#8221; medias=&#8221;89332,89338,89344,89350,89356,89368,89374,89380,89386&#8243; carousel_lg=&#8221;3&#8243; carousel_md=&#8221;3&#8243; carousel_sm=&#8221;2&#8243; thumb_size=&#8221;three-two&#8221; gutter_size=&#8221;3&#8243; carousel_interval=&#8221;5000&#8243; carousel_navspeed=&#8221;400&#8243; carousel_loop=&#8221;yes&#8221; carousel_dots=&#8221;yes&#8221; stage_padding=&#8221;20&#8243; single_overlay_opacity=&#8221;50&#8243; single_padding=&#8221;2&#8243; uncode_shortcode_id=&#8221;178719&#8243;][\/vc_column][\/vc_row][vc_row][vc_column width=&#8221;1\/1&#8243;][uncode_block id=&#8221;87773&#8243;][\/vc_column][\/vc_row][vc_row][vc_column width=&#8221;1\/1&#8243;][uncode_block id=&#8221;87787&#8243;][\/vc_column][\/vc_row]<\/p>\n<\/div>","protected":false},"excerpt":{"rendered":"<p>[vc_row row_height_percent=&#8221;50&#8243; override_padding=&#8221;yes&#8221; h_padding=&#8221;2&#8243; top_padding=&#8221;4&#8243; bottom_padding=&#8221;2&#8243; back_image=&#8221;82841&#8243; parallax=&#8221;yes&#8221; overlay_color=&#8221;color-jevc&#8221; overlay_alpha=&#8221;40&#8243; gutter_size=&#8221;3&#8243; column_width_percent=&#8221;100&#8243; shift_y=&#8221;0&#8243; z_index=&#8221;0&#8243; enable_bottom_divider=&#8221;custom&#8221; bottom_divider=&#8221;tilt&#8221; shape_bottom_custom=&#8221;79412&#8243; shape_bottom_h_use_pixel=&#8221;true&#8221; shape_bottom_height_percent=&#8221;100&#8243; shape_bottom_color=&#8221;color-xsdn&#8221; [&hellip;]<\/p>\n","protected":false},"author":1,"featured_media":0,"parent":87576,"menu_order":50,"comment_status":"closed","ping_status":"closed","template":"","meta":{"footnotes":""},"class_list":["post-87605","page","type-page","status-publish","hentry","page_category-materiali-pl"],"yoast_head":"<!-- This site is optimized with the Yoast SEO plugin v24.5 - https:\/\/yoast.com\/wordpress\/plugins\/seo\/ -->\n<title>Z\u0142om metalowy - Panizzolo Impianti di riciclaggio per rifiuti<\/title>\n<meta name=\"robots\" content=\"index, follow, max-snippet:-1, max-image-preview:large, max-video-preview:-1\" \/>\n<link rel=\"canonical\" href=\"https:\/\/www.panizzolo.com\/pl\/materialy\/zlom-metalowy\/\" \/>\n<meta property=\"og:locale\" content=\"pl_PL\" \/>\n<meta property=\"og:type\" content=\"article\" \/>\n<meta property=\"og:title\" content=\"Z\u0142om metalowy - Panizzolo Impianti di riciclaggio per rifiuti\" \/>\n<meta property=\"og:description\" content=\"[vc_row row_height_percent=&#8221;50&#8243; override_padding=&#8221;yes&#8221; h_padding=&#8221;2&#8243; top_padding=&#8221;4&#8243; bottom_padding=&#8221;2&#8243; back_image=&#8221;82841&#8243; parallax=&#8221;yes&#8221; overlay_color=&#8221;color-jevc&#8221; overlay_alpha=&#8221;40&#8243; gutter_size=&#8221;3&#8243; column_width_percent=&#8221;100&#8243; shift_y=&#8221;0&#8243; z_index=&#8221;0&#8243; enable_bottom_divider=&#8221;custom&#8221; bottom_divider=&#8221;tilt&#8221; shape_bottom_custom=&#8221;79412&#8243; shape_bottom_h_use_pixel=&#8221;true&#8221; shape_bottom_height_percent=&#8221;100&#8243; shape_bottom_color=&#8221;color-xsdn&#8221; [&hellip;]\" \/>\n<meta property=\"og:url\" content=\"https:\/\/www.panizzolo.com\/pl\/materialy\/zlom-metalowy\/\" \/>\n<meta property=\"og:site_name\" content=\"Panizzolo Impianti di riciclaggio per rifiuti\" \/>\n<meta property=\"article:publisher\" content=\"https:\/\/www.facebook.com\/PanizzoloRecycling\" \/>\n<meta property=\"article:modified_time\" content=\"2021-10-19T07:55:22+00:00\" \/>\n<meta name=\"twitter:card\" content=\"summary_large_image\" \/>\n<meta name=\"twitter:site\" content=\"@PanizzoloRS\" \/>\n<meta name=\"twitter:label1\" content=\"Est. reading time\" \/>\n\t<meta name=\"twitter:data1\" content=\"3 minutes\" \/>\n<script type=\"application\/ld+json\" class=\"yoast-schema-graph\">{\"@context\":\"https:\/\/schema.org\",\"@graph\":[{\"@type\":\"WebPage\",\"@id\":\"https:\/\/www.panizzolo.com\/pl\/materialy\/zlom-metalowy\/\",\"url\":\"https:\/\/www.panizzolo.com\/pl\/materialy\/zlom-metalowy\/\",\"name\":\"Z\u0142om metalowy - Panizzolo Impianti di riciclaggio per rifiuti\",\"isPartOf\":{\"@id\":\"https:\/\/www.panizzolo.com\/pl\/#website\"},\"datePublished\":\"2021-05-13T14:30:39+00:00\",\"dateModified\":\"2021-10-19T07:55:22+00:00\",\"breadcrumb\":{\"@id\":\"https:\/\/www.panizzolo.com\/pl\/materialy\/zlom-metalowy\/#breadcrumb\"},\"inLanguage\":\"pl-PL\",\"potentialAction\":[{\"@type\":\"ReadAction\",\"target\":[\"https:\/\/www.panizzolo.com\/pl\/materialy\/zlom-metalowy\/\"]}]},{\"@type\":\"BreadcrumbList\",\"@id\":\"https:\/\/www.panizzolo.com\/pl\/materialy\/zlom-metalowy\/#breadcrumb\",\"itemListElement\":[{\"@type\":\"ListItem\",\"position\":1,\"name\":\"Materia\u0142y\",\"item\":\"https:\/\/www.panizzolo.com\/pl\/materialy\/\"},{\"@type\":\"ListItem\",\"position\":2,\"name\":\"Z\u0142om metalowy\"}]},{\"@type\":\"WebSite\",\"@id\":\"https:\/\/www.panizzolo.com\/pl\/#website\",\"url\":\"https:\/\/www.panizzolo.com\/pl\/\",\"name\":\"Panizzolo Impianti di riciclaggio per rifiuti\",\"description\":\"Panizzolo Impianti di riciclaggio per rifiuti\",\"potentialAction\":[{\"@type\":\"SearchAction\",\"target\":{\"@type\":\"EntryPoint\",\"urlTemplate\":\"https:\/\/www.panizzolo.com\/pl\/?s={search_term_string}\"},\"query-input\":{\"@type\":\"PropertyValueSpecification\",\"valueRequired\":true,\"valueName\":\"search_term_string\"}}],\"inLanguage\":\"pl-PL\"}]}<\/script>\n<!-- \/ Yoast SEO plugin. -->","yoast_head_json":{"title":"Z\u0142om metalowy - Panizzolo Impianti di riciclaggio per rifiuti","robots":{"index":"index","follow":"follow","max-snippet":"max-snippet:-1","max-image-preview":"max-image-preview:large","max-video-preview":"max-video-preview:-1"},"canonical":"https:\/\/www.panizzolo.com\/pl\/materialy\/zlom-metalowy\/","og_locale":"pl_PL","og_type":"article","og_title":"Z\u0142om metalowy - Panizzolo Impianti di riciclaggio per rifiuti","og_description":"[vc_row row_height_percent=&#8221;50&#8243; override_padding=&#8221;yes&#8221; h_padding=&#8221;2&#8243; top_padding=&#8221;4&#8243; bottom_padding=&#8221;2&#8243; back_image=&#8221;82841&#8243; parallax=&#8221;yes&#8221; overlay_color=&#8221;color-jevc&#8221; overlay_alpha=&#8221;40&#8243; gutter_size=&#8221;3&#8243; column_width_percent=&#8221;100&#8243; shift_y=&#8221;0&#8243; z_index=&#8221;0&#8243; enable_bottom_divider=&#8221;custom&#8221; bottom_divider=&#8221;tilt&#8221; shape_bottom_custom=&#8221;79412&#8243; shape_bottom_h_use_pixel=&#8221;true&#8221; shape_bottom_height_percent=&#8221;100&#8243; shape_bottom_color=&#8221;color-xsdn&#8221; [&hellip;]","og_url":"https:\/\/www.panizzolo.com\/pl\/materialy\/zlom-metalowy\/","og_site_name":"Panizzolo Impianti di riciclaggio per rifiuti","article_publisher":"https:\/\/www.facebook.com\/PanizzoloRecycling","article_modified_time":"2021-10-19T07:55:22+00:00","twitter_card":"summary_large_image","twitter_site":"@PanizzoloRS","twitter_misc":{"Est. reading time":"3 minutes"},"schema":{"@context":"https:\/\/schema.org","@graph":[{"@type":"WebPage","@id":"https:\/\/www.panizzolo.com\/pl\/materialy\/zlom-metalowy\/","url":"https:\/\/www.panizzolo.com\/pl\/materialy\/zlom-metalowy\/","name":"Z\u0142om metalowy - Panizzolo Impianti di riciclaggio per rifiuti","isPartOf":{"@id":"https:\/\/www.panizzolo.com\/pl\/#website"},"datePublished":"2021-05-13T14:30:39+00:00","dateModified":"2021-10-19T07:55:22+00:00","breadcrumb":{"@id":"https:\/\/www.panizzolo.com\/pl\/materialy\/zlom-metalowy\/#breadcrumb"},"inLanguage":"pl-PL","potentialAction":[{"@type":"ReadAction","target":["https:\/\/www.panizzolo.com\/pl\/materialy\/zlom-metalowy\/"]}]},{"@type":"BreadcrumbList","@id":"https:\/\/www.panizzolo.com\/pl\/materialy\/zlom-metalowy\/#breadcrumb","itemListElement":[{"@type":"ListItem","position":1,"name":"Materia\u0142y","item":"https:\/\/www.panizzolo.com\/pl\/materialy\/"},{"@type":"ListItem","position":2,"name":"Z\u0142om metalowy"}]},{"@type":"WebSite","@id":"https:\/\/www.panizzolo.com\/pl\/#website","url":"https:\/\/www.panizzolo.com\/pl\/","name":"Panizzolo Impianti di riciclaggio per rifiuti","description":"Panizzolo Impianti di riciclaggio per rifiuti","potentialAction":[{"@type":"SearchAction","target":{"@type":"EntryPoint","urlTemplate":"https:\/\/www.panizzolo.com\/pl\/?s={search_term_string}"},"query-input":{"@type":"PropertyValueSpecification","valueRequired":true,"valueName":"search_term_string"}}],"inLanguage":"pl-PL"}]}},"_links":{"self":[{"href":"https:\/\/www.panizzolo.com\/pl\/wp-json\/wp\/v2\/pages\/87605","targetHints":{"allow":["GET"]}}],"collection":[{"href":"https:\/\/www.panizzolo.com\/pl\/wp-json\/wp\/v2\/pages"}],"about":[{"href":"https:\/\/www.panizzolo.com\/pl\/wp-json\/wp\/v2\/types\/page"}],"author":[{"embeddable":true,"href":"https:\/\/www.panizzolo.com\/pl\/wp-json\/wp\/v2\/users\/1"}],"replies":[{"embeddable":true,"href":"https:\/\/www.panizzolo.com\/pl\/wp-json\/wp\/v2\/comments?post=87605"}],"version-history":[{"count":6,"href":"https:\/\/www.panizzolo.com\/pl\/wp-json\/wp\/v2\/pages\/87605\/revisions"}],"predecessor-version":[{"id":90203,"href":"https:\/\/www.panizzolo.com\/pl\/wp-json\/wp\/v2\/pages\/87605\/revisions\/90203"}],"up":[{"embeddable":true,"href":"https:\/\/www.panizzolo.com\/pl\/wp-json\/wp\/v2\/pages\/87576"}],"wp:attachment":[{"href":"https:\/\/www.panizzolo.com\/pl\/wp-json\/wp\/v2\/media?parent=87605"}],"curies":[{"name":"wp","href":"https:\/\/api.w.org\/{rel}","templated":true}]}}