{"id":87576,"date":"2021-05-13T16:23:55","date_gmt":"2021-05-13T14:23:55","guid":{"rendered":"https:\/\/www.panizzolo.com\/materiali\/"},"modified":"2021-12-22T16:20:08","modified_gmt":"2021-12-22T15:20:08","slug":"materialy","status":"publish","type":"page","link":"https:\/\/www.panizzolo.com\/pl\/materialy\/","title":{"rendered":"Materia\u0142y"},"content":{"rendered":"<div class=\"wpb-content-wrapper\"><p>[vc_row row_height_percent=&#8221;0&#8243; override_padding=&#8221;yes&#8221; h_padding=&#8221;2&#8243; top_padding=&#8221;4&#8243; bottom_padding=&#8221;3&#8243; back_image=&#8221;65455&#8243; back_repeat=&#8221;no-repeat&#8221; back_attachment=&#8221;inherit&#8221; back_position=&#8221;left top&#8221; overlay_alpha=&#8221;50&#8243; gutter_size=&#8221;3&#8243; column_width_percent=&#8221;100&#8243; shift_y=&#8221;0&#8243; z_index=&#8221;0&#8243; back_size=&#8221;35%&#8221;][vc_column column_width_percent=&#8221;100&#8243; position_horizontal=&#8221;right&#8221; gutter_size=&#8221;4&#8243; overlay_alpha=&#8221;50&#8243; shift_x=&#8221;0&#8243; shift_y=&#8221;0&#8243; shift_y_down=&#8221;0&#8243; z_index=&#8221;0&#8243; medium_width=&#8221;0&#8243; mobile_width=&#8221;0&#8243; width=&#8221;1\/1&#8243; uncode_shortcode_id=&#8221;111366&#8243;][vc_row_inner row_inner_height_percent=&#8221;0&#8243; overlay_alpha=&#8221;50&#8243; gutter_size=&#8221;3&#8243; shift_y=&#8221;0&#8243; z_index=&#8221;0&#8243;][vc_column_inner column_width_percent=&#8221;100&#8243; gutter_size=&#8221;4&#8243; overlay_alpha=&#8221;50&#8243; shift_x=&#8221;0&#8243; shift_y=&#8221;0&#8243; shift_y_down=&#8221;0&#8243; z_index=&#8221;0&#8243; medium_width=&#8221;0&#8243; mobile_width=&#8221;0&#8243; css_animation=&#8221;left-t-right&#8221; width=&#8221;1\/2&#8243; uncode_shortcode_id=&#8221;324320&#8243;][vc_custom_heading uncode_shortcode_id=&#8221;251863&#8243;]Recykling metali:<br \/>\nod odpad\u00f3w do zasob\u00f3w!<\/p>\n<p>[\/vc_custom_heading][vc_custom_heading text_color=&#8221;color-358846&#8243; heading_semantic=&#8221;h3&#8243; text_font=&#8221;font-116529&#8243; text_size=&#8221;h3&#8243; el_class=&#8221;nomargin_5t&#8221; uncode_shortcode_id=&#8221;207779&#8243; text_color_type=&#8221;uncode-palette&#8221;]Specjalizujemy si\u0119 w recyklingu metali, przekszta\u0142caj\u0105c odpady metalowe w surowiec wt\u00f3rny.[\/vc_custom_heading][vc_column_text uncode_shortcode_id=&#8221;686891&#8243;]Rosn\u0105ca dba\u0142o\u015b\u0107 o \u015brodowisko i nowe europejskie przepisy dotycz\u0105ce recyklingu zapocz\u0105tkowa\u0142y post\u0119puj\u0105ce <b>przekszta\u0142canie bran\u017cy obr\u00f3bki odpad\u00f3w.<\/b> Wa\u017cnym elementem tego przekszta\u0142cania jest proces jako\u015bci, kt\u00f3rego g\u0142\u00f3wnym celem jest <b>ca\u0142kowite przetworzenie odpad\u00f3w metalowych<\/b> i <b>ponowne wprowadzenie ich na rynek jako surowca wt\u00f3rnego.<\/b><\/p>\n<p><strong>\u00a0<\/strong>[\/vc_column_text][\/vc_column_inner][vc_column_inner width=&#8221;1\/2&#8243;][\/vc_column_inner][\/vc_row_inner][\/vc_column][\/vc_row][vc_row row_height_percent=&#8221;49&#8243; override_padding=&#8221;yes&#8221; h_padding=&#8221;2&#8243; top_padding=&#8221;3&#8243; bottom_padding=&#8221;3&#8243; back_image=&#8221;69569&#8243; overlay_color=&#8221;color-jevc&#8221; overlay_alpha=&#8221;60&#8243; gutter_size=&#8221;3&#8243; column_width_percent=&#8221;100&#8243; shift_y=&#8221;0&#8243; z_index=&#8221;0&#8243;][vc_column column_width_percent=&#8221;100&#8243; position_vertical=&#8221;bottom&#8221; gutter_size=&#8221;3&#8243; override_padding=&#8221;yes&#8221; column_padding=&#8221;2&#8243; style=&#8221;dark&#8221; overlay_alpha=&#8221;21&#8243; shift_x=&#8221;0&#8243; shift_y=&#8221;0&#8243; shift_y_down=&#8221;0&#8243; z_index=&#8221;0&#8243; medium_width=&#8221;0&#8243; mobile_width=&#8221;0&#8243; css_animation=&#8221;bottom-t-top&#8221; animation_delay=&#8221;100&#8243; width=&#8221;1\/2&#8243;][vc_custom_heading text_font=&#8221;font-116529&#8243; text_weight=&#8221;400&#8243; uncode_shortcode_id=&#8221;647346&#8243;]Drugie \u017cycie dla metali![\/vc_custom_heading][vc_column_text text_color=&#8221;color-xsdn&#8221; uncode_shortcode_id=&#8221;148508&#8243; text_color_type=&#8221;uncode-palette&#8221;]Przetwarzamy ci\u0119\u017ckie odpady w zasoby dzi\u0119ki inteligentnym i konkurencyjnym instalacjom do odzyskiwania metali. Poszanowanie \u015brodowiska i rozw\u00f3j dzia\u0142alno\u015bci biznesowej klienta to nasza misja![\/vc_column_text][\/vc_column][vc_column width=&#8221;1\/2&#8243;][\/vc_column][\/vc_row][vc_row row_height_percent=&#8221;0&#8243; override_padding=&#8221;yes&#8221; h_padding=&#8221;2&#8243; top_padding=&#8221;4&#8243; bottom_padding=&#8221;4&#8243; overlay_alpha=&#8221;50&#8243; gutter_size=&#8221;4&#8243; column_width_percent=&#8221;100&#8243; shift_y=&#8221;0&#8243; z_index=&#8221;0&#8243;][vc_column column_width_percent=&#8221;100&#8243; gutter_size=&#8221;3&#8243; overlay_alpha=&#8221;50&#8243; shift_x=&#8221;0&#8243; shift_y=&#8221;0&#8243; shift_y_down=&#8221;0&#8243; z_index=&#8221;0&#8243; medium_width=&#8221;0&#8243; mobile_width=&#8221;0&#8243; css_animation=&#8221;left-t-right&#8221; width=&#8221;1\/2&#8243;][vc_column_text uncode_shortcode_id=&#8221;630934&#8243;]Nasze rozwi\u0105zania w zakresie recyklingu metali maj\u0105 na celu uzyskanie<b> wysokiej jako\u015bci produkt\u00f3w wyj\u015bciowych<\/b>. W rzeczywisto\u015bci surowiec wt\u00f3rny, kt\u00f3ry ma by\u0107 sklasyfikowany w ten spos\u00f3b &#8211; i otrzymywany przez piece, stalownie i przemys\u0142 &#8211; musi spe\u0142nia\u0107 wysokie standardy czysto\u015bci. W dzisiejszych czasach, bardziej ni\u017c w przesz\u0142o\u015bci, jako\u015b\u0107 staje si\u0119 g\u0142\u00f3wnym parametrem dost\u0119pu do wi\u0119kszo\u015bci punkt\u00f3w handlowych i zapewnienia dobrego zwrotu z inwestycji.[\/vc_column_text][\/vc_column][vc_column column_width_percent=&#8221;100&#8243; gutter_size=&#8221;3&#8243; overlay_alpha=&#8221;50&#8243; shift_x=&#8221;0&#8243; shift_y=&#8221;0&#8243; shift_y_down=&#8221;0&#8243; z_index=&#8221;0&#8243; medium_width=&#8221;0&#8243; mobile_width=&#8221;0&#8243; css_animation=&#8221;right-t-left&#8221; width=&#8221;1\/2&#8243;][vc_column_text uncode_shortcode_id=&#8221;653278&#8243;]Tam, gdzie samo rozdzielenie na cz\u0119\u015bci i zmielenie odpad\u00f3w metalowych nie wystarcza, <b>proponujemy rozwi\u0105zania w zakresie sortowania metali<\/b> pocz\u0105wszy od <b>wykorzystania pr\u0105d\u00f3w wirowych po zastosowanie czytnik\u00f3w optycznych<\/b>. Dzi\u0119ki wieloletniemu do\u015bwiadczeniu opracowali\u015bmy zautomatyzowane systemy i optymalizuj\u0105ce proces obr\u00f3bki, czyni\u0105c go bezpiecznym i skutecznym. <b>Drugie \u017cycie dla metali?<\/b> Dzi\u0119ki naszym <b>instalacjom do rafinacji i granulacji<\/b> mo\u017cliwe jest osi\u0105gni\u0119cie optymalnej czysto\u015bci produkt\u00f3w wyj\u015bciowych.[\/vc_column_text][\/vc_column][\/vc_row][vc_row][vc_column width=&#8221;1\/1&#8243;][uncode_block id=&#8221;87773&#8243;][\/vc_column][\/vc_row][vc_row unlock_row_content=&#8221;yes&#8221; row_height_percent=&#8221;0&#8243; override_padding=&#8221;yes&#8221; h_padding=&#8221;0&#8243; top_padding=&#8221;0&#8243; bottom_padding=&#8221;0&#8243; overlay_alpha=&#8221;50&#8243; equal_height=&#8221;yes&#8221; gutter_size=&#8221;3&#8243; column_width_percent=&#8221;100&#8243; shift_y=&#8221;0&#8243; z_index=&#8221;0&#8243; uncode_shortcode_id=&#8221;371645&#8243;][vc_column column_width_percent=&#8221;100&#8243; gutter_size=&#8221;3&#8243; override_padding=&#8221;yes&#8221; column_padding=&#8221;3&#8243; back_color=&#8221;color-356997&#8243; overlay_alpha=&#8221;50&#8243; shift_x=&#8221;0&#8243; shift_y=&#8221;0&#8243; shift_y_down=&#8221;0&#8243; z_index=&#8221;0&#8243; medium_width=&#8221;0&#8243; mobile_width=&#8221;0&#8243; width=&#8221;1\/2&#8243; uncode_shortcode_id=&#8221;734280&#8243; back_color_type=&#8221;uncode-palette&#8221;][vc_single_image media=&#8221;84214&#8243; media_width_percent=&#8221;100&#8243; uncode_shortcode_id=&#8221;734115&#8243;][vc_row_inner][vc_column_inner column_width_percent=&#8221;52&#8243; gutter_size=&#8221;3&#8243; override_padding=&#8221;yes&#8221; column_padding=&#8221;2&#8243; overlay_alpha=&#8221;50&#8243; shift_x=&#8221;0&#8243; shift_y=&#8221;0&#8243; shift_y_down=&#8221;0&#8243; z_index=&#8221;0&#8243; medium_width=&#8221;0&#8243; mobile_width=&#8221;0&#8243; width=&#8221;1\/1&#8243; uncode_shortcode_id=&#8221;157801&#8243;][vc_custom_heading text_color=&#8221;color-jevc&#8221; heading_semantic=&#8221;h3&#8243; text_font=&#8221;font-116529&#8243; el_class=&#8221;nomargin&#8221; uncode_shortcode_id=&#8221;394145&#8243; text_color_type=&#8221;uncode-palette&#8221;]Nasze ro\u015bliny<br \/>\nklucze w r\u0119ku[\/vc_custom_heading][vc_button button_color=&#8221;accent&#8221; border_width=&#8221;0&#8243; icon_position=&#8221;right&#8221; link=&#8221;url:https%3A%2F%2Fwww.panizzolo.com%2Fpl%2Flive-view%2F|title:Live%20View&#8221; button_color_type=&#8221;uncode-palette&#8221; uncode_shortcode_id=&#8221;957105&#8243; icon=&#8221;fa fa-arrow-right-thick&#8221;]Live View[\/vc_button][\/vc_column_inner][\/vc_row_inner][\/vc_column][vc_column column_width_percent=&#8221;100&#8243; gutter_size=&#8221;3&#8243; override_padding=&#8221;yes&#8221; column_padding=&#8221;3&#8243; overlay_alpha=&#8221;50&#8243; shift_x=&#8221;0&#8243; shift_y=&#8221;0&#8243; shift_y_down=&#8221;0&#8243; z_index=&#8221;0&#8243; medium_width=&#8221;0&#8243; mobile_width=&#8221;0&#8243; width=&#8221;1\/2&#8243;][vc_single_image media=&#8221;75287&#8243; media_width_percent=&#8221;100&#8243;][vc_row_inner][vc_column_inner column_width_percent=&#8221;63&#8243; position_horizontal=&#8221;left&#8221; gutter_size=&#8221;3&#8243; override_padding=&#8221;yes&#8221; column_padding=&#8221;3&#8243; overlay_alpha=&#8221;50&#8243; shift_x=&#8221;0&#8243; shift_y=&#8221;0&#8243; shift_y_down=&#8221;0&#8243; z_index=&#8221;0&#8243; medium_width=&#8221;0&#8243; mobile_width=&#8221;0&#8243; width=&#8221;1\/1&#8243;][vc_custom_heading text_color=&#8221;color-708329&#8243; heading_semantic=&#8221;h3&#8243; text_font=&#8221;font-116529&#8243; el_class=&#8221;nomargin&#8221; uncode_shortcode_id=&#8221;175454&#8243; text_color_type=&#8221;uncode-palette&#8221;]Maksymalna elastyczno\u015b\u0107?<br \/>\nOdkryj nasz\u0105 opatentowan\u0105<br \/>\nko\u0142ysk\u0119 wymienn\u0105[\/vc_custom_heading][vc_column_text uncode_shortcode_id=&#8221;207814&#8243;]Nasza si\u0142a tkwi w nieustannych badaniach i innowacjach, kt\u00f3re dzi\u0119ki wieloletniemu do\u015bwiadczeniu doprowadzi\u0142y do stworzenia opatentowanych, unikalnych na rynku rozwi\u0105za\u0144.[\/vc_column_text][vc_button border_width=&#8221;0&#8243; icon_position=&#8221;right&#8221; link=&#8221;url:https%3A%2F%2Fwww.panizzolo.com%2Fpl%2Fpatenty%2F|title:Patenty&#8221; uncode_shortcode_id=&#8221;405096&#8243; icon=&#8221;fa fa-arrow-right-thick&#8221;]Odkryj nasz\u0105 wymienn\u0105 ko\u0142ysk\u0119[\/vc_button][\/vc_column_inner][\/vc_row_inner][\/vc_column][\/vc_row]<\/p>\n<\/div>","protected":false},"excerpt":{"rendered":"<p>[vc_row row_height_percent=&#8221;0&#8243; override_padding=&#8221;yes&#8221; h_padding=&#8221;2&#8243; top_padding=&#8221;4&#8243; bottom_padding=&#8221;3&#8243; back_image=&#8221;65455&#8243; back_repeat=&#8221;no-repeat&#8221; back_attachment=&#8221;inherit&#8221; back_position=&#8221;left top&#8221; overlay_alpha=&#8221;50&#8243; gutter_size=&#8221;3&#8243; column_width_percent=&#8221;100&#8243; shift_y=&#8221;0&#8243; z_index=&#8221;0&#8243; back_size=&#8221;35%&#8221;][vc_column column_width_percent=&#8221;100&#8243; position_horizontal=&#8221;right&#8221; gutter_size=&#8221;4&#8243; [&hellip;]<\/p>\n","protected":false},"author":1,"featured_media":0,"parent":0,"menu_order":60,"comment_status":"closed","ping_status":"closed","template":"","meta":{"footnotes":""},"class_list":["post-87576","page","type-page","status-publish","hentry"],"yoast_head":"<!-- This site is optimized with the Yoast SEO plugin v24.5 - https:\/\/yoast.com\/wordpress\/plugins\/seo\/ -->\n<title>Materia\u0142y - Panizzolo Impianti di riciclaggio per rifiuti<\/title>\n<meta name=\"robots\" content=\"index, follow, max-snippet:-1, max-image-preview:large, max-video-preview:-1\" \/>\n<link rel=\"canonical\" href=\"https:\/\/www.panizzolo.com\/pl\/materialy\/\" \/>\n<meta property=\"og:locale\" content=\"pl_PL\" \/>\n<meta property=\"og:type\" content=\"article\" \/>\n<meta property=\"og:title\" content=\"Materia\u0142y - Panizzolo Impianti di riciclaggio per rifiuti\" \/>\n<meta property=\"og:description\" content=\"[vc_row row_height_percent=&#8221;0&#8243; override_padding=&#8221;yes&#8221; h_padding=&#8221;2&#8243; top_padding=&#8221;4&#8243; bottom_padding=&#8221;3&#8243; back_image=&#8221;65455&#8243; back_repeat=&#8221;no-repeat&#8221; back_attachment=&#8221;inherit&#8221; back_position=&#8221;left top&#8221; overlay_alpha=&#8221;50&#8243; gutter_size=&#8221;3&#8243; column_width_percent=&#8221;100&#8243; shift_y=&#8221;0&#8243; z_index=&#8221;0&#8243; back_size=&#8221;35%&#8221;][vc_column column_width_percent=&#8221;100&#8243; position_horizontal=&#8221;right&#8221; gutter_size=&#8221;4&#8243; [&hellip;]\" \/>\n<meta property=\"og:url\" content=\"https:\/\/www.panizzolo.com\/pl\/materialy\/\" \/>\n<meta property=\"og:site_name\" content=\"Panizzolo Impianti di riciclaggio per rifiuti\" \/>\n<meta property=\"article:publisher\" content=\"https:\/\/www.facebook.com\/PanizzoloRecycling\" \/>\n<meta property=\"article:modified_time\" content=\"2021-12-22T15:20:08+00:00\" \/>\n<meta name=\"twitter:card\" content=\"summary_large_image\" \/>\n<meta name=\"twitter:site\" content=\"@PanizzoloRS\" \/>\n<meta name=\"twitter:label1\" content=\"Est. reading time\" \/>\n\t<meta name=\"twitter:data1\" content=\"2 minutes\" \/>\n<script type=\"application\/ld+json\" class=\"yoast-schema-graph\">{\"@context\":\"https:\/\/schema.org\",\"@graph\":[{\"@type\":\"WebPage\",\"@id\":\"https:\/\/www.panizzolo.com\/pl\/materialy\/\",\"url\":\"https:\/\/www.panizzolo.com\/pl\/materialy\/\",\"name\":\"Materia\u0142y - Panizzolo Impianti di riciclaggio per rifiuti\",\"isPartOf\":{\"@id\":\"https:\/\/www.panizzolo.com\/pl\/#website\"},\"datePublished\":\"2021-05-13T14:23:55+00:00\",\"dateModified\":\"2021-12-22T15:20:08+00:00\",\"inLanguage\":\"pl-PL\",\"potentialAction\":[{\"@type\":\"ReadAction\",\"target\":[\"https:\/\/www.panizzolo.com\/pl\/materialy\/\"]}]},{\"@type\":\"WebSite\",\"@id\":\"https:\/\/www.panizzolo.com\/pl\/#website\",\"url\":\"https:\/\/www.panizzolo.com\/pl\/\",\"name\":\"Panizzolo Impianti di riciclaggio per rifiuti\",\"description\":\"Panizzolo Impianti di riciclaggio per rifiuti\",\"potentialAction\":[{\"@type\":\"SearchAction\",\"target\":{\"@type\":\"EntryPoint\",\"urlTemplate\":\"https:\/\/www.panizzolo.com\/pl\/?s={search_term_string}\"},\"query-input\":{\"@type\":\"PropertyValueSpecification\",\"valueRequired\":true,\"valueName\":\"search_term_string\"}}],\"inLanguage\":\"pl-PL\"}]}<\/script>\n<!-- \/ Yoast SEO plugin. -->","yoast_head_json":{"title":"Materia\u0142y - Panizzolo Impianti di riciclaggio per rifiuti","robots":{"index":"index","follow":"follow","max-snippet":"max-snippet:-1","max-image-preview":"max-image-preview:large","max-video-preview":"max-video-preview:-1"},"canonical":"https:\/\/www.panizzolo.com\/pl\/materialy\/","og_locale":"pl_PL","og_type":"article","og_title":"Materia\u0142y - Panizzolo Impianti di riciclaggio per rifiuti","og_description":"[vc_row row_height_percent=&#8221;0&#8243; override_padding=&#8221;yes&#8221; h_padding=&#8221;2&#8243; top_padding=&#8221;4&#8243; bottom_padding=&#8221;3&#8243; back_image=&#8221;65455&#8243; back_repeat=&#8221;no-repeat&#8221; back_attachment=&#8221;inherit&#8221; back_position=&#8221;left top&#8221; overlay_alpha=&#8221;50&#8243; gutter_size=&#8221;3&#8243; column_width_percent=&#8221;100&#8243; shift_y=&#8221;0&#8243; z_index=&#8221;0&#8243; back_size=&#8221;35%&#8221;][vc_column column_width_percent=&#8221;100&#8243; position_horizontal=&#8221;right&#8221; gutter_size=&#8221;4&#8243; [&hellip;]","og_url":"https:\/\/www.panizzolo.com\/pl\/materialy\/","og_site_name":"Panizzolo Impianti di riciclaggio per rifiuti","article_publisher":"https:\/\/www.facebook.com\/PanizzoloRecycling","article_modified_time":"2021-12-22T15:20:08+00:00","twitter_card":"summary_large_image","twitter_site":"@PanizzoloRS","twitter_misc":{"Est. reading time":"2 minutes"},"schema":{"@context":"https:\/\/schema.org","@graph":[{"@type":"WebPage","@id":"https:\/\/www.panizzolo.com\/pl\/materialy\/","url":"https:\/\/www.panizzolo.com\/pl\/materialy\/","name":"Materia\u0142y - Panizzolo Impianti di riciclaggio per rifiuti","isPartOf":{"@id":"https:\/\/www.panizzolo.com\/pl\/#website"},"datePublished":"2021-05-13T14:23:55+00:00","dateModified":"2021-12-22T15:20:08+00:00","inLanguage":"pl-PL","potentialAction":[{"@type":"ReadAction","target":["https:\/\/www.panizzolo.com\/pl\/materialy\/"]}]},{"@type":"WebSite","@id":"https:\/\/www.panizzolo.com\/pl\/#website","url":"https:\/\/www.panizzolo.com\/pl\/","name":"Panizzolo Impianti di riciclaggio per rifiuti","description":"Panizzolo Impianti di riciclaggio per rifiuti","potentialAction":[{"@type":"SearchAction","target":{"@type":"EntryPoint","urlTemplate":"https:\/\/www.panizzolo.com\/pl\/?s={search_term_string}"},"query-input":{"@type":"PropertyValueSpecification","valueRequired":true,"valueName":"search_term_string"}}],"inLanguage":"pl-PL"}]}},"_links":{"self":[{"href":"https:\/\/www.panizzolo.com\/pl\/wp-json\/wp\/v2\/pages\/87576","targetHints":{"allow":["GET"]}}],"collection":[{"href":"https:\/\/www.panizzolo.com\/pl\/wp-json\/wp\/v2\/pages"}],"about":[{"href":"https:\/\/www.panizzolo.com\/pl\/wp-json\/wp\/v2\/types\/page"}],"author":[{"embeddable":true,"href":"https:\/\/www.panizzolo.com\/pl\/wp-json\/wp\/v2\/users\/1"}],"replies":[{"embeddable":true,"href":"https:\/\/www.panizzolo.com\/pl\/wp-json\/wp\/v2\/comments?post=87576"}],"version-history":[{"count":5,"href":"https:\/\/www.panizzolo.com\/pl\/wp-json\/wp\/v2\/pages\/87576\/revisions"}],"predecessor-version":[{"id":91624,"href":"https:\/\/www.panizzolo.com\/pl\/wp-json\/wp\/v2\/pages\/87576\/revisions\/91624"}],"wp:attachment":[{"href":"https:\/\/www.panizzolo.com\/pl\/wp-json\/wp\/v2\/media?parent=87576"}],"curies":[{"name":"wp","href":"https:\/\/api.w.org\/{rel}","templated":true}]}}