{"id":87514,"date":"2021-09-16T10:27:06","date_gmt":"2021-09-16T08:27:06","guid":{"rendered":"https:\/\/www.panizzolo.com\/rozwiazania-dotyczace-recyklingu\/maszyny-do-recyklingu\/systemy-do-separacji\/vagli\/"},"modified":"2021-12-22T14:46:46","modified_gmt":"2021-12-22T13:46:46","slug":"przesiewacze","status":"publish","type":"page","link":"https:\/\/www.panizzolo.com\/pl\/rozwiazania-dotyczace-recyklingu\/maszyny-do-recyklingu\/systemy-do-separacji\/przesiewacze\/","title":{"rendered":"Przesiewacze"},"content":{"rendered":"<div class=\"wpb-content-wrapper\"><p>[vc_row row_height_percent=&#8221;0&#8243; override_padding=&#8221;yes&#8221; h_padding=&#8221;2&#8243; top_padding=&#8221;4&#8243; bottom_padding=&#8221;2&#8243; overlay_alpha=&#8221;50&#8243; gutter_size=&#8221;3&#8243; column_width_percent=&#8221;100&#8243; shift_y=&#8221;0&#8243; z_index=&#8221;0&#8243; uncode_shortcode_id=&#8221;182032&#8243;][vc_column column_width_percent=&#8221;70&#8243; position_horizontal=&#8221;left&#8221; gutter_size=&#8221;3&#8243; overlay_alpha=&#8221;50&#8243; shift_x=&#8221;0&#8243; shift_y=&#8221;0&#8243; shift_y_down=&#8221;0&#8243; z_index=&#8221;0&#8243; medium_width=&#8221;0&#8243; mobile_width=&#8221;0&#8243; css_animation=&#8221;left-t-right&#8221; width=&#8221;1\/1&#8243; uncode_shortcode_id=&#8221;875013&#8243;][vc_custom_heading text_color=&#8221;color-170105&#8243; heading_semantic=&#8221;h1&#8243; text_size=&#8221;h1&#8243; uncode_shortcode_id=&#8221;664611&#8243; text_color_type=&#8221;uncode-palette&#8221;]Przesiewacze[\/vc_custom_heading][\/vc_column][\/vc_row][vc_row row_height_percent=&#8221;0&#8243; override_padding=&#8221;yes&#8221; h_padding=&#8221;3&#8243; top_padding=&#8221;2&#8243; bottom_padding=&#8221;3&#8243; overlay_alpha=&#8221;50&#8243; gutter_size=&#8221;3&#8243; column_width_percent=&#8221;100&#8243; shift_y=&#8221;0&#8243; z_index=&#8221;0&#8243; uncode_shortcode_id=&#8221;140146&#8243;][vc_column column_width_percent=&#8221;100&#8243; position_vertical=&#8221;middle&#8221; gutter_size=&#8221;3&#8243; overlay_alpha=&#8221;50&#8243; shift_x=&#8221;0&#8243; shift_y=&#8221;0&#8243; shift_y_down=&#8221;0&#8243; z_index=&#8221;0&#8243; medium_width=&#8221;0&#8243; mobile_width=&#8221;0&#8243; css_animation=&#8221;left-t-right&#8221; width=&#8221;1\/2&#8243; uncode_shortcode_id=&#8221;188514&#8243;][vc_custom_heading text_color=&#8221;color-708329&#8243; text_font=&#8221;font-116529&#8243; uncode_shortcode_id=&#8221;173797&#8243; text_color_type=&#8221;uncode-palette&#8221;]Dynamic Shake[\/vc_custom_heading][vc_column_text uncode_shortcode_id=&#8221;245735&#8243;]Materia\u0142y pochodz\u0105ce z bardzo drobnego mielenia m\u0142yn\u00f3w m\u0142otkowych z serii Flex Mega, Mobile i Stationery Refine, s\u0105 obrabiane za pomoc\u0105 przesiewaczy wibracyjnych. W szczeg\u00f3lno\u015bci separatory do metali z serii Dynamic Shake nale\u017c\u0105 do instalacji przeznaczonych do separacji granulek metalowych od oboj\u0119tnych proszk\u00f3w.<\/p>\n<p>Doskona\u0142\u0105 separacj\u0119 materia\u0142u niemagnetycznego od tego magnetycznego uzyskuje si\u0119 dzi\u0119ki po\u0142\u0105czonemu zastosowaniu specjalnej platformy schodkowej i przeno\u015bnikowi ta\u015bmowemu do separacji. Ten element, podobnie jak inne zintegrowane systemy firmy Panizzolo Recycling, zosta\u0142 zaprojektowany w taki spos\u00f3b, aby zmaksymalizowa\u0107 odzysk surowc\u00f3w wt\u00f3rnych, zapewniaj\u0105c ograniczenie odpad\u00f3w ko\u0144cowych do minimum.[\/vc_column_text][\/vc_column][vc_column column_width_percent=&#8221;100&#8243; position_horizontal=&#8221;left&#8221; gutter_size=&#8221;3&#8243; overlay_alpha=&#8221;50&#8243; shift_x=&#8221;0&#8243; shift_y=&#8221;0&#8243; shift_y_down=&#8221;0&#8243; z_index=&#8221;0&#8243; medium_width=&#8221;0&#8243; mobile_width=&#8221;0&#8243; width=&#8221;1\/2&#8243; uncode_shortcode_id=&#8221;103522&#8243;][vc_single_image media=&#8221;85898&#8243; media_width_percent=&#8221;100&#8243; media_ratio=&#8221;four-three&#8221; css_animation=&#8221;alpha-anim&#8221; uncode_shortcode_id=&#8221;290055&#8243;][\/vc_column][\/vc_row][vc_row row_height_percent=&#8221;0&#8243; override_padding=&#8221;yes&#8221; h_padding=&#8221;3&#8243; top_padding=&#8221;2&#8243; bottom_padding=&#8221;3&#8243; overlay_alpha=&#8221;50&#8243; gutter_size=&#8221;3&#8243; column_width_percent=&#8221;100&#8243; shift_y=&#8221;0&#8243; z_index=&#8221;0&#8243; uncode_shortcode_id=&#8221;181577&#8243;][vc_column column_width_percent=&#8221;100&#8243; position_horizontal=&#8221;left&#8221; position_vertical=&#8221;middle&#8221; gutter_size=&#8221;3&#8243; overlay_alpha=&#8221;50&#8243; shift_x=&#8221;0&#8243; shift_y=&#8221;0&#8243; shift_y_down=&#8221;0&#8243; z_index=&#8221;0&#8243; medium_width=&#8221;0&#8243; mobile_width=&#8221;0&#8243; css_animation=&#8221;left-t-right&#8221; width=&#8221;1\/2&#8243; uncode_shortcode_id=&#8221;246213&#8243;][vc_custom_heading text_color=&#8221;color-708329&#8243; text_font=&#8221;font-116529&#8243; uncode_shortcode_id=&#8221;221245&#8243; text_color_type=&#8221;uncode-palette&#8221;]Wibracyjna powierzchnia grzebieniowa[\/vc_custom_heading][vc_column_text uncode_shortcode_id=&#8221;123841&#8243;]W komplecie z wymiennymi grzebieniami i modu\u0142em z b\u0119bnem magnetycznym. Stosowana g\u0142\u00f3wnie w cyklu obr\u00f3bki silnik\u00f3w elektrycznych, umo\u017cliwia pierwotn\u0105 separacj\u0119 wed\u0142ug wymiaru.[\/vc_column_text][\/vc_column][vc_column column_width_percent=&#8221;100&#8243; gutter_size=&#8221;3&#8243; overlay_alpha=&#8221;50&#8243; shift_x=&#8221;0&#8243; shift_y=&#8221;0&#8243; shift_y_down=&#8221;0&#8243; z_index=&#8221;0&#8243; medium_width=&#8221;0&#8243; mobile_width=&#8221;0&#8243; width=&#8221;1\/2&#8243; uncode_shortcode_id=&#8221;168116&#8243;][vc_single_image media=&#8221;85904&#8243; media_width_percent=&#8221;100&#8243; media_ratio=&#8221;four-three&#8221; css_animation=&#8221;alpha-anim&#8221; uncode_shortcode_id=&#8221;109060&#8243;][\/vc_column][\/vc_row][vc_row row_height_percent=&#8221;0&#8243; override_padding=&#8221;yes&#8221; h_padding=&#8221;3&#8243; top_padding=&#8221;2&#8243; bottom_padding=&#8221;2&#8243; overlay_alpha=&#8221;50&#8243; gutter_size=&#8221;3&#8243; column_width_percent=&#8221;100&#8243; shift_y=&#8221;0&#8243; z_index=&#8221;0&#8243; uncode_shortcode_id=&#8221;407561&#8243;][vc_column column_width_percent=&#8221;100&#8243; position_vertical=&#8221;middle&#8221; gutter_size=&#8221;3&#8243; overlay_alpha=&#8221;50&#8243; shift_x=&#8221;0&#8243; shift_y=&#8221;0&#8243; shift_y_down=&#8221;0&#8243; z_index=&#8221;0&#8243; medium_width=&#8221;0&#8243; mobile_width=&#8221;0&#8243; css_animation=&#8221;left-t-right&#8221; width=&#8221;1\/2&#8243; uncode_shortcode_id=&#8221;104984&#8243;][vc_custom_heading text_color=&#8221;color-708329&#8243; text_font=&#8221;font-116529&#8243; uncode_shortcode_id=&#8221;404474&#8243; text_color_type=&#8221;uncode-palette&#8221;]Przesiewacz obrotowy[\/vc_custom_heading][vc_column_text uncode_shortcode_id=&#8221;957977&#8243;]Dost\u0119pny w r\u00f3\u017cnych rozmiarach i modelach w zale\u017cno\u015bci od cyklu obr\u00f3bki, w kt\u00f3rym jest u\u017cywany. Wewn\u0105trz przesiewacza znajduje si\u0119 wymienna perforowana siatka kalandrowana. Po\u0142\u0105czenie ruchu obrotowego i przechylenia pozwala na rozdzielenie materia\u0142u na dwa rozmiary: pod przesiewaczem i nad przesiewaczem. Dostarczany w celu uko\u0144czenia cykli obr\u00f3bki firmy Panizzolo, s\u0105 dost\u0119pne w r\u00f3\u017cnych modelach i wymiarach.[\/vc_column_text][\/vc_column][vc_column column_width_percent=&#8221;100&#8243; position_horizontal=&#8221;left&#8221; gutter_size=&#8221;3&#8243; overlay_alpha=&#8221;50&#8243; shift_x=&#8221;0&#8243; shift_y=&#8221;0&#8243; shift_y_down=&#8221;0&#8243; z_index=&#8221;0&#8243; medium_width=&#8221;0&#8243; mobile_width=&#8221;0&#8243; width=&#8221;1\/2&#8243; uncode_shortcode_id=&#8221;448299&#8243;][vc_single_image media=&#8221;85910&#8243; media_width_percent=&#8221;100&#8243; media_ratio=&#8221;four-three&#8221; css_animation=&#8221;alpha-anim&#8221; uncode_shortcode_id=&#8221;635470&#8243;][\/vc_column][\/vc_row][vc_row row_height_percent=&#8221;0&#8243; override_padding=&#8221;yes&#8221; h_padding=&#8221;2&#8243; top_padding=&#8221;2&#8243; bottom_padding=&#8221;4&#8243; overlay_alpha=&#8221;50&#8243; gutter_size=&#8221;3&#8243; column_width_percent=&#8221;100&#8243; shift_y=&#8221;0&#8243; z_index=&#8221;0&#8243; uncode_shortcode_id=&#8221;966671&#8243;][vc_column column_width_percent=&#8221;85&#8243; gutter_size=&#8221;3&#8243; overlay_alpha=&#8221;50&#8243; shift_x=&#8221;0&#8243; shift_y=&#8221;0&#8243; shift_y_down=&#8221;0&#8243; z_index=&#8221;0&#8243; medium_width=&#8221;0&#8243; mobile_width=&#8221;0&#8243; width=&#8221;1\/3&#8243; uncode_shortcode_id=&#8221;893621&#8243;][vc_button border_width=&#8221;0&#8243; icon=&#8221;fa fa-arrow-left-thick&#8221; uncode_shortcode_id=&#8221;287370&#8243; link=&#8221;url:https%3A%2F%2Fwww.panizzolo.com%2Fpl%2Frozwiazania-dotyczace-recyklingu%2Fmaszyny-do-recyklingu%2Fsystemy-do-separacji%2F|title:Systemy%20do%20separacji&#8221;]Powr\u00f3t do systemy do separacji[\/vc_button][\/vc_column][vc_column width=&#8221;1\/3&#8243;][\/vc_column][vc_column width=&#8221;1\/3&#8243;][\/vc_column][\/vc_row][vc_row][vc_column width=&#8221;1\/1&#8243;][uncode_block id=&#8221;87773&#8243;][\/vc_column][\/vc_row][vc_row][vc_column width=&#8221;1\/1&#8243;][uncode_block id=&#8221;87787&#8243;][\/vc_column][\/vc_row]<\/p>\n<\/div>","protected":false},"excerpt":{"rendered":"<p>[vc_row row_height_percent=&#8221;0&#8243; override_padding=&#8221;yes&#8221; h_padding=&#8221;2&#8243; top_padding=&#8221;4&#8243; bottom_padding=&#8221;2&#8243; overlay_alpha=&#8221;50&#8243; gutter_size=&#8221;3&#8243; column_width_percent=&#8221;100&#8243; shift_y=&#8221;0&#8243; z_index=&#8221;0&#8243; uncode_shortcode_id=&#8221;182032&#8243;][vc_column column_width_percent=&#8221;70&#8243; position_horizontal=&#8221;left&#8221; gutter_size=&#8221;3&#8243; overlay_alpha=&#8221;50&#8243; shift_x=&#8221;0&#8243; shift_y=&#8221;0&#8243; shift_y_down=&#8221;0&#8243; z_index=&#8221;0&#8243; [&hellip;]<\/p>\n","protected":false},"author":1,"featured_media":86536,"parent":70723,"menu_order":5,"comment_status":"closed","ping_status":"closed","template":"","meta":{"footnotes":""},"class_list":["post-87514","page","type-page","status-publish","has-post-thumbnail","hentry","page_category-sistemi-di-separazione-pl"],"yoast_head":"<!-- This site is optimized with the Yoast SEO plugin v24.5 - https:\/\/yoast.com\/wordpress\/plugins\/seo\/ -->\n<title>Przesiewacze - Panizzolo Impianti di riciclaggio per rifiuti<\/title>\n<meta name=\"robots\" content=\"index, follow, max-snippet:-1, max-image-preview:large, max-video-preview:-1\" \/>\n<link rel=\"canonical\" href=\"https:\/\/www.panizzolo.com\/pl\/rozwiazania-dotyczace-recyklingu\/maszyny-do-recyklingu\/systemy-do-separacji\/przesiewacze\/\" \/>\n<meta property=\"og:locale\" content=\"pl_PL\" \/>\n<meta property=\"og:type\" content=\"article\" \/>\n<meta property=\"og:title\" content=\"Przesiewacze - Panizzolo Impianti di riciclaggio per rifiuti\" \/>\n<meta property=\"og:description\" content=\"[vc_row row_height_percent=&#8221;0&#8243; override_padding=&#8221;yes&#8221; h_padding=&#8221;2&#8243; top_padding=&#8221;4&#8243; bottom_padding=&#8221;2&#8243; overlay_alpha=&#8221;50&#8243; gutter_size=&#8221;3&#8243; column_width_percent=&#8221;100&#8243; shift_y=&#8221;0&#8243; z_index=&#8221;0&#8243; uncode_shortcode_id=&#8221;182032&#8243;][vc_column column_width_percent=&#8221;70&#8243; position_horizontal=&#8221;left&#8221; gutter_size=&#8221;3&#8243; overlay_alpha=&#8221;50&#8243; shift_x=&#8221;0&#8243; shift_y=&#8221;0&#8243; shift_y_down=&#8221;0&#8243; z_index=&#8221;0&#8243; [&hellip;]\" \/>\n<meta property=\"og:url\" content=\"https:\/\/www.panizzolo.com\/pl\/rozwiazania-dotyczace-recyklingu\/maszyny-do-recyklingu\/systemy-do-separacji\/przesiewacze\/\" \/>\n<meta property=\"og:site_name\" content=\"Panizzolo Impianti di riciclaggio per rifiuti\" \/>\n<meta property=\"article:publisher\" content=\"https:\/\/www.facebook.com\/PanizzoloRecycling\" \/>\n<meta property=\"article:modified_time\" content=\"2021-12-22T13:46:46+00:00\" \/>\n<meta property=\"og:image\" content=\"https:\/\/www.panizzolo.com\/wp-content\/uploads\/2021\/10\/Vagli-Panizzolo.png\" \/>\n\t<meta property=\"og:image:width\" content=\"1230\" \/>\n\t<meta property=\"og:image:height\" content=\"1162\" \/>\n\t<meta property=\"og:image:type\" content=\"image\/png\" \/>\n<meta name=\"twitter:card\" content=\"summary_large_image\" \/>\n<meta name=\"twitter:site\" content=\"@PanizzoloRS\" \/>\n<meta name=\"twitter:label1\" content=\"Est. reading time\" \/>\n\t<meta name=\"twitter:data1\" content=\"2 minutes\" \/>\n<script type=\"application\/ld+json\" class=\"yoast-schema-graph\">{\"@context\":\"https:\/\/schema.org\",\"@graph\":[{\"@type\":\"WebPage\",\"@id\":\"https:\/\/www.panizzolo.com\/pl\/rozwiazania-dotyczace-recyklingu\/maszyny-do-recyklingu\/systemy-do-separacji\/przesiewacze\/\",\"url\":\"https:\/\/www.panizzolo.com\/pl\/rozwiazania-dotyczace-recyklingu\/maszyny-do-recyklingu\/systemy-do-separacji\/przesiewacze\/\",\"name\":\"Przesiewacze - Panizzolo Impianti di riciclaggio per rifiuti\",\"isPartOf\":{\"@id\":\"https:\/\/www.panizzolo.com\/pl\/#website\"},\"primaryImageOfPage\":{\"@id\":\"https:\/\/www.panizzolo.com\/pl\/rozwiazania-dotyczace-recyklingu\/maszyny-do-recyklingu\/systemy-do-separacji\/przesiewacze\/#primaryimage\"},\"image\":{\"@id\":\"https:\/\/www.panizzolo.com\/pl\/rozwiazania-dotyczace-recyklingu\/maszyny-do-recyklingu\/systemy-do-separacji\/przesiewacze\/#primaryimage\"},\"thumbnailUrl\":\"https:\/\/www.panizzolo.com\/wp-content\/uploads\/2021\/10\/Vagli-Panizzolo.png\",\"datePublished\":\"2021-09-16T08:27:06+00:00\",\"dateModified\":\"2021-12-22T13:46:46+00:00\",\"breadcrumb\":{\"@id\":\"https:\/\/www.panizzolo.com\/pl\/rozwiazania-dotyczace-recyklingu\/maszyny-do-recyklingu\/systemy-do-separacji\/przesiewacze\/#breadcrumb\"},\"inLanguage\":\"pl-PL\",\"potentialAction\":[{\"@type\":\"ReadAction\",\"target\":[\"https:\/\/www.panizzolo.com\/pl\/rozwiazania-dotyczace-recyklingu\/maszyny-do-recyklingu\/systemy-do-separacji\/przesiewacze\/\"]}]},{\"@type\":\"ImageObject\",\"inLanguage\":\"pl-PL\",\"@id\":\"https:\/\/www.panizzolo.com\/pl\/rozwiazania-dotyczace-recyklingu\/maszyny-do-recyklingu\/systemy-do-separacji\/przesiewacze\/#primaryimage\",\"url\":\"https:\/\/www.panizzolo.com\/wp-content\/uploads\/2021\/10\/Vagli-Panizzolo.png\",\"contentUrl\":\"https:\/\/www.panizzolo.com\/wp-content\/uploads\/2021\/10\/Vagli-Panizzolo.png\",\"width\":1230,\"height\":1162},{\"@type\":\"BreadcrumbList\",\"@id\":\"https:\/\/www.panizzolo.com\/pl\/rozwiazania-dotyczace-recyklingu\/maszyny-do-recyklingu\/systemy-do-separacji\/przesiewacze\/#breadcrumb\",\"itemListElement\":[{\"@type\":\"ListItem\",\"position\":1,\"name\":\"Rozwi\u0105zania dotycz\u0105ce recyklingu\",\"item\":\"https:\/\/www.panizzolo.com\/pl\/rozwiazania-dotyczace-recyklingu\/\"},{\"@type\":\"ListItem\",\"position\":2,\"name\":\"Maszyny do recyklingu\",\"item\":\"https:\/\/www.panizzolo.com\/pl\/rozwiazania-dotyczace-recyklingu\/maszyny-do-recyklingu\/\"},{\"@type\":\"ListItem\",\"position\":3,\"name\":\"Systemy do separacji\",\"item\":\"https:\/\/www.panizzolo.com\/pl\/rozwiazania-dotyczace-recyklingu\/maszyny-do-recyklingu\/systemy-do-separacji\/\"},{\"@type\":\"ListItem\",\"position\":4,\"name\":\"Przesiewacze\"}]},{\"@type\":\"WebSite\",\"@id\":\"https:\/\/www.panizzolo.com\/pl\/#website\",\"url\":\"https:\/\/www.panizzolo.com\/pl\/\",\"name\":\"Panizzolo Impianti di riciclaggio per rifiuti\",\"description\":\"Panizzolo Impianti di riciclaggio per rifiuti\",\"potentialAction\":[{\"@type\":\"SearchAction\",\"target\":{\"@type\":\"EntryPoint\",\"urlTemplate\":\"https:\/\/www.panizzolo.com\/pl\/?s={search_term_string}\"},\"query-input\":{\"@type\":\"PropertyValueSpecification\",\"valueRequired\":true,\"valueName\":\"search_term_string\"}}],\"inLanguage\":\"pl-PL\"}]}<\/script>\n<!-- \/ Yoast SEO plugin. -->","yoast_head_json":{"title":"Przesiewacze - Panizzolo Impianti di riciclaggio per rifiuti","robots":{"index":"index","follow":"follow","max-snippet":"max-snippet:-1","max-image-preview":"max-image-preview:large","max-video-preview":"max-video-preview:-1"},"canonical":"https:\/\/www.panizzolo.com\/pl\/rozwiazania-dotyczace-recyklingu\/maszyny-do-recyklingu\/systemy-do-separacji\/przesiewacze\/","og_locale":"pl_PL","og_type":"article","og_title":"Przesiewacze - Panizzolo Impianti di riciclaggio per rifiuti","og_description":"[vc_row row_height_percent=&#8221;0&#8243; override_padding=&#8221;yes&#8221; h_padding=&#8221;2&#8243; top_padding=&#8221;4&#8243; bottom_padding=&#8221;2&#8243; overlay_alpha=&#8221;50&#8243; gutter_size=&#8221;3&#8243; column_width_percent=&#8221;100&#8243; shift_y=&#8221;0&#8243; z_index=&#8221;0&#8243; uncode_shortcode_id=&#8221;182032&#8243;][vc_column column_width_percent=&#8221;70&#8243; position_horizontal=&#8221;left&#8221; gutter_size=&#8221;3&#8243; overlay_alpha=&#8221;50&#8243; shift_x=&#8221;0&#8243; shift_y=&#8221;0&#8243; shift_y_down=&#8221;0&#8243; z_index=&#8221;0&#8243; [&hellip;]","og_url":"https:\/\/www.panizzolo.com\/pl\/rozwiazania-dotyczace-recyklingu\/maszyny-do-recyklingu\/systemy-do-separacji\/przesiewacze\/","og_site_name":"Panizzolo Impianti di riciclaggio per rifiuti","article_publisher":"https:\/\/www.facebook.com\/PanizzoloRecycling","article_modified_time":"2021-12-22T13:46:46+00:00","og_image":[{"width":1230,"height":1162,"url":"https:\/\/www.panizzolo.com\/wp-content\/uploads\/2021\/10\/Vagli-Panizzolo.png","type":"image\/png"}],"twitter_card":"summary_large_image","twitter_site":"@PanizzoloRS","twitter_misc":{"Est. reading time":"2 minutes"},"schema":{"@context":"https:\/\/schema.org","@graph":[{"@type":"WebPage","@id":"https:\/\/www.panizzolo.com\/pl\/rozwiazania-dotyczace-recyklingu\/maszyny-do-recyklingu\/systemy-do-separacji\/przesiewacze\/","url":"https:\/\/www.panizzolo.com\/pl\/rozwiazania-dotyczace-recyklingu\/maszyny-do-recyklingu\/systemy-do-separacji\/przesiewacze\/","name":"Przesiewacze - Panizzolo Impianti di riciclaggio per rifiuti","isPartOf":{"@id":"https:\/\/www.panizzolo.com\/pl\/#website"},"primaryImageOfPage":{"@id":"https:\/\/www.panizzolo.com\/pl\/rozwiazania-dotyczace-recyklingu\/maszyny-do-recyklingu\/systemy-do-separacji\/przesiewacze\/#primaryimage"},"image":{"@id":"https:\/\/www.panizzolo.com\/pl\/rozwiazania-dotyczace-recyklingu\/maszyny-do-recyklingu\/systemy-do-separacji\/przesiewacze\/#primaryimage"},"thumbnailUrl":"https:\/\/www.panizzolo.com\/wp-content\/uploads\/2021\/10\/Vagli-Panizzolo.png","datePublished":"2021-09-16T08:27:06+00:00","dateModified":"2021-12-22T13:46:46+00:00","breadcrumb":{"@id":"https:\/\/www.panizzolo.com\/pl\/rozwiazania-dotyczace-recyklingu\/maszyny-do-recyklingu\/systemy-do-separacji\/przesiewacze\/#breadcrumb"},"inLanguage":"pl-PL","potentialAction":[{"@type":"ReadAction","target":["https:\/\/www.panizzolo.com\/pl\/rozwiazania-dotyczace-recyklingu\/maszyny-do-recyklingu\/systemy-do-separacji\/przesiewacze\/"]}]},{"@type":"ImageObject","inLanguage":"pl-PL","@id":"https:\/\/www.panizzolo.com\/pl\/rozwiazania-dotyczace-recyklingu\/maszyny-do-recyklingu\/systemy-do-separacji\/przesiewacze\/#primaryimage","url":"https:\/\/www.panizzolo.com\/wp-content\/uploads\/2021\/10\/Vagli-Panizzolo.png","contentUrl":"https:\/\/www.panizzolo.com\/wp-content\/uploads\/2021\/10\/Vagli-Panizzolo.png","width":1230,"height":1162},{"@type":"BreadcrumbList","@id":"https:\/\/www.panizzolo.com\/pl\/rozwiazania-dotyczace-recyklingu\/maszyny-do-recyklingu\/systemy-do-separacji\/przesiewacze\/#breadcrumb","itemListElement":[{"@type":"ListItem","position":1,"name":"Rozwi\u0105zania dotycz\u0105ce recyklingu","item":"https:\/\/www.panizzolo.com\/pl\/rozwiazania-dotyczace-recyklingu\/"},{"@type":"ListItem","position":2,"name":"Maszyny do recyklingu","item":"https:\/\/www.panizzolo.com\/pl\/rozwiazania-dotyczace-recyklingu\/maszyny-do-recyklingu\/"},{"@type":"ListItem","position":3,"name":"Systemy do separacji","item":"https:\/\/www.panizzolo.com\/pl\/rozwiazania-dotyczace-recyklingu\/maszyny-do-recyklingu\/systemy-do-separacji\/"},{"@type":"ListItem","position":4,"name":"Przesiewacze"}]},{"@type":"WebSite","@id":"https:\/\/www.panizzolo.com\/pl\/#website","url":"https:\/\/www.panizzolo.com\/pl\/","name":"Panizzolo Impianti di riciclaggio per rifiuti","description":"Panizzolo Impianti di riciclaggio per rifiuti","potentialAction":[{"@type":"SearchAction","target":{"@type":"EntryPoint","urlTemplate":"https:\/\/www.panizzolo.com\/pl\/?s={search_term_string}"},"query-input":{"@type":"PropertyValueSpecification","valueRequired":true,"valueName":"search_term_string"}}],"inLanguage":"pl-PL"}]}},"_links":{"self":[{"href":"https:\/\/www.panizzolo.com\/pl\/wp-json\/wp\/v2\/pages\/87514","targetHints":{"allow":["GET"]}}],"collection":[{"href":"https:\/\/www.panizzolo.com\/pl\/wp-json\/wp\/v2\/pages"}],"about":[{"href":"https:\/\/www.panizzolo.com\/pl\/wp-json\/wp\/v2\/types\/page"}],"author":[{"embeddable":true,"href":"https:\/\/www.panizzolo.com\/pl\/wp-json\/wp\/v2\/users\/1"}],"replies":[{"embeddable":true,"href":"https:\/\/www.panizzolo.com\/pl\/wp-json\/wp\/v2\/comments?post=87514"}],"version-history":[{"count":4,"href":"https:\/\/www.panizzolo.com\/pl\/wp-json\/wp\/v2\/pages\/87514\/revisions"}],"predecessor-version":[{"id":91609,"href":"https:\/\/www.panizzolo.com\/pl\/wp-json\/wp\/v2\/pages\/87514\/revisions\/91609"}],"up":[{"embeddable":true,"href":"https:\/\/www.panizzolo.com\/pl\/wp-json\/wp\/v2\/pages\/70723"}],"wp:featuredmedia":[{"embeddable":true,"href":"https:\/\/www.panizzolo.com\/pl\/wp-json\/wp\/v2\/media\/86536"}],"wp:attachment":[{"href":"https:\/\/www.panizzolo.com\/pl\/wp-json\/wp\/v2\/media?parent=87514"}],"curies":[{"name":"wp","href":"https:\/\/api.w.org\/{rel}","templated":true}]}}