{"id":87509,"date":"2021-09-16T10:26:37","date_gmt":"2021-09-16T08:26:37","guid":{"rendered":"https:\/\/www.panizzolo.com\/rozwiazania-dotyczace-recyklingu\/maszyny-do-recyklingu\/systemy-do-separacji\/eddy-current\/"},"modified":"2021-12-22T14:16:05","modified_gmt":"2021-12-22T13:16:05","slug":"eddy-current","status":"publish","type":"page","link":"https:\/\/www.panizzolo.com\/pl\/rozwiazania-dotyczace-recyklingu\/maszyny-do-recyklingu\/systemy-do-separacji\/eddy-current\/","title":{"rendered":"Eddy current"},"content":{"rendered":"<div class=\"wpb-content-wrapper\"><p>[vc_row row_height_percent=&#8221;0&#8243; override_padding=&#8221;yes&#8221; h_padding=&#8221;2&#8243; top_padding=&#8221;4&#8243; bottom_padding=&#8221;3&#8243; overlay_alpha=&#8221;50&#8243; gutter_size=&#8221;3&#8243; column_width_percent=&#8221;100&#8243; shift_y=&#8221;0&#8243; z_index=&#8221;0&#8243; uncode_shortcode_id=&#8221;205200&#8243;][vc_column column_width_percent=&#8221;100&#8243; position_horizontal=&#8221;left&#8221; gutter_size=&#8221;3&#8243; overlay_alpha=&#8221;50&#8243; shift_x=&#8221;0&#8243; shift_y=&#8221;0&#8243; shift_y_down=&#8221;0&#8243; z_index=&#8221;0&#8243; medium_width=&#8221;0&#8243; mobile_width=&#8221;0&#8243; css_animation=&#8221;left-t-right&#8221; width=&#8221;1\/2&#8243; uncode_shortcode_id=&#8221;596876&#8243;][vc_custom_heading text_color=&#8221;color-170105&#8243; heading_semantic=&#8221;h1&#8243; text_size=&#8221;h1&#8243; css_animation=&#8221;alpha-anim&#8221; uncode_shortcode_id=&#8221;120325&#8243; text_color_type=&#8221;uncode-palette&#8221;]Eddy current[\/vc_custom_heading][vc_column_text css_animation=&#8221;left-t-right&#8221; uncode_shortcode_id=&#8221;137006&#8243;]Systemy do separacji metali ci\u0119\u017ckich nie\u017celaznych i oboj\u0119tnych z serii Eddy Current pozwalaj\u0105 na drobiazgowy podzia\u0142 obrabianych materia\u0142\u00f3w, co stanowi podstawowy etap optymalnego procesu rafinacji z\u0142omu metalowego. Dzi\u0119ki systemowi pr\u0105d\u00f3w wirowych instalacje te dokonuj\u0105 doskona\u0142ego sortowania metali nie\u017celaznych, takich jak aluminium, mied\u017a i stal nierdzewna, od ci\u0119\u017ckich materia\u0142\u00f3w oboj\u0119tnych, takich jak tworzywa sztuczne, guma i drewno. Dost\u0119pna jest r\u00f3wnie\u017c wersja o wysokiej wydajno\u015bci do przetwarzania stali nierdzewnych i granulowanych metali nie\u017celaznych.<\/p>\n<p>Separatory wiropr\u0105dowe Panizzolo s\u0105 opracowywane we wsp\u00f3\u0142pracy z wiod\u0105cymi firmami w bran\u017cy uwa\u017canymi za najwy\u017csz\u0105 jako\u015b\u0107 na poziomie mi\u0119dzynarodowym.<\/p>\n<p>Maszyny s\u0105 dostarczane w komplecie z konstrukcj\u0105 wsporcz\u0105 i rozdzielnic\u0105 elektryczn\u0105 z oprogramowaniem do zarz\u0105dzania kontrol\u0105. Szkielet konstrukcji i oprogramowanie s\u0105 opracowywane bezpo\u015brednio przez Panizzolo, co umo\u017cliwia uproszczenie i przyspieszenie okresowych przegl\u0105d\u00f3w i konserwacji. Wibracyjna powierzchnia w po\u0142\u0105czeniu z pr\u0105dem wirowym zapewnia r\u00f3wnomierne roz\u0142o\u017cenie materia\u0142u na ta\u015bmie i poprawia jego ekspozycj\u0119 na biegunach magnetycznych.[\/vc_column_text][\/vc_column][vc_column column_width_percent=&#8221;100&#8243; position_vertical=&#8221;middle&#8221; gutter_size=&#8221;3&#8243; overlay_alpha=&#8221;50&#8243; shift_x=&#8221;0&#8243; shift_y=&#8221;0&#8243; shift_y_down=&#8221;0&#8243; z_index=&#8221;0&#8243; medium_width=&#8221;0&#8243; mobile_width=&#8221;0&#8243; width=&#8221;1\/2&#8243; uncode_shortcode_id=&#8221;525112&#8243;][vc_single_image media=&#8221;86351&#8243; media_width_percent=&#8221;100&#8243; alignment=&#8221;center&#8221; css_animation=&#8221;right-t-left&#8221; uncode_shortcode_id=&#8221;334510&#8243;][\/vc_column][\/vc_row][vc_row row_height_percent=&#8221;0&#8243; override_padding=&#8221;yes&#8221; h_padding=&#8221;2&#8243; top_padding=&#8221;4&#8243; bottom_padding=&#8221;3&#8243; overlay_alpha=&#8221;50&#8243; gutter_size=&#8221;3&#8243; column_width_percent=&#8221;100&#8243; shift_y=&#8221;0&#8243; z_index=&#8221;0&#8243; uncode_shortcode_id=&#8221;205200&#8243;][vc_column column_width_percent=&#8221;100&#8243; position_horizontal=&#8221;left&#8221; gutter_size=&#8221;3&#8243; overlay_alpha=&#8221;50&#8243; shift_x=&#8221;0&#8243; shift_y=&#8221;0&#8243; shift_y_down=&#8221;0&#8243; z_index=&#8221;0&#8243; medium_width=&#8221;0&#8243; mobile_width=&#8221;0&#8243; css_animation=&#8221;left-t-right&#8221; width=&#8221;1\/1&#8243; uncode_shortcode_id=&#8221;596876&#8243;][vc_custom_heading text_color=&#8221;color-708329&#8243; heading_semantic=&#8221;h4&#8243; text_font=&#8221;font-116529&#8243; text_size=&#8221;h4&#8243; uncode_shortcode_id=&#8221;410081&#8243; text_color_type=&#8221;uncode-palette&#8221;]Tabela modeli:[\/vc_custom_heading][vc_column_text uncode_shortcode_id=&#8221;212727&#8243;]<\/p>\n<table width=\"451\">\n<tbody>\n<tr>\n<td rowspan=\"2\" width=\"90\"><\/td>\n<td rowspan=\"2\" width=\"90\">Model<\/td>\n<td rowspan=\"2\" width=\"90\">Standardowy zakres dzia\u0142ania<\/td>\n<td colspan=\"2\" width=\"180\">Orientacyjna produkcja: do\u2026.ton\/h<\/td>\n<\/tr>\n<tr>\n<td width=\"90\">Profil aluminiowy<\/td>\n<td width=\"90\">Mieszane aluminium<\/td>\n<\/tr>\n<tr>\n<td rowspan=\"6\" width=\"90\">&nbsp;<\/p>\n<p>Szeroko\u015b\u0107 1000<\/td>\n<td width=\"90\">ECP-BV 1000<\/td>\n<td width=\"90\">\u015aredni-Drobny<\/td>\n<td width=\"90\">4<\/td>\n<td width=\"90\">&#8212;<\/td>\n<\/tr>\n<tr>\n<td width=\"90\">ECP-V 1000<\/td>\n<td width=\"90\">\u015aredni<\/td>\n<td width=\"90\">6<\/td>\n<td width=\"90\">&#8212;<\/td>\n<\/tr>\n<tr>\n<td width=\"90\">ECP-ES 1000<\/td>\n<td width=\"90\">\u015aredni<\/td>\n<td width=\"90\">6<\/td>\n<td width=\"90\">&#8212;<\/td>\n<\/tr>\n<tr>\n<td width=\"90\">ECP-V 1000<\/td>\n<td width=\"90\">\u015aredni-Drobny<\/td>\n<td width=\"90\">5<\/td>\n<td width=\"90\">6<\/td>\n<\/tr>\n<tr>\n<td width=\"90\">ECP-E 1000<\/td>\n<td width=\"90\">\u015aredni<\/td>\n<td width=\"90\">9<\/td>\n<td width=\"90\">11<\/td>\n<\/tr>\n<tr>\n<td width=\"90\">ECP-S 1000<\/td>\n<td width=\"90\">Ci\u0119\u017cki<\/td>\n<td width=\"90\">9<\/td>\n<td width=\"90\">11<\/td>\n<\/tr>\n<tr>\n<td rowspan=\"5\" width=\"90\">Szeroko\u015b\u0107 1500<\/td>\n<td width=\"90\">ECP-V 1500<\/td>\n<td width=\"90\">\u015aredni<\/td>\n<td width=\"90\">9<\/td>\n<td width=\"90\">&#8212;<\/td>\n<\/tr>\n<tr>\n<td width=\"90\">ECP-ES 1500<\/td>\n<td width=\"90\">\u015aredni<\/td>\n<td width=\"90\">9<\/td>\n<td width=\"90\">&#8212;<\/td>\n<\/tr>\n<tr>\n<td width=\"90\">ECP-E 1500<\/td>\n<td width=\"90\">\u015aredni<\/td>\n<td width=\"90\">12<\/td>\n<td width=\"90\">14<\/td>\n<\/tr>\n<tr>\n<td width=\"90\">ECP-V 1500<\/td>\n<td width=\"90\">\u015aredni-Lekki<\/td>\n<td width=\"90\">8<\/td>\n<td width=\"90\">10<\/td>\n<\/tr>\n<tr>\n<td width=\"90\">ECP-S 1500<\/td>\n<td width=\"90\">Ci\u0119\u017cki<\/td>\n<td width=\"90\">12<\/td>\n<td width=\"90\">14<\/td>\n<\/tr>\n<tr>\n<td rowspan=\"2\" width=\"90\">Szeroko\u015b\u0107 2000<\/td>\n<td width=\"90\">ECP-V 2000<\/td>\n<td width=\"90\">\u015aredni-Drobny<\/td>\n<td width=\"90\">12<\/td>\n<td width=\"90\">&#8212;<\/td>\n<\/tr>\n<tr>\n<td width=\"90\">ECP-S 2000<\/td>\n<td width=\"90\">Ci\u0119\u017cki<\/td>\n<td width=\"90\">15<\/td>\n<td width=\"90\">18<\/td>\n<\/tr>\n<\/tbody>\n<\/table>\n<p>[\/vc_column_text][\/vc_column][\/vc_row][vc_row unlock_row_content=&#8221;yes&#8221; row_height_percent=&#8221;0&#8243; overlay_alpha=&#8221;50&#8243; gutter_size=&#8221;3&#8243; column_width_percent=&#8221;100&#8243; shift_y=&#8221;0&#8243; z_index=&#8221;0&#8243; uncode_shortcode_id=&#8221;363103&#8243;][vc_column column_width_percent=&#8221;80&#8243; gutter_size=&#8221;3&#8243; overlay_alpha=&#8221;50&#8243; shift_x=&#8221;0&#8243; shift_y=&#8221;0&#8243; shift_y_down=&#8221;0&#8243; z_index=&#8221;0&#8243; medium_width=&#8221;0&#8243; mobile_width=&#8221;0&#8243; width=&#8221;1\/1&#8243; uncode_shortcode_id=&#8221;146324&#8243;][vc_row_inner][vc_column_inner column_width_percent=&#8221;100&#8243; gutter_size=&#8221;3&#8243; overlay_alpha=&#8221;50&#8243; shift_x=&#8221;0&#8243; shift_y=&#8221;0&#8243; shift_y_down=&#8221;0&#8243; z_index=&#8221;0&#8243; medium_width=&#8221;0&#8243; mobile_width=&#8221;0&#8243; css_animation=&#8221;left-t-right&#8221; width=&#8221;1\/2&#8243; uncode_shortcode_id=&#8221;122851&#8243;][vc_single_image media=&#8221;86627&#8243; media_width_percent=&#8221;100&#8243; css_animation=&#8221;left-t-right&#8221; uncode_shortcode_id=&#8221;453588&#8243;][\/vc_column_inner][vc_column_inner column_width_percent=&#8221;80&#8243; position_horizontal=&#8221;left&#8221; position_vertical=&#8221;bottom&#8221; gutter_size=&#8221;3&#8243; overlay_alpha=&#8221;50&#8243; shift_x=&#8221;0&#8243; shift_y=&#8221;0&#8243; shift_y_down=&#8221;0&#8243; z_index=&#8221;0&#8243; medium_width=&#8221;0&#8243; mobile_width=&#8221;0&#8243; css_animation=&#8221;right-t-left&#8221; width=&#8221;1\/2&#8243; uncode_shortcode_id=&#8221;887888&#8243;][vc_custom_heading text_color=&#8221;color-708329&#8243; heading_semantic=&#8221;h5&#8243; text_font=&#8221;font-116529&#8243; text_size=&#8221;h5&#8243; uncode_shortcode_id=&#8221;163160&#8243; text_color_type=&#8221;uncode-palette&#8221;]Akcesorium: specjalne b\u0119bny i ta\u015bmy[\/vc_custom_heading][vc_column_text uncode_shortcode_id=&#8221;342110&#8243;]Specjalne ulepszenia s\u0105 opracowywane bezpo\u015brednio przez firm\u0119 Panizzolo. Mog\u0105 by\u0107 dostarczane zgodnie z rodzajem materia\u0142u i cyklem produkcyjnym.[\/vc_column_text][\/vc_column_inner][\/vc_row_inner][\/vc_column][\/vc_row][vc_row unlock_row_content=&#8221;yes&#8221; row_height_percent=&#8221;0&#8243; override_padding=&#8221;yes&#8221; h_padding=&#8221;0&#8243; top_padding=&#8221;4&#8243; bottom_padding=&#8221;4&#8243; overlay_alpha=&#8221;50&#8243; gutter_size=&#8221;3&#8243; column_width_percent=&#8221;100&#8243; shift_y=&#8221;0&#8243; z_index=&#8221;0&#8243; uncode_shortcode_id=&#8221;499896&#8243;][vc_column column_width_percent=&#8221;100&#8243; gutter_size=&#8221;3&#8243; overlay_alpha=&#8221;50&#8243; shift_x=&#8221;0&#8243; shift_y=&#8221;0&#8243; shift_y_down=&#8221;0&#8243; z_index=&#8221;0&#8243; medium_width=&#8221;0&#8243; mobile_width=&#8221;0&#8243; width=&#8221;1\/6&#8243;][\/vc_column][vc_column column_width_percent=&#8221;100&#8243; gutter_size=&#8221;3&#8243; overlay_alpha=&#8221;50&#8243; shift_x=&#8221;0&#8243; shift_y=&#8221;0&#8243; shift_y_down=&#8221;0&#8243; z_index=&#8221;0&#8243; medium_width=&#8221;0&#8243; mobile_width=&#8221;0&#8243; css_animation=&#8221;right-t-left&#8221; width=&#8221;5\/6&#8243;][vc_gallery el_id=&#8221;gallery-611771&#8243; type=&#8221;carousel&#8221; medias=&#8221;86710,86716,86722,86728,86734&#8243; carousel_lg=&#8221;2&#8243; carousel_md=&#8221;2&#8243; carousel_sm=&#8221;2&#8243; thumb_size=&#8221;three-two&#8221; gutter_size=&#8221;3&#8243; carousel_interval=&#8221;3000&#8243; carousel_navspeed=&#8221;400&#8243; carousel_loop=&#8221;yes&#8221; carousel_dots=&#8221;yes&#8221; stage_padding=&#8221;40&#8243; single_overlay_opacity=&#8221;50&#8243; single_padding=&#8221;2&#8243; uncode_shortcode_id=&#8221;209864&#8243;][\/vc_column][\/vc_row][vc_row row_height_percent=&#8221;0&#8243; override_padding=&#8221;yes&#8221; h_padding=&#8221;2&#8243; top_padding=&#8221;2&#8243; bottom_padding=&#8221;4&#8243; overlay_alpha=&#8221;50&#8243; gutter_size=&#8221;3&#8243; column_width_percent=&#8221;100&#8243; shift_y=&#8221;0&#8243; z_index=&#8221;0&#8243; uncode_shortcode_id=&#8221;186151&#8243;][vc_column width=&#8221;1\/3&#8243;][vc_button border_width=&#8221;0&#8243; icon=&#8221;fa fa-arrow-left-thick&#8221; uncode_shortcode_id=&#8221;287370&#8243; link=&#8221;url:https%3A%2F%2Fwww.panizzolo.com%2Fpl%2Frozwiazania-dotyczace-recyklingu%2Fmaszyny-do-recyklingu%2Fsystemy-do-separacji%2F|title:Systemy%20do%20separacji&#8221;]Powr\u00f3t do systemy do separacji[\/vc_button][\/vc_column][vc_column width=&#8221;1\/3&#8243;][\/vc_column][vc_column width=&#8221;1\/3&#8243;][\/vc_column][\/vc_row][vc_row][vc_column width=&#8221;1\/1&#8243;][uncode_block id=&#8221;87773&#8243;][\/vc_column][\/vc_row][vc_row][vc_column width=&#8221;1\/1&#8243;][uncode_block id=&#8221;87787&#8243;][\/vc_column][\/vc_row]<\/p>\n<\/div>","protected":false},"excerpt":{"rendered":"<p>[vc_row row_height_percent=&#8221;0&#8243; override_padding=&#8221;yes&#8221; h_padding=&#8221;2&#8243; top_padding=&#8221;4&#8243; bottom_padding=&#8221;3&#8243; overlay_alpha=&#8221;50&#8243; gutter_size=&#8221;3&#8243; column_width_percent=&#8221;100&#8243; shift_y=&#8221;0&#8243; z_index=&#8221;0&#8243; uncode_shortcode_id=&#8221;205200&#8243;][vc_column column_width_percent=&#8221;100&#8243; position_horizontal=&#8221;left&#8221; gutter_size=&#8221;3&#8243; overlay_alpha=&#8221;50&#8243; shift_x=&#8221;0&#8243; shift_y=&#8221;0&#8243; shift_y_down=&#8221;0&#8243; z_index=&#8221;0&#8243; [&hellip;]<\/p>\n","protected":false},"author":1,"featured_media":86355,"parent":70723,"menu_order":4,"comment_status":"closed","ping_status":"closed","template":"","meta":{"footnotes":""},"class_list":["post-87509","page","type-page","status-publish","has-post-thumbnail","hentry","page_category-sistemi-di-separazione-pl"],"yoast_head":"<!-- This site is optimized with the Yoast SEO plugin v24.5 - https:\/\/yoast.com\/wordpress\/plugins\/seo\/ -->\n<title>Eddy current - Panizzolo Impianti di riciclaggio per rifiuti<\/title>\n<meta name=\"robots\" content=\"index, follow, max-snippet:-1, max-image-preview:large, max-video-preview:-1\" \/>\n<link rel=\"canonical\" href=\"https:\/\/www.panizzolo.com\/pl\/rozwiazania-dotyczace-recyklingu\/maszyny-do-recyklingu\/systemy-do-separacji\/eddy-current\/\" \/>\n<meta property=\"og:locale\" content=\"pl_PL\" \/>\n<meta property=\"og:type\" content=\"article\" \/>\n<meta property=\"og:title\" content=\"Eddy current - Panizzolo Impianti di riciclaggio per rifiuti\" \/>\n<meta property=\"og:description\" content=\"[vc_row row_height_percent=&#8221;0&#8243; override_padding=&#8221;yes&#8221; h_padding=&#8221;2&#8243; top_padding=&#8221;4&#8243; bottom_padding=&#8221;3&#8243; overlay_alpha=&#8221;50&#8243; gutter_size=&#8221;3&#8243; column_width_percent=&#8221;100&#8243; shift_y=&#8221;0&#8243; z_index=&#8221;0&#8243; uncode_shortcode_id=&#8221;205200&#8243;][vc_column column_width_percent=&#8221;100&#8243; position_horizontal=&#8221;left&#8221; gutter_size=&#8221;3&#8243; overlay_alpha=&#8221;50&#8243; shift_x=&#8221;0&#8243; shift_y=&#8221;0&#8243; shift_y_down=&#8221;0&#8243; z_index=&#8221;0&#8243; [&hellip;]\" \/>\n<meta property=\"og:url\" content=\"https:\/\/www.panizzolo.com\/pl\/rozwiazania-dotyczace-recyklingu\/maszyny-do-recyklingu\/systemy-do-separacji\/eddy-current\/\" \/>\n<meta property=\"og:site_name\" content=\"Panizzolo Impianti di riciclaggio per rifiuti\" \/>\n<meta property=\"article:publisher\" content=\"https:\/\/www.facebook.com\/PanizzoloRecycling\" \/>\n<meta property=\"article:modified_time\" content=\"2021-12-22T13:16:05+00:00\" \/>\n<meta property=\"og:image\" content=\"https:\/\/www.panizzolo.com\/wp-content\/uploads\/2021\/10\/Eddy-Current-1.jpg\" \/>\n\t<meta property=\"og:image:width\" content=\"1920\" \/>\n\t<meta property=\"og:image:height\" content=\"1440\" \/>\n\t<meta property=\"og:image:type\" content=\"image\/jpeg\" \/>\n<meta name=\"twitter:card\" content=\"summary_large_image\" \/>\n<meta name=\"twitter:site\" content=\"@PanizzoloRS\" \/>\n<meta name=\"twitter:label1\" content=\"Est. reading time\" \/>\n\t<meta name=\"twitter:data1\" content=\"3 minutes\" \/>\n<script type=\"application\/ld+json\" class=\"yoast-schema-graph\">{\"@context\":\"https:\/\/schema.org\",\"@graph\":[{\"@type\":\"WebPage\",\"@id\":\"https:\/\/www.panizzolo.com\/pl\/rozwiazania-dotyczace-recyklingu\/maszyny-do-recyklingu\/systemy-do-separacji\/eddy-current\/\",\"url\":\"https:\/\/www.panizzolo.com\/pl\/rozwiazania-dotyczace-recyklingu\/maszyny-do-recyklingu\/systemy-do-separacji\/eddy-current\/\",\"name\":\"Eddy current - Panizzolo Impianti di riciclaggio per rifiuti\",\"isPartOf\":{\"@id\":\"https:\/\/www.panizzolo.com\/pl\/#website\"},\"primaryImageOfPage\":{\"@id\":\"https:\/\/www.panizzolo.com\/pl\/rozwiazania-dotyczace-recyklingu\/maszyny-do-recyklingu\/systemy-do-separacji\/eddy-current\/#primaryimage\"},\"image\":{\"@id\":\"https:\/\/www.panizzolo.com\/pl\/rozwiazania-dotyczace-recyklingu\/maszyny-do-recyklingu\/systemy-do-separacji\/eddy-current\/#primaryimage\"},\"thumbnailUrl\":\"https:\/\/www.panizzolo.com\/wp-content\/uploads\/2021\/10\/Eddy-Current-1.jpg\",\"datePublished\":\"2021-09-16T08:26:37+00:00\",\"dateModified\":\"2021-12-22T13:16:05+00:00\",\"breadcrumb\":{\"@id\":\"https:\/\/www.panizzolo.com\/pl\/rozwiazania-dotyczace-recyklingu\/maszyny-do-recyklingu\/systemy-do-separacji\/eddy-current\/#breadcrumb\"},\"inLanguage\":\"pl-PL\",\"potentialAction\":[{\"@type\":\"ReadAction\",\"target\":[\"https:\/\/www.panizzolo.com\/pl\/rozwiazania-dotyczace-recyklingu\/maszyny-do-recyklingu\/systemy-do-separacji\/eddy-current\/\"]}]},{\"@type\":\"ImageObject\",\"inLanguage\":\"pl-PL\",\"@id\":\"https:\/\/www.panizzolo.com\/pl\/rozwiazania-dotyczace-recyklingu\/maszyny-do-recyklingu\/systemy-do-separacji\/eddy-current\/#primaryimage\",\"url\":\"https:\/\/www.panizzolo.com\/wp-content\/uploads\/2021\/10\/Eddy-Current-1.jpg\",\"contentUrl\":\"https:\/\/www.panizzolo.com\/wp-content\/uploads\/2021\/10\/Eddy-Current-1.jpg\",\"width\":1920,\"height\":1440},{\"@type\":\"BreadcrumbList\",\"@id\":\"https:\/\/www.panizzolo.com\/pl\/rozwiazania-dotyczace-recyklingu\/maszyny-do-recyklingu\/systemy-do-separacji\/eddy-current\/#breadcrumb\",\"itemListElement\":[{\"@type\":\"ListItem\",\"position\":1,\"name\":\"Rozwi\u0105zania dotycz\u0105ce recyklingu\",\"item\":\"https:\/\/www.panizzolo.com\/pl\/rozwiazania-dotyczace-recyklingu\/\"},{\"@type\":\"ListItem\",\"position\":2,\"name\":\"Maszyny do recyklingu\",\"item\":\"https:\/\/www.panizzolo.com\/pl\/rozwiazania-dotyczace-recyklingu\/maszyny-do-recyklingu\/\"},{\"@type\":\"ListItem\",\"position\":3,\"name\":\"Systemy do separacji\",\"item\":\"https:\/\/www.panizzolo.com\/pl\/rozwiazania-dotyczace-recyklingu\/maszyny-do-recyklingu\/systemy-do-separacji\/\"},{\"@type\":\"ListItem\",\"position\":4,\"name\":\"Eddy current\"}]},{\"@type\":\"WebSite\",\"@id\":\"https:\/\/www.panizzolo.com\/pl\/#website\",\"url\":\"https:\/\/www.panizzolo.com\/pl\/\",\"name\":\"Panizzolo Impianti di riciclaggio per rifiuti\",\"description\":\"Panizzolo Impianti di riciclaggio per rifiuti\",\"potentialAction\":[{\"@type\":\"SearchAction\",\"target\":{\"@type\":\"EntryPoint\",\"urlTemplate\":\"https:\/\/www.panizzolo.com\/pl\/?s={search_term_string}\"},\"query-input\":{\"@type\":\"PropertyValueSpecification\",\"valueRequired\":true,\"valueName\":\"search_term_string\"}}],\"inLanguage\":\"pl-PL\"}]}<\/script>\n<!-- \/ Yoast SEO plugin. -->","yoast_head_json":{"title":"Eddy current - Panizzolo Impianti di riciclaggio per rifiuti","robots":{"index":"index","follow":"follow","max-snippet":"max-snippet:-1","max-image-preview":"max-image-preview:large","max-video-preview":"max-video-preview:-1"},"canonical":"https:\/\/www.panizzolo.com\/pl\/rozwiazania-dotyczace-recyklingu\/maszyny-do-recyklingu\/systemy-do-separacji\/eddy-current\/","og_locale":"pl_PL","og_type":"article","og_title":"Eddy current - Panizzolo Impianti di riciclaggio per rifiuti","og_description":"[vc_row row_height_percent=&#8221;0&#8243; override_padding=&#8221;yes&#8221; h_padding=&#8221;2&#8243; top_padding=&#8221;4&#8243; bottom_padding=&#8221;3&#8243; overlay_alpha=&#8221;50&#8243; gutter_size=&#8221;3&#8243; column_width_percent=&#8221;100&#8243; shift_y=&#8221;0&#8243; z_index=&#8221;0&#8243; uncode_shortcode_id=&#8221;205200&#8243;][vc_column column_width_percent=&#8221;100&#8243; position_horizontal=&#8221;left&#8221; gutter_size=&#8221;3&#8243; overlay_alpha=&#8221;50&#8243; shift_x=&#8221;0&#8243; shift_y=&#8221;0&#8243; shift_y_down=&#8221;0&#8243; z_index=&#8221;0&#8243; [&hellip;]","og_url":"https:\/\/www.panizzolo.com\/pl\/rozwiazania-dotyczace-recyklingu\/maszyny-do-recyklingu\/systemy-do-separacji\/eddy-current\/","og_site_name":"Panizzolo Impianti di riciclaggio per rifiuti","article_publisher":"https:\/\/www.facebook.com\/PanizzoloRecycling","article_modified_time":"2021-12-22T13:16:05+00:00","og_image":[{"width":1920,"height":1440,"url":"https:\/\/www.panizzolo.com\/wp-content\/uploads\/2021\/10\/Eddy-Current-1.jpg","type":"image\/jpeg"}],"twitter_card":"summary_large_image","twitter_site":"@PanizzoloRS","twitter_misc":{"Est. reading time":"3 minutes"},"schema":{"@context":"https:\/\/schema.org","@graph":[{"@type":"WebPage","@id":"https:\/\/www.panizzolo.com\/pl\/rozwiazania-dotyczace-recyklingu\/maszyny-do-recyklingu\/systemy-do-separacji\/eddy-current\/","url":"https:\/\/www.panizzolo.com\/pl\/rozwiazania-dotyczace-recyklingu\/maszyny-do-recyklingu\/systemy-do-separacji\/eddy-current\/","name":"Eddy current - Panizzolo Impianti di riciclaggio per rifiuti","isPartOf":{"@id":"https:\/\/www.panizzolo.com\/pl\/#website"},"primaryImageOfPage":{"@id":"https:\/\/www.panizzolo.com\/pl\/rozwiazania-dotyczace-recyklingu\/maszyny-do-recyklingu\/systemy-do-separacji\/eddy-current\/#primaryimage"},"image":{"@id":"https:\/\/www.panizzolo.com\/pl\/rozwiazania-dotyczace-recyklingu\/maszyny-do-recyklingu\/systemy-do-separacji\/eddy-current\/#primaryimage"},"thumbnailUrl":"https:\/\/www.panizzolo.com\/wp-content\/uploads\/2021\/10\/Eddy-Current-1.jpg","datePublished":"2021-09-16T08:26:37+00:00","dateModified":"2021-12-22T13:16:05+00:00","breadcrumb":{"@id":"https:\/\/www.panizzolo.com\/pl\/rozwiazania-dotyczace-recyklingu\/maszyny-do-recyklingu\/systemy-do-separacji\/eddy-current\/#breadcrumb"},"inLanguage":"pl-PL","potentialAction":[{"@type":"ReadAction","target":["https:\/\/www.panizzolo.com\/pl\/rozwiazania-dotyczace-recyklingu\/maszyny-do-recyklingu\/systemy-do-separacji\/eddy-current\/"]}]},{"@type":"ImageObject","inLanguage":"pl-PL","@id":"https:\/\/www.panizzolo.com\/pl\/rozwiazania-dotyczace-recyklingu\/maszyny-do-recyklingu\/systemy-do-separacji\/eddy-current\/#primaryimage","url":"https:\/\/www.panizzolo.com\/wp-content\/uploads\/2021\/10\/Eddy-Current-1.jpg","contentUrl":"https:\/\/www.panizzolo.com\/wp-content\/uploads\/2021\/10\/Eddy-Current-1.jpg","width":1920,"height":1440},{"@type":"BreadcrumbList","@id":"https:\/\/www.panizzolo.com\/pl\/rozwiazania-dotyczace-recyklingu\/maszyny-do-recyklingu\/systemy-do-separacji\/eddy-current\/#breadcrumb","itemListElement":[{"@type":"ListItem","position":1,"name":"Rozwi\u0105zania dotycz\u0105ce recyklingu","item":"https:\/\/www.panizzolo.com\/pl\/rozwiazania-dotyczace-recyklingu\/"},{"@type":"ListItem","position":2,"name":"Maszyny do recyklingu","item":"https:\/\/www.panizzolo.com\/pl\/rozwiazania-dotyczace-recyklingu\/maszyny-do-recyklingu\/"},{"@type":"ListItem","position":3,"name":"Systemy do separacji","item":"https:\/\/www.panizzolo.com\/pl\/rozwiazania-dotyczace-recyklingu\/maszyny-do-recyklingu\/systemy-do-separacji\/"},{"@type":"ListItem","position":4,"name":"Eddy current"}]},{"@type":"WebSite","@id":"https:\/\/www.panizzolo.com\/pl\/#website","url":"https:\/\/www.panizzolo.com\/pl\/","name":"Panizzolo Impianti di riciclaggio per rifiuti","description":"Panizzolo Impianti di riciclaggio per rifiuti","potentialAction":[{"@type":"SearchAction","target":{"@type":"EntryPoint","urlTemplate":"https:\/\/www.panizzolo.com\/pl\/?s={search_term_string}"},"query-input":{"@type":"PropertyValueSpecification","valueRequired":true,"valueName":"search_term_string"}}],"inLanguage":"pl-PL"}]}},"_links":{"self":[{"href":"https:\/\/www.panizzolo.com\/pl\/wp-json\/wp\/v2\/pages\/87509","targetHints":{"allow":["GET"]}}],"collection":[{"href":"https:\/\/www.panizzolo.com\/pl\/wp-json\/wp\/v2\/pages"}],"about":[{"href":"https:\/\/www.panizzolo.com\/pl\/wp-json\/wp\/v2\/types\/page"}],"author":[{"embeddable":true,"href":"https:\/\/www.panizzolo.com\/pl\/wp-json\/wp\/v2\/users\/1"}],"replies":[{"embeddable":true,"href":"https:\/\/www.panizzolo.com\/pl\/wp-json\/wp\/v2\/comments?post=87509"}],"version-history":[{"count":3,"href":"https:\/\/www.panizzolo.com\/pl\/wp-json\/wp\/v2\/pages\/87509\/revisions"}],"predecessor-version":[{"id":91596,"href":"https:\/\/www.panizzolo.com\/pl\/wp-json\/wp\/v2\/pages\/87509\/revisions\/91596"}],"up":[{"embeddable":true,"href":"https:\/\/www.panizzolo.com\/pl\/wp-json\/wp\/v2\/pages\/70723"}],"wp:featuredmedia":[{"embeddable":true,"href":"https:\/\/www.panizzolo.com\/pl\/wp-json\/wp\/v2\/media\/86355"}],"wp:attachment":[{"href":"https:\/\/www.panizzolo.com\/pl\/wp-json\/wp\/v2\/media?parent=87509"}],"curies":[{"name":"wp","href":"https:\/\/api.w.org\/{rel}","templated":true}]}}