{"id":87494,"date":"2021-09-16T10:23:00","date_gmt":"2021-09-16T08:23:00","guid":{"rendered":"https:\/\/www.panizzolo.com\/rozwiazania-dotyczace-recyklingu\/maszyny-do-recyklingu\/systemy-do-separacji\/cabine-di-insonorizzazione\/"},"modified":"2021-12-22T14:13:17","modified_gmt":"2021-12-22T13:13:17","slug":"kabina-dzwiekochlonna","status":"publish","type":"page","link":"https:\/\/www.panizzolo.com\/pl\/rozwiazania-dotyczace-recyklingu\/maszyny-do-recyklingu\/systemy-do-separacji\/kabina-dzwiekochlonna\/","title":{"rendered":"Kabina d\u017awi\u0119koch\u0142onna"},"content":{"rendered":"<div class=\"wpb-content-wrapper\"><p>[vc_row row_height_percent=&#8221;0&#8243; override_padding=&#8221;yes&#8221; h_padding=&#8221;2&#8243; top_padding=&#8221;4&#8243; bottom_padding=&#8221;2&#8243; overlay_alpha=&#8221;50&#8243; gutter_size=&#8221;3&#8243; column_width_percent=&#8221;100&#8243; shift_y=&#8221;0&#8243; z_index=&#8221;0&#8243; uncode_shortcode_id=&#8221;755044&#8243;][vc_column column_width_percent=&#8221;100&#8243; position_horizontal=&#8221;left&#8221; gutter_size=&#8221;3&#8243; overlay_alpha=&#8221;50&#8243; shift_x=&#8221;0&#8243; shift_y=&#8221;0&#8243; shift_y_down=&#8221;0&#8243; z_index=&#8221;0&#8243; medium_width=&#8221;0&#8243; mobile_width=&#8221;0&#8243; css_animation=&#8221;left-t-right&#8221; width=&#8221;1\/1&#8243; uncode_shortcode_id=&#8221;148278&#8243;][vc_custom_heading text_color=&#8221;color-170105&#8243; heading_semantic=&#8221;h1&#8243; text_size=&#8221;h1&#8243; uncode_shortcode_id=&#8221;170341&#8243; text_color_type=&#8221;uncode-palette&#8221;]Kabina d\u017awi\u0119koch\u0142onna[\/vc_custom_heading][\/vc_column][\/vc_row][vc_row][vc_column width=&#8221;1\/2&#8243;][vc_column_text uncode_shortcode_id=&#8221;838551&#8243;]Specjalnie dobrana izolacja d\u017awi\u0119kowa do t\u0142umienia i redukcji ha\u0142asu m\u0142yna m\u0142otkowego firmy Panizzolo.<\/p>\n<p>\u015aciany wykonane s\u0105 z samono\u015bnych paneli, zawieraj\u0105cych specjalny wodoodporny materia\u0142 d\u017awi\u0119koch\u0142onny. Posiada r\u0119cznie przesuwne drzwi boczne umo\u017cliwiaj\u0105ce pe\u0142ny dost\u0119p do m\u0142yna m\u0142otkowego. Dostarczany w komplecie z drabin\u0105, drzwiami dost\u0119powymi, maksymalnie dwoma przedzia\u0142ami do odzyskiwania materia\u0142u poddanego obr\u00f3bce, o\u015bwietleniem i obwodem bezpiecze\u0144stwa.[\/vc_column_text][\/vc_column][vc_column width=&#8221;1\/2&#8243;][vc_single_image media=&#8221;86431&#8243; media_width_percent=&#8221;100&#8243; uncode_shortcode_id=&#8221;100857&#8243;][\/vc_column][\/vc_row][vc_row row_height_percent=&#8221;0&#8243; overlay_alpha=&#8221;50&#8243; gutter_size=&#8221;3&#8243; column_width_percent=&#8221;100&#8243; shift_y=&#8221;0&#8243; z_index=&#8221;0&#8243; uncode_shortcode_id=&#8221;608406&#8243;][vc_column column_width_percent=&#8221;100&#8243; gutter_size=&#8221;3&#8243; overlay_alpha=&#8221;50&#8243; shift_x=&#8221;0&#8243; shift_y=&#8221;0&#8243; shift_y_down=&#8221;0&#8243; z_index=&#8221;0&#8243; medium_width=&#8221;0&#8243; mobile_width=&#8221;0&#8243; width=&#8221;1\/1&#8243; uncode_shortcode_id=&#8221;130944&#8243;][vc_row_inner][vc_column_inner column_width_percent=&#8221;100&#8243; gutter_size=&#8221;3&#8243; overlay_alpha=&#8221;50&#8243; shift_x=&#8221;0&#8243; shift_y=&#8221;0&#8243; shift_y_down=&#8221;0&#8243; z_index=&#8221;0&#8243; medium_width=&#8221;0&#8243; mobile_width=&#8221;0&#8243; css_animation=&#8221;left-t-right&#8221; width=&#8221;1\/2&#8243; uncode_shortcode_id=&#8221;122851&#8243;][vc_single_image media=&#8221;86577&#8243; media_width_percent=&#8221;100&#8243; uncode_shortcode_id=&#8221;136088&#8243;][vc_custom_heading text_color=&#8221;color-708329&#8243; heading_semantic=&#8221;h5&#8243; text_font=&#8221;font-116529&#8243; text_size=&#8221;h5&#8243; uncode_shortcode_id=&#8221;120337&#8243; text_color_type=&#8221;uncode-palette&#8221;]Akcesorium:\u00a0 spersonalizowany znak.[\/vc_custom_heading][vc_column_text uncode_shortcode_id=&#8221;165451&#8243;]Bez dodatkowych koszt\u00f3w istnieje mo\u017cliwo\u015b\u0107 spersonalizowania dw\u00f3ch znak\u00f3w z logo firmy.[\/vc_column_text][\/vc_column_inner][vc_column_inner column_width_percent=&#8221;100&#8243; gutter_size=&#8221;3&#8243; overlay_alpha=&#8221;50&#8243; shift_x=&#8221;0&#8243; shift_y=&#8221;0&#8243; shift_y_down=&#8221;0&#8243; z_index=&#8221;0&#8243; medium_width=&#8221;0&#8243; mobile_width=&#8221;0&#8243; css_animation=&#8221;right-t-left&#8221; width=&#8221;1\/2&#8243; uncode_shortcode_id=&#8221;616766&#8243;][vc_single_image media=&#8221;86419&#8243; media_width_percent=&#8221;100&#8243; uncode_shortcode_id=&#8221;931103&#8243;][vc_custom_heading text_color=&#8221;color-708329&#8243; heading_semantic=&#8221;h5&#8243; text_font=&#8221;font-116529&#8243; text_size=&#8221;h5&#8243; uncode_shortcode_id=&#8221;961470&#8243; text_color_type=&#8221;uncode-palette&#8221;]Akcesorium: \u017curaw s\u0142upowy z \u0142amanym ramieniem.[\/vc_custom_heading][vc_column_text uncode_shortcode_id=&#8221;103696&#8243;]Z zewn\u0105trz lub od wewn\u0105trz w zale\u017cno\u015bci od strefy produkcji. Odpowiednia konstrukcja zgodnie z modelem m\u0142yna m\u0142otkowego.[\/vc_column_text][\/vc_column_inner][\/vc_row_inner][\/vc_column][\/vc_row][vc_row row_height_percent=&#8221;0&#8243; override_padding=&#8221;yes&#8221; h_padding=&#8221;2&#8243; top_padding=&#8221;2&#8243; bottom_padding=&#8221;3&#8243; overlay_alpha=&#8221;50&#8243; gutter_size=&#8221;3&#8243; column_width_percent=&#8221;100&#8243; shift_y=&#8221;0&#8243; z_index=&#8221;0&#8243; uncode_shortcode_id=&#8221;212246&#8243;][vc_column column_width_percent=&#8221;100&#8243; position_horizontal=&#8221;left&#8221; position_vertical=&#8221;middle&#8221; gutter_size=&#8221;3&#8243; overlay_alpha=&#8221;50&#8243; shift_x=&#8221;0&#8243; shift_y=&#8221;0&#8243; shift_y_down=&#8221;0&#8243; z_index=&#8221;0&#8243; medium_width=&#8221;0&#8243; mobile_width=&#8221;0&#8243; css_animation=&#8221;left-t-right&#8221; width=&#8221;1\/2&#8243; uncode_shortcode_id=&#8221;329263&#8243;][vc_custom_heading text_color=&#8221;color-708329&#8243; text_font=&#8221;font-116529&#8243; uncode_shortcode_id=&#8221;182930&#8243; text_color_type=&#8221;uncode-palette&#8221;]Kabina do r\u0119cznego sortowania[\/vc_custom_heading][vc_column_text uncode_shortcode_id=&#8221;188846&#8243;]Specjalna kabina d\u017awi\u0119koch\u0142onna do r\u0119cznego sortowania, dostarczana w r\u00f3\u017cnych modelach oraz do kompletnych rozwi\u0105za\u0144 recyklingowych firmy Panizzolo. Wymiary i akcesoria zmieniaj\u0105 si\u0119 w zale\u017cno\u015bci od logiki obr\u00f3bki i strefy produkcji. Dostarczana jest ju\u017c wraz z naszym odpowiednim przeno\u015bnikiem.<\/p>\n<p>W sk\u0142ad standardowego zestawu kabiny Panizzolo wchodz\u0105 izolowane \u015bciany, obw\u00f3d elektryczny i o\u015bwietleniowy, recyrkulacja powietrza, stanowisko pracy dla operator\u00f3w, system klimatyzacji\/ogrzewania oraz inne akcesoria zapewniaj\u0105ce pe\u0142ny komfort pracuj\u0105cych w niej pracownik\u00f3w.[\/vc_column_text][\/vc_column][vc_column width=&#8221;1\/2&#8243;][vc_single_image media=&#8221;86425&#8243; media_width_percent=&#8221;100&#8243; css_animation=&#8221;right-t-left&#8221; uncode_shortcode_id=&#8221;174182&#8243;][\/vc_column][\/vc_row][vc_row row_height_percent=&#8221;0&#8243; override_padding=&#8221;yes&#8221; h_padding=&#8221;2&#8243; top_padding=&#8221;2&#8243; bottom_padding=&#8221;4&#8243; overlay_alpha=&#8221;50&#8243; gutter_size=&#8221;3&#8243; column_width_percent=&#8221;100&#8243; shift_y=&#8221;0&#8243; z_index=&#8221;0&#8243; uncode_shortcode_id=&#8221;468953&#8243;][vc_column column_width_percent=&#8221;85&#8243; gutter_size=&#8221;3&#8243; overlay_alpha=&#8221;50&#8243; shift_x=&#8221;0&#8243; shift_y=&#8221;0&#8243; shift_y_down=&#8221;0&#8243; z_index=&#8221;0&#8243; medium_width=&#8221;0&#8243; mobile_width=&#8221;0&#8243; width=&#8221;1\/3&#8243; uncode_shortcode_id=&#8221;120204&#8243;][vc_button border_width=&#8221;0&#8243; icon=&#8221;fa fa-arrow-left-thick&#8221; uncode_shortcode_id=&#8221;287370&#8243; link=&#8221;url:https%3A%2F%2Fwww.panizzolo.com%2Fpl%2Frozwiazania-dotyczace-recyklingu%2Fmaszyny-do-recyklingu%2Fsystemy-do-separacji%2F|title:Systemy%20do%20separacji&#8221;]Powr\u00f3t do systemy do separacji[\/vc_button][\/vc_column][vc_column width=&#8221;1\/3&#8243;][\/vc_column][vc_column width=&#8221;1\/3&#8243;][\/vc_column][\/vc_row][vc_row][vc_column width=&#8221;1\/1&#8243;][uncode_block id=&#8221;87773&#8243;][\/vc_column][\/vc_row][vc_row][vc_column width=&#8221;1\/1&#8243;][uncode_block id=&#8221;87787&#8243;][\/vc_column][\/vc_row]<\/p>\n<\/div>","protected":false},"excerpt":{"rendered":"<p>[vc_row row_height_percent=&#8221;0&#8243; override_padding=&#8221;yes&#8221; h_padding=&#8221;2&#8243; top_padding=&#8221;4&#8243; bottom_padding=&#8221;2&#8243; overlay_alpha=&#8221;50&#8243; gutter_size=&#8221;3&#8243; column_width_percent=&#8221;100&#8243; shift_y=&#8221;0&#8243; z_index=&#8221;0&#8243; uncode_shortcode_id=&#8221;755044&#8243;][vc_column column_width_percent=&#8221;100&#8243; position_horizontal=&#8221;left&#8221; gutter_size=&#8221;3&#8243; overlay_alpha=&#8221;50&#8243; shift_x=&#8221;0&#8243; shift_y=&#8221;0&#8243; shift_y_down=&#8221;0&#8243; z_index=&#8221;0&#8243; [&hellip;]<\/p>\n","protected":false},"author":1,"featured_media":86435,"parent":70723,"menu_order":1,"comment_status":"closed","ping_status":"closed","template":"","meta":{"footnotes":""},"class_list":["post-87494","page","type-page","status-publish","has-post-thumbnail","hentry","page_category-sistemi-di-separazione-pl"],"yoast_head":"<!-- This site is optimized with the Yoast SEO plugin v24.5 - https:\/\/yoast.com\/wordpress\/plugins\/seo\/ -->\n<title>Kabina d\u017awi\u0119koch\u0142onna - Panizzolo Impianti di riciclaggio per rifiuti<\/title>\n<meta name=\"robots\" content=\"index, follow, max-snippet:-1, max-image-preview:large, max-video-preview:-1\" \/>\n<link rel=\"canonical\" href=\"https:\/\/www.panizzolo.com\/pl\/rozwiazania-dotyczace-recyklingu\/maszyny-do-recyklingu\/systemy-do-separacji\/kabina-dzwiekochlonna\/\" \/>\n<meta property=\"og:locale\" content=\"pl_PL\" \/>\n<meta property=\"og:type\" content=\"article\" \/>\n<meta property=\"og:title\" content=\"Kabina d\u017awi\u0119koch\u0142onna - Panizzolo Impianti di riciclaggio per rifiuti\" \/>\n<meta property=\"og:description\" content=\"[vc_row row_height_percent=&#8221;0&#8243; override_padding=&#8221;yes&#8221; h_padding=&#8221;2&#8243; top_padding=&#8221;4&#8243; bottom_padding=&#8221;2&#8243; overlay_alpha=&#8221;50&#8243; gutter_size=&#8221;3&#8243; column_width_percent=&#8221;100&#8243; shift_y=&#8221;0&#8243; z_index=&#8221;0&#8243; uncode_shortcode_id=&#8221;755044&#8243;][vc_column column_width_percent=&#8221;100&#8243; position_horizontal=&#8221;left&#8221; gutter_size=&#8221;3&#8243; overlay_alpha=&#8221;50&#8243; shift_x=&#8221;0&#8243; shift_y=&#8221;0&#8243; shift_y_down=&#8221;0&#8243; z_index=&#8221;0&#8243; [&hellip;]\" \/>\n<meta property=\"og:url\" content=\"https:\/\/www.panizzolo.com\/pl\/rozwiazania-dotyczace-recyklingu\/maszyny-do-recyklingu\/systemy-do-separacji\/kabina-dzwiekochlonna\/\" \/>\n<meta property=\"og:site_name\" content=\"Panizzolo Impianti di riciclaggio per rifiuti\" \/>\n<meta property=\"article:publisher\" content=\"https:\/\/www.facebook.com\/PanizzoloRecycling\" \/>\n<meta property=\"article:modified_time\" content=\"2021-12-22T13:13:17+00:00\" \/>\n<meta property=\"og:image\" content=\"https:\/\/www.panizzolo.com\/wp-content\/uploads\/2021\/10\/Cabina-insonorizzazione-mulini-martelli.jpg\" \/>\n\t<meta property=\"og:image:width\" content=\"1500\" \/>\n\t<meta property=\"og:image:height\" content=\"1000\" \/>\n\t<meta property=\"og:image:type\" content=\"image\/jpeg\" \/>\n<meta name=\"twitter:card\" content=\"summary_large_image\" \/>\n<meta name=\"twitter:site\" content=\"@PanizzoloRS\" \/>\n<meta name=\"twitter:label1\" content=\"Est. reading time\" \/>\n\t<meta name=\"twitter:data1\" content=\"2 minutes\" \/>\n<script type=\"application\/ld+json\" class=\"yoast-schema-graph\">{\"@context\":\"https:\/\/schema.org\",\"@graph\":[{\"@type\":\"WebPage\",\"@id\":\"https:\/\/www.panizzolo.com\/pl\/rozwiazania-dotyczace-recyklingu\/maszyny-do-recyklingu\/systemy-do-separacji\/kabina-dzwiekochlonna\/\",\"url\":\"https:\/\/www.panizzolo.com\/pl\/rozwiazania-dotyczace-recyklingu\/maszyny-do-recyklingu\/systemy-do-separacji\/kabina-dzwiekochlonna\/\",\"name\":\"Kabina d\u017awi\u0119koch\u0142onna - Panizzolo Impianti di riciclaggio per rifiuti\",\"isPartOf\":{\"@id\":\"https:\/\/www.panizzolo.com\/pl\/#website\"},\"primaryImageOfPage\":{\"@id\":\"https:\/\/www.panizzolo.com\/pl\/rozwiazania-dotyczace-recyklingu\/maszyny-do-recyklingu\/systemy-do-separacji\/kabina-dzwiekochlonna\/#primaryimage\"},\"image\":{\"@id\":\"https:\/\/www.panizzolo.com\/pl\/rozwiazania-dotyczace-recyklingu\/maszyny-do-recyklingu\/systemy-do-separacji\/kabina-dzwiekochlonna\/#primaryimage\"},\"thumbnailUrl\":\"https:\/\/www.panizzolo.com\/wp-content\/uploads\/2021\/10\/Cabina-insonorizzazione-mulini-martelli.jpg\",\"datePublished\":\"2021-09-16T08:23:00+00:00\",\"dateModified\":\"2021-12-22T13:13:17+00:00\",\"breadcrumb\":{\"@id\":\"https:\/\/www.panizzolo.com\/pl\/rozwiazania-dotyczace-recyklingu\/maszyny-do-recyklingu\/systemy-do-separacji\/kabina-dzwiekochlonna\/#breadcrumb\"},\"inLanguage\":\"pl-PL\",\"potentialAction\":[{\"@type\":\"ReadAction\",\"target\":[\"https:\/\/www.panizzolo.com\/pl\/rozwiazania-dotyczace-recyklingu\/maszyny-do-recyklingu\/systemy-do-separacji\/kabina-dzwiekochlonna\/\"]}]},{\"@type\":\"ImageObject\",\"inLanguage\":\"pl-PL\",\"@id\":\"https:\/\/www.panizzolo.com\/pl\/rozwiazania-dotyczace-recyklingu\/maszyny-do-recyklingu\/systemy-do-separacji\/kabina-dzwiekochlonna\/#primaryimage\",\"url\":\"https:\/\/www.panizzolo.com\/wp-content\/uploads\/2021\/10\/Cabina-insonorizzazione-mulini-martelli.jpg\",\"contentUrl\":\"https:\/\/www.panizzolo.com\/wp-content\/uploads\/2021\/10\/Cabina-insonorizzazione-mulini-martelli.jpg\",\"width\":1500,\"height\":1000},{\"@type\":\"BreadcrumbList\",\"@id\":\"https:\/\/www.panizzolo.com\/pl\/rozwiazania-dotyczace-recyklingu\/maszyny-do-recyklingu\/systemy-do-separacji\/kabina-dzwiekochlonna\/#breadcrumb\",\"itemListElement\":[{\"@type\":\"ListItem\",\"position\":1,\"name\":\"Rozwi\u0105zania dotycz\u0105ce recyklingu\",\"item\":\"https:\/\/www.panizzolo.com\/pl\/rozwiazania-dotyczace-recyklingu\/\"},{\"@type\":\"ListItem\",\"position\":2,\"name\":\"Maszyny do recyklingu\",\"item\":\"https:\/\/www.panizzolo.com\/pl\/rozwiazania-dotyczace-recyklingu\/maszyny-do-recyklingu\/\"},{\"@type\":\"ListItem\",\"position\":3,\"name\":\"Systemy do separacji\",\"item\":\"https:\/\/www.panizzolo.com\/pl\/rozwiazania-dotyczace-recyklingu\/maszyny-do-recyklingu\/systemy-do-separacji\/\"},{\"@type\":\"ListItem\",\"position\":4,\"name\":\"Kabina d\u017awi\u0119koch\u0142onna\"}]},{\"@type\":\"WebSite\",\"@id\":\"https:\/\/www.panizzolo.com\/pl\/#website\",\"url\":\"https:\/\/www.panizzolo.com\/pl\/\",\"name\":\"Panizzolo Impianti di riciclaggio per rifiuti\",\"description\":\"Panizzolo Impianti di riciclaggio per rifiuti\",\"potentialAction\":[{\"@type\":\"SearchAction\",\"target\":{\"@type\":\"EntryPoint\",\"urlTemplate\":\"https:\/\/www.panizzolo.com\/pl\/?s={search_term_string}\"},\"query-input\":{\"@type\":\"PropertyValueSpecification\",\"valueRequired\":true,\"valueName\":\"search_term_string\"}}],\"inLanguage\":\"pl-PL\"}]}<\/script>\n<!-- \/ Yoast SEO plugin. -->","yoast_head_json":{"title":"Kabina d\u017awi\u0119koch\u0142onna - Panizzolo Impianti di riciclaggio per rifiuti","robots":{"index":"index","follow":"follow","max-snippet":"max-snippet:-1","max-image-preview":"max-image-preview:large","max-video-preview":"max-video-preview:-1"},"canonical":"https:\/\/www.panizzolo.com\/pl\/rozwiazania-dotyczace-recyklingu\/maszyny-do-recyklingu\/systemy-do-separacji\/kabina-dzwiekochlonna\/","og_locale":"pl_PL","og_type":"article","og_title":"Kabina d\u017awi\u0119koch\u0142onna - Panizzolo Impianti di riciclaggio per rifiuti","og_description":"[vc_row row_height_percent=&#8221;0&#8243; override_padding=&#8221;yes&#8221; h_padding=&#8221;2&#8243; top_padding=&#8221;4&#8243; bottom_padding=&#8221;2&#8243; overlay_alpha=&#8221;50&#8243; gutter_size=&#8221;3&#8243; column_width_percent=&#8221;100&#8243; shift_y=&#8221;0&#8243; z_index=&#8221;0&#8243; uncode_shortcode_id=&#8221;755044&#8243;][vc_column column_width_percent=&#8221;100&#8243; position_horizontal=&#8221;left&#8221; gutter_size=&#8221;3&#8243; overlay_alpha=&#8221;50&#8243; shift_x=&#8221;0&#8243; shift_y=&#8221;0&#8243; shift_y_down=&#8221;0&#8243; z_index=&#8221;0&#8243; [&hellip;]","og_url":"https:\/\/www.panizzolo.com\/pl\/rozwiazania-dotyczace-recyklingu\/maszyny-do-recyklingu\/systemy-do-separacji\/kabina-dzwiekochlonna\/","og_site_name":"Panizzolo Impianti di riciclaggio per rifiuti","article_publisher":"https:\/\/www.facebook.com\/PanizzoloRecycling","article_modified_time":"2021-12-22T13:13:17+00:00","og_image":[{"width":1500,"height":1000,"url":"https:\/\/www.panizzolo.com\/wp-content\/uploads\/2021\/10\/Cabina-insonorizzazione-mulini-martelli.jpg","type":"image\/jpeg"}],"twitter_card":"summary_large_image","twitter_site":"@PanizzoloRS","twitter_misc":{"Est. reading time":"2 minutes"},"schema":{"@context":"https:\/\/schema.org","@graph":[{"@type":"WebPage","@id":"https:\/\/www.panizzolo.com\/pl\/rozwiazania-dotyczace-recyklingu\/maszyny-do-recyklingu\/systemy-do-separacji\/kabina-dzwiekochlonna\/","url":"https:\/\/www.panizzolo.com\/pl\/rozwiazania-dotyczace-recyklingu\/maszyny-do-recyklingu\/systemy-do-separacji\/kabina-dzwiekochlonna\/","name":"Kabina d\u017awi\u0119koch\u0142onna - Panizzolo Impianti di riciclaggio per rifiuti","isPartOf":{"@id":"https:\/\/www.panizzolo.com\/pl\/#website"},"primaryImageOfPage":{"@id":"https:\/\/www.panizzolo.com\/pl\/rozwiazania-dotyczace-recyklingu\/maszyny-do-recyklingu\/systemy-do-separacji\/kabina-dzwiekochlonna\/#primaryimage"},"image":{"@id":"https:\/\/www.panizzolo.com\/pl\/rozwiazania-dotyczace-recyklingu\/maszyny-do-recyklingu\/systemy-do-separacji\/kabina-dzwiekochlonna\/#primaryimage"},"thumbnailUrl":"https:\/\/www.panizzolo.com\/wp-content\/uploads\/2021\/10\/Cabina-insonorizzazione-mulini-martelli.jpg","datePublished":"2021-09-16T08:23:00+00:00","dateModified":"2021-12-22T13:13:17+00:00","breadcrumb":{"@id":"https:\/\/www.panizzolo.com\/pl\/rozwiazania-dotyczace-recyklingu\/maszyny-do-recyklingu\/systemy-do-separacji\/kabina-dzwiekochlonna\/#breadcrumb"},"inLanguage":"pl-PL","potentialAction":[{"@type":"ReadAction","target":["https:\/\/www.panizzolo.com\/pl\/rozwiazania-dotyczace-recyklingu\/maszyny-do-recyklingu\/systemy-do-separacji\/kabina-dzwiekochlonna\/"]}]},{"@type":"ImageObject","inLanguage":"pl-PL","@id":"https:\/\/www.panizzolo.com\/pl\/rozwiazania-dotyczace-recyklingu\/maszyny-do-recyklingu\/systemy-do-separacji\/kabina-dzwiekochlonna\/#primaryimage","url":"https:\/\/www.panizzolo.com\/wp-content\/uploads\/2021\/10\/Cabina-insonorizzazione-mulini-martelli.jpg","contentUrl":"https:\/\/www.panizzolo.com\/wp-content\/uploads\/2021\/10\/Cabina-insonorizzazione-mulini-martelli.jpg","width":1500,"height":1000},{"@type":"BreadcrumbList","@id":"https:\/\/www.panizzolo.com\/pl\/rozwiazania-dotyczace-recyklingu\/maszyny-do-recyklingu\/systemy-do-separacji\/kabina-dzwiekochlonna\/#breadcrumb","itemListElement":[{"@type":"ListItem","position":1,"name":"Rozwi\u0105zania dotycz\u0105ce recyklingu","item":"https:\/\/www.panizzolo.com\/pl\/rozwiazania-dotyczace-recyklingu\/"},{"@type":"ListItem","position":2,"name":"Maszyny do recyklingu","item":"https:\/\/www.panizzolo.com\/pl\/rozwiazania-dotyczace-recyklingu\/maszyny-do-recyklingu\/"},{"@type":"ListItem","position":3,"name":"Systemy do separacji","item":"https:\/\/www.panizzolo.com\/pl\/rozwiazania-dotyczace-recyklingu\/maszyny-do-recyklingu\/systemy-do-separacji\/"},{"@type":"ListItem","position":4,"name":"Kabina d\u017awi\u0119koch\u0142onna"}]},{"@type":"WebSite","@id":"https:\/\/www.panizzolo.com\/pl\/#website","url":"https:\/\/www.panizzolo.com\/pl\/","name":"Panizzolo Impianti di riciclaggio per rifiuti","description":"Panizzolo Impianti di riciclaggio per rifiuti","potentialAction":[{"@type":"SearchAction","target":{"@type":"EntryPoint","urlTemplate":"https:\/\/www.panizzolo.com\/pl\/?s={search_term_string}"},"query-input":{"@type":"PropertyValueSpecification","valueRequired":true,"valueName":"search_term_string"}}],"inLanguage":"pl-PL"}]}},"_links":{"self":[{"href":"https:\/\/www.panizzolo.com\/pl\/wp-json\/wp\/v2\/pages\/87494","targetHints":{"allow":["GET"]}}],"collection":[{"href":"https:\/\/www.panizzolo.com\/pl\/wp-json\/wp\/v2\/pages"}],"about":[{"href":"https:\/\/www.panizzolo.com\/pl\/wp-json\/wp\/v2\/types\/page"}],"author":[{"embeddable":true,"href":"https:\/\/www.panizzolo.com\/pl\/wp-json\/wp\/v2\/users\/1"}],"replies":[{"embeddable":true,"href":"https:\/\/www.panizzolo.com\/pl\/wp-json\/wp\/v2\/comments?post=87494"}],"version-history":[{"count":3,"href":"https:\/\/www.panizzolo.com\/pl\/wp-json\/wp\/v2\/pages\/87494\/revisions"}],"predecessor-version":[{"id":91591,"href":"https:\/\/www.panizzolo.com\/pl\/wp-json\/wp\/v2\/pages\/87494\/revisions\/91591"}],"up":[{"embeddable":true,"href":"https:\/\/www.panizzolo.com\/pl\/wp-json\/wp\/v2\/pages\/70723"}],"wp:featuredmedia":[{"embeddable":true,"href":"https:\/\/www.panizzolo.com\/pl\/wp-json\/wp\/v2\/media\/86435"}],"wp:attachment":[{"href":"https:\/\/www.panizzolo.com\/pl\/wp-json\/wp\/v2\/media?parent=87494"}],"curies":[{"name":"wp","href":"https:\/\/api.w.org\/{rel}","templated":true}]}}