{"id":87233,"date":"2021-05-13T16:16:35","date_gmt":"2021-05-13T14:16:35","guid":{"rendered":"https:\/\/www.panizzolo.com\/firma\/mission-e-vision\/"},"modified":"2025-06-13T09:27:36","modified_gmt":"2025-06-13T07:27:36","slug":"misja-i-wizja","status":"publish","type":"page","link":"https:\/\/www.panizzolo.com\/pl\/firma\/misja-i-wizja\/","title":{"rendered":"Misja i Wizja"},"content":{"rendered":"<div class=\"wpb-content-wrapper\"><p>[vc_row row_height_percent=&#8221;0&#8243; override_padding=&#8221;yes&#8221; h_padding=&#8221;2&#8243; top_padding=&#8221;3&#8243; bottom_padding=&#8221;3&#8243; back_image=&#8221;65455&#8243; back_repeat=&#8221;no-repeat&#8221; back_attachment=&#8221;inherit&#8221; back_position=&#8221;left top&#8221; overlay_alpha=&#8221;50&#8243; gutter_size=&#8221;3&#8243; column_width_percent=&#8221;100&#8243; shift_y=&#8221;0&#8243; z_index=&#8221;0&#8243; back_size=&#8221;35%&#8221;][vc_column column_width_percent=&#8221;100&#8243; position_horizontal=&#8221;right&#8221; gutter_size=&#8221;3&#8243; overlay_alpha=&#8221;50&#8243; shift_x=&#8221;0&#8243; shift_y=&#8221;0&#8243; shift_y_down=&#8221;0&#8243; z_index=&#8221;0&#8243; medium_width=&#8221;0&#8243; mobile_width=&#8221;0&#8243; width=&#8221;1\/1&#8243;][vc_row_inner][vc_column_inner column_width_percent=&#8221;100&#8243; gutter_size=&#8221;3&#8243; overlay_alpha=&#8221;50&#8243; shift_x=&#8221;0&#8243; shift_y=&#8221;0&#8243; shift_y_down=&#8221;0&#8243; z_index=&#8221;0&#8243; medium_width=&#8221;0&#8243; mobile_width=&#8221;0&#8243; css_animation=&#8221;left-t-right&#8221; width=&#8221;1\/2&#8243;][vc_custom_heading uncode_shortcode_id=&#8221;186013&#8243;]Ku przysz\u0142o\u015bci<br \/>\nbran\u017cy[\/vc_custom_heading][vc_column_text uncode_shortcode_id=&#8221;652003&#8243;]W tych latach firmy zajmuj\u0105ce si\u0119 recyklingiem musz\u0105 stawi\u0107 czo\u0142a nag\u0142ym zmianom na rynku. Nowe technologie i nowe metody obr\u00f3bki s\u0105 niezb\u0119dne, aby strategie biznesowe by\u0142y bardziej op\u0142acalne, zgodne z rygorystycznymi przepisami rz\u0105dowymi i potrzebami coraz bardziej zglobalizowanej bran\u017cy.[\/vc_column_text][\/vc_column_inner][vc_column_inner width=&#8221;1\/2&#8243;][\/vc_column_inner][\/vc_row_inner][\/vc_column][\/vc_row][vc_row row_height_percent=&#8221;59&#8243; back_image=&#8221;80900&#8243; overlay_color=&#8221;color-jevc&#8221; overlay_alpha=&#8221;21&#8243; gutter_size=&#8221;3&#8243; column_width_percent=&#8221;100&#8243; shift_y=&#8221;0&#8243; z_index=&#8221;0&#8243; uncode_shortcode_id=&#8221;156956&#8243; overlay_color_type=&#8221;uncode-palette&#8221;][vc_column column_width_percent=&#8221;72&#8243; position_vertical=&#8221;bottom&#8221; gutter_size=&#8221;3&#8243; overlay_alpha=&#8221;50&#8243; shift_x=&#8221;0&#8243; shift_y=&#8221;0&#8243; shift_y_down=&#8221;0&#8243; z_index=&#8221;0&#8243; medium_width=&#8221;0&#8243; mobile_width=&#8221;0&#8243; width=&#8221;1\/1&#8243;][vc_row_inner row_inner_height_percent=&#8221;0&#8243; overlay_alpha=&#8221;50&#8243; gutter_size=&#8221;3&#8243; shift_y=&#8221;0&#8243; z_index=&#8221;0&#8243;][vc_column_inner column_width_percent=&#8221;100&#8243; position_vertical=&#8221;bottom&#8221; gutter_size=&#8221;3&#8243; override_padding=&#8221;yes&#8221; column_padding=&#8221;2&#8243; style=&#8221;dark&#8221; overlay_alpha=&#8221;50&#8243; shift_x=&#8221;0&#8243; shift_y=&#8221;0&#8243; shift_y_down=&#8221;0&#8243; z_index=&#8221;0&#8243; medium_width=&#8221;0&#8243; mobile_width=&#8221;0&#8243; css_animation=&#8221;bottom-t-top&#8221; animation_delay=&#8221;100&#8243; width=&#8221;1\/2&#8243;][vc_custom_heading text_font=&#8221;font-116529&#8243; text_weight=&#8221;100&#8243; text_transform=&#8221;uppercase&#8221; uncode_shortcode_id=&#8221;194093&#8243;]Nadszed\u0142 czas, aby jak najlepiej wykorzysta\u0107 metale[\/vc_custom_heading][\/vc_column_inner][vc_column_inner width=&#8221;1\/2&#8243;][\/vc_column_inner][\/vc_row_inner][\/vc_column][\/vc_row][vc_row row_height_percent=&#8221;0&#8243; override_padding=&#8221;yes&#8221; h_padding=&#8221;2&#8243; top_padding=&#8221;4&#8243; bottom_padding=&#8221;4&#8243; overlay_alpha=&#8221;50&#8243; gutter_size=&#8221;3&#8243; column_width_percent=&#8221;100&#8243; shift_y=&#8221;0&#8243; z_index=&#8221;0&#8243;][vc_column column_width_percent=&#8221;85&#8243; gutter_size=&#8221;3&#8243; overlay_alpha=&#8221;50&#8243; shift_x=&#8221;0&#8243; shift_y=&#8221;0&#8243; shift_y_down=&#8221;0&#8243; z_index=&#8221;0&#8243; medium_width=&#8221;0&#8243; mobile_width=&#8221;0&#8243; width=&#8221;1\/1&#8243;][vc_row_inner][vc_column_inner column_width_percent=&#8221;100&#8243; gutter_size=&#8221;3&#8243; overlay_alpha=&#8221;50&#8243; shift_x=&#8221;0&#8243; shift_y=&#8221;0&#8243; shift_y_down=&#8221;0&#8243; z_index=&#8221;0&#8243; medium_width=&#8221;0&#8243; mobile_width=&#8221;0&#8243; width=&#8221;2\/3&#8243;][vc_custom_heading text_color=&#8221;color-191517&#8243; heading_semantic=&#8221;h3&#8243; text_font=&#8221;font-116529&#8243; text_size=&#8221;h4&#8243; css_animation=&#8221;left-t-right&#8221; uncode_shortcode_id=&#8221;149229&#8243; text_color_type=&#8221;uncode-palette&#8221;]Poniewa\u017c z\u0142om staje si\u0119 coraz bardziej z\u0142o\u017cony, rynek domaga si\u0119 coraz bardziej wyrafinowanych materia\u0142\u00f3w, kt\u00f3re pozwalaj\u0105 na ich efektywne wprowadzanie z powrotem do cyklu produkcyjnego.<\/p>\n<p>Odlewnie, stalownie i ci\u0105garnie coraz staranniej wybieraj\u0105 swoich dostawc\u00f3w, preferuj\u0105c tych, kt\u00f3rzy wiedz\u0105, jak zagwarantowa\u0107 wysok\u0105 jako\u015b\u0107 materia\u0142u.<\/p>\n<p>Z\u0142om mieszany lub zanieczyszczony oboj\u0119tnymi materia\u0142ami staje si\u0119 coraz bardziej mniej wa\u017cny w handlu i wkr\u00f3tce stanie si\u0119 kategori\u0105 ca\u0142kowicie niedost\u0119pn\u0105 na rynku.[\/vc_custom_heading][\/vc_column_inner][vc_column_inner column_width_percent=&#8221;100&#8243; position_vertical=&#8221;bottom&#8221; gutter_size=&#8221;3&#8243; overlay_alpha=&#8221;50&#8243; shift_x=&#8221;0&#8243; shift_y=&#8221;0&#8243; shift_y_down=&#8221;0&#8243; z_index=&#8221;0&#8243; medium_width=&#8221;0&#8243; mobile_width=&#8221;0&#8243; css_animation=&#8221;alpha-anim&#8221; animation_delay=&#8221;100&#8243; width=&#8221;1\/3&#8243;][vc_button outline=&#8221;yes&#8221; border_width=&#8221;0&#8243; icon_position=&#8221;right&#8221; link=&#8221;url:https%3A%2F%2Fwww.panizzolo.com%2Fpl%2Ffirma%2Fnasza-historia%2F|title:Nasza%20historia&#8221; uncode_shortcode_id=&#8221;133464&#8243; icon=&#8221;fa fa-arrow-right-thick&#8221;]Odkryj nasz\u0105 histori\u0119[\/vc_button][vc_button outline=&#8221;yes&#8221; border_width=&#8221;0&#8243; icon_position=&#8221;right&#8221; uncode_shortcode_id=&#8221;566762&#8243; link=&#8221;url:https%3A%2F%2Fwww.panizzolo.com%2Fwp-content%2Fuploads%2F2024%2F07%2FENG-Company-Profile-WEB.pdf|target:_blank&#8221; icon=&#8221;fa fa-arrow-right-thick&#8221;]Pobierz nasz katalog[\/vc_button][\/vc_column_inner][\/vc_row_inner][vc_empty_space empty_h=&#8221;1&#8243;][\/vc_column][\/vc_row][vc_row row_height_percent=&#8221;0&#8243; overlay_alpha=&#8221;50&#8243; gutter_size=&#8221;3&#8243; column_width_percent=&#8221;100&#8243; shift_y=&#8221;0&#8243; z_index=&#8221;0&#8243; uncode_shortcode_id=&#8221;199912&#8243;][vc_column column_width_percent=&#8221;85&#8243; gutter_size=&#8221;3&#8243; overlay_alpha=&#8221;50&#8243; shift_x=&#8221;0&#8243; shift_y=&#8221;0&#8243; shift_y_down=&#8221;0&#8243; z_index=&#8221;0&#8243; medium_width=&#8221;0&#8243; mobile_width=&#8221;0&#8243; width=&#8221;1\/1&#8243; uncode_shortcode_id=&#8221;184584&#8243;][vc_row_inner][vc_column_inner column_width_percent=&#8221;100&#8243; gutter_size=&#8221;3&#8243; overlay_alpha=&#8221;50&#8243; shift_x=&#8221;0&#8243; shift_y=&#8221;0&#8243; shift_y_down=&#8221;0&#8243; z_index=&#8221;0&#8243; medium_width=&#8221;0&#8243; mobile_width=&#8221;0&#8243; css_animation=&#8221;bottom-t-top&#8221; width=&#8221;2\/3&#8243; uncode_shortcode_id=&#8221;184356&#8243;][vc_custom_heading text_color=&#8221;color-708329&#8243; text_font=&#8221;font-116529&#8243; uncode_shortcode_id=&#8221;797522&#8243; text_color_type=&#8221;uncode-palette&#8221;]Misja[\/vc_custom_heading][vc_custom_heading text_color=&#8221;color-191517&#8243; heading_semantic=&#8221;h4&#8243; text_font=&#8221;font-116529&#8243; text_size=&#8221;h4&#8243; uncode_shortcode_id=&#8221;204159&#8243; text_color_type=&#8221;uncode-palette&#8221;]Podczas obr\u00f3bki i odzysku odpad\u00f3w metalowych firma Panizzolo Recycling zapewnia konkurencyjne, nowatorskie rozwi\u0105zania zaprojektowane w celu maksymalizacji zwrotu z inwestycji klienta.[\/vc_custom_heading][vc_empty_space empty_h=&#8221;1&#8243;][vc_custom_heading text_color=&#8221;color-708329&#8243; text_font=&#8221;font-116529&#8243; uncode_shortcode_id=&#8221;873171&#8243; text_color_type=&#8221;uncode-palette&#8221;]Wizja[\/vc_custom_heading][vc_custom_heading text_color=&#8221;color-191517&#8243; heading_semantic=&#8221;h4&#8243; text_font=&#8221;font-116529&#8243; text_size=&#8221;h4&#8243; uncode_shortcode_id=&#8221;870474&#8243; text_color_type=&#8221;uncode-palette&#8221;]Wydajno\u015b\u0107, elastyczno\u015b\u0107 i innowacja to plusy, kt\u00f3re wsp\u00f3\u0142dzia\u0142aj\u0105, aby nasze procesy recyklingu sta\u0142y si\u0119 cennymi i dochodowymi sojusznikami \u015brodowiska.[\/vc_custom_heading][\/vc_column_inner][vc_column_inner column_width_percent=&#8221;100&#8243; position_vertical=&#8221;middle&#8221; gutter_size=&#8221;3&#8243; overlay_alpha=&#8221;50&#8243; shift_x=&#8221;0&#8243; shift_y=&#8221;0&#8243; shift_y_down=&#8221;0&#8243; z_index=&#8221;0&#8243; medium_width=&#8221;0&#8243; mobile_width=&#8221;0&#8243; css_animation=&#8221;alpha-anim&#8221; animation_delay=&#8221;100&#8243; width=&#8221;1\/3&#8243; uncode_shortcode_id=&#8221;205487&#8243;][vc_button outline=&#8221;yes&#8221; border_width=&#8221;0&#8243; icon_position=&#8221;right&#8221; link=&#8221;url:https%3A%2F%2Fwww.panizzolo.com%2Fpl%2Ffirma%2Ffirmowa-polityka-jakosci%2F|title:Firmowa%20polityka%20jako%C5%9Bci&#8221; uncode_shortcode_id=&#8221;343920&#8243; icon=&#8221;fa fa-arrow-right-thick&#8221;]Firmowa polityka jako\u015bci[\/vc_button][vc_button outline=&#8221;yes&#8221; border_width=&#8221;0&#8243; icon_position=&#8221;right&#8221; link=&#8221;url:https%3A%2F%2Fwww.panizzolo.com%2Fpl%2Fpatenty%2F|title:Patenty&#8221; uncode_shortcode_id=&#8221;142999&#8243; icon=&#8221;fa fa-arrow-right-thick&#8221;]Patenty Panizzolo[\/vc_button][\/vc_column_inner][\/vc_row_inner][vc_empty_space empty_h=&#8221;3&#8243;][\/vc_column][\/vc_row][vc_row row_height_percent=&#8221;0&#8243; override_padding=&#8221;yes&#8221; h_padding=&#8221;2&#8243; top_padding=&#8221;4&#8243; bottom_padding=&#8221;4&#8243; overlay_alpha=&#8221;50&#8243; gutter_size=&#8221;3&#8243; column_width_percent=&#8221;100&#8243; shift_y=&#8221;0&#8243; z_index=&#8221;0&#8243; uncode_shortcode_id=&#8221;200548&#8243;][vc_column column_width_percent=&#8221;100&#8243; gutter_size=&#8221;3&#8243; overlay_alpha=&#8221;50&#8243; shift_x=&#8221;0&#8243; shift_y=&#8221;0&#8243; shift_y_down=&#8221;0&#8243; z_index=&#8221;0&#8243; medium_width=&#8221;0&#8243; mobile_width=&#8221;0&#8243; css_animation=&#8221;right-t-left&#8221; width=&#8221;1\/1&#8243; uncode_shortcode_id=&#8221;111542&#8243;][vc_single_image media=&#8221;68138&#8243; media_width_percent=&#8221;100&#8243; uncode_shortcode_id=&#8221;994502&#8243;][\/vc_column][\/vc_row][vc_row unlock_row_content=&#8221;yes&#8221; row_height_percent=&#8221;0&#8243; override_padding=&#8221;yes&#8221; h_padding=&#8221;2&#8243; top_padding=&#8221;4&#8243; bottom_padding=&#8221;4&#8243; overlay_alpha=&#8221;50&#8243; gutter_size=&#8221;3&#8243; column_width_percent=&#8221;100&#8243; shift_y=&#8221;0&#8243; z_index=&#8221;0&#8243;][vc_column column_width_percent=&#8221;100&#8243; position_horizontal=&#8221;right&#8221; align_horizontal=&#8221;align_right&#8221; gutter_size=&#8221;3&#8243; overlay_alpha=&#8221;50&#8243; shift_x=&#8221;0&#8243; shift_y=&#8221;0&#8243; shift_y_down=&#8221;0&#8243; z_index=&#8221;0&#8243; medium_width=&#8221;0&#8243; mobile_width=&#8221;0&#8243; css_animation=&#8221;right-t-left&#8221; width=&#8221;1\/4&#8243; uncode_shortcode_id=&#8221;172498&#8243;][vc_custom_heading text_font=&#8221;font-116529&#8243; uncode_shortcode_id=&#8221;103895&#8243;]Nasza firma[\/vc_custom_heading][\/vc_column][vc_column width=&#8221;3\/4&#8243;][vc_gallery el_id=&#8221;gallery-203654&#8243; type=&#8221;carousel&#8221; medias=&#8221;86002,86008,86014,86020,86026&#8243; carousel_lg=&#8221;2&#8243; carousel_md=&#8221;2&#8243; carousel_sm=&#8221;1&#8243; thumb_size=&#8221;three-two&#8221; gutter_size=&#8221;3&#8243; carousel_interval=&#8221;3000&#8243; carousel_navspeed=&#8221;400&#8243; stage_padding=&#8221;30&#8243; single_overlay_opacity=&#8221;50&#8243; single_padding=&#8221;2&#8243; uncode_shortcode_id=&#8221;159760&#8243;][\/vc_column][\/vc_row][vc_row row_height_percent=&#8221;76&#8243; back_image=&#8221;79528&#8243; overlay_color=&#8221;color-jevc&#8221; overlay_alpha=&#8221;24&#8243; gutter_size=&#8221;3&#8243; column_width_percent=&#8221;100&#8243; shift_y=&#8221;0&#8243; z_index=&#8221;0&#8243; uncode_shortcode_id=&#8221;670778&#8243; overlay_color_type=&#8221;uncode-palette&#8221; row_height_pixel=&#8221;400&#8243;][vc_column column_width_percent=&#8221;100&#8243; position_vertical=&#8221;middle&#8221; align_horizontal=&#8221;align_center&#8221; gutter_size=&#8221;3&#8243; style=&#8221;dark&#8221; overlay_alpha=&#8221;50&#8243; shift_x=&#8221;0&#8243; shift_y=&#8221;0&#8243; shift_y_down=&#8221;0&#8243; z_index=&#8221;0&#8243; medium_width=&#8221;0&#8243; mobile_width=&#8221;0&#8243; width=&#8221;1\/1&#8243;][\/vc_column][\/vc_row][vc_row][vc_column width=&#8221;1\/1&#8243;][vc_empty_space empty_h=&#8221;2&#8243;][\/vc_column][\/vc_row][vc_row][vc_column width=&#8221;1\/1&#8243;][uncode_block id=&#8221;87787&#8243;][\/vc_column][\/vc_row][vc_row][vc_column width=&#8221;1\/1&#8243;][\/vc_column][\/vc_row]<\/p>\n<\/div>","protected":false},"excerpt":{"rendered":"<p>[vc_row row_height_percent=&#8221;0&#8243; override_padding=&#8221;yes&#8221; h_padding=&#8221;2&#8243; top_padding=&#8221;3&#8243; bottom_padding=&#8221;3&#8243; back_image=&#8221;65455&#8243; back_repeat=&#8221;no-repeat&#8221; back_attachment=&#8221;inherit&#8221; back_position=&#8221;left top&#8221; overlay_alpha=&#8221;50&#8243; gutter_size=&#8221;3&#8243; column_width_percent=&#8221;100&#8243; shift_y=&#8221;0&#8243; z_index=&#8221;0&#8243; back_size=&#8221;35%&#8221;][vc_column column_width_percent=&#8221;100&#8243; position_horizontal=&#8221;right&#8221; gutter_size=&#8221;3&#8243; [&hellip;]<\/p>\n","protected":false},"author":1,"featured_media":0,"parent":69743,"menu_order":10,"comment_status":"closed","ping_status":"closed","template":"","meta":{"footnotes":""},"class_list":["post-87233","page","type-page","status-publish","hentry"],"yoast_head":"<!-- This site is optimized with the Yoast SEO plugin v24.5 - https:\/\/yoast.com\/wordpress\/plugins\/seo\/ -->\n<title>Misja i Wizja - Panizzolo Impianti di riciclaggio per rifiuti<\/title>\n<meta name=\"robots\" content=\"index, follow, max-snippet:-1, max-image-preview:large, max-video-preview:-1\" \/>\n<link rel=\"canonical\" href=\"https:\/\/www.panizzolo.com\/pl\/firma\/misja-i-wizja\/\" \/>\n<meta property=\"og:locale\" content=\"pl_PL\" \/>\n<meta property=\"og:type\" content=\"article\" \/>\n<meta property=\"og:title\" content=\"Misja i Wizja - Panizzolo Impianti di riciclaggio per rifiuti\" \/>\n<meta property=\"og:description\" content=\"[vc_row row_height_percent=&#8221;0&#8243; override_padding=&#8221;yes&#8221; h_padding=&#8221;2&#8243; top_padding=&#8221;3&#8243; bottom_padding=&#8221;3&#8243; back_image=&#8221;65455&#8243; back_repeat=&#8221;no-repeat&#8221; back_attachment=&#8221;inherit&#8221; back_position=&#8221;left top&#8221; overlay_alpha=&#8221;50&#8243; gutter_size=&#8221;3&#8243; column_width_percent=&#8221;100&#8243; shift_y=&#8221;0&#8243; z_index=&#8221;0&#8243; back_size=&#8221;35%&#8221;][vc_column column_width_percent=&#8221;100&#8243; position_horizontal=&#8221;right&#8221; gutter_size=&#8221;3&#8243; [&hellip;]\" \/>\n<meta property=\"og:url\" content=\"https:\/\/www.panizzolo.com\/pl\/firma\/misja-i-wizja\/\" \/>\n<meta property=\"og:site_name\" content=\"Panizzolo Impianti di riciclaggio per rifiuti\" \/>\n<meta property=\"article:publisher\" content=\"https:\/\/www.facebook.com\/PanizzoloRecycling\" \/>\n<meta property=\"article:modified_time\" content=\"2025-06-13T07:27:36+00:00\" \/>\n<meta name=\"twitter:card\" content=\"summary_large_image\" \/>\n<meta name=\"twitter:site\" content=\"@PanizzoloRS\" \/>\n<meta name=\"twitter:label1\" content=\"Est. reading time\" \/>\n\t<meta name=\"twitter:data1\" content=\"3 minutes\" \/>\n<script type=\"application\/ld+json\" class=\"yoast-schema-graph\">{\"@context\":\"https:\/\/schema.org\",\"@graph\":[{\"@type\":\"WebPage\",\"@id\":\"https:\/\/www.panizzolo.com\/pl\/firma\/misja-i-wizja\/\",\"url\":\"https:\/\/www.panizzolo.com\/pl\/firma\/misja-i-wizja\/\",\"name\":\"Misja i Wizja - Panizzolo Impianti di riciclaggio per rifiuti\",\"isPartOf\":{\"@id\":\"https:\/\/www.panizzolo.com\/pl\/#website\"},\"datePublished\":\"2021-05-13T14:16:35+00:00\",\"dateModified\":\"2025-06-13T07:27:36+00:00\",\"breadcrumb\":{\"@id\":\"https:\/\/www.panizzolo.com\/pl\/firma\/misja-i-wizja\/#breadcrumb\"},\"inLanguage\":\"pl-PL\",\"potentialAction\":[{\"@type\":\"ReadAction\",\"target\":[\"https:\/\/www.panizzolo.com\/pl\/firma\/misja-i-wizja\/\"]}]},{\"@type\":\"BreadcrumbList\",\"@id\":\"https:\/\/www.panizzolo.com\/pl\/firma\/misja-i-wizja\/#breadcrumb\",\"itemListElement\":[{\"@type\":\"ListItem\",\"position\":1,\"name\":\"Firma\",\"item\":\"https:\/\/www.panizzolo.com\/pl\/firma\/\"},{\"@type\":\"ListItem\",\"position\":2,\"name\":\"Misja i Wizja\"}]},{\"@type\":\"WebSite\",\"@id\":\"https:\/\/www.panizzolo.com\/pl\/#website\",\"url\":\"https:\/\/www.panizzolo.com\/pl\/\",\"name\":\"Panizzolo Impianti di riciclaggio per rifiuti\",\"description\":\"Panizzolo Impianti di riciclaggio per rifiuti\",\"potentialAction\":[{\"@type\":\"SearchAction\",\"target\":{\"@type\":\"EntryPoint\",\"urlTemplate\":\"https:\/\/www.panizzolo.com\/pl\/?s={search_term_string}\"},\"query-input\":{\"@type\":\"PropertyValueSpecification\",\"valueRequired\":true,\"valueName\":\"search_term_string\"}}],\"inLanguage\":\"pl-PL\"}]}<\/script>\n<!-- \/ Yoast SEO plugin. -->","yoast_head_json":{"title":"Misja i Wizja - Panizzolo Impianti di riciclaggio per rifiuti","robots":{"index":"index","follow":"follow","max-snippet":"max-snippet:-1","max-image-preview":"max-image-preview:large","max-video-preview":"max-video-preview:-1"},"canonical":"https:\/\/www.panizzolo.com\/pl\/firma\/misja-i-wizja\/","og_locale":"pl_PL","og_type":"article","og_title":"Misja i Wizja - Panizzolo Impianti di riciclaggio per rifiuti","og_description":"[vc_row row_height_percent=&#8221;0&#8243; override_padding=&#8221;yes&#8221; h_padding=&#8221;2&#8243; top_padding=&#8221;3&#8243; bottom_padding=&#8221;3&#8243; back_image=&#8221;65455&#8243; back_repeat=&#8221;no-repeat&#8221; back_attachment=&#8221;inherit&#8221; back_position=&#8221;left top&#8221; overlay_alpha=&#8221;50&#8243; gutter_size=&#8221;3&#8243; column_width_percent=&#8221;100&#8243; shift_y=&#8221;0&#8243; z_index=&#8221;0&#8243; back_size=&#8221;35%&#8221;][vc_column column_width_percent=&#8221;100&#8243; position_horizontal=&#8221;right&#8221; gutter_size=&#8221;3&#8243; [&hellip;]","og_url":"https:\/\/www.panizzolo.com\/pl\/firma\/misja-i-wizja\/","og_site_name":"Panizzolo Impianti di riciclaggio per rifiuti","article_publisher":"https:\/\/www.facebook.com\/PanizzoloRecycling","article_modified_time":"2025-06-13T07:27:36+00:00","twitter_card":"summary_large_image","twitter_site":"@PanizzoloRS","twitter_misc":{"Est. reading time":"3 minutes"},"schema":{"@context":"https:\/\/schema.org","@graph":[{"@type":"WebPage","@id":"https:\/\/www.panizzolo.com\/pl\/firma\/misja-i-wizja\/","url":"https:\/\/www.panizzolo.com\/pl\/firma\/misja-i-wizja\/","name":"Misja i Wizja - Panizzolo Impianti di riciclaggio per rifiuti","isPartOf":{"@id":"https:\/\/www.panizzolo.com\/pl\/#website"},"datePublished":"2021-05-13T14:16:35+00:00","dateModified":"2025-06-13T07:27:36+00:00","breadcrumb":{"@id":"https:\/\/www.panizzolo.com\/pl\/firma\/misja-i-wizja\/#breadcrumb"},"inLanguage":"pl-PL","potentialAction":[{"@type":"ReadAction","target":["https:\/\/www.panizzolo.com\/pl\/firma\/misja-i-wizja\/"]}]},{"@type":"BreadcrumbList","@id":"https:\/\/www.panizzolo.com\/pl\/firma\/misja-i-wizja\/#breadcrumb","itemListElement":[{"@type":"ListItem","position":1,"name":"Firma","item":"https:\/\/www.panizzolo.com\/pl\/firma\/"},{"@type":"ListItem","position":2,"name":"Misja i Wizja"}]},{"@type":"WebSite","@id":"https:\/\/www.panizzolo.com\/pl\/#website","url":"https:\/\/www.panizzolo.com\/pl\/","name":"Panizzolo Impianti di riciclaggio per rifiuti","description":"Panizzolo Impianti di riciclaggio per rifiuti","potentialAction":[{"@type":"SearchAction","target":{"@type":"EntryPoint","urlTemplate":"https:\/\/www.panizzolo.com\/pl\/?s={search_term_string}"},"query-input":{"@type":"PropertyValueSpecification","valueRequired":true,"valueName":"search_term_string"}}],"inLanguage":"pl-PL"}]}},"_links":{"self":[{"href":"https:\/\/www.panizzolo.com\/pl\/wp-json\/wp\/v2\/pages\/87233","targetHints":{"allow":["GET"]}}],"collection":[{"href":"https:\/\/www.panizzolo.com\/pl\/wp-json\/wp\/v2\/pages"}],"about":[{"href":"https:\/\/www.panizzolo.com\/pl\/wp-json\/wp\/v2\/types\/page"}],"author":[{"embeddable":true,"href":"https:\/\/www.panizzolo.com\/pl\/wp-json\/wp\/v2\/users\/1"}],"replies":[{"embeddable":true,"href":"https:\/\/www.panizzolo.com\/pl\/wp-json\/wp\/v2\/comments?post=87233"}],"version-history":[{"count":8,"href":"https:\/\/www.panizzolo.com\/pl\/wp-json\/wp\/v2\/pages\/87233\/revisions"}],"predecessor-version":[{"id":96483,"href":"https:\/\/www.panizzolo.com\/pl\/wp-json\/wp\/v2\/pages\/87233\/revisions\/96483"}],"up":[{"embeddable":true,"href":"https:\/\/www.panizzolo.com\/pl\/wp-json\/wp\/v2\/pages\/69743"}],"wp:attachment":[{"href":"https:\/\/www.panizzolo.com\/pl\/wp-json\/wp\/v2\/media?parent=87233"}],"curies":[{"name":"wp","href":"https:\/\/api.w.org\/{rel}","templated":true}]}}