{"id":87185,"date":"2021-05-13T16:15:31","date_gmt":"2021-05-13T14:15:31","guid":{"rendered":"https:\/\/www.panizzolo.com\/storie\/"},"modified":"2025-10-16T10:50:01","modified_gmt":"2025-10-16T08:50:01","slug":"historie","status":"publish","type":"page","link":"https:\/\/www.panizzolo.com\/pl\/historie\/","title":{"rendered":"Historie"},"content":{"rendered":"<div class=\"wpb-content-wrapper\"><p>[vc_row row_height_percent=&#8221;50&#8243; back_image=&#8221;101520&#8243; overlay_color=&#8221;color-jevc&#8221; overlay_alpha=&#8221;30&#8243; gutter_size=&#8221;3&#8243; column_width_percent=&#8221;100&#8243; shift_y=&#8221;0&#8243; z_index=&#8221;0&#8243; content_parallax=&#8221;0&#8243; uncode_shortcode_id=&#8221;179668&#8243; overlay_color_type=&#8221;uncode-palette&#8221;][vc_column column_width_percent=&#8221;100&#8243; position_vertical=&#8221;middle&#8221; align_horizontal=&#8221;align_center&#8221; gutter_size=&#8221;3&#8243; style=&#8221;dark&#8221; overlay_alpha=&#8221;50&#8243; shift_x=&#8221;0&#8243; shift_y=&#8221;0&#8243; shift_y_down=&#8221;0&#8243; z_index=&#8221;0&#8243; medium_width=&#8221;0&#8243; mobile_width=&#8221;0&#8243; width=&#8221;1\/1&#8243; uncode_shortcode_id=&#8221;771958&#8243;][vc_custom_heading heading_semantic=&#8221;h1&#8243; text_font=&#8221;font-195077&#8243; text_size=&#8221;h1&#8243; uncode_shortcode_id=&#8221;891249&#8243;]Historie i wywiady[\/vc_custom_heading][vc_custom_heading heading_semantic=&#8221;h3&#8243; text_font=&#8221;font-116529&#8243; text_size=&#8221;h3&#8243; uncode_shortcode_id=&#8221;999496&#8243;]Do\u015bwiadczenia, projekty i historie zespo\u0142u oraz klient\u00f3w Panizzolo[\/vc_custom_heading][\/vc_column][\/vc_row][vc_row unlock_row_content=&#8221;yes&#8221; row_height_percent=&#8221;0&#8243; override_padding=&#8221;yes&#8221; h_padding=&#8221;2&#8243; top_padding=&#8221;3&#8243; bottom_padding=&#8221;3&#8243; overlay_alpha=&#8221;50&#8243; gutter_size=&#8221;3&#8243; column_width_percent=&#8221;100&#8243; shift_y=&#8221;0&#8243; z_index=&#8221;0&#8243; content_parallax=&#8221;0&#8243; uncode_shortcode_id=&#8221;576409&#8243;][vc_column column_width_percent=&#8221;85&#8243; position_horizontal=&#8221;right&#8221; gutter_size=&#8221;3&#8243; overlay_alpha=&#8221;50&#8243; shift_x=&#8221;0&#8243; shift_y=&#8221;0&#8243; shift_y_down=&#8221;0&#8243; z_index=&#8221;0&#8243; medium_width=&#8221;0&#8243; mobile_width=&#8221;0&#8243; width=&#8221;1\/1&#8243;][vc_custom_heading css_animation=&#8221;alpha-anim&#8221; uncode_shortcode_id=&#8221;217440&#8243;]Nasi klienci[\/vc_custom_heading][vc_row_inner row_inner_height_percent=&#8221;0&#8243; overlay_alpha=&#8221;50&#8243; gutter_size=&#8221;4&#8243; shift_y=&#8221;0&#8243; z_index=&#8221;0&#8243; uncode_shortcode_id=&#8221;134675&#8243;][vc_column_inner column_width_percent=&#8221;100&#8243; position_horizontal=&#8221;left&#8221; gutter_size=&#8221;3&#8243; overlay_alpha=&#8221;50&#8243; shift_x=&#8221;0&#8243; shift_y=&#8221;0&#8243; shift_y_down=&#8221;0&#8243; z_index=&#8221;0&#8243; medium_width=&#8221;0&#8243; mobile_width=&#8221;0&#8243; css_animation=&#8221;left-t-right&#8221; width=&#8221;1\/3&#8243; uncode_shortcode_id=&#8221;109227&#8243;][vc_custom_heading text_color=&#8221;color-191517&#8243; heading_semantic=&#8221;h3&#8243; text_font=&#8221;font-116529&#8243; text_size=&#8221;h4&#8243; uncode_shortcode_id=&#8221;118773&#8243; text_color_type=&#8221;uncode-palette&#8221;]Ka\u017cda instalacja jest wynikiem wsp\u00f3lnej drogi, w kt\u00f3rej do\u015bwiadczenie techniczne, dialog i wsp\u00f3\u0142praca staj\u0105 si\u0119 kluczem do sukcesu. Historie naszych klient\u00f3w s\u0105 najbardziej autentycznym dowodem warto\u015bci, kt\u00f3r\u0105 tworzymy razem.[\/vc_custom_heading][\/vc_column_inner][vc_column_inner column_width_percent=&#8221;100&#8243; position_horizontal=&#8221;right&#8221; gutter_size=&#8221;3&#8243; overlay_alpha=&#8221;50&#8243; shift_x=&#8221;0&#8243; shift_y=&#8221;0&#8243; shift_y_down=&#8221;0&#8243; z_index=&#8221;0&#8243; medium_width=&#8221;0&#8243; mobile_width=&#8221;0&#8243; css_animation=&#8221;right-t-left&#8221; width=&#8221;1\/3&#8243; uncode_shortcode_id=&#8221;880562&#8243;][vc_button outline=&#8221;yes&#8221; border_width=&#8221;0&#8243; icon_position=&#8221;right&#8221; link=&#8221;url:https%3A%2F%2Fwww.panizzolo.com%2Fpl%2Fhistorie%2Fhistorie-firm%2F|title:Historie%20firm&#8221; uncode_shortcode_id=&#8221;192718&#8243; icon=&#8221;fa fa-arrow-right-thick&#8221; width=&#8221;260&#8243;]Wszystkie wywiady[\/vc_button][vc_button outline=&#8221;yes&#8221; border_width=&#8221;0&#8243; icon_position=&#8221;right&#8221; link=&#8221;url:https%3A%2F%2Fwww.panizzolo.com%2Fpl%2Fhistorie%2Fhistorie-firm%2Fwideo-z-wywiadami%2F|title:Wideo%20z%20wywiadami&#8221; uncode_shortcode_id=&#8221;399674&#8243; icon=&#8221;fa fa-arrow-right-thick&#8221; width=&#8221;260&#8243;]Wszystkie wywiady wideo[\/vc_button][\/vc_column_inner][vc_column_inner width=&#8221;1\/3&#8243;][\/vc_column_inner][\/vc_row_inner][vc_empty_space empty_h=&#8221;2&#8243;][uncode_index el_id=&#8221;index-17465098822&#8243; index_type=&#8221;carousel&#8221; loop=&#8221;size:15|order_by:date|order:DESC|post_type:post|categories:301|taxonomy_count:10&#8243; carousel_lg=&#8221;3&#8243; carousel_md=&#8221;3&#8243; carousel_sm=&#8221;1&#8243; thumb_size=&#8221;three-two&#8221; gutter_size=&#8221;3&#8243; post_items=&#8221;icon|md,media|media|onpost|original,title|-,text|excerpt,link|default-shape|default_size|scale_mobile|default_width|default_outline|Dowiedz si\u0119 wi\u0119cej&#8221; page_items=&#8221;title,media,text,category&#8221; product_items=&#8221;title,media,text,category,price&#8221; portfolio_items=&#8221;title,media,text,category&#8221; carousel_interval=&#8221;0&#8243; carousel_navspeed=&#8221;400&#8243; carousel_loop=&#8221;yes&#8221; carousel_dots=&#8221;yes&#8221; carousel_dots_mobile=&#8221;yes&#8221; stage_padding=&#8221;0&#8243; single_back_color=&#8221;color-xsdn&#8221; single_overlay_color=&#8221;color-jevc&#8221; single_overlay_opacity=&#8221;40&#8243; single_overlay_visible=&#8221;yes&#8221; single_text_visible=&#8221;yes&#8221; single_padding=&#8221;0&#8243; single_title_family=&#8221;font-116529&#8243; single_title_dimension=&#8221;h6&#8243; single_title_weight=&#8221;400&#8243; single_border=&#8221;yes&#8221; single_css_animation=&#8221;bottom-t-top&#8221; single_animation_delay=&#8221;400&#8243; single_animation_first=&#8221;yes&#8221; single_half_padding=&#8221;&#8221; single_title_uppercase=&#8221;&#8221; single_title_bold=&#8221;yes&#8221; single_title_serif=&#8221;&#8221; single_title_divider=&#8221;&#8221; single_no_background=&#8221;&#8221; footer_position=&#8221;left&#8221; carousel_rtl=&#8221;&#8221; items=&#8221;eyIyNDg5X2kiOnsic2luZ2xlX3dpZHRoIjoiNiJ9LCI0MjMxX2kiOnsiaW1hZ2VzX3NpemUiOiJvbmUtb25lIn0sIjc5MjM5X2kiOnsic2luZ2xlX2ljb24iOiJmYSBmYS1maWxtIn19&#8243; filtering_transform=&#8221;uppercase&#8221; el_class=&#8221;box_news&#8221; uncode_shortcode_id=&#8221;149854&#8243;][vc_empty_space empty_h=&#8221;2&#8243;][\/vc_column][\/vc_row][vc_row][vc_column width=&#8221;1\/1&#8243;][uncode_block id=&#8221;101502&#8243;][\/vc_column][\/vc_row][vc_row unlock_row_content=&#8221;yes&#8221; row_height_percent=&#8221;0&#8243; override_padding=&#8221;yes&#8221; h_padding=&#8221;2&#8243; top_padding=&#8221;3&#8243; bottom_padding=&#8221;3&#8243; overlay_alpha=&#8221;50&#8243; gutter_size=&#8221;3&#8243; column_width_percent=&#8221;100&#8243; shift_y=&#8221;0&#8243; z_index=&#8221;0&#8243; content_parallax=&#8221;0&#8243; uncode_shortcode_id=&#8221;122729&#8243; row_name=&#8221;staff&#8221;][vc_column column_width_percent=&#8221;85&#8243; position_horizontal=&#8221;right&#8221; gutter_size=&#8221;3&#8243; overlay_alpha=&#8221;50&#8243; shift_x=&#8221;0&#8243; shift_y=&#8221;0&#8243; shift_y_down=&#8221;0&#8243; z_index=&#8221;0&#8243; medium_width=&#8221;0&#8243; mobile_width=&#8221;0&#8243; width=&#8221;1\/1&#8243;][vc_custom_heading css_animation=&#8221;alpha-anim&#8221; uncode_shortcode_id=&#8221;577883&#8243;]Zesp\u00f3\u0142 firmy Panizzolo[\/vc_custom_heading][vc_row_inner row_inner_height_percent=&#8221;0&#8243; overlay_alpha=&#8221;50&#8243; gutter_size=&#8221;4&#8243; shift_y=&#8221;0&#8243; z_index=&#8221;0&#8243; uncode_shortcode_id=&#8221;512368&#8243;][vc_column_inner column_width_percent=&#8221;100&#8243; position_horizontal=&#8221;left&#8221; gutter_size=&#8221;3&#8243; overlay_alpha=&#8221;50&#8243; shift_x=&#8221;0&#8243; shift_y=&#8221;0&#8243; shift_y_down=&#8221;0&#8243; z_index=&#8221;0&#8243; medium_width=&#8221;0&#8243; mobile_width=&#8221;0&#8243; css_animation=&#8221;left-t-right&#8221; width=&#8221;1\/3&#8243; uncode_shortcode_id=&#8221;203859&#8243;][vc_custom_heading text_color=&#8221;color-191517&#8243; heading_semantic=&#8221;h3&#8243; text_font=&#8221;font-116529&#8243; text_size=&#8221;h4&#8243; uncode_shortcode_id=&#8221;656511&#8243; text_color_type=&#8221;uncode-palette&#8221;]Tylko poprzez inteligentn\u0105 i ciekaw\u0105 obserwacj\u0119 proces\u00f3w oraz ich wyzwa\u0144 mo\u017cna opracowa\u0107 rozwi\u0105zania i szczeg\u00f3\u0142y, kt\u00f3re robi\u0105 r\u00f3\u017cnic\u0119. Ka\u017cdy projekt powstaje dzi\u0119ki wsp\u00f3\u0142pracy i pracy zespo\u0142owej, w kt\u00f3rej kompetencje i do\u015bwiadczenie \u0142\u0105cz\u0105 si\u0119, aby osi\u0105gn\u0105\u0107 konkretne rezultaty.[\/vc_custom_heading][\/vc_column_inner][vc_column_inner column_width_percent=&#8221;100&#8243; position_horizontal=&#8221;right&#8221; gutter_size=&#8221;3&#8243; overlay_alpha=&#8221;50&#8243; shift_x=&#8221;0&#8243; shift_y=&#8221;0&#8243; shift_y_down=&#8221;0&#8243; z_index=&#8221;0&#8243; medium_width=&#8221;0&#8243; mobile_width=&#8221;0&#8243; css_animation=&#8221;right-t-left&#8221; width=&#8221;1\/3&#8243; uncode_shortcode_id=&#8221;997877&#8243;][vc_button outline=&#8221;yes&#8221; border_width=&#8221;0&#8243; icon_position=&#8221;right&#8221; link=&#8221;url:https%3A%2F%2Fwww.panizzolo.com%2Fpl%2Fhistorie%2Fwywiady-z-naszymi-pracownikami%2F|title:Wywiady%20z%20naszymi%20pracownikami&#8221; uncode_shortcode_id=&#8221;598397&#8243; icon=&#8221;fa fa-arrow-right-thick&#8221; width=&#8221;260&#8243;]Wszystkie wywiady[\/vc_button][vc_button outline=&#8221;yes&#8221; border_width=&#8221;0&#8243; icon_position=&#8221;right&#8221; link=&#8221;url:https%3A%2F%2Fwww.panizzolo.com%2Fpl%2Fhistorie%2Fwywiady-z-naszymi-pracownikami%2Fwideo-z-wywiadami%2F&#8221; uncode_shortcode_id=&#8221;805161&#8243; icon=&#8221;fa fa-arrow-right-thick&#8221; width=&#8221;260&#8243;]Wszystkie wywiady wideo[\/vc_button][\/vc_column_inner][vc_column_inner width=&#8221;1\/3&#8243;][\/vc_column_inner][\/vc_row_inner][vc_empty_space empty_h=&#8221;2&#8243;][uncode_index el_id=&#8221;index-17465098823&#8243; index_type=&#8221;carousel&#8221; loop=&#8221;size:15|order_by:date|order:DESC|post_type:post|categories:306|taxonomy_count:10&#8243; carousel_lg=&#8221;3&#8243; carousel_md=&#8221;3&#8243; carousel_sm=&#8221;1&#8243; thumb_size=&#8221;three-two&#8221; gutter_size=&#8221;3&#8243; post_items=&#8221;icon|md,media|media|onpost|original,title|-,text|excerpt,link|default-shape|default_size|scale_mobile|default_width|default_outline|Dowiedz si\u0119 wi\u0119cej&#8221; page_items=&#8221;title,media,text,category&#8221; product_items=&#8221;title,media,text,category,price&#8221; portfolio_items=&#8221;title,media,text,category&#8221; carousel_interval=&#8221;0&#8243; carousel_navspeed=&#8221;400&#8243; carousel_loop=&#8221;yes&#8221; carousel_dots=&#8221;yes&#8221; carousel_dots_mobile=&#8221;yes&#8221; stage_padding=&#8221;0&#8243; single_back_color=&#8221;color-xsdn&#8221; single_overlay_color=&#8221;color-jevc&#8221; single_overlay_opacity=&#8221;40&#8243; single_overlay_visible=&#8221;yes&#8221; single_text_visible=&#8221;yes&#8221; single_padding=&#8221;0&#8243; single_title_family=&#8221;font-116529&#8243; single_title_dimension=&#8221;h6&#8243; single_title_weight=&#8221;400&#8243; single_border=&#8221;yes&#8221; single_css_animation=&#8221;bottom-t-top&#8221; single_animation_delay=&#8221;400&#8243; single_animation_first=&#8221;yes&#8221; single_half_padding=&#8221;&#8221; single_title_uppercase=&#8221;&#8221; single_title_bold=&#8221;yes&#8221; single_title_serif=&#8221;&#8221; single_title_divider=&#8221;&#8221; single_no_background=&#8221;&#8221; footer_position=&#8221;left&#8221; carousel_rtl=&#8221;&#8221; items=&#8221;eyIyNDg5X2kiOnsic2luZ2xlX3dpZHRoIjoiNiJ9LCI0MjMxX2kiOnsiaW1hZ2VzX3NpemUiOiJvbmUtb25lIn0sIjc5MjM5X2kiOnsic2luZ2xlX2ljb24iOiJmYSBmYS1maWxtIn19&#8243; filtering_transform=&#8221;uppercase&#8221; el_class=&#8221;box_news&#8221; uncode_shortcode_id=&#8221;189794&#8243;][vc_empty_space empty_h=&#8221;2&#8243;][\/vc_column][\/vc_row]<\/p>\n<\/div>","protected":false},"excerpt":{"rendered":"<p>[vc_row row_height_percent=&#8221;50&#8243; back_image=&#8221;101520&#8243; overlay_color=&#8221;color-jevc&#8221; overlay_alpha=&#8221;30&#8243; gutter_size=&#8221;3&#8243; column_width_percent=&#8221;100&#8243; shift_y=&#8221;0&#8243; z_index=&#8221;0&#8243; content_parallax=&#8221;0&#8243; uncode_shortcode_id=&#8221;179668&#8243; overlay_color_type=&#8221;uncode-palette&#8221;][vc_column column_width_percent=&#8221;100&#8243; position_vertical=&#8221;middle&#8221; align_horizontal=&#8221;align_center&#8221; gutter_size=&#8221;3&#8243; style=&#8221;dark&#8221; overlay_alpha=&#8221;50&#8243; shift_x=&#8221;0&#8243; shift_y=&#8221;0&#8243; [&hellip;]<\/p>\n","protected":false},"author":1,"featured_media":0,"parent":0,"menu_order":20,"comment_status":"closed","ping_status":"closed","template":"","meta":{"footnotes":""},"class_list":["post-87185","page","type-page","status-publish","hentry"],"yoast_head":"<!-- This site is optimized with the Yoast SEO plugin v24.5 - https:\/\/yoast.com\/wordpress\/plugins\/seo\/ -->\n<title>Historie klient\u00f3w i zespo\u0142u - Panizzolo Recycling Systems<\/title>\n<meta name=\"description\" content=\"Za ka\u017cd\u0105 instalacj\u0105 stoj\u0105 ludzie, pomys\u0142y i wsp\u00f3\u0142praca.Poznaj historie klient\u00f3w i zespo\u0142u, kt\u00f3re opowiadaj\u0105 \u015bwiat Panizzolo.\" \/>\n<meta name=\"robots\" content=\"index, follow, max-snippet:-1, max-image-preview:large, max-video-preview:-1\" \/>\n<link rel=\"canonical\" href=\"https:\/\/www.panizzolo.com\/pl\/historie\/\" \/>\n<meta property=\"og:locale\" content=\"pl_PL\" \/>\n<meta property=\"og:type\" content=\"article\" \/>\n<meta property=\"og:title\" content=\"Historie klient\u00f3w i zespo\u0142u - Panizzolo Recycling Systems\" \/>\n<meta property=\"og:description\" content=\"Za ka\u017cd\u0105 instalacj\u0105 stoj\u0105 ludzie, pomys\u0142y i wsp\u00f3\u0142praca.Poznaj historie klient\u00f3w i zespo\u0142u, kt\u00f3re opowiadaj\u0105 \u015bwiat Panizzolo.\" \/>\n<meta property=\"og:url\" content=\"https:\/\/www.panizzolo.com\/pl\/historie\/\" \/>\n<meta property=\"og:site_name\" content=\"Panizzolo Impianti di riciclaggio per rifiuti\" \/>\n<meta property=\"article:publisher\" content=\"https:\/\/www.facebook.com\/PanizzoloRecycling\" \/>\n<meta property=\"article:modified_time\" content=\"2025-10-16T08:50:01+00:00\" \/>\n<meta name=\"twitter:card\" content=\"summary_large_image\" \/>\n<meta name=\"twitter:site\" content=\"@PanizzoloRS\" \/>\n<meta name=\"twitter:label1\" content=\"Est. reading time\" \/>\n\t<meta name=\"twitter:data1\" content=\"3 minutes\" \/>\n<script type=\"application\/ld+json\" class=\"yoast-schema-graph\">{\"@context\":\"https:\/\/schema.org\",\"@graph\":[{\"@type\":\"WebPage\",\"@id\":\"https:\/\/www.panizzolo.com\/pl\/historie\/\",\"url\":\"https:\/\/www.panizzolo.com\/pl\/historie\/\",\"name\":\"Historie klient\u00f3w i zespo\u0142u - Panizzolo Recycling Systems\",\"isPartOf\":{\"@id\":\"https:\/\/www.panizzolo.com\/pl\/#website\"},\"datePublished\":\"2021-05-13T14:15:31+00:00\",\"dateModified\":\"2025-10-16T08:50:01+00:00\",\"description\":\"Za ka\u017cd\u0105 instalacj\u0105 stoj\u0105 ludzie, pomys\u0142y i wsp\u00f3\u0142praca.Poznaj historie klient\u00f3w i zespo\u0142u, kt\u00f3re opowiadaj\u0105 \u015bwiat Panizzolo.\",\"inLanguage\":\"pl-PL\",\"potentialAction\":[{\"@type\":\"ReadAction\",\"target\":[\"https:\/\/www.panizzolo.com\/pl\/historie\/\"]}]},{\"@type\":\"WebSite\",\"@id\":\"https:\/\/www.panizzolo.com\/pl\/#website\",\"url\":\"https:\/\/www.panizzolo.com\/pl\/\",\"name\":\"Panizzolo Impianti di riciclaggio per rifiuti\",\"description\":\"Panizzolo Impianti di riciclaggio per rifiuti\",\"potentialAction\":[{\"@type\":\"SearchAction\",\"target\":{\"@type\":\"EntryPoint\",\"urlTemplate\":\"https:\/\/www.panizzolo.com\/pl\/?s={search_term_string}\"},\"query-input\":{\"@type\":\"PropertyValueSpecification\",\"valueRequired\":true,\"valueName\":\"search_term_string\"}}],\"inLanguage\":\"pl-PL\"}]}<\/script>\n<!-- \/ Yoast SEO plugin. -->","yoast_head_json":{"title":"Historie klient\u00f3w i zespo\u0142u - Panizzolo Recycling Systems","description":"Za ka\u017cd\u0105 instalacj\u0105 stoj\u0105 ludzie, pomys\u0142y i wsp\u00f3\u0142praca.Poznaj historie klient\u00f3w i zespo\u0142u, kt\u00f3re opowiadaj\u0105 \u015bwiat Panizzolo.","robots":{"index":"index","follow":"follow","max-snippet":"max-snippet:-1","max-image-preview":"max-image-preview:large","max-video-preview":"max-video-preview:-1"},"canonical":"https:\/\/www.panizzolo.com\/pl\/historie\/","og_locale":"pl_PL","og_type":"article","og_title":"Historie klient\u00f3w i zespo\u0142u - Panizzolo Recycling Systems","og_description":"Za ka\u017cd\u0105 instalacj\u0105 stoj\u0105 ludzie, pomys\u0142y i wsp\u00f3\u0142praca.Poznaj historie klient\u00f3w i zespo\u0142u, kt\u00f3re opowiadaj\u0105 \u015bwiat Panizzolo.","og_url":"https:\/\/www.panizzolo.com\/pl\/historie\/","og_site_name":"Panizzolo Impianti di riciclaggio per rifiuti","article_publisher":"https:\/\/www.facebook.com\/PanizzoloRecycling","article_modified_time":"2025-10-16T08:50:01+00:00","twitter_card":"summary_large_image","twitter_site":"@PanizzoloRS","twitter_misc":{"Est. reading time":"3 minutes"},"schema":{"@context":"https:\/\/schema.org","@graph":[{"@type":"WebPage","@id":"https:\/\/www.panizzolo.com\/pl\/historie\/","url":"https:\/\/www.panizzolo.com\/pl\/historie\/","name":"Historie klient\u00f3w i zespo\u0142u - Panizzolo Recycling Systems","isPartOf":{"@id":"https:\/\/www.panizzolo.com\/pl\/#website"},"datePublished":"2021-05-13T14:15:31+00:00","dateModified":"2025-10-16T08:50:01+00:00","description":"Za ka\u017cd\u0105 instalacj\u0105 stoj\u0105 ludzie, pomys\u0142y i wsp\u00f3\u0142praca.Poznaj historie klient\u00f3w i zespo\u0142u, kt\u00f3re opowiadaj\u0105 \u015bwiat Panizzolo.","inLanguage":"pl-PL","potentialAction":[{"@type":"ReadAction","target":["https:\/\/www.panizzolo.com\/pl\/historie\/"]}]},{"@type":"WebSite","@id":"https:\/\/www.panizzolo.com\/pl\/#website","url":"https:\/\/www.panizzolo.com\/pl\/","name":"Panizzolo Impianti di riciclaggio per rifiuti","description":"Panizzolo Impianti di riciclaggio per rifiuti","potentialAction":[{"@type":"SearchAction","target":{"@type":"EntryPoint","urlTemplate":"https:\/\/www.panizzolo.com\/pl\/?s={search_term_string}"},"query-input":{"@type":"PropertyValueSpecification","valueRequired":true,"valueName":"search_term_string"}}],"inLanguage":"pl-PL"}]}},"_links":{"self":[{"href":"https:\/\/www.panizzolo.com\/pl\/wp-json\/wp\/v2\/pages\/87185","targetHints":{"allow":["GET"]}}],"collection":[{"href":"https:\/\/www.panizzolo.com\/pl\/wp-json\/wp\/v2\/pages"}],"about":[{"href":"https:\/\/www.panizzolo.com\/pl\/wp-json\/wp\/v2\/types\/page"}],"author":[{"embeddable":true,"href":"https:\/\/www.panizzolo.com\/pl\/wp-json\/wp\/v2\/users\/1"}],"replies":[{"embeddable":true,"href":"https:\/\/www.panizzolo.com\/pl\/wp-json\/wp\/v2\/comments?post=87185"}],"version-history":[{"count":15,"href":"https:\/\/www.panizzolo.com\/pl\/wp-json\/wp\/v2\/pages\/87185\/revisions"}],"predecessor-version":[{"id":101642,"href":"https:\/\/www.panizzolo.com\/pl\/wp-json\/wp\/v2\/pages\/87185\/revisions\/101642"}],"wp:attachment":[{"href":"https:\/\/www.panizzolo.com\/pl\/wp-json\/wp\/v2\/media?parent=87185"}],"curies":[{"name":"wp","href":"https:\/\/api.w.org\/{rel}","templated":true}]}}