{"id":78279,"date":"2020-05-05T16:05:56","date_gmt":"2020-05-05T14:05:56","guid":{"rendered":"https:\/\/www.panizzolo.com\/kontakt\/richiedi-informazioni-usato-panizzolo\/"},"modified":"2025-03-05T10:16:06","modified_gmt":"2025-03-05T09:16:06","slug":"form-contatti-usato-dziekujemy","status":"publish","type":"page","link":"https:\/\/www.panizzolo.com\/pl\/form-contatti-usato-dziekujemy\/","title":{"rendered":"Form Contatti Usato &#8211; Dzi\u0119kujemy"},"content":{"rendered":"<div class=\"wpb-content-wrapper\"><p>[vc_row][vc_column width=&#8221;1\/1&#8243;][vc_empty_space empty_h=&#8221;2&#8243;][vc_custom_heading heading_semantic=&#8221;h1&#8243; text_size=&#8221;h1&#8243; uncode_shortcode_id=&#8221;113326&#8243;]Dzi\u0119kujemy za zainteresowanie![\/vc_custom_heading][vc_column_text uncode_shortcode_id=&#8221;185220&#8243;]Twoja wiadomo\u015b\u0107 zosta\u0142a pomy\u015blnie wys\u0142ana i wkr\u00f3tce skontaktuje si\u0119 z Tob\u0105 nasze biuro obs\u0142ugi lub odpowiedzialny przedstawiciel handlowy.[\/vc_column_text][vc_empty_space empty_h=&#8221;2&#8243;][\/vc_column][\/vc_row][vc_row][vc_column width=&#8221;1\/1&#8243;][vc_row_inner row_inner_height_percent=&#8221;0&#8243; back_color=&#8221;color-jevc&#8221; overlay_alpha=&#8221;50&#8243; gutter_size=&#8221;0&#8243; shift_y=&#8221;0&#8243; z_index=&#8221;0&#8243;][vc_column_inner column_width_percent=&#8221;100&#8243; gutter_size=&#8221;3&#8243; override_padding=&#8221;yes&#8221; column_padding=&#8221;0&#8243; overlay_alpha=&#8221;50&#8243; shift_x=&#8221;0&#8243; shift_y=&#8221;0&#8243; shift_y_down=&#8221;0&#8243; z_index=&#8221;0&#8243; medium_width=&#8221;0&#8243; mobile_width=&#8221;0&#8243; width=&#8221;1\/2&#8243;][vc_single_image media=&#8221;79505&#8243; media_width_percent=&#8221;100&#8243;][\/vc_column_inner][vc_column_inner column_width_percent=&#8221;82&#8243; position_vertical=&#8221;middle&#8221; gutter_size=&#8221;3&#8243; override_padding=&#8221;yes&#8221; column_padding=&#8221;3&#8243; style=&#8221;dark&#8221; overlay_alpha=&#8221;50&#8243; shift_x=&#8221;0&#8243; shift_y=&#8221;0&#8243; shift_y_down=&#8221;0&#8243; z_index=&#8221;0&#8243; medium_width=&#8221;0&#8243; mobile_width=&#8221;0&#8243; width=&#8221;1\/2&#8243;][vc_custom_heading text_font=&#8221;font-116529&#8243; text_weight=&#8221;300&#8243; css_animation=&#8221;zoom-in&#8221; uncode_shortcode_id=&#8221;131011&#8243;]Jeste\u015bmy idealnym partnerem dla Twojego biznesu. Nasze instalacje to unikalne rozwi\u0105zania na rynku.[\/vc_custom_heading][vc_button border_width=&#8221;0&#8243; icon_position=&#8221;right&#8221; css_animation=&#8221;alpha-anim&#8221; animation_delay=&#8221;100&#8243; link=&#8221;url:https%3A%2F%2Fwww.panizzolo.com%2Fpl%2Fpatenty%2F|title:Patenty&#8221; uncode_shortcode_id=&#8221;162971&#8243; icon=&#8221;fa fa-arrow-right-thick&#8221;]Dlaczego w\u0142a\u015bnie my[\/vc_button][\/vc_column_inner][\/vc_row_inner][\/vc_column][\/vc_row]<\/p>\n<\/div>","protected":false},"excerpt":{"rendered":"<p>[vc_row][vc_column width=&#8221;1\/1&#8243;][vc_empty_space empty_h=&#8221;2&#8243;][vc_custom_heading heading_semantic=&#8221;h1&#8243; text_size=&#8221;h1&#8243; uncode_shortcode_id=&#8221;113326&#8243;]Dzi\u0119kujemy za zainteresowanie![\/vc_custom_heading][vc_column_text uncode_shortcode_id=&#8221;185220&#8243;]Twoja wiadomo\u015b\u0107 zosta\u0142a pomy\u015blnie wys\u0142ana i wkr\u00f3tce skontaktuje si\u0119 z Tob\u0105 nasze [&hellip;]<\/p>\n","protected":false},"author":1,"featured_media":77957,"parent":0,"menu_order":0,"comment_status":"closed","ping_status":"closed","template":"","meta":{"footnotes":""},"class_list":["post-78279","page","type-page","status-publish","has-post-thumbnail","hentry"],"yoast_head":"<!-- This site is optimized with the Yoast SEO plugin v24.5 - https:\/\/yoast.com\/wordpress\/plugins\/seo\/ -->\n<title>Form Contatti Usato - Dzi\u0119kujemy - Panizzolo Impianti di riciclaggio per rifiuti<\/title>\n<meta name=\"robots\" content=\"index, follow, max-snippet:-1, max-image-preview:large, max-video-preview:-1\" \/>\n<link rel=\"canonical\" href=\"https:\/\/www.panizzolo.com\/pl\/form-contatti-usato-dziekujemy\/\" \/>\n<meta property=\"og:locale\" content=\"pl_PL\" \/>\n<meta property=\"og:type\" content=\"article\" \/>\n<meta property=\"og:title\" content=\"Form Contatti Usato - Dzi\u0119kujemy - Panizzolo Impianti di riciclaggio per rifiuti\" \/>\n<meta property=\"og:description\" content=\"[vc_row][vc_column width=&#8221;1\/1&#8243;][vc_empty_space empty_h=&#8221;2&#8243;][vc_custom_heading heading_semantic=&#8221;h1&#8243; text_size=&#8221;h1&#8243; uncode_shortcode_id=&#8221;113326&#8243;]Dzi\u0119kujemy za zainteresowanie![\/vc_custom_heading][vc_column_text uncode_shortcode_id=&#8221;185220&#8243;]Twoja wiadomo\u015b\u0107 zosta\u0142a pomy\u015blnie wys\u0142ana i wkr\u00f3tce skontaktuje si\u0119 z Tob\u0105 nasze [&hellip;]\" \/>\n<meta property=\"og:url\" content=\"https:\/\/www.panizzolo.com\/pl\/form-contatti-usato-dziekujemy\/\" \/>\n<meta property=\"og:site_name\" content=\"Panizzolo Impianti di riciclaggio per rifiuti\" \/>\n<meta property=\"article:publisher\" content=\"https:\/\/www.facebook.com\/PanizzoloRecycling\" \/>\n<meta property=\"article:modified_time\" content=\"2025-03-05T09:16:06+00:00\" \/>\n<meta property=\"og:image\" content=\"https:\/\/www.panizzolo.com\/wp-content\/uploads\/2020\/05\/revisione-certificata-macchine-panizzolo.jpg\" \/>\n\t<meta property=\"og:image:width\" content=\"1752\" \/>\n\t<meta property=\"og:image:height\" content=\"823\" \/>\n\t<meta property=\"og:image:type\" content=\"image\/jpeg\" \/>\n<meta name=\"twitter:card\" content=\"summary_large_image\" \/>\n<meta name=\"twitter:site\" content=\"@PanizzoloRS\" \/>\n<meta name=\"twitter:label1\" content=\"Est. reading time\" \/>\n\t<meta name=\"twitter:data1\" content=\"1 minute\" \/>\n<script type=\"application\/ld+json\" class=\"yoast-schema-graph\">{\"@context\":\"https:\/\/schema.org\",\"@graph\":[{\"@type\":\"WebPage\",\"@id\":\"https:\/\/www.panizzolo.com\/pl\/form-contatti-usato-dziekujemy\/\",\"url\":\"https:\/\/www.panizzolo.com\/pl\/form-contatti-usato-dziekujemy\/\",\"name\":\"Form Contatti Usato - Dzi\u0119kujemy - Panizzolo Impianti di riciclaggio per rifiuti\",\"isPartOf\":{\"@id\":\"https:\/\/www.panizzolo.com\/pl\/#website\"},\"primaryImageOfPage\":{\"@id\":\"https:\/\/www.panizzolo.com\/pl\/form-contatti-usato-dziekujemy\/#primaryimage\"},\"image\":{\"@id\":\"https:\/\/www.panizzolo.com\/pl\/form-contatti-usato-dziekujemy\/#primaryimage\"},\"thumbnailUrl\":\"https:\/\/www.panizzolo.com\/wp-content\/uploads\/2020\/05\/revisione-certificata-macchine-panizzolo.jpg\",\"datePublished\":\"2020-05-05T14:05:56+00:00\",\"dateModified\":\"2025-03-05T09:16:06+00:00\",\"inLanguage\":\"pl-PL\",\"potentialAction\":[{\"@type\":\"ReadAction\",\"target\":[\"https:\/\/www.panizzolo.com\/pl\/form-contatti-usato-dziekujemy\/\"]}]},{\"@type\":\"ImageObject\",\"inLanguage\":\"pl-PL\",\"@id\":\"https:\/\/www.panizzolo.com\/pl\/form-contatti-usato-dziekujemy\/#primaryimage\",\"url\":\"https:\/\/www.panizzolo.com\/wp-content\/uploads\/2020\/05\/revisione-certificata-macchine-panizzolo.jpg\",\"contentUrl\":\"https:\/\/www.panizzolo.com\/wp-content\/uploads\/2020\/05\/revisione-certificata-macchine-panizzolo.jpg\",\"width\":1752,\"height\":823},{\"@type\":\"WebSite\",\"@id\":\"https:\/\/www.panizzolo.com\/pl\/#website\",\"url\":\"https:\/\/www.panizzolo.com\/pl\/\",\"name\":\"Panizzolo Impianti di riciclaggio per rifiuti\",\"description\":\"Panizzolo Impianti di riciclaggio per rifiuti\",\"potentialAction\":[{\"@type\":\"SearchAction\",\"target\":{\"@type\":\"EntryPoint\",\"urlTemplate\":\"https:\/\/www.panizzolo.com\/pl\/?s={search_term_string}\"},\"query-input\":{\"@type\":\"PropertyValueSpecification\",\"valueRequired\":true,\"valueName\":\"search_term_string\"}}],\"inLanguage\":\"pl-PL\"}]}<\/script>\n<!-- \/ Yoast SEO plugin. -->","yoast_head_json":{"title":"Form Contatti Usato - Dzi\u0119kujemy - Panizzolo Impianti di riciclaggio per rifiuti","robots":{"index":"index","follow":"follow","max-snippet":"max-snippet:-1","max-image-preview":"max-image-preview:large","max-video-preview":"max-video-preview:-1"},"canonical":"https:\/\/www.panizzolo.com\/pl\/form-contatti-usato-dziekujemy\/","og_locale":"pl_PL","og_type":"article","og_title":"Form Contatti Usato - Dzi\u0119kujemy - Panizzolo Impianti di riciclaggio per rifiuti","og_description":"[vc_row][vc_column width=&#8221;1\/1&#8243;][vc_empty_space empty_h=&#8221;2&#8243;][vc_custom_heading heading_semantic=&#8221;h1&#8243; text_size=&#8221;h1&#8243; uncode_shortcode_id=&#8221;113326&#8243;]Dzi\u0119kujemy za zainteresowanie![\/vc_custom_heading][vc_column_text uncode_shortcode_id=&#8221;185220&#8243;]Twoja wiadomo\u015b\u0107 zosta\u0142a pomy\u015blnie wys\u0142ana i wkr\u00f3tce skontaktuje si\u0119 z Tob\u0105 nasze [&hellip;]","og_url":"https:\/\/www.panizzolo.com\/pl\/form-contatti-usato-dziekujemy\/","og_site_name":"Panizzolo Impianti di riciclaggio per rifiuti","article_publisher":"https:\/\/www.facebook.com\/PanizzoloRecycling","article_modified_time":"2025-03-05T09:16:06+00:00","og_image":[{"width":1752,"height":823,"url":"https:\/\/www.panizzolo.com\/wp-content\/uploads\/2020\/05\/revisione-certificata-macchine-panizzolo.jpg","type":"image\/jpeg"}],"twitter_card":"summary_large_image","twitter_site":"@PanizzoloRS","twitter_misc":{"Est. reading time":"1 minute"},"schema":{"@context":"https:\/\/schema.org","@graph":[{"@type":"WebPage","@id":"https:\/\/www.panizzolo.com\/pl\/form-contatti-usato-dziekujemy\/","url":"https:\/\/www.panizzolo.com\/pl\/form-contatti-usato-dziekujemy\/","name":"Form Contatti Usato - Dzi\u0119kujemy - Panizzolo Impianti di riciclaggio per rifiuti","isPartOf":{"@id":"https:\/\/www.panizzolo.com\/pl\/#website"},"primaryImageOfPage":{"@id":"https:\/\/www.panizzolo.com\/pl\/form-contatti-usato-dziekujemy\/#primaryimage"},"image":{"@id":"https:\/\/www.panizzolo.com\/pl\/form-contatti-usato-dziekujemy\/#primaryimage"},"thumbnailUrl":"https:\/\/www.panizzolo.com\/wp-content\/uploads\/2020\/05\/revisione-certificata-macchine-panizzolo.jpg","datePublished":"2020-05-05T14:05:56+00:00","dateModified":"2025-03-05T09:16:06+00:00","inLanguage":"pl-PL","potentialAction":[{"@type":"ReadAction","target":["https:\/\/www.panizzolo.com\/pl\/form-contatti-usato-dziekujemy\/"]}]},{"@type":"ImageObject","inLanguage":"pl-PL","@id":"https:\/\/www.panizzolo.com\/pl\/form-contatti-usato-dziekujemy\/#primaryimage","url":"https:\/\/www.panizzolo.com\/wp-content\/uploads\/2020\/05\/revisione-certificata-macchine-panizzolo.jpg","contentUrl":"https:\/\/www.panizzolo.com\/wp-content\/uploads\/2020\/05\/revisione-certificata-macchine-panizzolo.jpg","width":1752,"height":823},{"@type":"WebSite","@id":"https:\/\/www.panizzolo.com\/pl\/#website","url":"https:\/\/www.panizzolo.com\/pl\/","name":"Panizzolo Impianti di riciclaggio per rifiuti","description":"Panizzolo Impianti di riciclaggio per rifiuti","potentialAction":[{"@type":"SearchAction","target":{"@type":"EntryPoint","urlTemplate":"https:\/\/www.panizzolo.com\/pl\/?s={search_term_string}"},"query-input":{"@type":"PropertyValueSpecification","valueRequired":true,"valueName":"search_term_string"}}],"inLanguage":"pl-PL"}]}},"_links":{"self":[{"href":"https:\/\/www.panizzolo.com\/pl\/wp-json\/wp\/v2\/pages\/78279","targetHints":{"allow":["GET"]}}],"collection":[{"href":"https:\/\/www.panizzolo.com\/pl\/wp-json\/wp\/v2\/pages"}],"about":[{"href":"https:\/\/www.panizzolo.com\/pl\/wp-json\/wp\/v2\/types\/page"}],"author":[{"embeddable":true,"href":"https:\/\/www.panizzolo.com\/pl\/wp-json\/wp\/v2\/users\/1"}],"replies":[{"embeddable":true,"href":"https:\/\/www.panizzolo.com\/pl\/wp-json\/wp\/v2\/comments?post=78279"}],"version-history":[{"count":6,"href":"https:\/\/www.panizzolo.com\/pl\/wp-json\/wp\/v2\/pages\/78279\/revisions"}],"predecessor-version":[{"id":96957,"href":"https:\/\/www.panizzolo.com\/pl\/wp-json\/wp\/v2\/pages\/78279\/revisions\/96957"}],"wp:featuredmedia":[{"embeddable":true,"href":"https:\/\/www.panizzolo.com\/pl\/wp-json\/wp\/v2\/media\/77957"}],"wp:attachment":[{"href":"https:\/\/www.panizzolo.com\/pl\/wp-json\/wp\/v2\/media?parent=78279"}],"curies":[{"name":"wp","href":"https:\/\/api.w.org\/{rel}","templated":true}]}}