{"id":78249,"date":"2020-04-30T13:05:14","date_gmt":"2020-04-30T11:05:14","guid":{"rendered":"https:\/\/www.panizzolo.com\/firma\/impianto-per-il-riciclaggio-usato\/"},"modified":"2021-10-25T16:21:34","modified_gmt":"2021-10-25T14:21:34","slug":"polityka-jakosci-uzywanych","status":"publish","type":"page","link":"https:\/\/www.panizzolo.com\/pl\/rozwiazania-dotyczace-recyklingu\/uzywany\/polityka-jakosci-uzywanych\/","title":{"rendered":"Polityka jako\u015bci u\u017cywanych"},"content":{"rendered":"<div class=\"wpb-content-wrapper\"><p>[vc_row row_height_percent=&#8221;0&#8243; override_padding=&#8221;yes&#8221; h_padding=&#8221;2&#8243; top_padding=&#8221;2&#8243; bottom_padding=&#8221;3&#8243; back_image=&#8221;65455&#8243; back_repeat=&#8221;no-repeat&#8221; back_position=&#8221;right bottom&#8221; overlay_alpha=&#8221;50&#8243; gutter_size=&#8221;3&#8243; column_width_percent=&#8221;100&#8243; shift_y=&#8221;0&#8243; z_index=&#8221;0&#8243;][vc_column column_width_percent=&#8221;100&#8243; position_horizontal=&#8221;left&#8221; gutter_size=&#8221;3&#8243; overlay_alpha=&#8221;50&#8243; shift_x=&#8221;0&#8243; shift_y=&#8221;0&#8243; shift_y_down=&#8221;0&#8243; z_index=&#8221;0&#8243; medium_width=&#8221;0&#8243; mobile_width=&#8221;0&#8243; width=&#8221;1\/1&#8243;][vc_row_inner row_inner_height_percent=&#8221;0&#8243; overlay_alpha=&#8221;50&#8243; gutter_size=&#8221;3&#8243; shift_y=&#8221;0&#8243; z_index=&#8221;0&#8243;][vc_column_inner column_width_percent=&#8221;72&#8243; position_horizontal=&#8221;left&#8221; gutter_size=&#8221;3&#8243; overlay_alpha=&#8221;50&#8243; shift_x=&#8221;0&#8243; shift_y=&#8221;0&#8243; shift_y_down=&#8221;0&#8243; z_index=&#8221;0&#8243; medium_width=&#8221;0&#8243; mobile_width=&#8221;0&#8243; css_animation=&#8221;bottom-t-top&#8221; animation_delay=&#8221;100&#8243; width=&#8221;1\/1&#8243; uncode_shortcode_id=&#8221;981016&#8243;][vc_empty_space empty_h=&#8221;2&#8243;][vc_custom_heading css_animation=&#8221;left-t-right&#8221; uncode_shortcode_id=&#8221;118736&#8243;]Polityka jako\u015bci u\u017cywanych<br \/>\nprodukt\u00f3w Panizzolo[\/vc_custom_heading][vc_empty_space empty_h=&#8221;2&#8243;][vc_column_text css_animation=&#8221;left-t-right&#8221; uncode_shortcode_id=&#8221;540883&#8243;]Ka\u017cda <b>u\u017cywana instalacja do recyklingu<\/b> i <b>u\u017cywana maszyna do recyklingu<\/b>, kt\u00f3re zwracamy, podlegaj\u0105 precyzyjnej procedurze remontu, zapewniaj\u0105cej najwy\u017csze standardy jako\u015bci i produkcji dla firm zajmuj\u0105cych si\u0119 <b>przetwarzaniem odpad\u00f3w metalowych m\u0142ynami m\u0142otkowymi, rozdrabniaczami przemys\u0142owymi<\/b> i remontowanymi <b>systemami do separacji<\/b>. Do ka\u017cdej<b> u\u017cywanej instalacji di mielenia<\/b> jest wyznaczany zesp\u00f3\u0142 wysoce wyspecjalizowanych technik\u00f3w mechanik\u00f3w i elektryk\u00f3w pracuj\u0105cych pod nadzorem kierownika zam\u00f3wienia.[\/vc_column_text][vc_empty_space empty_h=&#8221;2&#8243;][\/vc_column_inner][\/vc_row_inner][vc_row_inner row_inner_height_percent=&#8221;0&#8243; overlay_alpha=&#8221;50&#8243; gutter_size=&#8221;4&#8243; shift_y=&#8221;0&#8243; z_index=&#8221;0&#8243; uncode_shortcode_id=&#8221;163244&#8243;][vc_column_inner column_width_percent=&#8221;100&#8243; gutter_size=&#8221;3&#8243; overlay_alpha=&#8221;50&#8243; shift_x=&#8221;0&#8243; shift_y=&#8221;0&#8243; shift_y_down=&#8221;0&#8243; z_index=&#8221;0&#8243; medium_width=&#8221;0&#8243; mobile_width=&#8221;0&#8243; css_animation=&#8221;bottom-t-top&#8221; animation_delay=&#8221;100&#8243; width=&#8221;1\/2&#8243; uncode_shortcode_id=&#8221;358815&#8243;][vc_custom_heading text_color=&#8221;color-708329&#8243; heading_semantic=&#8221;h3&#8243; text_font=&#8221;font-116529&#8243; text_size=&#8221;h3&#8243; text_transform=&#8221;uppercase&#8221; css_animation=&#8221;alpha-anim&#8221; uncode_shortcode_id=&#8221;894028&#8243; text_color_type=&#8221;uncode-palette&#8221;]KOMPLETNA KONTROLA MECHANICZNA I ELEKTRYCZNA[\/vc_custom_heading][vc_column_text css_animation=&#8221;alpha-anim&#8221; uncode_shortcode_id=&#8221;170046&#8243;]Zwrot u\u017cywanej instalacji do recyklingu i u\u017cywanej maszyny do recyklingu zbiega si\u0119 z pierwsz\u0105 kontrol\u0105 wizualn\u0105, wskazuj\u0105c, kt\u00f3re komponenty i zu\u017cyte elementy nale\u017cy wymieni\u0107 lub zmodernizowa\u0107. Nast\u0119pnie maszyna jest ca\u0142kowicie demontowana w celu przeprowadzenia bardziej szczeg\u00f3\u0142owej analizy. Polityka wymian firmy Panizzolo Recycling Systems pod\u0105\u017ca w dw\u00f3ch kierunkach. Z jednej strony, je\u015bli komponent jest wyra\u017anie zu\u017cyty wymieniamy go na nowy o tej samej jako\u015bci lub wy\u017cszej. Komponent mo\u017ce by\u0107 te\u017c wymieniony, je\u015bli nie spe\u0142nia naszego poziomu jako\u015bci integralno\u015bci. W u\u017cywanych m\u0142ynach m\u0142otkowych, wirnik jest komponentem najbardziej zaanga\u017cowanym w mielenie. W zwi\u0105zku z tym jest ca\u0142kowicie demontowany, oceniany jest stan \u0142o\u017cysk, sprawdzana jest r\u00f3wnowaga, a nast\u0119pnie przywracamy go do optymalnego stanu roboczego. Stacja zasilaj\u0105ca i system hydrauliczny s\u0105 demontowane, kontrolowane i remontowane. Wszystkie komponenty s\u0105 smarowane i oliwione i sprawdzane jest mocowanie \u015brub.[\/vc_column_text][\/vc_column_inner][vc_column_inner column_width_percent=&#8221;100&#8243; gutter_size=&#8221;3&#8243; overlay_alpha=&#8221;50&#8243; shift_x=&#8221;0&#8243; shift_y=&#8221;0&#8243; shift_y_down=&#8221;0&#8243; z_index=&#8221;0&#8243; medium_width=&#8221;0&#8243; mobile_width=&#8221;0&#8243; css_animation=&#8221;bottom-t-top&#8221; animation_delay=&#8221;100&#8243; width=&#8221;1\/2&#8243; uncode_shortcode_id=&#8221;263642&#8243;][vc_column_text css_animation=&#8221;alpha-anim&#8221; uncode_shortcode_id=&#8221;144452&#8243;]Kontrola elektryczna nie skupia si\u0119 tylko na niedzia\u0142aj\u0105cych elementach. Zamiast tego rozdzielnica jest dok\u0142adnie sprawdzana, a ka\u017cdy element czyszczony, zwracaj\u0105c szczeg\u00f3ln\u0105 uwag\u0119 na mocowanie zacisk\u00f3w, licznik\u00f3w, bezpiecznik\u00f3w i innych element\u00f3w. Panel przyciskowy, gdy wyst\u0119puje, jest demontowany i sprawdzany lub wymieniany. Pod koniec czynno\u015bci remontowych system u\u017cywany do recyklingu jest ca\u0142kowicie montowany i testowany zgodnie z t\u0105 sam\u0105 procedur\u0105 testow\u0105, co nowe maszyny.[\/vc_column_text][vc_custom_heading text_color=&#8221;color-708329&#8243; heading_semantic=&#8221;h3&#8243; text_font=&#8221;font-116529&#8243; text_size=&#8221;h3&#8243; text_transform=&#8221;uppercase&#8221; css_animation=&#8221;alpha-anim&#8221; uncode_shortcode_id=&#8221;110470&#8243; text_color_type=&#8221;uncode-palette&#8221;]MODERNIZACJE REMONTOWANYCH MASZYN[\/vc_custom_heading][vc_column_text css_animation=&#8221;alpha-anim&#8221; uncode_shortcode_id=&#8221;142345&#8243;]Dzi\u0119ki dzia\u0142aniom zespo\u0142u Panizzolo Recycling Systems, komponenty elektryczne i oprogramowanie s\u0105 stale aktualizowane w celu poprawy wydajno\u015bci produkcji, bezpiecze\u0144stwa pracownik\u00f3w i jako\u015bci produkcji. Tam, gdzie to mo\u017cliwe, wyremontowane u\u017cywane maszyny do recyklingu s\u0105 r\u00f3wnie\u017c modernizowane, dzi\u0119ki czemu s\u0105 zgodne z nowymi modelami.[\/vc_column_text][\/vc_column_inner][\/vc_row_inner][vc_row_inner row_inner_height_percent=&#8221;0&#8243; overlay_alpha=&#8221;50&#8243; gutter_size=&#8221;4&#8243; shift_y=&#8221;0&#8243; z_index=&#8221;0&#8243; uncode_shortcode_id=&#8221;172398&#8243;][vc_column_inner column_width_percent=&#8221;100&#8243; gutter_size=&#8221;3&#8243; overlay_alpha=&#8221;50&#8243; shift_x=&#8221;0&#8243; shift_y=&#8221;0&#8243; shift_y_down=&#8221;0&#8243; z_index=&#8221;0&#8243; medium_width=&#8221;0&#8243; mobile_width=&#8221;0&#8243; css_animation=&#8221;bottom-t-top&#8221; animation_delay=&#8221;100&#8243; width=&#8221;1\/2&#8243; uncode_shortcode_id=&#8221;455047&#8243;][vc_empty_space empty_h=&#8221;2&#8243;][vc_custom_heading text_color=&#8221;color-708329&#8243; heading_semantic=&#8221;h3&#8243; text_font=&#8221;font-116529&#8243; text_size=&#8221;h3&#8243; text_transform=&#8221;uppercase&#8221; css_animation=&#8221;alpha-anim&#8221; uncode_shortcode_id=&#8221;174531&#8243; text_color_type=&#8221;uncode-palette&#8221;]PROCES CERTYFIKOWANEGO REMONTU PANIZZOLO[\/vc_custom_heading][vc_column_text css_animation=&#8221;alpha-anim&#8221; uncode_shortcode_id=&#8221;997158&#8243;]Procedury r\u00f3\u017cni\u0105 si\u0119 w zale\u017cno\u015bci od maszyny, ale og\u00f3lnie mo\u017cna je podsumowa\u0107 nast\u0119puj\u0105c\u0105 procedur\u0105:[\/vc_column_text][vc_column_text css_animation=&#8221;alpha-anim&#8221; uncode_shortcode_id=&#8221;176480&#8243;]<\/p>\n<ul>\n<li aria-level=\"1\">Ca\u0142kowity demonta\u017c u\u017cywanej instalacji do recyklingu i u\u017cywanej maszyny do recyklingu.<\/li>\n<li aria-level=\"1\">Kontrola, czyszczenie, wymiana zu\u017cytych komponent\u00f3w i element\u00f3w, kt\u00f3re nie s\u0105 zgodne z poziomem integralno\u015bci Panizzolo.<\/li>\n<li aria-level=\"1\">U\u017cywane m\u0142yny m\u0142otkowe: wyj\u0119cie wirnika w celu kompletnej kontroli, nasmarowania i wywa\u017cenia.<\/li>\n<li aria-level=\"1\">Rozdrabniacze u\u017cywane: wyj\u0119cie wa\u0142\u00f3w, demonta\u017c i kontrola komponent\u00f3w.<\/li>\n<li aria-level=\"1\">Demonta\u017c i remont del systemu hydraulicznego.<\/li>\n<li aria-level=\"1\">Modernizacja instalacji elektrycznej, oprogramowania i wszystkich komponent\u00f3w o ni\u017cszym poziomie technologicznym.<\/li>\n<li aria-level=\"1\">Ca\u0142kowity przegl\u0105d i czyszczenie rozdzielnicy elektrycznej i panelu przyciskowego.<\/li>\n<li aria-level=\"1\">Ca\u0142kowite nasmarowanie, oliwienie i przymocowanie \u0142\u0105cznik\u00f3w gwintowych.<\/li>\n<li aria-level=\"1\">Ko\u0144cowy test poprawno\u015bci dzia\u0142ania: taka sama procedura jak w przypadku u\u017cywanych<\/li>\n<\/ul>\n<p>[\/vc_column_text][\/vc_column_inner][vc_column_inner column_width_percent=&#8221;100&#8243; gutter_size=&#8221;3&#8243; overlay_alpha=&#8221;50&#8243; shift_x=&#8221;0&#8243; shift_y=&#8221;0&#8243; shift_y_down=&#8221;0&#8243; z_index=&#8221;0&#8243; medium_width=&#8221;0&#8243; mobile_width=&#8221;0&#8243; css_animation=&#8221;bottom-t-top&#8221; animation_delay=&#8221;100&#8243; width=&#8221;1\/2&#8243; uncode_shortcode_id=&#8221;790454&#8243;][\/vc_column_inner][\/vc_row_inner][\/vc_column][\/vc_row][vc_row][vc_column width=&#8221;1\/1&#8243;][\/vc_column][\/vc_row][vc_row][vc_column width=&#8221;1\/1&#8243;][uncode_block id=&#8221;87773&#8243;][\/vc_column][\/vc_row][vc_row][vc_column width=&#8221;1\/1&#8243;][uncode_block id=&#8221;87787&#8243;][\/vc_column][\/vc_row]<\/p>\n<\/div>","protected":false},"excerpt":{"rendered":"<p>[vc_row row_height_percent=&#8221;0&#8243; override_padding=&#8221;yes&#8221; h_padding=&#8221;2&#8243; top_padding=&#8221;2&#8243; bottom_padding=&#8221;3&#8243; back_image=&#8221;65455&#8243; back_repeat=&#8221;no-repeat&#8221; back_position=&#8221;right bottom&#8221; overlay_alpha=&#8221;50&#8243; gutter_size=&#8221;3&#8243; column_width_percent=&#8221;100&#8243; shift_y=&#8221;0&#8243; z_index=&#8221;0&#8243;][vc_column column_width_percent=&#8221;100&#8243; position_horizontal=&#8221;left&#8221; gutter_size=&#8221;3&#8243; overlay_alpha=&#8221;50&#8243; shift_x=&#8221;0&#8243; [&hellip;]<\/p>\n","protected":false},"author":1,"featured_media":77957,"parent":78245,"menu_order":10,"comment_status":"closed","ping_status":"closed","template":"","meta":{"footnotes":""},"class_list":["post-78249","page","type-page","status-publish","has-post-thumbnail","hentry"],"yoast_head":"<!-- This site is optimized with the Yoast SEO plugin v24.5 - https:\/\/yoast.com\/wordpress\/plugins\/seo\/ -->\n<title>Polityka jako\u015bci u\u017cywanych - Panizzolo Impianti di riciclaggio per rifiuti<\/title>\n<meta name=\"robots\" content=\"index, follow, max-snippet:-1, max-image-preview:large, max-video-preview:-1\" \/>\n<link rel=\"canonical\" href=\"https:\/\/www.panizzolo.com\/pl\/rozwiazania-dotyczace-recyklingu\/uzywany\/polityka-jakosci-uzywanych\/\" \/>\n<meta property=\"og:locale\" content=\"pl_PL\" \/>\n<meta property=\"og:type\" content=\"article\" \/>\n<meta property=\"og:title\" content=\"Polityka jako\u015bci u\u017cywanych - Panizzolo Impianti di riciclaggio per rifiuti\" \/>\n<meta property=\"og:description\" content=\"[vc_row row_height_percent=&#8221;0&#8243; override_padding=&#8221;yes&#8221; h_padding=&#8221;2&#8243; top_padding=&#8221;2&#8243; bottom_padding=&#8221;3&#8243; back_image=&#8221;65455&#8243; back_repeat=&#8221;no-repeat&#8221; back_position=&#8221;right bottom&#8221; overlay_alpha=&#8221;50&#8243; gutter_size=&#8221;3&#8243; column_width_percent=&#8221;100&#8243; shift_y=&#8221;0&#8243; z_index=&#8221;0&#8243;][vc_column column_width_percent=&#8221;100&#8243; position_horizontal=&#8221;left&#8221; gutter_size=&#8221;3&#8243; overlay_alpha=&#8221;50&#8243; shift_x=&#8221;0&#8243; [&hellip;]\" \/>\n<meta property=\"og:url\" content=\"https:\/\/www.panizzolo.com\/pl\/rozwiazania-dotyczace-recyklingu\/uzywany\/polityka-jakosci-uzywanych\/\" \/>\n<meta property=\"og:site_name\" content=\"Panizzolo Impianti di riciclaggio per rifiuti\" \/>\n<meta property=\"article:publisher\" content=\"https:\/\/www.facebook.com\/PanizzoloRecycling\" \/>\n<meta property=\"article:modified_time\" content=\"2021-10-25T14:21:34+00:00\" \/>\n<meta property=\"og:image\" content=\"https:\/\/www.panizzolo.com\/wp-content\/uploads\/2020\/05\/revisione-certificata-macchine-panizzolo.jpg\" \/>\n\t<meta property=\"og:image:width\" content=\"1752\" \/>\n\t<meta property=\"og:image:height\" content=\"823\" \/>\n\t<meta property=\"og:image:type\" content=\"image\/jpeg\" \/>\n<meta name=\"twitter:card\" content=\"summary_large_image\" \/>\n<meta name=\"twitter:site\" content=\"@PanizzoloRS\" \/>\n<meta name=\"twitter:label1\" content=\"Est. reading time\" \/>\n\t<meta name=\"twitter:data1\" content=\"3 minutes\" \/>\n<script type=\"application\/ld+json\" class=\"yoast-schema-graph\">{\"@context\":\"https:\/\/schema.org\",\"@graph\":[{\"@type\":\"WebPage\",\"@id\":\"https:\/\/www.panizzolo.com\/pl\/rozwiazania-dotyczace-recyklingu\/uzywany\/polityka-jakosci-uzywanych\/\",\"url\":\"https:\/\/www.panizzolo.com\/pl\/rozwiazania-dotyczace-recyklingu\/uzywany\/polityka-jakosci-uzywanych\/\",\"name\":\"Polityka jako\u015bci u\u017cywanych - Panizzolo Impianti di riciclaggio per rifiuti\",\"isPartOf\":{\"@id\":\"https:\/\/www.panizzolo.com\/pl\/#website\"},\"primaryImageOfPage\":{\"@id\":\"https:\/\/www.panizzolo.com\/pl\/rozwiazania-dotyczace-recyklingu\/uzywany\/polityka-jakosci-uzywanych\/#primaryimage\"},\"image\":{\"@id\":\"https:\/\/www.panizzolo.com\/pl\/rozwiazania-dotyczace-recyklingu\/uzywany\/polityka-jakosci-uzywanych\/#primaryimage\"},\"thumbnailUrl\":\"https:\/\/www.panizzolo.com\/wp-content\/uploads\/2020\/05\/revisione-certificata-macchine-panizzolo.jpg\",\"datePublished\":\"2020-04-30T11:05:14+00:00\",\"dateModified\":\"2021-10-25T14:21:34+00:00\",\"breadcrumb\":{\"@id\":\"https:\/\/www.panizzolo.com\/pl\/rozwiazania-dotyczace-recyklingu\/uzywany\/polityka-jakosci-uzywanych\/#breadcrumb\"},\"inLanguage\":\"pl-PL\",\"potentialAction\":[{\"@type\":\"ReadAction\",\"target\":[\"https:\/\/www.panizzolo.com\/pl\/rozwiazania-dotyczace-recyklingu\/uzywany\/polityka-jakosci-uzywanych\/\"]}]},{\"@type\":\"ImageObject\",\"inLanguage\":\"pl-PL\",\"@id\":\"https:\/\/www.panizzolo.com\/pl\/rozwiazania-dotyczace-recyklingu\/uzywany\/polityka-jakosci-uzywanych\/#primaryimage\",\"url\":\"https:\/\/www.panizzolo.com\/wp-content\/uploads\/2020\/05\/revisione-certificata-macchine-panizzolo.jpg\",\"contentUrl\":\"https:\/\/www.panizzolo.com\/wp-content\/uploads\/2020\/05\/revisione-certificata-macchine-panizzolo.jpg\",\"width\":1752,\"height\":823},{\"@type\":\"BreadcrumbList\",\"@id\":\"https:\/\/www.panizzolo.com\/pl\/rozwiazania-dotyczace-recyklingu\/uzywany\/polityka-jakosci-uzywanych\/#breadcrumb\",\"itemListElement\":[{\"@type\":\"ListItem\",\"position\":1,\"name\":\"Rozwi\u0105zania dotycz\u0105ce recyklingu\",\"item\":\"https:\/\/www.panizzolo.com\/pl\/rozwiazania-dotyczace-recyklingu\/\"},{\"@type\":\"ListItem\",\"position\":2,\"name\":\"U\u017cywany\",\"item\":\"https:\/\/www.panizzolo.com\/pl\/rozwiazania-dotyczace-recyklingu\/uzywany\/\"},{\"@type\":\"ListItem\",\"position\":3,\"name\":\"Polityka jako\u015bci u\u017cywanych\"}]},{\"@type\":\"WebSite\",\"@id\":\"https:\/\/www.panizzolo.com\/pl\/#website\",\"url\":\"https:\/\/www.panizzolo.com\/pl\/\",\"name\":\"Panizzolo Impianti di riciclaggio per rifiuti\",\"description\":\"Panizzolo Impianti di riciclaggio per rifiuti\",\"potentialAction\":[{\"@type\":\"SearchAction\",\"target\":{\"@type\":\"EntryPoint\",\"urlTemplate\":\"https:\/\/www.panizzolo.com\/pl\/?s={search_term_string}\"},\"query-input\":{\"@type\":\"PropertyValueSpecification\",\"valueRequired\":true,\"valueName\":\"search_term_string\"}}],\"inLanguage\":\"pl-PL\"}]}<\/script>\n<!-- \/ Yoast SEO plugin. -->","yoast_head_json":{"title":"Polityka jako\u015bci u\u017cywanych - Panizzolo Impianti di riciclaggio per rifiuti","robots":{"index":"index","follow":"follow","max-snippet":"max-snippet:-1","max-image-preview":"max-image-preview:large","max-video-preview":"max-video-preview:-1"},"canonical":"https:\/\/www.panizzolo.com\/pl\/rozwiazania-dotyczace-recyklingu\/uzywany\/polityka-jakosci-uzywanych\/","og_locale":"pl_PL","og_type":"article","og_title":"Polityka jako\u015bci u\u017cywanych - Panizzolo Impianti di riciclaggio per rifiuti","og_description":"[vc_row row_height_percent=&#8221;0&#8243; override_padding=&#8221;yes&#8221; h_padding=&#8221;2&#8243; top_padding=&#8221;2&#8243; bottom_padding=&#8221;3&#8243; back_image=&#8221;65455&#8243; back_repeat=&#8221;no-repeat&#8221; back_position=&#8221;right bottom&#8221; overlay_alpha=&#8221;50&#8243; gutter_size=&#8221;3&#8243; column_width_percent=&#8221;100&#8243; shift_y=&#8221;0&#8243; z_index=&#8221;0&#8243;][vc_column column_width_percent=&#8221;100&#8243; position_horizontal=&#8221;left&#8221; gutter_size=&#8221;3&#8243; overlay_alpha=&#8221;50&#8243; shift_x=&#8221;0&#8243; [&hellip;]","og_url":"https:\/\/www.panizzolo.com\/pl\/rozwiazania-dotyczace-recyklingu\/uzywany\/polityka-jakosci-uzywanych\/","og_site_name":"Panizzolo Impianti di riciclaggio per rifiuti","article_publisher":"https:\/\/www.facebook.com\/PanizzoloRecycling","article_modified_time":"2021-10-25T14:21:34+00:00","og_image":[{"width":1752,"height":823,"url":"https:\/\/www.panizzolo.com\/wp-content\/uploads\/2020\/05\/revisione-certificata-macchine-panizzolo.jpg","type":"image\/jpeg"}],"twitter_card":"summary_large_image","twitter_site":"@PanizzoloRS","twitter_misc":{"Est. reading time":"3 minutes"},"schema":{"@context":"https:\/\/schema.org","@graph":[{"@type":"WebPage","@id":"https:\/\/www.panizzolo.com\/pl\/rozwiazania-dotyczace-recyklingu\/uzywany\/polityka-jakosci-uzywanych\/","url":"https:\/\/www.panizzolo.com\/pl\/rozwiazania-dotyczace-recyklingu\/uzywany\/polityka-jakosci-uzywanych\/","name":"Polityka jako\u015bci u\u017cywanych - Panizzolo Impianti di riciclaggio per rifiuti","isPartOf":{"@id":"https:\/\/www.panizzolo.com\/pl\/#website"},"primaryImageOfPage":{"@id":"https:\/\/www.panizzolo.com\/pl\/rozwiazania-dotyczace-recyklingu\/uzywany\/polityka-jakosci-uzywanych\/#primaryimage"},"image":{"@id":"https:\/\/www.panizzolo.com\/pl\/rozwiazania-dotyczace-recyklingu\/uzywany\/polityka-jakosci-uzywanych\/#primaryimage"},"thumbnailUrl":"https:\/\/www.panizzolo.com\/wp-content\/uploads\/2020\/05\/revisione-certificata-macchine-panizzolo.jpg","datePublished":"2020-04-30T11:05:14+00:00","dateModified":"2021-10-25T14:21:34+00:00","breadcrumb":{"@id":"https:\/\/www.panizzolo.com\/pl\/rozwiazania-dotyczace-recyklingu\/uzywany\/polityka-jakosci-uzywanych\/#breadcrumb"},"inLanguage":"pl-PL","potentialAction":[{"@type":"ReadAction","target":["https:\/\/www.panizzolo.com\/pl\/rozwiazania-dotyczace-recyklingu\/uzywany\/polityka-jakosci-uzywanych\/"]}]},{"@type":"ImageObject","inLanguage":"pl-PL","@id":"https:\/\/www.panizzolo.com\/pl\/rozwiazania-dotyczace-recyklingu\/uzywany\/polityka-jakosci-uzywanych\/#primaryimage","url":"https:\/\/www.panizzolo.com\/wp-content\/uploads\/2020\/05\/revisione-certificata-macchine-panizzolo.jpg","contentUrl":"https:\/\/www.panizzolo.com\/wp-content\/uploads\/2020\/05\/revisione-certificata-macchine-panizzolo.jpg","width":1752,"height":823},{"@type":"BreadcrumbList","@id":"https:\/\/www.panizzolo.com\/pl\/rozwiazania-dotyczace-recyklingu\/uzywany\/polityka-jakosci-uzywanych\/#breadcrumb","itemListElement":[{"@type":"ListItem","position":1,"name":"Rozwi\u0105zania dotycz\u0105ce recyklingu","item":"https:\/\/www.panizzolo.com\/pl\/rozwiazania-dotyczace-recyklingu\/"},{"@type":"ListItem","position":2,"name":"U\u017cywany","item":"https:\/\/www.panizzolo.com\/pl\/rozwiazania-dotyczace-recyklingu\/uzywany\/"},{"@type":"ListItem","position":3,"name":"Polityka jako\u015bci u\u017cywanych"}]},{"@type":"WebSite","@id":"https:\/\/www.panizzolo.com\/pl\/#website","url":"https:\/\/www.panizzolo.com\/pl\/","name":"Panizzolo Impianti di riciclaggio per rifiuti","description":"Panizzolo Impianti di riciclaggio per rifiuti","potentialAction":[{"@type":"SearchAction","target":{"@type":"EntryPoint","urlTemplate":"https:\/\/www.panizzolo.com\/pl\/?s={search_term_string}"},"query-input":{"@type":"PropertyValueSpecification","valueRequired":true,"valueName":"search_term_string"}}],"inLanguage":"pl-PL"}]}},"_links":{"self":[{"href":"https:\/\/www.panizzolo.com\/pl\/wp-json\/wp\/v2\/pages\/78249","targetHints":{"allow":["GET"]}}],"collection":[{"href":"https:\/\/www.panizzolo.com\/pl\/wp-json\/wp\/v2\/pages"}],"about":[{"href":"https:\/\/www.panizzolo.com\/pl\/wp-json\/wp\/v2\/types\/page"}],"author":[{"embeddable":true,"href":"https:\/\/www.panizzolo.com\/pl\/wp-json\/wp\/v2\/users\/1"}],"replies":[{"embeddable":true,"href":"https:\/\/www.panizzolo.com\/pl\/wp-json\/wp\/v2\/comments?post=78249"}],"version-history":[{"count":8,"href":"https:\/\/www.panizzolo.com\/pl\/wp-json\/wp\/v2\/pages\/78249\/revisions"}],"predecessor-version":[{"id":90735,"href":"https:\/\/www.panizzolo.com\/pl\/wp-json\/wp\/v2\/pages\/78249\/revisions\/90735"}],"up":[{"embeddable":true,"href":"https:\/\/www.panizzolo.com\/pl\/wp-json\/wp\/v2\/pages\/78245"}],"wp:featuredmedia":[{"embeddable":true,"href":"https:\/\/www.panizzolo.com\/pl\/wp-json\/wp\/v2\/media\/77957"}],"wp:attachment":[{"href":"https:\/\/www.panizzolo.com\/pl\/wp-json\/wp\/v2\/media?parent=78249"}],"curies":[{"name":"wp","href":"https:\/\/api.w.org\/{rel}","templated":true}]}}