{"id":70741,"date":"2018-06-14T11:11:03","date_gmt":"2018-06-14T09:11:03","guid":{"rendered":"http:\/\/www.panizzolo.it\/customer-care\/"},"modified":"2021-10-26T15:13:29","modified_gmt":"2021-10-26T13:13:29","slug":"service","status":"publish","type":"page","link":"https:\/\/www.panizzolo.com\/pl\/service\/","title":{"rendered":"Service"},"content":{"rendered":"<div class=\"wpb-content-wrapper\"><p>[vc_row row_height_percent=&#8221;0&#8243; override_padding=&#8221;yes&#8221; h_padding=&#8221;2&#8243; top_padding=&#8221;2&#8243; bottom_padding=&#8221;3&#8243; back_image=&#8221;65455&#8243; back_repeat=&#8221;no-repeat&#8221; back_position=&#8221;right bottom&#8221; overlay_alpha=&#8221;50&#8243; gutter_size=&#8221;3&#8243; column_width_percent=&#8221;100&#8243; shift_y=&#8221;0&#8243; z_index=&#8221;0&#8243;][vc_column column_width_percent=&#8221;100&#8243; position_horizontal=&#8221;left&#8221; gutter_size=&#8221;3&#8243; overlay_alpha=&#8221;50&#8243; shift_x=&#8221;0&#8243; shift_y=&#8221;0&#8243; shift_y_down=&#8221;0&#8243; z_index=&#8221;0&#8243; medium_width=&#8221;0&#8243; mobile_width=&#8221;0&#8243; width=&#8221;1\/1&#8243;][vc_row_inner row_inner_height_percent=&#8221;0&#8243; overlay_alpha=&#8221;50&#8243; gutter_size=&#8221;3&#8243; shift_y=&#8221;0&#8243; z_index=&#8221;0&#8243;][vc_column_inner column_width_percent=&#8221;72&#8243; position_horizontal=&#8221;left&#8221; gutter_size=&#8221;3&#8243; overlay_alpha=&#8221;50&#8243; shift_x=&#8221;0&#8243; shift_y=&#8221;0&#8243; shift_y_down=&#8221;0&#8243; z_index=&#8221;0&#8243; medium_width=&#8221;0&#8243; mobile_width=&#8221;0&#8243; css_animation=&#8221;left-t-right&#8221; animation_delay=&#8221;100&#8243; width=&#8221;1\/1&#8243; uncode_shortcode_id=&#8221;205050&#8243;][vc_empty_space empty_h=&#8221;2&#8243;][vc_custom_heading text_color=&#8221;color-170105&#8243; heading_semantic=&#8221;h1&#8243; text_font=&#8221;font-195077&#8243; text_size=&#8221;h1&#8243; uncode_shortcode_id=&#8221;170789&#8243; text_color_type=&#8221;uncode-palette&#8221;]Customer Care[\/vc_custom_heading][vc_empty_space empty_h=&#8221;2&#8243;][\/vc_column_inner][\/vc_row_inner][vc_row_inner row_inner_height_percent=&#8221;0&#8243; overlay_alpha=&#8221;50&#8243; gutter_size=&#8221;3&#8243; shift_y=&#8221;0&#8243; z_index=&#8221;0&#8243;][vc_column_inner column_width_percent=&#8221;100&#8243; position_horizontal=&#8221;left&#8221; gutter_size=&#8221;3&#8243; overlay_alpha=&#8221;50&#8243; shift_x=&#8221;0&#8243; shift_y=&#8221;0&#8243; shift_y_down=&#8221;0&#8243; z_index=&#8221;0&#8243; medium_width=&#8221;0&#8243; mobile_width=&#8221;0&#8243; css_animation=&#8221;bottom-t-top&#8221; animation_delay=&#8221;100&#8243; width=&#8221;1\/2&#8243; uncode_shortcode_id=&#8221;178275&#8243;][vc_column_text el_class=&#8221;nomargin&#8221; uncode_shortcode_id=&#8221;233629&#8243;]Dzi\u0119ki trzydziestoletniemu bezpo\u015bredniemu do\u015bwiadczeniu, firma Panizzolo Recycling jest zorientowan\u0105 na odnowienie organizacj\u0105 biznesow\u0105, kt\u00f3ra szczyci si\u0119 wykwalifikowanym zespo\u0142em ekspert\u00f3w bran\u017cowych, zdolnych do opracowywania <b>rozwi\u0105za\u0144 dotycz\u0105cych recyklingu<\/b> dostosowanych do potrzeb <b>utylizacji odpad\u00f3w metalowych<\/b>. Znamy i rozumiemy problemy zwi\u0105zane z <b>odzyskiem surowc\u00f3w wt\u00f3rnych<\/b> i jeste\u015bmy w stanie zaoferowa\u0107 natychmiastowe rozwi\u0105zania na jakimkolwiek etapie procesu: pocz\u0105wszy od pierwszego kontaktu do sieci handlowej, od kontroli do projektowania, od wykonania do instalacji oraz doradztwa technicznego posprzeda\u017cnego.[\/vc_column_text][vc_empty_space empty_h=&#8221;2&#8243;][vc_column_text el_class=&#8221;nomargin&#8221; uncode_shortcode_id=&#8221;122560&#8243;]Nasz zesp\u00f3\u0142 do\u015bwiadczonych technik\u00f3w zorientowany jest na opracowywanie ekologicznych rozwi\u0105za\u0144, maj\u0105cych na celu popraw\u0119 i optymalizacj\u0119 proces\u00f3w jako\u015bciowych instalacji do recyklingu odpad\u00f3w, zgodnie z przepisami reguluj\u0105cymi sektor ochrony \u015brodowiska. Poszanowanie \u015brodowiska naturalnego, satysfakcja naszych klient\u00f3w i dostarczanie im pomocy z konkretnymi rozwi\u0105zaniami to nasza misja![\/vc_column_text][vc_empty_space empty_h=&#8221;2&#8243;][\/vc_column_inner][vc_column_inner column_width_percent=&#8221;100&#8243; gutter_size=&#8221;3&#8243; overlay_alpha=&#8221;50&#8243; shift_x=&#8221;0&#8243; shift_y=&#8221;0&#8243; shift_y_down=&#8221;0&#8243; z_index=&#8221;0&#8243; medium_width=&#8221;0&#8243; mobile_width=&#8221;0&#8243; css_animation=&#8221;bottom-t-top&#8221; animation_delay=&#8221;100&#8243; width=&#8221;1\/2&#8243; uncode_shortcode_id=&#8221;876913&#8243;][vc_column_text css_animation=&#8221;alpha-anim&#8221; el_class=&#8221;nomargin&#8221; uncode_shortcode_id=&#8221;186222&#8243;]Jeste\u015bmy idealnym i niezawodnym partnerem. Przedsi\u0119biorstwa publiczne i prywatne zwracaj\u0105 si\u0119 do nas, aby znale\u017a\u0107 konkretne rozwi\u0105zania dotycz\u0105ce <b>recyklingu surowc\u00f3w wt\u00f3rnych<\/b> i <b>odzysku<\/b> pozosta\u0142o\u015bci po przer\u00f3bce. Nieustannie dok\u0142adamy wszelkich stara\u0144, aby \u015bwiadczy\u0107 us\u0142ugi na 360\u00b0, aby zapewni\u0107 pe\u0142n\u0105 i kompleksow\u0105 pomoc posprzeda\u017cn\u0105. Szybko odpowiadamy na wszystkie pro\u015bby naszych Klient\u00f3w, oferuj\u0105c bezpieczne i optymalne rozwi\u0105zania.<\/p>\n<p>Zapewnienie d\u0142ugoterminowej wydajno\u015bci i dzia\u0142ania naszych <b>instalacji do recyklingu odpad\u00f3w przemys\u0142owych<\/b> jest naszym cele! Odkryj nasz\u0105 zwyci\u0119sk\u0105 formu\u0142\u0119.[\/vc_column_text][\/vc_column_inner][\/vc_row_inner][vc_row_inner row_inner_height_percent=&#8221;0&#8243; overlay_alpha=&#8221;50&#8243; gutter_size=&#8221;4&#8243; shift_y=&#8221;0&#8243; z_index=&#8221;0&#8243; uncode_shortcode_id=&#8221;261051&#8243;][vc_column_inner column_width_percent=&#8221;100&#8243; gutter_size=&#8221;3&#8243; overlay_alpha=&#8221;50&#8243; shift_x=&#8221;0&#8243; shift_y=&#8221;0&#8243; shift_y_down=&#8221;0&#8243; z_index=&#8221;0&#8243; medium_width=&#8221;0&#8243; mobile_width=&#8221;0&#8243; css_animation=&#8221;left-t-right&#8221; animation_delay=&#8221;100&#8243; width=&#8221;1\/2&#8243; uncode_shortcode_id=&#8221;475774&#8243;][vc_custom_heading text_color=&#8221;color-708329&#8243; heading_semantic=&#8221;h3&#8243; text_font=&#8221;font-116529&#8243; text_size=&#8221;h3&#8243; text_transform=&#8221;uppercase&#8221; uncode_shortcode_id=&#8221;804486&#8243; text_color_type=&#8221;uncode-palette&#8221;]Doradztwo naetapie wyboru[\/vc_custom_heading][vc_column_text uncode_shortcode_id=&#8221;138711&#8243;]Wykwalifikowany zesp\u00f3\u0142 specjalist\u00f3w wspiera klienta podczas wyboru <b>rozwi\u0105zania dotycz\u0105cego recyklingu<\/b>, kt\u00f3re najlepiej odpowiada jego potrzebom i zapotrzebowaniu rynkowemu. Prawid\u0142owe por\u00f3wnanie potrzeb i w\u0142a\u015bciwo\u015bci produkcyjnych jest najbardziej skuteczn\u0105 gwarancj\u0105 sukcesu biznesu.[\/vc_column_text][vc_custom_heading text_color=&#8221;color-708329&#8243; heading_semantic=&#8221;h3&#8243; text_font=&#8221;font-116529&#8243; text_size=&#8221;h3&#8243; text_transform=&#8221;uppercase&#8221; uncode_shortcode_id=&#8221;155611&#8243; text_color_type=&#8221;uncode-palette&#8221;]Serwis posprzeda\u017cny[\/vc_custom_heading][vc_column_text uncode_shortcode_id=&#8221;122872&#8243;]Aby moc \u015bledzi\u0107 klienta we wszystkich etapach jego dzia\u0142alno\u015bci, stworzyli\u015bmy szybki i profesjonalny serwis posprzeda\u017cny. Dost\u0119pne s\u0105 szkolenia i kursy od\u015bwie\u017caj\u0105ce, pomoc zdalna, us\u0142ugi modernizacyjne i pakiety cz\u0119\u015bci zamiennych, aby zagwarantowa\u0107 wi\u0119ksz\u0105 wydajno\u015b\u0107 i trwa\u0142o\u015b\u0107 rozwi\u0105za\u0144 dotycz\u0105cych recyklingu firmy Panizzolo Recycling.[\/vc_column_text][\/vc_column_inner][vc_column_inner column_width_percent=&#8221;100&#8243; gutter_size=&#8221;3&#8243; overlay_alpha=&#8221;50&#8243; shift_x=&#8221;0&#8243; shift_y=&#8221;0&#8243; shift_y_down=&#8221;0&#8243; z_index=&#8221;0&#8243; medium_width=&#8221;0&#8243; mobile_width=&#8221;0&#8243; css_animation=&#8221;right-t-left&#8221; animation_delay=&#8221;100&#8243; width=&#8221;1\/2&#8243; uncode_shortcode_id=&#8221;185387&#8243;][vc_custom_heading text_color=&#8221;color-708329&#8243; heading_semantic=&#8221;h3&#8243; text_font=&#8221;font-116529&#8243; text_size=&#8221;h3&#8243; text_transform=&#8221;uppercase&#8221; uncode_shortcode_id=&#8221;130886&#8243; text_color_type=&#8221;uncode-palette&#8221;]Niestandardowe rozwi\u0105zania[\/vc_custom_heading][vc_column_text uncode_shortcode_id=&#8221;192737&#8243;]Projektowanie <b>instalacji do recyklingu<\/b> odzwierciedla wszystkie potrzeby klienta pod wzgl\u0119dem materia\u0142\u00f3w wyj\u015bciowych, produkcji godzinowej i procesu obr\u00f3bki. Oceniana jest r\u00f3wnie\u017c logistyka jako podstawowy aspekt optymalizacji cyklu produkcyjnego. Nasza us\u0142uga \u201epod klucz\u201d ko\u0144czy si\u0119 dok\u0142adnym przeszkoleniem ko\u0144cowych operator\u00f3w. Istotne jest przekazanie niezb\u0119dnej wiedzy technicznej w celu zapewnienia bezpiecze\u0144stwa ca\u0142ego systemu, zar\u00f3wno na etapie obr\u00f3bki, jak i zwyk\u0142ej konserwacji.[\/vc_column_text][\/vc_column_inner][\/vc_row_inner][\/vc_column][\/vc_row]<\/p>\n<\/div>","protected":false},"excerpt":{"rendered":"<p>[vc_row row_height_percent=&#8221;0&#8243; override_padding=&#8221;yes&#8221; h_padding=&#8221;2&#8243; top_padding=&#8221;2&#8243; bottom_padding=&#8221;3&#8243; back_image=&#8221;65455&#8243; back_repeat=&#8221;no-repeat&#8221; back_position=&#8221;right bottom&#8221; overlay_alpha=&#8221;50&#8243; gutter_size=&#8221;3&#8243; column_width_percent=&#8221;100&#8243; shift_y=&#8221;0&#8243; z_index=&#8221;0&#8243;][vc_column column_width_percent=&#8221;100&#8243; position_horizontal=&#8221;left&#8221; gutter_size=&#8221;3&#8243; overlay_alpha=&#8221;50&#8243; shift_x=&#8221;0&#8243; [&hellip;]<\/p>\n","protected":false},"author":1,"featured_media":69757,"parent":0,"menu_order":60,"comment_status":"closed","ping_status":"closed","template":"","meta":{"footnotes":""},"class_list":["post-70741","page","type-page","status-publish","has-post-thumbnail","hentry"],"yoast_head":"<!-- This site is optimized with the Yoast SEO plugin v24.5 - https:\/\/yoast.com\/wordpress\/plugins\/seo\/ -->\n<title>Service - Panizzolo Impianti di riciclaggio per rifiuti<\/title>\n<meta name=\"robots\" content=\"index, follow, max-snippet:-1, max-image-preview:large, max-video-preview:-1\" \/>\n<link rel=\"canonical\" href=\"https:\/\/www.panizzolo.com\/pl\/service\/\" \/>\n<meta property=\"og:locale\" content=\"pl_PL\" \/>\n<meta property=\"og:type\" content=\"article\" \/>\n<meta property=\"og:title\" content=\"Service - Panizzolo Impianti di riciclaggio per rifiuti\" \/>\n<meta property=\"og:description\" content=\"[vc_row row_height_percent=&#8221;0&#8243; override_padding=&#8221;yes&#8221; h_padding=&#8221;2&#8243; top_padding=&#8221;2&#8243; bottom_padding=&#8221;3&#8243; back_image=&#8221;65455&#8243; back_repeat=&#8221;no-repeat&#8221; back_position=&#8221;right bottom&#8221; overlay_alpha=&#8221;50&#8243; gutter_size=&#8221;3&#8243; column_width_percent=&#8221;100&#8243; shift_y=&#8221;0&#8243; z_index=&#8221;0&#8243;][vc_column column_width_percent=&#8221;100&#8243; position_horizontal=&#8221;left&#8221; gutter_size=&#8221;3&#8243; overlay_alpha=&#8221;50&#8243; shift_x=&#8221;0&#8243; [&hellip;]\" \/>\n<meta property=\"og:url\" content=\"https:\/\/www.panizzolo.com\/pl\/service\/\" \/>\n<meta property=\"og:site_name\" content=\"Panizzolo Impianti di riciclaggio per rifiuti\" \/>\n<meta property=\"article:publisher\" content=\"https:\/\/www.facebook.com\/PanizzoloRecycling\" \/>\n<meta property=\"article:modified_time\" content=\"2021-10-26T13:13:29+00:00\" \/>\n<meta property=\"og:image\" content=\"https:\/\/www.panizzolo.com\/wp-content\/uploads\/2019\/09\/customerCare.jpg\" \/>\n\t<meta property=\"og:image:width\" content=\"2560\" \/>\n\t<meta property=\"og:image:height\" content=\"900\" \/>\n\t<meta property=\"og:image:type\" content=\"image\/jpeg\" \/>\n<meta name=\"twitter:card\" content=\"summary_large_image\" \/>\n<meta name=\"twitter:site\" content=\"@PanizzoloRS\" \/>\n<meta name=\"twitter:label1\" content=\"Est. reading time\" \/>\n\t<meta name=\"twitter:data1\" content=\"3 minutes\" \/>\n<script type=\"application\/ld+json\" class=\"yoast-schema-graph\">{\"@context\":\"https:\/\/schema.org\",\"@graph\":[{\"@type\":\"WebPage\",\"@id\":\"https:\/\/www.panizzolo.com\/pl\/service\/\",\"url\":\"https:\/\/www.panizzolo.com\/pl\/service\/\",\"name\":\"Service - Panizzolo Impianti di riciclaggio per rifiuti\",\"isPartOf\":{\"@id\":\"https:\/\/www.panizzolo.com\/pl\/#website\"},\"primaryImageOfPage\":{\"@id\":\"https:\/\/www.panizzolo.com\/pl\/service\/#primaryimage\"},\"image\":{\"@id\":\"https:\/\/www.panizzolo.com\/pl\/service\/#primaryimage\"},\"thumbnailUrl\":\"https:\/\/www.panizzolo.com\/wp-content\/uploads\/2019\/09\/customerCare.jpg\",\"datePublished\":\"2018-06-14T09:11:03+00:00\",\"dateModified\":\"2021-10-26T13:13:29+00:00\",\"inLanguage\":\"pl-PL\",\"potentialAction\":[{\"@type\":\"ReadAction\",\"target\":[\"https:\/\/www.panizzolo.com\/pl\/service\/\"]}]},{\"@type\":\"ImageObject\",\"inLanguage\":\"pl-PL\",\"@id\":\"https:\/\/www.panizzolo.com\/pl\/service\/#primaryimage\",\"url\":\"https:\/\/www.panizzolo.com\/wp-content\/uploads\/2019\/09\/customerCare.jpg\",\"contentUrl\":\"https:\/\/www.panizzolo.com\/wp-content\/uploads\/2019\/09\/customerCare.jpg\",\"width\":2560,\"height\":900},{\"@type\":\"WebSite\",\"@id\":\"https:\/\/www.panizzolo.com\/pl\/#website\",\"url\":\"https:\/\/www.panizzolo.com\/pl\/\",\"name\":\"Panizzolo Impianti di riciclaggio per rifiuti\",\"description\":\"Panizzolo Impianti di riciclaggio per rifiuti\",\"potentialAction\":[{\"@type\":\"SearchAction\",\"target\":{\"@type\":\"EntryPoint\",\"urlTemplate\":\"https:\/\/www.panizzolo.com\/pl\/?s={search_term_string}\"},\"query-input\":{\"@type\":\"PropertyValueSpecification\",\"valueRequired\":true,\"valueName\":\"search_term_string\"}}],\"inLanguage\":\"pl-PL\"}]}<\/script>\n<!-- \/ Yoast SEO plugin. -->","yoast_head_json":{"title":"Service - Panizzolo Impianti di riciclaggio per rifiuti","robots":{"index":"index","follow":"follow","max-snippet":"max-snippet:-1","max-image-preview":"max-image-preview:large","max-video-preview":"max-video-preview:-1"},"canonical":"https:\/\/www.panizzolo.com\/pl\/service\/","og_locale":"pl_PL","og_type":"article","og_title":"Service - Panizzolo Impianti di riciclaggio per rifiuti","og_description":"[vc_row row_height_percent=&#8221;0&#8243; override_padding=&#8221;yes&#8221; h_padding=&#8221;2&#8243; top_padding=&#8221;2&#8243; bottom_padding=&#8221;3&#8243; back_image=&#8221;65455&#8243; back_repeat=&#8221;no-repeat&#8221; back_position=&#8221;right bottom&#8221; overlay_alpha=&#8221;50&#8243; gutter_size=&#8221;3&#8243; column_width_percent=&#8221;100&#8243; shift_y=&#8221;0&#8243; z_index=&#8221;0&#8243;][vc_column column_width_percent=&#8221;100&#8243; position_horizontal=&#8221;left&#8221; gutter_size=&#8221;3&#8243; overlay_alpha=&#8221;50&#8243; shift_x=&#8221;0&#8243; [&hellip;]","og_url":"https:\/\/www.panizzolo.com\/pl\/service\/","og_site_name":"Panizzolo Impianti di riciclaggio per rifiuti","article_publisher":"https:\/\/www.facebook.com\/PanizzoloRecycling","article_modified_time":"2021-10-26T13:13:29+00:00","og_image":[{"width":2560,"height":900,"url":"https:\/\/www.panizzolo.com\/wp-content\/uploads\/2019\/09\/customerCare.jpg","type":"image\/jpeg"}],"twitter_card":"summary_large_image","twitter_site":"@PanizzoloRS","twitter_misc":{"Est. reading time":"3 minutes"},"schema":{"@context":"https:\/\/schema.org","@graph":[{"@type":"WebPage","@id":"https:\/\/www.panizzolo.com\/pl\/service\/","url":"https:\/\/www.panizzolo.com\/pl\/service\/","name":"Service - Panizzolo Impianti di riciclaggio per rifiuti","isPartOf":{"@id":"https:\/\/www.panizzolo.com\/pl\/#website"},"primaryImageOfPage":{"@id":"https:\/\/www.panizzolo.com\/pl\/service\/#primaryimage"},"image":{"@id":"https:\/\/www.panizzolo.com\/pl\/service\/#primaryimage"},"thumbnailUrl":"https:\/\/www.panizzolo.com\/wp-content\/uploads\/2019\/09\/customerCare.jpg","datePublished":"2018-06-14T09:11:03+00:00","dateModified":"2021-10-26T13:13:29+00:00","inLanguage":"pl-PL","potentialAction":[{"@type":"ReadAction","target":["https:\/\/www.panizzolo.com\/pl\/service\/"]}]},{"@type":"ImageObject","inLanguage":"pl-PL","@id":"https:\/\/www.panizzolo.com\/pl\/service\/#primaryimage","url":"https:\/\/www.panizzolo.com\/wp-content\/uploads\/2019\/09\/customerCare.jpg","contentUrl":"https:\/\/www.panizzolo.com\/wp-content\/uploads\/2019\/09\/customerCare.jpg","width":2560,"height":900},{"@type":"WebSite","@id":"https:\/\/www.panizzolo.com\/pl\/#website","url":"https:\/\/www.panizzolo.com\/pl\/","name":"Panizzolo Impianti di riciclaggio per rifiuti","description":"Panizzolo Impianti di riciclaggio per rifiuti","potentialAction":[{"@type":"SearchAction","target":{"@type":"EntryPoint","urlTemplate":"https:\/\/www.panizzolo.com\/pl\/?s={search_term_string}"},"query-input":{"@type":"PropertyValueSpecification","valueRequired":true,"valueName":"search_term_string"}}],"inLanguage":"pl-PL"}]}},"_links":{"self":[{"href":"https:\/\/www.panizzolo.com\/pl\/wp-json\/wp\/v2\/pages\/70741","targetHints":{"allow":["GET"]}}],"collection":[{"href":"https:\/\/www.panizzolo.com\/pl\/wp-json\/wp\/v2\/pages"}],"about":[{"href":"https:\/\/www.panizzolo.com\/pl\/wp-json\/wp\/v2\/types\/page"}],"author":[{"embeddable":true,"href":"https:\/\/www.panizzolo.com\/pl\/wp-json\/wp\/v2\/users\/1"}],"replies":[{"embeddable":true,"href":"https:\/\/www.panizzolo.com\/pl\/wp-json\/wp\/v2\/comments?post=70741"}],"version-history":[{"count":6,"href":"https:\/\/www.panizzolo.com\/pl\/wp-json\/wp\/v2\/pages\/70741\/revisions"}],"predecessor-version":[{"id":90894,"href":"https:\/\/www.panizzolo.com\/pl\/wp-json\/wp\/v2\/pages\/70741\/revisions\/90894"}],"wp:featuredmedia":[{"embeddable":true,"href":"https:\/\/www.panizzolo.com\/pl\/wp-json\/wp\/v2\/media\/69757"}],"wp:attachment":[{"href":"https:\/\/www.panizzolo.com\/pl\/wp-json\/wp\/v2\/media?parent=70741"}],"curies":[{"name":"wp","href":"https:\/\/api.w.org\/{rel}","templated":true}]}}