{"id":69936,"date":"2018-06-15T14:09:52","date_gmt":"2018-06-15T12:09:52","guid":{"rendered":"http:\/\/www.panizzolo.it\/soluzioni-di-riciclaggio\/impianti-di-riciclaggio\/"},"modified":"2025-09-26T08:57:47","modified_gmt":"2025-09-26T06:57:47","slug":"instalacje-do-recyklingu","status":"publish","type":"page","link":"https:\/\/www.panizzolo.com\/pl\/rozwiazania-dotyczace-recyklingu\/instalacje-do-recyklingu\/","title":{"rendered":"Instalacje do recyklingu"},"content":{"rendered":"<div class=\"wpb-content-wrapper\"><p>[vc_row row_height_percent=&#8221;50&#8243; back_image=&#8221;99037&#8243; overlay_color=&#8221;color-jevc&#8221; overlay_alpha=&#8221;30&#8243; gutter_size=&#8221;3&#8243; column_width_percent=&#8221;100&#8243; shift_y=&#8221;0&#8243; z_index=&#8221;0&#8243; content_parallax=&#8221;0&#8243; uncode_shortcode_id=&#8221;102201&#8243; overlay_color_type=&#8221;uncode-palette&#8221;][vc_column column_width_percent=&#8221;57&#8243; position_vertical=&#8221;middle&#8221; align_horizontal=&#8221;align_center&#8221; gutter_size=&#8221;3&#8243; style=&#8221;dark&#8221; overlay_alpha=&#8221;50&#8243; shift_x=&#8221;0&#8243; shift_y=&#8221;0&#8243; shift_y_down=&#8221;0&#8243; z_index=&#8221;0&#8243; medium_width=&#8221;0&#8243; mobile_width=&#8221;0&#8243; width=&#8221;1\/1&#8243; uncode_shortcode_id=&#8221;686665&#8243;][vc_custom_heading heading_semantic=&#8221;h1&#8243; text_font=&#8221;font-195077&#8243; text_size=&#8221;h1&#8243; uncode_shortcode_id=&#8221;472085&#8243;]Instalacje do recyklingu[\/vc_custom_heading][vc_custom_heading heading_semantic=&#8221;h3&#8243; text_font=&#8221;font-116529&#8243; text_size=&#8221;h3&#8243; uncode_shortcode_id=&#8221;109178&#8243;]Rozwi\u0105zania pod klucz od redukcji obj\u0119to\u015bciowej po rafinacj\u0119[\/vc_custom_heading][\/vc_column][\/vc_row][vc_row row_height_percent=&#8221;0&#8243; override_padding=&#8221;yes&#8221; h_padding=&#8221;2&#8243; top_padding=&#8221;4&#8243; bottom_padding=&#8221;2&#8243; overlay_alpha=&#8221;50&#8243; gutter_size=&#8221;3&#8243; column_width_percent=&#8221;100&#8243; shift_y=&#8221;0&#8243; z_index=&#8221;0&#8243; content_parallax=&#8221;0&#8243; uncode_shortcode_id=&#8221;154202&#8243;][vc_column column_width_percent=&#8221;100&#8243; position_vertical=&#8221;middle&#8221; gutter_size=&#8221;4&#8243; overlay_alpha=&#8221;50&#8243; shift_x=&#8221;0&#8243; shift_y=&#8221;0&#8243; shift_y_down=&#8221;0&#8243; z_index=&#8221;0&#8243; medium_width=&#8221;0&#8243; mobile_width=&#8221;0&#8243; width=&#8221;1\/1&#8243; uncode_shortcode_id=&#8221;121054&#8243;][vc_custom_heading text_color=&#8221;color-170105&#8243; heading_semantic=&#8221;h1&#8243; text_font=&#8221;font-195077&#8243; uncode_shortcode_id=&#8221;173686&#8243; text_color_type=&#8221;uncode-palette&#8221;]Modu\u0142owe i elastyczne cykle obr\u00f3bki dla zwi\u0119kszenia warto\u015bci metali[\/vc_custom_heading][vc_row_inner row_inner_height_percent=&#8221;0&#8243; overlay_alpha=&#8221;50&#8243; gutter_size=&#8221;5&#8243; shift_y=&#8221;0&#8243; z_index=&#8221;0&#8243; uncode_shortcode_id=&#8221;367823&#8243;][vc_column_inner width=&#8221;1\/2&#8243;][vc_column_text css_animation=&#8221;bottom-t-top&#8221; uncode_shortcode_id=&#8221;141627&#8243;]Dzi\u0119ki naszemu zespo\u0142owi wykwalifikowanych specjalist\u00f3w oraz zaawansowanemu know-how technologicznemu na przestrzeni lat stworzyli\u015bmy instalacje do odzysku metali o wysokiej wydajno\u015bci i elastyczno\u015bci. Nasi klienci regularnie osi\u0105gaj\u0105 optymalne wyniki pod wzgl\u0119dem jako\u015bci uzyskiwanych frakcji, czasu i koszt\u00f3w obr\u00f3bki, dzi\u0119ki wysokiej produktywno\u015bci godzinowej, obni\u017conym kosztom energii i maksymalnej warto\u015bci odzyskiwanych materia\u0142\u00f3w.[\/vc_column_text][\/vc_column_inner][vc_column_inner width=&#8221;1\/2&#8243;][vc_column_text css_animation=&#8221;bottom-t-top&#8221; uncode_shortcode_id=&#8221;894333&#8243;]Nasze instalacje do recyklingu odpad\u00f3w metalowych to nowoczesne rozwi\u0105zania, w pe\u0142ni projektowane wewn\u0119trznie i ukierunkowane na maksymalizacj\u0119 zwrotu z inwestycji. Naszym celem jest nie tylko dostarczanie niezawodnej technologii, lecz tak\u017ce bycie prawdziwym partnerem rozwoju dla firm, wspieraj\u0105c je na ka\u017cdym etapie procesu od wst\u0119pnego projektu po obs\u0142ug\u0119 posprzeda\u017cow\u0105.[\/vc_column_text][\/vc_column_inner][\/vc_row_inner][\/vc_column][\/vc_row][vc_row row_height_percent=&#8221;0&#8243; overlay_alpha=&#8221;50&#8243; gutter_size=&#8221;3&#8243; column_width_percent=&#8221;100&#8243; shift_y=&#8221;0&#8243; z_index=&#8221;0&#8243; content_parallax=&#8221;0&#8243; uncode_shortcode_id=&#8221;707202&#8243;][vc_column width=&#8221;1\/1&#8243;][vc_single_image media=&#8221;99413&#8243; media_width_percent=&#8221;100&#8243; uncode_shortcode_id=&#8221;411177&#8243;][\/vc_column][\/vc_row][vc_row row_height_percent=&#8221;0&#8243; override_padding=&#8221;yes&#8221; h_padding=&#8221;2&#8243; top_padding=&#8221;2&#8243; bottom_padding=&#8221;2&#8243; overlay_alpha=&#8221;50&#8243; gutter_size=&#8221;3&#8243; column_width_percent=&#8221;100&#8243; shift_y=&#8221;0&#8243; z_index=&#8221;0&#8243; content_parallax=&#8221;0&#8243; uncode_shortcode_id=&#8221;253550&#8243;][vc_column column_width_percent=&#8221;100&#8243; gutter_size=&#8221;3&#8243; overlay_alpha=&#8221;50&#8243; shift_x=&#8221;0&#8243; shift_y=&#8221;0&#8243; shift_y_down=&#8221;0&#8243; z_index=&#8221;0&#8243; medium_width=&#8221;0&#8243; mobile_width=&#8221;0&#8243; css_animation=&#8221;bottom-t-top&#8221; animation_delay=&#8221;100&#8243; width=&#8221;1\/1&#8243; uncode_shortcode_id=&#8221;110296&#8243;][vc_custom_heading text_color=&#8221;color-170105&#8243; heading_semantic=&#8221;h1&#8243; text_font=&#8221;font-195077&#8243; uncode_shortcode_id=&#8221;104193&#8243; text_color_type=&#8221;uncode-palette&#8221;]Rozwi\u0105zania dedykowane do ka\u017cdego rodzaju obr\u00f3bki[\/vc_custom_heading][vc_empty_space empty_h=&#8221;0&#8243;][uncode_index el_id=&#8221;index-121473&#8243; loop=&#8221;size:All|order_by:menu_order|order:ASC|post_type:page|tax_query:261|taxonomy_count:10&#8243; screen_lg=&#8221;1000&#8243; screen_md=&#8221;600&#8243; screen_sm=&#8221;480&#8243; gutter_size=&#8221;4&#8243; page_items=&#8221;title,media|featured|onpost|original,link|default|default_size|scale_mobile|default_width|default_outline|Dowiedz si\u0119 wi\u0119cej&#8221; images_size=&#8221;three-two&#8221; single_overlay_opacity=&#8221;50&#8243; single_overlay_anim=&#8221;no&#8221; single_image_anim=&#8221;no&#8221; single_padding=&#8221;2&#8243; single_title_semantic=&#8221;h2&#8243; single_title_family=&#8221;font-116529&#8243; single_title_dimension=&#8221;h6&#8243; single_title_weight=&#8221;600&#8243; single_title_transform=&#8221;uppercase&#8221; single_border=&#8221;yes&#8221; uncode_shortcode_id=&#8221;926323&#8243; el_class=&#8221;impianti_archive&#8221; items=&#8221;eyI2NTc4M19pIjp7InNpbmdsZV9saW5rIjoidXJsOmh0dHBzJTNBJTJGJTJGd3d3LnBhbml6em9sby5jb20lMkZicmV2ZXR0aSUyRmJyZXZldHRpLWRpLXJhZmZpbmF6aW9uZSUyRnx0aXRsZTpCcmV2ZXR0aSUyMGRpJTIwcmFmZmluYXppb25lIn0sIjcwMDg1X2kiOnsic2luZ2xlX2xpbmsiOiJ1cmw6aHR0cHMlM0ElMkYlMkZ3d3cucGFuaXp6b2xvLmNvbSUyRnBsJTJGcGF0ZW50eSUyRnBhdGVudHktbmEtcmFmaW5hY2plJTJGIn19&#8243;][\/vc_column][\/vc_row][vc_row row_height_percent=&#8221;0&#8243; override_padding=&#8221;yes&#8221; h_padding=&#8221;2&#8243; top_padding=&#8221;3&#8243; bottom_padding=&#8221;3&#8243; overlay_alpha=&#8221;50&#8243; gutter_size=&#8221;3&#8243; column_width_percent=&#8221;100&#8243; shift_y=&#8221;0&#8243; z_index=&#8221;0&#8243; uncode_shortcode_id=&#8221;433143&#8243;][vc_column width=&#8221;1\/1&#8243;][vc_empty_space empty_h=&#8221;2&#8243;][\/vc_column][\/vc_row][vc_row][vc_column width=&#8221;1\/1&#8243;][uncode_block id=&#8221;98938&#8243;][\/vc_column][\/vc_row][vc_row row_height_percent=&#8221;0&#8243; override_padding=&#8221;yes&#8221; h_padding=&#8221;2&#8243; top_padding=&#8221;0&#8243; bottom_padding=&#8221;2&#8243; overlay_alpha=&#8221;50&#8243; gutter_size=&#8221;3&#8243; column_width_percent=&#8221;100&#8243; shift_y=&#8221;0&#8243; z_index=&#8221;0&#8243; content_parallax=&#8221;0&#8243; uncode_shortcode_id=&#8221;340420&#8243;][vc_column width=&#8221;1\/1&#8243;][vc_empty_space empty_h=&#8221;0&#8243;][\/vc_column][\/vc_row][vc_row row_height_percent=&#8221;55&#8243; back_image=&#8221;97556&#8243; overlay_alpha=&#8221;50&#8243; gutter_size=&#8221;3&#8243; column_width_percent=&#8221;100&#8243; shift_y=&#8221;0&#8243; z_index=&#8221;0&#8243; content_parallax=&#8221;0&#8243; uncode_shortcode_id=&#8221;991621&#8243; row_height_pixel=&#8221;400&#8243;][vc_column width=&#8221;1\/1&#8243;][\/vc_column][\/vc_row][vc_row row_height_percent=&#8221;0&#8243; override_padding=&#8221;yes&#8221; h_padding=&#8221;2&#8243; top_padding=&#8221;4&#8243; bottom_padding=&#8221;4&#8243; overlay_alpha=&#8221;50&#8243; gutter_size=&#8221;3&#8243; column_width_percent=&#8221;100&#8243; shift_y=&#8221;0&#8243; z_index=&#8221;0&#8243; content_parallax=&#8221;0&#8243; uncode_shortcode_id=&#8221;173136&#8243;][vc_column width=&#8221;1\/1&#8243;][vc_single_image media=&#8221;99267&#8243; media_width_percent=&#8221;100&#8243; uncode_shortcode_id=&#8221;154663&#8243;][\/vc_column][\/vc_row][vc_row][vc_column width=&#8221;1\/1&#8243;][uncode_block id=&#8221;80860&#8243;][\/vc_column][\/vc_row]<\/p>\n<\/div>","protected":false},"excerpt":{"rendered":"<p>Trent\u2019anni di esperienze dirette permette a Panizzolo di progettare impianti di riciclaggio finalizzati alla completa valorizzazione dei metalli recuperati.<\/p>\n","protected":false},"author":1,"featured_media":69759,"parent":69911,"menu_order":20,"comment_status":"closed","ping_status":"closed","template":"","meta":{"footnotes":""},"class_list":["post-69936","page","type-page","status-publish","has-post-thumbnail","hentry"],"yoast_head":"<!-- This site is optimized with the Yoast SEO plugin v24.5 - https:\/\/yoast.com\/wordpress\/plugins\/seo\/ -->\n<title>Instalacje do recyklingu - Panizzolo Recycling Systems<\/title>\n<meta name=\"description\" content=\"Kompletne instalacje do recyklingu z\u0142omu metalowego, modu\u0142owe i elastyczne, od redukcji obj\u0119to\u015bciowej po rafinacj\u0119.\" \/>\n<meta name=\"robots\" content=\"index, follow, max-snippet:-1, max-image-preview:large, max-video-preview:-1\" \/>\n<link rel=\"canonical\" href=\"https:\/\/www.panizzolo.com\/pl\/rozwiazania-dotyczace-recyklingu\/instalacje-do-recyklingu\/\" \/>\n<meta property=\"og:locale\" content=\"pl_PL\" \/>\n<meta property=\"og:type\" content=\"article\" \/>\n<meta property=\"og:title\" content=\"Instalacje do recyklingu - Panizzolo Recycling Systems\" \/>\n<meta property=\"og:description\" content=\"Kompletne instalacje do recyklingu z\u0142omu metalowego, modu\u0142owe i elastyczne, od redukcji obj\u0119to\u015bciowej po rafinacj\u0119.\" \/>\n<meta property=\"og:url\" content=\"https:\/\/www.panizzolo.com\/pl\/rozwiazania-dotyczace-recyklingu\/instalacje-do-recyklingu\/\" \/>\n<meta property=\"og:site_name\" content=\"Panizzolo Impianti di riciclaggio per rifiuti\" \/>\n<meta property=\"article:publisher\" content=\"https:\/\/www.facebook.com\/PanizzoloRecycling\" \/>\n<meta property=\"article:modified_time\" content=\"2025-09-26T06:57:47+00:00\" \/>\n<meta property=\"og:image\" content=\"https:\/\/www.panizzolo.com\/wp-content\/uploads\/2019\/10\/imgEvidenza_ChiSiamo.jpg\" \/>\n\t<meta property=\"og:image:width\" content=\"2560\" \/>\n\t<meta property=\"og:image:height\" content=\"900\" \/>\n\t<meta property=\"og:image:type\" content=\"image\/jpeg\" \/>\n<meta name=\"twitter:card\" content=\"summary_large_image\" \/>\n<meta name=\"twitter:site\" content=\"@PanizzoloRS\" \/>\n<meta name=\"twitter:label1\" content=\"Est. reading time\" \/>\n\t<meta name=\"twitter:data1\" content=\"2 minutes\" \/>\n<script type=\"application\/ld+json\" class=\"yoast-schema-graph\">{\"@context\":\"https:\/\/schema.org\",\"@graph\":[{\"@type\":\"WebPage\",\"@id\":\"https:\/\/www.panizzolo.com\/pl\/rozwiazania-dotyczace-recyklingu\/instalacje-do-recyklingu\/\",\"url\":\"https:\/\/www.panizzolo.com\/pl\/rozwiazania-dotyczace-recyklingu\/instalacje-do-recyklingu\/\",\"name\":\"Instalacje do recyklingu - Panizzolo Recycling Systems\",\"isPartOf\":{\"@id\":\"https:\/\/www.panizzolo.com\/pl\/#website\"},\"primaryImageOfPage\":{\"@id\":\"https:\/\/www.panizzolo.com\/pl\/rozwiazania-dotyczace-recyklingu\/instalacje-do-recyklingu\/#primaryimage\"},\"image\":{\"@id\":\"https:\/\/www.panizzolo.com\/pl\/rozwiazania-dotyczace-recyklingu\/instalacje-do-recyklingu\/#primaryimage\"},\"thumbnailUrl\":\"https:\/\/www.panizzolo.com\/wp-content\/uploads\/2019\/10\/imgEvidenza_ChiSiamo.jpg\",\"datePublished\":\"2018-06-15T12:09:52+00:00\",\"dateModified\":\"2025-09-26T06:57:47+00:00\",\"description\":\"Kompletne instalacje do recyklingu z\u0142omu metalowego, modu\u0142owe i elastyczne, od redukcji obj\u0119to\u015bciowej po rafinacj\u0119.\",\"breadcrumb\":{\"@id\":\"https:\/\/www.panizzolo.com\/pl\/rozwiazania-dotyczace-recyklingu\/instalacje-do-recyklingu\/#breadcrumb\"},\"inLanguage\":\"pl-PL\",\"potentialAction\":[{\"@type\":\"ReadAction\",\"target\":[\"https:\/\/www.panizzolo.com\/pl\/rozwiazania-dotyczace-recyklingu\/instalacje-do-recyklingu\/\"]}]},{\"@type\":\"ImageObject\",\"inLanguage\":\"pl-PL\",\"@id\":\"https:\/\/www.panizzolo.com\/pl\/rozwiazania-dotyczace-recyklingu\/instalacje-do-recyklingu\/#primaryimage\",\"url\":\"https:\/\/www.panizzolo.com\/wp-content\/uploads\/2019\/10\/imgEvidenza_ChiSiamo.jpg\",\"contentUrl\":\"https:\/\/www.panizzolo.com\/wp-content\/uploads\/2019\/10\/imgEvidenza_ChiSiamo.jpg\",\"width\":2560,\"height\":900},{\"@type\":\"BreadcrumbList\",\"@id\":\"https:\/\/www.panizzolo.com\/pl\/rozwiazania-dotyczace-recyklingu\/instalacje-do-recyklingu\/#breadcrumb\",\"itemListElement\":[{\"@type\":\"ListItem\",\"position\":1,\"name\":\"Rozwi\u0105zania dotycz\u0105ce recyklingu\",\"item\":\"https:\/\/www.panizzolo.com\/pl\/rozwiazania-dotyczace-recyklingu\/\"},{\"@type\":\"ListItem\",\"position\":2,\"name\":\"Instalacje do recyklingu\"}]},{\"@type\":\"WebSite\",\"@id\":\"https:\/\/www.panizzolo.com\/pl\/#website\",\"url\":\"https:\/\/www.panizzolo.com\/pl\/\",\"name\":\"Panizzolo Impianti di riciclaggio per rifiuti\",\"description\":\"Panizzolo Impianti di riciclaggio per rifiuti\",\"potentialAction\":[{\"@type\":\"SearchAction\",\"target\":{\"@type\":\"EntryPoint\",\"urlTemplate\":\"https:\/\/www.panizzolo.com\/pl\/?s={search_term_string}\"},\"query-input\":{\"@type\":\"PropertyValueSpecification\",\"valueRequired\":true,\"valueName\":\"search_term_string\"}}],\"inLanguage\":\"pl-PL\"}]}<\/script>\n<!-- \/ Yoast SEO plugin. -->","yoast_head_json":{"title":"Instalacje do recyklingu - Panizzolo Recycling Systems","description":"Kompletne instalacje do recyklingu z\u0142omu metalowego, modu\u0142owe i elastyczne, od redukcji obj\u0119to\u015bciowej po rafinacj\u0119.","robots":{"index":"index","follow":"follow","max-snippet":"max-snippet:-1","max-image-preview":"max-image-preview:large","max-video-preview":"max-video-preview:-1"},"canonical":"https:\/\/www.panizzolo.com\/pl\/rozwiazania-dotyczace-recyklingu\/instalacje-do-recyklingu\/","og_locale":"pl_PL","og_type":"article","og_title":"Instalacje do recyklingu - Panizzolo Recycling Systems","og_description":"Kompletne instalacje do recyklingu z\u0142omu metalowego, modu\u0142owe i elastyczne, od redukcji obj\u0119to\u015bciowej po rafinacj\u0119.","og_url":"https:\/\/www.panizzolo.com\/pl\/rozwiazania-dotyczace-recyklingu\/instalacje-do-recyklingu\/","og_site_name":"Panizzolo Impianti di riciclaggio per rifiuti","article_publisher":"https:\/\/www.facebook.com\/PanizzoloRecycling","article_modified_time":"2025-09-26T06:57:47+00:00","og_image":[{"width":2560,"height":900,"url":"https:\/\/www.panizzolo.com\/wp-content\/uploads\/2019\/10\/imgEvidenza_ChiSiamo.jpg","type":"image\/jpeg"}],"twitter_card":"summary_large_image","twitter_site":"@PanizzoloRS","twitter_misc":{"Est. reading time":"2 minutes"},"schema":{"@context":"https:\/\/schema.org","@graph":[{"@type":"WebPage","@id":"https:\/\/www.panizzolo.com\/pl\/rozwiazania-dotyczace-recyklingu\/instalacje-do-recyklingu\/","url":"https:\/\/www.panizzolo.com\/pl\/rozwiazania-dotyczace-recyklingu\/instalacje-do-recyklingu\/","name":"Instalacje do recyklingu - Panizzolo Recycling Systems","isPartOf":{"@id":"https:\/\/www.panizzolo.com\/pl\/#website"},"primaryImageOfPage":{"@id":"https:\/\/www.panizzolo.com\/pl\/rozwiazania-dotyczace-recyklingu\/instalacje-do-recyklingu\/#primaryimage"},"image":{"@id":"https:\/\/www.panizzolo.com\/pl\/rozwiazania-dotyczace-recyklingu\/instalacje-do-recyklingu\/#primaryimage"},"thumbnailUrl":"https:\/\/www.panizzolo.com\/wp-content\/uploads\/2019\/10\/imgEvidenza_ChiSiamo.jpg","datePublished":"2018-06-15T12:09:52+00:00","dateModified":"2025-09-26T06:57:47+00:00","description":"Kompletne instalacje do recyklingu z\u0142omu metalowego, modu\u0142owe i elastyczne, od redukcji obj\u0119to\u015bciowej po rafinacj\u0119.","breadcrumb":{"@id":"https:\/\/www.panizzolo.com\/pl\/rozwiazania-dotyczace-recyklingu\/instalacje-do-recyklingu\/#breadcrumb"},"inLanguage":"pl-PL","potentialAction":[{"@type":"ReadAction","target":["https:\/\/www.panizzolo.com\/pl\/rozwiazania-dotyczace-recyklingu\/instalacje-do-recyklingu\/"]}]},{"@type":"ImageObject","inLanguage":"pl-PL","@id":"https:\/\/www.panizzolo.com\/pl\/rozwiazania-dotyczace-recyklingu\/instalacje-do-recyklingu\/#primaryimage","url":"https:\/\/www.panizzolo.com\/wp-content\/uploads\/2019\/10\/imgEvidenza_ChiSiamo.jpg","contentUrl":"https:\/\/www.panizzolo.com\/wp-content\/uploads\/2019\/10\/imgEvidenza_ChiSiamo.jpg","width":2560,"height":900},{"@type":"BreadcrumbList","@id":"https:\/\/www.panizzolo.com\/pl\/rozwiazania-dotyczace-recyklingu\/instalacje-do-recyklingu\/#breadcrumb","itemListElement":[{"@type":"ListItem","position":1,"name":"Rozwi\u0105zania dotycz\u0105ce recyklingu","item":"https:\/\/www.panizzolo.com\/pl\/rozwiazania-dotyczace-recyklingu\/"},{"@type":"ListItem","position":2,"name":"Instalacje do recyklingu"}]},{"@type":"WebSite","@id":"https:\/\/www.panizzolo.com\/pl\/#website","url":"https:\/\/www.panizzolo.com\/pl\/","name":"Panizzolo Impianti di riciclaggio per rifiuti","description":"Panizzolo Impianti di riciclaggio per rifiuti","potentialAction":[{"@type":"SearchAction","target":{"@type":"EntryPoint","urlTemplate":"https:\/\/www.panizzolo.com\/pl\/?s={search_term_string}"},"query-input":{"@type":"PropertyValueSpecification","valueRequired":true,"valueName":"search_term_string"}}],"inLanguage":"pl-PL"}]}},"_links":{"self":[{"href":"https:\/\/www.panizzolo.com\/pl\/wp-json\/wp\/v2\/pages\/69936","targetHints":{"allow":["GET"]}}],"collection":[{"href":"https:\/\/www.panizzolo.com\/pl\/wp-json\/wp\/v2\/pages"}],"about":[{"href":"https:\/\/www.panizzolo.com\/pl\/wp-json\/wp\/v2\/types\/page"}],"author":[{"embeddable":true,"href":"https:\/\/www.panizzolo.com\/pl\/wp-json\/wp\/v2\/users\/1"}],"replies":[{"embeddable":true,"href":"https:\/\/www.panizzolo.com\/pl\/wp-json\/wp\/v2\/comments?post=69936"}],"version-history":[{"count":20,"href":"https:\/\/www.panizzolo.com\/pl\/wp-json\/wp\/v2\/pages\/69936\/revisions"}],"predecessor-version":[{"id":100386,"href":"https:\/\/www.panizzolo.com\/pl\/wp-json\/wp\/v2\/pages\/69936\/revisions\/100386"}],"up":[{"embeddable":true,"href":"https:\/\/www.panizzolo.com\/pl\/wp-json\/wp\/v2\/pages\/69911"}],"wp:featuredmedia":[{"embeddable":true,"href":"https:\/\/www.panizzolo.com\/pl\/wp-json\/wp\/v2\/media\/69759"}],"wp:attachment":[{"href":"https:\/\/www.panizzolo.com\/pl\/wp-json\/wp\/v2\/media?parent=69936"}],"curies":[{"name":"wp","href":"https:\/\/api.w.org\/{rel}","templated":true}]}}