{"id":69747,"date":"2019-07-10T09:32:31","date_gmt":"2019-07-10T07:32:31","guid":{"rendered":"http:\/\/www.panizzolo.it\/azienda\/la-nostra-storia\/"},"modified":"2025-06-13T09:26:19","modified_gmt":"2025-06-13T07:26:19","slug":"nasza-historia","status":"publish","type":"page","link":"https:\/\/www.panizzolo.com\/pl\/firma\/nasza-historia\/","title":{"rendered":"Nasza historia"},"content":{"rendered":"<div class=\"wpb-content-wrapper\"><p>[vc_row row_height_percent=&#8221;0&#8243; override_padding=&#8221;yes&#8221; h_padding=&#8221;2&#8243; top_padding=&#8221;4&#8243; bottom_padding=&#8221;2&#8243; back_image=&#8221;65455&#8243; back_repeat=&#8221;no-repeat&#8221; back_position=&#8221;right bottom&#8221; overlay_alpha=&#8221;50&#8243; gutter_size=&#8221;3&#8243; column_width_percent=&#8221;100&#8243; shift_y=&#8221;0&#8243; z_index=&#8221;0&#8243;][vc_column column_width_percent=&#8221;60&#8243; position_horizontal=&#8221;left&#8221; gutter_size=&#8221;3&#8243; overlay_alpha=&#8221;50&#8243; shift_x=&#8221;0&#8243; shift_y=&#8221;0&#8243; shift_y_down=&#8221;0&#8243; z_index=&#8221;0&#8243; medium_width=&#8221;0&#8243; mobile_width=&#8221;0&#8243; width=&#8221;1\/1&#8243;][vc_custom_heading text_color=&#8221;color-170105&#8243; text_font=&#8221;font-195077&#8243; css_animation=&#8221;alpha-anim&#8221; uncode_shortcode_id=&#8221;704048&#8243; text_color_type=&#8221;uncode-palette&#8221;]Nasza historia[\/vc_custom_heading][vc_column_text css_animation=&#8221;alpha-anim&#8221; uncode_shortcode_id=&#8221;199424&#8243;]Panizzolo Recycling jest uznan\u0105 w\u0142osk\u0105 mark\u0105 rozpoznawaln\u0105 na ca\u0142ym \u015bwiecie jako firma specjalizuj\u0105ca si\u0119 w dostarczaniu rozwi\u0105za\u0144 z zakresu <b>recyklingu odpad\u00f3w metalowych<\/b>. Ta solidna rzeczywisto\u015b\u0107 przemys\u0142owa ma d\u0142ug\u0105 histori\u0119 i rodzinn\u0105 tradycj\u0119, kt\u00f3ra rozpocz\u0119\u0142a si\u0119 w latach powojennych.[\/vc_column_text][vc_empty_space empty_h=&#8221;3&#8243;][\/vc_column][\/vc_row][vc_row row_height_percent=&#8221;0&#8243; back_image=&#8221;72&#8243; back_repeat=&#8221;no-repeat&#8221; back_position=&#8221;right bottom&#8221; overlay_alpha=&#8221;50&#8243; gutter_size=&#8221;3&#8243; column_width_percent=&#8221;100&#8243; shift_y=&#8221;0&#8243; z_index=&#8221;0&#8243;][vc_column column_width_percent=&#8221;60&#8243; align_horizontal=&#8221;align_center&#8221; gutter_size=&#8221;3&#8243; overlay_alpha=&#8221;50&#8243; shift_x=&#8221;0&#8243; shift_y=&#8221;0&#8243; shift_y_down=&#8221;0&#8243; z_index=&#8221;0&#8243; medium_width=&#8221;0&#8243; mobile_width=&#8221;0&#8243; width=&#8221;1\/1&#8243;][vc_row_inner][vc_column_inner column_width_percent=&#8221;100&#8243; gutter_size=&#8221;3&#8243; overlay_alpha=&#8221;50&#8243; shift_x=&#8221;0&#8243; shift_y=&#8221;0&#8243; shift_y_down=&#8221;0&#8243; z_index=&#8221;0&#8243; medium_width=&#8221;0&#8243; mobile_width=&#8221;0&#8243; css_animation=&#8221;left-t-right&#8221; width=&#8221;1\/4&#8243;][vc_custom_heading text_color=&#8221;color-170105&#8243; text_font=&#8221;font-116529&#8243; text_transform=&#8221;uppercase&#8221;]1946[\/vc_custom_heading][\/vc_column_inner][vc_column_inner column_width_percent=&#8221;100&#8243; gutter_size=&#8221;3&#8243; overlay_alpha=&#8221;50&#8243; shift_x=&#8221;0&#8243; shift_y=&#8221;0&#8243; shift_y_down=&#8221;0&#8243; z_index=&#8221;0&#8243; medium_width=&#8221;0&#8243; mobile_width=&#8221;0&#8243; css_animation=&#8221;right-t-left&#8221; width=&#8221;3\/4&#8243;][vc_column_text uncode_shortcode_id=&#8221;645388&#8243;]Pietro i Orlando Panizzolo zak\u0142adaj\u0105 firm\u0119, skupiaj\u0105c si\u0119 na zbi\u00f3rce i handlu z\u0142omem \u017celaznym.[\/vc_column_text][\/vc_column_inner][\/vc_row_inner][vc_row_inner][vc_column_inner column_width_percent=&#8221;100&#8243; gutter_size=&#8221;3&#8243; overlay_alpha=&#8221;50&#8243; shift_x=&#8221;0&#8243; shift_y=&#8221;0&#8243; shift_y_down=&#8221;0&#8243; z_index=&#8221;0&#8243; medium_width=&#8221;0&#8243; mobile_width=&#8221;0&#8243; css_animation=&#8221;left-t-right&#8221; width=&#8221;1\/4&#8243;][vc_custom_heading text_color=&#8221;color-170105&#8243; text_font=&#8221;font-116529&#8243; text_transform=&#8221;uppercase&#8221;]1988[\/vc_custom_heading][\/vc_column_inner][vc_column_inner column_width_percent=&#8221;100&#8243; gutter_size=&#8221;3&#8243; overlay_alpha=&#8221;50&#8243; shift_x=&#8221;0&#8243; shift_y=&#8221;0&#8243; shift_y_down=&#8221;0&#8243; z_index=&#8221;0&#8243; medium_width=&#8221;0&#8243; mobile_width=&#8221;0&#8243; css_animation=&#8221;right-t-left&#8221; width=&#8221;3\/4&#8243;][vc_column_text uncode_shortcode_id=&#8221;172016&#8243;]Rozpoczyna si\u0119 proces rozwoju nowej koncepcji maszyn. Mauro Panizzolo realizuje pierwsze projekty nowego m\u0142yna m\u0142otkowego.[\/vc_column_text][\/vc_column_inner][\/vc_row_inner][vc_row_inner][vc_column_inner column_width_percent=&#8221;100&#8243; gutter_size=&#8221;3&#8243; overlay_alpha=&#8221;50&#8243; shift_x=&#8221;0&#8243; shift_y=&#8221;0&#8243; shift_y_down=&#8221;0&#8243; z_index=&#8221;0&#8243; medium_width=&#8221;0&#8243; mobile_width=&#8221;0&#8243; css_animation=&#8221;left-t-right&#8221; width=&#8221;1\/4&#8243;][vc_custom_heading text_color=&#8221;color-170105&#8243; text_font=&#8221;font-116529&#8243; text_transform=&#8221;uppercase&#8221;]1996[\/vc_custom_heading][\/vc_column_inner][vc_column_inner column_width_percent=&#8221;100&#8243; gutter_size=&#8221;3&#8243; overlay_alpha=&#8221;50&#8243; shift_x=&#8221;0&#8243; shift_y=&#8221;0&#8243; shift_y_down=&#8221;0&#8243; z_index=&#8221;0&#8243; medium_width=&#8221;0&#8243; mobile_width=&#8221;0&#8243; css_animation=&#8221;right-t-left&#8221; width=&#8221;3\/4&#8243;][vc_column_text uncode_shortcode_id=&#8221;581785&#8243;]Nieprzerwane i bezpo\u015brednie do\u015bwiadczenie owocuje w liczne ulepszenia i aktualizacje, prowadz\u0105c w pierwszych latach 2000 roku do budowy najwy\u017cszej jako\u015bci m\u0142yna m\u0142otkowego, prostego w obs\u0142udze i \u0142atwego w utrzymaniu.[\/vc_column_text][\/vc_column_inner][\/vc_row_inner][vc_row_inner][vc_column_inner column_width_percent=&#8221;100&#8243; gutter_size=&#8221;3&#8243; overlay_alpha=&#8221;50&#8243; shift_x=&#8221;0&#8243; shift_y=&#8221;0&#8243; shift_y_down=&#8221;0&#8243; z_index=&#8221;0&#8243; medium_width=&#8221;0&#8243; mobile_width=&#8221;0&#8243; css_animation=&#8221;left-t-right&#8221; width=&#8221;1\/4&#8243;][vc_custom_heading text_color=&#8221;color-170105&#8243; text_font=&#8221;font-116529&#8243; text_transform=&#8221;uppercase&#8221;]2003[\/vc_custom_heading][\/vc_column_inner][vc_column_inner column_width_percent=&#8221;100&#8243; gutter_size=&#8221;3&#8243; overlay_alpha=&#8221;50&#8243; shift_x=&#8221;0&#8243; shift_y=&#8221;0&#8243; shift_y_down=&#8221;0&#8243; z_index=&#8221;0&#8243; medium_width=&#8221;0&#8243; mobile_width=&#8221;0&#8243; css_animation=&#8221;right-t-left&#8221; width=&#8221;3\/4&#8243;][vc_column_text uncode_shortcode_id=&#8221;328744&#8243;]Coraz bardziej zainteresowana klientela wymaga skutecznego marketingu m\u0142yn\u00f3w m\u0142otkowych firmy Panizzolo Recycling. Grupa zdobywa ugruntowan\u0105 pozycj\u0119 na rynku w\u0142oskim jako firma specjalizuj\u0105ca si\u0119 w produkcji wysoce wydajnych maszyn i instalacji do recyklingu.[\/vc_column_text][\/vc_column_inner][\/vc_row_inner][vc_row_inner][vc_column_inner column_width_percent=&#8221;100&#8243; gutter_size=&#8221;3&#8243; overlay_alpha=&#8221;50&#8243; shift_x=&#8221;0&#8243; shift_y=&#8221;0&#8243; shift_y_down=&#8221;0&#8243; z_index=&#8221;0&#8243; medium_width=&#8221;0&#8243; mobile_width=&#8221;0&#8243; css_animation=&#8221;left-t-right&#8221; width=&#8221;1\/4&#8243;][vc_custom_heading text_color=&#8221;color-170105&#8243; text_font=&#8221;font-116529&#8243; text_transform=&#8221;uppercase&#8221; uncode_shortcode_id=&#8221;131824&#8243; text_color_type=&#8221;uncode-palette&#8221;]2011<br \/>\n2014[\/vc_custom_heading][\/vc_column_inner][vc_column_inner column_width_percent=&#8221;100&#8243; gutter_size=&#8221;3&#8243; overlay_alpha=&#8221;50&#8243; shift_x=&#8221;0&#8243; shift_y=&#8221;0&#8243; shift_y_down=&#8221;0&#8243; z_index=&#8221;0&#8243; medium_width=&#8221;0&#8243; mobile_width=&#8221;0&#8243; css_animation=&#8221;right-t-left&#8221; width=&#8221;3\/4&#8243;][vc_column_text uncode_shortcode_id=&#8221;407760&#8243;]Asortyment produkt\u00f3w wzbogaca si\u0119 o nowe systemy do recyklingu. Coraz wi\u0119cej firm krajowych i mi\u0119dzynarodowych decyduje si\u0119 na przetwarzanie swoich odpad\u00f3w, uwzgl\u0119dniaj\u0105c rozwi\u0105zania firmy Panizzolo Recycling.[\/vc_column_text][\/vc_column_inner][\/vc_row_inner][vc_row_inner][vc_column_inner column_width_percent=&#8221;100&#8243; gutter_size=&#8221;3&#8243; overlay_alpha=&#8221;50&#8243; shift_x=&#8221;0&#8243; shift_y=&#8221;0&#8243; shift_y_down=&#8221;0&#8243; z_index=&#8221;0&#8243; medium_width=&#8221;0&#8243; mobile_width=&#8221;0&#8243; css_animation=&#8221;left-t-right&#8221; width=&#8221;1\/4&#8243;][vc_custom_heading text_color=&#8221;color-170105&#8243; text_font=&#8221;font-116529&#8243; text_transform=&#8221;uppercase&#8221; uncode_shortcode_id=&#8221;212269&#8243; text_color_type=&#8221;uncode-palette&#8221;]2015[\/vc_custom_heading][\/vc_column_inner][vc_column_inner column_width_percent=&#8221;100&#8243; gutter_size=&#8221;3&#8243; overlay_alpha=&#8221;50&#8243; shift_x=&#8221;0&#8243; shift_y=&#8221;0&#8243; shift_y_down=&#8221;0&#8243; z_index=&#8221;0&#8243; medium_width=&#8221;0&#8243; mobile_width=&#8221;0&#8243; css_animation=&#8221;right-t-left&#8221; width=&#8221;3\/4&#8243;][vc_column_text uncode_shortcode_id=&#8221;134038&#8243;]W siedzibie firmy Panizzolo zostaje uruchomiona nowa instalacja do rafinacji. Unia Europejska certyfikuje jako\u015b\u0107 swoich produkt\u00f3w wyj\u015bciowych, deklaruj\u0105c ich zgodno\u015b\u0107 z produkcj\u0105 surowc\u00f3w wt\u00f3rnych.<\/p>\n<p>Firma Panizzolo rozwija rynek mi\u0119dzynarodowy i podwaja wyposa\u017cenie swojej siedziby operacyjnej w Arzergrande.[\/vc_column_text][\/vc_column_inner][\/vc_row_inner][vc_row_inner][vc_column_inner column_width_percent=&#8221;100&#8243; gutter_size=&#8221;3&#8243; overlay_alpha=&#8221;50&#8243; shift_x=&#8221;0&#8243; shift_y=&#8221;0&#8243; shift_y_down=&#8221;0&#8243; z_index=&#8221;0&#8243; medium_width=&#8221;0&#8243; mobile_width=&#8221;0&#8243; css_animation=&#8221;left-t-right&#8221; width=&#8221;1\/4&#8243;][vc_custom_heading text_color=&#8221;color-170105&#8243; text_font=&#8221;font-116529&#8243; text_transform=&#8221;uppercase&#8221; uncode_shortcode_id=&#8221;110970&#8243; text_color_type=&#8221;uncode-palette&#8221;]2017[\/vc_custom_heading][\/vc_column_inner][vc_column_inner column_width_percent=&#8221;100&#8243; gutter_size=&#8221;3&#8243; overlay_alpha=&#8221;50&#8243; shift_x=&#8221;0&#8243; shift_y=&#8221;0&#8243; shift_y_down=&#8221;0&#8243; z_index=&#8221;0&#8243; medium_width=&#8221;0&#8243; mobile_width=&#8221;0&#8243; css_animation=&#8221;right-t-left&#8221; width=&#8221;3\/4&#8243;][vc_column_text uncode_shortcode_id=&#8221;161706&#8243;]Rozszerzenie asortymentu produkt\u00f3w o now\u0105 instalacj\u0119 do rafinacji firmy Panizzolo. Opatentowane technologie pozwalaj\u0105 firmom z bran\u017cy przeprowadza\u0107 obr\u00f3bk\u0119 End-of-Waste na odpadach, kt\u00f3re s\u0105 uwa\u017cane za prawie niemo\u017cliwe do odzyskania.[\/vc_column_text][\/vc_column_inner][\/vc_row_inner][vc_row_inner][vc_column_inner column_width_percent=&#8221;100&#8243; gutter_size=&#8221;3&#8243; overlay_alpha=&#8221;50&#8243; shift_x=&#8221;0&#8243; shift_y=&#8221;0&#8243; shift_y_down=&#8221;0&#8243; z_index=&#8221;0&#8243; medium_width=&#8221;0&#8243; mobile_width=&#8221;0&#8243; css_animation=&#8221;left-t-right&#8221; width=&#8221;1\/4&#8243;][vc_custom_heading text_color=&#8221;color-170105&#8243; text_font=&#8221;font-116529&#8243; text_transform=&#8221;uppercase&#8221; uncode_shortcode_id=&#8221;673548&#8243; text_color_type=&#8221;uncode-palette&#8221;]2021[\/vc_custom_heading][\/vc_column_inner][vc_column_inner column_width_percent=&#8221;100&#8243; gutter_size=&#8221;3&#8243; overlay_alpha=&#8221;50&#8243; shift_x=&#8221;0&#8243; shift_y=&#8221;0&#8243; shift_y_down=&#8221;0&#8243; z_index=&#8221;0&#8243; medium_width=&#8221;0&#8243; mobile_width=&#8221;0&#8243; css_animation=&#8221;right-t-left&#8221; width=&#8221;3\/4&#8243;][vc_column_text uncode_shortcode_id=&#8221;103810&#8243;]Pandemia nie zatrzymuje procesu rozwoju firmy. Wraz z ekspansj\u0105 i zwi\u0119kszon\u0105 obecno\u015bci\u0105 na rynku mi\u0119dzynarodowym firma Panizzolo zwi\u0119ksza dzia\u0142alno\u015b\u0107, otwieraj\u0105c trzeci\u0105 siedzib\u0119.[\/vc_column_text][\/vc_column_inner][\/vc_row_inner][vc_empty_space empty_h=&#8221;5&#8243;][\/vc_column][\/vc_row][vc_row row_height_percent=&#8221;0&#8243; override_padding=&#8221;yes&#8221; h_padding=&#8221;2&#8243; top_padding=&#8221;0&#8243; bottom_padding=&#8221;0&#8243; overlay_alpha=&#8221;50&#8243; gutter_size=&#8221;3&#8243; column_width_percent=&#8221;100&#8243; shift_y=&#8221;0&#8243; z_index=&#8221;0&#8243;][vc_column column_width_percent=&#8221;100&#8243; gutter_size=&#8221;3&#8243; overlay_alpha=&#8221;50&#8243; shift_x=&#8221;0&#8243; shift_y=&#8221;0&#8243; shift_y_down=&#8221;0&#8243; z_index=&#8221;0&#8243; medium_width=&#8221;0&#8243; mobile_width=&#8221;0&#8243; css_animation=&#8221;alpha-anim&#8221; animation_delay=&#8221;200&#8243; width=&#8221;1\/1&#8243;][vc_gallery el_id=&#8221;gallery-691150&#8243; medias=&#8221;65806,65807,65808,65809,65810,65811&#8243; gutter_size=&#8221;3&#8243; screen_lg=&#8221;1000&#8243; screen_md=&#8221;600&#8243; screen_sm=&#8221;480&#8243; images_size=&#8221;three-two&#8221; single_overlay_opacity=&#8221;50&#8243; single_padding=&#8221;2&#8243;][vc_empty_space empty_h=&#8221;5&#8243;][\/vc_column][\/vc_row][vc_row][vc_column width=&#8221;1\/1&#8243;][uncode_block id=&#8221;87787&#8243;][\/vc_column][\/vc_row]<\/p>\n<\/div>","protected":false},"excerpt":{"rendered":"<p>[vc_row row_height_percent=&#8221;0&#8243; override_padding=&#8221;yes&#8221; h_padding=&#8221;2&#8243; top_padding=&#8221;4&#8243; bottom_padding=&#8221;2&#8243; back_image=&#8221;65455&#8243; back_repeat=&#8221;no-repeat&#8221; back_position=&#8221;right bottom&#8221; overlay_alpha=&#8221;50&#8243; gutter_size=&#8221;3&#8243; column_width_percent=&#8221;100&#8243; shift_y=&#8221;0&#8243; z_index=&#8221;0&#8243;][vc_column column_width_percent=&#8221;60&#8243; position_horizontal=&#8221;left&#8221; gutter_size=&#8221;3&#8243; overlay_alpha=&#8221;50&#8243; shift_x=&#8221;0&#8243; [&hellip;]<\/p>\n","protected":false},"author":1,"featured_media":69757,"parent":69743,"menu_order":20,"comment_status":"closed","ping_status":"closed","template":"","meta":{"footnotes":""},"class_list":["post-69747","page","type-page","status-publish","has-post-thumbnail","hentry"],"yoast_head":"<!-- This site is optimized with the Yoast SEO plugin v24.5 - https:\/\/yoast.com\/wordpress\/plugins\/seo\/ -->\n<title>Nasza historia - Panizzolo Impianti di riciclaggio per rifiuti<\/title>\n<meta name=\"robots\" content=\"index, follow, max-snippet:-1, max-image-preview:large, max-video-preview:-1\" \/>\n<link rel=\"canonical\" href=\"https:\/\/www.panizzolo.com\/pl\/firma\/nasza-historia\/\" \/>\n<meta property=\"og:locale\" content=\"pl_PL\" \/>\n<meta property=\"og:type\" content=\"article\" \/>\n<meta property=\"og:title\" content=\"Nasza historia - Panizzolo Impianti di riciclaggio per rifiuti\" \/>\n<meta property=\"og:description\" content=\"[vc_row row_height_percent=&#8221;0&#8243; override_padding=&#8221;yes&#8221; h_padding=&#8221;2&#8243; top_padding=&#8221;4&#8243; bottom_padding=&#8221;2&#8243; back_image=&#8221;65455&#8243; back_repeat=&#8221;no-repeat&#8221; back_position=&#8221;right bottom&#8221; overlay_alpha=&#8221;50&#8243; gutter_size=&#8221;3&#8243; column_width_percent=&#8221;100&#8243; shift_y=&#8221;0&#8243; z_index=&#8221;0&#8243;][vc_column column_width_percent=&#8221;60&#8243; position_horizontal=&#8221;left&#8221; gutter_size=&#8221;3&#8243; overlay_alpha=&#8221;50&#8243; shift_x=&#8221;0&#8243; [&hellip;]\" \/>\n<meta property=\"og:url\" content=\"https:\/\/www.panizzolo.com\/pl\/firma\/nasza-historia\/\" \/>\n<meta property=\"og:site_name\" content=\"Panizzolo Impianti di riciclaggio per rifiuti\" \/>\n<meta property=\"article:publisher\" content=\"https:\/\/www.facebook.com\/PanizzoloRecycling\" \/>\n<meta property=\"article:modified_time\" content=\"2025-06-13T07:26:19+00:00\" \/>\n<meta property=\"og:image\" content=\"https:\/\/www.panizzolo.com\/wp-content\/uploads\/2019\/09\/customerCare.jpg\" \/>\n\t<meta property=\"og:image:width\" content=\"2560\" \/>\n\t<meta property=\"og:image:height\" content=\"900\" \/>\n\t<meta property=\"og:image:type\" content=\"image\/jpeg\" \/>\n<meta name=\"twitter:card\" content=\"summary_large_image\" \/>\n<meta name=\"twitter:site\" content=\"@PanizzoloRS\" \/>\n<meta name=\"twitter:label1\" content=\"Est. reading time\" \/>\n\t<meta name=\"twitter:data1\" content=\"4 minutes\" \/>\n<script type=\"application\/ld+json\" class=\"yoast-schema-graph\">{\"@context\":\"https:\/\/schema.org\",\"@graph\":[{\"@type\":\"WebPage\",\"@id\":\"https:\/\/www.panizzolo.com\/pl\/firma\/nasza-historia\/\",\"url\":\"https:\/\/www.panizzolo.com\/pl\/firma\/nasza-historia\/\",\"name\":\"Nasza historia - Panizzolo Impianti di riciclaggio per rifiuti\",\"isPartOf\":{\"@id\":\"https:\/\/www.panizzolo.com\/pl\/#website\"},\"primaryImageOfPage\":{\"@id\":\"https:\/\/www.panizzolo.com\/pl\/firma\/nasza-historia\/#primaryimage\"},\"image\":{\"@id\":\"https:\/\/www.panizzolo.com\/pl\/firma\/nasza-historia\/#primaryimage\"},\"thumbnailUrl\":\"https:\/\/www.panizzolo.com\/wp-content\/uploads\/2019\/09\/customerCare.jpg\",\"datePublished\":\"2019-07-10T07:32:31+00:00\",\"dateModified\":\"2025-06-13T07:26:19+00:00\",\"breadcrumb\":{\"@id\":\"https:\/\/www.panizzolo.com\/pl\/firma\/nasza-historia\/#breadcrumb\"},\"inLanguage\":\"pl-PL\",\"potentialAction\":[{\"@type\":\"ReadAction\",\"target\":[\"https:\/\/www.panizzolo.com\/pl\/firma\/nasza-historia\/\"]}]},{\"@type\":\"ImageObject\",\"inLanguage\":\"pl-PL\",\"@id\":\"https:\/\/www.panizzolo.com\/pl\/firma\/nasza-historia\/#primaryimage\",\"url\":\"https:\/\/www.panizzolo.com\/wp-content\/uploads\/2019\/09\/customerCare.jpg\",\"contentUrl\":\"https:\/\/www.panizzolo.com\/wp-content\/uploads\/2019\/09\/customerCare.jpg\",\"width\":2560,\"height\":900},{\"@type\":\"BreadcrumbList\",\"@id\":\"https:\/\/www.panizzolo.com\/pl\/firma\/nasza-historia\/#breadcrumb\",\"itemListElement\":[{\"@type\":\"ListItem\",\"position\":1,\"name\":\"Firma\",\"item\":\"https:\/\/www.panizzolo.com\/pl\/firma\/\"},{\"@type\":\"ListItem\",\"position\":2,\"name\":\"Nasza historia\"}]},{\"@type\":\"WebSite\",\"@id\":\"https:\/\/www.panizzolo.com\/pl\/#website\",\"url\":\"https:\/\/www.panizzolo.com\/pl\/\",\"name\":\"Panizzolo Impianti di riciclaggio per rifiuti\",\"description\":\"Panizzolo Impianti di riciclaggio per rifiuti\",\"potentialAction\":[{\"@type\":\"SearchAction\",\"target\":{\"@type\":\"EntryPoint\",\"urlTemplate\":\"https:\/\/www.panizzolo.com\/pl\/?s={search_term_string}\"},\"query-input\":{\"@type\":\"PropertyValueSpecification\",\"valueRequired\":true,\"valueName\":\"search_term_string\"}}],\"inLanguage\":\"pl-PL\"}]}<\/script>\n<!-- \/ Yoast SEO plugin. -->","yoast_head_json":{"title":"Nasza historia - Panizzolo Impianti di riciclaggio per rifiuti","robots":{"index":"index","follow":"follow","max-snippet":"max-snippet:-1","max-image-preview":"max-image-preview:large","max-video-preview":"max-video-preview:-1"},"canonical":"https:\/\/www.panizzolo.com\/pl\/firma\/nasza-historia\/","og_locale":"pl_PL","og_type":"article","og_title":"Nasza historia - Panizzolo Impianti di riciclaggio per rifiuti","og_description":"[vc_row row_height_percent=&#8221;0&#8243; override_padding=&#8221;yes&#8221; h_padding=&#8221;2&#8243; top_padding=&#8221;4&#8243; bottom_padding=&#8221;2&#8243; back_image=&#8221;65455&#8243; back_repeat=&#8221;no-repeat&#8221; back_position=&#8221;right bottom&#8221; overlay_alpha=&#8221;50&#8243; gutter_size=&#8221;3&#8243; column_width_percent=&#8221;100&#8243; shift_y=&#8221;0&#8243; z_index=&#8221;0&#8243;][vc_column column_width_percent=&#8221;60&#8243; position_horizontal=&#8221;left&#8221; gutter_size=&#8221;3&#8243; overlay_alpha=&#8221;50&#8243; shift_x=&#8221;0&#8243; [&hellip;]","og_url":"https:\/\/www.panizzolo.com\/pl\/firma\/nasza-historia\/","og_site_name":"Panizzolo Impianti di riciclaggio per rifiuti","article_publisher":"https:\/\/www.facebook.com\/PanizzoloRecycling","article_modified_time":"2025-06-13T07:26:19+00:00","og_image":[{"width":2560,"height":900,"url":"https:\/\/www.panizzolo.com\/wp-content\/uploads\/2019\/09\/customerCare.jpg","type":"image\/jpeg"}],"twitter_card":"summary_large_image","twitter_site":"@PanizzoloRS","twitter_misc":{"Est. reading time":"4 minutes"},"schema":{"@context":"https:\/\/schema.org","@graph":[{"@type":"WebPage","@id":"https:\/\/www.panizzolo.com\/pl\/firma\/nasza-historia\/","url":"https:\/\/www.panizzolo.com\/pl\/firma\/nasza-historia\/","name":"Nasza historia - Panizzolo Impianti di riciclaggio per rifiuti","isPartOf":{"@id":"https:\/\/www.panizzolo.com\/pl\/#website"},"primaryImageOfPage":{"@id":"https:\/\/www.panizzolo.com\/pl\/firma\/nasza-historia\/#primaryimage"},"image":{"@id":"https:\/\/www.panizzolo.com\/pl\/firma\/nasza-historia\/#primaryimage"},"thumbnailUrl":"https:\/\/www.panizzolo.com\/wp-content\/uploads\/2019\/09\/customerCare.jpg","datePublished":"2019-07-10T07:32:31+00:00","dateModified":"2025-06-13T07:26:19+00:00","breadcrumb":{"@id":"https:\/\/www.panizzolo.com\/pl\/firma\/nasza-historia\/#breadcrumb"},"inLanguage":"pl-PL","potentialAction":[{"@type":"ReadAction","target":["https:\/\/www.panizzolo.com\/pl\/firma\/nasza-historia\/"]}]},{"@type":"ImageObject","inLanguage":"pl-PL","@id":"https:\/\/www.panizzolo.com\/pl\/firma\/nasza-historia\/#primaryimage","url":"https:\/\/www.panizzolo.com\/wp-content\/uploads\/2019\/09\/customerCare.jpg","contentUrl":"https:\/\/www.panizzolo.com\/wp-content\/uploads\/2019\/09\/customerCare.jpg","width":2560,"height":900},{"@type":"BreadcrumbList","@id":"https:\/\/www.panizzolo.com\/pl\/firma\/nasza-historia\/#breadcrumb","itemListElement":[{"@type":"ListItem","position":1,"name":"Firma","item":"https:\/\/www.panizzolo.com\/pl\/firma\/"},{"@type":"ListItem","position":2,"name":"Nasza historia"}]},{"@type":"WebSite","@id":"https:\/\/www.panizzolo.com\/pl\/#website","url":"https:\/\/www.panizzolo.com\/pl\/","name":"Panizzolo Impianti di riciclaggio per rifiuti","description":"Panizzolo Impianti di riciclaggio per rifiuti","potentialAction":[{"@type":"SearchAction","target":{"@type":"EntryPoint","urlTemplate":"https:\/\/www.panizzolo.com\/pl\/?s={search_term_string}"},"query-input":{"@type":"PropertyValueSpecification","valueRequired":true,"valueName":"search_term_string"}}],"inLanguage":"pl-PL"}]}},"_links":{"self":[{"href":"https:\/\/www.panizzolo.com\/pl\/wp-json\/wp\/v2\/pages\/69747","targetHints":{"allow":["GET"]}}],"collection":[{"href":"https:\/\/www.panizzolo.com\/pl\/wp-json\/wp\/v2\/pages"}],"about":[{"href":"https:\/\/www.panizzolo.com\/pl\/wp-json\/wp\/v2\/types\/page"}],"author":[{"embeddable":true,"href":"https:\/\/www.panizzolo.com\/pl\/wp-json\/wp\/v2\/users\/1"}],"replies":[{"embeddable":true,"href":"https:\/\/www.panizzolo.com\/pl\/wp-json\/wp\/v2\/comments?post=69747"}],"version-history":[{"count":9,"href":"https:\/\/www.panizzolo.com\/pl\/wp-json\/wp\/v2\/pages\/69747\/revisions"}],"predecessor-version":[{"id":90141,"href":"https:\/\/www.panizzolo.com\/pl\/wp-json\/wp\/v2\/pages\/69747\/revisions\/90141"}],"up":[{"embeddable":true,"href":"https:\/\/www.panizzolo.com\/pl\/wp-json\/wp\/v2\/pages\/69743"}],"wp:featuredmedia":[{"embeddable":true,"href":"https:\/\/www.panizzolo.com\/pl\/wp-json\/wp\/v2\/media\/69757"}],"wp:attachment":[{"href":"https:\/\/www.panizzolo.com\/pl\/wp-json\/wp\/v2\/media?parent=69747"}],"curies":[{"name":"wp","href":"https:\/\/api.w.org\/{rel}","templated":true}]}}