{"id":87675,"date":"2021-05-13T16:30:06","date_gmt":"2021-05-13T14:30:06","guid":{"rendered":"https:\/\/www.panizzolo.com\/materiali\/veicoli-fuori-uso\/"},"modified":"2021-11-02T09:39:51","modified_gmt":"2021-11-02T08:39:51","slug":"vehicules-hors-dusage","status":"publish","type":"page","link":"https:\/\/www.panizzolo.com\/fr\/materiaux\/vehicules-hors-dusage\/","title":{"rendered":"V\u00e9hicules hors d\u2019usage"},"content":{"rendered":"<div class=\"wpb-content-wrapper\"><p>[vc_row row_height_percent=&#8221;50&#8243; override_padding=&#8221;yes&#8221; h_padding=&#8221;2&#8243; top_padding=&#8221;4&#8243; bottom_padding=&#8221;2&#8243; back_image=&#8221;83164&#8243; parallax=&#8221;yes&#8221; overlay_color=&#8221;color-jevc&#8221; overlay_alpha=&#8221;40&#8243; gutter_size=&#8221;3&#8243; column_width_percent=&#8221;100&#8243; shift_y=&#8221;0&#8243; z_index=&#8221;0&#8243; enable_bottom_divider=&#8221;custom&#8221; bottom_divider=&#8221;tilt&#8221; shape_bottom_custom=&#8221;79412&#8243; shape_bottom_h_use_pixel=&#8221;true&#8221; shape_bottom_height_percent=&#8221;100&#8243; shape_bottom_color=&#8221;color-xsdn&#8221; shape_bottom_opacity=&#8221;100&#8243; shape_bottom_index=&#8221;0&#8243; shape_bottom_responsive=&#8221;yes&#8221; shape_bottom_tablet_hide=&#8221;yes&#8221; shape_bottom_mobile_hide=&#8221;yes&#8221; el_id=&#8221;slide_in&#8221; uncode_shortcode_id=&#8221;146837&#8243; overlay_color_type=&#8221;uncode-palette&#8221; shape_bottom_color_type=&#8221;uncode-palette&#8221;][vc_column column_width_percent=&#8221;100&#8243; position_vertical=&#8221;middle&#8221; gutter_size=&#8221;3&#8243; style=&#8221;dark&#8221; overlay_alpha=&#8221;50&#8243; shift_x=&#8221;0&#8243; shift_y=&#8221;0&#8243; shift_y_down=&#8221;0&#8243; z_index=&#8221;0&#8243; medium_width=&#8221;0&#8243; mobile_width=&#8221;0&#8243; css_animation=&#8221;left-t-right&#8221; width=&#8221;1\/2&#8243;][vc_custom_heading uncode_shortcode_id=&#8221;656565&#8243;]Traitement et r\u00e9cup\u00e9ration<br \/>\ndes v\u00e9hicules hors d\u2019usage[\/vc_custom_heading][vc_custom_heading heading_semantic=&#8221;h4&#8243; text_font=&#8221;font-116529&#8243; text_size=&#8221;h4&#8243; text_weight=&#8221;300&#8243; el_class=&#8221;nomargin&#8221; uncode_shortcode_id=&#8221;699940&#8243;]Parmi tous les d\u00e9chets sp\u00e9ciaux, le v\u00e9hicule hors d\u2019usage repr\u00e9sente une importante <b>source de mati\u00e8res premi\u00e8res secondaires<\/b>, mais sa composition complexe en fait un <b>d\u00e9chet difficile et long \u00e0 traiter<\/b> de mani\u00e8re rentable.[\/vc_custom_heading][\/vc_column][vc_column width=&#8221;1\/2&#8243;][\/vc_column][\/vc_row][vc_row row_height_percent=&#8221;0&#8243; override_padding=&#8221;yes&#8221; h_padding=&#8221;2&#8243; top_padding=&#8221;4&#8243; bottom_padding=&#8221;2&#8243; back_image=&#8221;65455&#8243; back_repeat=&#8221;no-repeat&#8221; back_attachment=&#8221;inherit&#8221; back_position=&#8221;left top&#8221; overlay_alpha=&#8221;50&#8243; gutter_size=&#8221;3&#8243; column_width_percent=&#8221;100&#8243; shift_y=&#8221;0&#8243; z_index=&#8221;0&#8243; back_size=&#8221;35%&#8221;][vc_column column_width_percent=&#8221;100&#8243; position_horizontal=&#8221;right&#8221; align_horizontal=&#8221;align_right&#8221; gutter_size=&#8221;3&#8243; overlay_alpha=&#8221;50&#8243; shift_x=&#8221;0&#8243; shift_y=&#8221;0&#8243; shift_y_down=&#8221;0&#8243; z_index=&#8221;0&#8243; medium_width=&#8221;0&#8243; mobile_width=&#8221;0&#8243; css_animation=&#8221;alpha-anim&#8221; animation_delay=&#8221;100&#8243; width=&#8221;1\/6&#8243;][vc_single_image media=&#8221;80466&#8243; media_width_use_pixel=&#8221;yes&#8221; media_width_pixel=&#8221;100&#8243; uncode_shortcode_id=&#8221;187083&#8243;][\/vc_column][vc_column column_width_percent=&#8221;75&#8243; position_horizontal=&#8221;left&#8221; gutter_size=&#8221;3&#8243; overlay_alpha=&#8221;50&#8243; shift_x=&#8221;-3&#8243; shift_y=&#8221;0&#8243; shift_y_down=&#8221;0&#8243; z_index=&#8221;0&#8243; medium_width=&#8221;0&#8243; mobile_width=&#8221;0&#8243; css_animation=&#8221;alpha-anim&#8221; animation_delay=&#8221;100&#8243; width=&#8221;5\/6&#8243; uncode_shortcode_id=&#8221;904202&#8243;][vc_custom_heading text_color=&#8221;color-708329&#8243; text_font=&#8221;font-116529&#8243; uncode_shortcode_id=&#8221;881777&#8243; text_color_type=&#8221;uncode-palette&#8221;]Des traitements performants<br \/>\npour des r\u00e9sultats de grande qualit\u00e9[\/vc_custom_heading][vc_column_text uncode_shortcode_id=&#8221;371342&#8243;]Les installations Panizzolo sont appr\u00e9ci\u00e9es pour leurs <strong>performances de production<\/strong>, <strong>leurs faibles consommations et co\u00fbts de gestion<\/strong> et leur simplicit\u00e9 d\u2019utilisation. Nous nous distinguons par notre grande exp\u00e9rience en tant qu\u2019utilisateurs directs d\u2019installations de traitement et, gr\u00e2ce \u00e0 ce savoir-faire, nous \u00e9tudions toutes nos solutions en <strong>pensant au client et \u00e0 la r\u00e9ussite de son investissement<\/strong>.[\/vc_column_text][vc_button border_width=&#8221;0&#8243; icon_position=&#8221;right&#8221; link=&#8221;url:https%3A%2F%2Fwww.panizzolo.com%2Ffr%2Fsolutions-de-recyclage%2Finstallations-de-recyclage%2Finstallation-de-recyclage-des-vehicules-hors-dusage%2F|title:Installation%20de%20recyclage%20des%20v%C3%A9hicules%20hors%20d%E2%80%99usage&#8221; icon=&#8221;fa fa-arrow-right-thick&#8221; uncode_shortcode_id=&#8221;193629&#8243;]D\u00e9couvrez l&#8217;usine de broyage d\u00e9di\u00e9e[\/vc_button][\/vc_column][\/vc_row][vc_row row_height_percent=&#8221;0&#8243; override_padding=&#8221;yes&#8221; h_padding=&#8221;2&#8243; top_padding=&#8221;4&#8243; bottom_padding=&#8221;4&#8243; overlay_alpha=&#8221;50&#8243; gutter_size=&#8221;4&#8243; column_width_percent=&#8221;100&#8243; shift_y=&#8221;0&#8243; z_index=&#8221;0&#8243;][vc_column column_width_percent=&#8221;100&#8243; gutter_size=&#8221;3&#8243; overlay_alpha=&#8221;50&#8243; shift_x=&#8221;0&#8243; shift_y=&#8221;0&#8243; shift_y_down=&#8221;0&#8243; z_index=&#8221;0&#8243; medium_width=&#8221;0&#8243; mobile_width=&#8221;0&#8243; css_animation=&#8221;bottom-t-top&#8221; width=&#8221;1\/2&#8243;][vc_column_text uncode_shortcode_id=&#8221;835354&#8243;]\u00c0 la fin de leur cycle de vie, les v\u00e9hicules sont soumis \u00e0 un processus de s\u00e9lection pour r\u00e9cup\u00e9rer les composants qui fonctionnent encore et \u00e9liminer correctement ceux qui sont inutilisables. Bon nombre de ces op\u00e9rations sont aujourd\u2019hui encore effectu\u00e9es \u00e0 travers de <b>lourds tris manuels<\/b> qui ralentissent le processus de r\u00e9cup\u00e9ration du v\u00e9hicule hors d\u2019usage et excluent sa rentabilit\u00e9. \u00c0 ce propos, les derni\u00e8res statistiques relatives \u00e0 l\u2019\u00e9limination correcte des d\u00e9chets automobiles indiquent que le nombre de centres de casse automobile est en baisse et que l\u2019Italie est en dessous des standards exig\u00e9s par l\u2019Europe (<strong><a href=\"https:\/\/www.notiziarioautodemolitori.eu\/2021\/06\/11\/veicoli-fuori-uso-recupero-totale-ancora-al-di-sotto-degli-obiettivi-ue\/\">lire l&#8217;article<\/a><\/strong>). Comme dans d\u2019autres secteurs, les <b>nouvelles technologies de recyclage<\/b> peuvent repr\u00e9senter une solution importante. <b>L\u2019automatisation des op\u00e9rations de recyclage<\/b> permet \u00e0 la fois de r\u00e9duire le travail manuel et les d\u00e9lais de traitement et d\u2019assurer une s\u00e9paration correcte de tous les composants.[\/vc_column_text][\/vc_column][vc_column column_width_percent=&#8221;100&#8243; gutter_size=&#8221;3&#8243; overlay_alpha=&#8221;50&#8243; shift_x=&#8221;0&#8243; shift_y=&#8221;0&#8243; shift_y_down=&#8221;0&#8243; z_index=&#8221;0&#8243; medium_width=&#8221;0&#8243; mobile_width=&#8221;0&#8243; css_animation=&#8221;bottom-t-top&#8221; width=&#8221;1\/2&#8243;][vc_column_text uncode_shortcode_id=&#8221;634379&#8243;]M\u00e9taux, tissus, plastique et caoutchouc sont ainsi subdivis\u00e9s correctement et rapidement, ce qui permet de fortes augmentations de la rentabilit\u00e9. Les <b>r\u00e9sidus de broyage automobiles (dits RBA)<\/b> repr\u00e9sentent un gros probl\u00e8me pour le secteur. Ils sont compos\u00e9s de verre, fibres textiles, caoutchouc, plastique, salet\u00e9s diverses, et pr\u00e9sentent encore une proportion importante de m\u00e9taux tels que le fer, l\u2019acier, le cuivre et l\u2019aluminium, qui exigent d\u2019\u00eatre r\u00e9cup\u00e9r\u00e9s. Il est possible d\u2019introduire ce fluff dans l\u2019installation de raffinage Panizzolo afin d\u2019assurer un cycle de traitement End-of-Waste et de valoriser tous les composants m\u00e9talliques.<\/p>\n<p>D\u00e9couvrez toutes nos solutions de recyclage ![\/vc_column_text][\/vc_column][\/vc_row][vc_row unlock_row_content=&#8221;yes&#8221; row_height_percent=&#8221;0&#8243; override_padding=&#8221;yes&#8221; h_padding=&#8221;0&#8243; top_padding=&#8221;2&#8243; bottom_padding=&#8221;2&#8243; overlay_alpha=&#8221;50&#8243; gutter_size=&#8221;3&#8243; column_width_percent=&#8221;100&#8243; shift_y=&#8221;0&#8243; z_index=&#8221;0&#8243;][vc_column width=&#8221;1\/6&#8243;][\/vc_column][vc_column column_width_percent=&#8221;100&#8243; gutter_size=&#8221;3&#8243; overlay_alpha=&#8221;50&#8243; shift_x=&#8221;0&#8243; shift_y=&#8221;0&#8243; shift_y_down=&#8221;0&#8243; z_index=&#8221;0&#8243; medium_width=&#8221;0&#8243; mobile_width=&#8221;0&#8243; css_animation=&#8221;right-t-left&#8221; width=&#8221;5\/6&#8243;][vc_gallery el_id=&#8221;gallery-611771&#8243; type=&#8221;carousel&#8221; medias=&#8221;83170,83176,83182,83188,83194,83200&#8243; carousel_lg=&#8221;2&#8243; carousel_md=&#8221;2&#8243; carousel_sm=&#8221;2&#8243; thumb_size=&#8221;three-two&#8221; gutter_size=&#8221;3&#8243; carousel_interval=&#8221;3000&#8243; carousel_navspeed=&#8221;400&#8243; carousel_loop=&#8221;yes&#8221; carousel_dots=&#8221;yes&#8221; stage_padding=&#8221;40&#8243; single_overlay_opacity=&#8221;50&#8243; single_padding=&#8221;2&#8243; uncode_shortcode_id=&#8221;119398&#8243;][\/vc_column][\/vc_row][vc_row unlock_row_content=&#8221;yes&#8221; row_height_percent=&#8221;0&#8243; override_padding=&#8221;yes&#8221; h_padding=&#8221;0&#8243; top_padding=&#8221;2&#8243; bottom_padding=&#8221;4&#8243; overlay_alpha=&#8221;50&#8243; gutter_size=&#8221;3&#8243; column_width_percent=&#8221;100&#8243; shift_y=&#8221;0&#8243; z_index=&#8221;0&#8243;][vc_column width=&#8221;1\/6&#8243;][\/vc_column][vc_column column_width_percent=&#8221;100&#8243; gutter_size=&#8221;3&#8243; overlay_alpha=&#8221;50&#8243; shift_x=&#8221;0&#8243; shift_y=&#8221;0&#8243; shift_y_down=&#8221;0&#8243; z_index=&#8221;0&#8243; medium_width=&#8221;0&#8243; mobile_width=&#8221;0&#8243; css_animation=&#8221;right-t-left&#8221; animation_delay=&#8221;100&#8243; width=&#8221;5\/6&#8243;][vc_custom_heading heading_semantic=&#8221;h3&#8243; text_font=&#8221;font-116529&#8243; text_size=&#8221;h3&#8243; uncode_shortcode_id=&#8221;116742&#8243;]Video Gallery Input et Output[\/vc_custom_heading][vc_gallery el_id=&#8221;gallery-611772&#8243; type=&#8221;carousel&#8221; medias=&#8221;89626,89632,89638,89644&#8243; carousel_lg=&#8221;3&#8243; carousel_md=&#8221;3&#8243; carousel_sm=&#8221;2&#8243; thumb_size=&#8221;three-two&#8221; gutter_size=&#8221;3&#8243; carousel_interval=&#8221;5000&#8243; carousel_navspeed=&#8221;400&#8243; carousel_loop=&#8221;yes&#8221; carousel_dots=&#8221;yes&#8221; stage_padding=&#8221;20&#8243; single_overlay_opacity=&#8221;50&#8243; single_padding=&#8221;2&#8243; uncode_shortcode_id=&#8221;135559&#8243;][\/vc_column][\/vc_row][vc_row][vc_column width=&#8221;1\/1&#8243;][uncode_block id=&#8221;87771&#8243;][\/vc_column][\/vc_row][vc_row][vc_column width=&#8221;1\/1&#8243;][uncode_block id=&#8221;87785&#8243;][\/vc_column][\/vc_row]<\/p>\n<\/div>","protected":false},"excerpt":{"rendered":"<p>[vc_row row_height_percent=&#8221;50&#8243; override_padding=&#8221;yes&#8221; h_padding=&#8221;2&#8243; top_padding=&#8221;4&#8243; bottom_padding=&#8221;2&#8243; back_image=&#8221;83164&#8243; parallax=&#8221;yes&#8221; overlay_color=&#8221;color-jevc&#8221; overlay_alpha=&#8221;40&#8243; gutter_size=&#8221;3&#8243; column_width_percent=&#8221;100&#8243; shift_y=&#8221;0&#8243; z_index=&#8221;0&#8243; enable_bottom_divider=&#8221;custom&#8221; bottom_divider=&#8221;tilt&#8221; shape_bottom_custom=&#8221;79412&#8243; shape_bottom_h_use_pixel=&#8221;true&#8221; shape_bottom_height_percent=&#8221;100&#8243; shape_bottom_color=&#8221;color-xsdn&#8221; [&hellip;]<\/p>\n","protected":false},"author":1,"featured_media":0,"parent":87574,"menu_order":110,"comment_status":"closed","ping_status":"closed","template":"","meta":{"footnotes":""},"class_list":["post-87675","page","type-page","status-publish","hentry","page_category-materiali-fr"],"yoast_head":"<!-- This site is optimized with the Yoast SEO plugin v24.5 - https:\/\/yoast.com\/wordpress\/plugins\/seo\/ -->\n<title>V\u00e9hicules hors d\u2019usage - Panizzolo Impianti di riciclaggio per rifiuti<\/title>\n<meta name=\"robots\" content=\"index, follow, max-snippet:-1, max-image-preview:large, max-video-preview:-1\" \/>\n<link rel=\"canonical\" href=\"https:\/\/www.panizzolo.com\/fr\/materiaux\/vehicules-hors-dusage\/\" \/>\n<meta property=\"og:locale\" content=\"fr_FR\" \/>\n<meta property=\"og:type\" content=\"article\" \/>\n<meta property=\"og:title\" content=\"V\u00e9hicules hors d\u2019usage - Panizzolo Impianti di riciclaggio per rifiuti\" \/>\n<meta property=\"og:description\" content=\"[vc_row row_height_percent=&#8221;50&#8243; override_padding=&#8221;yes&#8221; h_padding=&#8221;2&#8243; top_padding=&#8221;4&#8243; bottom_padding=&#8221;2&#8243; back_image=&#8221;83164&#8243; parallax=&#8221;yes&#8221; overlay_color=&#8221;color-jevc&#8221; overlay_alpha=&#8221;40&#8243; gutter_size=&#8221;3&#8243; column_width_percent=&#8221;100&#8243; shift_y=&#8221;0&#8243; z_index=&#8221;0&#8243; enable_bottom_divider=&#8221;custom&#8221; bottom_divider=&#8221;tilt&#8221; shape_bottom_custom=&#8221;79412&#8243; shape_bottom_h_use_pixel=&#8221;true&#8221; shape_bottom_height_percent=&#8221;100&#8243; shape_bottom_color=&#8221;color-xsdn&#8221; [&hellip;]\" \/>\n<meta property=\"og:url\" content=\"https:\/\/www.panizzolo.com\/fr\/materiaux\/vehicules-hors-dusage\/\" \/>\n<meta property=\"og:site_name\" content=\"Panizzolo Impianti di riciclaggio per rifiuti\" \/>\n<meta property=\"article:publisher\" content=\"https:\/\/www.facebook.com\/PanizzoloRecycling\" \/>\n<meta property=\"article:modified_time\" content=\"2021-11-02T08:39:51+00:00\" \/>\n<meta name=\"twitter:card\" content=\"summary_large_image\" \/>\n<meta name=\"twitter:site\" content=\"@PanizzoloRS\" \/>\n<meta name=\"twitter:label1\" content=\"Est. reading time\" \/>\n\t<meta name=\"twitter:data1\" content=\"3 minutes\" \/>\n<script type=\"application\/ld+json\" class=\"yoast-schema-graph\">{\"@context\":\"https:\/\/schema.org\",\"@graph\":[{\"@type\":\"WebPage\",\"@id\":\"https:\/\/www.panizzolo.com\/fr\/materiaux\/vehicules-hors-dusage\/\",\"url\":\"https:\/\/www.panizzolo.com\/fr\/materiaux\/vehicules-hors-dusage\/\",\"name\":\"V\u00e9hicules hors d\u2019usage - Panizzolo Impianti di riciclaggio per rifiuti\",\"isPartOf\":{\"@id\":\"https:\/\/www.panizzolo.com\/fr\/#website\"},\"datePublished\":\"2021-05-13T14:30:06+00:00\",\"dateModified\":\"2021-11-02T08:39:51+00:00\",\"breadcrumb\":{\"@id\":\"https:\/\/www.panizzolo.com\/fr\/materiaux\/vehicules-hors-dusage\/#breadcrumb\"},\"inLanguage\":\"fr-FR\",\"potentialAction\":[{\"@type\":\"ReadAction\",\"target\":[\"https:\/\/www.panizzolo.com\/fr\/materiaux\/vehicules-hors-dusage\/\"]}]},{\"@type\":\"BreadcrumbList\",\"@id\":\"https:\/\/www.panizzolo.com\/fr\/materiaux\/vehicules-hors-dusage\/#breadcrumb\",\"itemListElement\":[{\"@type\":\"ListItem\",\"position\":1,\"name\":\"Mat\u00e9riaux\",\"item\":\"https:\/\/www.panizzolo.com\/fr\/materiaux\/\"},{\"@type\":\"ListItem\",\"position\":2,\"name\":\"V\u00e9hicules hors d\u2019usage\"}]},{\"@type\":\"WebSite\",\"@id\":\"https:\/\/www.panizzolo.com\/fr\/#website\",\"url\":\"https:\/\/www.panizzolo.com\/fr\/\",\"name\":\"Panizzolo Impianti di riciclaggio per rifiuti\",\"description\":\"Panizzolo Impianti di riciclaggio per rifiuti\",\"potentialAction\":[{\"@type\":\"SearchAction\",\"target\":{\"@type\":\"EntryPoint\",\"urlTemplate\":\"https:\/\/www.panizzolo.com\/fr\/?s={search_term_string}\"},\"query-input\":{\"@type\":\"PropertyValueSpecification\",\"valueRequired\":true,\"valueName\":\"search_term_string\"}}],\"inLanguage\":\"fr-FR\"}]}<\/script>\n<!-- \/ Yoast SEO plugin. -->","yoast_head_json":{"title":"V\u00e9hicules hors d\u2019usage - Panizzolo Impianti di riciclaggio per rifiuti","robots":{"index":"index","follow":"follow","max-snippet":"max-snippet:-1","max-image-preview":"max-image-preview:large","max-video-preview":"max-video-preview:-1"},"canonical":"https:\/\/www.panizzolo.com\/fr\/materiaux\/vehicules-hors-dusage\/","og_locale":"fr_FR","og_type":"article","og_title":"V\u00e9hicules hors d\u2019usage - Panizzolo Impianti di riciclaggio per rifiuti","og_description":"[vc_row row_height_percent=&#8221;50&#8243; override_padding=&#8221;yes&#8221; h_padding=&#8221;2&#8243; top_padding=&#8221;4&#8243; bottom_padding=&#8221;2&#8243; back_image=&#8221;83164&#8243; parallax=&#8221;yes&#8221; overlay_color=&#8221;color-jevc&#8221; overlay_alpha=&#8221;40&#8243; gutter_size=&#8221;3&#8243; column_width_percent=&#8221;100&#8243; shift_y=&#8221;0&#8243; z_index=&#8221;0&#8243; enable_bottom_divider=&#8221;custom&#8221; bottom_divider=&#8221;tilt&#8221; shape_bottom_custom=&#8221;79412&#8243; shape_bottom_h_use_pixel=&#8221;true&#8221; shape_bottom_height_percent=&#8221;100&#8243; shape_bottom_color=&#8221;color-xsdn&#8221; [&hellip;]","og_url":"https:\/\/www.panizzolo.com\/fr\/materiaux\/vehicules-hors-dusage\/","og_site_name":"Panizzolo Impianti di riciclaggio per rifiuti","article_publisher":"https:\/\/www.facebook.com\/PanizzoloRecycling","article_modified_time":"2021-11-02T08:39:51+00:00","twitter_card":"summary_large_image","twitter_site":"@PanizzoloRS","twitter_misc":{"Est. reading time":"3 minutes"},"schema":{"@context":"https:\/\/schema.org","@graph":[{"@type":"WebPage","@id":"https:\/\/www.panizzolo.com\/fr\/materiaux\/vehicules-hors-dusage\/","url":"https:\/\/www.panizzolo.com\/fr\/materiaux\/vehicules-hors-dusage\/","name":"V\u00e9hicules hors d\u2019usage - Panizzolo Impianti di riciclaggio per rifiuti","isPartOf":{"@id":"https:\/\/www.panizzolo.com\/fr\/#website"},"datePublished":"2021-05-13T14:30:06+00:00","dateModified":"2021-11-02T08:39:51+00:00","breadcrumb":{"@id":"https:\/\/www.panizzolo.com\/fr\/materiaux\/vehicules-hors-dusage\/#breadcrumb"},"inLanguage":"fr-FR","potentialAction":[{"@type":"ReadAction","target":["https:\/\/www.panizzolo.com\/fr\/materiaux\/vehicules-hors-dusage\/"]}]},{"@type":"BreadcrumbList","@id":"https:\/\/www.panizzolo.com\/fr\/materiaux\/vehicules-hors-dusage\/#breadcrumb","itemListElement":[{"@type":"ListItem","position":1,"name":"Mat\u00e9riaux","item":"https:\/\/www.panizzolo.com\/fr\/materiaux\/"},{"@type":"ListItem","position":2,"name":"V\u00e9hicules hors d\u2019usage"}]},{"@type":"WebSite","@id":"https:\/\/www.panizzolo.com\/fr\/#website","url":"https:\/\/www.panizzolo.com\/fr\/","name":"Panizzolo Impianti di riciclaggio per rifiuti","description":"Panizzolo Impianti di riciclaggio per rifiuti","potentialAction":[{"@type":"SearchAction","target":{"@type":"EntryPoint","urlTemplate":"https:\/\/www.panizzolo.com\/fr\/?s={search_term_string}"},"query-input":{"@type":"PropertyValueSpecification","valueRequired":true,"valueName":"search_term_string"}}],"inLanguage":"fr-FR"}]}},"_links":{"self":[{"href":"https:\/\/www.panizzolo.com\/fr\/wp-json\/wp\/v2\/pages\/87675","targetHints":{"allow":["GET"]}}],"collection":[{"href":"https:\/\/www.panizzolo.com\/fr\/wp-json\/wp\/v2\/pages"}],"about":[{"href":"https:\/\/www.panizzolo.com\/fr\/wp-json\/wp\/v2\/types\/page"}],"author":[{"embeddable":true,"href":"https:\/\/www.panizzolo.com\/fr\/wp-json\/wp\/v2\/users\/1"}],"replies":[{"embeddable":true,"href":"https:\/\/www.panizzolo.com\/fr\/wp-json\/wp\/v2\/comments?post=87675"}],"version-history":[{"count":6,"href":"https:\/\/www.panizzolo.com\/fr\/wp-json\/wp\/v2\/pages\/87675\/revisions"}],"predecessor-version":[{"id":90973,"href":"https:\/\/www.panizzolo.com\/fr\/wp-json\/wp\/v2\/pages\/87675\/revisions\/90973"}],"up":[{"embeddable":true,"href":"https:\/\/www.panizzolo.com\/fr\/wp-json\/wp\/v2\/pages\/87574"}],"wp:attachment":[{"href":"https:\/\/www.panizzolo.com\/fr\/wp-json\/wp\/v2\/media?parent=87675"}],"curies":[{"name":"wp","href":"https:\/\/api.w.org\/{rel}","templated":true}]}}