{"id":87642,"date":"2021-05-13T16:30:29","date_gmt":"2021-05-13T14:30:29","guid":{"rendered":"https:\/\/www.panizzolo.com\/materiali\/alluminio\/"},"modified":"2021-11-02T09:38:03","modified_gmt":"2021-11-02T08:38:03","slug":"aluminium","status":"publish","type":"page","link":"https:\/\/www.panizzolo.com\/fr\/materiaux\/aluminium\/","title":{"rendered":"Aluminium"},"content":{"rendered":"<div class=\"wpb-content-wrapper\"><p>[vc_row row_height_percent=&#8221;50&#8243; override_padding=&#8221;yes&#8221; h_padding=&#8221;2&#8243; top_padding=&#8221;4&#8243; bottom_padding=&#8221;2&#8243; back_image=&#8221;82878&#8243; parallax=&#8221;yes&#8221; overlay_color=&#8221;color-jevc&#8221; overlay_alpha=&#8221;40&#8243; gutter_size=&#8221;3&#8243; column_width_percent=&#8221;100&#8243; shift_y=&#8221;0&#8243; z_index=&#8221;0&#8243; enable_bottom_divider=&#8221;custom&#8221; bottom_divider=&#8221;tilt&#8221; shape_bottom_custom=&#8221;79412&#8243; shape_bottom_h_use_pixel=&#8221;true&#8221; shape_bottom_height_percent=&#8221;100&#8243; shape_bottom_color=&#8221;color-xsdn&#8221; shape_bottom_opacity=&#8221;100&#8243; shape_bottom_index=&#8221;0&#8243; shape_bottom_responsive=&#8221;yes&#8221; shape_bottom_tablet_hide=&#8221;yes&#8221; shape_bottom_mobile_hide=&#8221;yes&#8221; el_id=&#8221;slide_in&#8221; uncode_shortcode_id=&#8221;123375&#8243; overlay_color_type=&#8221;uncode-palette&#8221; shape_bottom_color_type=&#8221;uncode-palette&#8221;][vc_column column_width_percent=&#8221;100&#8243; position_vertical=&#8221;middle&#8221; gutter_size=&#8221;3&#8243; style=&#8221;dark&#8221; overlay_alpha=&#8221;50&#8243; shift_x=&#8221;0&#8243; shift_y=&#8221;0&#8243; shift_y_down=&#8221;0&#8243; z_index=&#8221;0&#8243; medium_width=&#8221;0&#8243; mobile_width=&#8221;0&#8243; css_animation=&#8221;left-t-right&#8221; width=&#8221;1\/2&#8243;][vc_custom_heading uncode_shortcode_id=&#8221;951856&#8243;]Le recyclage<br \/>\nde l\u2019aluminium[\/vc_custom_heading][vc_custom_heading heading_semantic=&#8221;h4&#8243; text_font=&#8221;font-116529&#8243; text_size=&#8221;h4&#8243; text_weight=&#8221;300&#8243; el_class=&#8221;nomargin&#8221; uncode_shortcode_id=&#8221;191306&#8243;]Le march\u00e9 exige des alliages de plus en plus l\u00e9gers et performants et ce sont justement ces caract\u00e9ristiques que font de l\u2019aluminium le m\u00e9tal du futur par excellence. Sa r\u00e9cup\u00e9ration jour un r\u00f4le \u00e9conomique important.[\/vc_custom_heading][\/vc_column][vc_column width=&#8221;1\/2&#8243;][\/vc_column][\/vc_row][vc_row row_height_percent=&#8221;0&#8243; override_padding=&#8221;yes&#8221; h_padding=&#8221;2&#8243; top_padding=&#8221;4&#8243; bottom_padding=&#8221;2&#8243; back_image=&#8221;65455&#8243; back_repeat=&#8221;no-repeat&#8221; back_attachment=&#8221;inherit&#8221; back_position=&#8221;left top&#8221; overlay_alpha=&#8221;50&#8243; gutter_size=&#8221;3&#8243; column_width_percent=&#8221;100&#8243; shift_y=&#8221;0&#8243; z_index=&#8221;0&#8243; back_size=&#8221;35%&#8221;][vc_column column_width_percent=&#8221;100&#8243; position_horizontal=&#8221;right&#8221; align_horizontal=&#8221;align_right&#8221; gutter_size=&#8221;3&#8243; overlay_alpha=&#8221;50&#8243; shift_x=&#8221;0&#8243; shift_y=&#8221;0&#8243; shift_y_down=&#8221;0&#8243; z_index=&#8221;0&#8243; medium_width=&#8221;0&#8243; mobile_width=&#8221;0&#8243; css_animation=&#8221;alpha-anim&#8221; animation_delay=&#8221;100&#8243; width=&#8221;1\/6&#8243;][vc_single_image media=&#8221;80429&#8243; media_width_use_pixel=&#8221;yes&#8221; media_width_pixel=&#8221;100&#8243; uncode_shortcode_id=&#8221;160187&#8243;][\/vc_column][vc_column column_width_percent=&#8221;75&#8243; position_horizontal=&#8221;left&#8221; gutter_size=&#8221;3&#8243; overlay_alpha=&#8221;50&#8243; shift_x=&#8221;-3&#8243; shift_y=&#8221;0&#8243; shift_y_down=&#8221;0&#8243; z_index=&#8221;0&#8243; medium_width=&#8221;0&#8243; mobile_width=&#8221;0&#8243; css_animation=&#8221;alpha-anim&#8221; animation_delay=&#8221;100&#8243; width=&#8221;5\/6&#8243; uncode_shortcode_id=&#8221;185965&#8243;][vc_custom_heading text_color=&#8221;color-708329&#8243; text_font=&#8221;font-116529&#8243; uncode_shortcode_id=&#8221;881777&#8243; text_color_type=&#8221;uncode-palette&#8221;]Des traitements performants<br \/>\npour des r\u00e9sultats de grande qualit\u00e9[\/vc_custom_heading][vc_column_text uncode_shortcode_id=&#8221;371342&#8243;]Les installations Panizzolo sont appr\u00e9ci\u00e9es pour leurs <strong>performances de production<\/strong>, <strong>leurs faibles consommations et co\u00fbts de gestion<\/strong> et leur simplicit\u00e9 d\u2019utilisation. Nous nous distinguons par notre grande exp\u00e9rience en tant qu\u2019utilisateurs directs d\u2019installations de traitement et, gr\u00e2ce \u00e0 ce savoir-faire, nous \u00e9tudions toutes nos solutions en <strong>pensant au client et \u00e0 la r\u00e9ussite de son investissement<\/strong>.[\/vc_column_text][vc_button border_width=&#8221;0&#8243; icon_position=&#8221;right&#8221; link=&#8221;url:https%3A%2F%2Fwww.panizzolo.com%2Ffr%2Fsolutions-de-recyclage%2Finstallations-de-recyclage%2Finstallations-de-recyclage-pour-laluminium%2F|title:Installations%20de%20recyclage%20pour%20l%E2%80%99aluminium&#8221; icon=&#8221;fa fa-arrow-right-thick&#8221; uncode_shortcode_id=&#8221;135463&#8243;]D\u00e9couvrez l&#8217;usine de broyage d\u00e9di\u00e9e[\/vc_button][\/vc_column][\/vc_row][vc_row row_height_percent=&#8221;0&#8243; override_padding=&#8221;yes&#8221; h_padding=&#8221;2&#8243; top_padding=&#8221;4&#8243; bottom_padding=&#8221;4&#8243; overlay_alpha=&#8221;50&#8243; gutter_size=&#8221;4&#8243; column_width_percent=&#8221;100&#8243; shift_y=&#8221;0&#8243; z_index=&#8221;0&#8243;][vc_column column_width_percent=&#8221;100&#8243; gutter_size=&#8221;3&#8243; overlay_alpha=&#8221;50&#8243; shift_x=&#8221;0&#8243; shift_y=&#8221;0&#8243; shift_y_down=&#8221;0&#8243; z_index=&#8221;0&#8243; medium_width=&#8221;0&#8243; mobile_width=&#8221;0&#8243; css_animation=&#8221;bottom-t-top&#8221; width=&#8221;1\/2&#8243;][vc_column_text uncode_shortcode_id=&#8221;141387&#8243;]De plus en plus d\u2019objets, de produits et de composants sont r\u00e9alis\u00e9s en aluminium ou dans ses alliages primaires et secondaires. Ses caract\u00e9ristiques rendent ce m\u00e9tal fondamental pour la construction de nombreux objets courants (v\u00e9los, portes et fen\u00eatres, cafeti\u00e8res, etc.) et pour des composants technologiquement avanc\u00e9s et complexes (trains, voitures, ordinateurs, avions et de nombreux autres). L\u2019aluminium n\u2019existant pas dans la nature, son recyclage est pratiqu\u00e9 depuis le d\u00e9but du XXe si\u00e8cle et continue encore aujourd\u2019hui, \u00e0 plus forte raison, de jouer un r\u00f4le important dans une perspective d\u2019<b>\u00e9conomie circulaire<\/b>. Les op\u00e9rations de <b>recyclage de l\u2019aluminium<\/b>, qu\u2019il soit sous forme de profil\u00e9s ou de carters, consistent \u00e0 le s\u00e9parer de tous les composants avec lesquels il est assembl\u00e9. L\u2019un des exemples les plus fr\u00e9quents est le recyclage des <b>portes et fen\u00eatres en aluminium<\/b>, qui comportent \u00e9galement des vis, vitres, poign\u00e9es et \u00e9l\u00e9ments d\u2019isolation thermique en plastique.[\/vc_column_text][\/vc_column][vc_column column_width_percent=&#8221;100&#8243; gutter_size=&#8221;3&#8243; overlay_alpha=&#8221;50&#8243; shift_x=&#8221;0&#8243; shift_y=&#8221;0&#8243; shift_y_down=&#8221;0&#8243; z_index=&#8221;0&#8243; medium_width=&#8221;0&#8243; mobile_width=&#8221;0&#8243; css_animation=&#8221;bottom-t-top&#8221; width=&#8221;1\/2&#8243;][vc_column_text uncode_shortcode_id=&#8221;154252&#8243;]Le <b>broyage<\/b> permet de s\u00e9parer totalement les autres mat\u00e9riaux afin de conserver l\u2019aluminium sous forme d\u2019alliage primaire, ce qui constitue la solution optimale par rapport \u00e0 un processus qui ne pr\u00e9voirait que la fusion et qui ne conduirait qu\u2019\u00e0 la cr\u00e9ation d\u2019alliages secondaires de moindre valeur. Pour une meilleure s\u00e9lection de la qualit\u00e9 de l\u2019alliage d\u2019aluminium, nos installations de recyclage sont dot\u00e9es de <b>syst\u00e8mes de tri \u00e0 rayons X<\/b> qui permettent de s\u00e9parer l\u2019aluminium primaire de l\u2019aluminium secondaire, distinction fondamentale pour un meilleur rendement lors du coulage en fonderie.<\/p>\n<p>D\u00e9couvrez toutes nos solutions de recyclage ![\/vc_column_text][\/vc_column][\/vc_row][vc_row unlock_row_content=&#8221;yes&#8221; row_height_percent=&#8221;0&#8243; override_padding=&#8221;yes&#8221; h_padding=&#8221;0&#8243; top_padding=&#8221;2&#8243; bottom_padding=&#8221;2&#8243; overlay_alpha=&#8221;50&#8243; gutter_size=&#8221;3&#8243; column_width_percent=&#8221;100&#8243; shift_y=&#8221;0&#8243; z_index=&#8221;0&#8243;][vc_column width=&#8221;1\/6&#8243;][\/vc_column][vc_column column_width_percent=&#8221;100&#8243; gutter_size=&#8221;3&#8243; overlay_alpha=&#8221;50&#8243; shift_x=&#8221;0&#8243; shift_y=&#8221;0&#8243; shift_y_down=&#8221;0&#8243; z_index=&#8221;0&#8243; medium_width=&#8221;0&#8243; mobile_width=&#8221;0&#8243; css_animation=&#8221;right-t-left&#8221; width=&#8221;5\/6&#8243;][vc_gallery el_id=&#8221;gallery-611771&#8243; type=&#8221;carousel&#8221; medias=&#8221;82884,82890,82896,82902,82908,82914,82920&#8243; carousel_lg=&#8221;2&#8243; carousel_md=&#8221;2&#8243; carousel_sm=&#8221;2&#8243; thumb_size=&#8221;three-two&#8221; gutter_size=&#8221;3&#8243; carousel_interval=&#8221;3000&#8243; carousel_navspeed=&#8221;400&#8243; carousel_loop=&#8221;yes&#8221; carousel_dots=&#8221;yes&#8221; stage_padding=&#8221;40&#8243; single_overlay_opacity=&#8221;50&#8243; single_padding=&#8221;2&#8243; uncode_shortcode_id=&#8221;106501&#8243;][\/vc_column][\/vc_row][vc_row unlock_row_content=&#8221;yes&#8221; row_height_percent=&#8221;0&#8243; override_padding=&#8221;yes&#8221; h_padding=&#8221;0&#8243; top_padding=&#8221;2&#8243; bottom_padding=&#8221;4&#8243; overlay_alpha=&#8221;50&#8243; gutter_size=&#8221;3&#8243; column_width_percent=&#8221;100&#8243; shift_y=&#8221;0&#8243; z_index=&#8221;0&#8243;][vc_column width=&#8221;1\/6&#8243;][\/vc_column][vc_column column_width_percent=&#8221;100&#8243; gutter_size=&#8221;3&#8243; overlay_alpha=&#8221;50&#8243; shift_x=&#8221;0&#8243; shift_y=&#8221;0&#8243; shift_y_down=&#8221;0&#8243; z_index=&#8221;0&#8243; medium_width=&#8221;0&#8243; mobile_width=&#8221;0&#8243; css_animation=&#8221;right-t-left&#8221; animation_delay=&#8221;100&#8243; width=&#8221;5\/6&#8243;][vc_custom_heading heading_semantic=&#8221;h3&#8243; text_font=&#8221;font-116529&#8243; text_size=&#8221;h3&#8243; uncode_shortcode_id=&#8221;201884&#8243;]Video Gallery Input et Output[\/vc_custom_heading][vc_gallery el_id=&#8221;gallery-611772&#8243; type=&#8221;carousel&#8221; medias=&#8221;89470,89476,89482,89488,89494,89500,89506,89512,89518,89524,89530,89536,89542,89548,89554&#8243; carousel_lg=&#8221;3&#8243; carousel_md=&#8221;3&#8243; carousel_sm=&#8221;2&#8243; thumb_size=&#8221;three-two&#8221; gutter_size=&#8221;3&#8243; carousel_interval=&#8221;5000&#8243; carousel_navspeed=&#8221;400&#8243; carousel_loop=&#8221;yes&#8221; carousel_dots=&#8221;yes&#8221; stage_padding=&#8221;20&#8243; single_overlay_opacity=&#8221;50&#8243; single_padding=&#8221;2&#8243; uncode_shortcode_id=&#8221;107107&#8243;][\/vc_column][\/vc_row][vc_row][vc_column width=&#8221;1\/1&#8243;][uncode_block id=&#8221;87771&#8243;][\/vc_column][\/vc_row][vc_row][vc_column width=&#8221;1\/1&#8243;][uncode_block id=&#8221;87785&#8243;][\/vc_column][\/vc_row]<\/p>\n<\/div>","protected":false},"excerpt":{"rendered":"<p>[vc_row row_height_percent=&#8221;50&#8243; override_padding=&#8221;yes&#8221; h_padding=&#8221;2&#8243; top_padding=&#8221;4&#8243; bottom_padding=&#8221;2&#8243; back_image=&#8221;82878&#8243; parallax=&#8221;yes&#8221; overlay_color=&#8221;color-jevc&#8221; overlay_alpha=&#8221;40&#8243; gutter_size=&#8221;3&#8243; column_width_percent=&#8221;100&#8243; shift_y=&#8221;0&#8243; z_index=&#8221;0&#8243; enable_bottom_divider=&#8221;custom&#8221; bottom_divider=&#8221;tilt&#8221; shape_bottom_custom=&#8221;79412&#8243; shape_bottom_h_use_pixel=&#8221;true&#8221; shape_bottom_height_percent=&#8221;100&#8243; shape_bottom_color=&#8221;color-xsdn&#8221; [&hellip;]<\/p>\n","protected":false},"author":1,"featured_media":0,"parent":87574,"menu_order":70,"comment_status":"closed","ping_status":"closed","template":"","meta":{"footnotes":""},"class_list":["post-87642","page","type-page","status-publish","hentry","page_category-materiali-fr"],"yoast_head":"<!-- This site is optimized with the Yoast SEO plugin v24.5 - https:\/\/yoast.com\/wordpress\/plugins\/seo\/ -->\n<title>Aluminium - Panizzolo Impianti di riciclaggio per rifiuti<\/title>\n<meta name=\"robots\" content=\"index, follow, max-snippet:-1, max-image-preview:large, max-video-preview:-1\" \/>\n<link rel=\"canonical\" href=\"https:\/\/www.panizzolo.com\/fr\/materiaux\/aluminium\/\" \/>\n<meta property=\"og:locale\" content=\"fr_FR\" \/>\n<meta property=\"og:type\" content=\"article\" \/>\n<meta property=\"og:title\" content=\"Aluminium - Panizzolo Impianti di riciclaggio per rifiuti\" \/>\n<meta property=\"og:description\" content=\"[vc_row row_height_percent=&#8221;50&#8243; override_padding=&#8221;yes&#8221; h_padding=&#8221;2&#8243; top_padding=&#8221;4&#8243; bottom_padding=&#8221;2&#8243; back_image=&#8221;82878&#8243; parallax=&#8221;yes&#8221; overlay_color=&#8221;color-jevc&#8221; overlay_alpha=&#8221;40&#8243; gutter_size=&#8221;3&#8243; column_width_percent=&#8221;100&#8243; shift_y=&#8221;0&#8243; z_index=&#8221;0&#8243; enable_bottom_divider=&#8221;custom&#8221; bottom_divider=&#8221;tilt&#8221; shape_bottom_custom=&#8221;79412&#8243; shape_bottom_h_use_pixel=&#8221;true&#8221; shape_bottom_height_percent=&#8221;100&#8243; shape_bottom_color=&#8221;color-xsdn&#8221; [&hellip;]\" \/>\n<meta property=\"og:url\" content=\"https:\/\/www.panizzolo.com\/fr\/materiaux\/aluminium\/\" \/>\n<meta property=\"og:site_name\" content=\"Panizzolo Impianti di riciclaggio per rifiuti\" \/>\n<meta property=\"article:publisher\" content=\"https:\/\/www.facebook.com\/PanizzoloRecycling\" \/>\n<meta property=\"article:modified_time\" content=\"2021-11-02T08:38:03+00:00\" \/>\n<meta name=\"twitter:card\" content=\"summary_large_image\" \/>\n<meta name=\"twitter:site\" content=\"@PanizzoloRS\" \/>\n<meta name=\"twitter:label1\" content=\"Est. reading time\" \/>\n\t<meta name=\"twitter:data1\" content=\"3 minutes\" \/>\n<script type=\"application\/ld+json\" class=\"yoast-schema-graph\">{\"@context\":\"https:\/\/schema.org\",\"@graph\":[{\"@type\":\"WebPage\",\"@id\":\"https:\/\/www.panizzolo.com\/fr\/materiaux\/aluminium\/\",\"url\":\"https:\/\/www.panizzolo.com\/fr\/materiaux\/aluminium\/\",\"name\":\"Aluminium - Panizzolo Impianti di riciclaggio per rifiuti\",\"isPartOf\":{\"@id\":\"https:\/\/www.panizzolo.com\/fr\/#website\"},\"datePublished\":\"2021-05-13T14:30:29+00:00\",\"dateModified\":\"2021-11-02T08:38:03+00:00\",\"breadcrumb\":{\"@id\":\"https:\/\/www.panizzolo.com\/fr\/materiaux\/aluminium\/#breadcrumb\"},\"inLanguage\":\"fr-FR\",\"potentialAction\":[{\"@type\":\"ReadAction\",\"target\":[\"https:\/\/www.panizzolo.com\/fr\/materiaux\/aluminium\/\"]}]},{\"@type\":\"BreadcrumbList\",\"@id\":\"https:\/\/www.panizzolo.com\/fr\/materiaux\/aluminium\/#breadcrumb\",\"itemListElement\":[{\"@type\":\"ListItem\",\"position\":1,\"name\":\"Mat\u00e9riaux\",\"item\":\"https:\/\/www.panizzolo.com\/fr\/materiaux\/\"},{\"@type\":\"ListItem\",\"position\":2,\"name\":\"Aluminium\"}]},{\"@type\":\"WebSite\",\"@id\":\"https:\/\/www.panizzolo.com\/fr\/#website\",\"url\":\"https:\/\/www.panizzolo.com\/fr\/\",\"name\":\"Panizzolo Impianti di riciclaggio per rifiuti\",\"description\":\"Panizzolo Impianti di riciclaggio per rifiuti\",\"potentialAction\":[{\"@type\":\"SearchAction\",\"target\":{\"@type\":\"EntryPoint\",\"urlTemplate\":\"https:\/\/www.panizzolo.com\/fr\/?s={search_term_string}\"},\"query-input\":{\"@type\":\"PropertyValueSpecification\",\"valueRequired\":true,\"valueName\":\"search_term_string\"}}],\"inLanguage\":\"fr-FR\"}]}<\/script>\n<!-- \/ Yoast SEO plugin. -->","yoast_head_json":{"title":"Aluminium - Panizzolo Impianti di riciclaggio per rifiuti","robots":{"index":"index","follow":"follow","max-snippet":"max-snippet:-1","max-image-preview":"max-image-preview:large","max-video-preview":"max-video-preview:-1"},"canonical":"https:\/\/www.panizzolo.com\/fr\/materiaux\/aluminium\/","og_locale":"fr_FR","og_type":"article","og_title":"Aluminium - Panizzolo Impianti di riciclaggio per rifiuti","og_description":"[vc_row row_height_percent=&#8221;50&#8243; override_padding=&#8221;yes&#8221; h_padding=&#8221;2&#8243; top_padding=&#8221;4&#8243; bottom_padding=&#8221;2&#8243; back_image=&#8221;82878&#8243; parallax=&#8221;yes&#8221; overlay_color=&#8221;color-jevc&#8221; overlay_alpha=&#8221;40&#8243; gutter_size=&#8221;3&#8243; column_width_percent=&#8221;100&#8243; shift_y=&#8221;0&#8243; z_index=&#8221;0&#8243; enable_bottom_divider=&#8221;custom&#8221; bottom_divider=&#8221;tilt&#8221; shape_bottom_custom=&#8221;79412&#8243; shape_bottom_h_use_pixel=&#8221;true&#8221; shape_bottom_height_percent=&#8221;100&#8243; shape_bottom_color=&#8221;color-xsdn&#8221; [&hellip;]","og_url":"https:\/\/www.panizzolo.com\/fr\/materiaux\/aluminium\/","og_site_name":"Panizzolo Impianti di riciclaggio per rifiuti","article_publisher":"https:\/\/www.facebook.com\/PanizzoloRecycling","article_modified_time":"2021-11-02T08:38:03+00:00","twitter_card":"summary_large_image","twitter_site":"@PanizzoloRS","twitter_misc":{"Est. reading time":"3 minutes"},"schema":{"@context":"https:\/\/schema.org","@graph":[{"@type":"WebPage","@id":"https:\/\/www.panizzolo.com\/fr\/materiaux\/aluminium\/","url":"https:\/\/www.panizzolo.com\/fr\/materiaux\/aluminium\/","name":"Aluminium - Panizzolo Impianti di riciclaggio per rifiuti","isPartOf":{"@id":"https:\/\/www.panizzolo.com\/fr\/#website"},"datePublished":"2021-05-13T14:30:29+00:00","dateModified":"2021-11-02T08:38:03+00:00","breadcrumb":{"@id":"https:\/\/www.panizzolo.com\/fr\/materiaux\/aluminium\/#breadcrumb"},"inLanguage":"fr-FR","potentialAction":[{"@type":"ReadAction","target":["https:\/\/www.panizzolo.com\/fr\/materiaux\/aluminium\/"]}]},{"@type":"BreadcrumbList","@id":"https:\/\/www.panizzolo.com\/fr\/materiaux\/aluminium\/#breadcrumb","itemListElement":[{"@type":"ListItem","position":1,"name":"Mat\u00e9riaux","item":"https:\/\/www.panizzolo.com\/fr\/materiaux\/"},{"@type":"ListItem","position":2,"name":"Aluminium"}]},{"@type":"WebSite","@id":"https:\/\/www.panizzolo.com\/fr\/#website","url":"https:\/\/www.panizzolo.com\/fr\/","name":"Panizzolo Impianti di riciclaggio per rifiuti","description":"Panizzolo Impianti di riciclaggio per rifiuti","potentialAction":[{"@type":"SearchAction","target":{"@type":"EntryPoint","urlTemplate":"https:\/\/www.panizzolo.com\/fr\/?s={search_term_string}"},"query-input":{"@type":"PropertyValueSpecification","valueRequired":true,"valueName":"search_term_string"}}],"inLanguage":"fr-FR"}]}},"_links":{"self":[{"href":"https:\/\/www.panizzolo.com\/fr\/wp-json\/wp\/v2\/pages\/87642","targetHints":{"allow":["GET"]}}],"collection":[{"href":"https:\/\/www.panizzolo.com\/fr\/wp-json\/wp\/v2\/pages"}],"about":[{"href":"https:\/\/www.panizzolo.com\/fr\/wp-json\/wp\/v2\/types\/page"}],"author":[{"embeddable":true,"href":"https:\/\/www.panizzolo.com\/fr\/wp-json\/wp\/v2\/users\/1"}],"replies":[{"embeddable":true,"href":"https:\/\/www.panizzolo.com\/fr\/wp-json\/wp\/v2\/comments?post=87642"}],"version-history":[{"count":4,"href":"https:\/\/www.panizzolo.com\/fr\/wp-json\/wp\/v2\/pages\/87642\/revisions"}],"predecessor-version":[{"id":90965,"href":"https:\/\/www.panizzolo.com\/fr\/wp-json\/wp\/v2\/pages\/87642\/revisions\/90965"}],"up":[{"embeddable":true,"href":"https:\/\/www.panizzolo.com\/fr\/wp-json\/wp\/v2\/pages\/87574"}],"wp:attachment":[{"href":"https:\/\/www.panizzolo.com\/fr\/wp-json\/wp\/v2\/media?parent=87642"}],"curies":[{"name":"wp","href":"https:\/\/api.w.org\/{rel}","templated":true}]}}