{"id":87517,"date":"2021-09-16T10:27:33","date_gmt":"2021-09-16T08:27:33","guid":{"rendered":"https:\/\/www.panizzolo.com\/solutions-de-recyclage\/machines-pour-le-recyclage\/systemes-de-separation\/x-ray-e-ottici\/"},"modified":"2021-12-22T16:05:22","modified_gmt":"2021-12-22T15:05:22","slug":"rayons-x-et-optiques","status":"publish","type":"page","link":"https:\/\/www.panizzolo.com\/fr\/solutions-de-recyclage\/machines-de-recyclage\/systemes-de-separation\/rayons-x-et-optiques\/","title":{"rendered":"Rayons x et optiques"},"content":{"rendered":"<div class=\"wpb-content-wrapper\"><p>[vc_row row_height_percent=&#8221;0&#8243; override_padding=&#8221;yes&#8221; h_padding=&#8221;2&#8243; top_padding=&#8221;4&#8243; bottom_padding=&#8221;0&#8243; overlay_alpha=&#8221;50&#8243; gutter_size=&#8221;3&#8243; column_width_percent=&#8221;100&#8243; shift_y=&#8221;0&#8243; z_index=&#8221;0&#8243; uncode_shortcode_id=&#8221;127546&#8243;][vc_column column_width_percent=&#8221;95&#8243; position_horizontal=&#8221;left&#8221; gutter_size=&#8221;3&#8243; overlay_alpha=&#8221;50&#8243; shift_x=&#8221;0&#8243; shift_y=&#8221;0&#8243; shift_y_down=&#8221;0&#8243; z_index=&#8221;0&#8243; medium_width=&#8221;0&#8243; mobile_width=&#8221;0&#8243; css_animation=&#8221;left-t-right&#8221; width=&#8221;1\/2&#8243; uncode_shortcode_id=&#8221;315035&#8243;][vc_custom_heading text_color=&#8221;color-170105&#8243; heading_semantic=&#8221;h1&#8243; text_size=&#8221;h1&#8243; uncode_shortcode_id=&#8221;415157&#8243; text_color_type=&#8221;uncode-palette&#8221;]Rayons x et optiques[\/vc_custom_heading][\/vc_column][vc_column column_width_percent=&#8221;100&#8243; position_vertical=&#8221;bottom&#8221; gutter_size=&#8221;3&#8243; overlay_alpha=&#8221;50&#8243; shift_x=&#8221;0&#8243; shift_y=&#8221;0&#8243; shift_y_down=&#8221;0&#8243; z_index=&#8221;0&#8243; medium_width=&#8221;0&#8243; mobile_width=&#8221;0&#8243; width=&#8221;1\/2&#8243; uncode_shortcode_id=&#8221;110404&#8243;][\/vc_column][\/vc_row][vc_row row_height_percent=&#8221;0&#8243; override_padding=&#8221;yes&#8221; h_padding=&#8221;2&#8243; top_padding=&#8221;4&#8243; bottom_padding=&#8221;3&#8243; overlay_alpha=&#8221;50&#8243; gutter_size=&#8221;4&#8243; column_width_percent=&#8221;100&#8243; shift_y=&#8221;0&#8243; z_index=&#8221;0&#8243; uncode_shortcode_id=&#8221;186786&#8243;][vc_column column_width_percent=&#8221;100&#8243; position_horizontal=&#8221;left&#8221; gutter_size=&#8221;3&#8243; overlay_alpha=&#8221;50&#8243; shift_x=&#8221;0&#8243; shift_y=&#8221;0&#8243; shift_y_down=&#8221;0&#8243; z_index=&#8221;0&#8243; medium_width=&#8221;0&#8243; mobile_width=&#8221;0&#8243; css_animation=&#8221;left-t-right&#8221; width=&#8221;1\/2&#8243; uncode_shortcode_id=&#8221;504724&#8243;][vc_custom_heading text_color=&#8221;color-708329&#8243; text_font=&#8221;font-116529&#8243; uncode_shortcode_id=&#8221;131191&#8243; text_color_type=&#8221;uncode-palette&#8221;]S\u00e9parateur \u00e0 rayons X[\/vc_custom_heading][vc_column_text uncode_shortcode_id=&#8221;161525&#8243;]Pour la s\u00e9paration des pi\u00e8ces m\u00e9caniques par analyse atomique du mat\u00e9riau. Le logiciel int\u00e9gr\u00e9 traite les donn\u00e9es re\u00e7ues provenant de l\u2019analyse et, selon le programme s\u00e9lectionne, il d\u00e9cide d\u2019activer ou non le dispositif pneumatique de s\u00e9paration.<\/p>\n<p>Le s\u00e9parateur \u00e0 rayons X fourni par Panizzolo Recycling Systems est d\u00e9velopp\u00e9 en collaboration avec des soci\u00e9t\u00e9s leaders du secteur, consid\u00e9r\u00e9es comme le summum de la qualit\u00e9 au niveau international. Les charpentes structurelles et logiciels d\u2019interconnexion avec l\u2019ensemble de l\u2019installation sont d\u00e9velopp\u00e9s directement par Panizzolo, ce qui permet de simplifier et d\u2019acc\u00e9l\u00e9rer les contr\u00f4les et les interventions d\u2019entretien p\u00e9riodiques. Le plan vibrant associ\u00e9 garantit une distribution homog\u00e8ne du mat\u00e9riau sur le convoyeur et am\u00e9liore son exposition aux rayons X.[\/vc_column_text][\/vc_column][vc_column column_width_percent=&#8221;100&#8243; position_vertical=&#8221;bottom&#8221; gutter_size=&#8221;3&#8243; overlay_alpha=&#8221;50&#8243; shift_x=&#8221;0&#8243; shift_y=&#8221;0&#8243; shift_y_down=&#8221;0&#8243; z_index=&#8221;0&#8243; medium_width=&#8221;0&#8243; mobile_width=&#8221;0&#8243; width=&#8221;1\/2&#8243; uncode_shortcode_id=&#8221;110404&#8243;][vc_single_image media=&#8221;86365&#8243; media_width_percent=&#8221;100&#8243; css_animation=&#8221;right-t-left&#8221; uncode_shortcode_id=&#8221;830356&#8243;][\/vc_column][\/vc_row][vc_row row_height_percent=&#8221;0&#8243; overlay_alpha=&#8221;50&#8243; gutter_size=&#8221;4&#8243; column_width_percent=&#8221;100&#8243; shift_y=&#8221;0&#8243; z_index=&#8221;0&#8243; uncode_shortcode_id=&#8221;440136&#8243;][vc_column column_width_percent=&#8221;100&#8243; gutter_size=&#8221;3&#8243; overlay_alpha=&#8221;50&#8243; shift_x=&#8221;0&#8243; shift_y=&#8221;0&#8243; shift_y_down=&#8221;0&#8243; z_index=&#8221;0&#8243; medium_width=&#8221;0&#8243; mobile_width=&#8221;0&#8243; width=&#8221;1\/2&#8243; uncode_shortcode_id=&#8221;803831&#8243;][vc_single_image media=&#8221;85930&#8243; media_width_percent=&#8221;100&#8243; css_animation=&#8221;left-t-right&#8221; uncode_shortcode_id=&#8221;361700&#8243;][\/vc_column][vc_column column_width_percent=&#8221;95&#8243; position_horizontal=&#8221;left&#8221; position_vertical=&#8221;bottom&#8221; gutter_size=&#8221;3&#8243; overlay_alpha=&#8221;50&#8243; shift_x=&#8221;0&#8243; shift_y=&#8221;0&#8243; shift_y_down=&#8221;0&#8243; z_index=&#8221;0&#8243; medium_width=&#8221;0&#8243; mobile_width=&#8221;0&#8243; width=&#8221;1\/2&#8243; uncode_shortcode_id=&#8221;446882&#8243;][vc_custom_heading text_color=&#8221;color-708329&#8243; heading_semantic=&#8221;h5&#8243; text_font=&#8221;font-116529&#8243; text_size=&#8221;h5&#8243; uncode_shortcode_id=&#8221;619948&#8243; text_color_type=&#8221;uncode-palette&#8221;]Compl\u00e9ment : air comprim\u00e9 et kit de nettoyage[\/vc_custom_heading][vc_column_text uncode_shortcode_id=&#8221;139033&#8243;]Le kit s\u2019installe sur une base transportable. Il comprend un compresseur et des r\u00e9servoirs sp\u00e9cifiques avec des syst\u00e8mes de nettoyage et de filtrage. Sp\u00e9cifiquement con\u00e7u et dimensionn\u00e9, il garantit un flux d\u2019air propre constant au s\u00e9parateur. Fourni avec tuyaux et raccords de connexion.[\/vc_column_text][\/vc_column][\/vc_row][vc_row row_height_percent=&#8221;0&#8243; override_padding=&#8221;yes&#8221; h_padding=&#8221;2&#8243; top_padding=&#8221;4&#8243; bottom_padding=&#8221;4&#8243; overlay_alpha=&#8221;50&#8243; gutter_size=&#8221;4&#8243; column_width_percent=&#8221;100&#8243; shift_y=&#8221;0&#8243; z_index=&#8221;0&#8243; uncode_shortcode_id=&#8221;202037&#8243;][vc_column column_width_percent=&#8221;100&#8243; gutter_size=&#8221;3&#8243; overlay_alpha=&#8221;50&#8243; shift_x=&#8221;0&#8243; shift_y=&#8221;0&#8243; shift_y_down=&#8221;0&#8243; z_index=&#8221;0&#8243; medium_width=&#8221;0&#8243; mobile_width=&#8221;0&#8243; css_animation=&#8221;left-t-right&#8221; width=&#8221;1\/2&#8243; uncode_shortcode_id=&#8221;202655&#8243;][vc_custom_heading text_color=&#8221;color-708329&#8243; text_font=&#8221;font-116529&#8243; uncode_shortcode_id=&#8221;160474&#8243; text_color_type=&#8221;uncode-palette&#8221;]Trieuse optique[\/vc_custom_heading][vc_column_text uncode_shortcode_id=&#8221;239123&#8243;]Syst\u00e8me de s\u00e9lection et de s\u00e9paration de granul\u00e9s de m\u00e9tal au moyen de cam\u00e9ras trichromatiques RGB. Elle permet la reconnaissance de l\u2019objet par la couleur et les caract\u00e9ristiques dimensionnelles. R\u00e9solution optique 0,1 mm. Fournie avec structure de support e tableau \u00e9lectrique de gestion et contr\u00f4le.<\/p>\n<p>La trieuse optique est d\u00e9velopp\u00e9e en collaboration avec des soci\u00e9t\u00e9s hautement sp\u00e9cialis\u00e9es dans le secteur. Les charpentes structurelles et logiciels d\u2019interconnexion avec l\u2019ensemble de l\u2019installation sont d\u00e9velopp\u00e9s directement par Panizzolo, ce qui permet de simplifier et d\u2019acc\u00e9l\u00e9rer les contr\u00f4les et les interventions d\u2019entretien p\u00e9riodiques.[\/vc_column_text][\/vc_column][vc_column width=&#8221;1\/2&#8243;][vc_single_image media=&#8221;86553&#8243; media_width_percent=&#8221;100&#8243; media_ratio=&#8221;three-two&#8221; css_animation=&#8221;right-t-left&#8221; uncode_shortcode_id=&#8221;938247&#8243;][\/vc_column][\/vc_row][vc_row row_height_percent=&#8221;0&#8243; override_padding=&#8221;yes&#8221; h_padding=&#8221;2&#8243; top_padding=&#8221;2&#8243; bottom_padding=&#8221;2&#8243; overlay_alpha=&#8221;50&#8243; gutter_size=&#8221;4&#8243; column_width_percent=&#8221;100&#8243; shift_y=&#8221;0&#8243; z_index=&#8221;0&#8243; uncode_shortcode_id=&#8221;166175&#8243;][vc_column column_width_percent=&#8221;100&#8243; gutter_size=&#8221;3&#8243; overlay_alpha=&#8221;50&#8243; shift_x=&#8221;0&#8243; shift_y=&#8221;0&#8243; shift_y_down=&#8221;0&#8243; z_index=&#8221;0&#8243; medium_width=&#8221;0&#8243; mobile_width=&#8221;0&#8243; css_animation=&#8221;bottom-t-top&#8221; width=&#8221;1\/2&#8243; uncode_shortcode_id=&#8221;346156&#8243;][vc_single_image media=&#8221;85936&#8243; media_width_percent=&#8221;100&#8243; uncode_shortcode_id=&#8221;789835&#8243;][vc_custom_heading text_color=&#8221;color-708329&#8243; heading_semantic=&#8221;h5&#8243; text_font=&#8221;font-116529&#8243; text_size=&#8221;h5&#8243; uncode_shortcode_id=&#8221;148655&#8243; text_color_type=&#8221;uncode-palette&#8221;]Compl\u00e9ment : convoyeur doseur[\/vc_custom_heading][vc_column_text uncode_shortcode_id=&#8221;548348&#8243;]Il comprend une tr\u00e9mie qui sert de r\u00e9servoir et un convoyeur \u00e0 bande \u00e0 vitesse r\u00e9glable. Avec raccordements \u00e9lectriques au logiciel de gestion de l\u2019installation.[\/vc_column_text][\/vc_column][vc_column column_width_percent=&#8221;100&#8243; gutter_size=&#8221;3&#8243; overlay_alpha=&#8221;50&#8243; shift_x=&#8221;0&#8243; shift_y=&#8221;0&#8243; shift_y_down=&#8221;0&#8243; z_index=&#8221;0&#8243; medium_width=&#8221;0&#8243; mobile_width=&#8221;0&#8243; css_animation=&#8221;bottom-t-top&#8221; width=&#8221;1\/2&#8243; uncode_shortcode_id=&#8221;320610&#8243;][vc_single_image media=&#8221;85942&#8243; media_width_percent=&#8221;100&#8243; uncode_shortcode_id=&#8221;748398&#8243;][vc_custom_heading text_color=&#8221;color-708329&#8243; heading_semantic=&#8221;h5&#8243; text_font=&#8221;font-116529&#8243; text_size=&#8221;h5&#8243; uncode_shortcode_id=&#8221;185834&#8243; text_color_type=&#8221;uncode-palette&#8221;]Compl\u00e9ment : kit air comprim\u00e9[\/vc_custom_heading][vc_column_text uncode_shortcode_id=&#8221;488824&#8243;]Sp\u00e9cifiquement dimensionn\u00e9 pour le bon fonctionnement de la trieuse optique. Fourni avec tuyaux et raccords de connexion.[\/vc_column_text][\/vc_column][\/vc_row][vc_row row_height_percent=&#8221;0&#8243; override_padding=&#8221;yes&#8221; h_padding=&#8221;2&#8243; top_padding=&#8221;2&#8243; bottom_padding=&#8221;4&#8243; overlay_alpha=&#8221;50&#8243; gutter_size=&#8221;3&#8243; column_width_percent=&#8221;100&#8243; shift_y=&#8221;0&#8243; z_index=&#8221;0&#8243; uncode_shortcode_id=&#8221;429089&#8243;][vc_column width=&#8221;1\/3&#8243;][vc_button border_width=&#8221;0&#8243; icon=&#8221;fa fa-arrow-left-thick&#8221; uncode_shortcode_id=&#8221;112122&#8243; link=&#8221;url:https%3A%2F%2Fwww.panizzolo.com%2Ffr%2Fsolutions-de-recyclage%2Fmachines-de-recyclage%2Fsystemes-de-separation%2F|title:Syst%C3%A8mes%20de%20s%C3%A9paration&#8221;]Retour aux syst\u00e8mes de s\u00e9paration[\/vc_button][\/vc_column][vc_column width=&#8221;1\/3&#8243;][\/vc_column][vc_column width=&#8221;1\/3&#8243;][\/vc_column][\/vc_row][vc_row][vc_column width=&#8221;1\/1&#8243;][uncode_block id=&#8221;87771&#8243;][\/vc_column][\/vc_row][vc_row][vc_column width=&#8221;1\/1&#8243;][uncode_block id=&#8221;87785&#8243;][\/vc_column][\/vc_row]<\/p>\n<\/div>","protected":false},"excerpt":{"rendered":"<p>[vc_row row_height_percent=&#8221;0&#8243; override_padding=&#8221;yes&#8221; h_padding=&#8221;2&#8243; top_padding=&#8221;4&#8243; bottom_padding=&#8221;0&#8243; overlay_alpha=&#8221;50&#8243; gutter_size=&#8221;3&#8243; column_width_percent=&#8221;100&#8243; shift_y=&#8221;0&#8243; z_index=&#8221;0&#8243; uncode_shortcode_id=&#8221;127546&#8243;][vc_column column_width_percent=&#8221;95&#8243; position_horizontal=&#8221;left&#8221; gutter_size=&#8221;3&#8243; overlay_alpha=&#8221;50&#8243; shift_x=&#8221;0&#8243; shift_y=&#8221;0&#8243; shift_y_down=&#8221;0&#8243; z_index=&#8221;0&#8243; [&hellip;]<\/p>\n","protected":false},"author":1,"featured_media":86367,"parent":70714,"menu_order":6,"comment_status":"closed","ping_status":"closed","template":"","meta":{"footnotes":""},"class_list":["post-87517","page","type-page","status-publish","has-post-thumbnail","hentry","page_category-sistemi-di-separazione-fr"],"yoast_head":"<!-- This site is optimized with the Yoast SEO plugin v24.5 - https:\/\/yoast.com\/wordpress\/plugins\/seo\/ -->\n<title>Rayons x et optiques - Panizzolo Impianti di riciclaggio per rifiuti<\/title>\n<meta name=\"robots\" content=\"index, follow, max-snippet:-1, max-image-preview:large, max-video-preview:-1\" \/>\n<link rel=\"canonical\" href=\"https:\/\/www.panizzolo.com\/fr\/solutions-de-recyclage\/machines-de-recyclage\/systemes-de-separation\/rayons-x-et-optiques\/\" \/>\n<meta property=\"og:locale\" content=\"fr_FR\" \/>\n<meta property=\"og:type\" content=\"article\" \/>\n<meta property=\"og:title\" content=\"Rayons x et optiques - Panizzolo Impianti di riciclaggio per rifiuti\" \/>\n<meta property=\"og:description\" content=\"[vc_row row_height_percent=&#8221;0&#8243; override_padding=&#8221;yes&#8221; h_padding=&#8221;2&#8243; top_padding=&#8221;4&#8243; bottom_padding=&#8221;0&#8243; overlay_alpha=&#8221;50&#8243; gutter_size=&#8221;3&#8243; column_width_percent=&#8221;100&#8243; shift_y=&#8221;0&#8243; z_index=&#8221;0&#8243; uncode_shortcode_id=&#8221;127546&#8243;][vc_column column_width_percent=&#8221;95&#8243; position_horizontal=&#8221;left&#8221; gutter_size=&#8221;3&#8243; overlay_alpha=&#8221;50&#8243; shift_x=&#8221;0&#8243; shift_y=&#8221;0&#8243; shift_y_down=&#8221;0&#8243; z_index=&#8221;0&#8243; [&hellip;]\" \/>\n<meta property=\"og:url\" content=\"https:\/\/www.panizzolo.com\/fr\/solutions-de-recyclage\/machines-de-recyclage\/systemes-de-separation\/rayons-x-et-optiques\/\" \/>\n<meta property=\"og:site_name\" content=\"Panizzolo Impianti di riciclaggio per rifiuti\" \/>\n<meta property=\"article:publisher\" content=\"https:\/\/www.facebook.com\/PanizzoloRecycling\" \/>\n<meta property=\"article:modified_time\" content=\"2021-12-22T15:05:22+00:00\" \/>\n<meta property=\"og:image\" content=\"https:\/\/www.panizzolo.com\/wp-content\/uploads\/2021\/10\/Separatore-X-ray-1.jpg\" \/>\n\t<meta property=\"og:image:width\" content=\"1920\" \/>\n\t<meta property=\"og:image:height\" content=\"1440\" \/>\n\t<meta property=\"og:image:type\" content=\"image\/jpeg\" \/>\n<meta name=\"twitter:card\" content=\"summary_large_image\" \/>\n<meta name=\"twitter:site\" content=\"@PanizzoloRS\" \/>\n<meta name=\"twitter:label1\" content=\"Est. reading time\" \/>\n\t<meta name=\"twitter:data1\" content=\"3 minutes\" \/>\n<script type=\"application\/ld+json\" class=\"yoast-schema-graph\">{\"@context\":\"https:\/\/schema.org\",\"@graph\":[{\"@type\":\"WebPage\",\"@id\":\"https:\/\/www.panizzolo.com\/fr\/solutions-de-recyclage\/machines-de-recyclage\/systemes-de-separation\/rayons-x-et-optiques\/\",\"url\":\"https:\/\/www.panizzolo.com\/fr\/solutions-de-recyclage\/machines-de-recyclage\/systemes-de-separation\/rayons-x-et-optiques\/\",\"name\":\"Rayons x et optiques - Panizzolo Impianti di riciclaggio per rifiuti\",\"isPartOf\":{\"@id\":\"https:\/\/www.panizzolo.com\/fr\/#website\"},\"primaryImageOfPage\":{\"@id\":\"https:\/\/www.panizzolo.com\/fr\/solutions-de-recyclage\/machines-de-recyclage\/systemes-de-separation\/rayons-x-et-optiques\/#primaryimage\"},\"image\":{\"@id\":\"https:\/\/www.panizzolo.com\/fr\/solutions-de-recyclage\/machines-de-recyclage\/systemes-de-separation\/rayons-x-et-optiques\/#primaryimage\"},\"thumbnailUrl\":\"https:\/\/www.panizzolo.com\/wp-content\/uploads\/2021\/10\/Separatore-X-ray-1.jpg\",\"datePublished\":\"2021-09-16T08:27:33+00:00\",\"dateModified\":\"2021-12-22T15:05:22+00:00\",\"breadcrumb\":{\"@id\":\"https:\/\/www.panizzolo.com\/fr\/solutions-de-recyclage\/machines-de-recyclage\/systemes-de-separation\/rayons-x-et-optiques\/#breadcrumb\"},\"inLanguage\":\"fr-FR\",\"potentialAction\":[{\"@type\":\"ReadAction\",\"target\":[\"https:\/\/www.panizzolo.com\/fr\/solutions-de-recyclage\/machines-de-recyclage\/systemes-de-separation\/rayons-x-et-optiques\/\"]}]},{\"@type\":\"ImageObject\",\"inLanguage\":\"fr-FR\",\"@id\":\"https:\/\/www.panizzolo.com\/fr\/solutions-de-recyclage\/machines-de-recyclage\/systemes-de-separation\/rayons-x-et-optiques\/#primaryimage\",\"url\":\"https:\/\/www.panizzolo.com\/wp-content\/uploads\/2021\/10\/Separatore-X-ray-1.jpg\",\"contentUrl\":\"https:\/\/www.panizzolo.com\/wp-content\/uploads\/2021\/10\/Separatore-X-ray-1.jpg\",\"width\":1920,\"height\":1440},{\"@type\":\"BreadcrumbList\",\"@id\":\"https:\/\/www.panizzolo.com\/fr\/solutions-de-recyclage\/machines-de-recyclage\/systemes-de-separation\/rayons-x-et-optiques\/#breadcrumb\",\"itemListElement\":[{\"@type\":\"ListItem\",\"position\":1,\"name\":\"Solutions de recyclage\",\"item\":\"https:\/\/www.panizzolo.com\/fr\/solutions-de-recyclage\/\"},{\"@type\":\"ListItem\",\"position\":2,\"name\":\"Machines de recyclage\",\"item\":\"https:\/\/www.panizzolo.com\/fr\/solutions-de-recyclage\/machines-de-recyclage\/\"},{\"@type\":\"ListItem\",\"position\":3,\"name\":\"Syst\u00e8mes de s\u00e9paration\",\"item\":\"https:\/\/www.panizzolo.com\/fr\/solutions-de-recyclage\/machines-de-recyclage\/systemes-de-separation\/\"},{\"@type\":\"ListItem\",\"position\":4,\"name\":\"Rayons x et optiques\"}]},{\"@type\":\"WebSite\",\"@id\":\"https:\/\/www.panizzolo.com\/fr\/#website\",\"url\":\"https:\/\/www.panizzolo.com\/fr\/\",\"name\":\"Panizzolo Impianti di riciclaggio per rifiuti\",\"description\":\"Panizzolo Impianti di riciclaggio per rifiuti\",\"potentialAction\":[{\"@type\":\"SearchAction\",\"target\":{\"@type\":\"EntryPoint\",\"urlTemplate\":\"https:\/\/www.panizzolo.com\/fr\/?s={search_term_string}\"},\"query-input\":{\"@type\":\"PropertyValueSpecification\",\"valueRequired\":true,\"valueName\":\"search_term_string\"}}],\"inLanguage\":\"fr-FR\"}]}<\/script>\n<!-- \/ Yoast SEO plugin. -->","yoast_head_json":{"title":"Rayons x et optiques - Panizzolo Impianti di riciclaggio per rifiuti","robots":{"index":"index","follow":"follow","max-snippet":"max-snippet:-1","max-image-preview":"max-image-preview:large","max-video-preview":"max-video-preview:-1"},"canonical":"https:\/\/www.panizzolo.com\/fr\/solutions-de-recyclage\/machines-de-recyclage\/systemes-de-separation\/rayons-x-et-optiques\/","og_locale":"fr_FR","og_type":"article","og_title":"Rayons x et optiques - Panizzolo Impianti di riciclaggio per rifiuti","og_description":"[vc_row row_height_percent=&#8221;0&#8243; override_padding=&#8221;yes&#8221; h_padding=&#8221;2&#8243; top_padding=&#8221;4&#8243; bottom_padding=&#8221;0&#8243; overlay_alpha=&#8221;50&#8243; gutter_size=&#8221;3&#8243; column_width_percent=&#8221;100&#8243; shift_y=&#8221;0&#8243; z_index=&#8221;0&#8243; uncode_shortcode_id=&#8221;127546&#8243;][vc_column column_width_percent=&#8221;95&#8243; position_horizontal=&#8221;left&#8221; gutter_size=&#8221;3&#8243; overlay_alpha=&#8221;50&#8243; shift_x=&#8221;0&#8243; shift_y=&#8221;0&#8243; shift_y_down=&#8221;0&#8243; z_index=&#8221;0&#8243; [&hellip;]","og_url":"https:\/\/www.panizzolo.com\/fr\/solutions-de-recyclage\/machines-de-recyclage\/systemes-de-separation\/rayons-x-et-optiques\/","og_site_name":"Panizzolo Impianti di riciclaggio per rifiuti","article_publisher":"https:\/\/www.facebook.com\/PanizzoloRecycling","article_modified_time":"2021-12-22T15:05:22+00:00","og_image":[{"width":1920,"height":1440,"url":"https:\/\/www.panizzolo.com\/wp-content\/uploads\/2021\/10\/Separatore-X-ray-1.jpg","type":"image\/jpeg"}],"twitter_card":"summary_large_image","twitter_site":"@PanizzoloRS","twitter_misc":{"Est. reading time":"3 minutes"},"schema":{"@context":"https:\/\/schema.org","@graph":[{"@type":"WebPage","@id":"https:\/\/www.panizzolo.com\/fr\/solutions-de-recyclage\/machines-de-recyclage\/systemes-de-separation\/rayons-x-et-optiques\/","url":"https:\/\/www.panizzolo.com\/fr\/solutions-de-recyclage\/machines-de-recyclage\/systemes-de-separation\/rayons-x-et-optiques\/","name":"Rayons x et optiques - Panizzolo Impianti di riciclaggio per rifiuti","isPartOf":{"@id":"https:\/\/www.panizzolo.com\/fr\/#website"},"primaryImageOfPage":{"@id":"https:\/\/www.panizzolo.com\/fr\/solutions-de-recyclage\/machines-de-recyclage\/systemes-de-separation\/rayons-x-et-optiques\/#primaryimage"},"image":{"@id":"https:\/\/www.panizzolo.com\/fr\/solutions-de-recyclage\/machines-de-recyclage\/systemes-de-separation\/rayons-x-et-optiques\/#primaryimage"},"thumbnailUrl":"https:\/\/www.panizzolo.com\/wp-content\/uploads\/2021\/10\/Separatore-X-ray-1.jpg","datePublished":"2021-09-16T08:27:33+00:00","dateModified":"2021-12-22T15:05:22+00:00","breadcrumb":{"@id":"https:\/\/www.panizzolo.com\/fr\/solutions-de-recyclage\/machines-de-recyclage\/systemes-de-separation\/rayons-x-et-optiques\/#breadcrumb"},"inLanguage":"fr-FR","potentialAction":[{"@type":"ReadAction","target":["https:\/\/www.panizzolo.com\/fr\/solutions-de-recyclage\/machines-de-recyclage\/systemes-de-separation\/rayons-x-et-optiques\/"]}]},{"@type":"ImageObject","inLanguage":"fr-FR","@id":"https:\/\/www.panizzolo.com\/fr\/solutions-de-recyclage\/machines-de-recyclage\/systemes-de-separation\/rayons-x-et-optiques\/#primaryimage","url":"https:\/\/www.panizzolo.com\/wp-content\/uploads\/2021\/10\/Separatore-X-ray-1.jpg","contentUrl":"https:\/\/www.panizzolo.com\/wp-content\/uploads\/2021\/10\/Separatore-X-ray-1.jpg","width":1920,"height":1440},{"@type":"BreadcrumbList","@id":"https:\/\/www.panizzolo.com\/fr\/solutions-de-recyclage\/machines-de-recyclage\/systemes-de-separation\/rayons-x-et-optiques\/#breadcrumb","itemListElement":[{"@type":"ListItem","position":1,"name":"Solutions de recyclage","item":"https:\/\/www.panizzolo.com\/fr\/solutions-de-recyclage\/"},{"@type":"ListItem","position":2,"name":"Machines de recyclage","item":"https:\/\/www.panizzolo.com\/fr\/solutions-de-recyclage\/machines-de-recyclage\/"},{"@type":"ListItem","position":3,"name":"Syst\u00e8mes de s\u00e9paration","item":"https:\/\/www.panizzolo.com\/fr\/solutions-de-recyclage\/machines-de-recyclage\/systemes-de-separation\/"},{"@type":"ListItem","position":4,"name":"Rayons x et optiques"}]},{"@type":"WebSite","@id":"https:\/\/www.panizzolo.com\/fr\/#website","url":"https:\/\/www.panizzolo.com\/fr\/","name":"Panizzolo Impianti di riciclaggio per rifiuti","description":"Panizzolo Impianti di riciclaggio per rifiuti","potentialAction":[{"@type":"SearchAction","target":{"@type":"EntryPoint","urlTemplate":"https:\/\/www.panizzolo.com\/fr\/?s={search_term_string}"},"query-input":{"@type":"PropertyValueSpecification","valueRequired":true,"valueName":"search_term_string"}}],"inLanguage":"fr-FR"}]}},"_links":{"self":[{"href":"https:\/\/www.panizzolo.com\/fr\/wp-json\/wp\/v2\/pages\/87517","targetHints":{"allow":["GET"]}}],"collection":[{"href":"https:\/\/www.panizzolo.com\/fr\/wp-json\/wp\/v2\/pages"}],"about":[{"href":"https:\/\/www.panizzolo.com\/fr\/wp-json\/wp\/v2\/types\/page"}],"author":[{"embeddable":true,"href":"https:\/\/www.panizzolo.com\/fr\/wp-json\/wp\/v2\/users\/1"}],"replies":[{"embeddable":true,"href":"https:\/\/www.panizzolo.com\/fr\/wp-json\/wp\/v2\/comments?post=87517"}],"version-history":[{"count":5,"href":"https:\/\/www.panizzolo.com\/fr\/wp-json\/wp\/v2\/pages\/87517\/revisions"}],"predecessor-version":[{"id":91613,"href":"https:\/\/www.panizzolo.com\/fr\/wp-json\/wp\/v2\/pages\/87517\/revisions\/91613"}],"up":[{"embeddable":true,"href":"https:\/\/www.panizzolo.com\/fr\/wp-json\/wp\/v2\/pages\/70714"}],"wp:featuredmedia":[{"embeddable":true,"href":"https:\/\/www.panizzolo.com\/fr\/wp-json\/wp\/v2\/media\/86367"}],"wp:attachment":[{"href":"https:\/\/www.panizzolo.com\/fr\/wp-json\/wp\/v2\/media?parent=87517"}],"curies":[{"name":"wp","href":"https:\/\/api.w.org\/{rel}","templated":true}]}}