{"id":87512,"date":"2021-09-16T10:27:06","date_gmt":"2021-09-16T08:27:06","guid":{"rendered":"https:\/\/www.panizzolo.com\/solutions-de-recyclage\/machines-pour-le-recyclage\/systemes-de-separation\/vagli\/"},"modified":"2021-12-22T14:46:31","modified_gmt":"2021-12-22T13:46:31","slug":"tamis","status":"publish","type":"page","link":"https:\/\/www.panizzolo.com\/fr\/solutions-de-recyclage\/machines-de-recyclage\/systemes-de-separation\/tamis\/","title":{"rendered":"Tamis"},"content":{"rendered":"<div class=\"wpb-content-wrapper\"><p>[vc_row row_height_percent=&#8221;0&#8243; override_padding=&#8221;yes&#8221; h_padding=&#8221;2&#8243; top_padding=&#8221;4&#8243; bottom_padding=&#8221;2&#8243; overlay_alpha=&#8221;50&#8243; gutter_size=&#8221;3&#8243; column_width_percent=&#8221;100&#8243; shift_y=&#8221;0&#8243; z_index=&#8221;0&#8243; uncode_shortcode_id=&#8221;182032&#8243;][vc_column column_width_percent=&#8221;70&#8243; position_horizontal=&#8221;left&#8221; gutter_size=&#8221;3&#8243; overlay_alpha=&#8221;50&#8243; shift_x=&#8221;0&#8243; shift_y=&#8221;0&#8243; shift_y_down=&#8221;0&#8243; z_index=&#8221;0&#8243; medium_width=&#8221;0&#8243; mobile_width=&#8221;0&#8243; css_animation=&#8221;left-t-right&#8221; width=&#8221;1\/1&#8243; uncode_shortcode_id=&#8221;875013&#8243;][vc_custom_heading text_color=&#8221;color-170105&#8243; heading_semantic=&#8221;h1&#8243; text_size=&#8221;h1&#8243; uncode_shortcode_id=&#8221;164787&#8243; text_color_type=&#8221;uncode-palette&#8221;]Tamis[\/vc_custom_heading][\/vc_column][\/vc_row][vc_row row_height_percent=&#8221;0&#8243; override_padding=&#8221;yes&#8221; h_padding=&#8221;3&#8243; top_padding=&#8221;2&#8243; bottom_padding=&#8221;3&#8243; overlay_alpha=&#8221;50&#8243; gutter_size=&#8221;3&#8243; column_width_percent=&#8221;100&#8243; shift_y=&#8221;0&#8243; z_index=&#8221;0&#8243; uncode_shortcode_id=&#8221;140146&#8243;][vc_column column_width_percent=&#8221;100&#8243; position_vertical=&#8221;middle&#8221; gutter_size=&#8221;3&#8243; overlay_alpha=&#8221;50&#8243; shift_x=&#8221;0&#8243; shift_y=&#8221;0&#8243; shift_y_down=&#8221;0&#8243; z_index=&#8221;0&#8243; medium_width=&#8221;0&#8243; mobile_width=&#8221;0&#8243; css_animation=&#8221;left-t-right&#8221; width=&#8221;1\/2&#8243; uncode_shortcode_id=&#8221;188514&#8243;][vc_custom_heading text_color=&#8221;color-708329&#8243; text_font=&#8221;font-116529&#8243; uncode_shortcode_id=&#8221;254571&#8243; text_color_type=&#8221;uncode-palette&#8221;]Dynamic Shake[\/vc_custom_heading][vc_column_text uncode_shortcode_id=&#8221;818933&#8243;]Les mat\u00e9riaux provenant du broyage fin des moulins \u00e0 marteaux des s\u00e9ries Flex Mega, Mobile et Stationary Refine sont trait\u00e9s au moyen de tables vibrantes. Les s\u00e9parateurs de m\u00e9taux de la s\u00e9rie Dynamic Shake, en particulier, font partie des installations d\u00e9di\u00e9es \u00e0 la s\u00e9paration des grains m\u00e9talliques des poussi\u00e8res inertes.<\/p>\n<p>La s\u00e9paration optimale du mat\u00e9riau non magn\u00e9tique de celui magn\u00e9tique s\u2019obtient gr\u00e2ce \u00e0 l&#8217;emploi combin\u00e9 d&#8217;une table \u00e0 marches sp\u00e9ciale et \u00e0 la conformation du tapis de s\u00e9paration. Cet accessoire, comme les autres syst\u00e8mes int\u00e9gr\u00e9s Panizzolo Recycling, a \u00e9t\u00e9 r\u00e9alis\u00e9 pour maximiser la r\u00e9cup\u00e9ration des mati\u00e8res premi\u00e8res secondaires en garantissant un d\u00e9chet final r\u00e9duit au minimum.[\/vc_column_text][\/vc_column][vc_column column_width_percent=&#8221;100&#8243; position_horizontal=&#8221;left&#8221; gutter_size=&#8221;3&#8243; overlay_alpha=&#8221;50&#8243; shift_x=&#8221;0&#8243; shift_y=&#8221;0&#8243; shift_y_down=&#8221;0&#8243; z_index=&#8221;0&#8243; medium_width=&#8221;0&#8243; mobile_width=&#8221;0&#8243; width=&#8221;1\/2&#8243; uncode_shortcode_id=&#8221;103522&#8243;][vc_single_image media=&#8221;85898&#8243; media_width_percent=&#8221;100&#8243; media_ratio=&#8221;four-three&#8221; css_animation=&#8221;alpha-anim&#8221; uncode_shortcode_id=&#8221;290055&#8243;][\/vc_column][\/vc_row][vc_row row_height_percent=&#8221;0&#8243; override_padding=&#8221;yes&#8221; h_padding=&#8221;3&#8243; top_padding=&#8221;2&#8243; bottom_padding=&#8221;3&#8243; overlay_alpha=&#8221;50&#8243; gutter_size=&#8221;3&#8243; column_width_percent=&#8221;100&#8243; shift_y=&#8221;0&#8243; z_index=&#8221;0&#8243; uncode_shortcode_id=&#8221;181577&#8243;][vc_column column_width_percent=&#8221;100&#8243; position_horizontal=&#8221;left&#8221; position_vertical=&#8221;middle&#8221; gutter_size=&#8221;3&#8243; overlay_alpha=&#8221;50&#8243; shift_x=&#8221;0&#8243; shift_y=&#8221;0&#8243; shift_y_down=&#8221;0&#8243; z_index=&#8221;0&#8243; medium_width=&#8221;0&#8243; mobile_width=&#8221;0&#8243; css_animation=&#8221;left-t-right&#8221; width=&#8221;1\/2&#8243; uncode_shortcode_id=&#8221;246213&#8243;][vc_custom_heading text_color=&#8221;color-708329&#8243; text_font=&#8221;font-116529&#8243; uncode_shortcode_id=&#8221;173619&#8243; text_color_type=&#8221;uncode-palette&#8221;]Plan vibrant \u00e0 peigne[\/vc_custom_heading][vc_column_text uncode_shortcode_id=&#8221;802512&#8243;]Avec peignes interchangeables et module avec tambour magn\u00e9tique. Utilis\u00e9 principalement dans le cycle de traitement des moteurs \u00e9lectriques, il permet une premi\u00e8re s\u00e9paration en fonction de la dimension.[\/vc_column_text][\/vc_column][vc_column column_width_percent=&#8221;100&#8243; gutter_size=&#8221;3&#8243; overlay_alpha=&#8221;50&#8243; shift_x=&#8221;0&#8243; shift_y=&#8221;0&#8243; shift_y_down=&#8221;0&#8243; z_index=&#8221;0&#8243; medium_width=&#8221;0&#8243; mobile_width=&#8221;0&#8243; width=&#8221;1\/2&#8243; uncode_shortcode_id=&#8221;168116&#8243;][vc_single_image media=&#8221;85904&#8243; media_width_percent=&#8221;100&#8243; media_ratio=&#8221;four-three&#8221; css_animation=&#8221;alpha-anim&#8221; uncode_shortcode_id=&#8221;109060&#8243;][\/vc_column][\/vc_row][vc_row row_height_percent=&#8221;0&#8243; override_padding=&#8221;yes&#8221; h_padding=&#8221;3&#8243; top_padding=&#8221;2&#8243; bottom_padding=&#8221;2&#8243; overlay_alpha=&#8221;50&#8243; gutter_size=&#8221;3&#8243; column_width_percent=&#8221;100&#8243; shift_y=&#8221;0&#8243; z_index=&#8221;0&#8243; uncode_shortcode_id=&#8221;407561&#8243;][vc_column column_width_percent=&#8221;100&#8243; position_vertical=&#8221;middle&#8221; gutter_size=&#8221;3&#8243; overlay_alpha=&#8221;50&#8243; shift_x=&#8221;0&#8243; shift_y=&#8221;0&#8243; shift_y_down=&#8221;0&#8243; z_index=&#8221;0&#8243; medium_width=&#8221;0&#8243; mobile_width=&#8221;0&#8243; css_animation=&#8221;left-t-right&#8221; width=&#8221;1\/2&#8243; uncode_shortcode_id=&#8221;104984&#8243;][vc_custom_heading text_color=&#8221;color-708329&#8243; text_font=&#8221;font-116529&#8243; uncode_shortcode_id=&#8221;621275&#8243; text_color_type=&#8221;uncode-palette&#8221;]Tamis rotatif[\/vc_custom_heading][vc_column_text uncode_shortcode_id=&#8221;876302&#8243;]Disponible en diff\u00e9rentes tailles et mod\u00e8les selon le cycle de traitement dans lequel il est ins\u00e9r\u00e9. Il comprend \u00e0 l\u2019int\u00e9rieur un maillage en t\u00f4le perfor\u00e9e lamin\u00e9e interchangeable. La combinaison entre le mouvement rotatoire et l\u2019inclinaison permet la s\u00e9paration du mat\u00e9riau en deux tailles : inf\u00e9rieure aux mailles du tamis et sup\u00e9rieure aux mailles du tamis. Fournis en compl\u00e9ment des cycles de traitement Panizzolo, ils sont disponibles en diff\u00e9rents mod\u00e8les et tailles.[\/vc_column_text][\/vc_column][vc_column column_width_percent=&#8221;100&#8243; position_horizontal=&#8221;left&#8221; gutter_size=&#8221;3&#8243; overlay_alpha=&#8221;50&#8243; shift_x=&#8221;0&#8243; shift_y=&#8221;0&#8243; shift_y_down=&#8221;0&#8243; z_index=&#8221;0&#8243; medium_width=&#8221;0&#8243; mobile_width=&#8221;0&#8243; width=&#8221;1\/2&#8243; uncode_shortcode_id=&#8221;448299&#8243;][vc_single_image media=&#8221;85910&#8243; media_width_percent=&#8221;100&#8243; media_ratio=&#8221;four-three&#8221; css_animation=&#8221;alpha-anim&#8221; uncode_shortcode_id=&#8221;635470&#8243;][\/vc_column][\/vc_row][vc_row row_height_percent=&#8221;0&#8243; override_padding=&#8221;yes&#8221; h_padding=&#8221;2&#8243; top_padding=&#8221;2&#8243; bottom_padding=&#8221;4&#8243; overlay_alpha=&#8221;50&#8243; gutter_size=&#8221;3&#8243; column_width_percent=&#8221;100&#8243; shift_y=&#8221;0&#8243; z_index=&#8221;0&#8243; uncode_shortcode_id=&#8221;966671&#8243;][vc_column column_width_percent=&#8221;85&#8243; gutter_size=&#8221;3&#8243; overlay_alpha=&#8221;50&#8243; shift_x=&#8221;0&#8243; shift_y=&#8221;0&#8243; shift_y_down=&#8221;0&#8243; z_index=&#8221;0&#8243; medium_width=&#8221;0&#8243; mobile_width=&#8221;0&#8243; width=&#8221;1\/3&#8243; uncode_shortcode_id=&#8221;893621&#8243;][vc_button border_width=&#8221;0&#8243; icon=&#8221;fa fa-arrow-left-thick&#8221; uncode_shortcode_id=&#8221;112122&#8243; link=&#8221;url:https%3A%2F%2Fwww.panizzolo.com%2Ffr%2Fsolutions-de-recyclage%2Fmachines-de-recyclage%2Fsystemes-de-separation%2F|title:Syst%C3%A8mes%20de%20s%C3%A9paration&#8221;]Retour aux syst\u00e8mes de s\u00e9paration[\/vc_button][\/vc_column][vc_column width=&#8221;1\/3&#8243;][\/vc_column][vc_column width=&#8221;1\/3&#8243;][\/vc_column][\/vc_row][vc_row][vc_column width=&#8221;1\/1&#8243;][uncode_block id=&#8221;87771&#8243;][\/vc_column][\/vc_row][vc_row][vc_column width=&#8221;1\/1&#8243;][uncode_block id=&#8221;87785&#8243;][\/vc_column][\/vc_row]<\/p>\n<\/div>","protected":false},"excerpt":{"rendered":"<p>[vc_row row_height_percent=&#8221;0&#8243; override_padding=&#8221;yes&#8221; h_padding=&#8221;2&#8243; top_padding=&#8221;4&#8243; bottom_padding=&#8221;2&#8243; overlay_alpha=&#8221;50&#8243; gutter_size=&#8221;3&#8243; column_width_percent=&#8221;100&#8243; shift_y=&#8221;0&#8243; z_index=&#8221;0&#8243; uncode_shortcode_id=&#8221;182032&#8243;][vc_column column_width_percent=&#8221;70&#8243; position_horizontal=&#8221;left&#8221; gutter_size=&#8221;3&#8243; overlay_alpha=&#8221;50&#8243; shift_x=&#8221;0&#8243; shift_y=&#8221;0&#8243; shift_y_down=&#8221;0&#8243; z_index=&#8221;0&#8243; [&hellip;]<\/p>\n","protected":false},"author":1,"featured_media":86534,"parent":70714,"menu_order":5,"comment_status":"closed","ping_status":"closed","template":"","meta":{"footnotes":""},"class_list":["post-87512","page","type-page","status-publish","has-post-thumbnail","hentry","page_category-sistemi-di-separazione-fr"],"yoast_head":"<!-- This site is optimized with the Yoast SEO plugin v24.5 - https:\/\/yoast.com\/wordpress\/plugins\/seo\/ -->\n<title>Tamis - Panizzolo Impianti di riciclaggio per rifiuti<\/title>\n<meta name=\"robots\" content=\"index, follow, max-snippet:-1, max-image-preview:large, max-video-preview:-1\" \/>\n<link rel=\"canonical\" href=\"https:\/\/www.panizzolo.com\/fr\/solutions-de-recyclage\/machines-de-recyclage\/systemes-de-separation\/tamis\/\" \/>\n<meta property=\"og:locale\" content=\"fr_FR\" \/>\n<meta property=\"og:type\" content=\"article\" \/>\n<meta property=\"og:title\" content=\"Tamis - Panizzolo Impianti di riciclaggio per rifiuti\" \/>\n<meta property=\"og:description\" content=\"[vc_row row_height_percent=&#8221;0&#8243; override_padding=&#8221;yes&#8221; h_padding=&#8221;2&#8243; top_padding=&#8221;4&#8243; bottom_padding=&#8221;2&#8243; overlay_alpha=&#8221;50&#8243; gutter_size=&#8221;3&#8243; column_width_percent=&#8221;100&#8243; shift_y=&#8221;0&#8243; z_index=&#8221;0&#8243; uncode_shortcode_id=&#8221;182032&#8243;][vc_column column_width_percent=&#8221;70&#8243; position_horizontal=&#8221;left&#8221; gutter_size=&#8221;3&#8243; overlay_alpha=&#8221;50&#8243; shift_x=&#8221;0&#8243; shift_y=&#8221;0&#8243; shift_y_down=&#8221;0&#8243; z_index=&#8221;0&#8243; [&hellip;]\" \/>\n<meta property=\"og:url\" content=\"https:\/\/www.panizzolo.com\/fr\/solutions-de-recyclage\/machines-de-recyclage\/systemes-de-separation\/tamis\/\" \/>\n<meta property=\"og:site_name\" content=\"Panizzolo Impianti di riciclaggio per rifiuti\" \/>\n<meta property=\"article:publisher\" content=\"https:\/\/www.facebook.com\/PanizzoloRecycling\" \/>\n<meta property=\"article:modified_time\" content=\"2021-12-22T13:46:31+00:00\" \/>\n<meta property=\"og:image\" content=\"https:\/\/www.panizzolo.com\/wp-content\/uploads\/2021\/10\/Vagli-Panizzolo.png\" \/>\n\t<meta property=\"og:image:width\" content=\"1230\" \/>\n\t<meta property=\"og:image:height\" content=\"1162\" \/>\n\t<meta property=\"og:image:type\" content=\"image\/png\" \/>\n<meta name=\"twitter:card\" content=\"summary_large_image\" \/>\n<meta name=\"twitter:site\" content=\"@PanizzoloRS\" \/>\n<meta name=\"twitter:label1\" content=\"Est. reading time\" \/>\n\t<meta name=\"twitter:data1\" content=\"2 minutes\" \/>\n<script type=\"application\/ld+json\" class=\"yoast-schema-graph\">{\"@context\":\"https:\/\/schema.org\",\"@graph\":[{\"@type\":\"WebPage\",\"@id\":\"https:\/\/www.panizzolo.com\/fr\/solutions-de-recyclage\/machines-de-recyclage\/systemes-de-separation\/tamis\/\",\"url\":\"https:\/\/www.panizzolo.com\/fr\/solutions-de-recyclage\/machines-de-recyclage\/systemes-de-separation\/tamis\/\",\"name\":\"Tamis - Panizzolo Impianti di riciclaggio per rifiuti\",\"isPartOf\":{\"@id\":\"https:\/\/www.panizzolo.com\/fr\/#website\"},\"primaryImageOfPage\":{\"@id\":\"https:\/\/www.panizzolo.com\/fr\/solutions-de-recyclage\/machines-de-recyclage\/systemes-de-separation\/tamis\/#primaryimage\"},\"image\":{\"@id\":\"https:\/\/www.panizzolo.com\/fr\/solutions-de-recyclage\/machines-de-recyclage\/systemes-de-separation\/tamis\/#primaryimage\"},\"thumbnailUrl\":\"https:\/\/www.panizzolo.com\/wp-content\/uploads\/2021\/10\/Vagli-Panizzolo.png\",\"datePublished\":\"2021-09-16T08:27:06+00:00\",\"dateModified\":\"2021-12-22T13:46:31+00:00\",\"breadcrumb\":{\"@id\":\"https:\/\/www.panizzolo.com\/fr\/solutions-de-recyclage\/machines-de-recyclage\/systemes-de-separation\/tamis\/#breadcrumb\"},\"inLanguage\":\"fr-FR\",\"potentialAction\":[{\"@type\":\"ReadAction\",\"target\":[\"https:\/\/www.panizzolo.com\/fr\/solutions-de-recyclage\/machines-de-recyclage\/systemes-de-separation\/tamis\/\"]}]},{\"@type\":\"ImageObject\",\"inLanguage\":\"fr-FR\",\"@id\":\"https:\/\/www.panizzolo.com\/fr\/solutions-de-recyclage\/machines-de-recyclage\/systemes-de-separation\/tamis\/#primaryimage\",\"url\":\"https:\/\/www.panizzolo.com\/wp-content\/uploads\/2021\/10\/Vagli-Panizzolo.png\",\"contentUrl\":\"https:\/\/www.panizzolo.com\/wp-content\/uploads\/2021\/10\/Vagli-Panizzolo.png\",\"width\":1230,\"height\":1162},{\"@type\":\"BreadcrumbList\",\"@id\":\"https:\/\/www.panizzolo.com\/fr\/solutions-de-recyclage\/machines-de-recyclage\/systemes-de-separation\/tamis\/#breadcrumb\",\"itemListElement\":[{\"@type\":\"ListItem\",\"position\":1,\"name\":\"Solutions de recyclage\",\"item\":\"https:\/\/www.panizzolo.com\/fr\/solutions-de-recyclage\/\"},{\"@type\":\"ListItem\",\"position\":2,\"name\":\"Machines de recyclage\",\"item\":\"https:\/\/www.panizzolo.com\/fr\/solutions-de-recyclage\/machines-de-recyclage\/\"},{\"@type\":\"ListItem\",\"position\":3,\"name\":\"Syst\u00e8mes de s\u00e9paration\",\"item\":\"https:\/\/www.panizzolo.com\/fr\/solutions-de-recyclage\/machines-de-recyclage\/systemes-de-separation\/\"},{\"@type\":\"ListItem\",\"position\":4,\"name\":\"Tamis\"}]},{\"@type\":\"WebSite\",\"@id\":\"https:\/\/www.panizzolo.com\/fr\/#website\",\"url\":\"https:\/\/www.panizzolo.com\/fr\/\",\"name\":\"Panizzolo Impianti di riciclaggio per rifiuti\",\"description\":\"Panizzolo Impianti di riciclaggio per rifiuti\",\"potentialAction\":[{\"@type\":\"SearchAction\",\"target\":{\"@type\":\"EntryPoint\",\"urlTemplate\":\"https:\/\/www.panizzolo.com\/fr\/?s={search_term_string}\"},\"query-input\":{\"@type\":\"PropertyValueSpecification\",\"valueRequired\":true,\"valueName\":\"search_term_string\"}}],\"inLanguage\":\"fr-FR\"}]}<\/script>\n<!-- \/ Yoast SEO plugin. -->","yoast_head_json":{"title":"Tamis - Panizzolo Impianti di riciclaggio per rifiuti","robots":{"index":"index","follow":"follow","max-snippet":"max-snippet:-1","max-image-preview":"max-image-preview:large","max-video-preview":"max-video-preview:-1"},"canonical":"https:\/\/www.panizzolo.com\/fr\/solutions-de-recyclage\/machines-de-recyclage\/systemes-de-separation\/tamis\/","og_locale":"fr_FR","og_type":"article","og_title":"Tamis - Panizzolo Impianti di riciclaggio per rifiuti","og_description":"[vc_row row_height_percent=&#8221;0&#8243; override_padding=&#8221;yes&#8221; h_padding=&#8221;2&#8243; top_padding=&#8221;4&#8243; bottom_padding=&#8221;2&#8243; overlay_alpha=&#8221;50&#8243; gutter_size=&#8221;3&#8243; column_width_percent=&#8221;100&#8243; shift_y=&#8221;0&#8243; z_index=&#8221;0&#8243; uncode_shortcode_id=&#8221;182032&#8243;][vc_column column_width_percent=&#8221;70&#8243; position_horizontal=&#8221;left&#8221; gutter_size=&#8221;3&#8243; overlay_alpha=&#8221;50&#8243; shift_x=&#8221;0&#8243; shift_y=&#8221;0&#8243; shift_y_down=&#8221;0&#8243; z_index=&#8221;0&#8243; [&hellip;]","og_url":"https:\/\/www.panizzolo.com\/fr\/solutions-de-recyclage\/machines-de-recyclage\/systemes-de-separation\/tamis\/","og_site_name":"Panizzolo Impianti di riciclaggio per rifiuti","article_publisher":"https:\/\/www.facebook.com\/PanizzoloRecycling","article_modified_time":"2021-12-22T13:46:31+00:00","og_image":[{"width":1230,"height":1162,"url":"https:\/\/www.panizzolo.com\/wp-content\/uploads\/2021\/10\/Vagli-Panizzolo.png","type":"image\/png"}],"twitter_card":"summary_large_image","twitter_site":"@PanizzoloRS","twitter_misc":{"Est. reading time":"2 minutes"},"schema":{"@context":"https:\/\/schema.org","@graph":[{"@type":"WebPage","@id":"https:\/\/www.panizzolo.com\/fr\/solutions-de-recyclage\/machines-de-recyclage\/systemes-de-separation\/tamis\/","url":"https:\/\/www.panizzolo.com\/fr\/solutions-de-recyclage\/machines-de-recyclage\/systemes-de-separation\/tamis\/","name":"Tamis - Panizzolo Impianti di riciclaggio per rifiuti","isPartOf":{"@id":"https:\/\/www.panizzolo.com\/fr\/#website"},"primaryImageOfPage":{"@id":"https:\/\/www.panizzolo.com\/fr\/solutions-de-recyclage\/machines-de-recyclage\/systemes-de-separation\/tamis\/#primaryimage"},"image":{"@id":"https:\/\/www.panizzolo.com\/fr\/solutions-de-recyclage\/machines-de-recyclage\/systemes-de-separation\/tamis\/#primaryimage"},"thumbnailUrl":"https:\/\/www.panizzolo.com\/wp-content\/uploads\/2021\/10\/Vagli-Panizzolo.png","datePublished":"2021-09-16T08:27:06+00:00","dateModified":"2021-12-22T13:46:31+00:00","breadcrumb":{"@id":"https:\/\/www.panizzolo.com\/fr\/solutions-de-recyclage\/machines-de-recyclage\/systemes-de-separation\/tamis\/#breadcrumb"},"inLanguage":"fr-FR","potentialAction":[{"@type":"ReadAction","target":["https:\/\/www.panizzolo.com\/fr\/solutions-de-recyclage\/machines-de-recyclage\/systemes-de-separation\/tamis\/"]}]},{"@type":"ImageObject","inLanguage":"fr-FR","@id":"https:\/\/www.panizzolo.com\/fr\/solutions-de-recyclage\/machines-de-recyclage\/systemes-de-separation\/tamis\/#primaryimage","url":"https:\/\/www.panizzolo.com\/wp-content\/uploads\/2021\/10\/Vagli-Panizzolo.png","contentUrl":"https:\/\/www.panizzolo.com\/wp-content\/uploads\/2021\/10\/Vagli-Panizzolo.png","width":1230,"height":1162},{"@type":"BreadcrumbList","@id":"https:\/\/www.panizzolo.com\/fr\/solutions-de-recyclage\/machines-de-recyclage\/systemes-de-separation\/tamis\/#breadcrumb","itemListElement":[{"@type":"ListItem","position":1,"name":"Solutions de recyclage","item":"https:\/\/www.panizzolo.com\/fr\/solutions-de-recyclage\/"},{"@type":"ListItem","position":2,"name":"Machines de recyclage","item":"https:\/\/www.panizzolo.com\/fr\/solutions-de-recyclage\/machines-de-recyclage\/"},{"@type":"ListItem","position":3,"name":"Syst\u00e8mes de s\u00e9paration","item":"https:\/\/www.panizzolo.com\/fr\/solutions-de-recyclage\/machines-de-recyclage\/systemes-de-separation\/"},{"@type":"ListItem","position":4,"name":"Tamis"}]},{"@type":"WebSite","@id":"https:\/\/www.panizzolo.com\/fr\/#website","url":"https:\/\/www.panizzolo.com\/fr\/","name":"Panizzolo Impianti di riciclaggio per rifiuti","description":"Panizzolo Impianti di riciclaggio per rifiuti","potentialAction":[{"@type":"SearchAction","target":{"@type":"EntryPoint","urlTemplate":"https:\/\/www.panizzolo.com\/fr\/?s={search_term_string}"},"query-input":{"@type":"PropertyValueSpecification","valueRequired":true,"valueName":"search_term_string"}}],"inLanguage":"fr-FR"}]}},"_links":{"self":[{"href":"https:\/\/www.panizzolo.com\/fr\/wp-json\/wp\/v2\/pages\/87512","targetHints":{"allow":["GET"]}}],"collection":[{"href":"https:\/\/www.panizzolo.com\/fr\/wp-json\/wp\/v2\/pages"}],"about":[{"href":"https:\/\/www.panizzolo.com\/fr\/wp-json\/wp\/v2\/types\/page"}],"author":[{"embeddable":true,"href":"https:\/\/www.panizzolo.com\/fr\/wp-json\/wp\/v2\/users\/1"}],"replies":[{"embeddable":true,"href":"https:\/\/www.panizzolo.com\/fr\/wp-json\/wp\/v2\/comments?post=87512"}],"version-history":[{"count":3,"href":"https:\/\/www.panizzolo.com\/fr\/wp-json\/wp\/v2\/pages\/87512\/revisions"}],"predecessor-version":[{"id":91608,"href":"https:\/\/www.panizzolo.com\/fr\/wp-json\/wp\/v2\/pages\/87512\/revisions\/91608"}],"up":[{"embeddable":true,"href":"https:\/\/www.panizzolo.com\/fr\/wp-json\/wp\/v2\/pages\/70714"}],"wp:featuredmedia":[{"embeddable":true,"href":"https:\/\/www.panizzolo.com\/fr\/wp-json\/wp\/v2\/media\/86534"}],"wp:attachment":[{"href":"https:\/\/www.panizzolo.com\/fr\/wp-json\/wp\/v2\/media?parent=87512"}],"curies":[{"name":"wp","href":"https:\/\/api.w.org\/{rel}","templated":true}]}}