{"id":87507,"date":"2021-09-16T10:26:37","date_gmt":"2021-09-16T08:26:37","guid":{"rendered":"https:\/\/www.panizzolo.com\/solutions-de-recyclage\/machines-pour-le-recyclage\/systemes-de-separation\/eddy-current\/"},"modified":"2021-12-22T14:15:42","modified_gmt":"2021-12-22T13:15:42","slug":"eddy-current","status":"publish","type":"page","link":"https:\/\/www.panizzolo.com\/fr\/solutions-de-recyclage\/machines-de-recyclage\/systemes-de-separation\/eddy-current\/","title":{"rendered":"Eddy current"},"content":{"rendered":"<div class=\"wpb-content-wrapper\"><p>[vc_row row_height_percent=&#8221;0&#8243; override_padding=&#8221;yes&#8221; h_padding=&#8221;2&#8243; top_padding=&#8221;4&#8243; bottom_padding=&#8221;3&#8243; overlay_alpha=&#8221;50&#8243; gutter_size=&#8221;3&#8243; column_width_percent=&#8221;100&#8243; shift_y=&#8221;0&#8243; z_index=&#8221;0&#8243; uncode_shortcode_id=&#8221;205200&#8243;][vc_column column_width_percent=&#8221;100&#8243; position_horizontal=&#8221;left&#8221; gutter_size=&#8221;3&#8243; overlay_alpha=&#8221;50&#8243; shift_x=&#8221;0&#8243; shift_y=&#8221;0&#8243; shift_y_down=&#8221;0&#8243; z_index=&#8221;0&#8243; medium_width=&#8221;0&#8243; mobile_width=&#8221;0&#8243; css_animation=&#8221;left-t-right&#8221; width=&#8221;1\/2&#8243; uncode_shortcode_id=&#8221;596876&#8243;][vc_custom_heading text_color=&#8221;color-170105&#8243; heading_semantic=&#8221;h1&#8243; text_size=&#8221;h1&#8243; css_animation=&#8221;alpha-anim&#8221; uncode_shortcode_id=&#8221;120325&#8243; text_color_type=&#8221;uncode-palette&#8221;]Eddy current[\/vc_custom_heading][vc_column_text css_animation=&#8221;left-t-right&#8221; uncode_shortcode_id=&#8221;204831&#8243;]Les syst\u00e8mes de s\u00e9paration pour m\u00e9taux lourds non-ferreux et mat\u00e9riaux inertes de la s\u00e9rie Eddy Current permettent une division minutieuse des mat\u00e9riaux trait\u00e9s, phase fondamentale pour un processus optimal de raffinage des d\u00e9bris m\u00e9talliques. Gr\u00e2ce \u00e0 un syst\u00e8me de courants parasites, ces installations ex\u00e9cutent un tri parfait des m\u00e9taux non ferreux comme l\u2019aluminium, le cuivre et l\u2019acier inox des mat\u00e9riaux inertes lourds comme le plastique, le caoutchouc et le bois. La version \u00e0 haut rendement est en outre disponible pour la valorisation de l&#8217;acier inox et des m\u00e9taux non ferreux granul\u00e9s.<\/p>\n<p>Les s\u00e9parateurs \u00e0 courant de Foucault Panizzolo sont d\u00e9velopp\u00e9s en collaboration avec des soci\u00e9t\u00e9s leaders du secteur, consid\u00e9r\u00e9es comme le summum de la qualit\u00e9 au niveau international.<\/p>\n<p>Les machines sont fournies avec une structure de support et un tableau \u00e9lectrique dot\u00e9 d\u2019un logiciel de gestion et de contr\u00f4le. Les charpentes et logiciels sont con\u00e7us directement par Panizzolo, ce qui permet de simplifier et d\u2019acc\u00e9l\u00e9rer les contr\u00f4les et les interventions d\u2019entretien p\u00e9riodiques. Le plan vibrant associ\u00e9 au courant de Foucault garantit une distribution homog\u00e8ne du mat\u00e9riau sur le convoyeur et am\u00e9liore son exposition aux p\u00f4les magn\u00e9tiques.[\/vc_column_text][\/vc_column][vc_column column_width_percent=&#8221;100&#8243; position_vertical=&#8221;middle&#8221; gutter_size=&#8221;3&#8243; overlay_alpha=&#8221;50&#8243; shift_x=&#8221;0&#8243; shift_y=&#8221;0&#8243; shift_y_down=&#8221;0&#8243; z_index=&#8221;0&#8243; medium_width=&#8221;0&#8243; mobile_width=&#8221;0&#8243; width=&#8221;1\/2&#8243; uncode_shortcode_id=&#8221;525112&#8243;][vc_single_image media=&#8221;86351&#8243; media_width_percent=&#8221;100&#8243; alignment=&#8221;center&#8221; css_animation=&#8221;right-t-left&#8221; uncode_shortcode_id=&#8221;334510&#8243;][\/vc_column][\/vc_row][vc_row row_height_percent=&#8221;0&#8243; override_padding=&#8221;yes&#8221; h_padding=&#8221;2&#8243; top_padding=&#8221;4&#8243; bottom_padding=&#8221;3&#8243; overlay_alpha=&#8221;50&#8243; gutter_size=&#8221;3&#8243; column_width_percent=&#8221;100&#8243; shift_y=&#8221;0&#8243; z_index=&#8221;0&#8243; uncode_shortcode_id=&#8221;205200&#8243;][vc_column column_width_percent=&#8221;100&#8243; position_horizontal=&#8221;left&#8221; gutter_size=&#8221;3&#8243; overlay_alpha=&#8221;50&#8243; shift_x=&#8221;0&#8243; shift_y=&#8221;0&#8243; shift_y_down=&#8221;0&#8243; z_index=&#8221;0&#8243; medium_width=&#8221;0&#8243; mobile_width=&#8221;0&#8243; css_animation=&#8221;left-t-right&#8221; width=&#8221;1\/1&#8243; uncode_shortcode_id=&#8221;596876&#8243;][vc_custom_heading text_color=&#8221;color-708329&#8243; heading_semantic=&#8221;h4&#8243; text_font=&#8221;font-116529&#8243; text_size=&#8221;h4&#8243; uncode_shortcode_id=&#8221;136210&#8243; text_color_type=&#8221;uncode-palette&#8221;]Tableau des mod\u00e8les :[\/vc_custom_heading][vc_column_text uncode_shortcode_id=&#8221;125256&#8243;]<\/p>\n<table width=\"451\">\n<tbody>\n<tr>\n<td rowspan=\"2\" width=\"90\"><\/td>\n<td rowspan=\"2\" width=\"90\">mod\u00e8le<\/td>\n<td rowspan=\"2\" width=\"90\">Gamme de fonctionnement standard<\/td>\n<td colspan=\"2\" width=\"180\">Production indicative : jusqu\u2019\u00e0\u2026.tonnes\/h<\/td>\n<\/tr>\n<tr>\n<td width=\"90\">Aluminium profil\u00e9<\/td>\n<td width=\"90\">Aluminium mixte<\/td>\n<\/tr>\n<tr>\n<td rowspan=\"6\" width=\"90\">&nbsp;<\/p>\n<p>largeur 1000<\/td>\n<td width=\"90\">ECP-BV 1000<\/td>\n<td width=\"90\">Moyen-Fin<\/td>\n<td width=\"90\">4<\/td>\n<td width=\"90\">&#8212;<\/td>\n<\/tr>\n<tr>\n<td width=\"90\">ECP-V 1000<\/td>\n<td width=\"90\">Moyen<\/td>\n<td width=\"90\">6<\/td>\n<td width=\"90\">&#8212;<\/td>\n<\/tr>\n<tr>\n<td width=\"90\">ECP-ES 1000<\/td>\n<td width=\"90\">Moyen<\/td>\n<td width=\"90\">6<\/td>\n<td width=\"90\">&#8212;<\/td>\n<\/tr>\n<tr>\n<td width=\"90\">ECP-V 1000<\/td>\n<td width=\"90\">Moyen-Fin<\/td>\n<td width=\"90\">5<\/td>\n<td width=\"90\">6<\/td>\n<\/tr>\n<tr>\n<td width=\"90\">ECP-E 1000<\/td>\n<td width=\"90\">Moyen<\/td>\n<td width=\"90\">9<\/td>\n<td width=\"90\">11<\/td>\n<\/tr>\n<tr>\n<td width=\"90\">ECP-S 1000<\/td>\n<td width=\"90\">Lourd<\/td>\n<td width=\"90\">9<\/td>\n<td width=\"90\">11<\/td>\n<\/tr>\n<tr>\n<td rowspan=\"5\" width=\"90\">Largeur 1500<\/td>\n<td width=\"90\">ECP-V 1500<\/td>\n<td width=\"90\">Moyen<\/td>\n<td width=\"90\">9<\/td>\n<td width=\"90\">&#8212;<\/td>\n<\/tr>\n<tr>\n<td width=\"90\">ECP-ES 1500<\/td>\n<td width=\"90\">Moyen<\/td>\n<td width=\"90\">9<\/td>\n<td width=\"90\">&#8212;<\/td>\n<\/tr>\n<tr>\n<td width=\"90\">ECP-E 1500<\/td>\n<td width=\"90\">Moyen<\/td>\n<td width=\"90\">12<\/td>\n<td width=\"90\">14<\/td>\n<\/tr>\n<tr>\n<td width=\"90\">ECP-V 1500<\/td>\n<td width=\"90\">Moyen-L\u00e9ger<\/td>\n<td width=\"90\">8<\/td>\n<td width=\"90\">10<\/td>\n<\/tr>\n<tr>\n<td width=\"90\">ECP-S 1500<\/td>\n<td width=\"90\">Lourd<\/td>\n<td width=\"90\">12<\/td>\n<td width=\"90\">14<\/td>\n<\/tr>\n<tr>\n<td rowspan=\"2\" width=\"90\">Largeur 2000<\/td>\n<td width=\"90\">ECP-V 2000<\/td>\n<td width=\"90\">Moyen-Fin<\/td>\n<td width=\"90\">12<\/td>\n<td width=\"90\">&#8212;<\/td>\n<\/tr>\n<tr>\n<td width=\"90\">ECP-S 2000<\/td>\n<td width=\"90\">Lourd<\/td>\n<td width=\"90\">15<\/td>\n<td width=\"90\">18<\/td>\n<\/tr>\n<\/tbody>\n<\/table>\n<p>[\/vc_column_text][\/vc_column][\/vc_row][vc_row unlock_row_content=&#8221;yes&#8221; row_height_percent=&#8221;0&#8243; overlay_alpha=&#8221;50&#8243; gutter_size=&#8221;3&#8243; column_width_percent=&#8221;100&#8243; shift_y=&#8221;0&#8243; z_index=&#8221;0&#8243; uncode_shortcode_id=&#8221;363103&#8243;][vc_column column_width_percent=&#8221;80&#8243; gutter_size=&#8221;3&#8243; overlay_alpha=&#8221;50&#8243; shift_x=&#8221;0&#8243; shift_y=&#8221;0&#8243; shift_y_down=&#8221;0&#8243; z_index=&#8221;0&#8243; medium_width=&#8221;0&#8243; mobile_width=&#8221;0&#8243; width=&#8221;1\/1&#8243; uncode_shortcode_id=&#8221;146324&#8243;][vc_row_inner][vc_column_inner column_width_percent=&#8221;100&#8243; gutter_size=&#8221;3&#8243; overlay_alpha=&#8221;50&#8243; shift_x=&#8221;0&#8243; shift_y=&#8221;0&#8243; shift_y_down=&#8221;0&#8243; z_index=&#8221;0&#8243; medium_width=&#8221;0&#8243; mobile_width=&#8221;0&#8243; css_animation=&#8221;left-t-right&#8221; width=&#8221;1\/2&#8243; uncode_shortcode_id=&#8221;122851&#8243;][vc_single_image media=&#8221;86627&#8243; media_width_percent=&#8221;100&#8243; css_animation=&#8221;left-t-right&#8221; uncode_shortcode_id=&#8221;453588&#8243;][\/vc_column_inner][vc_column_inner column_width_percent=&#8221;80&#8243; position_horizontal=&#8221;left&#8221; position_vertical=&#8221;bottom&#8221; gutter_size=&#8221;3&#8243; overlay_alpha=&#8221;50&#8243; shift_x=&#8221;0&#8243; shift_y=&#8221;0&#8243; shift_y_down=&#8221;0&#8243; z_index=&#8221;0&#8243; medium_width=&#8221;0&#8243; mobile_width=&#8221;0&#8243; css_animation=&#8221;right-t-left&#8221; width=&#8221;1\/2&#8243; uncode_shortcode_id=&#8221;887888&#8243;][vc_custom_heading text_color=&#8221;color-708329&#8243; heading_semantic=&#8221;h5&#8243; text_font=&#8221;font-116529&#8243; text_size=&#8221;h5&#8243; uncode_shortcode_id=&#8221;210589&#8243; text_color_type=&#8221;uncode-palette&#8221;]Compl\u00e9ment : tambours et tapis sp\u00e9ciaux[\/vc_custom_heading][vc_column_text uncode_shortcode_id=&#8221;382615&#8243;]Les mises \u00e0 niveau sp\u00e9cifiques sont d\u00e9velopp\u00e9es directement par Panizzolo. Elles peuvent \u00eatre fournies en fonction du type de mat\u00e9riau et du cycle de production.[\/vc_column_text][\/vc_column_inner][\/vc_row_inner][\/vc_column][\/vc_row][vc_row unlock_row_content=&#8221;yes&#8221; row_height_percent=&#8221;0&#8243; override_padding=&#8221;yes&#8221; h_padding=&#8221;0&#8243; top_padding=&#8221;4&#8243; bottom_padding=&#8221;4&#8243; overlay_alpha=&#8221;50&#8243; gutter_size=&#8221;3&#8243; column_width_percent=&#8221;100&#8243; shift_y=&#8221;0&#8243; z_index=&#8221;0&#8243; uncode_shortcode_id=&#8221;499896&#8243;][vc_column column_width_percent=&#8221;100&#8243; gutter_size=&#8221;3&#8243; overlay_alpha=&#8221;50&#8243; shift_x=&#8221;0&#8243; shift_y=&#8221;0&#8243; shift_y_down=&#8221;0&#8243; z_index=&#8221;0&#8243; medium_width=&#8221;0&#8243; mobile_width=&#8221;0&#8243; width=&#8221;1\/6&#8243;][\/vc_column][vc_column column_width_percent=&#8221;100&#8243; gutter_size=&#8221;3&#8243; overlay_alpha=&#8221;50&#8243; shift_x=&#8221;0&#8243; shift_y=&#8221;0&#8243; shift_y_down=&#8221;0&#8243; z_index=&#8221;0&#8243; medium_width=&#8221;0&#8243; mobile_width=&#8221;0&#8243; css_animation=&#8221;right-t-left&#8221; width=&#8221;5\/6&#8243;][vc_gallery el_id=&#8221;gallery-611771&#8243; type=&#8221;carousel&#8221; medias=&#8221;86710,86716,86722,86728,86734&#8243; carousel_lg=&#8221;2&#8243; carousel_md=&#8221;2&#8243; carousel_sm=&#8221;2&#8243; thumb_size=&#8221;three-two&#8221; gutter_size=&#8221;3&#8243; carousel_interval=&#8221;3000&#8243; carousel_navspeed=&#8221;400&#8243; carousel_loop=&#8221;yes&#8221; carousel_dots=&#8221;yes&#8221; stage_padding=&#8221;40&#8243; single_overlay_opacity=&#8221;50&#8243; single_padding=&#8221;2&#8243; uncode_shortcode_id=&#8221;209864&#8243;][\/vc_column][\/vc_row][vc_row row_height_percent=&#8221;0&#8243; override_padding=&#8221;yes&#8221; h_padding=&#8221;2&#8243; top_padding=&#8221;2&#8243; bottom_padding=&#8221;4&#8243; overlay_alpha=&#8221;50&#8243; gutter_size=&#8221;3&#8243; column_width_percent=&#8221;100&#8243; shift_y=&#8221;0&#8243; z_index=&#8221;0&#8243; uncode_shortcode_id=&#8221;186151&#8243;][vc_column width=&#8221;1\/3&#8243;][vc_button border_width=&#8221;0&#8243; icon=&#8221;fa fa-arrow-left-thick&#8221; uncode_shortcode_id=&#8221;112122&#8243; link=&#8221;url:https%3A%2F%2Fwww.panizzolo.com%2Ffr%2Fsolutions-de-recyclage%2Fmachines-de-recyclage%2Fsystemes-de-separation%2F|title:Syst%C3%A8mes%20de%20s%C3%A9paration&#8221;]Retour aux syst\u00e8mes de s\u00e9paration[\/vc_button][\/vc_column][vc_column width=&#8221;1\/3&#8243;][\/vc_column][vc_column width=&#8221;1\/3&#8243;][\/vc_column][\/vc_row][vc_row][vc_column width=&#8221;1\/1&#8243;][uncode_block id=&#8221;87771&#8243;][\/vc_column][\/vc_row][vc_row][vc_column width=&#8221;1\/1&#8243;][uncode_block id=&#8221;87785&#8243;][\/vc_column][\/vc_row]<\/p>\n<\/div>","protected":false},"excerpt":{"rendered":"<p>[vc_row row_height_percent=&#8221;0&#8243; override_padding=&#8221;yes&#8221; h_padding=&#8221;2&#8243; top_padding=&#8221;4&#8243; bottom_padding=&#8221;3&#8243; overlay_alpha=&#8221;50&#8243; gutter_size=&#8221;3&#8243; column_width_percent=&#8221;100&#8243; shift_y=&#8221;0&#8243; z_index=&#8221;0&#8243; uncode_shortcode_id=&#8221;205200&#8243;][vc_column column_width_percent=&#8221;100&#8243; position_horizontal=&#8221;left&#8221; gutter_size=&#8221;3&#8243; overlay_alpha=&#8221;50&#8243; shift_x=&#8221;0&#8243; shift_y=&#8221;0&#8243; shift_y_down=&#8221;0&#8243; z_index=&#8221;0&#8243; [&hellip;]<\/p>\n","protected":false},"author":1,"featured_media":86353,"parent":70714,"menu_order":4,"comment_status":"closed","ping_status":"closed","template":"","meta":{"footnotes":""},"class_list":["post-87507","page","type-page","status-publish","has-post-thumbnail","hentry","page_category-sistemi-di-separazione-fr"],"yoast_head":"<!-- This site is optimized with the Yoast SEO plugin v24.5 - https:\/\/yoast.com\/wordpress\/plugins\/seo\/ -->\n<title>Eddy current - Panizzolo Impianti di riciclaggio per rifiuti<\/title>\n<meta name=\"robots\" content=\"index, follow, max-snippet:-1, max-image-preview:large, max-video-preview:-1\" \/>\n<link rel=\"canonical\" href=\"https:\/\/www.panizzolo.com\/fr\/solutions-de-recyclage\/machines-de-recyclage\/systemes-de-separation\/eddy-current\/\" \/>\n<meta property=\"og:locale\" content=\"fr_FR\" \/>\n<meta property=\"og:type\" content=\"article\" \/>\n<meta property=\"og:title\" content=\"Eddy current - Panizzolo Impianti di riciclaggio per rifiuti\" \/>\n<meta property=\"og:description\" content=\"[vc_row row_height_percent=&#8221;0&#8243; override_padding=&#8221;yes&#8221; h_padding=&#8221;2&#8243; top_padding=&#8221;4&#8243; bottom_padding=&#8221;3&#8243; overlay_alpha=&#8221;50&#8243; gutter_size=&#8221;3&#8243; column_width_percent=&#8221;100&#8243; shift_y=&#8221;0&#8243; z_index=&#8221;0&#8243; uncode_shortcode_id=&#8221;205200&#8243;][vc_column column_width_percent=&#8221;100&#8243; position_horizontal=&#8221;left&#8221; gutter_size=&#8221;3&#8243; overlay_alpha=&#8221;50&#8243; shift_x=&#8221;0&#8243; shift_y=&#8221;0&#8243; shift_y_down=&#8221;0&#8243; z_index=&#8221;0&#8243; [&hellip;]\" \/>\n<meta property=\"og:url\" content=\"https:\/\/www.panizzolo.com\/fr\/solutions-de-recyclage\/machines-de-recyclage\/systemes-de-separation\/eddy-current\/\" \/>\n<meta property=\"og:site_name\" content=\"Panizzolo Impianti di riciclaggio per rifiuti\" \/>\n<meta property=\"article:publisher\" content=\"https:\/\/www.facebook.com\/PanizzoloRecycling\" \/>\n<meta property=\"article:modified_time\" content=\"2021-12-22T13:15:42+00:00\" \/>\n<meta property=\"og:image\" content=\"https:\/\/www.panizzolo.com\/wp-content\/uploads\/2021\/10\/Eddy-Current-1.jpg\" \/>\n\t<meta property=\"og:image:width\" content=\"1920\" \/>\n\t<meta property=\"og:image:height\" content=\"1440\" \/>\n\t<meta property=\"og:image:type\" content=\"image\/jpeg\" \/>\n<meta name=\"twitter:card\" content=\"summary_large_image\" \/>\n<meta name=\"twitter:site\" content=\"@PanizzoloRS\" \/>\n<meta name=\"twitter:label1\" content=\"Est. reading time\" \/>\n\t<meta name=\"twitter:data1\" content=\"3 minutes\" \/>\n<script type=\"application\/ld+json\" class=\"yoast-schema-graph\">{\"@context\":\"https:\/\/schema.org\",\"@graph\":[{\"@type\":\"WebPage\",\"@id\":\"https:\/\/www.panizzolo.com\/fr\/solutions-de-recyclage\/machines-de-recyclage\/systemes-de-separation\/eddy-current\/\",\"url\":\"https:\/\/www.panizzolo.com\/fr\/solutions-de-recyclage\/machines-de-recyclage\/systemes-de-separation\/eddy-current\/\",\"name\":\"Eddy current - Panizzolo Impianti di riciclaggio per rifiuti\",\"isPartOf\":{\"@id\":\"https:\/\/www.panizzolo.com\/fr\/#website\"},\"primaryImageOfPage\":{\"@id\":\"https:\/\/www.panizzolo.com\/fr\/solutions-de-recyclage\/machines-de-recyclage\/systemes-de-separation\/eddy-current\/#primaryimage\"},\"image\":{\"@id\":\"https:\/\/www.panizzolo.com\/fr\/solutions-de-recyclage\/machines-de-recyclage\/systemes-de-separation\/eddy-current\/#primaryimage\"},\"thumbnailUrl\":\"https:\/\/www.panizzolo.com\/wp-content\/uploads\/2021\/10\/Eddy-Current-1.jpg\",\"datePublished\":\"2021-09-16T08:26:37+00:00\",\"dateModified\":\"2021-12-22T13:15:42+00:00\",\"breadcrumb\":{\"@id\":\"https:\/\/www.panizzolo.com\/fr\/solutions-de-recyclage\/machines-de-recyclage\/systemes-de-separation\/eddy-current\/#breadcrumb\"},\"inLanguage\":\"fr-FR\",\"potentialAction\":[{\"@type\":\"ReadAction\",\"target\":[\"https:\/\/www.panizzolo.com\/fr\/solutions-de-recyclage\/machines-de-recyclage\/systemes-de-separation\/eddy-current\/\"]}]},{\"@type\":\"ImageObject\",\"inLanguage\":\"fr-FR\",\"@id\":\"https:\/\/www.panizzolo.com\/fr\/solutions-de-recyclage\/machines-de-recyclage\/systemes-de-separation\/eddy-current\/#primaryimage\",\"url\":\"https:\/\/www.panizzolo.com\/wp-content\/uploads\/2021\/10\/Eddy-Current-1.jpg\",\"contentUrl\":\"https:\/\/www.panizzolo.com\/wp-content\/uploads\/2021\/10\/Eddy-Current-1.jpg\",\"width\":1920,\"height\":1440},{\"@type\":\"BreadcrumbList\",\"@id\":\"https:\/\/www.panizzolo.com\/fr\/solutions-de-recyclage\/machines-de-recyclage\/systemes-de-separation\/eddy-current\/#breadcrumb\",\"itemListElement\":[{\"@type\":\"ListItem\",\"position\":1,\"name\":\"Solutions de recyclage\",\"item\":\"https:\/\/www.panizzolo.com\/fr\/solutions-de-recyclage\/\"},{\"@type\":\"ListItem\",\"position\":2,\"name\":\"Machines de recyclage\",\"item\":\"https:\/\/www.panizzolo.com\/fr\/solutions-de-recyclage\/machines-de-recyclage\/\"},{\"@type\":\"ListItem\",\"position\":3,\"name\":\"Syst\u00e8mes de s\u00e9paration\",\"item\":\"https:\/\/www.panizzolo.com\/fr\/solutions-de-recyclage\/machines-de-recyclage\/systemes-de-separation\/\"},{\"@type\":\"ListItem\",\"position\":4,\"name\":\"Eddy current\"}]},{\"@type\":\"WebSite\",\"@id\":\"https:\/\/www.panizzolo.com\/fr\/#website\",\"url\":\"https:\/\/www.panizzolo.com\/fr\/\",\"name\":\"Panizzolo Impianti di riciclaggio per rifiuti\",\"description\":\"Panizzolo Impianti di riciclaggio per rifiuti\",\"potentialAction\":[{\"@type\":\"SearchAction\",\"target\":{\"@type\":\"EntryPoint\",\"urlTemplate\":\"https:\/\/www.panizzolo.com\/fr\/?s={search_term_string}\"},\"query-input\":{\"@type\":\"PropertyValueSpecification\",\"valueRequired\":true,\"valueName\":\"search_term_string\"}}],\"inLanguage\":\"fr-FR\"}]}<\/script>\n<!-- \/ Yoast SEO plugin. -->","yoast_head_json":{"title":"Eddy current - Panizzolo Impianti di riciclaggio per rifiuti","robots":{"index":"index","follow":"follow","max-snippet":"max-snippet:-1","max-image-preview":"max-image-preview:large","max-video-preview":"max-video-preview:-1"},"canonical":"https:\/\/www.panizzolo.com\/fr\/solutions-de-recyclage\/machines-de-recyclage\/systemes-de-separation\/eddy-current\/","og_locale":"fr_FR","og_type":"article","og_title":"Eddy current - Panizzolo Impianti di riciclaggio per rifiuti","og_description":"[vc_row row_height_percent=&#8221;0&#8243; override_padding=&#8221;yes&#8221; h_padding=&#8221;2&#8243; top_padding=&#8221;4&#8243; bottom_padding=&#8221;3&#8243; overlay_alpha=&#8221;50&#8243; gutter_size=&#8221;3&#8243; column_width_percent=&#8221;100&#8243; shift_y=&#8221;0&#8243; z_index=&#8221;0&#8243; uncode_shortcode_id=&#8221;205200&#8243;][vc_column column_width_percent=&#8221;100&#8243; position_horizontal=&#8221;left&#8221; gutter_size=&#8221;3&#8243; overlay_alpha=&#8221;50&#8243; shift_x=&#8221;0&#8243; shift_y=&#8221;0&#8243; shift_y_down=&#8221;0&#8243; z_index=&#8221;0&#8243; [&hellip;]","og_url":"https:\/\/www.panizzolo.com\/fr\/solutions-de-recyclage\/machines-de-recyclage\/systemes-de-separation\/eddy-current\/","og_site_name":"Panizzolo Impianti di riciclaggio per rifiuti","article_publisher":"https:\/\/www.facebook.com\/PanizzoloRecycling","article_modified_time":"2021-12-22T13:15:42+00:00","og_image":[{"width":1920,"height":1440,"url":"https:\/\/www.panizzolo.com\/wp-content\/uploads\/2021\/10\/Eddy-Current-1.jpg","type":"image\/jpeg"}],"twitter_card":"summary_large_image","twitter_site":"@PanizzoloRS","twitter_misc":{"Est. reading time":"3 minutes"},"schema":{"@context":"https:\/\/schema.org","@graph":[{"@type":"WebPage","@id":"https:\/\/www.panizzolo.com\/fr\/solutions-de-recyclage\/machines-de-recyclage\/systemes-de-separation\/eddy-current\/","url":"https:\/\/www.panizzolo.com\/fr\/solutions-de-recyclage\/machines-de-recyclage\/systemes-de-separation\/eddy-current\/","name":"Eddy current - Panizzolo Impianti di riciclaggio per rifiuti","isPartOf":{"@id":"https:\/\/www.panizzolo.com\/fr\/#website"},"primaryImageOfPage":{"@id":"https:\/\/www.panizzolo.com\/fr\/solutions-de-recyclage\/machines-de-recyclage\/systemes-de-separation\/eddy-current\/#primaryimage"},"image":{"@id":"https:\/\/www.panizzolo.com\/fr\/solutions-de-recyclage\/machines-de-recyclage\/systemes-de-separation\/eddy-current\/#primaryimage"},"thumbnailUrl":"https:\/\/www.panizzolo.com\/wp-content\/uploads\/2021\/10\/Eddy-Current-1.jpg","datePublished":"2021-09-16T08:26:37+00:00","dateModified":"2021-12-22T13:15:42+00:00","breadcrumb":{"@id":"https:\/\/www.panizzolo.com\/fr\/solutions-de-recyclage\/machines-de-recyclage\/systemes-de-separation\/eddy-current\/#breadcrumb"},"inLanguage":"fr-FR","potentialAction":[{"@type":"ReadAction","target":["https:\/\/www.panizzolo.com\/fr\/solutions-de-recyclage\/machines-de-recyclage\/systemes-de-separation\/eddy-current\/"]}]},{"@type":"ImageObject","inLanguage":"fr-FR","@id":"https:\/\/www.panizzolo.com\/fr\/solutions-de-recyclage\/machines-de-recyclage\/systemes-de-separation\/eddy-current\/#primaryimage","url":"https:\/\/www.panizzolo.com\/wp-content\/uploads\/2021\/10\/Eddy-Current-1.jpg","contentUrl":"https:\/\/www.panizzolo.com\/wp-content\/uploads\/2021\/10\/Eddy-Current-1.jpg","width":1920,"height":1440},{"@type":"BreadcrumbList","@id":"https:\/\/www.panizzolo.com\/fr\/solutions-de-recyclage\/machines-de-recyclage\/systemes-de-separation\/eddy-current\/#breadcrumb","itemListElement":[{"@type":"ListItem","position":1,"name":"Solutions de recyclage","item":"https:\/\/www.panizzolo.com\/fr\/solutions-de-recyclage\/"},{"@type":"ListItem","position":2,"name":"Machines de recyclage","item":"https:\/\/www.panizzolo.com\/fr\/solutions-de-recyclage\/machines-de-recyclage\/"},{"@type":"ListItem","position":3,"name":"Syst\u00e8mes de s\u00e9paration","item":"https:\/\/www.panizzolo.com\/fr\/solutions-de-recyclage\/machines-de-recyclage\/systemes-de-separation\/"},{"@type":"ListItem","position":4,"name":"Eddy current"}]},{"@type":"WebSite","@id":"https:\/\/www.panizzolo.com\/fr\/#website","url":"https:\/\/www.panizzolo.com\/fr\/","name":"Panizzolo Impianti di riciclaggio per rifiuti","description":"Panizzolo Impianti di riciclaggio per rifiuti","potentialAction":[{"@type":"SearchAction","target":{"@type":"EntryPoint","urlTemplate":"https:\/\/www.panizzolo.com\/fr\/?s={search_term_string}"},"query-input":{"@type":"PropertyValueSpecification","valueRequired":true,"valueName":"search_term_string"}}],"inLanguage":"fr-FR"}]}},"_links":{"self":[{"href":"https:\/\/www.panizzolo.com\/fr\/wp-json\/wp\/v2\/pages\/87507","targetHints":{"allow":["GET"]}}],"collection":[{"href":"https:\/\/www.panizzolo.com\/fr\/wp-json\/wp\/v2\/pages"}],"about":[{"href":"https:\/\/www.panizzolo.com\/fr\/wp-json\/wp\/v2\/types\/page"}],"author":[{"embeddable":true,"href":"https:\/\/www.panizzolo.com\/fr\/wp-json\/wp\/v2\/users\/1"}],"replies":[{"embeddable":true,"href":"https:\/\/www.panizzolo.com\/fr\/wp-json\/wp\/v2\/comments?post=87507"}],"version-history":[{"count":3,"href":"https:\/\/www.panizzolo.com\/fr\/wp-json\/wp\/v2\/pages\/87507\/revisions"}],"predecessor-version":[{"id":91594,"href":"https:\/\/www.panizzolo.com\/fr\/wp-json\/wp\/v2\/pages\/87507\/revisions\/91594"}],"up":[{"embeddable":true,"href":"https:\/\/www.panizzolo.com\/fr\/wp-json\/wp\/v2\/pages\/70714"}],"wp:featuredmedia":[{"embeddable":true,"href":"https:\/\/www.panizzolo.com\/fr\/wp-json\/wp\/v2\/media\/86353"}],"wp:attachment":[{"href":"https:\/\/www.panizzolo.com\/fr\/wp-json\/wp\/v2\/media?parent=87507"}],"curies":[{"name":"wp","href":"https:\/\/api.w.org\/{rel}","templated":true}]}}