{"id":87502,"date":"2021-09-16T10:26:14","date_gmt":"2021-09-16T08:26:14","guid":{"rendered":"https:\/\/www.panizzolo.com\/solutions-de-recyclage\/machines-pour-le-recyclage\/systemes-de-separation\/filtro-trattamento-aria\/"},"modified":"2021-10-12T13:18:49","modified_gmt":"2021-10-12T11:18:49","slug":"filtre-de-traitement-de-lair","status":"publish","type":"page","link":"https:\/\/www.panizzolo.com\/fr\/solutions-de-recyclage\/machines-de-recyclage\/systemes-de-separation\/filtre-de-traitement-de-lair\/","title":{"rendered":"Filtre de traitement de l\u2019air"},"content":{"rendered":"<div class=\"wpb-content-wrapper\"><p>[vc_row][vc_column width=&#8221;1\/2&#8243;][vc_custom_heading text_color=&#8221;color-170105&#8243; heading_semantic=&#8221;h1&#8243; text_size=&#8221;h1&#8243; uncode_shortcode_id=&#8221;520465&#8243; text_color_type=&#8221;uncode-palette&#8221;]Filtre de traitement de l\u2019air[\/vc_custom_heading][\/vc_column][vc_column width=&#8221;1\/2&#8243;][\/vc_column][\/vc_row][vc_row row_height_percent=&#8221;0&#8243; override_padding=&#8221;yes&#8221; h_padding=&#8221;2&#8243; top_padding=&#8221;4&#8243; bottom_padding=&#8221;1&#8243; overlay_alpha=&#8221;50&#8243; gutter_size=&#8221;3&#8243; column_width_percent=&#8221;100&#8243; shift_y=&#8221;0&#8243; z_index=&#8221;0&#8243; uncode_shortcode_id=&#8221;169995&#8243;][vc_column column_width_percent=&#8221;80&#8243; position_horizontal=&#8221;left&#8221; gutter_size=&#8221;3&#8243; overlay_alpha=&#8221;50&#8243; shift_x=&#8221;0&#8243; shift_y=&#8221;0&#8243; shift_y_down=&#8221;0&#8243; z_index=&#8221;0&#8243; medium_width=&#8221;0&#8243; mobile_width=&#8221;0&#8243; css_animation=&#8221;left-t-right&#8221; width=&#8221;1\/2&#8243; uncode_shortcode_id=&#8221;170764&#8243;][vc_column_text uncode_shortcode_id=&#8221;731725&#8243;]L\u2019accessoire est fourni comme compl\u00e9ment des installations Panizzolo. Selon le sch\u00e9ma de production, l\u2019entreprise effectue l\u2019association la plus adapt\u00e9e en calibrant le d\u00e9bit d\u2019air de la machine, le type de ventilateurs et les conduits d\u2019aspiration. Le filtre \u00e0 manches permet l\u2019aspiration et la filtration \u00e0 sec des poussi\u00e8res produites lors du cycle de traitement des d\u00e9chets.<\/p>\n<p>Les commandes de fonctionnement et de monitorage sont centralis\u00e9es dans le tableau de l\u2019installation, ce qui simplifie consid\u00e9rablement le contr\u00f4le, la gestion et l\u2019entretien.[\/vc_column_text][\/vc_column][vc_column column_width_percent=&#8221;100&#8243; position_horizontal=&#8221;left&#8221; gutter_size=&#8221;3&#8243; overlay_alpha=&#8221;50&#8243; shift_x=&#8221;0&#8243; shift_y=&#8221;0&#8243; shift_y_down=&#8221;0&#8243; z_index=&#8221;0&#8243; medium_width=&#8221;0&#8243; mobile_width=&#8221;0&#8243; css_animation=&#8221;right-t-left&#8221; width=&#8221;1\/2&#8243; uncode_shortcode_id=&#8221;258837&#8243;][vc_single_image media=&#8221;86620&#8243; media_width_percent=&#8221;100&#8243; media_ratio=&#8221;four-three&#8221; uncode_shortcode_id=&#8221;380786&#8243;][\/vc_column][\/vc_row][vc_row row_height_percent=&#8221;0&#8243; overlay_alpha=&#8221;50&#8243; gutter_size=&#8221;3&#8243; column_width_percent=&#8221;100&#8243; shift_y=&#8221;0&#8243; z_index=&#8221;0&#8243; uncode_shortcode_id=&#8221;167764&#8243;][vc_column column_width_percent=&#8221;100&#8243; gutter_size=&#8221;3&#8243; overlay_alpha=&#8221;50&#8243; shift_x=&#8221;0&#8243; shift_y=&#8221;0&#8243; shift_y_down=&#8221;0&#8243; z_index=&#8221;0&#8243; medium_width=&#8221;0&#8243; mobile_width=&#8221;0&#8243; width=&#8221;1\/3&#8243; uncode_shortcode_id=&#8221;371116&#8243;][vc_single_image media=&#8221;86602&#8243; media_width_percent=&#8221;100&#8243; uncode_shortcode_id=&#8221;151968&#8243;][vc_custom_heading text_color=&#8221;color-708329&#8243; heading_semantic=&#8221;h5&#8243; text_font=&#8221;font-116529&#8243; text_size=&#8221;h5&#8243; uncode_shortcode_id=&#8221;146840&#8243; text_color_type=&#8221;uncode-palette&#8221;]Compl\u00e9ment : compresseur d\u2019air avec structure[\/vc_custom_heading][vc_column_text uncode_shortcode_id=&#8221;132957&#8243;]Syst\u00e8me pneumatique de nettoyage des filtres \u00e0 manches. Avec structure, buses et tuyaux de raccordement.[\/vc_column_text][\/vc_column][vc_column width=&#8221;1\/3&#8243;][vc_single_image media=&#8221;86608&#8243; media_width_percent=&#8221;100&#8243; uncode_shortcode_id=&#8221;235297&#8243;][vc_custom_heading text_color=&#8221;color-708329&#8243; heading_semantic=&#8221;h5&#8243; text_font=&#8221;font-116529&#8243; text_size=&#8221;h5&#8243; uncode_shortcode_id=&#8221;119998&#8243; text_color_type=&#8221;uncode-palette&#8221;]Compl\u00e9ment : \u00e9quipement de d\u00e9tection d\u2019\u00e9tincelles[\/vc_custom_heading][vc_column_text uncode_shortcode_id=&#8221;440044&#8243;]Capteur de type optique pour la protection du filtre contre les incendies. Avec vannes et raccordements \u00e9lectriques.[\/vc_column_text][\/vc_column][vc_column width=&#8221;1\/3&#8243;][vc_single_image media=&#8221;86614&#8243; media_width_percent=&#8221;100&#8243; uncode_shortcode_id=&#8221;201131&#8243;][vc_custom_heading text_color=&#8221;color-708329&#8243; heading_semantic=&#8221;h5&#8243; text_font=&#8221;font-116529&#8243; text_size=&#8221;h5&#8243; uncode_shortcode_id=&#8221;470009&#8243; text_color_type=&#8221;uncode-palette&#8221;]Compl\u00e9ment : Alliages sp\u00e9ciaux pour poussi\u00e8res abrasives[\/vc_custom_heading][vc_column_text uncode_shortcode_id=&#8221;190445&#8243;]Si le cycle de traitement implique l\u2019aspiration de poussi\u00e8res abrasives (avec pr\u00e9sence de verre, de ciment, etc.), Panizzolo fournit la possibilit\u00e9 d\u2019installer un ventilateur centrifuge industriel sp\u00e9cifiquement con\u00e7u et renforc\u00e9.[\/vc_column_text][\/vc_column][\/vc_row][vc_row row_height_percent=&#8221;0&#8243; override_padding=&#8221;yes&#8221; h_padding=&#8221;2&#8243; top_padding=&#8221;2&#8243; bottom_padding=&#8221;4&#8243; overlay_alpha=&#8221;50&#8243; gutter_size=&#8221;3&#8243; column_width_percent=&#8221;100&#8243; shift_y=&#8221;0&#8243; z_index=&#8221;0&#8243; uncode_shortcode_id=&#8221;148980&#8243;][vc_column width=&#8221;1\/3&#8243;][vc_button border_width=&#8221;0&#8243; icon=&#8221;fa fa-arrow-left-thick&#8221; uncode_shortcode_id=&#8221;112122&#8243; link=&#8221;url:https%3A%2F%2Fwww.panizzolo.com%2Ffr%2Fsolutions-de-recyclage%2Fmachines-de-recyclage%2Fsystemes-de-separation%2F|title:Syst%C3%A8mes%20de%20s%C3%A9paration&#8221;]Retour aux syst\u00e8mes de s\u00e9paration[\/vc_button][\/vc_column][vc_column width=&#8221;1\/3&#8243;][\/vc_column][vc_column width=&#8221;1\/3&#8243;][\/vc_column][\/vc_row][vc_row][vc_column width=&#8221;1\/1&#8243;][uncode_block id=&#8221;87771&#8243;][\/vc_column][\/vc_row][vc_row][vc_column width=&#8221;1\/1&#8243;][uncode_block id=&#8221;87785&#8243;][\/vc_column][\/vc_row]<\/p>\n<\/div>","protected":false},"excerpt":{"rendered":"<p>[vc_row][vc_column width=&#8221;1\/2&#8243;][vc_custom_heading text_color=&#8221;color-170105&#8243; heading_semantic=&#8221;h1&#8243; text_size=&#8221;h1&#8243; uncode_shortcode_id=&#8221;520465&#8243; text_color_type=&#8221;uncode-palette&#8221;]Filtre de traitement de l\u2019air[\/vc_custom_heading][\/vc_column][vc_column width=&#8221;1\/2&#8243;][\/vc_column][\/vc_row][vc_row row_height_percent=&#8221;0&#8243; override_padding=&#8221;yes&#8221; h_padding=&#8221;2&#8243; top_padding=&#8221;4&#8243; bottom_padding=&#8221;1&#8243; overlay_alpha=&#8221;50&#8243; gutter_size=&#8221;3&#8243; column_width_percent=&#8221;100&#8243; [&hellip;]<\/p>\n","protected":false},"author":1,"featured_media":86540,"parent":70714,"menu_order":3,"comment_status":"closed","ping_status":"closed","template":"","meta":{"footnotes":""},"class_list":["post-87502","page","type-page","status-publish","has-post-thumbnail","hentry","page_category-sistemi-di-separazione-fr"],"yoast_head":"<!-- This site is optimized with the Yoast SEO plugin v24.5 - https:\/\/yoast.com\/wordpress\/plugins\/seo\/ -->\n<title>Filtre de traitement de l\u2019air - Panizzolo Impianti di riciclaggio per rifiuti<\/title>\n<meta name=\"robots\" content=\"index, follow, max-snippet:-1, max-image-preview:large, max-video-preview:-1\" \/>\n<link rel=\"canonical\" href=\"https:\/\/www.panizzolo.com\/fr\/solutions-de-recyclage\/machines-de-recyclage\/systemes-de-separation\/filtre-de-traitement-de-lair\/\" \/>\n<meta property=\"og:locale\" content=\"fr_FR\" \/>\n<meta property=\"og:type\" content=\"article\" \/>\n<meta property=\"og:title\" content=\"Filtre de traitement de l\u2019air - Panizzolo Impianti di riciclaggio per rifiuti\" \/>\n<meta property=\"og:description\" content=\"[vc_row][vc_column width=&#8221;1\/2&#8243;][vc_custom_heading text_color=&#8221;color-170105&#8243; heading_semantic=&#8221;h1&#8243; text_size=&#8221;h1&#8243; uncode_shortcode_id=&#8221;520465&#8243; text_color_type=&#8221;uncode-palette&#8221;]Filtre de traitement de l\u2019air[\/vc_custom_heading][\/vc_column][vc_column width=&#8221;1\/2&#8243;][\/vc_column][\/vc_row][vc_row row_height_percent=&#8221;0&#8243; override_padding=&#8221;yes&#8221; h_padding=&#8221;2&#8243; top_padding=&#8221;4&#8243; bottom_padding=&#8221;1&#8243; overlay_alpha=&#8221;50&#8243; gutter_size=&#8221;3&#8243; column_width_percent=&#8221;100&#8243; [&hellip;]\" \/>\n<meta property=\"og:url\" content=\"https:\/\/www.panizzolo.com\/fr\/solutions-de-recyclage\/machines-de-recyclage\/systemes-de-separation\/filtre-de-traitement-de-lair\/\" \/>\n<meta property=\"og:site_name\" content=\"Panizzolo Impianti di riciclaggio per rifiuti\" \/>\n<meta property=\"article:publisher\" content=\"https:\/\/www.facebook.com\/PanizzoloRecycling\" \/>\n<meta property=\"article:modified_time\" content=\"2021-10-12T11:18:49+00:00\" \/>\n<meta property=\"og:image\" content=\"https:\/\/www.panizzolo.com\/wp-content\/uploads\/2021\/10\/Filtro-trattamento-aria.png\" \/>\n\t<meta property=\"og:image:width\" content=\"1008\" \/>\n\t<meta property=\"og:image:height\" content=\"1008\" \/>\n\t<meta property=\"og:image:type\" content=\"image\/png\" \/>\n<meta name=\"twitter:card\" content=\"summary_large_image\" \/>\n<meta name=\"twitter:site\" content=\"@PanizzoloRS\" \/>\n<meta name=\"twitter:label1\" content=\"Est. reading time\" \/>\n\t<meta name=\"twitter:data1\" content=\"2 minutes\" \/>\n<script type=\"application\/ld+json\" class=\"yoast-schema-graph\">{\"@context\":\"https:\/\/schema.org\",\"@graph\":[{\"@type\":\"WebPage\",\"@id\":\"https:\/\/www.panizzolo.com\/fr\/solutions-de-recyclage\/machines-de-recyclage\/systemes-de-separation\/filtre-de-traitement-de-lair\/\",\"url\":\"https:\/\/www.panizzolo.com\/fr\/solutions-de-recyclage\/machines-de-recyclage\/systemes-de-separation\/filtre-de-traitement-de-lair\/\",\"name\":\"Filtre de traitement de l\u2019air - Panizzolo Impianti di riciclaggio per rifiuti\",\"isPartOf\":{\"@id\":\"https:\/\/www.panizzolo.com\/fr\/#website\"},\"primaryImageOfPage\":{\"@id\":\"https:\/\/www.panizzolo.com\/fr\/solutions-de-recyclage\/machines-de-recyclage\/systemes-de-separation\/filtre-de-traitement-de-lair\/#primaryimage\"},\"image\":{\"@id\":\"https:\/\/www.panizzolo.com\/fr\/solutions-de-recyclage\/machines-de-recyclage\/systemes-de-separation\/filtre-de-traitement-de-lair\/#primaryimage\"},\"thumbnailUrl\":\"https:\/\/www.panizzolo.com\/wp-content\/uploads\/2021\/10\/Filtro-trattamento-aria.png\",\"datePublished\":\"2021-09-16T08:26:14+00:00\",\"dateModified\":\"2021-10-12T11:18:49+00:00\",\"breadcrumb\":{\"@id\":\"https:\/\/www.panizzolo.com\/fr\/solutions-de-recyclage\/machines-de-recyclage\/systemes-de-separation\/filtre-de-traitement-de-lair\/#breadcrumb\"},\"inLanguage\":\"fr-FR\",\"potentialAction\":[{\"@type\":\"ReadAction\",\"target\":[\"https:\/\/www.panizzolo.com\/fr\/solutions-de-recyclage\/machines-de-recyclage\/systemes-de-separation\/filtre-de-traitement-de-lair\/\"]}]},{\"@type\":\"ImageObject\",\"inLanguage\":\"fr-FR\",\"@id\":\"https:\/\/www.panizzolo.com\/fr\/solutions-de-recyclage\/machines-de-recyclage\/systemes-de-separation\/filtre-de-traitement-de-lair\/#primaryimage\",\"url\":\"https:\/\/www.panizzolo.com\/wp-content\/uploads\/2021\/10\/Filtro-trattamento-aria.png\",\"contentUrl\":\"https:\/\/www.panizzolo.com\/wp-content\/uploads\/2021\/10\/Filtro-trattamento-aria.png\",\"width\":1008,\"height\":1008},{\"@type\":\"BreadcrumbList\",\"@id\":\"https:\/\/www.panizzolo.com\/fr\/solutions-de-recyclage\/machines-de-recyclage\/systemes-de-separation\/filtre-de-traitement-de-lair\/#breadcrumb\",\"itemListElement\":[{\"@type\":\"ListItem\",\"position\":1,\"name\":\"Solutions de recyclage\",\"item\":\"https:\/\/www.panizzolo.com\/fr\/solutions-de-recyclage\/\"},{\"@type\":\"ListItem\",\"position\":2,\"name\":\"Machines de recyclage\",\"item\":\"https:\/\/www.panizzolo.com\/fr\/solutions-de-recyclage\/machines-de-recyclage\/\"},{\"@type\":\"ListItem\",\"position\":3,\"name\":\"Syst\u00e8mes de s\u00e9paration\",\"item\":\"https:\/\/www.panizzolo.com\/fr\/solutions-de-recyclage\/machines-de-recyclage\/systemes-de-separation\/\"},{\"@type\":\"ListItem\",\"position\":4,\"name\":\"Filtre de traitement de l\u2019air\"}]},{\"@type\":\"WebSite\",\"@id\":\"https:\/\/www.panizzolo.com\/fr\/#website\",\"url\":\"https:\/\/www.panizzolo.com\/fr\/\",\"name\":\"Panizzolo Impianti di riciclaggio per rifiuti\",\"description\":\"Panizzolo Impianti di riciclaggio per rifiuti\",\"potentialAction\":[{\"@type\":\"SearchAction\",\"target\":{\"@type\":\"EntryPoint\",\"urlTemplate\":\"https:\/\/www.panizzolo.com\/fr\/?s={search_term_string}\"},\"query-input\":{\"@type\":\"PropertyValueSpecification\",\"valueRequired\":true,\"valueName\":\"search_term_string\"}}],\"inLanguage\":\"fr-FR\"}]}<\/script>\n<!-- \/ Yoast SEO plugin. -->","yoast_head_json":{"title":"Filtre de traitement de l\u2019air - Panizzolo Impianti di riciclaggio per rifiuti","robots":{"index":"index","follow":"follow","max-snippet":"max-snippet:-1","max-image-preview":"max-image-preview:large","max-video-preview":"max-video-preview:-1"},"canonical":"https:\/\/www.panizzolo.com\/fr\/solutions-de-recyclage\/machines-de-recyclage\/systemes-de-separation\/filtre-de-traitement-de-lair\/","og_locale":"fr_FR","og_type":"article","og_title":"Filtre de traitement de l\u2019air - Panizzolo Impianti di riciclaggio per rifiuti","og_description":"[vc_row][vc_column width=&#8221;1\/2&#8243;][vc_custom_heading text_color=&#8221;color-170105&#8243; heading_semantic=&#8221;h1&#8243; text_size=&#8221;h1&#8243; uncode_shortcode_id=&#8221;520465&#8243; text_color_type=&#8221;uncode-palette&#8221;]Filtre de traitement de l\u2019air[\/vc_custom_heading][\/vc_column][vc_column width=&#8221;1\/2&#8243;][\/vc_column][\/vc_row][vc_row row_height_percent=&#8221;0&#8243; override_padding=&#8221;yes&#8221; h_padding=&#8221;2&#8243; top_padding=&#8221;4&#8243; bottom_padding=&#8221;1&#8243; overlay_alpha=&#8221;50&#8243; gutter_size=&#8221;3&#8243; column_width_percent=&#8221;100&#8243; [&hellip;]","og_url":"https:\/\/www.panizzolo.com\/fr\/solutions-de-recyclage\/machines-de-recyclage\/systemes-de-separation\/filtre-de-traitement-de-lair\/","og_site_name":"Panizzolo Impianti di riciclaggio per rifiuti","article_publisher":"https:\/\/www.facebook.com\/PanizzoloRecycling","article_modified_time":"2021-10-12T11:18:49+00:00","og_image":[{"width":1008,"height":1008,"url":"https:\/\/www.panizzolo.com\/wp-content\/uploads\/2021\/10\/Filtro-trattamento-aria.png","type":"image\/png"}],"twitter_card":"summary_large_image","twitter_site":"@PanizzoloRS","twitter_misc":{"Est. reading time":"2 minutes"},"schema":{"@context":"https:\/\/schema.org","@graph":[{"@type":"WebPage","@id":"https:\/\/www.panizzolo.com\/fr\/solutions-de-recyclage\/machines-de-recyclage\/systemes-de-separation\/filtre-de-traitement-de-lair\/","url":"https:\/\/www.panizzolo.com\/fr\/solutions-de-recyclage\/machines-de-recyclage\/systemes-de-separation\/filtre-de-traitement-de-lair\/","name":"Filtre de traitement de l\u2019air - Panizzolo Impianti di riciclaggio per rifiuti","isPartOf":{"@id":"https:\/\/www.panizzolo.com\/fr\/#website"},"primaryImageOfPage":{"@id":"https:\/\/www.panizzolo.com\/fr\/solutions-de-recyclage\/machines-de-recyclage\/systemes-de-separation\/filtre-de-traitement-de-lair\/#primaryimage"},"image":{"@id":"https:\/\/www.panizzolo.com\/fr\/solutions-de-recyclage\/machines-de-recyclage\/systemes-de-separation\/filtre-de-traitement-de-lair\/#primaryimage"},"thumbnailUrl":"https:\/\/www.panizzolo.com\/wp-content\/uploads\/2021\/10\/Filtro-trattamento-aria.png","datePublished":"2021-09-16T08:26:14+00:00","dateModified":"2021-10-12T11:18:49+00:00","breadcrumb":{"@id":"https:\/\/www.panizzolo.com\/fr\/solutions-de-recyclage\/machines-de-recyclage\/systemes-de-separation\/filtre-de-traitement-de-lair\/#breadcrumb"},"inLanguage":"fr-FR","potentialAction":[{"@type":"ReadAction","target":["https:\/\/www.panizzolo.com\/fr\/solutions-de-recyclage\/machines-de-recyclage\/systemes-de-separation\/filtre-de-traitement-de-lair\/"]}]},{"@type":"ImageObject","inLanguage":"fr-FR","@id":"https:\/\/www.panizzolo.com\/fr\/solutions-de-recyclage\/machines-de-recyclage\/systemes-de-separation\/filtre-de-traitement-de-lair\/#primaryimage","url":"https:\/\/www.panizzolo.com\/wp-content\/uploads\/2021\/10\/Filtro-trattamento-aria.png","contentUrl":"https:\/\/www.panizzolo.com\/wp-content\/uploads\/2021\/10\/Filtro-trattamento-aria.png","width":1008,"height":1008},{"@type":"BreadcrumbList","@id":"https:\/\/www.panizzolo.com\/fr\/solutions-de-recyclage\/machines-de-recyclage\/systemes-de-separation\/filtre-de-traitement-de-lair\/#breadcrumb","itemListElement":[{"@type":"ListItem","position":1,"name":"Solutions de recyclage","item":"https:\/\/www.panizzolo.com\/fr\/solutions-de-recyclage\/"},{"@type":"ListItem","position":2,"name":"Machines de recyclage","item":"https:\/\/www.panizzolo.com\/fr\/solutions-de-recyclage\/machines-de-recyclage\/"},{"@type":"ListItem","position":3,"name":"Syst\u00e8mes de s\u00e9paration","item":"https:\/\/www.panizzolo.com\/fr\/solutions-de-recyclage\/machines-de-recyclage\/systemes-de-separation\/"},{"@type":"ListItem","position":4,"name":"Filtre de traitement de l\u2019air"}]},{"@type":"WebSite","@id":"https:\/\/www.panizzolo.com\/fr\/#website","url":"https:\/\/www.panizzolo.com\/fr\/","name":"Panizzolo Impianti di riciclaggio per rifiuti","description":"Panizzolo Impianti di riciclaggio per rifiuti","potentialAction":[{"@type":"SearchAction","target":{"@type":"EntryPoint","urlTemplate":"https:\/\/www.panizzolo.com\/fr\/?s={search_term_string}"},"query-input":{"@type":"PropertyValueSpecification","valueRequired":true,"valueName":"search_term_string"}}],"inLanguage":"fr-FR"}]}},"_links":{"self":[{"href":"https:\/\/www.panizzolo.com\/fr\/wp-json\/wp\/v2\/pages\/87502","targetHints":{"allow":["GET"]}}],"collection":[{"href":"https:\/\/www.panizzolo.com\/fr\/wp-json\/wp\/v2\/pages"}],"about":[{"href":"https:\/\/www.panizzolo.com\/fr\/wp-json\/wp\/v2\/types\/page"}],"author":[{"embeddable":true,"href":"https:\/\/www.panizzolo.com\/fr\/wp-json\/wp\/v2\/users\/1"}],"replies":[{"embeddable":true,"href":"https:\/\/www.panizzolo.com\/fr\/wp-json\/wp\/v2\/comments?post=87502"}],"version-history":[{"count":2,"href":"https:\/\/www.panizzolo.com\/fr\/wp-json\/wp\/v2\/pages\/87502\/revisions"}],"predecessor-version":[{"id":88217,"href":"https:\/\/www.panizzolo.com\/fr\/wp-json\/wp\/v2\/pages\/87502\/revisions\/88217"}],"up":[{"embeddable":true,"href":"https:\/\/www.panizzolo.com\/fr\/wp-json\/wp\/v2\/pages\/70714"}],"wp:featuredmedia":[{"embeddable":true,"href":"https:\/\/www.panizzolo.com\/fr\/wp-json\/wp\/v2\/media\/86540"}],"wp:attachment":[{"href":"https:\/\/www.panizzolo.com\/fr\/wp-json\/wp\/v2\/media?parent=87502"}],"curies":[{"name":"wp","href":"https:\/\/api.w.org\/{rel}","templated":true}]}}