{"id":87492,"date":"2021-09-16T10:23:00","date_gmt":"2021-09-16T08:23:00","guid":{"rendered":"https:\/\/www.panizzolo.com\/solutions-de-recyclage\/machines-pour-le-recyclage\/systemes-de-separation\/cabine-di-insonorizzazione\/"},"modified":"2021-12-22T14:12:49","modified_gmt":"2021-12-22T13:12:49","slug":"cabine-dinsonorisation","status":"publish","type":"page","link":"https:\/\/www.panizzolo.com\/fr\/solutions-de-recyclage\/machines-de-recyclage\/systemes-de-separation\/cabine-dinsonorisation\/","title":{"rendered":"Cabine d\u2019insonorisation"},"content":{"rendered":"<div class=\"wpb-content-wrapper\"><p>[vc_row row_height_percent=&#8221;0&#8243; override_padding=&#8221;yes&#8221; h_padding=&#8221;2&#8243; top_padding=&#8221;4&#8243; bottom_padding=&#8221;2&#8243; overlay_alpha=&#8221;50&#8243; gutter_size=&#8221;3&#8243; column_width_percent=&#8221;100&#8243; shift_y=&#8221;0&#8243; z_index=&#8221;0&#8243; uncode_shortcode_id=&#8221;755044&#8243;][vc_column column_width_percent=&#8221;100&#8243; position_horizontal=&#8221;left&#8221; gutter_size=&#8221;3&#8243; overlay_alpha=&#8221;50&#8243; shift_x=&#8221;0&#8243; shift_y=&#8221;0&#8243; shift_y_down=&#8221;0&#8243; z_index=&#8221;0&#8243; medium_width=&#8221;0&#8243; mobile_width=&#8221;0&#8243; css_animation=&#8221;left-t-right&#8221; width=&#8221;1\/1&#8243; uncode_shortcode_id=&#8221;148278&#8243;][vc_custom_heading text_color=&#8221;color-170105&#8243; heading_semantic=&#8221;h1&#8243; text_size=&#8221;h1&#8243; uncode_shortcode_id=&#8221;435883&#8243; text_color_type=&#8221;uncode-palette&#8221;]Cabine d\u2019insonorisation[\/vc_custom_heading][\/vc_column][\/vc_row][vc_row][vc_column width=&#8221;1\/2&#8243;][vc_column_text uncode_shortcode_id=&#8221;116292&#8243;]Insonorisation sp\u00e9cifiquement dimensionn\u00e9e pour limiter et r\u00e9duire le bruit du moulin \u00e0 marteaux Panizzolo.<\/p>\n<p>Les parois sont constitu\u00e9es de panneaux autoporteurs contenant un mat\u00e9riau d\u2019absorption acoustique hydrofuge. Elle est dot\u00e9e d\u2019une porte lat\u00e9rale \u00e0 coulissement manuel qui permet l\u2019acc\u00e8s total au moulin \u00e0 marteau. L\u2019\u00e9quipement fourni comprend une \u00e9chelle, une porte d\u2019acc\u00e8s, jusqu\u2019\u00e0 deux compartiments pour l\u2019extraction du mat\u00e9riel trait\u00e9, l\u2019\u00e9clairage et un circuit de s\u00e9curit\u00e9.[\/vc_column_text][\/vc_column][vc_column width=&#8221;1\/2&#8243;][vc_single_image media=&#8221;86431&#8243; media_width_percent=&#8221;100&#8243; uncode_shortcode_id=&#8221;100857&#8243;][\/vc_column][\/vc_row][vc_row row_height_percent=&#8221;0&#8243; overlay_alpha=&#8221;50&#8243; gutter_size=&#8221;3&#8243; column_width_percent=&#8221;100&#8243; shift_y=&#8221;0&#8243; z_index=&#8221;0&#8243; uncode_shortcode_id=&#8221;608406&#8243;][vc_column column_width_percent=&#8221;100&#8243; gutter_size=&#8221;3&#8243; overlay_alpha=&#8221;50&#8243; shift_x=&#8221;0&#8243; shift_y=&#8221;0&#8243; shift_y_down=&#8221;0&#8243; z_index=&#8221;0&#8243; medium_width=&#8221;0&#8243; mobile_width=&#8221;0&#8243; width=&#8221;1\/1&#8243; uncode_shortcode_id=&#8221;130944&#8243;][vc_row_inner][vc_column_inner column_width_percent=&#8221;100&#8243; gutter_size=&#8221;3&#8243; overlay_alpha=&#8221;50&#8243; shift_x=&#8221;0&#8243; shift_y=&#8221;0&#8243; shift_y_down=&#8221;0&#8243; z_index=&#8221;0&#8243; medium_width=&#8221;0&#8243; mobile_width=&#8221;0&#8243; css_animation=&#8221;left-t-right&#8221; width=&#8221;1\/2&#8243; uncode_shortcode_id=&#8221;122851&#8243;][vc_single_image media=&#8221;86577&#8243; media_width_percent=&#8221;100&#8243; uncode_shortcode_id=&#8221;136088&#8243;][vc_custom_heading text_color=&#8221;color-708329&#8243; heading_semantic=&#8221;h5&#8243; text_font=&#8221;font-116529&#8243; text_size=&#8221;h5&#8243; uncode_shortcode_id=&#8221;191365&#8243; text_color_type=&#8221;uncode-palette&#8221;]Compl\u00e9ment : Enseigne personnalis\u00e9e.[\/vc_custom_heading][vc_column_text uncode_shortcode_id=&#8221;515875&#8243;]Il est possible de personnaliser deux enseignes avec le logo de l\u2019entreprise sans frais suppl\u00e9mentaires.[\/vc_column_text][\/vc_column_inner][vc_column_inner column_width_percent=&#8221;100&#8243; gutter_size=&#8221;3&#8243; overlay_alpha=&#8221;50&#8243; shift_x=&#8221;0&#8243; shift_y=&#8221;0&#8243; shift_y_down=&#8221;0&#8243; z_index=&#8221;0&#8243; medium_width=&#8221;0&#8243; mobile_width=&#8221;0&#8243; css_animation=&#8221;right-t-left&#8221; width=&#8221;1\/2&#8243; uncode_shortcode_id=&#8221;616766&#8243;][vc_single_image media=&#8221;86419&#8243; media_width_percent=&#8221;100&#8243; uncode_shortcode_id=&#8221;931103&#8243;][vc_custom_heading text_color=&#8221;color-708329&#8243; heading_semantic=&#8221;h5&#8243; text_font=&#8221;font-116529&#8243; text_size=&#8221;h5&#8243; uncode_shortcode_id=&#8221;178506&#8243; text_color_type=&#8221;uncode-palette&#8221;]Compl\u00e9ment : grue \u00e0 potence \u00e0 fl\u00e8che rabattable.[\/vc_custom_heading][vc_column_text uncode_shortcode_id=&#8221;164157&#8243;]Pour int\u00e9rieur ou ext\u00e9rieur selon la zone de production. Adapt\u00e9e de point de vue structurel en fonction du mod\u00e8le de moulin \u00e0 marteaux.[\/vc_column_text][\/vc_column_inner][\/vc_row_inner][\/vc_column][\/vc_row][vc_row row_height_percent=&#8221;0&#8243; override_padding=&#8221;yes&#8221; h_padding=&#8221;2&#8243; top_padding=&#8221;2&#8243; bottom_padding=&#8221;3&#8243; overlay_alpha=&#8221;50&#8243; gutter_size=&#8221;3&#8243; column_width_percent=&#8221;100&#8243; shift_y=&#8221;0&#8243; z_index=&#8221;0&#8243; uncode_shortcode_id=&#8221;212246&#8243;][vc_column column_width_percent=&#8221;100&#8243; position_horizontal=&#8221;left&#8221; position_vertical=&#8221;middle&#8221; gutter_size=&#8221;3&#8243; overlay_alpha=&#8221;50&#8243; shift_x=&#8221;0&#8243; shift_y=&#8221;0&#8243; shift_y_down=&#8221;0&#8243; z_index=&#8221;0&#8243; medium_width=&#8221;0&#8243; mobile_width=&#8221;0&#8243; css_animation=&#8221;left-t-right&#8221; width=&#8221;1\/2&#8243; uncode_shortcode_id=&#8221;329263&#8243;][vc_custom_heading text_color=&#8221;color-708329&#8243; text_font=&#8221;font-116529&#8243; uncode_shortcode_id=&#8221;107714&#8243; text_color_type=&#8221;uncode-palette&#8221;]Cabine de tri manuel[\/vc_custom_heading][vc_column_text uncode_shortcode_id=&#8221;121109&#8243;]Cabine sp\u00e9cifique insonoris\u00e9e pour les op\u00e9rations de tri manuel, disponible en diff\u00e9rents mod\u00e8les et pour compl\u00e9ter les solutions de recyclage Panizzolo. Les dimensions et compl\u00e9ments varient selon la logique de traitement et de la zone de production. Elle est fournie d\u00e9j\u00e0 \u00e9quip\u00e9e de notre convoyeur sp\u00e9cifique.<\/p>\n<p>La composition standard d\u2019une cabine Panizzolo comprend des parois isol\u00e9es, un circuit \u00e9lectrique et d\u2019\u00e9clairage, la recirculation de l\u2019air, un poste de travail pour les op\u00e9rateurs, une installation de climatisation\/chauffage et d\u2019autres accessoires qui garantissent le plus grand confort au personnel travaillant \u00e0 l\u2019int\u00e9rieur.[\/vc_column_text][\/vc_column][vc_column width=&#8221;1\/2&#8243;][vc_single_image media=&#8221;86425&#8243; media_width_percent=&#8221;100&#8243; css_animation=&#8221;right-t-left&#8221; uncode_shortcode_id=&#8221;174182&#8243;][\/vc_column][\/vc_row][vc_row row_height_percent=&#8221;0&#8243; override_padding=&#8221;yes&#8221; h_padding=&#8221;2&#8243; top_padding=&#8221;2&#8243; bottom_padding=&#8221;4&#8243; overlay_alpha=&#8221;50&#8243; gutter_size=&#8221;3&#8243; column_width_percent=&#8221;100&#8243; shift_y=&#8221;0&#8243; z_index=&#8221;0&#8243; uncode_shortcode_id=&#8221;468953&#8243;][vc_column column_width_percent=&#8221;85&#8243; gutter_size=&#8221;3&#8243; overlay_alpha=&#8221;50&#8243; shift_x=&#8221;0&#8243; shift_y=&#8221;0&#8243; shift_y_down=&#8221;0&#8243; z_index=&#8221;0&#8243; medium_width=&#8221;0&#8243; mobile_width=&#8221;0&#8243; width=&#8221;1\/3&#8243; uncode_shortcode_id=&#8221;120204&#8243;][vc_button border_width=&#8221;0&#8243; icon=&#8221;fa fa-arrow-left-thick&#8221; uncode_shortcode_id=&#8221;112122&#8243; link=&#8221;url:https%3A%2F%2Fwww.panizzolo.com%2Ffr%2Fsolutions-de-recyclage%2Fmachines-de-recyclage%2Fsystemes-de-separation%2F|title:Syst%C3%A8mes%20de%20s%C3%A9paration&#8221;]Retour aux syst\u00e8mes de s\u00e9paration[\/vc_button][\/vc_column][vc_column width=&#8221;1\/3&#8243;][\/vc_column][vc_column width=&#8221;1\/3&#8243;][\/vc_column][\/vc_row][vc_row][vc_column width=&#8221;1\/1&#8243;][uncode_block id=&#8221;87771&#8243;][\/vc_column][\/vc_row][vc_row][vc_column width=&#8221;1\/1&#8243;][uncode_block id=&#8221;87785&#8243;][\/vc_column][\/vc_row]<\/p>\n<\/div>","protected":false},"excerpt":{"rendered":"<p>[vc_row row_height_percent=&#8221;0&#8243; override_padding=&#8221;yes&#8221; h_padding=&#8221;2&#8243; top_padding=&#8221;4&#8243; bottom_padding=&#8221;2&#8243; overlay_alpha=&#8221;50&#8243; gutter_size=&#8221;3&#8243; column_width_percent=&#8221;100&#8243; shift_y=&#8221;0&#8243; z_index=&#8221;0&#8243; uncode_shortcode_id=&#8221;755044&#8243;][vc_column column_width_percent=&#8221;100&#8243; position_horizontal=&#8221;left&#8221; gutter_size=&#8221;3&#8243; overlay_alpha=&#8221;50&#8243; shift_x=&#8221;0&#8243; shift_y=&#8221;0&#8243; shift_y_down=&#8221;0&#8243; z_index=&#8221;0&#8243; [&hellip;]<\/p>\n","protected":false},"author":1,"featured_media":86433,"parent":70714,"menu_order":1,"comment_status":"closed","ping_status":"closed","template":"","meta":{"footnotes":""},"class_list":["post-87492","page","type-page","status-publish","has-post-thumbnail","hentry","page_category-sistemi-di-separazione-fr"],"yoast_head":"<!-- This site is optimized with the Yoast SEO plugin v24.5 - https:\/\/yoast.com\/wordpress\/plugins\/seo\/ -->\n<title>Cabine d\u2019insonorisation - Panizzolo Impianti di riciclaggio per rifiuti<\/title>\n<meta name=\"robots\" content=\"index, follow, max-snippet:-1, max-image-preview:large, max-video-preview:-1\" \/>\n<link rel=\"canonical\" href=\"https:\/\/www.panizzolo.com\/fr\/solutions-de-recyclage\/machines-de-recyclage\/systemes-de-separation\/cabine-dinsonorisation\/\" \/>\n<meta property=\"og:locale\" content=\"fr_FR\" \/>\n<meta property=\"og:type\" content=\"article\" \/>\n<meta property=\"og:title\" content=\"Cabine d\u2019insonorisation - Panizzolo Impianti di riciclaggio per rifiuti\" \/>\n<meta property=\"og:description\" content=\"[vc_row row_height_percent=&#8221;0&#8243; override_padding=&#8221;yes&#8221; h_padding=&#8221;2&#8243; top_padding=&#8221;4&#8243; bottom_padding=&#8221;2&#8243; overlay_alpha=&#8221;50&#8243; gutter_size=&#8221;3&#8243; column_width_percent=&#8221;100&#8243; shift_y=&#8221;0&#8243; z_index=&#8221;0&#8243; uncode_shortcode_id=&#8221;755044&#8243;][vc_column column_width_percent=&#8221;100&#8243; position_horizontal=&#8221;left&#8221; gutter_size=&#8221;3&#8243; overlay_alpha=&#8221;50&#8243; shift_x=&#8221;0&#8243; shift_y=&#8221;0&#8243; shift_y_down=&#8221;0&#8243; z_index=&#8221;0&#8243; [&hellip;]\" \/>\n<meta property=\"og:url\" content=\"https:\/\/www.panizzolo.com\/fr\/solutions-de-recyclage\/machines-de-recyclage\/systemes-de-separation\/cabine-dinsonorisation\/\" \/>\n<meta property=\"og:site_name\" content=\"Panizzolo Impianti di riciclaggio per rifiuti\" \/>\n<meta property=\"article:publisher\" content=\"https:\/\/www.facebook.com\/PanizzoloRecycling\" \/>\n<meta property=\"article:modified_time\" content=\"2021-12-22T13:12:49+00:00\" \/>\n<meta property=\"og:image\" content=\"https:\/\/www.panizzolo.com\/wp-content\/uploads\/2021\/10\/Cabina-insonorizzazione-mulini-martelli.jpg\" \/>\n\t<meta property=\"og:image:width\" content=\"1500\" \/>\n\t<meta property=\"og:image:height\" content=\"1000\" \/>\n\t<meta property=\"og:image:type\" content=\"image\/jpeg\" \/>\n<meta name=\"twitter:card\" content=\"summary_large_image\" \/>\n<meta name=\"twitter:site\" content=\"@PanizzoloRS\" \/>\n<meta name=\"twitter:label1\" content=\"Est. reading time\" \/>\n\t<meta name=\"twitter:data1\" content=\"2 minutes\" \/>\n<script type=\"application\/ld+json\" class=\"yoast-schema-graph\">{\"@context\":\"https:\/\/schema.org\",\"@graph\":[{\"@type\":\"WebPage\",\"@id\":\"https:\/\/www.panizzolo.com\/fr\/solutions-de-recyclage\/machines-de-recyclage\/systemes-de-separation\/cabine-dinsonorisation\/\",\"url\":\"https:\/\/www.panizzolo.com\/fr\/solutions-de-recyclage\/machines-de-recyclage\/systemes-de-separation\/cabine-dinsonorisation\/\",\"name\":\"Cabine d\u2019insonorisation - Panizzolo Impianti di riciclaggio per rifiuti\",\"isPartOf\":{\"@id\":\"https:\/\/www.panizzolo.com\/fr\/#website\"},\"primaryImageOfPage\":{\"@id\":\"https:\/\/www.panizzolo.com\/fr\/solutions-de-recyclage\/machines-de-recyclage\/systemes-de-separation\/cabine-dinsonorisation\/#primaryimage\"},\"image\":{\"@id\":\"https:\/\/www.panizzolo.com\/fr\/solutions-de-recyclage\/machines-de-recyclage\/systemes-de-separation\/cabine-dinsonorisation\/#primaryimage\"},\"thumbnailUrl\":\"https:\/\/www.panizzolo.com\/wp-content\/uploads\/2021\/10\/Cabina-insonorizzazione-mulini-martelli.jpg\",\"datePublished\":\"2021-09-16T08:23:00+00:00\",\"dateModified\":\"2021-12-22T13:12:49+00:00\",\"breadcrumb\":{\"@id\":\"https:\/\/www.panizzolo.com\/fr\/solutions-de-recyclage\/machines-de-recyclage\/systemes-de-separation\/cabine-dinsonorisation\/#breadcrumb\"},\"inLanguage\":\"fr-FR\",\"potentialAction\":[{\"@type\":\"ReadAction\",\"target\":[\"https:\/\/www.panizzolo.com\/fr\/solutions-de-recyclage\/machines-de-recyclage\/systemes-de-separation\/cabine-dinsonorisation\/\"]}]},{\"@type\":\"ImageObject\",\"inLanguage\":\"fr-FR\",\"@id\":\"https:\/\/www.panizzolo.com\/fr\/solutions-de-recyclage\/machines-de-recyclage\/systemes-de-separation\/cabine-dinsonorisation\/#primaryimage\",\"url\":\"https:\/\/www.panizzolo.com\/wp-content\/uploads\/2021\/10\/Cabina-insonorizzazione-mulini-martelli.jpg\",\"contentUrl\":\"https:\/\/www.panizzolo.com\/wp-content\/uploads\/2021\/10\/Cabina-insonorizzazione-mulini-martelli.jpg\",\"width\":1500,\"height\":1000},{\"@type\":\"BreadcrumbList\",\"@id\":\"https:\/\/www.panizzolo.com\/fr\/solutions-de-recyclage\/machines-de-recyclage\/systemes-de-separation\/cabine-dinsonorisation\/#breadcrumb\",\"itemListElement\":[{\"@type\":\"ListItem\",\"position\":1,\"name\":\"Solutions de recyclage\",\"item\":\"https:\/\/www.panizzolo.com\/fr\/solutions-de-recyclage\/\"},{\"@type\":\"ListItem\",\"position\":2,\"name\":\"Machines de recyclage\",\"item\":\"https:\/\/www.panizzolo.com\/fr\/solutions-de-recyclage\/machines-de-recyclage\/\"},{\"@type\":\"ListItem\",\"position\":3,\"name\":\"Syst\u00e8mes de s\u00e9paration\",\"item\":\"https:\/\/www.panizzolo.com\/fr\/solutions-de-recyclage\/machines-de-recyclage\/systemes-de-separation\/\"},{\"@type\":\"ListItem\",\"position\":4,\"name\":\"Cabine d\u2019insonorisation\"}]},{\"@type\":\"WebSite\",\"@id\":\"https:\/\/www.panizzolo.com\/fr\/#website\",\"url\":\"https:\/\/www.panizzolo.com\/fr\/\",\"name\":\"Panizzolo Impianti di riciclaggio per rifiuti\",\"description\":\"Panizzolo Impianti di riciclaggio per rifiuti\",\"potentialAction\":[{\"@type\":\"SearchAction\",\"target\":{\"@type\":\"EntryPoint\",\"urlTemplate\":\"https:\/\/www.panizzolo.com\/fr\/?s={search_term_string}\"},\"query-input\":{\"@type\":\"PropertyValueSpecification\",\"valueRequired\":true,\"valueName\":\"search_term_string\"}}],\"inLanguage\":\"fr-FR\"}]}<\/script>\n<!-- \/ Yoast SEO plugin. -->","yoast_head_json":{"title":"Cabine d\u2019insonorisation - Panizzolo Impianti di riciclaggio per rifiuti","robots":{"index":"index","follow":"follow","max-snippet":"max-snippet:-1","max-image-preview":"max-image-preview:large","max-video-preview":"max-video-preview:-1"},"canonical":"https:\/\/www.panizzolo.com\/fr\/solutions-de-recyclage\/machines-de-recyclage\/systemes-de-separation\/cabine-dinsonorisation\/","og_locale":"fr_FR","og_type":"article","og_title":"Cabine d\u2019insonorisation - Panizzolo Impianti di riciclaggio per rifiuti","og_description":"[vc_row row_height_percent=&#8221;0&#8243; override_padding=&#8221;yes&#8221; h_padding=&#8221;2&#8243; top_padding=&#8221;4&#8243; bottom_padding=&#8221;2&#8243; overlay_alpha=&#8221;50&#8243; gutter_size=&#8221;3&#8243; column_width_percent=&#8221;100&#8243; shift_y=&#8221;0&#8243; z_index=&#8221;0&#8243; uncode_shortcode_id=&#8221;755044&#8243;][vc_column column_width_percent=&#8221;100&#8243; position_horizontal=&#8221;left&#8221; gutter_size=&#8221;3&#8243; overlay_alpha=&#8221;50&#8243; shift_x=&#8221;0&#8243; shift_y=&#8221;0&#8243; shift_y_down=&#8221;0&#8243; z_index=&#8221;0&#8243; [&hellip;]","og_url":"https:\/\/www.panizzolo.com\/fr\/solutions-de-recyclage\/machines-de-recyclage\/systemes-de-separation\/cabine-dinsonorisation\/","og_site_name":"Panizzolo Impianti di riciclaggio per rifiuti","article_publisher":"https:\/\/www.facebook.com\/PanizzoloRecycling","article_modified_time":"2021-12-22T13:12:49+00:00","og_image":[{"width":1500,"height":1000,"url":"https:\/\/www.panizzolo.com\/wp-content\/uploads\/2021\/10\/Cabina-insonorizzazione-mulini-martelli.jpg","type":"image\/jpeg"}],"twitter_card":"summary_large_image","twitter_site":"@PanizzoloRS","twitter_misc":{"Est. reading time":"2 minutes"},"schema":{"@context":"https:\/\/schema.org","@graph":[{"@type":"WebPage","@id":"https:\/\/www.panizzolo.com\/fr\/solutions-de-recyclage\/machines-de-recyclage\/systemes-de-separation\/cabine-dinsonorisation\/","url":"https:\/\/www.panizzolo.com\/fr\/solutions-de-recyclage\/machines-de-recyclage\/systemes-de-separation\/cabine-dinsonorisation\/","name":"Cabine d\u2019insonorisation - Panizzolo Impianti di riciclaggio per rifiuti","isPartOf":{"@id":"https:\/\/www.panizzolo.com\/fr\/#website"},"primaryImageOfPage":{"@id":"https:\/\/www.panizzolo.com\/fr\/solutions-de-recyclage\/machines-de-recyclage\/systemes-de-separation\/cabine-dinsonorisation\/#primaryimage"},"image":{"@id":"https:\/\/www.panizzolo.com\/fr\/solutions-de-recyclage\/machines-de-recyclage\/systemes-de-separation\/cabine-dinsonorisation\/#primaryimage"},"thumbnailUrl":"https:\/\/www.panizzolo.com\/wp-content\/uploads\/2021\/10\/Cabina-insonorizzazione-mulini-martelli.jpg","datePublished":"2021-09-16T08:23:00+00:00","dateModified":"2021-12-22T13:12:49+00:00","breadcrumb":{"@id":"https:\/\/www.panizzolo.com\/fr\/solutions-de-recyclage\/machines-de-recyclage\/systemes-de-separation\/cabine-dinsonorisation\/#breadcrumb"},"inLanguage":"fr-FR","potentialAction":[{"@type":"ReadAction","target":["https:\/\/www.panizzolo.com\/fr\/solutions-de-recyclage\/machines-de-recyclage\/systemes-de-separation\/cabine-dinsonorisation\/"]}]},{"@type":"ImageObject","inLanguage":"fr-FR","@id":"https:\/\/www.panizzolo.com\/fr\/solutions-de-recyclage\/machines-de-recyclage\/systemes-de-separation\/cabine-dinsonorisation\/#primaryimage","url":"https:\/\/www.panizzolo.com\/wp-content\/uploads\/2021\/10\/Cabina-insonorizzazione-mulini-martelli.jpg","contentUrl":"https:\/\/www.panizzolo.com\/wp-content\/uploads\/2021\/10\/Cabina-insonorizzazione-mulini-martelli.jpg","width":1500,"height":1000},{"@type":"BreadcrumbList","@id":"https:\/\/www.panizzolo.com\/fr\/solutions-de-recyclage\/machines-de-recyclage\/systemes-de-separation\/cabine-dinsonorisation\/#breadcrumb","itemListElement":[{"@type":"ListItem","position":1,"name":"Solutions de recyclage","item":"https:\/\/www.panizzolo.com\/fr\/solutions-de-recyclage\/"},{"@type":"ListItem","position":2,"name":"Machines de recyclage","item":"https:\/\/www.panizzolo.com\/fr\/solutions-de-recyclage\/machines-de-recyclage\/"},{"@type":"ListItem","position":3,"name":"Syst\u00e8mes de s\u00e9paration","item":"https:\/\/www.panizzolo.com\/fr\/solutions-de-recyclage\/machines-de-recyclage\/systemes-de-separation\/"},{"@type":"ListItem","position":4,"name":"Cabine d\u2019insonorisation"}]},{"@type":"WebSite","@id":"https:\/\/www.panizzolo.com\/fr\/#website","url":"https:\/\/www.panizzolo.com\/fr\/","name":"Panizzolo Impianti di riciclaggio per rifiuti","description":"Panizzolo Impianti di riciclaggio per rifiuti","potentialAction":[{"@type":"SearchAction","target":{"@type":"EntryPoint","urlTemplate":"https:\/\/www.panizzolo.com\/fr\/?s={search_term_string}"},"query-input":{"@type":"PropertyValueSpecification","valueRequired":true,"valueName":"search_term_string"}}],"inLanguage":"fr-FR"}]}},"_links":{"self":[{"href":"https:\/\/www.panizzolo.com\/fr\/wp-json\/wp\/v2\/pages\/87492","targetHints":{"allow":["GET"]}}],"collection":[{"href":"https:\/\/www.panizzolo.com\/fr\/wp-json\/wp\/v2\/pages"}],"about":[{"href":"https:\/\/www.panizzolo.com\/fr\/wp-json\/wp\/v2\/types\/page"}],"author":[{"embeddable":true,"href":"https:\/\/www.panizzolo.com\/fr\/wp-json\/wp\/v2\/users\/1"}],"replies":[{"embeddable":true,"href":"https:\/\/www.panizzolo.com\/fr\/wp-json\/wp\/v2\/comments?post=87492"}],"version-history":[{"count":3,"href":"https:\/\/www.panizzolo.com\/fr\/wp-json\/wp\/v2\/pages\/87492\/revisions"}],"predecessor-version":[{"id":91589,"href":"https:\/\/www.panizzolo.com\/fr\/wp-json\/wp\/v2\/pages\/87492\/revisions\/91589"}],"up":[{"embeddable":true,"href":"https:\/\/www.panizzolo.com\/fr\/wp-json\/wp\/v2\/pages\/70714"}],"wp:featuredmedia":[{"embeddable":true,"href":"https:\/\/www.panizzolo.com\/fr\/wp-json\/wp\/v2\/media\/86433"}],"wp:attachment":[{"href":"https:\/\/www.panizzolo.com\/fr\/wp-json\/wp\/v2\/media?parent=87492"}],"curies":[{"name":"wp","href":"https:\/\/api.w.org\/{rel}","templated":true}]}}