{"id":73895,"date":"2018-06-14T11:11:12","date_gmt":"2018-06-14T09:11:12","guid":{"rendered":"http:\/\/www.panizzolo.it\/news-ed-eventi\/"},"modified":"2025-10-13T13:51:10","modified_gmt":"2025-10-13T11:51:10","slug":"actualites-et-evenements","status":"publish","type":"page","link":"https:\/\/www.panizzolo.com\/fr\/actualites-et-evenements\/","title":{"rendered":"Actualit\u00e9s et \u00e9v\u00e9nements"},"content":{"rendered":"<div class=\"wpb-content-wrapper\"><p>[vc_row row_height_percent=&#8221;50&#8243; back_image=&#8221;87886&#8243; overlay_color=&#8221;color-jevc&#8221; overlay_alpha=&#8221;30&#8243; gutter_size=&#8221;3&#8243; column_width_percent=&#8221;100&#8243; shift_y=&#8221;0&#8243; z_index=&#8221;0&#8243; content_parallax=&#8221;0&#8243; uncode_shortcode_id=&#8221;434851&#8243; overlay_color_type=&#8221;uncode-palette&#8221;][vc_column column_width_percent=&#8221;100&#8243; position_vertical=&#8221;middle&#8221; align_horizontal=&#8221;align_center&#8221; gutter_size=&#8221;3&#8243; style=&#8221;dark&#8221; overlay_alpha=&#8221;50&#8243; shift_x=&#8221;0&#8243; shift_y=&#8221;0&#8243; shift_y_down=&#8221;0&#8243; z_index=&#8221;0&#8243; medium_width=&#8221;0&#8243; mobile_width=&#8221;0&#8243; width=&#8221;1\/1&#8243; uncode_shortcode_id=&#8221;771958&#8243;][vc_custom_heading heading_semantic=&#8221;h1&#8243; text_font=&#8221;font-195077&#8243; text_size=&#8221;h1&#8243; uncode_shortcode_id=&#8221;707803&#8243;]Toutes les actualit\u00e9s du monde Panizzolo[\/vc_custom_heading][vc_custom_heading heading_semantic=&#8221;h3&#8243; text_font=&#8221;font-116529&#8243; text_size=&#8221;h3&#8243; uncode_shortcode_id=&#8221;294722&#8243;]\u00c9v\u00e9nements, analyses de nos solutions et nouveaut\u00e9s du secteur[\/vc_custom_heading][\/vc_column][\/vc_row][vc_row][vc_column width=&#8221;1\/1&#8243;][uncode_block id=&#8221;95312&#8243;][\/vc_column][\/vc_row][vc_row][vc_column width=&#8221;1\/1&#8243;][uncode_block id=&#8221;101497&#8243;][\/vc_column][\/vc_row][vc_row][vc_column column_width_percent=&#8221;100&#8243; align_horizontal=&#8221;align_center&#8221; gutter_size=&#8221;3&#8243; overlay_alpha=&#8221;50&#8243; shift_x=&#8221;0&#8243; shift_y=&#8221;0&#8243; shift_y_down=&#8221;0&#8243; z_index=&#8221;0&#8243; medium_width=&#8221;0&#8243; mobile_width=&#8221;0&#8243; width=&#8221;1\/1&#8243; uncode_shortcode_id=&#8221;212471&#8243;][vc_empty_space empty_h=&#8221;2&#8243;][\/vc_column][\/vc_row][vc_row unlock_row_content=&#8221;yes&#8221; row_height_percent=&#8221;0&#8243; override_padding=&#8221;yes&#8221; h_padding=&#8221;2&#8243; top_padding=&#8221;1&#8243; bottom_padding=&#8221;0&#8243; overlay_alpha=&#8221;50&#8243; gutter_size=&#8221;3&#8243; column_width_percent=&#8221;100&#8243; shift_y=&#8221;0&#8243; z_index=&#8221;0&#8243; content_parallax=&#8221;0&#8243; uncode_shortcode_id=&#8221;179678&#8243;][vc_column column_width_percent=&#8221;85&#8243; position_horizontal=&#8221;right&#8221; gutter_size=&#8221;3&#8243; overlay_alpha=&#8221;50&#8243; shift_x=&#8221;0&#8243; shift_y=&#8221;0&#8243; shift_y_down=&#8221;0&#8243; z_index=&#8221;0&#8243; medium_width=&#8221;0&#8243; mobile_width=&#8221;0&#8243; width=&#8221;1\/1&#8243;][vc_row_inner][vc_column_inner column_width_percent=&#8221;100&#8243; position_horizontal=&#8221;left&#8221; gutter_size=&#8221;3&#8243; overlay_alpha=&#8221;50&#8243; shift_x=&#8221;0&#8243; shift_y=&#8221;0&#8243; shift_y_down=&#8221;0&#8243; z_index=&#8221;0&#8243; medium_width=&#8221;0&#8243; mobile_width=&#8221;0&#8243; width=&#8221;1\/4&#8243; uncode_shortcode_id=&#8221;510277&#8243;][vc_custom_heading css_animation=&#8221;left-t-right&#8221; uncode_shortcode_id=&#8221;167574&#8243;]Articles, actualit\u00e9s et analyses[\/vc_custom_heading][vc_button outline=&#8221;yes&#8221; border_width=&#8221;0&#8243; icon_position=&#8221;right&#8221; link=&#8221;url:https%3A%2F%2Fwww.panizzolo.com%2Ffr%2Factualites-et-evenements%2Fchroniques-et-actualites%2F|title:Chroniques%20et%20actualit%C3%A9s&#8221; uncode_shortcode_id=&#8221;128964&#8243; icon=&#8221;fa fa-arrow-right-thick&#8221;]Toutes les nouvelles[\/vc_button][\/vc_column_inner][vc_column_inner column_width_percent=&#8221;100&#8243; position_horizontal=&#8221;right&#8221; position_vertical=&#8221;bottom&#8221; gutter_size=&#8221;3&#8243; overlay_alpha=&#8221;50&#8243; shift_x=&#8221;0&#8243; shift_y=&#8221;0&#8243; shift_y_down=&#8221;0&#8243; z_index=&#8221;0&#8243; medium_width=&#8221;0&#8243; mobile_width=&#8221;0&#8243; css_animation=&#8221;alpha-anim&#8221; animation_delay=&#8221;100&#8243; width=&#8221;3\/4&#8243;][uncode_index el_id=&#8221;index-17465098822&#8243; index_type=&#8221;carousel&#8221; loop=&#8221;size:15|order_by:date|order:DESC|post_type:post|categories:146|taxonomy_count:10&#8243; carousel_lg=&#8221;3&#8243; carousel_md=&#8221;3&#8243; carousel_sm=&#8221;1&#8243; thumb_size=&#8221;three-two&#8221; gutter_size=&#8221;3&#8243; post_items=&#8221;media|media|onpost|original,title,text|excerpt,link|default-shape|default_size|scale_mobile|default_width|default_outline|En savoir plus&#8221; page_items=&#8221;title,media,text,category&#8221; product_items=&#8221;title,media,text,category,price&#8221; portfolio_items=&#8221;title,media,text,category&#8221; carousel_interval=&#8221;0&#8243; carousel_navspeed=&#8221;400&#8243; carousel_loop=&#8221;yes&#8221; carousel_dots=&#8221;yes&#8221; carousel_dots_mobile=&#8221;yes&#8221; stage_padding=&#8221;0&#8243; single_back_color=&#8221;color-xsdn&#8221; single_overlay_opacity=&#8221;50&#8243; single_padding=&#8221;0&#8243; single_title_family=&#8221;font-116529&#8243; single_title_dimension=&#8221;h6&#8243; single_title_weight=&#8221;400&#8243; single_border=&#8221;yes&#8221; single_css_animation=&#8221;bottom-t-top&#8221; single_animation_delay=&#8221;400&#8243; single_animation_first=&#8221;yes&#8221; single_half_padding=&#8221;&#8221; single_title_uppercase=&#8221;&#8221; single_title_bold=&#8221;yes&#8221; single_title_serif=&#8221;&#8221; single_title_divider=&#8221;&#8221; single_no_background=&#8221;&#8221; footer_position=&#8221;left&#8221; carousel_rtl=&#8221;&#8221; items=&#8221;eyIyNDg5X2kiOnsic2luZ2xlX3dpZHRoIjoiNiJ9LCI0MjMxX2kiOnsiaW1hZ2VzX3NpemUiOiJvbmUtb25lIn19&#8243; filtering_transform=&#8221;uppercase&#8221; el_class=&#8221;box_news&#8221; uncode_shortcode_id=&#8221;194734&#8243;][\/vc_column_inner][\/vc_row_inner][\/vc_column][\/vc_row][vc_row][vc_column column_width_percent=&#8221;100&#8243; align_horizontal=&#8221;align_center&#8221; gutter_size=&#8221;3&#8243; overlay_alpha=&#8221;50&#8243; shift_x=&#8221;0&#8243; shift_y=&#8221;0&#8243; shift_y_down=&#8221;0&#8243; z_index=&#8221;0&#8243; medium_width=&#8221;0&#8243; mobile_width=&#8221;0&#8243; width=&#8221;1\/1&#8243; uncode_shortcode_id=&#8221;212471&#8243;][vc_empty_space empty_h=&#8221;2&#8243;][\/vc_column][\/vc_row]<\/p>\n<\/div>","protected":false},"excerpt":{"rendered":"<p>[vc_row row_height_percent=&#8221;50&#8243; back_image=&#8221;87886&#8243; overlay_color=&#8221;color-jevc&#8221; overlay_alpha=&#8221;30&#8243; gutter_size=&#8221;3&#8243; column_width_percent=&#8221;100&#8243; shift_y=&#8221;0&#8243; z_index=&#8221;0&#8243; content_parallax=&#8221;0&#8243; uncode_shortcode_id=&#8221;434851&#8243; overlay_color_type=&#8221;uncode-palette&#8221;][vc_column column_width_percent=&#8221;100&#8243; position_vertical=&#8221;middle&#8221; align_horizontal=&#8221;align_center&#8221; gutter_size=&#8221;3&#8243; style=&#8221;dark&#8221; overlay_alpha=&#8221;50&#8243; shift_x=&#8221;0&#8243; shift_y=&#8221;0&#8243; [&hellip;]<\/p>\n","protected":false},"author":1,"featured_media":73898,"parent":0,"menu_order":70,"comment_status":"closed","ping_status":"closed","template":"","meta":{"footnotes":""},"class_list":["post-73895","page","type-page","status-publish","has-post-thumbnail","hentry"],"yoast_head":"<!-- This site is optimized with the Yoast SEO plugin v24.5 - https:\/\/yoast.com\/wordpress\/plugins\/seo\/ -->\n<title>Actualit\u00e9s et \u00e9v\u00e9nements - Panizzolo Impianti di riciclaggio per rifiuti<\/title>\n<meta name=\"robots\" content=\"index, follow, max-snippet:-1, max-image-preview:large, max-video-preview:-1\" \/>\n<link rel=\"canonical\" href=\"https:\/\/www.panizzolo.com\/fr\/actualites-et-evenements\/\" \/>\n<meta property=\"og:locale\" content=\"fr_FR\" \/>\n<meta property=\"og:type\" content=\"article\" \/>\n<meta property=\"og:title\" content=\"Actualit\u00e9s et \u00e9v\u00e9nements - Panizzolo Impianti di riciclaggio per rifiuti\" \/>\n<meta property=\"og:description\" content=\"[vc_row row_height_percent=&#8221;50&#8243; back_image=&#8221;87886&#8243; overlay_color=&#8221;color-jevc&#8221; overlay_alpha=&#8221;30&#8243; gutter_size=&#8221;3&#8243; column_width_percent=&#8221;100&#8243; shift_y=&#8221;0&#8243; z_index=&#8221;0&#8243; content_parallax=&#8221;0&#8243; uncode_shortcode_id=&#8221;434851&#8243; overlay_color_type=&#8221;uncode-palette&#8221;][vc_column column_width_percent=&#8221;100&#8243; position_vertical=&#8221;middle&#8221; align_horizontal=&#8221;align_center&#8221; gutter_size=&#8221;3&#8243; style=&#8221;dark&#8221; overlay_alpha=&#8221;50&#8243; shift_x=&#8221;0&#8243; shift_y=&#8221;0&#8243; [&hellip;]\" \/>\n<meta property=\"og:url\" content=\"https:\/\/www.panizzolo.com\/fr\/actualites-et-evenements\/\" \/>\n<meta property=\"og:site_name\" content=\"Panizzolo Impianti di riciclaggio per rifiuti\" \/>\n<meta property=\"article:publisher\" content=\"https:\/\/www.facebook.com\/PanizzoloRecycling\" \/>\n<meta property=\"article:modified_time\" content=\"2025-10-13T11:51:10+00:00\" \/>\n<meta property=\"og:image\" content=\"https:\/\/www.panizzolo.com\/wp-content\/uploads\/2019\/09\/news.jpg\" \/>\n\t<meta property=\"og:image:width\" content=\"2560\" \/>\n\t<meta property=\"og:image:height\" content=\"900\" \/>\n\t<meta property=\"og:image:type\" content=\"image\/jpeg\" \/>\n<meta name=\"twitter:card\" content=\"summary_large_image\" \/>\n<meta name=\"twitter:site\" content=\"@PanizzoloRS\" \/>\n<meta name=\"twitter:label1\" content=\"Est. reading time\" \/>\n\t<meta name=\"twitter:data1\" content=\"2 minutes\" \/>\n<script type=\"application\/ld+json\" class=\"yoast-schema-graph\">{\"@context\":\"https:\/\/schema.org\",\"@graph\":[{\"@type\":\"WebPage\",\"@id\":\"https:\/\/www.panizzolo.com\/fr\/actualites-et-evenements\/\",\"url\":\"https:\/\/www.panizzolo.com\/fr\/actualites-et-evenements\/\",\"name\":\"Actualit\u00e9s et \u00e9v\u00e9nements - Panizzolo Impianti di riciclaggio per rifiuti\",\"isPartOf\":{\"@id\":\"https:\/\/www.panizzolo.com\/fr\/#website\"},\"primaryImageOfPage\":{\"@id\":\"https:\/\/www.panizzolo.com\/fr\/actualites-et-evenements\/#primaryimage\"},\"image\":{\"@id\":\"https:\/\/www.panizzolo.com\/fr\/actualites-et-evenements\/#primaryimage\"},\"thumbnailUrl\":\"https:\/\/www.panizzolo.com\/wp-content\/uploads\/2019\/09\/news.jpg\",\"datePublished\":\"2018-06-14T09:11:12+00:00\",\"dateModified\":\"2025-10-13T11:51:10+00:00\",\"inLanguage\":\"fr-FR\",\"potentialAction\":[{\"@type\":\"ReadAction\",\"target\":[\"https:\/\/www.panizzolo.com\/fr\/actualites-et-evenements\/\"]}]},{\"@type\":\"ImageObject\",\"inLanguage\":\"fr-FR\",\"@id\":\"https:\/\/www.panizzolo.com\/fr\/actualites-et-evenements\/#primaryimage\",\"url\":\"https:\/\/www.panizzolo.com\/wp-content\/uploads\/2019\/09\/news.jpg\",\"contentUrl\":\"https:\/\/www.panizzolo.com\/wp-content\/uploads\/2019\/09\/news.jpg\",\"width\":2560,\"height\":900},{\"@type\":\"WebSite\",\"@id\":\"https:\/\/www.panizzolo.com\/fr\/#website\",\"url\":\"https:\/\/www.panizzolo.com\/fr\/\",\"name\":\"Panizzolo Impianti di riciclaggio per rifiuti\",\"description\":\"Panizzolo Impianti di riciclaggio per rifiuti\",\"potentialAction\":[{\"@type\":\"SearchAction\",\"target\":{\"@type\":\"EntryPoint\",\"urlTemplate\":\"https:\/\/www.panizzolo.com\/fr\/?s={search_term_string}\"},\"query-input\":{\"@type\":\"PropertyValueSpecification\",\"valueRequired\":true,\"valueName\":\"search_term_string\"}}],\"inLanguage\":\"fr-FR\"}]}<\/script>\n<!-- \/ Yoast SEO plugin. -->","yoast_head_json":{"title":"Actualit\u00e9s et \u00e9v\u00e9nements - Panizzolo Impianti di riciclaggio per rifiuti","robots":{"index":"index","follow":"follow","max-snippet":"max-snippet:-1","max-image-preview":"max-image-preview:large","max-video-preview":"max-video-preview:-1"},"canonical":"https:\/\/www.panizzolo.com\/fr\/actualites-et-evenements\/","og_locale":"fr_FR","og_type":"article","og_title":"Actualit\u00e9s et \u00e9v\u00e9nements - Panizzolo Impianti di riciclaggio per rifiuti","og_description":"[vc_row row_height_percent=&#8221;50&#8243; back_image=&#8221;87886&#8243; overlay_color=&#8221;color-jevc&#8221; overlay_alpha=&#8221;30&#8243; gutter_size=&#8221;3&#8243; column_width_percent=&#8221;100&#8243; shift_y=&#8221;0&#8243; z_index=&#8221;0&#8243; content_parallax=&#8221;0&#8243; uncode_shortcode_id=&#8221;434851&#8243; overlay_color_type=&#8221;uncode-palette&#8221;][vc_column column_width_percent=&#8221;100&#8243; position_vertical=&#8221;middle&#8221; align_horizontal=&#8221;align_center&#8221; gutter_size=&#8221;3&#8243; style=&#8221;dark&#8221; overlay_alpha=&#8221;50&#8243; shift_x=&#8221;0&#8243; shift_y=&#8221;0&#8243; [&hellip;]","og_url":"https:\/\/www.panizzolo.com\/fr\/actualites-et-evenements\/","og_site_name":"Panizzolo Impianti di riciclaggio per rifiuti","article_publisher":"https:\/\/www.facebook.com\/PanizzoloRecycling","article_modified_time":"2025-10-13T11:51:10+00:00","og_image":[{"width":2560,"height":900,"url":"https:\/\/www.panizzolo.com\/wp-content\/uploads\/2019\/09\/news.jpg","type":"image\/jpeg"}],"twitter_card":"summary_large_image","twitter_site":"@PanizzoloRS","twitter_misc":{"Est. reading time":"2 minutes"},"schema":{"@context":"https:\/\/schema.org","@graph":[{"@type":"WebPage","@id":"https:\/\/www.panizzolo.com\/fr\/actualites-et-evenements\/","url":"https:\/\/www.panizzolo.com\/fr\/actualites-et-evenements\/","name":"Actualit\u00e9s et \u00e9v\u00e9nements - Panizzolo Impianti di riciclaggio per rifiuti","isPartOf":{"@id":"https:\/\/www.panizzolo.com\/fr\/#website"},"primaryImageOfPage":{"@id":"https:\/\/www.panizzolo.com\/fr\/actualites-et-evenements\/#primaryimage"},"image":{"@id":"https:\/\/www.panizzolo.com\/fr\/actualites-et-evenements\/#primaryimage"},"thumbnailUrl":"https:\/\/www.panizzolo.com\/wp-content\/uploads\/2019\/09\/news.jpg","datePublished":"2018-06-14T09:11:12+00:00","dateModified":"2025-10-13T11:51:10+00:00","inLanguage":"fr-FR","potentialAction":[{"@type":"ReadAction","target":["https:\/\/www.panizzolo.com\/fr\/actualites-et-evenements\/"]}]},{"@type":"ImageObject","inLanguage":"fr-FR","@id":"https:\/\/www.panizzolo.com\/fr\/actualites-et-evenements\/#primaryimage","url":"https:\/\/www.panizzolo.com\/wp-content\/uploads\/2019\/09\/news.jpg","contentUrl":"https:\/\/www.panizzolo.com\/wp-content\/uploads\/2019\/09\/news.jpg","width":2560,"height":900},{"@type":"WebSite","@id":"https:\/\/www.panizzolo.com\/fr\/#website","url":"https:\/\/www.panizzolo.com\/fr\/","name":"Panizzolo Impianti di riciclaggio per rifiuti","description":"Panizzolo Impianti di riciclaggio per rifiuti","potentialAction":[{"@type":"SearchAction","target":{"@type":"EntryPoint","urlTemplate":"https:\/\/www.panizzolo.com\/fr\/?s={search_term_string}"},"query-input":{"@type":"PropertyValueSpecification","valueRequired":true,"valueName":"search_term_string"}}],"inLanguage":"fr-FR"}]}},"_links":{"self":[{"href":"https:\/\/www.panizzolo.com\/fr\/wp-json\/wp\/v2\/pages\/73895","targetHints":{"allow":["GET"]}}],"collection":[{"href":"https:\/\/www.panizzolo.com\/fr\/wp-json\/wp\/v2\/pages"}],"about":[{"href":"https:\/\/www.panizzolo.com\/fr\/wp-json\/wp\/v2\/types\/page"}],"author":[{"embeddable":true,"href":"https:\/\/www.panizzolo.com\/fr\/wp-json\/wp\/v2\/users\/1"}],"replies":[{"embeddable":true,"href":"https:\/\/www.panizzolo.com\/fr\/wp-json\/wp\/v2\/comments?post=73895"}],"version-history":[{"count":21,"href":"https:\/\/www.panizzolo.com\/fr\/wp-json\/wp\/v2\/pages\/73895\/revisions"}],"predecessor-version":[{"id":101513,"href":"https:\/\/www.panizzolo.com\/fr\/wp-json\/wp\/v2\/pages\/73895\/revisions\/101513"}],"wp:featuredmedia":[{"embeddable":true,"href":"https:\/\/www.panizzolo.com\/fr\/wp-json\/wp\/v2\/media\/73898"}],"wp:attachment":[{"href":"https:\/\/www.panizzolo.com\/fr\/wp-json\/wp\/v2\/media?parent=73895"}],"curies":[{"name":"wp","href":"https:\/\/api.w.org\/{rel}","templated":true}]}}