{"id":69914,"date":"2018-06-15T14:09:52","date_gmt":"2018-06-15T12:09:52","guid":{"rendered":"http:\/\/www.panizzolo.it\/soluzioni-di-riciclaggio\/impianti-di-riciclaggio\/"},"modified":"2025-09-26T08:56:51","modified_gmt":"2025-09-26T06:56:51","slug":"installations-de-recyclage","status":"publish","type":"page","link":"https:\/\/www.panizzolo.com\/fr\/solutions-de-recyclage\/installations-de-recyclage\/","title":{"rendered":"Installation de recyclage"},"content":{"rendered":"<div class=\"wpb-content-wrapper\"><p>[vc_row row_height_percent=&#8221;50&#8243; back_image=&#8221;99037&#8243; overlay_color=&#8221;color-jevc&#8221; overlay_alpha=&#8221;30&#8243; gutter_size=&#8221;3&#8243; column_width_percent=&#8221;100&#8243; shift_y=&#8221;0&#8243; z_index=&#8221;0&#8243; content_parallax=&#8221;0&#8243; uncode_shortcode_id=&#8221;102201&#8243; overlay_color_type=&#8221;uncode-palette&#8221;][vc_column column_width_percent=&#8221;57&#8243; position_vertical=&#8221;middle&#8221; align_horizontal=&#8221;align_center&#8221; gutter_size=&#8221;3&#8243; style=&#8221;dark&#8221; overlay_alpha=&#8221;50&#8243; shift_x=&#8221;0&#8243; shift_y=&#8221;0&#8243; shift_y_down=&#8221;0&#8243; z_index=&#8221;0&#8243; medium_width=&#8221;0&#8243; mobile_width=&#8221;0&#8243; width=&#8221;1\/1&#8243; uncode_shortcode_id=&#8221;686665&#8243;][vc_custom_heading heading_semantic=&#8221;h1&#8243; text_font=&#8221;font-195077&#8243; text_size=&#8221;h1&#8243; uncode_shortcode_id=&#8221;887799&#8243;]Installations de recyclage[\/vc_custom_heading][vc_custom_heading heading_semantic=&#8221;h3&#8243; text_font=&#8221;font-116529&#8243; text_size=&#8221;h3&#8243; uncode_shortcode_id=&#8221;165683&#8243;]Des solutions cl\u00e9s en main, de la r\u00e9duction volum\u00e9trique au raffinage[\/vc_custom_heading][\/vc_column][\/vc_row][vc_row row_height_percent=&#8221;0&#8243; override_padding=&#8221;yes&#8221; h_padding=&#8221;2&#8243; top_padding=&#8221;4&#8243; bottom_padding=&#8221;2&#8243; overlay_alpha=&#8221;50&#8243; gutter_size=&#8221;3&#8243; column_width_percent=&#8221;100&#8243; shift_y=&#8221;0&#8243; z_index=&#8221;0&#8243; content_parallax=&#8221;0&#8243; uncode_shortcode_id=&#8221;154202&#8243;][vc_column column_width_percent=&#8221;100&#8243; position_vertical=&#8221;middle&#8221; gutter_size=&#8221;4&#8243; overlay_alpha=&#8221;50&#8243; shift_x=&#8221;0&#8243; shift_y=&#8221;0&#8243; shift_y_down=&#8221;0&#8243; z_index=&#8221;0&#8243; medium_width=&#8221;0&#8243; mobile_width=&#8221;0&#8243; width=&#8221;1\/1&#8243; uncode_shortcode_id=&#8221;159171&#8243;][vc_custom_heading text_color=&#8221;color-170105&#8243; heading_semantic=&#8221;h1&#8243; text_font=&#8221;font-195077&#8243; uncode_shortcode_id=&#8221;207448&#8243; text_color_type=&#8221;uncode-palette&#8221;]Cycles de traitement modulaires et flexibles pour la valorisation des m\u00e9taux[\/vc_custom_heading][vc_row_inner row_inner_height_percent=&#8221;0&#8243; overlay_alpha=&#8221;50&#8243; gutter_size=&#8221;5&#8243; shift_y=&#8221;0&#8243; z_index=&#8221;0&#8243; uncode_shortcode_id=&#8221;367823&#8243;][vc_column_inner width=&#8221;1\/2&#8243;][vc_column_text css_animation=&#8221;bottom-t-top&#8221; uncode_shortcode_id=&#8221;471140&#8243;]Gr\u00e2ce \u00e0 notre \u00e9quipe de professionnels qualifi\u00e9s et \u00e0 notre solide savoir-faire technologique, nous avons d\u00e9velopp\u00e9 au fil des ans des installations de r\u00e9cup\u00e9ration des m\u00e9taux hautement efficaces et flexibles. Nos clients obtiennent r\u00e9guli\u00e8rement des r\u00e9sultats optimaux en termes de qualit\u00e9 des produits, de temps de traitement et de co\u00fbts, gr\u00e2ce \u00e0 une productivit\u00e9 horaire \u00e9lev\u00e9e, \u00e0 la r\u00e9duction des co\u00fbts \u00e9nerg\u00e9tiques et \u00e0 la valorisation maximale des mat\u00e9riaux trait\u00e9s.[\/vc_column_text][\/vc_column_inner][vc_column_inner width=&#8221;1\/2&#8243;][vc_column_text css_animation=&#8221;bottom-t-top&#8221; uncode_shortcode_id=&#8221;127170&#8243;]Nos installations de recyclage des d\u00e9chets m\u00e9talliques sont des solutions de pointe, enti\u00e8rement con\u00e7ues en interne et destin\u00e9es \u00e0 maximiser le retour sur investissement. Notre objectif n\u2019est pas seulement de fournir une technologie fiable, mais aussi de devenir un v\u00e9ritable partenaire de croissance pour les entreprises, capable de les accompagner \u00e0 chaque \u00e9tape du processus, de la conception initiale \u00e0 l\u2019assistance apr\u00e8s-vente.[\/vc_column_text][\/vc_column_inner][\/vc_row_inner][\/vc_column][\/vc_row][vc_row row_height_percent=&#8221;0&#8243; overlay_alpha=&#8221;50&#8243; gutter_size=&#8221;3&#8243; column_width_percent=&#8221;100&#8243; shift_y=&#8221;0&#8243; z_index=&#8221;0&#8243; content_parallax=&#8221;0&#8243; uncode_shortcode_id=&#8221;707202&#8243;][vc_column width=&#8221;1\/1&#8243;][vc_single_image media=&#8221;99386&#8243; media_width_percent=&#8221;100&#8243; uncode_shortcode_id=&#8221;112641&#8243;][\/vc_column][\/vc_row][vc_row row_height_percent=&#8221;0&#8243; override_padding=&#8221;yes&#8221; h_padding=&#8221;2&#8243; top_padding=&#8221;2&#8243; bottom_padding=&#8221;2&#8243; overlay_alpha=&#8221;50&#8243; gutter_size=&#8221;3&#8243; column_width_percent=&#8221;100&#8243; shift_y=&#8221;0&#8243; z_index=&#8221;0&#8243; content_parallax=&#8221;0&#8243; uncode_shortcode_id=&#8221;253550&#8243;][vc_column column_width_percent=&#8221;100&#8243; gutter_size=&#8221;3&#8243; overlay_alpha=&#8221;50&#8243; shift_x=&#8221;0&#8243; shift_y=&#8221;0&#8243; shift_y_down=&#8221;0&#8243; z_index=&#8221;0&#8243; medium_width=&#8221;0&#8243; mobile_width=&#8221;0&#8243; css_animation=&#8221;bottom-t-top&#8221; animation_delay=&#8221;100&#8243; width=&#8221;1\/1&#8243; uncode_shortcode_id=&#8221;110296&#8243;][vc_custom_heading text_color=&#8221;color-170105&#8243; heading_semantic=&#8221;h1&#8243; text_font=&#8221;font-195077&#8243; uncode_shortcode_id=&#8221;111847&#8243; text_color_type=&#8221;uncode-palette&#8221;]Des solutions d\u00e9di\u00e9es \u00e0 chaque type de traitement[\/vc_custom_heading][vc_empty_space empty_h=&#8221;0&#8243;][uncode_index el_id=&#8221;index-121473&#8243; loop=&#8221;size:All|order_by:menu_order|order:ASC|post_type:page|tax_query:259|taxonomy_count:10&#8243; screen_lg=&#8221;1000&#8243; screen_md=&#8221;600&#8243; screen_sm=&#8221;480&#8243; gutter_size=&#8221;4&#8243; page_items=&#8221;title,media|featured|onpost|original,link|default|default_size|scale_mobile|default_width|default_outline|En savoir plus&#8221; images_size=&#8221;three-two&#8221; single_overlay_opacity=&#8221;50&#8243; single_overlay_anim=&#8221;no&#8221; single_image_anim=&#8221;no&#8221; single_padding=&#8221;2&#8243; single_title_semantic=&#8221;h2&#8243; single_title_family=&#8221;font-116529&#8243; single_title_dimension=&#8221;h6&#8243; single_title_weight=&#8221;600&#8243; single_title_transform=&#8221;uppercase&#8221; single_border=&#8221;yes&#8221; uncode_shortcode_id=&#8221;210465&#8243; el_class=&#8221;impianti_archive&#8221; items=&#8221;eyI2NTc4M19pIjp7InNpbmdsZV9saW5rIjoidXJsOmh0dHBzJTNBJTJGJTJGd3d3LnBhbml6em9sby5jb20lMkZicmV2ZXR0aSUyRmJyZXZldHRpLWRpLXJhZmZpbmF6aW9uZSUyRnx0aXRsZTpCcmV2ZXR0aSUyMGRpJTIwcmFmZmluYXppb25lIn0sIjcwMDU2X2kiOnsic2luZ2xlX2xpbmsiOiJ1cmw6aHR0cHMlM0ElMkYlMkZ3d3cucGFuaXp6b2xvLmNvbSUyRmZyJTJGYnJldmV0cyUyRmJyZXZldHMtcG91ci1sZS1yYWZmaW5hZ2UlMkYifX0=&#8221;][\/vc_column][\/vc_row][vc_row row_height_percent=&#8221;0&#8243; override_padding=&#8221;yes&#8221; h_padding=&#8221;2&#8243; top_padding=&#8221;3&#8243; bottom_padding=&#8221;3&#8243; overlay_alpha=&#8221;50&#8243; gutter_size=&#8221;3&#8243; column_width_percent=&#8221;100&#8243; shift_y=&#8221;0&#8243; z_index=&#8221;0&#8243; uncode_shortcode_id=&#8221;433143&#8243;][vc_column width=&#8221;1\/1&#8243;][vc_empty_space empty_h=&#8221;2&#8243;][\/vc_column][\/vc_row][vc_row][vc_column width=&#8221;1\/1&#8243;][uncode_block id=&#8221;98938&#8243;][\/vc_column][\/vc_row][vc_row row_height_percent=&#8221;0&#8243; override_padding=&#8221;yes&#8221; h_padding=&#8221;2&#8243; top_padding=&#8221;0&#8243; bottom_padding=&#8221;2&#8243; overlay_alpha=&#8221;50&#8243; gutter_size=&#8221;3&#8243; column_width_percent=&#8221;100&#8243; shift_y=&#8221;0&#8243; z_index=&#8221;0&#8243; content_parallax=&#8221;0&#8243; uncode_shortcode_id=&#8221;340420&#8243;][vc_column width=&#8221;1\/1&#8243;][vc_empty_space empty_h=&#8221;0&#8243;][\/vc_column][\/vc_row][vc_row row_height_percent=&#8221;55&#8243; back_image=&#8221;97556&#8243; overlay_alpha=&#8221;50&#8243; gutter_size=&#8221;3&#8243; column_width_percent=&#8221;100&#8243; shift_y=&#8221;0&#8243; z_index=&#8221;0&#8243; content_parallax=&#8221;0&#8243; uncode_shortcode_id=&#8221;121240&#8243; row_height_pixel=&#8221;400&#8243;][vc_column width=&#8221;1\/1&#8243;][\/vc_column][\/vc_row][vc_row row_height_percent=&#8221;0&#8243; override_padding=&#8221;yes&#8221; h_padding=&#8221;2&#8243; top_padding=&#8221;4&#8243; bottom_padding=&#8221;4&#8243; overlay_alpha=&#8221;50&#8243; gutter_size=&#8221;3&#8243; column_width_percent=&#8221;100&#8243; shift_y=&#8221;0&#8243; z_index=&#8221;0&#8243; content_parallax=&#8221;0&#8243; uncode_shortcode_id=&#8221;173136&#8243;][vc_column width=&#8221;1\/1&#8243;][vc_single_image media=&#8221;99245&#8243; media_width_percent=&#8221;100&#8243; uncode_shortcode_id=&#8221;179077&#8243;][\/vc_column][\/vc_row][vc_row][vc_column width=&#8221;1\/1&#8243;][uncode_block id=&#8221;80860&#8243;][\/vc_column][\/vc_row]<\/p>\n<\/div>","protected":false},"excerpt":{"rendered":"<p>Trent\u2019anni di esperienze dirette permette a Panizzolo di progettare impianti di riciclaggio finalizzati alla completa valorizzazione dei metalli recuperati.<\/p>\n","protected":false},"author":1,"featured_media":69725,"parent":69903,"menu_order":20,"comment_status":"closed","ping_status":"closed","template":"","meta":{"footnotes":""},"class_list":["post-69914","page","type-page","status-publish","has-post-thumbnail","hentry"],"yoast_head":"<!-- This site is optimized with the Yoast SEO plugin v24.5 - https:\/\/yoast.com\/wordpress\/plugins\/seo\/ -->\n<title>Installation de recyclage - Panizzolo Recycling Systems<\/title>\n<meta name=\"description\" content=\"Installations compl\u00e8tes pour le recyclage des ferrailles m\u00e9talliques, modulaires et flexibles, de la r\u00e9duction volum\u00e9trique au raffinage.\" \/>\n<meta name=\"robots\" content=\"index, follow, max-snippet:-1, max-image-preview:large, max-video-preview:-1\" \/>\n<link rel=\"canonical\" href=\"https:\/\/www.panizzolo.com\/fr\/solutions-de-recyclage\/installations-de-recyclage\/\" \/>\n<meta property=\"og:locale\" content=\"fr_FR\" \/>\n<meta property=\"og:type\" content=\"article\" \/>\n<meta property=\"og:title\" content=\"Installation de recyclage - Panizzolo Recycling Systems\" \/>\n<meta property=\"og:description\" content=\"Installations compl\u00e8tes pour le recyclage des ferrailles m\u00e9talliques, modulaires et flexibles, de la r\u00e9duction volum\u00e9trique au raffinage.\" \/>\n<meta property=\"og:url\" content=\"https:\/\/www.panizzolo.com\/fr\/solutions-de-recyclage\/installations-de-recyclage\/\" \/>\n<meta property=\"og:site_name\" content=\"Panizzolo Impianti di riciclaggio per rifiuti\" \/>\n<meta property=\"article:publisher\" content=\"https:\/\/www.facebook.com\/PanizzoloRecycling\" \/>\n<meta property=\"article:modified_time\" content=\"2025-09-26T06:56:51+00:00\" \/>\n<meta property=\"og:image\" content=\"https:\/\/www.panizzolo.com\/wp-content\/uploads\/2019\/10\/imgEvidenza_ChiSiamo.jpg\" \/>\n\t<meta property=\"og:image:width\" content=\"2560\" \/>\n\t<meta property=\"og:image:height\" content=\"900\" \/>\n\t<meta property=\"og:image:type\" content=\"image\/jpeg\" \/>\n<meta name=\"twitter:card\" content=\"summary_large_image\" \/>\n<meta name=\"twitter:site\" content=\"@PanizzoloRS\" \/>\n<meta name=\"twitter:label1\" content=\"Est. reading time\" \/>\n\t<meta name=\"twitter:data1\" content=\"3 minutes\" \/>\n<script type=\"application\/ld+json\" class=\"yoast-schema-graph\">{\"@context\":\"https:\/\/schema.org\",\"@graph\":[{\"@type\":\"WebPage\",\"@id\":\"https:\/\/www.panizzolo.com\/fr\/solutions-de-recyclage\/installations-de-recyclage\/\",\"url\":\"https:\/\/www.panizzolo.com\/fr\/solutions-de-recyclage\/installations-de-recyclage\/\",\"name\":\"Installation de recyclage - Panizzolo Recycling Systems\",\"isPartOf\":{\"@id\":\"https:\/\/www.panizzolo.com\/fr\/#website\"},\"primaryImageOfPage\":{\"@id\":\"https:\/\/www.panizzolo.com\/fr\/solutions-de-recyclage\/installations-de-recyclage\/#primaryimage\"},\"image\":{\"@id\":\"https:\/\/www.panizzolo.com\/fr\/solutions-de-recyclage\/installations-de-recyclage\/#primaryimage\"},\"thumbnailUrl\":\"https:\/\/www.panizzolo.com\/wp-content\/uploads\/2019\/10\/imgEvidenza_ChiSiamo.jpg\",\"datePublished\":\"2018-06-15T12:09:52+00:00\",\"dateModified\":\"2025-09-26T06:56:51+00:00\",\"description\":\"Installations compl\u00e8tes pour le recyclage des ferrailles m\u00e9talliques, modulaires et flexibles, de la r\u00e9duction volum\u00e9trique au raffinage.\",\"breadcrumb\":{\"@id\":\"https:\/\/www.panizzolo.com\/fr\/solutions-de-recyclage\/installations-de-recyclage\/#breadcrumb\"},\"inLanguage\":\"fr-FR\",\"potentialAction\":[{\"@type\":\"ReadAction\",\"target\":[\"https:\/\/www.panizzolo.com\/fr\/solutions-de-recyclage\/installations-de-recyclage\/\"]}]},{\"@type\":\"ImageObject\",\"inLanguage\":\"fr-FR\",\"@id\":\"https:\/\/www.panizzolo.com\/fr\/solutions-de-recyclage\/installations-de-recyclage\/#primaryimage\",\"url\":\"https:\/\/www.panizzolo.com\/wp-content\/uploads\/2019\/10\/imgEvidenza_ChiSiamo.jpg\",\"contentUrl\":\"https:\/\/www.panizzolo.com\/wp-content\/uploads\/2019\/10\/imgEvidenza_ChiSiamo.jpg\",\"width\":2560,\"height\":900},{\"@type\":\"BreadcrumbList\",\"@id\":\"https:\/\/www.panizzolo.com\/fr\/solutions-de-recyclage\/installations-de-recyclage\/#breadcrumb\",\"itemListElement\":[{\"@type\":\"ListItem\",\"position\":1,\"name\":\"Solutions de recyclage\",\"item\":\"https:\/\/www.panizzolo.com\/fr\/solutions-de-recyclage\/\"},{\"@type\":\"ListItem\",\"position\":2,\"name\":\"Installation de recyclage\"}]},{\"@type\":\"WebSite\",\"@id\":\"https:\/\/www.panizzolo.com\/fr\/#website\",\"url\":\"https:\/\/www.panizzolo.com\/fr\/\",\"name\":\"Panizzolo Impianti di riciclaggio per rifiuti\",\"description\":\"Panizzolo Impianti di riciclaggio per rifiuti\",\"potentialAction\":[{\"@type\":\"SearchAction\",\"target\":{\"@type\":\"EntryPoint\",\"urlTemplate\":\"https:\/\/www.panizzolo.com\/fr\/?s={search_term_string}\"},\"query-input\":{\"@type\":\"PropertyValueSpecification\",\"valueRequired\":true,\"valueName\":\"search_term_string\"}}],\"inLanguage\":\"fr-FR\"}]}<\/script>\n<!-- \/ Yoast SEO plugin. -->","yoast_head_json":{"title":"Installation de recyclage - Panizzolo Recycling Systems","description":"Installations compl\u00e8tes pour le recyclage des ferrailles m\u00e9talliques, modulaires et flexibles, de la r\u00e9duction volum\u00e9trique au raffinage.","robots":{"index":"index","follow":"follow","max-snippet":"max-snippet:-1","max-image-preview":"max-image-preview:large","max-video-preview":"max-video-preview:-1"},"canonical":"https:\/\/www.panizzolo.com\/fr\/solutions-de-recyclage\/installations-de-recyclage\/","og_locale":"fr_FR","og_type":"article","og_title":"Installation de recyclage - Panizzolo Recycling Systems","og_description":"Installations compl\u00e8tes pour le recyclage des ferrailles m\u00e9talliques, modulaires et flexibles, de la r\u00e9duction volum\u00e9trique au raffinage.","og_url":"https:\/\/www.panizzolo.com\/fr\/solutions-de-recyclage\/installations-de-recyclage\/","og_site_name":"Panizzolo Impianti di riciclaggio per rifiuti","article_publisher":"https:\/\/www.facebook.com\/PanizzoloRecycling","article_modified_time":"2025-09-26T06:56:51+00:00","og_image":[{"width":2560,"height":900,"url":"https:\/\/www.panizzolo.com\/wp-content\/uploads\/2019\/10\/imgEvidenza_ChiSiamo.jpg","type":"image\/jpeg"}],"twitter_card":"summary_large_image","twitter_site":"@PanizzoloRS","twitter_misc":{"Est. reading time":"3 minutes"},"schema":{"@context":"https:\/\/schema.org","@graph":[{"@type":"WebPage","@id":"https:\/\/www.panizzolo.com\/fr\/solutions-de-recyclage\/installations-de-recyclage\/","url":"https:\/\/www.panizzolo.com\/fr\/solutions-de-recyclage\/installations-de-recyclage\/","name":"Installation de recyclage - Panizzolo Recycling Systems","isPartOf":{"@id":"https:\/\/www.panizzolo.com\/fr\/#website"},"primaryImageOfPage":{"@id":"https:\/\/www.panizzolo.com\/fr\/solutions-de-recyclage\/installations-de-recyclage\/#primaryimage"},"image":{"@id":"https:\/\/www.panizzolo.com\/fr\/solutions-de-recyclage\/installations-de-recyclage\/#primaryimage"},"thumbnailUrl":"https:\/\/www.panizzolo.com\/wp-content\/uploads\/2019\/10\/imgEvidenza_ChiSiamo.jpg","datePublished":"2018-06-15T12:09:52+00:00","dateModified":"2025-09-26T06:56:51+00:00","description":"Installations compl\u00e8tes pour le recyclage des ferrailles m\u00e9talliques, modulaires et flexibles, de la r\u00e9duction volum\u00e9trique au raffinage.","breadcrumb":{"@id":"https:\/\/www.panizzolo.com\/fr\/solutions-de-recyclage\/installations-de-recyclage\/#breadcrumb"},"inLanguage":"fr-FR","potentialAction":[{"@type":"ReadAction","target":["https:\/\/www.panizzolo.com\/fr\/solutions-de-recyclage\/installations-de-recyclage\/"]}]},{"@type":"ImageObject","inLanguage":"fr-FR","@id":"https:\/\/www.panizzolo.com\/fr\/solutions-de-recyclage\/installations-de-recyclage\/#primaryimage","url":"https:\/\/www.panizzolo.com\/wp-content\/uploads\/2019\/10\/imgEvidenza_ChiSiamo.jpg","contentUrl":"https:\/\/www.panizzolo.com\/wp-content\/uploads\/2019\/10\/imgEvidenza_ChiSiamo.jpg","width":2560,"height":900},{"@type":"BreadcrumbList","@id":"https:\/\/www.panizzolo.com\/fr\/solutions-de-recyclage\/installations-de-recyclage\/#breadcrumb","itemListElement":[{"@type":"ListItem","position":1,"name":"Solutions de recyclage","item":"https:\/\/www.panizzolo.com\/fr\/solutions-de-recyclage\/"},{"@type":"ListItem","position":2,"name":"Installation de recyclage"}]},{"@type":"WebSite","@id":"https:\/\/www.panizzolo.com\/fr\/#website","url":"https:\/\/www.panizzolo.com\/fr\/","name":"Panizzolo Impianti di riciclaggio per rifiuti","description":"Panizzolo Impianti di riciclaggio per rifiuti","potentialAction":[{"@type":"SearchAction","target":{"@type":"EntryPoint","urlTemplate":"https:\/\/www.panizzolo.com\/fr\/?s={search_term_string}"},"query-input":{"@type":"PropertyValueSpecification","valueRequired":true,"valueName":"search_term_string"}}],"inLanguage":"fr-FR"}]}},"_links":{"self":[{"href":"https:\/\/www.panizzolo.com\/fr\/wp-json\/wp\/v2\/pages\/69914","targetHints":{"allow":["GET"]}}],"collection":[{"href":"https:\/\/www.panizzolo.com\/fr\/wp-json\/wp\/v2\/pages"}],"about":[{"href":"https:\/\/www.panizzolo.com\/fr\/wp-json\/wp\/v2\/types\/page"}],"author":[{"embeddable":true,"href":"https:\/\/www.panizzolo.com\/fr\/wp-json\/wp\/v2\/users\/1"}],"replies":[{"embeddable":true,"href":"https:\/\/www.panizzolo.com\/fr\/wp-json\/wp\/v2\/comments?post=69914"}],"version-history":[{"count":18,"href":"https:\/\/www.panizzolo.com\/fr\/wp-json\/wp\/v2\/pages\/69914\/revisions"}],"predecessor-version":[{"id":99392,"href":"https:\/\/www.panizzolo.com\/fr\/wp-json\/wp\/v2\/pages\/69914\/revisions\/99392"}],"up":[{"embeddable":true,"href":"https:\/\/www.panizzolo.com\/fr\/wp-json\/wp\/v2\/pages\/69903"}],"wp:featuredmedia":[{"embeddable":true,"href":"https:\/\/www.panizzolo.com\/fr\/wp-json\/wp\/v2\/media\/69725"}],"wp:attachment":[{"href":"https:\/\/www.panizzolo.com\/fr\/wp-json\/wp\/v2\/media?parent=69914"}],"curies":[{"name":"wp","href":"https:\/\/api.w.org\/{rel}","templated":true}]}}