{"id":87520,"date":"2021-09-16T10:27:33","date_gmt":"2021-09-16T08:27:33","guid":{"rendered":"https:\/\/www.panizzolo.com\/soluciones-de-reciclaje\/maquinas-de-reciclaje\/sistemas-de-separacion\/x-ray-e-ottici\/"},"modified":"2021-12-22T16:11:18","modified_gmt":"2021-12-22T15:11:18","slug":"rayos-x-y-opticos","status":"publish","type":"page","link":"https:\/\/www.panizzolo.com\/es\/soluciones-de-reciclaje\/maquinas-de-reciclaje\/sistemas-de-separacion\/rayos-x-y-opticos\/","title":{"rendered":"Rayos x y \u00f3pticos"},"content":{"rendered":"<div class=\"wpb-content-wrapper\"><p>[vc_row row_height_percent=&#8221;0&#8243; override_padding=&#8221;yes&#8221; h_padding=&#8221;2&#8243; top_padding=&#8221;4&#8243; bottom_padding=&#8221;0&#8243; overlay_alpha=&#8221;50&#8243; gutter_size=&#8221;3&#8243; column_width_percent=&#8221;100&#8243; shift_y=&#8221;0&#8243; z_index=&#8221;0&#8243; uncode_shortcode_id=&#8221;127546&#8243;][vc_column column_width_percent=&#8221;95&#8243; position_horizontal=&#8221;left&#8221; gutter_size=&#8221;3&#8243; overlay_alpha=&#8221;50&#8243; shift_x=&#8221;0&#8243; shift_y=&#8221;0&#8243; shift_y_down=&#8221;0&#8243; z_index=&#8221;0&#8243; medium_width=&#8221;0&#8243; mobile_width=&#8221;0&#8243; css_animation=&#8221;left-t-right&#8221; width=&#8221;1\/2&#8243; uncode_shortcode_id=&#8221;315035&#8243;][vc_custom_heading text_color=&#8221;color-170105&#8243; heading_semantic=&#8221;h1&#8243; text_size=&#8221;h1&#8243; uncode_shortcode_id=&#8221;136278&#8243; text_color_type=&#8221;uncode-palette&#8221;]Rayos x y \u00f3pticos[\/vc_custom_heading][\/vc_column][vc_column column_width_percent=&#8221;100&#8243; position_vertical=&#8221;bottom&#8221; gutter_size=&#8221;3&#8243; overlay_alpha=&#8221;50&#8243; shift_x=&#8221;0&#8243; shift_y=&#8221;0&#8243; shift_y_down=&#8221;0&#8243; z_index=&#8221;0&#8243; medium_width=&#8221;0&#8243; mobile_width=&#8221;0&#8243; width=&#8221;1\/2&#8243; uncode_shortcode_id=&#8221;110404&#8243;][\/vc_column][\/vc_row][vc_row row_height_percent=&#8221;0&#8243; override_padding=&#8221;yes&#8221; h_padding=&#8221;2&#8243; top_padding=&#8221;4&#8243; bottom_padding=&#8221;3&#8243; overlay_alpha=&#8221;50&#8243; gutter_size=&#8221;4&#8243; column_width_percent=&#8221;100&#8243; shift_y=&#8221;0&#8243; z_index=&#8221;0&#8243; uncode_shortcode_id=&#8221;186786&#8243;][vc_column column_width_percent=&#8221;100&#8243; position_horizontal=&#8221;left&#8221; gutter_size=&#8221;3&#8243; overlay_alpha=&#8221;50&#8243; shift_x=&#8221;0&#8243; shift_y=&#8221;0&#8243; shift_y_down=&#8221;0&#8243; z_index=&#8221;0&#8243; medium_width=&#8221;0&#8243; mobile_width=&#8221;0&#8243; css_animation=&#8221;left-t-right&#8221; width=&#8221;1\/2&#8243; uncode_shortcode_id=&#8221;504724&#8243;][vc_custom_heading text_color=&#8221;color-708329&#8243; text_font=&#8221;font-116529&#8243; uncode_shortcode_id=&#8221;189287&#8243; text_color_type=&#8221;uncode-palette&#8221;]Separador de rayos x[\/vc_custom_heading][vc_column_text uncode_shortcode_id=&#8221;922281&#8243;]Para separar las piezas mec\u00e1nicas mediante el an\u00e1lisis at\u00f3mico del material. El software integrado, procesa los datos recibidos por el escaneo y en base al programa seleccionado, decide si activar o no el dispositivo neum\u00e1tico de separaci\u00f3n.<\/p>\n<p>Los separadores de rayos x, que suministra Panizzolo Recycling Systems est\u00e1 pensado en colaboraci\u00f3n con empresas l\u00edder del sector; consideradas como de alta calidad a nivel mundial. Carpinter\u00eda estructural y software de interconexi\u00f3n con toda la instalaci\u00f3n, est\u00e1n dise\u00f1ados directamente por Panizzolo, de forma que se simplifican y agilizan los controles y las operaciones de mantenimiento peri\u00f3dicas. El plano vibratorio combinado garantiza una distribuci\u00f3n homog\u00e9nea del material en la cinta y mejora la exposici\u00f3n a los rayos x.[\/vc_column_text][\/vc_column][vc_column column_width_percent=&#8221;100&#8243; position_vertical=&#8221;bottom&#8221; gutter_size=&#8221;3&#8243; overlay_alpha=&#8221;50&#8243; shift_x=&#8221;0&#8243; shift_y=&#8221;0&#8243; shift_y_down=&#8221;0&#8243; z_index=&#8221;0&#8243; medium_width=&#8221;0&#8243; mobile_width=&#8221;0&#8243; width=&#8221;1\/2&#8243; uncode_shortcode_id=&#8221;110404&#8243;][vc_single_image media=&#8221;86365&#8243; media_width_percent=&#8221;100&#8243; css_animation=&#8221;right-t-left&#8221; uncode_shortcode_id=&#8221;830356&#8243;][\/vc_column][\/vc_row][vc_row row_height_percent=&#8221;0&#8243; overlay_alpha=&#8221;50&#8243; gutter_size=&#8221;4&#8243; column_width_percent=&#8221;100&#8243; shift_y=&#8221;0&#8243; z_index=&#8221;0&#8243; uncode_shortcode_id=&#8221;440136&#8243;][vc_column column_width_percent=&#8221;100&#8243; gutter_size=&#8221;3&#8243; overlay_alpha=&#8221;50&#8243; shift_x=&#8221;0&#8243; shift_y=&#8221;0&#8243; shift_y_down=&#8221;0&#8243; z_index=&#8221;0&#8243; medium_width=&#8221;0&#8243; mobile_width=&#8221;0&#8243; width=&#8221;1\/2&#8243; uncode_shortcode_id=&#8221;803831&#8243;][vc_single_image media=&#8221;85930&#8243; media_width_percent=&#8221;100&#8243; css_animation=&#8221;left-t-right&#8221; uncode_shortcode_id=&#8221;361700&#8243;][\/vc_column][vc_column column_width_percent=&#8221;95&#8243; position_horizontal=&#8221;left&#8221; position_vertical=&#8221;bottom&#8221; gutter_size=&#8221;3&#8243; overlay_alpha=&#8221;50&#8243; shift_x=&#8221;0&#8243; shift_y=&#8221;0&#8243; shift_y_down=&#8221;0&#8243; z_index=&#8221;0&#8243; medium_width=&#8221;0&#8243; mobile_width=&#8221;0&#8243; width=&#8221;1\/2&#8243; uncode_shortcode_id=&#8221;446882&#8243;][vc_custom_heading text_color=&#8221;color-708329&#8243; heading_semantic=&#8221;h5&#8243; text_font=&#8221;font-116529&#8243; text_size=&#8221;h5&#8243; uncode_shortcode_id=&#8221;519774&#8243; text_color_type=&#8221;uncode-palette&#8221;]Complemento: aire comprimido y kit de limpieza[\/vc_custom_heading][vc_column_text uncode_shortcode_id=&#8221;244404&#8243;]El kit se instala en una base transportable. Incluye un compresor y dep\u00f3sitos con sistemas de limpieza y filtrado. Pensado espec\u00edficamente y dimensionado, garantiza al separador un flujo constante de aire limpio. Proporcionado con tubos y racores de conexi\u00f3n.[\/vc_column_text][\/vc_column][\/vc_row][vc_row row_height_percent=&#8221;0&#8243; override_padding=&#8221;yes&#8221; h_padding=&#8221;2&#8243; top_padding=&#8221;4&#8243; bottom_padding=&#8221;4&#8243; overlay_alpha=&#8221;50&#8243; gutter_size=&#8221;4&#8243; column_width_percent=&#8221;100&#8243; shift_y=&#8221;0&#8243; z_index=&#8221;0&#8243; uncode_shortcode_id=&#8221;202037&#8243;][vc_column column_width_percent=&#8221;100&#8243; gutter_size=&#8221;3&#8243; overlay_alpha=&#8221;50&#8243; shift_x=&#8221;0&#8243; shift_y=&#8221;0&#8243; shift_y_down=&#8221;0&#8243; z_index=&#8221;0&#8243; medium_width=&#8221;0&#8243; mobile_width=&#8221;0&#8243; css_animation=&#8221;left-t-right&#8221; width=&#8221;1\/2&#8243; uncode_shortcode_id=&#8221;202655&#8243;][vc_custom_heading text_color=&#8221;color-708329&#8243; text_font=&#8221;font-116529&#8243; uncode_shortcode_id=&#8221;195925&#8243; text_color_type=&#8221;uncode-palette&#8221;]Clasificador \u00d3ptico[\/vc_custom_heading][vc_column_text uncode_shortcode_id=&#8221;127078&#8243;]Sistema para seleccionar y separar metal granulado mediante c\u00e1maras tricrom\u00e1ticas RBG. Permite reconocer el objeto, mediante el color y las caracter\u00edsticas dimensionales. Resoluci\u00f3n \u00f3ptica de 0,1 mm. Suministrado con estructura de soporte y cuadro el\u00e9ctrico de gesti\u00f3n del control.<\/p>\n<p>La clasificadora \u00f3ptica est\u00e1 pensada en colaboraci\u00f3n con empresas del sector de elevada especializaci\u00f3n. Carpinter\u00eda estructural y software de interconexi\u00f3n con toda la instalaci\u00f3n, est\u00e1n dise\u00f1ados directamente por Panizzolo, de forma que se simplifican y agilizan los controles y las operaciones de mantenimiento peri\u00f3dicas.[\/vc_column_text][\/vc_column][vc_column width=&#8221;1\/2&#8243;][vc_single_image media=&#8221;86553&#8243; media_width_percent=&#8221;100&#8243; media_ratio=&#8221;three-two&#8221; css_animation=&#8221;right-t-left&#8221; uncode_shortcode_id=&#8221;938247&#8243;][\/vc_column][\/vc_row][vc_row row_height_percent=&#8221;0&#8243; override_padding=&#8221;yes&#8221; h_padding=&#8221;2&#8243; top_padding=&#8221;2&#8243; bottom_padding=&#8221;2&#8243; overlay_alpha=&#8221;50&#8243; gutter_size=&#8221;4&#8243; column_width_percent=&#8221;100&#8243; shift_y=&#8221;0&#8243; z_index=&#8221;0&#8243; uncode_shortcode_id=&#8221;166175&#8243;][vc_column column_width_percent=&#8221;100&#8243; gutter_size=&#8221;3&#8243; overlay_alpha=&#8221;50&#8243; shift_x=&#8221;0&#8243; shift_y=&#8221;0&#8243; shift_y_down=&#8221;0&#8243; z_index=&#8221;0&#8243; medium_width=&#8221;0&#8243; mobile_width=&#8221;0&#8243; css_animation=&#8221;bottom-t-top&#8221; width=&#8221;1\/2&#8243; uncode_shortcode_id=&#8221;346156&#8243;][vc_single_image media=&#8221;85936&#8243; media_width_percent=&#8221;100&#8243; uncode_shortcode_id=&#8221;789835&#8243;][vc_custom_heading text_color=&#8221;color-708329&#8243; heading_semantic=&#8221;h5&#8243; text_font=&#8221;font-116529&#8243; text_size=&#8221;h5&#8243; uncode_shortcode_id=&#8221;687582&#8243; text_color_type=&#8221;uncode-palette&#8221;]Complemento: cinta dosificadora[\/vc_custom_heading][vc_column_text uncode_shortcode_id=&#8221;774931&#8243;]Integra una tolva que sirve de dep\u00f3sito y una cinta con deslizamiento regulable. Con conexiones el\u00e9ctricas al software de gesti\u00f3n del sistema, incluidas.[\/vc_column_text][\/vc_column][vc_column column_width_percent=&#8221;100&#8243; gutter_size=&#8221;3&#8243; overlay_alpha=&#8221;50&#8243; shift_x=&#8221;0&#8243; shift_y=&#8221;0&#8243; shift_y_down=&#8221;0&#8243; z_index=&#8221;0&#8243; medium_width=&#8221;0&#8243; mobile_width=&#8221;0&#8243; css_animation=&#8221;bottom-t-top&#8221; width=&#8221;1\/2&#8243; uncode_shortcode_id=&#8221;320610&#8243;][vc_single_image media=&#8221;85942&#8243; media_width_percent=&#8221;100&#8243; uncode_shortcode_id=&#8221;748398&#8243;][vc_custom_heading text_color=&#8221;color-708329&#8243; heading_semantic=&#8221;h5&#8243; text_font=&#8221;font-116529&#8243; text_size=&#8221;h5&#8243; uncode_shortcode_id=&#8221;313018&#8243; text_color_type=&#8221;uncode-palette&#8221;]Complemento: kit de aire comprimido[\/vc_custom_heading][vc_column_text uncode_shortcode_id=&#8221;453055&#8243;]Dimensionado de manera espec\u00edfica para el funcionamiento correcto de la clasificadora \u00f3ptica. Proporcionado con racores y de tubos de conexi\u00f3n.[\/vc_column_text][\/vc_column][\/vc_row][vc_row row_height_percent=&#8221;0&#8243; override_padding=&#8221;yes&#8221; h_padding=&#8221;2&#8243; top_padding=&#8221;2&#8243; bottom_padding=&#8221;4&#8243; overlay_alpha=&#8221;50&#8243; gutter_size=&#8221;3&#8243; column_width_percent=&#8221;100&#8243; shift_y=&#8221;0&#8243; z_index=&#8221;0&#8243; uncode_shortcode_id=&#8221;429089&#8243;][vc_column width=&#8221;1\/3&#8243;][vc_button border_width=&#8221;0&#8243; icon=&#8221;fa fa-arrow-left-thick&#8221; uncode_shortcode_id=&#8221;195536&#8243; link=&#8221;url:https%3A%2F%2Fwww.panizzolo.com%2Fes%2Fsoluciones-de-reciclaje%2Fmaquinas-de-reciclaje%2Fsistemas-de-separacion%2F|title:Sistemas%20de%20separaci%C3%B3n&#8221;]Volver a los sistemas de separaci\u00f3n[\/vc_button][\/vc_column][vc_column width=&#8221;1\/3&#8243;][\/vc_column][vc_column width=&#8221;1\/3&#8243;][\/vc_column][\/vc_row][vc_row][vc_column width=&#8221;1\/1&#8243;][uncode_block id=&#8221;87774&#8243;][\/vc_column][\/vc_row][vc_row][vc_column width=&#8221;1\/1&#8243;][uncode_block id=&#8221;87788&#8243;][\/vc_column][\/vc_row]<\/p>\n<\/div>","protected":false},"excerpt":{"rendered":"<p>[vc_row row_height_percent=&#8221;0&#8243; override_padding=&#8221;yes&#8221; h_padding=&#8221;2&#8243; top_padding=&#8221;4&#8243; bottom_padding=&#8221;0&#8243; overlay_alpha=&#8221;50&#8243; gutter_size=&#8221;3&#8243; column_width_percent=&#8221;100&#8243; shift_y=&#8221;0&#8243; z_index=&#8221;0&#8243; uncode_shortcode_id=&#8221;127546&#8243;][vc_column column_width_percent=&#8221;95&#8243; position_horizontal=&#8221;left&#8221; gutter_size=&#8221;3&#8243; overlay_alpha=&#8221;50&#8243; shift_x=&#8221;0&#8243; shift_y=&#8221;0&#8243; shift_y_down=&#8221;0&#8243; z_index=&#8221;0&#8243; [&hellip;]<\/p>\n","protected":false},"author":1,"featured_media":86370,"parent":70730,"menu_order":6,"comment_status":"closed","ping_status":"closed","template":"","meta":{"footnotes":""},"class_list":["post-87520","page","type-page","status-publish","has-post-thumbnail","hentry","page_category-sistemi-di-separazione-es"],"yoast_head":"<!-- This site is optimized with the Yoast SEO plugin v24.5 - https:\/\/yoast.com\/wordpress\/plugins\/seo\/ -->\n<title>Rayos x y \u00f3pticos - Panizzolo Impianti di riciclaggio per rifiuti<\/title>\n<meta name=\"robots\" content=\"index, follow, max-snippet:-1, max-image-preview:large, max-video-preview:-1\" \/>\n<link rel=\"canonical\" href=\"https:\/\/www.panizzolo.com\/es\/soluciones-de-reciclaje\/maquinas-de-reciclaje\/sistemas-de-separacion\/rayos-x-y-opticos\/\" \/>\n<meta property=\"og:locale\" content=\"es_ES\" \/>\n<meta property=\"og:type\" content=\"article\" \/>\n<meta property=\"og:title\" content=\"Rayos x y \u00f3pticos - Panizzolo Impianti di riciclaggio per rifiuti\" \/>\n<meta property=\"og:description\" content=\"[vc_row row_height_percent=&#8221;0&#8243; override_padding=&#8221;yes&#8221; h_padding=&#8221;2&#8243; top_padding=&#8221;4&#8243; bottom_padding=&#8221;0&#8243; overlay_alpha=&#8221;50&#8243; gutter_size=&#8221;3&#8243; column_width_percent=&#8221;100&#8243; shift_y=&#8221;0&#8243; z_index=&#8221;0&#8243; uncode_shortcode_id=&#8221;127546&#8243;][vc_column column_width_percent=&#8221;95&#8243; position_horizontal=&#8221;left&#8221; gutter_size=&#8221;3&#8243; overlay_alpha=&#8221;50&#8243; shift_x=&#8221;0&#8243; shift_y=&#8221;0&#8243; shift_y_down=&#8221;0&#8243; z_index=&#8221;0&#8243; [&hellip;]\" \/>\n<meta property=\"og:url\" content=\"https:\/\/www.panizzolo.com\/es\/soluciones-de-reciclaje\/maquinas-de-reciclaje\/sistemas-de-separacion\/rayos-x-y-opticos\/\" \/>\n<meta property=\"og:site_name\" content=\"Panizzolo Impianti di riciclaggio per rifiuti\" \/>\n<meta property=\"article:publisher\" content=\"https:\/\/www.facebook.com\/PanizzoloRecycling\" \/>\n<meta property=\"article:modified_time\" content=\"2021-12-22T15:11:18+00:00\" \/>\n<meta property=\"og:image\" content=\"https:\/\/www.panizzolo.com\/wp-content\/uploads\/2021\/10\/Separatore-X-ray-1.jpg\" \/>\n\t<meta property=\"og:image:width\" content=\"1920\" \/>\n\t<meta property=\"og:image:height\" content=\"1440\" \/>\n\t<meta property=\"og:image:type\" content=\"image\/jpeg\" \/>\n<meta name=\"twitter:card\" content=\"summary_large_image\" \/>\n<meta name=\"twitter:site\" content=\"@PanizzoloRS\" \/>\n<meta name=\"twitter:label1\" content=\"Est. reading time\" \/>\n\t<meta name=\"twitter:data1\" content=\"3 minutes\" \/>\n<script type=\"application\/ld+json\" class=\"yoast-schema-graph\">{\"@context\":\"https:\/\/schema.org\",\"@graph\":[{\"@type\":\"WebPage\",\"@id\":\"https:\/\/www.panizzolo.com\/es\/soluciones-de-reciclaje\/maquinas-de-reciclaje\/sistemas-de-separacion\/rayos-x-y-opticos\/\",\"url\":\"https:\/\/www.panizzolo.com\/es\/soluciones-de-reciclaje\/maquinas-de-reciclaje\/sistemas-de-separacion\/rayos-x-y-opticos\/\",\"name\":\"Rayos x y \u00f3pticos - Panizzolo Impianti di riciclaggio per rifiuti\",\"isPartOf\":{\"@id\":\"https:\/\/www.panizzolo.com\/es\/#website\"},\"primaryImageOfPage\":{\"@id\":\"https:\/\/www.panizzolo.com\/es\/soluciones-de-reciclaje\/maquinas-de-reciclaje\/sistemas-de-separacion\/rayos-x-y-opticos\/#primaryimage\"},\"image\":{\"@id\":\"https:\/\/www.panizzolo.com\/es\/soluciones-de-reciclaje\/maquinas-de-reciclaje\/sistemas-de-separacion\/rayos-x-y-opticos\/#primaryimage\"},\"thumbnailUrl\":\"https:\/\/www.panizzolo.com\/wp-content\/uploads\/2021\/10\/Separatore-X-ray-1.jpg\",\"datePublished\":\"2021-09-16T08:27:33+00:00\",\"dateModified\":\"2021-12-22T15:11:18+00:00\",\"breadcrumb\":{\"@id\":\"https:\/\/www.panizzolo.com\/es\/soluciones-de-reciclaje\/maquinas-de-reciclaje\/sistemas-de-separacion\/rayos-x-y-opticos\/#breadcrumb\"},\"inLanguage\":\"es-ES\",\"potentialAction\":[{\"@type\":\"ReadAction\",\"target\":[\"https:\/\/www.panizzolo.com\/es\/soluciones-de-reciclaje\/maquinas-de-reciclaje\/sistemas-de-separacion\/rayos-x-y-opticos\/\"]}]},{\"@type\":\"ImageObject\",\"inLanguage\":\"es-ES\",\"@id\":\"https:\/\/www.panizzolo.com\/es\/soluciones-de-reciclaje\/maquinas-de-reciclaje\/sistemas-de-separacion\/rayos-x-y-opticos\/#primaryimage\",\"url\":\"https:\/\/www.panizzolo.com\/wp-content\/uploads\/2021\/10\/Separatore-X-ray-1.jpg\",\"contentUrl\":\"https:\/\/www.panizzolo.com\/wp-content\/uploads\/2021\/10\/Separatore-X-ray-1.jpg\",\"width\":1920,\"height\":1440},{\"@type\":\"BreadcrumbList\",\"@id\":\"https:\/\/www.panizzolo.com\/es\/soluciones-de-reciclaje\/maquinas-de-reciclaje\/sistemas-de-separacion\/rayos-x-y-opticos\/#breadcrumb\",\"itemListElement\":[{\"@type\":\"ListItem\",\"position\":1,\"name\":\"Soluciones de reciclaje\",\"item\":\"https:\/\/www.panizzolo.com\/es\/soluciones-de-reciclaje\/\"},{\"@type\":\"ListItem\",\"position\":2,\"name\":\"M\u00e1quinas de reciclaje\",\"item\":\"https:\/\/www.panizzolo.com\/es\/soluciones-de-reciclaje\/maquinas-de-reciclaje\/\"},{\"@type\":\"ListItem\",\"position\":3,\"name\":\"Sistemas de separaci\u00f3n\",\"item\":\"https:\/\/www.panizzolo.com\/es\/soluciones-de-reciclaje\/maquinas-de-reciclaje\/sistemas-de-separacion\/\"},{\"@type\":\"ListItem\",\"position\":4,\"name\":\"Rayos x y \u00f3pticos\"}]},{\"@type\":\"WebSite\",\"@id\":\"https:\/\/www.panizzolo.com\/es\/#website\",\"url\":\"https:\/\/www.panizzolo.com\/es\/\",\"name\":\"Panizzolo Impianti di riciclaggio per rifiuti\",\"description\":\"Panizzolo Impianti di riciclaggio per rifiuti\",\"potentialAction\":[{\"@type\":\"SearchAction\",\"target\":{\"@type\":\"EntryPoint\",\"urlTemplate\":\"https:\/\/www.panizzolo.com\/es\/?s={search_term_string}\"},\"query-input\":{\"@type\":\"PropertyValueSpecification\",\"valueRequired\":true,\"valueName\":\"search_term_string\"}}],\"inLanguage\":\"es-ES\"}]}<\/script>\n<!-- \/ Yoast SEO plugin. -->","yoast_head_json":{"title":"Rayos x y \u00f3pticos - Panizzolo Impianti di riciclaggio per rifiuti","robots":{"index":"index","follow":"follow","max-snippet":"max-snippet:-1","max-image-preview":"max-image-preview:large","max-video-preview":"max-video-preview:-1"},"canonical":"https:\/\/www.panizzolo.com\/es\/soluciones-de-reciclaje\/maquinas-de-reciclaje\/sistemas-de-separacion\/rayos-x-y-opticos\/","og_locale":"es_ES","og_type":"article","og_title":"Rayos x y \u00f3pticos - Panizzolo Impianti di riciclaggio per rifiuti","og_description":"[vc_row row_height_percent=&#8221;0&#8243; override_padding=&#8221;yes&#8221; h_padding=&#8221;2&#8243; top_padding=&#8221;4&#8243; bottom_padding=&#8221;0&#8243; overlay_alpha=&#8221;50&#8243; gutter_size=&#8221;3&#8243; column_width_percent=&#8221;100&#8243; shift_y=&#8221;0&#8243; z_index=&#8221;0&#8243; uncode_shortcode_id=&#8221;127546&#8243;][vc_column column_width_percent=&#8221;95&#8243; position_horizontal=&#8221;left&#8221; gutter_size=&#8221;3&#8243; overlay_alpha=&#8221;50&#8243; shift_x=&#8221;0&#8243; shift_y=&#8221;0&#8243; shift_y_down=&#8221;0&#8243; z_index=&#8221;0&#8243; [&hellip;]","og_url":"https:\/\/www.panizzolo.com\/es\/soluciones-de-reciclaje\/maquinas-de-reciclaje\/sistemas-de-separacion\/rayos-x-y-opticos\/","og_site_name":"Panizzolo Impianti di riciclaggio per rifiuti","article_publisher":"https:\/\/www.facebook.com\/PanizzoloRecycling","article_modified_time":"2021-12-22T15:11:18+00:00","og_image":[{"width":1920,"height":1440,"url":"https:\/\/www.panizzolo.com\/wp-content\/uploads\/2021\/10\/Separatore-X-ray-1.jpg","type":"image\/jpeg"}],"twitter_card":"summary_large_image","twitter_site":"@PanizzoloRS","twitter_misc":{"Est. reading time":"3 minutes"},"schema":{"@context":"https:\/\/schema.org","@graph":[{"@type":"WebPage","@id":"https:\/\/www.panizzolo.com\/es\/soluciones-de-reciclaje\/maquinas-de-reciclaje\/sistemas-de-separacion\/rayos-x-y-opticos\/","url":"https:\/\/www.panizzolo.com\/es\/soluciones-de-reciclaje\/maquinas-de-reciclaje\/sistemas-de-separacion\/rayos-x-y-opticos\/","name":"Rayos x y \u00f3pticos - Panizzolo Impianti di riciclaggio per rifiuti","isPartOf":{"@id":"https:\/\/www.panizzolo.com\/es\/#website"},"primaryImageOfPage":{"@id":"https:\/\/www.panizzolo.com\/es\/soluciones-de-reciclaje\/maquinas-de-reciclaje\/sistemas-de-separacion\/rayos-x-y-opticos\/#primaryimage"},"image":{"@id":"https:\/\/www.panizzolo.com\/es\/soluciones-de-reciclaje\/maquinas-de-reciclaje\/sistemas-de-separacion\/rayos-x-y-opticos\/#primaryimage"},"thumbnailUrl":"https:\/\/www.panizzolo.com\/wp-content\/uploads\/2021\/10\/Separatore-X-ray-1.jpg","datePublished":"2021-09-16T08:27:33+00:00","dateModified":"2021-12-22T15:11:18+00:00","breadcrumb":{"@id":"https:\/\/www.panizzolo.com\/es\/soluciones-de-reciclaje\/maquinas-de-reciclaje\/sistemas-de-separacion\/rayos-x-y-opticos\/#breadcrumb"},"inLanguage":"es-ES","potentialAction":[{"@type":"ReadAction","target":["https:\/\/www.panizzolo.com\/es\/soluciones-de-reciclaje\/maquinas-de-reciclaje\/sistemas-de-separacion\/rayos-x-y-opticos\/"]}]},{"@type":"ImageObject","inLanguage":"es-ES","@id":"https:\/\/www.panizzolo.com\/es\/soluciones-de-reciclaje\/maquinas-de-reciclaje\/sistemas-de-separacion\/rayos-x-y-opticos\/#primaryimage","url":"https:\/\/www.panizzolo.com\/wp-content\/uploads\/2021\/10\/Separatore-X-ray-1.jpg","contentUrl":"https:\/\/www.panizzolo.com\/wp-content\/uploads\/2021\/10\/Separatore-X-ray-1.jpg","width":1920,"height":1440},{"@type":"BreadcrumbList","@id":"https:\/\/www.panizzolo.com\/es\/soluciones-de-reciclaje\/maquinas-de-reciclaje\/sistemas-de-separacion\/rayos-x-y-opticos\/#breadcrumb","itemListElement":[{"@type":"ListItem","position":1,"name":"Soluciones de reciclaje","item":"https:\/\/www.panizzolo.com\/es\/soluciones-de-reciclaje\/"},{"@type":"ListItem","position":2,"name":"M\u00e1quinas de reciclaje","item":"https:\/\/www.panizzolo.com\/es\/soluciones-de-reciclaje\/maquinas-de-reciclaje\/"},{"@type":"ListItem","position":3,"name":"Sistemas de separaci\u00f3n","item":"https:\/\/www.panizzolo.com\/es\/soluciones-de-reciclaje\/maquinas-de-reciclaje\/sistemas-de-separacion\/"},{"@type":"ListItem","position":4,"name":"Rayos x y \u00f3pticos"}]},{"@type":"WebSite","@id":"https:\/\/www.panizzolo.com\/es\/#website","url":"https:\/\/www.panizzolo.com\/es\/","name":"Panizzolo Impianti di riciclaggio per rifiuti","description":"Panizzolo Impianti di riciclaggio per rifiuti","potentialAction":[{"@type":"SearchAction","target":{"@type":"EntryPoint","urlTemplate":"https:\/\/www.panizzolo.com\/es\/?s={search_term_string}"},"query-input":{"@type":"PropertyValueSpecification","valueRequired":true,"valueName":"search_term_string"}}],"inLanguage":"es-ES"}]}},"_links":{"self":[{"href":"https:\/\/www.panizzolo.com\/es\/wp-json\/wp\/v2\/pages\/87520","targetHints":{"allow":["GET"]}}],"collection":[{"href":"https:\/\/www.panizzolo.com\/es\/wp-json\/wp\/v2\/pages"}],"about":[{"href":"https:\/\/www.panizzolo.com\/es\/wp-json\/wp\/v2\/types\/page"}],"author":[{"embeddable":true,"href":"https:\/\/www.panizzolo.com\/es\/wp-json\/wp\/v2\/users\/1"}],"replies":[{"embeddable":true,"href":"https:\/\/www.panizzolo.com\/es\/wp-json\/wp\/v2\/comments?post=87520"}],"version-history":[{"count":5,"href":"https:\/\/www.panizzolo.com\/es\/wp-json\/wp\/v2\/pages\/87520\/revisions"}],"predecessor-version":[{"id":88721,"href":"https:\/\/www.panizzolo.com\/es\/wp-json\/wp\/v2\/pages\/87520\/revisions\/88721"}],"up":[{"embeddable":true,"href":"https:\/\/www.panizzolo.com\/es\/wp-json\/wp\/v2\/pages\/70730"}],"wp:featuredmedia":[{"embeddable":true,"href":"https:\/\/www.panizzolo.com\/es\/wp-json\/wp\/v2\/media\/86370"}],"wp:attachment":[{"href":"https:\/\/www.panizzolo.com\/es\/wp-json\/wp\/v2\/media?parent=87520"}],"curies":[{"name":"wp","href":"https:\/\/api.w.org\/{rel}","templated":true}]}}