{"id":87515,"date":"2021-09-16T10:27:06","date_gmt":"2021-09-16T08:27:06","guid":{"rendered":"https:\/\/www.panizzolo.com\/soluciones-de-reciclaje\/maquinas-de-reciclaje\/sistemas-de-separacion\/vagli\/"},"modified":"2021-12-22T14:48:14","modified_gmt":"2021-12-22T13:48:14","slug":"tamices","status":"publish","type":"page","link":"https:\/\/www.panizzolo.com\/es\/soluciones-de-reciclaje\/maquinas-de-reciclaje\/sistemas-de-separacion\/tamices\/","title":{"rendered":"Tamices"},"content":{"rendered":"<div class=\"wpb-content-wrapper\"><p>[vc_row row_height_percent=&#8221;0&#8243; override_padding=&#8221;yes&#8221; h_padding=&#8221;2&#8243; top_padding=&#8221;4&#8243; bottom_padding=&#8221;2&#8243; overlay_alpha=&#8221;50&#8243; gutter_size=&#8221;3&#8243; column_width_percent=&#8221;100&#8243; shift_y=&#8221;0&#8243; z_index=&#8221;0&#8243; uncode_shortcode_id=&#8221;182032&#8243;][vc_column column_width_percent=&#8221;70&#8243; position_horizontal=&#8221;left&#8221; gutter_size=&#8221;3&#8243; overlay_alpha=&#8221;50&#8243; shift_x=&#8221;0&#8243; shift_y=&#8221;0&#8243; shift_y_down=&#8221;0&#8243; z_index=&#8221;0&#8243; medium_width=&#8221;0&#8243; mobile_width=&#8221;0&#8243; css_animation=&#8221;left-t-right&#8221; width=&#8221;1\/1&#8243; uncode_shortcode_id=&#8221;875013&#8243;][vc_custom_heading text_color=&#8221;color-170105&#8243; heading_semantic=&#8221;h1&#8243; text_size=&#8221;h1&#8243; uncode_shortcode_id=&#8221;877554&#8243; text_color_type=&#8221;uncode-palette&#8221;]Tamices[\/vc_custom_heading][\/vc_column][\/vc_row][vc_row row_height_percent=&#8221;0&#8243; override_padding=&#8221;yes&#8221; h_padding=&#8221;3&#8243; top_padding=&#8221;2&#8243; bottom_padding=&#8221;3&#8243; overlay_alpha=&#8221;50&#8243; gutter_size=&#8221;3&#8243; column_width_percent=&#8221;100&#8243; shift_y=&#8221;0&#8243; z_index=&#8221;0&#8243; uncode_shortcode_id=&#8221;140146&#8243;][vc_column column_width_percent=&#8221;100&#8243; position_vertical=&#8221;middle&#8221; gutter_size=&#8221;3&#8243; overlay_alpha=&#8221;50&#8243; shift_x=&#8221;0&#8243; shift_y=&#8221;0&#8243; shift_y_down=&#8221;0&#8243; z_index=&#8221;0&#8243; medium_width=&#8221;0&#8243; mobile_width=&#8221;0&#8243; css_animation=&#8221;left-t-right&#8221; width=&#8221;1\/2&#8243; uncode_shortcode_id=&#8221;188514&#8243;][vc_custom_heading text_color=&#8221;color-708329&#8243; text_font=&#8221;font-116529&#8243; uncode_shortcode_id=&#8221;184284&#8243; text_color_type=&#8221;uncode-palette&#8221;]Dynamic Shake[\/vc_custom_heading][vc_column_text uncode_shortcode_id=&#8221;196211&#8243;]Los materiales procedentes de la molienda fina de los molinos de martillos de las series Flex Mega, Mobile y Stationary Refine se tratan con vibrotamices. En concreto, los separadores de metales de la serie Dynamic Shake se encuentran entre los sistemas dedicados a la separaci\u00f3n de los gr\u00e1nulos met\u00e1licos procedentes de polvos inertes.<\/p>\n<p>La separaci\u00f3n \u00f3ptima del material no magn\u00e9tico del material magn\u00e9tico se produce gracias al uso combinado de una superficie escalonada especial y la forma de la cinta de separaci\u00f3n. Este accesorio, al igual que los dem\u00e1s sistemas integrados de Panizzolo Recycling, se ha dise\u00f1ado para maximizar la recuperaci\u00f3n de las materias primas secundarias, garantizando un desperdicio final m\u00ednimo.[\/vc_column_text][\/vc_column][vc_column column_width_percent=&#8221;100&#8243; position_horizontal=&#8221;left&#8221; gutter_size=&#8221;3&#8243; overlay_alpha=&#8221;50&#8243; shift_x=&#8221;0&#8243; shift_y=&#8221;0&#8243; shift_y_down=&#8221;0&#8243; z_index=&#8221;0&#8243; medium_width=&#8221;0&#8243; mobile_width=&#8221;0&#8243; width=&#8221;1\/2&#8243; uncode_shortcode_id=&#8221;103522&#8243;][vc_single_image media=&#8221;85898&#8243; media_width_percent=&#8221;100&#8243; media_ratio=&#8221;four-three&#8221; css_animation=&#8221;alpha-anim&#8221; uncode_shortcode_id=&#8221;290055&#8243;][\/vc_column][\/vc_row][vc_row row_height_percent=&#8221;0&#8243; override_padding=&#8221;yes&#8221; h_padding=&#8221;3&#8243; top_padding=&#8221;2&#8243; bottom_padding=&#8221;3&#8243; overlay_alpha=&#8221;50&#8243; gutter_size=&#8221;3&#8243; column_width_percent=&#8221;100&#8243; shift_y=&#8221;0&#8243; z_index=&#8221;0&#8243; uncode_shortcode_id=&#8221;181577&#8243;][vc_column column_width_percent=&#8221;100&#8243; position_horizontal=&#8221;left&#8221; position_vertical=&#8221;middle&#8221; gutter_size=&#8221;3&#8243; overlay_alpha=&#8221;50&#8243; shift_x=&#8221;0&#8243; shift_y=&#8221;0&#8243; shift_y_down=&#8221;0&#8243; z_index=&#8221;0&#8243; medium_width=&#8221;0&#8243; mobile_width=&#8221;0&#8243; css_animation=&#8221;left-t-right&#8221; width=&#8221;1\/2&#8243; uncode_shortcode_id=&#8221;246213&#8243;][vc_custom_heading text_color=&#8221;color-708329&#8243; text_font=&#8221;font-116529&#8243; uncode_shortcode_id=&#8221;113751&#8243; text_color_type=&#8221;uncode-palette&#8221;]Plano vibratorio de peine[\/vc_custom_heading][vc_column_text uncode_shortcode_id=&#8221;211240&#8243;]Con peines intercambiables y m\u00f3dulo con tambor magn\u00e9tico. Usado principalmente dentro del ciclo de tratamiento de los motores el\u00e9ctricos, permite una primera separaci\u00f3n, en base a la dimensi\u00f3n.[\/vc_column_text][\/vc_column][vc_column column_width_percent=&#8221;100&#8243; gutter_size=&#8221;3&#8243; overlay_alpha=&#8221;50&#8243; shift_x=&#8221;0&#8243; shift_y=&#8221;0&#8243; shift_y_down=&#8221;0&#8243; z_index=&#8221;0&#8243; medium_width=&#8221;0&#8243; mobile_width=&#8221;0&#8243; width=&#8221;1\/2&#8243; uncode_shortcode_id=&#8221;168116&#8243;][vc_single_image media=&#8221;85904&#8243; media_width_percent=&#8221;100&#8243; media_ratio=&#8221;four-three&#8221; css_animation=&#8221;alpha-anim&#8221; uncode_shortcode_id=&#8221;109060&#8243;][\/vc_column][\/vc_row][vc_row row_height_percent=&#8221;0&#8243; override_padding=&#8221;yes&#8221; h_padding=&#8221;3&#8243; top_padding=&#8221;2&#8243; bottom_padding=&#8221;2&#8243; overlay_alpha=&#8221;50&#8243; gutter_size=&#8221;3&#8243; column_width_percent=&#8221;100&#8243; shift_y=&#8221;0&#8243; z_index=&#8221;0&#8243; uncode_shortcode_id=&#8221;407561&#8243;][vc_column column_width_percent=&#8221;100&#8243; position_vertical=&#8221;middle&#8221; gutter_size=&#8221;3&#8243; overlay_alpha=&#8221;50&#8243; shift_x=&#8221;0&#8243; shift_y=&#8221;0&#8243; shift_y_down=&#8221;0&#8243; z_index=&#8221;0&#8243; medium_width=&#8221;0&#8243; mobile_width=&#8221;0&#8243; css_animation=&#8221;left-t-right&#8221; width=&#8221;1\/2&#8243; uncode_shortcode_id=&#8221;104984&#8243;][vc_custom_heading text_color=&#8221;color-708329&#8243; text_font=&#8221;font-116529&#8243; uncode_shortcode_id=&#8221;767843&#8243; text_color_type=&#8221;uncode-palette&#8221;]Criba rotatoria[\/vc_custom_heading][vc_column_text uncode_shortcode_id=&#8221;366657&#8243;]Disponible en varios tama\u00f1os y modelos en base al ciclo de tratamiento en el que se inserta. Dentro incluye una malla perforada calandrada intercambiable. La combinaci\u00f3n entre movimiento rotativo e inclinaci\u00f3n, permite separar el material en dos partes: debajo de la criba y encima de la criba. Tambi\u00e9n est\u00e1n disponibles en varios modelos y tama\u00f1os, para completar los ciclos de tratamiento de Panizzolo.[\/vc_column_text][\/vc_column][vc_column column_width_percent=&#8221;100&#8243; position_horizontal=&#8221;left&#8221; gutter_size=&#8221;3&#8243; overlay_alpha=&#8221;50&#8243; shift_x=&#8221;0&#8243; shift_y=&#8221;0&#8243; shift_y_down=&#8221;0&#8243; z_index=&#8221;0&#8243; medium_width=&#8221;0&#8243; mobile_width=&#8221;0&#8243; width=&#8221;1\/2&#8243; uncode_shortcode_id=&#8221;448299&#8243;][vc_single_image media=&#8221;85910&#8243; media_width_percent=&#8221;100&#8243; media_ratio=&#8221;four-three&#8221; css_animation=&#8221;alpha-anim&#8221; uncode_shortcode_id=&#8221;635470&#8243;][\/vc_column][\/vc_row][vc_row row_height_percent=&#8221;0&#8243; override_padding=&#8221;yes&#8221; h_padding=&#8221;2&#8243; top_padding=&#8221;2&#8243; bottom_padding=&#8221;4&#8243; overlay_alpha=&#8221;50&#8243; gutter_size=&#8221;3&#8243; column_width_percent=&#8221;100&#8243; shift_y=&#8221;0&#8243; z_index=&#8221;0&#8243; uncode_shortcode_id=&#8221;966671&#8243;][vc_column column_width_percent=&#8221;85&#8243; gutter_size=&#8221;3&#8243; overlay_alpha=&#8221;50&#8243; shift_x=&#8221;0&#8243; shift_y=&#8221;0&#8243; shift_y_down=&#8221;0&#8243; z_index=&#8221;0&#8243; medium_width=&#8221;0&#8243; mobile_width=&#8221;0&#8243; width=&#8221;1\/3&#8243; uncode_shortcode_id=&#8221;893621&#8243;][vc_button border_width=&#8221;0&#8243; icon=&#8221;fa fa-arrow-left-thick&#8221; uncode_shortcode_id=&#8221;195536&#8243; link=&#8221;url:https%3A%2F%2Fwww.panizzolo.com%2Fes%2Fsoluciones-de-reciclaje%2Fmaquinas-de-reciclaje%2Fsistemas-de-separacion%2F|title:Sistemas%20de%20separaci%C3%B3n&#8221;]Volver a los sistemas de separaci\u00f3n[\/vc_button][\/vc_column][vc_column width=&#8221;1\/3&#8243;][\/vc_column][vc_column width=&#8221;1\/3&#8243;][\/vc_column][\/vc_row][vc_row][vc_column width=&#8221;1\/1&#8243;][uncode_block id=&#8221;87774&#8243;][\/vc_column][\/vc_row][vc_row][vc_column width=&#8221;1\/1&#8243;][uncode_block id=&#8221;87788&#8243;][\/vc_column][\/vc_row]<\/p>\n<\/div>","protected":false},"excerpt":{"rendered":"<p>[vc_row row_height_percent=&#8221;0&#8243; override_padding=&#8221;yes&#8221; h_padding=&#8221;2&#8243; top_padding=&#8221;4&#8243; bottom_padding=&#8221;2&#8243; overlay_alpha=&#8221;50&#8243; gutter_size=&#8221;3&#8243; column_width_percent=&#8221;100&#8243; shift_y=&#8221;0&#8243; z_index=&#8221;0&#8243; uncode_shortcode_id=&#8221;182032&#8243;][vc_column column_width_percent=&#8221;70&#8243; position_horizontal=&#8221;left&#8221; gutter_size=&#8221;3&#8243; overlay_alpha=&#8221;50&#8243; shift_x=&#8221;0&#8243; shift_y=&#8221;0&#8243; shift_y_down=&#8221;0&#8243; z_index=&#8221;0&#8243; [&hellip;]<\/p>\n","protected":false},"author":1,"featured_media":86537,"parent":70730,"menu_order":5,"comment_status":"closed","ping_status":"closed","template":"","meta":{"footnotes":""},"class_list":["post-87515","page","type-page","status-publish","has-post-thumbnail","hentry","page_category-sistemi-di-separazione-es"],"yoast_head":"<!-- This site is optimized with the Yoast SEO plugin v24.5 - https:\/\/yoast.com\/wordpress\/plugins\/seo\/ -->\n<title>Tamices - Panizzolo Impianti di riciclaggio per rifiuti<\/title>\n<meta name=\"robots\" content=\"index, follow, max-snippet:-1, max-image-preview:large, max-video-preview:-1\" \/>\n<link rel=\"canonical\" href=\"https:\/\/www.panizzolo.com\/es\/soluciones-de-reciclaje\/maquinas-de-reciclaje\/sistemas-de-separacion\/tamices\/\" \/>\n<meta property=\"og:locale\" content=\"es_ES\" \/>\n<meta property=\"og:type\" content=\"article\" \/>\n<meta property=\"og:title\" content=\"Tamices - Panizzolo Impianti di riciclaggio per rifiuti\" \/>\n<meta property=\"og:description\" content=\"[vc_row row_height_percent=&#8221;0&#8243; override_padding=&#8221;yes&#8221; h_padding=&#8221;2&#8243; top_padding=&#8221;4&#8243; bottom_padding=&#8221;2&#8243; overlay_alpha=&#8221;50&#8243; gutter_size=&#8221;3&#8243; column_width_percent=&#8221;100&#8243; shift_y=&#8221;0&#8243; z_index=&#8221;0&#8243; uncode_shortcode_id=&#8221;182032&#8243;][vc_column column_width_percent=&#8221;70&#8243; position_horizontal=&#8221;left&#8221; gutter_size=&#8221;3&#8243; overlay_alpha=&#8221;50&#8243; shift_x=&#8221;0&#8243; shift_y=&#8221;0&#8243; shift_y_down=&#8221;0&#8243; z_index=&#8221;0&#8243; [&hellip;]\" \/>\n<meta property=\"og:url\" content=\"https:\/\/www.panizzolo.com\/es\/soluciones-de-reciclaje\/maquinas-de-reciclaje\/sistemas-de-separacion\/tamices\/\" \/>\n<meta property=\"og:site_name\" content=\"Panizzolo Impianti di riciclaggio per rifiuti\" \/>\n<meta property=\"article:publisher\" content=\"https:\/\/www.facebook.com\/PanizzoloRecycling\" \/>\n<meta property=\"article:modified_time\" content=\"2021-12-22T13:48:14+00:00\" \/>\n<meta property=\"og:image\" content=\"https:\/\/www.panizzolo.com\/wp-content\/uploads\/2021\/10\/Vagli-Panizzolo.png\" \/>\n\t<meta property=\"og:image:width\" content=\"1230\" \/>\n\t<meta property=\"og:image:height\" content=\"1162\" \/>\n\t<meta property=\"og:image:type\" content=\"image\/png\" \/>\n<meta name=\"twitter:card\" content=\"summary_large_image\" \/>\n<meta name=\"twitter:site\" content=\"@PanizzoloRS\" \/>\n<meta name=\"twitter:label1\" content=\"Est. reading time\" \/>\n\t<meta name=\"twitter:data1\" content=\"2 minutes\" \/>\n<script type=\"application\/ld+json\" class=\"yoast-schema-graph\">{\"@context\":\"https:\/\/schema.org\",\"@graph\":[{\"@type\":\"WebPage\",\"@id\":\"https:\/\/www.panizzolo.com\/es\/soluciones-de-reciclaje\/maquinas-de-reciclaje\/sistemas-de-separacion\/tamices\/\",\"url\":\"https:\/\/www.panizzolo.com\/es\/soluciones-de-reciclaje\/maquinas-de-reciclaje\/sistemas-de-separacion\/tamices\/\",\"name\":\"Tamices - Panizzolo Impianti di riciclaggio per rifiuti\",\"isPartOf\":{\"@id\":\"https:\/\/www.panizzolo.com\/es\/#website\"},\"primaryImageOfPage\":{\"@id\":\"https:\/\/www.panizzolo.com\/es\/soluciones-de-reciclaje\/maquinas-de-reciclaje\/sistemas-de-separacion\/tamices\/#primaryimage\"},\"image\":{\"@id\":\"https:\/\/www.panizzolo.com\/es\/soluciones-de-reciclaje\/maquinas-de-reciclaje\/sistemas-de-separacion\/tamices\/#primaryimage\"},\"thumbnailUrl\":\"https:\/\/www.panizzolo.com\/wp-content\/uploads\/2021\/10\/Vagli-Panizzolo.png\",\"datePublished\":\"2021-09-16T08:27:06+00:00\",\"dateModified\":\"2021-12-22T13:48:14+00:00\",\"breadcrumb\":{\"@id\":\"https:\/\/www.panizzolo.com\/es\/soluciones-de-reciclaje\/maquinas-de-reciclaje\/sistemas-de-separacion\/tamices\/#breadcrumb\"},\"inLanguage\":\"es-ES\",\"potentialAction\":[{\"@type\":\"ReadAction\",\"target\":[\"https:\/\/www.panizzolo.com\/es\/soluciones-de-reciclaje\/maquinas-de-reciclaje\/sistemas-de-separacion\/tamices\/\"]}]},{\"@type\":\"ImageObject\",\"inLanguage\":\"es-ES\",\"@id\":\"https:\/\/www.panizzolo.com\/es\/soluciones-de-reciclaje\/maquinas-de-reciclaje\/sistemas-de-separacion\/tamices\/#primaryimage\",\"url\":\"https:\/\/www.panizzolo.com\/wp-content\/uploads\/2021\/10\/Vagli-Panizzolo.png\",\"contentUrl\":\"https:\/\/www.panizzolo.com\/wp-content\/uploads\/2021\/10\/Vagli-Panizzolo.png\",\"width\":1230,\"height\":1162},{\"@type\":\"BreadcrumbList\",\"@id\":\"https:\/\/www.panizzolo.com\/es\/soluciones-de-reciclaje\/maquinas-de-reciclaje\/sistemas-de-separacion\/tamices\/#breadcrumb\",\"itemListElement\":[{\"@type\":\"ListItem\",\"position\":1,\"name\":\"Soluciones de reciclaje\",\"item\":\"https:\/\/www.panizzolo.com\/es\/soluciones-de-reciclaje\/\"},{\"@type\":\"ListItem\",\"position\":2,\"name\":\"M\u00e1quinas de reciclaje\",\"item\":\"https:\/\/www.panizzolo.com\/es\/soluciones-de-reciclaje\/maquinas-de-reciclaje\/\"},{\"@type\":\"ListItem\",\"position\":3,\"name\":\"Sistemas de separaci\u00f3n\",\"item\":\"https:\/\/www.panizzolo.com\/es\/soluciones-de-reciclaje\/maquinas-de-reciclaje\/sistemas-de-separacion\/\"},{\"@type\":\"ListItem\",\"position\":4,\"name\":\"Tamices\"}]},{\"@type\":\"WebSite\",\"@id\":\"https:\/\/www.panizzolo.com\/es\/#website\",\"url\":\"https:\/\/www.panizzolo.com\/es\/\",\"name\":\"Panizzolo Impianti di riciclaggio per rifiuti\",\"description\":\"Panizzolo Impianti di riciclaggio per rifiuti\",\"potentialAction\":[{\"@type\":\"SearchAction\",\"target\":{\"@type\":\"EntryPoint\",\"urlTemplate\":\"https:\/\/www.panizzolo.com\/es\/?s={search_term_string}\"},\"query-input\":{\"@type\":\"PropertyValueSpecification\",\"valueRequired\":true,\"valueName\":\"search_term_string\"}}],\"inLanguage\":\"es-ES\"}]}<\/script>\n<!-- \/ Yoast SEO plugin. -->","yoast_head_json":{"title":"Tamices - Panizzolo Impianti di riciclaggio per rifiuti","robots":{"index":"index","follow":"follow","max-snippet":"max-snippet:-1","max-image-preview":"max-image-preview:large","max-video-preview":"max-video-preview:-1"},"canonical":"https:\/\/www.panizzolo.com\/es\/soluciones-de-reciclaje\/maquinas-de-reciclaje\/sistemas-de-separacion\/tamices\/","og_locale":"es_ES","og_type":"article","og_title":"Tamices - Panizzolo Impianti di riciclaggio per rifiuti","og_description":"[vc_row row_height_percent=&#8221;0&#8243; override_padding=&#8221;yes&#8221; h_padding=&#8221;2&#8243; top_padding=&#8221;4&#8243; bottom_padding=&#8221;2&#8243; overlay_alpha=&#8221;50&#8243; gutter_size=&#8221;3&#8243; column_width_percent=&#8221;100&#8243; shift_y=&#8221;0&#8243; z_index=&#8221;0&#8243; uncode_shortcode_id=&#8221;182032&#8243;][vc_column column_width_percent=&#8221;70&#8243; position_horizontal=&#8221;left&#8221; gutter_size=&#8221;3&#8243; overlay_alpha=&#8221;50&#8243; shift_x=&#8221;0&#8243; shift_y=&#8221;0&#8243; shift_y_down=&#8221;0&#8243; z_index=&#8221;0&#8243; [&hellip;]","og_url":"https:\/\/www.panizzolo.com\/es\/soluciones-de-reciclaje\/maquinas-de-reciclaje\/sistemas-de-separacion\/tamices\/","og_site_name":"Panizzolo Impianti di riciclaggio per rifiuti","article_publisher":"https:\/\/www.facebook.com\/PanizzoloRecycling","article_modified_time":"2021-12-22T13:48:14+00:00","og_image":[{"width":1230,"height":1162,"url":"https:\/\/www.panizzolo.com\/wp-content\/uploads\/2021\/10\/Vagli-Panizzolo.png","type":"image\/png"}],"twitter_card":"summary_large_image","twitter_site":"@PanizzoloRS","twitter_misc":{"Est. reading time":"2 minutes"},"schema":{"@context":"https:\/\/schema.org","@graph":[{"@type":"WebPage","@id":"https:\/\/www.panizzolo.com\/es\/soluciones-de-reciclaje\/maquinas-de-reciclaje\/sistemas-de-separacion\/tamices\/","url":"https:\/\/www.panizzolo.com\/es\/soluciones-de-reciclaje\/maquinas-de-reciclaje\/sistemas-de-separacion\/tamices\/","name":"Tamices - Panizzolo Impianti di riciclaggio per rifiuti","isPartOf":{"@id":"https:\/\/www.panizzolo.com\/es\/#website"},"primaryImageOfPage":{"@id":"https:\/\/www.panizzolo.com\/es\/soluciones-de-reciclaje\/maquinas-de-reciclaje\/sistemas-de-separacion\/tamices\/#primaryimage"},"image":{"@id":"https:\/\/www.panizzolo.com\/es\/soluciones-de-reciclaje\/maquinas-de-reciclaje\/sistemas-de-separacion\/tamices\/#primaryimage"},"thumbnailUrl":"https:\/\/www.panizzolo.com\/wp-content\/uploads\/2021\/10\/Vagli-Panizzolo.png","datePublished":"2021-09-16T08:27:06+00:00","dateModified":"2021-12-22T13:48:14+00:00","breadcrumb":{"@id":"https:\/\/www.panizzolo.com\/es\/soluciones-de-reciclaje\/maquinas-de-reciclaje\/sistemas-de-separacion\/tamices\/#breadcrumb"},"inLanguage":"es-ES","potentialAction":[{"@type":"ReadAction","target":["https:\/\/www.panizzolo.com\/es\/soluciones-de-reciclaje\/maquinas-de-reciclaje\/sistemas-de-separacion\/tamices\/"]}]},{"@type":"ImageObject","inLanguage":"es-ES","@id":"https:\/\/www.panizzolo.com\/es\/soluciones-de-reciclaje\/maquinas-de-reciclaje\/sistemas-de-separacion\/tamices\/#primaryimage","url":"https:\/\/www.panizzolo.com\/wp-content\/uploads\/2021\/10\/Vagli-Panizzolo.png","contentUrl":"https:\/\/www.panizzolo.com\/wp-content\/uploads\/2021\/10\/Vagli-Panizzolo.png","width":1230,"height":1162},{"@type":"BreadcrumbList","@id":"https:\/\/www.panizzolo.com\/es\/soluciones-de-reciclaje\/maquinas-de-reciclaje\/sistemas-de-separacion\/tamices\/#breadcrumb","itemListElement":[{"@type":"ListItem","position":1,"name":"Soluciones de reciclaje","item":"https:\/\/www.panizzolo.com\/es\/soluciones-de-reciclaje\/"},{"@type":"ListItem","position":2,"name":"M\u00e1quinas de reciclaje","item":"https:\/\/www.panizzolo.com\/es\/soluciones-de-reciclaje\/maquinas-de-reciclaje\/"},{"@type":"ListItem","position":3,"name":"Sistemas de separaci\u00f3n","item":"https:\/\/www.panizzolo.com\/es\/soluciones-de-reciclaje\/maquinas-de-reciclaje\/sistemas-de-separacion\/"},{"@type":"ListItem","position":4,"name":"Tamices"}]},{"@type":"WebSite","@id":"https:\/\/www.panizzolo.com\/es\/#website","url":"https:\/\/www.panizzolo.com\/es\/","name":"Panizzolo Impianti di riciclaggio per rifiuti","description":"Panizzolo Impianti di riciclaggio per rifiuti","potentialAction":[{"@type":"SearchAction","target":{"@type":"EntryPoint","urlTemplate":"https:\/\/www.panizzolo.com\/es\/?s={search_term_string}"},"query-input":{"@type":"PropertyValueSpecification","valueRequired":true,"valueName":"search_term_string"}}],"inLanguage":"es-ES"}]}},"_links":{"self":[{"href":"https:\/\/www.panizzolo.com\/es\/wp-json\/wp\/v2\/pages\/87515","targetHints":{"allow":["GET"]}}],"collection":[{"href":"https:\/\/www.panizzolo.com\/es\/wp-json\/wp\/v2\/pages"}],"about":[{"href":"https:\/\/www.panizzolo.com\/es\/wp-json\/wp\/v2\/types\/page"}],"author":[{"embeddable":true,"href":"https:\/\/www.panizzolo.com\/es\/wp-json\/wp\/v2\/users\/1"}],"replies":[{"embeddable":true,"href":"https:\/\/www.panizzolo.com\/es\/wp-json\/wp\/v2\/comments?post=87515"}],"version-history":[{"count":3,"href":"https:\/\/www.panizzolo.com\/es\/wp-json\/wp\/v2\/pages\/87515\/revisions"}],"predecessor-version":[{"id":91610,"href":"https:\/\/www.panizzolo.com\/es\/wp-json\/wp\/v2\/pages\/87515\/revisions\/91610"}],"up":[{"embeddable":true,"href":"https:\/\/www.panizzolo.com\/es\/wp-json\/wp\/v2\/pages\/70730"}],"wp:featuredmedia":[{"embeddable":true,"href":"https:\/\/www.panizzolo.com\/es\/wp-json\/wp\/v2\/media\/86537"}],"wp:attachment":[{"href":"https:\/\/www.panizzolo.com\/es\/wp-json\/wp\/v2\/media?parent=87515"}],"curies":[{"name":"wp","href":"https:\/\/api.w.org\/{rel}","templated":true}]}}