{"id":87505,"date":"2021-09-16T10:26:14","date_gmt":"2021-09-16T08:26:14","guid":{"rendered":"https:\/\/www.panizzolo.com\/soluciones-de-reciclaje\/maquinas-de-reciclaje\/sistemas-de-separacion\/filtro-trattamento-aria\/"},"modified":"2021-10-14T09:48:12","modified_gmt":"2021-10-14T07:48:12","slug":"filtro-para-el-tratamiento-del-aire","status":"publish","type":"page","link":"https:\/\/www.panizzolo.com\/es\/soluciones-de-reciclaje\/maquinas-de-reciclaje\/sistemas-de-separacion\/filtro-para-el-tratamiento-del-aire\/","title":{"rendered":"Filtro para el tratamiento del aire"},"content":{"rendered":"<div class=\"wpb-content-wrapper\"><p>[vc_row][vc_column width=&#8221;1\/2&#8243;][vc_custom_heading text_color=&#8221;color-170105&#8243; heading_semantic=&#8221;h1&#8243; text_size=&#8221;h1&#8243; uncode_shortcode_id=&#8221;482103&#8243; text_color_type=&#8221;uncode-palette&#8221;]Filtro para el tratamiento del aire[\/vc_custom_heading][\/vc_column][vc_column width=&#8221;1\/2&#8243;][\/vc_column][\/vc_row][vc_row row_height_percent=&#8221;0&#8243; override_padding=&#8221;yes&#8221; h_padding=&#8221;2&#8243; top_padding=&#8221;4&#8243; bottom_padding=&#8221;1&#8243; overlay_alpha=&#8221;50&#8243; gutter_size=&#8221;3&#8243; column_width_percent=&#8221;100&#8243; shift_y=&#8221;0&#8243; z_index=&#8221;0&#8243; uncode_shortcode_id=&#8221;169995&#8243;][vc_column column_width_percent=&#8221;80&#8243; position_horizontal=&#8221;left&#8221; gutter_size=&#8221;3&#8243; overlay_alpha=&#8221;50&#8243; shift_x=&#8221;0&#8243; shift_y=&#8221;0&#8243; shift_y_down=&#8221;0&#8243; z_index=&#8221;0&#8243; medium_width=&#8221;0&#8243; mobile_width=&#8221;0&#8243; css_animation=&#8221;left-t-right&#8221; width=&#8221;1\/2&#8243; uncode_shortcode_id=&#8221;170764&#8243;][vc_column_text uncode_shortcode_id=&#8221;191164&#8243;]El accesorio se suministra para completar las instalaciones Panizzolo. Seg\u00fan el esquema general productivo, la empresa realiza la combinaci\u00f3n m\u00e1s adecuada calibrando el caudal de aire de la m\u00e1quina, el tipo de ventiladores y los conductos de aspiraci\u00f3n. El filtro de mangas permite aspirar y filtrar en seco, el polvo producido durante el ciclo de tratamiento de los residuos.<\/p>\n<p>Los mandos de funcionamiento y de seguimiento est\u00e1n centralizados en el cuadro del sistema y permiten una significativa simplificaci\u00f3n de control, gesti\u00f3n y mantenimiento.[\/vc_column_text][\/vc_column][vc_column column_width_percent=&#8221;100&#8243; position_horizontal=&#8221;left&#8221; gutter_size=&#8221;3&#8243; overlay_alpha=&#8221;50&#8243; shift_x=&#8221;0&#8243; shift_y=&#8221;0&#8243; shift_y_down=&#8221;0&#8243; z_index=&#8221;0&#8243; medium_width=&#8221;0&#8243; mobile_width=&#8221;0&#8243; css_animation=&#8221;right-t-left&#8221; width=&#8221;1\/2&#8243; uncode_shortcode_id=&#8221;258837&#8243;][vc_single_image media=&#8221;86620&#8243; media_width_percent=&#8221;100&#8243; media_ratio=&#8221;four-three&#8221; uncode_shortcode_id=&#8221;380786&#8243;][\/vc_column][\/vc_row][vc_row row_height_percent=&#8221;0&#8243; overlay_alpha=&#8221;50&#8243; gutter_size=&#8221;3&#8243; column_width_percent=&#8221;100&#8243; shift_y=&#8221;0&#8243; z_index=&#8221;0&#8243; uncode_shortcode_id=&#8221;167764&#8243;][vc_column column_width_percent=&#8221;100&#8243; gutter_size=&#8221;3&#8243; overlay_alpha=&#8221;50&#8243; shift_x=&#8221;0&#8243; shift_y=&#8221;0&#8243; shift_y_down=&#8221;0&#8243; z_index=&#8221;0&#8243; medium_width=&#8221;0&#8243; mobile_width=&#8221;0&#8243; width=&#8221;1\/3&#8243; uncode_shortcode_id=&#8221;371116&#8243;][vc_single_image media=&#8221;86602&#8243; media_width_percent=&#8221;100&#8243; uncode_shortcode_id=&#8221;151968&#8243;][vc_custom_heading text_color=&#8221;color-708329&#8243; heading_semantic=&#8221;h5&#8243; text_font=&#8221;font-116529&#8243; text_size=&#8221;h5&#8243; uncode_shortcode_id=&#8221;164359&#8243; text_color_type=&#8221;uncode-palette&#8221;]Complemento: compresor de aire con estructura[\/vc_custom_heading][vc_column_text uncode_shortcode_id=&#8221;198709&#8243;]Sistema neum\u00e1tico para la limpieza de los filtros y las mangas. Con estructura, boquillas y tuber\u00edas de conexi\u00f3n incluidos.[\/vc_column_text][\/vc_column][vc_column width=&#8221;1\/3&#8243;][vc_single_image media=&#8221;86608&#8243; media_width_percent=&#8221;100&#8243; uncode_shortcode_id=&#8221;235297&#8243;][vc_custom_heading text_color=&#8221;color-708329&#8243; heading_semantic=&#8221;h5&#8243; text_font=&#8221;font-116529&#8243; text_size=&#8221;h5&#8243; uncode_shortcode_id=&#8221;205879&#8243; text_color_type=&#8221;uncode-palette&#8221;]Complemento: instalaci\u00f3n de detecci\u00f3n de chispas[\/vc_custom_heading][vc_column_text uncode_shortcode_id=&#8221;359009&#8243;]Sensor \u00f3ptico para proteger el filtro de los incendios. Con v\u00e1lvulas y conexiones el\u00e9ctricas.[\/vc_column_text][\/vc_column][vc_column width=&#8221;1\/3&#8243;][vc_single_image media=&#8221;86614&#8243; media_width_percent=&#8221;100&#8243; uncode_shortcode_id=&#8221;201131&#8243;][vc_custom_heading text_color=&#8221;color-708329&#8243; heading_semantic=&#8221;h5&#8243; text_font=&#8221;font-116529&#8243; text_size=&#8221;h5&#8243; uncode_shortcode_id=&#8221;103267&#8243; text_color_type=&#8221;uncode-palette&#8221;]Complemento: Aleaciones especiales para polvos que causan desgaste[\/vc_custom_heading][vc_column_text uncode_shortcode_id=&#8221;159988&#8243;]En caso de que el ciclo de tratamiento incluya aspiraci\u00f3n de polvos que causan desgaste (que llevan vidrio, cemento, etc.), Panizzolo ofrece la posibilidad de instalar un ventilador centr\u00edfugo industrial espec\u00edficamente dise\u00f1ado y reforzado.[\/vc_column_text][\/vc_column][\/vc_row][vc_row row_height_percent=&#8221;0&#8243; override_padding=&#8221;yes&#8221; h_padding=&#8221;2&#8243; top_padding=&#8221;2&#8243; bottom_padding=&#8221;4&#8243; overlay_alpha=&#8221;50&#8243; gutter_size=&#8221;3&#8243; column_width_percent=&#8221;100&#8243; shift_y=&#8221;0&#8243; z_index=&#8221;0&#8243; uncode_shortcode_id=&#8221;148980&#8243;][vc_column width=&#8221;1\/3&#8243;][vc_button border_width=&#8221;0&#8243; icon=&#8221;fa fa-arrow-left-thick&#8221; uncode_shortcode_id=&#8221;195536&#8243; link=&#8221;url:https%3A%2F%2Fwww.panizzolo.com%2Fes%2Fsoluciones-de-reciclaje%2Fmaquinas-de-reciclaje%2Fsistemas-de-separacion%2F|title:Sistemas%20de%20separaci%C3%B3n&#8221;]Volver a los sistemas de separaci\u00f3n[\/vc_button][\/vc_column][vc_column width=&#8221;1\/3&#8243;][\/vc_column][vc_column width=&#8221;1\/3&#8243;][\/vc_column][\/vc_row][vc_row][vc_column width=&#8221;1\/1&#8243;][uncode_block id=&#8221;87774&#8243;][\/vc_column][\/vc_row][vc_row][vc_column width=&#8221;1\/1&#8243;][uncode_block id=&#8221;87788&#8243;][\/vc_column][\/vc_row]<\/p>\n<\/div>","protected":false},"excerpt":{"rendered":"<p>[vc_row][vc_column width=&#8221;1\/2&#8243;][vc_custom_heading text_color=&#8221;color-170105&#8243; heading_semantic=&#8221;h1&#8243; text_size=&#8221;h1&#8243; uncode_shortcode_id=&#8221;482103&#8243; text_color_type=&#8221;uncode-palette&#8221;]Filtro para el tratamiento del aire[\/vc_custom_heading][\/vc_column][vc_column width=&#8221;1\/2&#8243;][\/vc_column][\/vc_row][vc_row row_height_percent=&#8221;0&#8243; override_padding=&#8221;yes&#8221; h_padding=&#8221;2&#8243; top_padding=&#8221;4&#8243; bottom_padding=&#8221;1&#8243; overlay_alpha=&#8221;50&#8243; gutter_size=&#8221;3&#8243; [&hellip;]<\/p>\n","protected":false},"author":1,"featured_media":86543,"parent":70730,"menu_order":3,"comment_status":"closed","ping_status":"closed","template":"","meta":{"footnotes":""},"class_list":["post-87505","page","type-page","status-publish","has-post-thumbnail","hentry","page_category-sistemi-di-separazione-es"],"yoast_head":"<!-- This site is optimized with the Yoast SEO plugin v24.5 - https:\/\/yoast.com\/wordpress\/plugins\/seo\/ -->\n<title>Filtro para el tratamiento del aire - Panizzolo Impianti di riciclaggio per rifiuti<\/title>\n<meta name=\"robots\" content=\"index, follow, max-snippet:-1, max-image-preview:large, max-video-preview:-1\" \/>\n<link rel=\"canonical\" href=\"https:\/\/www.panizzolo.com\/es\/soluciones-de-reciclaje\/maquinas-de-reciclaje\/sistemas-de-separacion\/filtro-para-el-tratamiento-del-aire\/\" \/>\n<meta property=\"og:locale\" content=\"es_ES\" \/>\n<meta property=\"og:type\" content=\"article\" \/>\n<meta property=\"og:title\" content=\"Filtro para el tratamiento del aire - Panizzolo Impianti di riciclaggio per rifiuti\" \/>\n<meta property=\"og:description\" content=\"[vc_row][vc_column width=&#8221;1\/2&#8243;][vc_custom_heading text_color=&#8221;color-170105&#8243; heading_semantic=&#8221;h1&#8243; text_size=&#8221;h1&#8243; uncode_shortcode_id=&#8221;482103&#8243; text_color_type=&#8221;uncode-palette&#8221;]Filtro para el tratamiento del aire[\/vc_custom_heading][\/vc_column][vc_column width=&#8221;1\/2&#8243;][\/vc_column][\/vc_row][vc_row row_height_percent=&#8221;0&#8243; override_padding=&#8221;yes&#8221; h_padding=&#8221;2&#8243; top_padding=&#8221;4&#8243; bottom_padding=&#8221;1&#8243; overlay_alpha=&#8221;50&#8243; gutter_size=&#8221;3&#8243; [&hellip;]\" \/>\n<meta property=\"og:url\" content=\"https:\/\/www.panizzolo.com\/es\/soluciones-de-reciclaje\/maquinas-de-reciclaje\/sistemas-de-separacion\/filtro-para-el-tratamiento-del-aire\/\" \/>\n<meta property=\"og:site_name\" content=\"Panizzolo Impianti di riciclaggio per rifiuti\" \/>\n<meta property=\"article:publisher\" content=\"https:\/\/www.facebook.com\/PanizzoloRecycling\" \/>\n<meta property=\"article:modified_time\" content=\"2021-10-14T07:48:12+00:00\" \/>\n<meta property=\"og:image\" content=\"https:\/\/www.panizzolo.com\/wp-content\/uploads\/2021\/10\/Filtro-trattamento-aria.png\" \/>\n\t<meta property=\"og:image:width\" content=\"1008\" \/>\n\t<meta property=\"og:image:height\" content=\"1008\" \/>\n\t<meta property=\"og:image:type\" content=\"image\/png\" \/>\n<meta name=\"twitter:card\" content=\"summary_large_image\" \/>\n<meta name=\"twitter:site\" content=\"@PanizzoloRS\" \/>\n<meta name=\"twitter:label1\" content=\"Est. reading time\" \/>\n\t<meta name=\"twitter:data1\" content=\"2 minutes\" \/>\n<script type=\"application\/ld+json\" class=\"yoast-schema-graph\">{\"@context\":\"https:\/\/schema.org\",\"@graph\":[{\"@type\":\"WebPage\",\"@id\":\"https:\/\/www.panizzolo.com\/es\/soluciones-de-reciclaje\/maquinas-de-reciclaje\/sistemas-de-separacion\/filtro-para-el-tratamiento-del-aire\/\",\"url\":\"https:\/\/www.panizzolo.com\/es\/soluciones-de-reciclaje\/maquinas-de-reciclaje\/sistemas-de-separacion\/filtro-para-el-tratamiento-del-aire\/\",\"name\":\"Filtro para el tratamiento del aire - Panizzolo Impianti di riciclaggio per rifiuti\",\"isPartOf\":{\"@id\":\"https:\/\/www.panizzolo.com\/es\/#website\"},\"primaryImageOfPage\":{\"@id\":\"https:\/\/www.panizzolo.com\/es\/soluciones-de-reciclaje\/maquinas-de-reciclaje\/sistemas-de-separacion\/filtro-para-el-tratamiento-del-aire\/#primaryimage\"},\"image\":{\"@id\":\"https:\/\/www.panizzolo.com\/es\/soluciones-de-reciclaje\/maquinas-de-reciclaje\/sistemas-de-separacion\/filtro-para-el-tratamiento-del-aire\/#primaryimage\"},\"thumbnailUrl\":\"https:\/\/www.panizzolo.com\/wp-content\/uploads\/2021\/10\/Filtro-trattamento-aria.png\",\"datePublished\":\"2021-09-16T08:26:14+00:00\",\"dateModified\":\"2021-10-14T07:48:12+00:00\",\"breadcrumb\":{\"@id\":\"https:\/\/www.panizzolo.com\/es\/soluciones-de-reciclaje\/maquinas-de-reciclaje\/sistemas-de-separacion\/filtro-para-el-tratamiento-del-aire\/#breadcrumb\"},\"inLanguage\":\"es-ES\",\"potentialAction\":[{\"@type\":\"ReadAction\",\"target\":[\"https:\/\/www.panizzolo.com\/es\/soluciones-de-reciclaje\/maquinas-de-reciclaje\/sistemas-de-separacion\/filtro-para-el-tratamiento-del-aire\/\"]}]},{\"@type\":\"ImageObject\",\"inLanguage\":\"es-ES\",\"@id\":\"https:\/\/www.panizzolo.com\/es\/soluciones-de-reciclaje\/maquinas-de-reciclaje\/sistemas-de-separacion\/filtro-para-el-tratamiento-del-aire\/#primaryimage\",\"url\":\"https:\/\/www.panizzolo.com\/wp-content\/uploads\/2021\/10\/Filtro-trattamento-aria.png\",\"contentUrl\":\"https:\/\/www.panizzolo.com\/wp-content\/uploads\/2021\/10\/Filtro-trattamento-aria.png\",\"width\":1008,\"height\":1008},{\"@type\":\"BreadcrumbList\",\"@id\":\"https:\/\/www.panizzolo.com\/es\/soluciones-de-reciclaje\/maquinas-de-reciclaje\/sistemas-de-separacion\/filtro-para-el-tratamiento-del-aire\/#breadcrumb\",\"itemListElement\":[{\"@type\":\"ListItem\",\"position\":1,\"name\":\"Soluciones de reciclaje\",\"item\":\"https:\/\/www.panizzolo.com\/es\/soluciones-de-reciclaje\/\"},{\"@type\":\"ListItem\",\"position\":2,\"name\":\"M\u00e1quinas de reciclaje\",\"item\":\"https:\/\/www.panizzolo.com\/es\/soluciones-de-reciclaje\/maquinas-de-reciclaje\/\"},{\"@type\":\"ListItem\",\"position\":3,\"name\":\"Sistemas de separaci\u00f3n\",\"item\":\"https:\/\/www.panizzolo.com\/es\/soluciones-de-reciclaje\/maquinas-de-reciclaje\/sistemas-de-separacion\/\"},{\"@type\":\"ListItem\",\"position\":4,\"name\":\"Filtro para el tratamiento del aire\"}]},{\"@type\":\"WebSite\",\"@id\":\"https:\/\/www.panizzolo.com\/es\/#website\",\"url\":\"https:\/\/www.panizzolo.com\/es\/\",\"name\":\"Panizzolo Impianti di riciclaggio per rifiuti\",\"description\":\"Panizzolo Impianti di riciclaggio per rifiuti\",\"potentialAction\":[{\"@type\":\"SearchAction\",\"target\":{\"@type\":\"EntryPoint\",\"urlTemplate\":\"https:\/\/www.panizzolo.com\/es\/?s={search_term_string}\"},\"query-input\":{\"@type\":\"PropertyValueSpecification\",\"valueRequired\":true,\"valueName\":\"search_term_string\"}}],\"inLanguage\":\"es-ES\"}]}<\/script>\n<!-- \/ Yoast SEO plugin. -->","yoast_head_json":{"title":"Filtro para el tratamiento del aire - Panizzolo Impianti di riciclaggio per rifiuti","robots":{"index":"index","follow":"follow","max-snippet":"max-snippet:-1","max-image-preview":"max-image-preview:large","max-video-preview":"max-video-preview:-1"},"canonical":"https:\/\/www.panizzolo.com\/es\/soluciones-de-reciclaje\/maquinas-de-reciclaje\/sistemas-de-separacion\/filtro-para-el-tratamiento-del-aire\/","og_locale":"es_ES","og_type":"article","og_title":"Filtro para el tratamiento del aire - Panizzolo Impianti di riciclaggio per rifiuti","og_description":"[vc_row][vc_column width=&#8221;1\/2&#8243;][vc_custom_heading text_color=&#8221;color-170105&#8243; heading_semantic=&#8221;h1&#8243; text_size=&#8221;h1&#8243; uncode_shortcode_id=&#8221;482103&#8243; text_color_type=&#8221;uncode-palette&#8221;]Filtro para el tratamiento del aire[\/vc_custom_heading][\/vc_column][vc_column width=&#8221;1\/2&#8243;][\/vc_column][\/vc_row][vc_row row_height_percent=&#8221;0&#8243; override_padding=&#8221;yes&#8221; h_padding=&#8221;2&#8243; top_padding=&#8221;4&#8243; bottom_padding=&#8221;1&#8243; overlay_alpha=&#8221;50&#8243; gutter_size=&#8221;3&#8243; [&hellip;]","og_url":"https:\/\/www.panizzolo.com\/es\/soluciones-de-reciclaje\/maquinas-de-reciclaje\/sistemas-de-separacion\/filtro-para-el-tratamiento-del-aire\/","og_site_name":"Panizzolo Impianti di riciclaggio per rifiuti","article_publisher":"https:\/\/www.facebook.com\/PanizzoloRecycling","article_modified_time":"2021-10-14T07:48:12+00:00","og_image":[{"width":1008,"height":1008,"url":"https:\/\/www.panizzolo.com\/wp-content\/uploads\/2021\/10\/Filtro-trattamento-aria.png","type":"image\/png"}],"twitter_card":"summary_large_image","twitter_site":"@PanizzoloRS","twitter_misc":{"Est. reading time":"2 minutes"},"schema":{"@context":"https:\/\/schema.org","@graph":[{"@type":"WebPage","@id":"https:\/\/www.panizzolo.com\/es\/soluciones-de-reciclaje\/maquinas-de-reciclaje\/sistemas-de-separacion\/filtro-para-el-tratamiento-del-aire\/","url":"https:\/\/www.panizzolo.com\/es\/soluciones-de-reciclaje\/maquinas-de-reciclaje\/sistemas-de-separacion\/filtro-para-el-tratamiento-del-aire\/","name":"Filtro para el tratamiento del aire - Panizzolo Impianti di riciclaggio per rifiuti","isPartOf":{"@id":"https:\/\/www.panizzolo.com\/es\/#website"},"primaryImageOfPage":{"@id":"https:\/\/www.panizzolo.com\/es\/soluciones-de-reciclaje\/maquinas-de-reciclaje\/sistemas-de-separacion\/filtro-para-el-tratamiento-del-aire\/#primaryimage"},"image":{"@id":"https:\/\/www.panizzolo.com\/es\/soluciones-de-reciclaje\/maquinas-de-reciclaje\/sistemas-de-separacion\/filtro-para-el-tratamiento-del-aire\/#primaryimage"},"thumbnailUrl":"https:\/\/www.panizzolo.com\/wp-content\/uploads\/2021\/10\/Filtro-trattamento-aria.png","datePublished":"2021-09-16T08:26:14+00:00","dateModified":"2021-10-14T07:48:12+00:00","breadcrumb":{"@id":"https:\/\/www.panizzolo.com\/es\/soluciones-de-reciclaje\/maquinas-de-reciclaje\/sistemas-de-separacion\/filtro-para-el-tratamiento-del-aire\/#breadcrumb"},"inLanguage":"es-ES","potentialAction":[{"@type":"ReadAction","target":["https:\/\/www.panizzolo.com\/es\/soluciones-de-reciclaje\/maquinas-de-reciclaje\/sistemas-de-separacion\/filtro-para-el-tratamiento-del-aire\/"]}]},{"@type":"ImageObject","inLanguage":"es-ES","@id":"https:\/\/www.panizzolo.com\/es\/soluciones-de-reciclaje\/maquinas-de-reciclaje\/sistemas-de-separacion\/filtro-para-el-tratamiento-del-aire\/#primaryimage","url":"https:\/\/www.panizzolo.com\/wp-content\/uploads\/2021\/10\/Filtro-trattamento-aria.png","contentUrl":"https:\/\/www.panizzolo.com\/wp-content\/uploads\/2021\/10\/Filtro-trattamento-aria.png","width":1008,"height":1008},{"@type":"BreadcrumbList","@id":"https:\/\/www.panizzolo.com\/es\/soluciones-de-reciclaje\/maquinas-de-reciclaje\/sistemas-de-separacion\/filtro-para-el-tratamiento-del-aire\/#breadcrumb","itemListElement":[{"@type":"ListItem","position":1,"name":"Soluciones de reciclaje","item":"https:\/\/www.panizzolo.com\/es\/soluciones-de-reciclaje\/"},{"@type":"ListItem","position":2,"name":"M\u00e1quinas de reciclaje","item":"https:\/\/www.panizzolo.com\/es\/soluciones-de-reciclaje\/maquinas-de-reciclaje\/"},{"@type":"ListItem","position":3,"name":"Sistemas de separaci\u00f3n","item":"https:\/\/www.panizzolo.com\/es\/soluciones-de-reciclaje\/maquinas-de-reciclaje\/sistemas-de-separacion\/"},{"@type":"ListItem","position":4,"name":"Filtro para el tratamiento del aire"}]},{"@type":"WebSite","@id":"https:\/\/www.panizzolo.com\/es\/#website","url":"https:\/\/www.panizzolo.com\/es\/","name":"Panizzolo Impianti di riciclaggio per rifiuti","description":"Panizzolo Impianti di riciclaggio per rifiuti","potentialAction":[{"@type":"SearchAction","target":{"@type":"EntryPoint","urlTemplate":"https:\/\/www.panizzolo.com\/es\/?s={search_term_string}"},"query-input":{"@type":"PropertyValueSpecification","valueRequired":true,"valueName":"search_term_string"}}],"inLanguage":"es-ES"}]}},"_links":{"self":[{"href":"https:\/\/www.panizzolo.com\/es\/wp-json\/wp\/v2\/pages\/87505","targetHints":{"allow":["GET"]}}],"collection":[{"href":"https:\/\/www.panizzolo.com\/es\/wp-json\/wp\/v2\/pages"}],"about":[{"href":"https:\/\/www.panizzolo.com\/es\/wp-json\/wp\/v2\/types\/page"}],"author":[{"embeddable":true,"href":"https:\/\/www.panizzolo.com\/es\/wp-json\/wp\/v2\/users\/1"}],"replies":[{"embeddable":true,"href":"https:\/\/www.panizzolo.com\/es\/wp-json\/wp\/v2\/comments?post=87505"}],"version-history":[{"count":2,"href":"https:\/\/www.panizzolo.com\/es\/wp-json\/wp\/v2\/pages\/87505\/revisions"}],"predecessor-version":[{"id":88716,"href":"https:\/\/www.panizzolo.com\/es\/wp-json\/wp\/v2\/pages\/87505\/revisions\/88716"}],"up":[{"embeddable":true,"href":"https:\/\/www.panizzolo.com\/es\/wp-json\/wp\/v2\/pages\/70730"}],"wp:featuredmedia":[{"embeddable":true,"href":"https:\/\/www.panizzolo.com\/es\/wp-json\/wp\/v2\/media\/86543"}],"wp:attachment":[{"href":"https:\/\/www.panizzolo.com\/es\/wp-json\/wp\/v2\/media?parent=87505"}],"curies":[{"name":"wp","href":"https:\/\/api.w.org\/{rel}","templated":true}]}}