{"id":87495,"date":"2021-09-16T10:23:00","date_gmt":"2021-09-16T08:23:00","guid":{"rendered":"https:\/\/www.panizzolo.com\/soluciones-de-reciclaje\/maquinas-de-reciclaje\/sistemas-de-separacion\/cabine-di-insonorizzazione\/"},"modified":"2021-12-22T14:13:30","modified_gmt":"2021-12-22T13:13:30","slug":"cabina-de-insonorizacion","status":"publish","type":"page","link":"https:\/\/www.panizzolo.com\/es\/soluciones-de-reciclaje\/maquinas-de-reciclaje\/sistemas-de-separacion\/cabina-de-insonorizacion\/","title":{"rendered":"Cabina de insonorizaci\u00f3n"},"content":{"rendered":"<div class=\"wpb-content-wrapper\"><p>[vc_row row_height_percent=&#8221;0&#8243; override_padding=&#8221;yes&#8221; h_padding=&#8221;2&#8243; top_padding=&#8221;4&#8243; bottom_padding=&#8221;2&#8243; overlay_alpha=&#8221;50&#8243; gutter_size=&#8221;3&#8243; column_width_percent=&#8221;100&#8243; shift_y=&#8221;0&#8243; z_index=&#8221;0&#8243; uncode_shortcode_id=&#8221;755044&#8243;][vc_column column_width_percent=&#8221;100&#8243; position_horizontal=&#8221;left&#8221; gutter_size=&#8221;3&#8243; overlay_alpha=&#8221;50&#8243; shift_x=&#8221;0&#8243; shift_y=&#8221;0&#8243; shift_y_down=&#8221;0&#8243; z_index=&#8221;0&#8243; medium_width=&#8221;0&#8243; mobile_width=&#8221;0&#8243; css_animation=&#8221;left-t-right&#8221; width=&#8221;1\/1&#8243; uncode_shortcode_id=&#8221;148278&#8243;][vc_custom_heading text_color=&#8221;color-170105&#8243; heading_semantic=&#8221;h1&#8243; text_size=&#8221;h1&#8243; uncode_shortcode_id=&#8221;697185&#8243; text_color_type=&#8221;uncode-palette&#8221;]Cabina de insonorizaci\u00f3n[\/vc_custom_heading][\/vc_column][\/vc_row][vc_row][vc_column width=&#8221;1\/2&#8243;][vc_column_text uncode_shortcode_id=&#8221;163306&#8243;]Insonorizaci\u00f3n dimensionada de manera espec\u00edfica para reducir y eliminar el ruido producido por el molino de martillos Panizzolo.<\/p>\n<p>Las paredes son de paneles autoportantes con material fonoabsorbente hidrorrepelente. Lleva un port\u00f3n lateral corredero para que se pueda acceder completamente al molino de martillos. Incluye escalera, puerta de acceso, hasta dos compartimentos para extraer el material elaborado, iluminaci\u00f3n y circuito de seguridad.[\/vc_column_text][\/vc_column][vc_column width=&#8221;1\/2&#8243;][vc_single_image media=&#8221;86431&#8243; media_width_percent=&#8221;100&#8243; uncode_shortcode_id=&#8221;100857&#8243;][\/vc_column][\/vc_row][vc_row row_height_percent=&#8221;0&#8243; overlay_alpha=&#8221;50&#8243; gutter_size=&#8221;3&#8243; column_width_percent=&#8221;100&#8243; shift_y=&#8221;0&#8243; z_index=&#8221;0&#8243; uncode_shortcode_id=&#8221;608406&#8243;][vc_column column_width_percent=&#8221;100&#8243; gutter_size=&#8221;3&#8243; overlay_alpha=&#8221;50&#8243; shift_x=&#8221;0&#8243; shift_y=&#8221;0&#8243; shift_y_down=&#8221;0&#8243; z_index=&#8221;0&#8243; medium_width=&#8221;0&#8243; mobile_width=&#8221;0&#8243; width=&#8221;1\/1&#8243; uncode_shortcode_id=&#8221;130944&#8243;][vc_row_inner][vc_column_inner column_width_percent=&#8221;100&#8243; gutter_size=&#8221;3&#8243; overlay_alpha=&#8221;50&#8243; shift_x=&#8221;0&#8243; shift_y=&#8221;0&#8243; shift_y_down=&#8221;0&#8243; z_index=&#8221;0&#8243; medium_width=&#8221;0&#8243; mobile_width=&#8221;0&#8243; css_animation=&#8221;left-t-right&#8221; width=&#8221;1\/2&#8243; uncode_shortcode_id=&#8221;122851&#8243;][vc_single_image media=&#8221;86577&#8243; media_width_percent=&#8221;100&#8243; uncode_shortcode_id=&#8221;136088&#8243;][vc_custom_heading text_color=&#8221;color-708329&#8243; heading_semantic=&#8221;h5&#8243; text_font=&#8221;font-116529&#8243; text_size=&#8221;h5&#8243; uncode_shortcode_id=&#8221;183406&#8243; text_color_type=&#8221;uncode-palette&#8221;]Complemento: Letrero personalizado.[\/vc_custom_heading][vc_column_text uncode_shortcode_id=&#8221;332764&#8243;]Sin costes complementarios se pueden personalizar hasta dos letreros con el logotipo de la empresa.[\/vc_column_text][\/vc_column_inner][vc_column_inner column_width_percent=&#8221;100&#8243; gutter_size=&#8221;3&#8243; overlay_alpha=&#8221;50&#8243; shift_x=&#8221;0&#8243; shift_y=&#8221;0&#8243; shift_y_down=&#8221;0&#8243; z_index=&#8221;0&#8243; medium_width=&#8221;0&#8243; mobile_width=&#8221;0&#8243; css_animation=&#8221;right-t-left&#8221; width=&#8221;1\/2&#8243; uncode_shortcode_id=&#8221;616766&#8243;][vc_single_image media=&#8221;86419&#8243; media_width_percent=&#8221;100&#8243; uncode_shortcode_id=&#8221;931103&#8243;][vc_custom_heading text_color=&#8221;color-708329&#8243; heading_semantic=&#8221;h5&#8243; text_font=&#8221;font-116529&#8243; text_size=&#8221;h5&#8243; uncode_shortcode_id=&#8221;835345&#8243; text_color_type=&#8221;uncode-palette&#8221;]Complemento: gr\u00faa bandera con brazo plegable[\/vc_custom_heading][vc_column_text uncode_shortcode_id=&#8221;106077&#8243;]Desde fuera o desde el interior en base a la zona de producci\u00f3n. Con estructura id\u00f3nea, seg\u00fan el modelo de molino de martillos.[\/vc_column_text][\/vc_column_inner][\/vc_row_inner][\/vc_column][\/vc_row][vc_row row_height_percent=&#8221;0&#8243; override_padding=&#8221;yes&#8221; h_padding=&#8221;2&#8243; top_padding=&#8221;2&#8243; bottom_padding=&#8221;3&#8243; overlay_alpha=&#8221;50&#8243; gutter_size=&#8221;3&#8243; column_width_percent=&#8221;100&#8243; shift_y=&#8221;0&#8243; z_index=&#8221;0&#8243; uncode_shortcode_id=&#8221;212246&#8243;][vc_column column_width_percent=&#8221;100&#8243; position_horizontal=&#8221;left&#8221; position_vertical=&#8221;middle&#8221; gutter_size=&#8221;3&#8243; overlay_alpha=&#8221;50&#8243; shift_x=&#8221;0&#8243; shift_y=&#8221;0&#8243; shift_y_down=&#8221;0&#8243; z_index=&#8221;0&#8243; medium_width=&#8221;0&#8243; mobile_width=&#8221;0&#8243; css_animation=&#8221;left-t-right&#8221; width=&#8221;1\/2&#8243; uncode_shortcode_id=&#8221;329263&#8243;][vc_custom_heading text_color=&#8221;color-708329&#8243; text_font=&#8221;font-116529&#8243; uncode_shortcode_id=&#8221;181723&#8243; text_color_type=&#8221;uncode-palette&#8221;]Cabina para clasificaci\u00f3n manual[\/vc_custom_heading][vc_column_text uncode_shortcode_id=&#8221;208891&#8243;]Cabina insonorizada espec\u00edfica para clasificaciones manuales, proporcionada en varios modelos y para complementar soluciones de reciclaje de Panizzolo. Las dimensiones y complementos cambian en base a la l\u00f3gica de tratamiento y a la zona productiva. Se suministra con cinta transportadora espec\u00edfica ya incluida.<\/p>\n<p>La composici\u00f3n est\u00e1ndar de una cabina Panizzolo incluye paredes aisladas, circuito el\u00e9ctrico e iluminaci\u00f3n, recirculaci\u00f3n de aire, puesto para los operadores, instalaci\u00f3n de aire acondicionado\/calefacci\u00f3n y otros accesorios que garantizan la completa visibilidad del personal que trabaja dentro.[\/vc_column_text][\/vc_column][vc_column width=&#8221;1\/2&#8243;][vc_single_image media=&#8221;86425&#8243; media_width_percent=&#8221;100&#8243; css_animation=&#8221;right-t-left&#8221; uncode_shortcode_id=&#8221;174182&#8243;][\/vc_column][\/vc_row][vc_row row_height_percent=&#8221;0&#8243; override_padding=&#8221;yes&#8221; h_padding=&#8221;2&#8243; top_padding=&#8221;2&#8243; bottom_padding=&#8221;4&#8243; overlay_alpha=&#8221;50&#8243; gutter_size=&#8221;3&#8243; column_width_percent=&#8221;100&#8243; shift_y=&#8221;0&#8243; z_index=&#8221;0&#8243; uncode_shortcode_id=&#8221;468953&#8243;][vc_column column_width_percent=&#8221;85&#8243; gutter_size=&#8221;3&#8243; overlay_alpha=&#8221;50&#8243; shift_x=&#8221;0&#8243; shift_y=&#8221;0&#8243; shift_y_down=&#8221;0&#8243; z_index=&#8221;0&#8243; medium_width=&#8221;0&#8243; mobile_width=&#8221;0&#8243; width=&#8221;1\/3&#8243; uncode_shortcode_id=&#8221;120204&#8243;][vc_button border_width=&#8221;0&#8243; icon=&#8221;fa fa-arrow-left-thick&#8221; uncode_shortcode_id=&#8221;195536&#8243; link=&#8221;url:https%3A%2F%2Fwww.panizzolo.com%2Fes%2Fsoluciones-de-reciclaje%2Fmaquinas-de-reciclaje%2Fsistemas-de-separacion%2F|title:Sistemas%20de%20separaci%C3%B3n&#8221;]Volver a los sistemas de separaci\u00f3n[\/vc_button][\/vc_column][vc_column width=&#8221;1\/3&#8243;][\/vc_column][vc_column width=&#8221;1\/3&#8243;][\/vc_column][\/vc_row][vc_row][vc_column width=&#8221;1\/1&#8243;][uncode_block id=&#8221;87774&#8243;][\/vc_column][\/vc_row][vc_row][vc_column width=&#8221;1\/1&#8243;][uncode_block id=&#8221;87788&#8243;][\/vc_column][\/vc_row]<\/p>\n<\/div>","protected":false},"excerpt":{"rendered":"<p>[vc_row row_height_percent=&#8221;0&#8243; override_padding=&#8221;yes&#8221; h_padding=&#8221;2&#8243; top_padding=&#8221;4&#8243; bottom_padding=&#8221;2&#8243; overlay_alpha=&#8221;50&#8243; gutter_size=&#8221;3&#8243; column_width_percent=&#8221;100&#8243; shift_y=&#8221;0&#8243; z_index=&#8221;0&#8243; uncode_shortcode_id=&#8221;755044&#8243;][vc_column column_width_percent=&#8221;100&#8243; position_horizontal=&#8221;left&#8221; gutter_size=&#8221;3&#8243; overlay_alpha=&#8221;50&#8243; shift_x=&#8221;0&#8243; shift_y=&#8221;0&#8243; shift_y_down=&#8221;0&#8243; z_index=&#8221;0&#8243; [&hellip;]<\/p>\n","protected":false},"author":1,"featured_media":86436,"parent":70730,"menu_order":1,"comment_status":"closed","ping_status":"closed","template":"","meta":{"footnotes":""},"class_list":["post-87495","page","type-page","status-publish","has-post-thumbnail","hentry","page_category-sistemi-di-separazione-es"],"yoast_head":"<!-- This site is optimized with the Yoast SEO plugin v24.5 - https:\/\/yoast.com\/wordpress\/plugins\/seo\/ -->\n<title>Cabina de insonorizaci\u00f3n - Panizzolo Impianti di riciclaggio per rifiuti<\/title>\n<meta name=\"robots\" content=\"index, follow, max-snippet:-1, max-image-preview:large, max-video-preview:-1\" \/>\n<link rel=\"canonical\" href=\"https:\/\/www.panizzolo.com\/es\/soluciones-de-reciclaje\/maquinas-de-reciclaje\/sistemas-de-separacion\/cabina-de-insonorizacion\/\" \/>\n<meta property=\"og:locale\" content=\"es_ES\" \/>\n<meta property=\"og:type\" content=\"article\" \/>\n<meta property=\"og:title\" content=\"Cabina de insonorizaci\u00f3n - Panizzolo Impianti di riciclaggio per rifiuti\" \/>\n<meta property=\"og:description\" content=\"[vc_row row_height_percent=&#8221;0&#8243; override_padding=&#8221;yes&#8221; h_padding=&#8221;2&#8243; top_padding=&#8221;4&#8243; bottom_padding=&#8221;2&#8243; overlay_alpha=&#8221;50&#8243; gutter_size=&#8221;3&#8243; column_width_percent=&#8221;100&#8243; shift_y=&#8221;0&#8243; z_index=&#8221;0&#8243; uncode_shortcode_id=&#8221;755044&#8243;][vc_column column_width_percent=&#8221;100&#8243; position_horizontal=&#8221;left&#8221; gutter_size=&#8221;3&#8243; overlay_alpha=&#8221;50&#8243; shift_x=&#8221;0&#8243; shift_y=&#8221;0&#8243; shift_y_down=&#8221;0&#8243; z_index=&#8221;0&#8243; [&hellip;]\" \/>\n<meta property=\"og:url\" content=\"https:\/\/www.panizzolo.com\/es\/soluciones-de-reciclaje\/maquinas-de-reciclaje\/sistemas-de-separacion\/cabina-de-insonorizacion\/\" \/>\n<meta property=\"og:site_name\" content=\"Panizzolo Impianti di riciclaggio per rifiuti\" \/>\n<meta property=\"article:publisher\" content=\"https:\/\/www.facebook.com\/PanizzoloRecycling\" \/>\n<meta property=\"article:modified_time\" content=\"2021-12-22T13:13:30+00:00\" \/>\n<meta property=\"og:image\" content=\"https:\/\/www.panizzolo.com\/wp-content\/uploads\/2021\/10\/Cabina-insonorizzazione-mulini-martelli.jpg\" \/>\n\t<meta property=\"og:image:width\" content=\"1500\" \/>\n\t<meta property=\"og:image:height\" content=\"1000\" \/>\n\t<meta property=\"og:image:type\" content=\"image\/jpeg\" \/>\n<meta name=\"twitter:card\" content=\"summary_large_image\" \/>\n<meta name=\"twitter:site\" content=\"@PanizzoloRS\" \/>\n<meta name=\"twitter:label1\" content=\"Est. reading time\" \/>\n\t<meta name=\"twitter:data1\" content=\"2 minutes\" \/>\n<script type=\"application\/ld+json\" class=\"yoast-schema-graph\">{\"@context\":\"https:\/\/schema.org\",\"@graph\":[{\"@type\":\"WebPage\",\"@id\":\"https:\/\/www.panizzolo.com\/es\/soluciones-de-reciclaje\/maquinas-de-reciclaje\/sistemas-de-separacion\/cabina-de-insonorizacion\/\",\"url\":\"https:\/\/www.panizzolo.com\/es\/soluciones-de-reciclaje\/maquinas-de-reciclaje\/sistemas-de-separacion\/cabina-de-insonorizacion\/\",\"name\":\"Cabina de insonorizaci\u00f3n - Panizzolo Impianti di riciclaggio per rifiuti\",\"isPartOf\":{\"@id\":\"https:\/\/www.panizzolo.com\/es\/#website\"},\"primaryImageOfPage\":{\"@id\":\"https:\/\/www.panizzolo.com\/es\/soluciones-de-reciclaje\/maquinas-de-reciclaje\/sistemas-de-separacion\/cabina-de-insonorizacion\/#primaryimage\"},\"image\":{\"@id\":\"https:\/\/www.panizzolo.com\/es\/soluciones-de-reciclaje\/maquinas-de-reciclaje\/sistemas-de-separacion\/cabina-de-insonorizacion\/#primaryimage\"},\"thumbnailUrl\":\"https:\/\/www.panizzolo.com\/wp-content\/uploads\/2021\/10\/Cabina-insonorizzazione-mulini-martelli.jpg\",\"datePublished\":\"2021-09-16T08:23:00+00:00\",\"dateModified\":\"2021-12-22T13:13:30+00:00\",\"breadcrumb\":{\"@id\":\"https:\/\/www.panizzolo.com\/es\/soluciones-de-reciclaje\/maquinas-de-reciclaje\/sistemas-de-separacion\/cabina-de-insonorizacion\/#breadcrumb\"},\"inLanguage\":\"es-ES\",\"potentialAction\":[{\"@type\":\"ReadAction\",\"target\":[\"https:\/\/www.panizzolo.com\/es\/soluciones-de-reciclaje\/maquinas-de-reciclaje\/sistemas-de-separacion\/cabina-de-insonorizacion\/\"]}]},{\"@type\":\"ImageObject\",\"inLanguage\":\"es-ES\",\"@id\":\"https:\/\/www.panizzolo.com\/es\/soluciones-de-reciclaje\/maquinas-de-reciclaje\/sistemas-de-separacion\/cabina-de-insonorizacion\/#primaryimage\",\"url\":\"https:\/\/www.panizzolo.com\/wp-content\/uploads\/2021\/10\/Cabina-insonorizzazione-mulini-martelli.jpg\",\"contentUrl\":\"https:\/\/www.panizzolo.com\/wp-content\/uploads\/2021\/10\/Cabina-insonorizzazione-mulini-martelli.jpg\",\"width\":1500,\"height\":1000},{\"@type\":\"BreadcrumbList\",\"@id\":\"https:\/\/www.panizzolo.com\/es\/soluciones-de-reciclaje\/maquinas-de-reciclaje\/sistemas-de-separacion\/cabina-de-insonorizacion\/#breadcrumb\",\"itemListElement\":[{\"@type\":\"ListItem\",\"position\":1,\"name\":\"Soluciones de reciclaje\",\"item\":\"https:\/\/www.panizzolo.com\/es\/soluciones-de-reciclaje\/\"},{\"@type\":\"ListItem\",\"position\":2,\"name\":\"M\u00e1quinas de reciclaje\",\"item\":\"https:\/\/www.panizzolo.com\/es\/soluciones-de-reciclaje\/maquinas-de-reciclaje\/\"},{\"@type\":\"ListItem\",\"position\":3,\"name\":\"Sistemas de separaci\u00f3n\",\"item\":\"https:\/\/www.panizzolo.com\/es\/soluciones-de-reciclaje\/maquinas-de-reciclaje\/sistemas-de-separacion\/\"},{\"@type\":\"ListItem\",\"position\":4,\"name\":\"Cabina de insonorizaci\u00f3n\"}]},{\"@type\":\"WebSite\",\"@id\":\"https:\/\/www.panizzolo.com\/es\/#website\",\"url\":\"https:\/\/www.panizzolo.com\/es\/\",\"name\":\"Panizzolo Impianti di riciclaggio per rifiuti\",\"description\":\"Panizzolo Impianti di riciclaggio per rifiuti\",\"potentialAction\":[{\"@type\":\"SearchAction\",\"target\":{\"@type\":\"EntryPoint\",\"urlTemplate\":\"https:\/\/www.panizzolo.com\/es\/?s={search_term_string}\"},\"query-input\":{\"@type\":\"PropertyValueSpecification\",\"valueRequired\":true,\"valueName\":\"search_term_string\"}}],\"inLanguage\":\"es-ES\"}]}<\/script>\n<!-- \/ Yoast SEO plugin. -->","yoast_head_json":{"title":"Cabina de insonorizaci\u00f3n - Panizzolo Impianti di riciclaggio per rifiuti","robots":{"index":"index","follow":"follow","max-snippet":"max-snippet:-1","max-image-preview":"max-image-preview:large","max-video-preview":"max-video-preview:-1"},"canonical":"https:\/\/www.panizzolo.com\/es\/soluciones-de-reciclaje\/maquinas-de-reciclaje\/sistemas-de-separacion\/cabina-de-insonorizacion\/","og_locale":"es_ES","og_type":"article","og_title":"Cabina de insonorizaci\u00f3n - Panizzolo Impianti di riciclaggio per rifiuti","og_description":"[vc_row row_height_percent=&#8221;0&#8243; override_padding=&#8221;yes&#8221; h_padding=&#8221;2&#8243; top_padding=&#8221;4&#8243; bottom_padding=&#8221;2&#8243; overlay_alpha=&#8221;50&#8243; gutter_size=&#8221;3&#8243; column_width_percent=&#8221;100&#8243; shift_y=&#8221;0&#8243; z_index=&#8221;0&#8243; uncode_shortcode_id=&#8221;755044&#8243;][vc_column column_width_percent=&#8221;100&#8243; position_horizontal=&#8221;left&#8221; gutter_size=&#8221;3&#8243; overlay_alpha=&#8221;50&#8243; shift_x=&#8221;0&#8243; shift_y=&#8221;0&#8243; shift_y_down=&#8221;0&#8243; z_index=&#8221;0&#8243; [&hellip;]","og_url":"https:\/\/www.panizzolo.com\/es\/soluciones-de-reciclaje\/maquinas-de-reciclaje\/sistemas-de-separacion\/cabina-de-insonorizacion\/","og_site_name":"Panizzolo Impianti di riciclaggio per rifiuti","article_publisher":"https:\/\/www.facebook.com\/PanizzoloRecycling","article_modified_time":"2021-12-22T13:13:30+00:00","og_image":[{"width":1500,"height":1000,"url":"https:\/\/www.panizzolo.com\/wp-content\/uploads\/2021\/10\/Cabina-insonorizzazione-mulini-martelli.jpg","type":"image\/jpeg"}],"twitter_card":"summary_large_image","twitter_site":"@PanizzoloRS","twitter_misc":{"Est. reading time":"2 minutes"},"schema":{"@context":"https:\/\/schema.org","@graph":[{"@type":"WebPage","@id":"https:\/\/www.panizzolo.com\/es\/soluciones-de-reciclaje\/maquinas-de-reciclaje\/sistemas-de-separacion\/cabina-de-insonorizacion\/","url":"https:\/\/www.panizzolo.com\/es\/soluciones-de-reciclaje\/maquinas-de-reciclaje\/sistemas-de-separacion\/cabina-de-insonorizacion\/","name":"Cabina de insonorizaci\u00f3n - Panizzolo Impianti di riciclaggio per rifiuti","isPartOf":{"@id":"https:\/\/www.panizzolo.com\/es\/#website"},"primaryImageOfPage":{"@id":"https:\/\/www.panizzolo.com\/es\/soluciones-de-reciclaje\/maquinas-de-reciclaje\/sistemas-de-separacion\/cabina-de-insonorizacion\/#primaryimage"},"image":{"@id":"https:\/\/www.panizzolo.com\/es\/soluciones-de-reciclaje\/maquinas-de-reciclaje\/sistemas-de-separacion\/cabina-de-insonorizacion\/#primaryimage"},"thumbnailUrl":"https:\/\/www.panizzolo.com\/wp-content\/uploads\/2021\/10\/Cabina-insonorizzazione-mulini-martelli.jpg","datePublished":"2021-09-16T08:23:00+00:00","dateModified":"2021-12-22T13:13:30+00:00","breadcrumb":{"@id":"https:\/\/www.panizzolo.com\/es\/soluciones-de-reciclaje\/maquinas-de-reciclaje\/sistemas-de-separacion\/cabina-de-insonorizacion\/#breadcrumb"},"inLanguage":"es-ES","potentialAction":[{"@type":"ReadAction","target":["https:\/\/www.panizzolo.com\/es\/soluciones-de-reciclaje\/maquinas-de-reciclaje\/sistemas-de-separacion\/cabina-de-insonorizacion\/"]}]},{"@type":"ImageObject","inLanguage":"es-ES","@id":"https:\/\/www.panizzolo.com\/es\/soluciones-de-reciclaje\/maquinas-de-reciclaje\/sistemas-de-separacion\/cabina-de-insonorizacion\/#primaryimage","url":"https:\/\/www.panizzolo.com\/wp-content\/uploads\/2021\/10\/Cabina-insonorizzazione-mulini-martelli.jpg","contentUrl":"https:\/\/www.panizzolo.com\/wp-content\/uploads\/2021\/10\/Cabina-insonorizzazione-mulini-martelli.jpg","width":1500,"height":1000},{"@type":"BreadcrumbList","@id":"https:\/\/www.panizzolo.com\/es\/soluciones-de-reciclaje\/maquinas-de-reciclaje\/sistemas-de-separacion\/cabina-de-insonorizacion\/#breadcrumb","itemListElement":[{"@type":"ListItem","position":1,"name":"Soluciones de reciclaje","item":"https:\/\/www.panizzolo.com\/es\/soluciones-de-reciclaje\/"},{"@type":"ListItem","position":2,"name":"M\u00e1quinas de reciclaje","item":"https:\/\/www.panizzolo.com\/es\/soluciones-de-reciclaje\/maquinas-de-reciclaje\/"},{"@type":"ListItem","position":3,"name":"Sistemas de separaci\u00f3n","item":"https:\/\/www.panizzolo.com\/es\/soluciones-de-reciclaje\/maquinas-de-reciclaje\/sistemas-de-separacion\/"},{"@type":"ListItem","position":4,"name":"Cabina de insonorizaci\u00f3n"}]},{"@type":"WebSite","@id":"https:\/\/www.panizzolo.com\/es\/#website","url":"https:\/\/www.panizzolo.com\/es\/","name":"Panizzolo Impianti di riciclaggio per rifiuti","description":"Panizzolo Impianti di riciclaggio per rifiuti","potentialAction":[{"@type":"SearchAction","target":{"@type":"EntryPoint","urlTemplate":"https:\/\/www.panizzolo.com\/es\/?s={search_term_string}"},"query-input":{"@type":"PropertyValueSpecification","valueRequired":true,"valueName":"search_term_string"}}],"inLanguage":"es-ES"}]}},"_links":{"self":[{"href":"https:\/\/www.panizzolo.com\/es\/wp-json\/wp\/v2\/pages\/87495","targetHints":{"allow":["GET"]}}],"collection":[{"href":"https:\/\/www.panizzolo.com\/es\/wp-json\/wp\/v2\/pages"}],"about":[{"href":"https:\/\/www.panizzolo.com\/es\/wp-json\/wp\/v2\/types\/page"}],"author":[{"embeddable":true,"href":"https:\/\/www.panizzolo.com\/es\/wp-json\/wp\/v2\/users\/1"}],"replies":[{"embeddable":true,"href":"https:\/\/www.panizzolo.com\/es\/wp-json\/wp\/v2\/comments?post=87495"}],"version-history":[{"count":3,"href":"https:\/\/www.panizzolo.com\/es\/wp-json\/wp\/v2\/pages\/87495\/revisions"}],"predecessor-version":[{"id":91592,"href":"https:\/\/www.panizzolo.com\/es\/wp-json\/wp\/v2\/pages\/87495\/revisions\/91592"}],"up":[{"embeddable":true,"href":"https:\/\/www.panizzolo.com\/es\/wp-json\/wp\/v2\/pages\/70730"}],"wp:featuredmedia":[{"embeddable":true,"href":"https:\/\/www.panizzolo.com\/es\/wp-json\/wp\/v2\/media\/86436"}],"wp:attachment":[{"href":"https:\/\/www.panizzolo.com\/es\/wp-json\/wp\/v2\/media?parent=87495"}],"curies":[{"name":"wp","href":"https:\/\/api.w.org\/{rel}","templated":true}]}}