{"id":78250,"date":"2020-04-30T13:05:14","date_gmt":"2020-04-30T11:05:14","guid":{"rendered":"https:\/\/www.panizzolo.com\/empresa\/impianto-per-il-riciclaggio-usato\/"},"modified":"2021-10-25T16:21:48","modified_gmt":"2021-10-25T14:21:48","slug":"politica-de-calidad-del-usado-de-panizzolo","status":"publish","type":"page","link":"https:\/\/www.panizzolo.com\/es\/soluciones-de-reciclaje\/usado\/politica-de-calidad-del-usado-de-panizzolo\/","title":{"rendered":"Pol\u00edtica de calidad del usado de panizzolo"},"content":{"rendered":"<div class=\"wpb-content-wrapper\"><p>[vc_row row_height_percent=&#8221;0&#8243; override_padding=&#8221;yes&#8221; h_padding=&#8221;2&#8243; top_padding=&#8221;2&#8243; bottom_padding=&#8221;3&#8243; back_image=&#8221;65455&#8243; back_repeat=&#8221;no-repeat&#8221; back_position=&#8221;right bottom&#8221; overlay_alpha=&#8221;50&#8243; gutter_size=&#8221;3&#8243; column_width_percent=&#8221;100&#8243; shift_y=&#8221;0&#8243; z_index=&#8221;0&#8243;][vc_column column_width_percent=&#8221;100&#8243; position_horizontal=&#8221;left&#8221; gutter_size=&#8221;3&#8243; overlay_alpha=&#8221;50&#8243; shift_x=&#8221;0&#8243; shift_y=&#8221;0&#8243; shift_y_down=&#8221;0&#8243; z_index=&#8221;0&#8243; medium_width=&#8221;0&#8243; mobile_width=&#8221;0&#8243; width=&#8221;1\/1&#8243;][vc_row_inner row_inner_height_percent=&#8221;0&#8243; overlay_alpha=&#8221;50&#8243; gutter_size=&#8221;3&#8243; shift_y=&#8221;0&#8243; z_index=&#8221;0&#8243;][vc_column_inner column_width_percent=&#8221;72&#8243; position_horizontal=&#8221;left&#8221; gutter_size=&#8221;3&#8243; overlay_alpha=&#8221;50&#8243; shift_x=&#8221;0&#8243; shift_y=&#8221;0&#8243; shift_y_down=&#8221;0&#8243; z_index=&#8221;0&#8243; medium_width=&#8221;0&#8243; mobile_width=&#8221;0&#8243; css_animation=&#8221;bottom-t-top&#8221; animation_delay=&#8221;100&#8243; width=&#8221;1\/1&#8243; uncode_shortcode_id=&#8221;659876&#8243;][vc_empty_space empty_h=&#8221;2&#8243;][vc_custom_heading css_animation=&#8221;left-t-right&#8221; uncode_shortcode_id=&#8221;867421&#8243;]Pol\u00edtica de calidad<br \/>\ndel usado de Panizzolo[\/vc_custom_heading][vc_empty_space empty_h=&#8221;2&#8243;][vc_column_text css_animation=&#8221;left-t-right&#8221; uncode_shortcode_id=&#8221;103168&#8243;]Cada <b>instalaci\u00f3n de reciclaje usada<\/b> y <b>m\u00e1quina de reciclaje usada<\/b> que regresa a nosotros, sigue un procedimiento de revisi\u00f3n preciso, lo que garantiza a las empresas de <b>tratamiento de residuos met\u00e1licos<\/b> los est\u00e1ndares m\u00e1s elevados de calidad y producci\u00f3n con los <b>molinos de martillos<\/b>,<b> trituradores industriales <\/b>y<b> sistemas de separaci\u00f3n<\/b> revisados. A cada <b>instalaci\u00f3n de molienda usada<\/b> se le asigna un equipo de t\u00e9cnicos mec\u00e1nicos y el\u00e9ctricos altamente especializados y bajo la supervisi\u00f3n del responsable del pedido.[\/vc_column_text][vc_empty_space empty_h=&#8221;2&#8243;][\/vc_column_inner][\/vc_row_inner][vc_row_inner row_inner_height_percent=&#8221;0&#8243; overlay_alpha=&#8221;50&#8243; gutter_size=&#8221;4&#8243; shift_y=&#8221;0&#8243; z_index=&#8221;0&#8243; uncode_shortcode_id=&#8221;163244&#8243;][vc_column_inner column_width_percent=&#8221;100&#8243; gutter_size=&#8221;3&#8243; overlay_alpha=&#8221;50&#8243; shift_x=&#8221;0&#8243; shift_y=&#8221;0&#8243; shift_y_down=&#8221;0&#8243; z_index=&#8221;0&#8243; medium_width=&#8221;0&#8243; mobile_width=&#8221;0&#8243; css_animation=&#8221;bottom-t-top&#8221; animation_delay=&#8221;100&#8243; width=&#8221;1\/2&#8243; uncode_shortcode_id=&#8221;358815&#8243;][vc_custom_heading text_color=&#8221;color-708329&#8243; heading_semantic=&#8221;h3&#8243; text_font=&#8221;font-116529&#8243; text_size=&#8221;h3&#8243; text_transform=&#8221;uppercase&#8221; css_animation=&#8221;alpha-anim&#8221; uncode_shortcode_id=&#8221;224122&#8243; text_color_type=&#8221;uncode-palette&#8221;]CONTROL MEC\u00c1NICO Y EL\u00c9CTRICO COMPLETO[\/vc_custom_heading][vc_column_text css_animation=&#8221;alpha-anim&#8221; uncode_shortcode_id=&#8221;168692&#8243;]Cuando una instalaci\u00f3n de reciclaje usada o una m\u00e1quina de reciclaje usada regresa, se realiza un primer control visual, anotando los componentes y los elementos desgastados que hay que cambiar o actualizar. A continuaci\u00f3n, la m\u00e1quina se desmonta completamente para realizar un an\u00e1lisis m\u00e1s profundo. La pol\u00edtica de sustituci\u00f3n de Panizzolo Recycling Systems sigue dos l\u00f3gicas. Por un lado, si un componente est\u00e1 evidentemente desgastado, se sustituye con otro nuevo de calidad equivalente o superior. Adem\u00e1s, un componente tambi\u00e9n puede sustituirse cuando no respeta nuestro nivel cualitativo de integridad. En los molinos de martillos usados, el rotor es el componente que est\u00e1 m\u00e1s sujeto a la molienda. Por lo tanto, se desmonta completamente, se valora el estado de los cojinetes, se controla el equilibrado y, por \u00faltimo, se devuelve a un estado de funcionamiento \u00f3ptimo. La centralita y el sistema hidr\u00e1ulico se desmontan, se controlan y se revisan. Se engrasan y se lubrican todos los componentes y se controla la fijaci\u00f3n de la torniller\u00eda.[\/vc_column_text][\/vc_column_inner][vc_column_inner column_width_percent=&#8221;100&#8243; gutter_size=&#8221;3&#8243; overlay_alpha=&#8221;50&#8243; shift_x=&#8221;0&#8243; shift_y=&#8221;0&#8243; shift_y_down=&#8221;0&#8243; z_index=&#8221;0&#8243; medium_width=&#8221;0&#8243; mobile_width=&#8221;0&#8243; css_animation=&#8221;bottom-t-top&#8221; animation_delay=&#8221;100&#8243; width=&#8221;1\/2&#8243; uncode_shortcode_id=&#8221;263642&#8243;][vc_column_text css_animation=&#8221;alpha-anim&#8221; uncode_shortcode_id=&#8221;172287&#8243;]El control el\u00e9ctrico no se detiene solamente en los elementos que no funcionan. Adem\u00e1s, el cuadro de potencia se inspecciona por completo y se limpia cada componente, prestando atenci\u00f3n especialmente al apriete de los bornes, contadores, fusibles y otros elementos. El panel de mandos, donde est\u00e9 presente, se desmonta y se controla o se cambia. Una vez terminadas las actividades de revisi\u00f3n, el sistema de reciclaje usado se monta completamente y se prueba siguiendo el mismo procedimiento de prueba de las m\u00e1quinas nuevas.[\/vc_column_text][vc_custom_heading text_color=&#8221;color-708329&#8243; heading_semantic=&#8221;h3&#8243; text_font=&#8221;font-116529&#8243; text_size=&#8221;h3&#8243; text_transform=&#8221;uppercase&#8221; css_animation=&#8221;alpha-anim&#8221; uncode_shortcode_id=&#8221;608290&#8243; text_color_type=&#8221;uncode-palette&#8221;]ACTUALIZACIONES DE LAS M\u00c1QUINAS REVISADAS[\/vc_custom_heading][vc_column_text css_animation=&#8221;alpha-anim&#8221; uncode_shortcode_id=&#8221;109462&#8243;]Gracias a las actividades del equipo de Panizzolo Recycling Systems, los componentes el\u00e9ctricos y de software se actualizan constantemente para mejorar su eficiencia productiva, la seguridad del personal y la calidad de la producci\u00f3n. Cuando es posible, las m\u00e1quinas de reciclaje usadas y revisadas tambi\u00e9n se actualizan, de manera que est\u00e9n al mismo nivel de los modelos nuevos.[\/vc_column_text][\/vc_column_inner][\/vc_row_inner][vc_row_inner row_inner_height_percent=&#8221;0&#8243; overlay_alpha=&#8221;50&#8243; gutter_size=&#8221;4&#8243; shift_y=&#8221;0&#8243; z_index=&#8221;0&#8243; uncode_shortcode_id=&#8221;172398&#8243;][vc_column_inner column_width_percent=&#8221;100&#8243; gutter_size=&#8221;3&#8243; overlay_alpha=&#8221;50&#8243; shift_x=&#8221;0&#8243; shift_y=&#8221;0&#8243; shift_y_down=&#8221;0&#8243; z_index=&#8221;0&#8243; medium_width=&#8221;0&#8243; mobile_width=&#8221;0&#8243; css_animation=&#8221;bottom-t-top&#8221; animation_delay=&#8221;100&#8243; width=&#8221;1\/2&#8243; uncode_shortcode_id=&#8221;455047&#8243;][vc_empty_space empty_h=&#8221;2&#8243;][vc_custom_heading text_color=&#8221;color-708329&#8243; heading_semantic=&#8221;h3&#8243; text_font=&#8221;font-116529&#8243; text_size=&#8221;h3&#8243; text_transform=&#8221;uppercase&#8221; css_animation=&#8221;alpha-anim&#8221; uncode_shortcode_id=&#8221;187034&#8243; text_color_type=&#8221;uncode-palette&#8221;]PROCESO DE REVISI\u00d3N CERTIFICADO DE PANIZZOLO[\/vc_custom_heading][vc_column_text css_animation=&#8221;alpha-anim&#8221; uncode_shortcode_id=&#8221;941611&#8243;]Los procedimientos var\u00edan en funci\u00f3n de la m\u00e1quina, pero, en t\u00e9rminos generales, pueden resumirse en el siguiente procedimiento:[\/vc_column_text][vc_column_text css_animation=&#8221;alpha-anim&#8221; uncode_shortcode_id=&#8221;131071&#8243;]<\/p>\n<ul>\n<li aria-level=\"1\">Desmontaje total de la instalaci\u00f3n de reciclaje usada y de la m\u00e1quina de reciclaje usada.<\/li>\n<li aria-level=\"1\">Control, limpieza y sustituci\u00f3n de los componentes desgastados y de los componentes que no respetan el nivel de integridad de Panizzolo.<\/li>\n<li aria-level=\"1\">Molinos de martillos usados: extracci\u00f3n del rotor para el control completo, engrase y equilibrado.<\/li>\n<li aria-level=\"1\">Trituradores usados: extracci\u00f3n de los ejes, desmontaje y control de los componentes.<\/li>\n<li aria-level=\"1\">Desmontaje y revisi\u00f3n del sistema hidr\u00e1ulico.<\/li>\n<li aria-level=\"1\">Actualizaci\u00f3n el\u00e9ctrica, software y de todos los componentes no tecnol\u00f3gicamente adecuados.<\/li>\n<li aria-level=\"1\">Inspecci\u00f3n y limpieza completas del cuadro el\u00e9ctrico y del panel de pulsadores.<\/li>\n<li aria-level=\"1\">Engrase, lubricaci\u00f3n y fijaci\u00f3n de la torniller\u00eda completos.<\/li>\n<li aria-level=\"1\">Test final de funcionamiento correcto: mismo procedimiento de las instalaciones de reciclaje usadas y de las m\u00e1quinas de reciclaje.<\/li>\n<\/ul>\n<p>[\/vc_column_text][\/vc_column_inner][vc_column_inner column_width_percent=&#8221;100&#8243; gutter_size=&#8221;3&#8243; overlay_alpha=&#8221;50&#8243; shift_x=&#8221;0&#8243; shift_y=&#8221;0&#8243; shift_y_down=&#8221;0&#8243; z_index=&#8221;0&#8243; medium_width=&#8221;0&#8243; mobile_width=&#8221;0&#8243; css_animation=&#8221;bottom-t-top&#8221; animation_delay=&#8221;100&#8243; width=&#8221;1\/2&#8243; uncode_shortcode_id=&#8221;790454&#8243;][\/vc_column_inner][\/vc_row_inner][\/vc_column][\/vc_row][vc_row][vc_column width=&#8221;1\/1&#8243;][\/vc_column][\/vc_row][vc_row][vc_column width=&#8221;1\/1&#8243;][uncode_block id=&#8221;87774&#8243;][\/vc_column][\/vc_row][vc_row][vc_column width=&#8221;1\/1&#8243;][uncode_block id=&#8221;87788&#8243;][\/vc_column][\/vc_row]<\/p>\n<\/div>","protected":false},"excerpt":{"rendered":"<p>[vc_row row_height_percent=&#8221;0&#8243; override_padding=&#8221;yes&#8221; h_padding=&#8221;2&#8243; top_padding=&#8221;2&#8243; bottom_padding=&#8221;3&#8243; back_image=&#8221;65455&#8243; back_repeat=&#8221;no-repeat&#8221; back_position=&#8221;right bottom&#8221; overlay_alpha=&#8221;50&#8243; gutter_size=&#8221;3&#8243; column_width_percent=&#8221;100&#8243; shift_y=&#8221;0&#8243; z_index=&#8221;0&#8243;][vc_column column_width_percent=&#8221;100&#8243; position_horizontal=&#8221;left&#8221; gutter_size=&#8221;3&#8243; overlay_alpha=&#8221;50&#8243; shift_x=&#8221;0&#8243; [&hellip;]<\/p>\n","protected":false},"author":1,"featured_media":77958,"parent":78246,"menu_order":10,"comment_status":"closed","ping_status":"closed","template":"","meta":{"footnotes":""},"class_list":["post-78250","page","type-page","status-publish","has-post-thumbnail","hentry"],"yoast_head":"<!-- This site is optimized with the Yoast SEO plugin v24.5 - https:\/\/yoast.com\/wordpress\/plugins\/seo\/ -->\n<title>Pol\u00edtica de calidad del usado de panizzolo - Panizzolo Impianti di riciclaggio per rifiuti<\/title>\n<meta name=\"robots\" content=\"index, follow, max-snippet:-1, max-image-preview:large, max-video-preview:-1\" \/>\n<link rel=\"canonical\" href=\"https:\/\/www.panizzolo.com\/es\/soluciones-de-reciclaje\/usado\/politica-de-calidad-del-usado-de-panizzolo\/\" \/>\n<meta property=\"og:locale\" content=\"es_ES\" \/>\n<meta property=\"og:type\" content=\"article\" \/>\n<meta property=\"og:title\" content=\"Pol\u00edtica de calidad del usado de panizzolo - Panizzolo Impianti di riciclaggio per rifiuti\" \/>\n<meta property=\"og:description\" content=\"[vc_row row_height_percent=&#8221;0&#8243; override_padding=&#8221;yes&#8221; h_padding=&#8221;2&#8243; top_padding=&#8221;2&#8243; bottom_padding=&#8221;3&#8243; back_image=&#8221;65455&#8243; back_repeat=&#8221;no-repeat&#8221; back_position=&#8221;right bottom&#8221; overlay_alpha=&#8221;50&#8243; gutter_size=&#8221;3&#8243; column_width_percent=&#8221;100&#8243; shift_y=&#8221;0&#8243; z_index=&#8221;0&#8243;][vc_column column_width_percent=&#8221;100&#8243; position_horizontal=&#8221;left&#8221; gutter_size=&#8221;3&#8243; overlay_alpha=&#8221;50&#8243; shift_x=&#8221;0&#8243; [&hellip;]\" \/>\n<meta property=\"og:url\" content=\"https:\/\/www.panizzolo.com\/es\/soluciones-de-reciclaje\/usado\/politica-de-calidad-del-usado-de-panizzolo\/\" \/>\n<meta property=\"og:site_name\" content=\"Panizzolo Impianti di riciclaggio per rifiuti\" \/>\n<meta property=\"article:publisher\" content=\"https:\/\/www.facebook.com\/PanizzoloRecycling\" \/>\n<meta property=\"article:modified_time\" content=\"2021-10-25T14:21:48+00:00\" \/>\n<meta property=\"og:image\" content=\"https:\/\/www.panizzolo.com\/wp-content\/uploads\/2020\/05\/revisione-certificata-macchine-panizzolo.jpg\" \/>\n\t<meta property=\"og:image:width\" content=\"1752\" \/>\n\t<meta property=\"og:image:height\" content=\"823\" \/>\n\t<meta property=\"og:image:type\" content=\"image\/jpeg\" \/>\n<meta name=\"twitter:card\" content=\"summary_large_image\" \/>\n<meta name=\"twitter:site\" content=\"@PanizzoloRS\" \/>\n<meta name=\"twitter:label1\" content=\"Est. reading time\" \/>\n\t<meta name=\"twitter:data1\" content=\"4 minutes\" \/>\n<script type=\"application\/ld+json\" class=\"yoast-schema-graph\">{\"@context\":\"https:\/\/schema.org\",\"@graph\":[{\"@type\":\"WebPage\",\"@id\":\"https:\/\/www.panizzolo.com\/es\/soluciones-de-reciclaje\/usado\/politica-de-calidad-del-usado-de-panizzolo\/\",\"url\":\"https:\/\/www.panizzolo.com\/es\/soluciones-de-reciclaje\/usado\/politica-de-calidad-del-usado-de-panizzolo\/\",\"name\":\"Pol\u00edtica de calidad del usado de panizzolo - Panizzolo Impianti di riciclaggio per rifiuti\",\"isPartOf\":{\"@id\":\"https:\/\/www.panizzolo.com\/es\/#website\"},\"primaryImageOfPage\":{\"@id\":\"https:\/\/www.panizzolo.com\/es\/soluciones-de-reciclaje\/usado\/politica-de-calidad-del-usado-de-panizzolo\/#primaryimage\"},\"image\":{\"@id\":\"https:\/\/www.panizzolo.com\/es\/soluciones-de-reciclaje\/usado\/politica-de-calidad-del-usado-de-panizzolo\/#primaryimage\"},\"thumbnailUrl\":\"https:\/\/www.panizzolo.com\/wp-content\/uploads\/2020\/05\/revisione-certificata-macchine-panizzolo.jpg\",\"datePublished\":\"2020-04-30T11:05:14+00:00\",\"dateModified\":\"2021-10-25T14:21:48+00:00\",\"breadcrumb\":{\"@id\":\"https:\/\/www.panizzolo.com\/es\/soluciones-de-reciclaje\/usado\/politica-de-calidad-del-usado-de-panizzolo\/#breadcrumb\"},\"inLanguage\":\"es-ES\",\"potentialAction\":[{\"@type\":\"ReadAction\",\"target\":[\"https:\/\/www.panizzolo.com\/es\/soluciones-de-reciclaje\/usado\/politica-de-calidad-del-usado-de-panizzolo\/\"]}]},{\"@type\":\"ImageObject\",\"inLanguage\":\"es-ES\",\"@id\":\"https:\/\/www.panizzolo.com\/es\/soluciones-de-reciclaje\/usado\/politica-de-calidad-del-usado-de-panizzolo\/#primaryimage\",\"url\":\"https:\/\/www.panizzolo.com\/wp-content\/uploads\/2020\/05\/revisione-certificata-macchine-panizzolo.jpg\",\"contentUrl\":\"https:\/\/www.panizzolo.com\/wp-content\/uploads\/2020\/05\/revisione-certificata-macchine-panizzolo.jpg\",\"width\":1752,\"height\":823},{\"@type\":\"BreadcrumbList\",\"@id\":\"https:\/\/www.panizzolo.com\/es\/soluciones-de-reciclaje\/usado\/politica-de-calidad-del-usado-de-panizzolo\/#breadcrumb\",\"itemListElement\":[{\"@type\":\"ListItem\",\"position\":1,\"name\":\"Soluciones de reciclaje\",\"item\":\"https:\/\/www.panizzolo.com\/es\/soluciones-de-reciclaje\/\"},{\"@type\":\"ListItem\",\"position\":2,\"name\":\"Usado\",\"item\":\"https:\/\/www.panizzolo.com\/es\/soluciones-de-reciclaje\/usado\/\"},{\"@type\":\"ListItem\",\"position\":3,\"name\":\"Pol\u00edtica de calidad del usado de panizzolo\"}]},{\"@type\":\"WebSite\",\"@id\":\"https:\/\/www.panizzolo.com\/es\/#website\",\"url\":\"https:\/\/www.panizzolo.com\/es\/\",\"name\":\"Panizzolo Impianti di riciclaggio per rifiuti\",\"description\":\"Panizzolo Impianti di riciclaggio per rifiuti\",\"potentialAction\":[{\"@type\":\"SearchAction\",\"target\":{\"@type\":\"EntryPoint\",\"urlTemplate\":\"https:\/\/www.panizzolo.com\/es\/?s={search_term_string}\"},\"query-input\":{\"@type\":\"PropertyValueSpecification\",\"valueRequired\":true,\"valueName\":\"search_term_string\"}}],\"inLanguage\":\"es-ES\"}]}<\/script>\n<!-- \/ Yoast SEO plugin. -->","yoast_head_json":{"title":"Pol\u00edtica de calidad del usado de panizzolo - Panizzolo Impianti di riciclaggio per rifiuti","robots":{"index":"index","follow":"follow","max-snippet":"max-snippet:-1","max-image-preview":"max-image-preview:large","max-video-preview":"max-video-preview:-1"},"canonical":"https:\/\/www.panizzolo.com\/es\/soluciones-de-reciclaje\/usado\/politica-de-calidad-del-usado-de-panizzolo\/","og_locale":"es_ES","og_type":"article","og_title":"Pol\u00edtica de calidad del usado de panizzolo - Panizzolo Impianti di riciclaggio per rifiuti","og_description":"[vc_row row_height_percent=&#8221;0&#8243; override_padding=&#8221;yes&#8221; h_padding=&#8221;2&#8243; top_padding=&#8221;2&#8243; bottom_padding=&#8221;3&#8243; back_image=&#8221;65455&#8243; back_repeat=&#8221;no-repeat&#8221; back_position=&#8221;right bottom&#8221; overlay_alpha=&#8221;50&#8243; gutter_size=&#8221;3&#8243; column_width_percent=&#8221;100&#8243; shift_y=&#8221;0&#8243; z_index=&#8221;0&#8243;][vc_column column_width_percent=&#8221;100&#8243; position_horizontal=&#8221;left&#8221; gutter_size=&#8221;3&#8243; overlay_alpha=&#8221;50&#8243; shift_x=&#8221;0&#8243; [&hellip;]","og_url":"https:\/\/www.panizzolo.com\/es\/soluciones-de-reciclaje\/usado\/politica-de-calidad-del-usado-de-panizzolo\/","og_site_name":"Panizzolo Impianti di riciclaggio per rifiuti","article_publisher":"https:\/\/www.facebook.com\/PanizzoloRecycling","article_modified_time":"2021-10-25T14:21:48+00:00","og_image":[{"width":1752,"height":823,"url":"https:\/\/www.panizzolo.com\/wp-content\/uploads\/2020\/05\/revisione-certificata-macchine-panizzolo.jpg","type":"image\/jpeg"}],"twitter_card":"summary_large_image","twitter_site":"@PanizzoloRS","twitter_misc":{"Est. reading time":"4 minutes"},"schema":{"@context":"https:\/\/schema.org","@graph":[{"@type":"WebPage","@id":"https:\/\/www.panizzolo.com\/es\/soluciones-de-reciclaje\/usado\/politica-de-calidad-del-usado-de-panizzolo\/","url":"https:\/\/www.panizzolo.com\/es\/soluciones-de-reciclaje\/usado\/politica-de-calidad-del-usado-de-panizzolo\/","name":"Pol\u00edtica de calidad del usado de panizzolo - Panizzolo Impianti di riciclaggio per rifiuti","isPartOf":{"@id":"https:\/\/www.panizzolo.com\/es\/#website"},"primaryImageOfPage":{"@id":"https:\/\/www.panizzolo.com\/es\/soluciones-de-reciclaje\/usado\/politica-de-calidad-del-usado-de-panizzolo\/#primaryimage"},"image":{"@id":"https:\/\/www.panizzolo.com\/es\/soluciones-de-reciclaje\/usado\/politica-de-calidad-del-usado-de-panizzolo\/#primaryimage"},"thumbnailUrl":"https:\/\/www.panizzolo.com\/wp-content\/uploads\/2020\/05\/revisione-certificata-macchine-panizzolo.jpg","datePublished":"2020-04-30T11:05:14+00:00","dateModified":"2021-10-25T14:21:48+00:00","breadcrumb":{"@id":"https:\/\/www.panizzolo.com\/es\/soluciones-de-reciclaje\/usado\/politica-de-calidad-del-usado-de-panizzolo\/#breadcrumb"},"inLanguage":"es-ES","potentialAction":[{"@type":"ReadAction","target":["https:\/\/www.panizzolo.com\/es\/soluciones-de-reciclaje\/usado\/politica-de-calidad-del-usado-de-panizzolo\/"]}]},{"@type":"ImageObject","inLanguage":"es-ES","@id":"https:\/\/www.panizzolo.com\/es\/soluciones-de-reciclaje\/usado\/politica-de-calidad-del-usado-de-panizzolo\/#primaryimage","url":"https:\/\/www.panizzolo.com\/wp-content\/uploads\/2020\/05\/revisione-certificata-macchine-panizzolo.jpg","contentUrl":"https:\/\/www.panizzolo.com\/wp-content\/uploads\/2020\/05\/revisione-certificata-macchine-panizzolo.jpg","width":1752,"height":823},{"@type":"BreadcrumbList","@id":"https:\/\/www.panizzolo.com\/es\/soluciones-de-reciclaje\/usado\/politica-de-calidad-del-usado-de-panizzolo\/#breadcrumb","itemListElement":[{"@type":"ListItem","position":1,"name":"Soluciones de reciclaje","item":"https:\/\/www.panizzolo.com\/es\/soluciones-de-reciclaje\/"},{"@type":"ListItem","position":2,"name":"Usado","item":"https:\/\/www.panizzolo.com\/es\/soluciones-de-reciclaje\/usado\/"},{"@type":"ListItem","position":3,"name":"Pol\u00edtica de calidad del usado de panizzolo"}]},{"@type":"WebSite","@id":"https:\/\/www.panizzolo.com\/es\/#website","url":"https:\/\/www.panizzolo.com\/es\/","name":"Panizzolo Impianti di riciclaggio per rifiuti","description":"Panizzolo Impianti di riciclaggio per rifiuti","potentialAction":[{"@type":"SearchAction","target":{"@type":"EntryPoint","urlTemplate":"https:\/\/www.panizzolo.com\/es\/?s={search_term_string}"},"query-input":{"@type":"PropertyValueSpecification","valueRequired":true,"valueName":"search_term_string"}}],"inLanguage":"es-ES"}]}},"_links":{"self":[{"href":"https:\/\/www.panizzolo.com\/es\/wp-json\/wp\/v2\/pages\/78250","targetHints":{"allow":["GET"]}}],"collection":[{"href":"https:\/\/www.panizzolo.com\/es\/wp-json\/wp\/v2\/pages"}],"about":[{"href":"https:\/\/www.panizzolo.com\/es\/wp-json\/wp\/v2\/types\/page"}],"author":[{"embeddable":true,"href":"https:\/\/www.panizzolo.com\/es\/wp-json\/wp\/v2\/users\/1"}],"replies":[{"embeddable":true,"href":"https:\/\/www.panizzolo.com\/es\/wp-json\/wp\/v2\/comments?post=78250"}],"version-history":[{"count":8,"href":"https:\/\/www.panizzolo.com\/es\/wp-json\/wp\/v2\/pages\/78250\/revisions"}],"predecessor-version":[{"id":90736,"href":"https:\/\/www.panizzolo.com\/es\/wp-json\/wp\/v2\/pages\/78250\/revisions\/90736"}],"up":[{"embeddable":true,"href":"https:\/\/www.panizzolo.com\/es\/wp-json\/wp\/v2\/pages\/78246"}],"wp:featuredmedia":[{"embeddable":true,"href":"https:\/\/www.panizzolo.com\/es\/wp-json\/wp\/v2\/media\/77958"}],"wp:attachment":[{"href":"https:\/\/www.panizzolo.com\/es\/wp-json\/wp\/v2\/media?parent=78250"}],"curies":[{"name":"wp","href":"https:\/\/api.w.org\/{rel}","templated":true}]}}