{"id":69760,"date":"2019-07-10T09:32:31","date_gmt":"2019-07-10T07:32:31","guid":{"rendered":"http:\/\/www.panizzolo.it\/la-nostra-storia\/"},"modified":"2025-06-13T09:25:17","modified_gmt":"2025-06-13T07:25:17","slug":"nuestra-historia","status":"publish","type":"page","link":"https:\/\/www.panizzolo.com\/es\/empresa\/nuestra-historia\/","title":{"rendered":"Nuestra historia"},"content":{"rendered":"<div class=\"wpb-content-wrapper\"><p>[vc_row row_height_percent=&#8221;0&#8243; override_padding=&#8221;yes&#8221; h_padding=&#8221;2&#8243; top_padding=&#8221;4&#8243; bottom_padding=&#8221;2&#8243; back_image=&#8221;65455&#8243; back_repeat=&#8221;no-repeat&#8221; back_position=&#8221;right bottom&#8221; overlay_alpha=&#8221;50&#8243; gutter_size=&#8221;3&#8243; column_width_percent=&#8221;100&#8243; shift_y=&#8221;0&#8243; z_index=&#8221;0&#8243;][vc_column column_width_percent=&#8221;60&#8243; position_horizontal=&#8221;left&#8221; gutter_size=&#8221;3&#8243; overlay_alpha=&#8221;50&#8243; shift_x=&#8221;0&#8243; shift_y=&#8221;0&#8243; shift_y_down=&#8221;0&#8243; z_index=&#8221;0&#8243; medium_width=&#8221;0&#8243; mobile_width=&#8221;0&#8243; width=&#8221;1\/1&#8243;][vc_custom_heading text_color=&#8221;color-170105&#8243; text_font=&#8221;font-195077&#8243; css_animation=&#8221;alpha-anim&#8221; uncode_shortcode_id=&#8221;224173&#8243; text_color_type=&#8221;uncode-palette&#8221;]Nuestra historia[\/vc_custom_heading][vc_column_text css_animation=&#8221;alpha-anim&#8221; uncode_shortcode_id=&#8221;132215&#8243;]Panizzolo Recycling es una marca italiana reconocida mundialmente como una empresa especializada en el suministro de soluciones de <b>reciclaje de residuos met\u00e1licos<\/b>. Esta s\u00f3lida realidad industrial cuenta con una larga historia y tradici\u00f3n familiar, que comienza en los a\u00f1os posteriores a la II Guerra Mundial.[\/vc_column_text][vc_empty_space empty_h=&#8221;3&#8243;][\/vc_column][\/vc_row][vc_row row_height_percent=&#8221;0&#8243; back_image=&#8221;72&#8243; back_repeat=&#8221;no-repeat&#8221; back_position=&#8221;right bottom&#8221; overlay_alpha=&#8221;50&#8243; gutter_size=&#8221;3&#8243; column_width_percent=&#8221;100&#8243; shift_y=&#8221;0&#8243; z_index=&#8221;0&#8243;][vc_column column_width_percent=&#8221;60&#8243; align_horizontal=&#8221;align_center&#8221; gutter_size=&#8221;3&#8243; overlay_alpha=&#8221;50&#8243; shift_x=&#8221;0&#8243; shift_y=&#8221;0&#8243; shift_y_down=&#8221;0&#8243; z_index=&#8221;0&#8243; medium_width=&#8221;0&#8243; mobile_width=&#8221;0&#8243; width=&#8221;1\/1&#8243;][vc_row_inner][vc_column_inner column_width_percent=&#8221;100&#8243; gutter_size=&#8221;3&#8243; overlay_alpha=&#8221;50&#8243; shift_x=&#8221;0&#8243; shift_y=&#8221;0&#8243; shift_y_down=&#8221;0&#8243; z_index=&#8221;0&#8243; medium_width=&#8221;0&#8243; mobile_width=&#8221;0&#8243; css_animation=&#8221;left-t-right&#8221; width=&#8221;1\/4&#8243;][vc_custom_heading text_color=&#8221;color-170105&#8243; text_font=&#8221;font-116529&#8243; text_transform=&#8221;uppercase&#8221;]1946[\/vc_custom_heading][\/vc_column_inner][vc_column_inner column_width_percent=&#8221;100&#8243; gutter_size=&#8221;3&#8243; overlay_alpha=&#8221;50&#8243; shift_x=&#8221;0&#8243; shift_y=&#8221;0&#8243; shift_y_down=&#8221;0&#8243; z_index=&#8221;0&#8243; medium_width=&#8221;0&#8243; mobile_width=&#8221;0&#8243; css_animation=&#8221;right-t-left&#8221; width=&#8221;3\/4&#8243;][vc_column_text uncode_shortcode_id=&#8221;767620&#8243;]Pietro y Orlando Panizzolo fundan la empresa, centr\u00e1ndose en la recogida y la <b>comercializaci\u00f3n de chatarra de hierro<\/b>.[\/vc_column_text][\/vc_column_inner][\/vc_row_inner][vc_row_inner][vc_column_inner column_width_percent=&#8221;100&#8243; gutter_size=&#8221;3&#8243; overlay_alpha=&#8221;50&#8243; shift_x=&#8221;0&#8243; shift_y=&#8221;0&#8243; shift_y_down=&#8221;0&#8243; z_index=&#8221;0&#8243; medium_width=&#8221;0&#8243; mobile_width=&#8221;0&#8243; css_animation=&#8221;left-t-right&#8221; width=&#8221;1\/4&#8243;][vc_custom_heading text_color=&#8221;color-170105&#8243; text_font=&#8221;font-116529&#8243; text_transform=&#8221;uppercase&#8221;]1988[\/vc_custom_heading][\/vc_column_inner][vc_column_inner column_width_percent=&#8221;100&#8243; gutter_size=&#8221;3&#8243; overlay_alpha=&#8221;50&#8243; shift_x=&#8221;0&#8243; shift_y=&#8221;0&#8243; shift_y_down=&#8221;0&#8243; z_index=&#8221;0&#8243; medium_width=&#8221;0&#8243; mobile_width=&#8221;0&#8243; css_animation=&#8221;right-t-left&#8221; width=&#8221;3\/4&#8243;][vc_column_text uncode_shortcode_id=&#8221;522347&#8243;]Comienza un proceso de desarrollo para un nuevo concepto de maquinaria: Mauro Panizzolo dise\u00f1a el primer <b>molino de martillos<\/b> con cuna patentada intercambiable, que supone una aut\u00e9ntica novedad en el sector.[\/vc_column_text][\/vc_column_inner][\/vc_row_inner][vc_row_inner][vc_column_inner column_width_percent=&#8221;100&#8243; gutter_size=&#8221;3&#8243; overlay_alpha=&#8221;50&#8243; shift_x=&#8221;0&#8243; shift_y=&#8221;0&#8243; shift_y_down=&#8221;0&#8243; z_index=&#8221;0&#8243; medium_width=&#8221;0&#8243; mobile_width=&#8221;0&#8243; css_animation=&#8221;left-t-right&#8221; width=&#8221;1\/4&#8243;][vc_custom_heading text_color=&#8221;color-170105&#8243; text_font=&#8221;font-116529&#8243; text_transform=&#8221;uppercase&#8221;]1996[\/vc_custom_heading][\/vc_column_inner][vc_column_inner column_width_percent=&#8221;100&#8243; gutter_size=&#8221;3&#8243; overlay_alpha=&#8221;50&#8243; shift_x=&#8221;0&#8243; shift_y=&#8221;0&#8243; shift_y_down=&#8221;0&#8243; z_index=&#8221;0&#8243; medium_width=&#8221;0&#8243; mobile_width=&#8221;0&#8243; css_animation=&#8221;right-t-left&#8221; width=&#8221;3\/4&#8243;][vc_column_text uncode_shortcode_id=&#8221;989429&#8243;]La experiencia continua y directa aporta numerosas mejoras y actualizaciones, llegando en los primeros a\u00f1os del 2000 a la fabricaci\u00f3n de un <b>molino de martillos<\/b> de muy elevada calidad, de uso sencillo y f\u00e1cil mantenimiento.[\/vc_column_text][\/vc_column_inner][\/vc_row_inner][vc_row_inner][vc_column_inner column_width_percent=&#8221;100&#8243; gutter_size=&#8221;3&#8243; overlay_alpha=&#8221;50&#8243; shift_x=&#8221;0&#8243; shift_y=&#8221;0&#8243; shift_y_down=&#8221;0&#8243; z_index=&#8221;0&#8243; medium_width=&#8221;0&#8243; mobile_width=&#8221;0&#8243; css_animation=&#8221;left-t-right&#8221; width=&#8221;1\/4&#8243;][vc_custom_heading text_color=&#8221;color-170105&#8243; text_font=&#8221;font-116529&#8243; text_transform=&#8221;uppercase&#8221;]2003[\/vc_custom_heading][\/vc_column_inner][vc_column_inner column_width_percent=&#8221;100&#8243; gutter_size=&#8221;3&#8243; overlay_alpha=&#8221;50&#8243; shift_x=&#8221;0&#8243; shift_y=&#8221;0&#8243; shift_y_down=&#8221;0&#8243; z_index=&#8221;0&#8243; medium_width=&#8221;0&#8243; mobile_width=&#8221;0&#8243; css_animation=&#8221;right-t-left&#8221; width=&#8221;3\/4&#8243;][vc_column_text uncode_shortcode_id=&#8221;193873&#8243;]Una clientela cada vez m\u00e1s interesada requiere la comercializaci\u00f3n efectiva de los <b>molinos de martillos<\/b> de Panizzolo Recycling. La empresa se afianza en el mercado italiano como empresa especializada en la fabricaci\u00f3n de <b>maquinaria y plantas de reciclaje<\/b> de alta eficacia.[\/vc_column_text][\/vc_column_inner][\/vc_row_inner][vc_row_inner][vc_column_inner column_width_percent=&#8221;100&#8243; gutter_size=&#8221;3&#8243; overlay_alpha=&#8221;50&#8243; shift_x=&#8221;0&#8243; shift_y=&#8221;0&#8243; shift_y_down=&#8221;0&#8243; z_index=&#8221;0&#8243; medium_width=&#8221;0&#8243; mobile_width=&#8221;0&#8243; css_animation=&#8221;left-t-right&#8221; width=&#8221;1\/4&#8243;][vc_custom_heading text_color=&#8221;color-170105&#8243; text_font=&#8221;font-116529&#8243; text_transform=&#8221;uppercase&#8221; uncode_shortcode_id=&#8221;181225&#8243; text_color_type=&#8221;uncode-palette&#8221;]2011<br \/>\n2014[\/vc_custom_heading][\/vc_column_inner][vc_column_inner column_width_percent=&#8221;100&#8243; gutter_size=&#8221;3&#8243; overlay_alpha=&#8221;50&#8243; shift_x=&#8221;0&#8243; shift_y=&#8221;0&#8243; shift_y_down=&#8221;0&#8243; z_index=&#8221;0&#8243; medium_width=&#8221;0&#8243; mobile_width=&#8221;0&#8243; css_animation=&#8221;right-t-left&#8221; width=&#8221;3\/4&#8243;][vc_column_text uncode_shortcode_id=&#8221;119302&#8243;]La gama de productos se ampl\u00eda con nuevos <b>sistemas de reciclaje<\/b>. Cada vez m\u00e1s empresas nacionales e internacionales deciden tratar sus residuos con las soluciones de Panizzolo Recycling.[\/vc_column_text][\/vc_column_inner][\/vc_row_inner][vc_row_inner][vc_column_inner column_width_percent=&#8221;100&#8243; gutter_size=&#8221;3&#8243; overlay_alpha=&#8221;50&#8243; shift_x=&#8221;0&#8243; shift_y=&#8221;0&#8243; shift_y_down=&#8221;0&#8243; z_index=&#8221;0&#8243; medium_width=&#8221;0&#8243; mobile_width=&#8221;0&#8243; css_animation=&#8221;left-t-right&#8221; width=&#8221;1\/4&#8243;][vc_custom_heading text_color=&#8221;color-170105&#8243; text_font=&#8221;font-116529&#8243; text_transform=&#8221;uppercase&#8221; uncode_shortcode_id=&#8221;570522&#8243; text_color_type=&#8221;uncode-palette&#8221;]2015[\/vc_custom_heading][\/vc_column_inner][vc_column_inner column_width_percent=&#8221;100&#8243; gutter_size=&#8221;3&#8243; overlay_alpha=&#8221;50&#8243; shift_x=&#8221;0&#8243; shift_y=&#8221;0&#8243; shift_y_down=&#8221;0&#8243; z_index=&#8221;0&#8243; medium_width=&#8221;0&#8243; mobile_width=&#8221;0&#8243; css_animation=&#8221;right-t-left&#8221; width=&#8221;3\/4&#8243;][vc_column_text uncode_shortcode_id=&#8221;100652&#8243;]Se pone en marcha la nueva planta de refinaci\u00f3n en la sede de Panizzolo. La Uni\u00f3n Europea certifica la calidad de sus productos en salida, declar\u00e1ndolos conformes para la producci\u00f3n de materia prima secundaria. Panizzolo ampl\u00eda el mercado internacional y dobla las instalaciones de su sede operativa en Arzergrande (Padua).[\/vc_column_text][\/vc_column_inner][\/vc_row_inner][vc_row_inner][vc_column_inner column_width_percent=&#8221;100&#8243; gutter_size=&#8221;3&#8243; overlay_alpha=&#8221;50&#8243; shift_x=&#8221;0&#8243; shift_y=&#8221;0&#8243; shift_y_down=&#8221;0&#8243; z_index=&#8221;0&#8243; medium_width=&#8221;0&#8243; mobile_width=&#8221;0&#8243; css_animation=&#8221;left-t-right&#8221; width=&#8221;1\/4&#8243;][vc_custom_heading text_color=&#8221;color-170105&#8243; text_font=&#8221;font-116529&#8243; text_transform=&#8221;uppercase&#8221; uncode_shortcode_id=&#8221;132201&#8243; text_color_type=&#8221;uncode-palette&#8221;]2017[\/vc_custom_heading][\/vc_column_inner][vc_column_inner column_width_percent=&#8221;100&#8243; gutter_size=&#8221;3&#8243; overlay_alpha=&#8221;50&#8243; shift_x=&#8221;0&#8243; shift_y=&#8221;0&#8243; shift_y_down=&#8221;0&#8243; z_index=&#8221;0&#8243; medium_width=&#8221;0&#8243; mobile_width=&#8221;0&#8243; css_animation=&#8221;right-t-left&#8221; width=&#8221;3\/4&#8243;][vc_column_text uncode_shortcode_id=&#8221;116786&#8243;]Ampliaci\u00f3n de la gama de productos con una nueva planta de refinaci\u00f3n de Panizzolo. Las tecnolog\u00edas patentadas que posee, permiten que las empresas del sector realicen tratamientos End-of-Waste (fin de los residuos) en residuos que se consideran casi imposibles de recuperar.[\/vc_column_text][\/vc_column_inner][\/vc_row_inner][vc_row_inner][vc_column_inner column_width_percent=&#8221;100&#8243; gutter_size=&#8221;3&#8243; overlay_alpha=&#8221;50&#8243; shift_x=&#8221;0&#8243; shift_y=&#8221;0&#8243; shift_y_down=&#8221;0&#8243; z_index=&#8221;0&#8243; medium_width=&#8221;0&#8243; mobile_width=&#8221;0&#8243; css_animation=&#8221;left-t-right&#8221; width=&#8221;1\/4&#8243;][vc_custom_heading text_color=&#8221;color-170105&#8243; text_font=&#8221;font-116529&#8243; text_transform=&#8221;uppercase&#8221; uncode_shortcode_id=&#8221;673548&#8243; text_color_type=&#8221;uncode-palette&#8221;]2021[\/vc_custom_heading][\/vc_column_inner][vc_column_inner column_width_percent=&#8221;100&#8243; gutter_size=&#8221;3&#8243; overlay_alpha=&#8221;50&#8243; shift_x=&#8221;0&#8243; shift_y=&#8221;0&#8243; shift_y_down=&#8221;0&#8243; z_index=&#8221;0&#8243; medium_width=&#8221;0&#8243; mobile_width=&#8221;0&#8243; css_animation=&#8221;right-t-left&#8221; width=&#8221;3\/4&#8243;][vc_column_text uncode_shortcode_id=&#8221;603267&#8243;]La pandemia no detiene el proceso de crecimiento de la empresa. Con la expansi\u00f3n y el incremento de la presencia en el mercado internacional, Panizzolo incrementa la operatividad abriendo una tercera sede.[\/vc_column_text][\/vc_column_inner][\/vc_row_inner][vc_empty_space empty_h=&#8221;5&#8243;][\/vc_column][\/vc_row][vc_row row_height_percent=&#8221;0&#8243; override_padding=&#8221;yes&#8221; h_padding=&#8221;2&#8243; top_padding=&#8221;0&#8243; bottom_padding=&#8221;0&#8243; overlay_alpha=&#8221;50&#8243; gutter_size=&#8221;3&#8243; column_width_percent=&#8221;100&#8243; shift_y=&#8221;0&#8243; z_index=&#8221;0&#8243;][vc_column column_width_percent=&#8221;100&#8243; gutter_size=&#8221;3&#8243; overlay_alpha=&#8221;50&#8243; shift_x=&#8221;0&#8243; shift_y=&#8221;0&#8243; shift_y_down=&#8221;0&#8243; z_index=&#8221;0&#8243; medium_width=&#8221;0&#8243; mobile_width=&#8221;0&#8243; css_animation=&#8221;alpha-anim&#8221; animation_delay=&#8221;200&#8243; width=&#8221;1\/1&#8243;][vc_gallery el_id=&#8221;gallery-691150&#8243; medias=&#8221;65806,65807,65808,65809,65810,65811&#8243; gutter_size=&#8221;3&#8243; screen_lg=&#8221;1000&#8243; screen_md=&#8221;600&#8243; screen_sm=&#8221;480&#8243; images_size=&#8221;three-two&#8221; single_overlay_opacity=&#8221;50&#8243; single_padding=&#8221;2&#8243;][vc_empty_space empty_h=&#8221;5&#8243;][\/vc_column][\/vc_row][vc_row][vc_column width=&#8221;1\/1&#8243;][uncode_block id=&#8221;87788&#8243;][\/vc_column][\/vc_row]<\/p>\n<\/div>","protected":false},"excerpt":{"rendered":"<p>[vc_row row_height_percent=&#8221;0&#8243; override_padding=&#8221;yes&#8221; h_padding=&#8221;2&#8243; top_padding=&#8221;4&#8243; bottom_padding=&#8221;2&#8243; back_image=&#8221;65455&#8243; back_repeat=&#8221;no-repeat&#8221; back_position=&#8221;right bottom&#8221; overlay_alpha=&#8221;50&#8243; gutter_size=&#8221;3&#8243; column_width_percent=&#8221;100&#8243; shift_y=&#8221;0&#8243; z_index=&#8221;0&#8243;][vc_column column_width_percent=&#8221;60&#8243; position_horizontal=&#8221;left&#8221; gutter_size=&#8221;3&#8243; overlay_alpha=&#8221;50&#8243; shift_x=&#8221;0&#8243; [&hellip;]<\/p>\n","protected":false},"author":1,"featured_media":69768,"parent":69762,"menu_order":20,"comment_status":"closed","ping_status":"closed","template":"","meta":{"footnotes":""},"class_list":["post-69760","page","type-page","status-publish","has-post-thumbnail","hentry"],"yoast_head":"<!-- This site is optimized with the Yoast SEO plugin v24.5 - https:\/\/yoast.com\/wordpress\/plugins\/seo\/ -->\n<title>Nuestra historia - Panizzolo Impianti di riciclaggio per rifiuti<\/title>\n<meta name=\"robots\" content=\"index, follow, max-snippet:-1, max-image-preview:large, max-video-preview:-1\" \/>\n<link rel=\"canonical\" href=\"https:\/\/www.panizzolo.com\/es\/empresa\/nuestra-historia\/\" \/>\n<meta property=\"og:locale\" content=\"es_ES\" \/>\n<meta property=\"og:type\" content=\"article\" \/>\n<meta property=\"og:title\" content=\"Nuestra historia - Panizzolo Impianti di riciclaggio per rifiuti\" \/>\n<meta property=\"og:description\" content=\"[vc_row row_height_percent=&#8221;0&#8243; override_padding=&#8221;yes&#8221; h_padding=&#8221;2&#8243; top_padding=&#8221;4&#8243; bottom_padding=&#8221;2&#8243; back_image=&#8221;65455&#8243; back_repeat=&#8221;no-repeat&#8221; back_position=&#8221;right bottom&#8221; overlay_alpha=&#8221;50&#8243; gutter_size=&#8221;3&#8243; column_width_percent=&#8221;100&#8243; shift_y=&#8221;0&#8243; z_index=&#8221;0&#8243;][vc_column column_width_percent=&#8221;60&#8243; position_horizontal=&#8221;left&#8221; gutter_size=&#8221;3&#8243; overlay_alpha=&#8221;50&#8243; shift_x=&#8221;0&#8243; [&hellip;]\" \/>\n<meta property=\"og:url\" content=\"https:\/\/www.panizzolo.com\/es\/empresa\/nuestra-historia\/\" \/>\n<meta property=\"og:site_name\" content=\"Panizzolo Impianti di riciclaggio per rifiuti\" \/>\n<meta property=\"article:publisher\" content=\"https:\/\/www.facebook.com\/PanizzoloRecycling\" \/>\n<meta property=\"article:modified_time\" content=\"2025-06-13T07:25:17+00:00\" \/>\n<meta property=\"og:image\" content=\"https:\/\/www.panizzolo.com\/wp-content\/uploads\/2019\/09\/customerCare.jpg\" \/>\n\t<meta property=\"og:image:width\" content=\"2560\" \/>\n\t<meta property=\"og:image:height\" content=\"900\" \/>\n\t<meta property=\"og:image:type\" content=\"image\/jpeg\" \/>\n<meta name=\"twitter:card\" content=\"summary_large_image\" \/>\n<meta name=\"twitter:site\" content=\"@PanizzoloRS\" \/>\n<meta name=\"twitter:label1\" content=\"Est. reading time\" \/>\n\t<meta name=\"twitter:data1\" content=\"4 minutes\" \/>\n<script type=\"application\/ld+json\" class=\"yoast-schema-graph\">{\"@context\":\"https:\/\/schema.org\",\"@graph\":[{\"@type\":\"WebPage\",\"@id\":\"https:\/\/www.panizzolo.com\/es\/empresa\/nuestra-historia\/\",\"url\":\"https:\/\/www.panizzolo.com\/es\/empresa\/nuestra-historia\/\",\"name\":\"Nuestra historia - Panizzolo Impianti di riciclaggio per rifiuti\",\"isPartOf\":{\"@id\":\"https:\/\/www.panizzolo.com\/es\/#website\"},\"primaryImageOfPage\":{\"@id\":\"https:\/\/www.panizzolo.com\/es\/empresa\/nuestra-historia\/#primaryimage\"},\"image\":{\"@id\":\"https:\/\/www.panizzolo.com\/es\/empresa\/nuestra-historia\/#primaryimage\"},\"thumbnailUrl\":\"https:\/\/www.panizzolo.com\/wp-content\/uploads\/2019\/09\/customerCare.jpg\",\"datePublished\":\"2019-07-10T07:32:31+00:00\",\"dateModified\":\"2025-06-13T07:25:17+00:00\",\"breadcrumb\":{\"@id\":\"https:\/\/www.panizzolo.com\/es\/empresa\/nuestra-historia\/#breadcrumb\"},\"inLanguage\":\"es-ES\",\"potentialAction\":[{\"@type\":\"ReadAction\",\"target\":[\"https:\/\/www.panizzolo.com\/es\/empresa\/nuestra-historia\/\"]}]},{\"@type\":\"ImageObject\",\"inLanguage\":\"es-ES\",\"@id\":\"https:\/\/www.panizzolo.com\/es\/empresa\/nuestra-historia\/#primaryimage\",\"url\":\"https:\/\/www.panizzolo.com\/wp-content\/uploads\/2019\/09\/customerCare.jpg\",\"contentUrl\":\"https:\/\/www.panizzolo.com\/wp-content\/uploads\/2019\/09\/customerCare.jpg\",\"width\":2560,\"height\":900},{\"@type\":\"BreadcrumbList\",\"@id\":\"https:\/\/www.panizzolo.com\/es\/empresa\/nuestra-historia\/#breadcrumb\",\"itemListElement\":[{\"@type\":\"ListItem\",\"position\":1,\"name\":\"Empresa\",\"item\":\"https:\/\/www.panizzolo.com\/es\/empresa\/\"},{\"@type\":\"ListItem\",\"position\":2,\"name\":\"Nuestra historia\"}]},{\"@type\":\"WebSite\",\"@id\":\"https:\/\/www.panizzolo.com\/es\/#website\",\"url\":\"https:\/\/www.panizzolo.com\/es\/\",\"name\":\"Panizzolo Impianti di riciclaggio per rifiuti\",\"description\":\"Panizzolo Impianti di riciclaggio per rifiuti\",\"potentialAction\":[{\"@type\":\"SearchAction\",\"target\":{\"@type\":\"EntryPoint\",\"urlTemplate\":\"https:\/\/www.panizzolo.com\/es\/?s={search_term_string}\"},\"query-input\":{\"@type\":\"PropertyValueSpecification\",\"valueRequired\":true,\"valueName\":\"search_term_string\"}}],\"inLanguage\":\"es-ES\"}]}<\/script>\n<!-- \/ Yoast SEO plugin. -->","yoast_head_json":{"title":"Nuestra historia - Panizzolo Impianti di riciclaggio per rifiuti","robots":{"index":"index","follow":"follow","max-snippet":"max-snippet:-1","max-image-preview":"max-image-preview:large","max-video-preview":"max-video-preview:-1"},"canonical":"https:\/\/www.panizzolo.com\/es\/empresa\/nuestra-historia\/","og_locale":"es_ES","og_type":"article","og_title":"Nuestra historia - Panizzolo Impianti di riciclaggio per rifiuti","og_description":"[vc_row row_height_percent=&#8221;0&#8243; override_padding=&#8221;yes&#8221; h_padding=&#8221;2&#8243; top_padding=&#8221;4&#8243; bottom_padding=&#8221;2&#8243; back_image=&#8221;65455&#8243; back_repeat=&#8221;no-repeat&#8221; back_position=&#8221;right bottom&#8221; overlay_alpha=&#8221;50&#8243; gutter_size=&#8221;3&#8243; column_width_percent=&#8221;100&#8243; shift_y=&#8221;0&#8243; z_index=&#8221;0&#8243;][vc_column column_width_percent=&#8221;60&#8243; position_horizontal=&#8221;left&#8221; gutter_size=&#8221;3&#8243; overlay_alpha=&#8221;50&#8243; shift_x=&#8221;0&#8243; [&hellip;]","og_url":"https:\/\/www.panizzolo.com\/es\/empresa\/nuestra-historia\/","og_site_name":"Panizzolo Impianti di riciclaggio per rifiuti","article_publisher":"https:\/\/www.facebook.com\/PanizzoloRecycling","article_modified_time":"2025-06-13T07:25:17+00:00","og_image":[{"width":2560,"height":900,"url":"https:\/\/www.panizzolo.com\/wp-content\/uploads\/2019\/09\/customerCare.jpg","type":"image\/jpeg"}],"twitter_card":"summary_large_image","twitter_site":"@PanizzoloRS","twitter_misc":{"Est. reading time":"4 minutes"},"schema":{"@context":"https:\/\/schema.org","@graph":[{"@type":"WebPage","@id":"https:\/\/www.panizzolo.com\/es\/empresa\/nuestra-historia\/","url":"https:\/\/www.panizzolo.com\/es\/empresa\/nuestra-historia\/","name":"Nuestra historia - Panizzolo Impianti di riciclaggio per rifiuti","isPartOf":{"@id":"https:\/\/www.panizzolo.com\/es\/#website"},"primaryImageOfPage":{"@id":"https:\/\/www.panizzolo.com\/es\/empresa\/nuestra-historia\/#primaryimage"},"image":{"@id":"https:\/\/www.panizzolo.com\/es\/empresa\/nuestra-historia\/#primaryimage"},"thumbnailUrl":"https:\/\/www.panizzolo.com\/wp-content\/uploads\/2019\/09\/customerCare.jpg","datePublished":"2019-07-10T07:32:31+00:00","dateModified":"2025-06-13T07:25:17+00:00","breadcrumb":{"@id":"https:\/\/www.panizzolo.com\/es\/empresa\/nuestra-historia\/#breadcrumb"},"inLanguage":"es-ES","potentialAction":[{"@type":"ReadAction","target":["https:\/\/www.panizzolo.com\/es\/empresa\/nuestra-historia\/"]}]},{"@type":"ImageObject","inLanguage":"es-ES","@id":"https:\/\/www.panizzolo.com\/es\/empresa\/nuestra-historia\/#primaryimage","url":"https:\/\/www.panizzolo.com\/wp-content\/uploads\/2019\/09\/customerCare.jpg","contentUrl":"https:\/\/www.panizzolo.com\/wp-content\/uploads\/2019\/09\/customerCare.jpg","width":2560,"height":900},{"@type":"BreadcrumbList","@id":"https:\/\/www.panizzolo.com\/es\/empresa\/nuestra-historia\/#breadcrumb","itemListElement":[{"@type":"ListItem","position":1,"name":"Empresa","item":"https:\/\/www.panizzolo.com\/es\/empresa\/"},{"@type":"ListItem","position":2,"name":"Nuestra historia"}]},{"@type":"WebSite","@id":"https:\/\/www.panizzolo.com\/es\/#website","url":"https:\/\/www.panizzolo.com\/es\/","name":"Panizzolo Impianti di riciclaggio per rifiuti","description":"Panizzolo Impianti di riciclaggio per rifiuti","potentialAction":[{"@type":"SearchAction","target":{"@type":"EntryPoint","urlTemplate":"https:\/\/www.panizzolo.com\/es\/?s={search_term_string}"},"query-input":{"@type":"PropertyValueSpecification","valueRequired":true,"valueName":"search_term_string"}}],"inLanguage":"es-ES"}]}},"_links":{"self":[{"href":"https:\/\/www.panizzolo.com\/es\/wp-json\/wp\/v2\/pages\/69760","targetHints":{"allow":["GET"]}}],"collection":[{"href":"https:\/\/www.panizzolo.com\/es\/wp-json\/wp\/v2\/pages"}],"about":[{"href":"https:\/\/www.panizzolo.com\/es\/wp-json\/wp\/v2\/types\/page"}],"author":[{"embeddable":true,"href":"https:\/\/www.panizzolo.com\/es\/wp-json\/wp\/v2\/users\/1"}],"replies":[{"embeddable":true,"href":"https:\/\/www.panizzolo.com\/es\/wp-json\/wp\/v2\/comments?post=69760"}],"version-history":[{"count":10,"href":"https:\/\/www.panizzolo.com\/es\/wp-json\/wp\/v2\/pages\/69760\/revisions"}],"predecessor-version":[{"id":90143,"href":"https:\/\/www.panizzolo.com\/es\/wp-json\/wp\/v2\/pages\/69760\/revisions\/90143"}],"up":[{"embeddable":true,"href":"https:\/\/www.panizzolo.com\/es\/wp-json\/wp\/v2\/pages\/69762"}],"wp:featuredmedia":[{"embeddable":true,"href":"https:\/\/www.panizzolo.com\/es\/wp-json\/wp\/v2\/media\/69768"}],"wp:attachment":[{"href":"https:\/\/www.panizzolo.com\/es\/wp-json\/wp\/v2\/media?parent=69760"}],"curies":[{"name":"wp","href":"https:\/\/api.w.org\/{rel}","templated":true}]}}