{"id":70724,"date":"2018-06-14T11:11:03","date_gmt":"2018-06-14T09:11:03","guid":{"rendered":"http:\/\/www.panizzolo.it\/customer-care\/"},"modified":"2021-10-26T15:06:46","modified_gmt":"2021-10-26T13:06:46","slug":"service","status":"publish","type":"page","link":"https:\/\/www.panizzolo.com\/en\/service\/","title":{"rendered":"Service"},"content":{"rendered":"<div class=\"wpb-content-wrapper\"><p>[vc_row row_height_percent=&#8221;0&#8243; override_padding=&#8221;yes&#8221; h_padding=&#8221;2&#8243; top_padding=&#8221;2&#8243; bottom_padding=&#8221;3&#8243; back_image=&#8221;65455&#8243; back_repeat=&#8221;no-repeat&#8221; back_position=&#8221;right bottom&#8221; overlay_alpha=&#8221;50&#8243; gutter_size=&#8221;3&#8243; column_width_percent=&#8221;100&#8243; shift_y=&#8221;0&#8243; z_index=&#8221;0&#8243;][vc_column column_width_percent=&#8221;100&#8243; position_horizontal=&#8221;left&#8221; gutter_size=&#8221;3&#8243; overlay_alpha=&#8221;50&#8243; shift_x=&#8221;0&#8243; shift_y=&#8221;0&#8243; shift_y_down=&#8221;0&#8243; z_index=&#8221;0&#8243; medium_width=&#8221;0&#8243; mobile_width=&#8221;0&#8243; width=&#8221;1\/1&#8243;][vc_row_inner row_inner_height_percent=&#8221;0&#8243; overlay_alpha=&#8221;50&#8243; gutter_size=&#8221;3&#8243; shift_y=&#8221;0&#8243; z_index=&#8221;0&#8243;][vc_column_inner column_width_percent=&#8221;72&#8243; position_horizontal=&#8221;left&#8221; gutter_size=&#8221;3&#8243; overlay_alpha=&#8221;50&#8243; shift_x=&#8221;0&#8243; shift_y=&#8221;0&#8243; shift_y_down=&#8221;0&#8243; z_index=&#8221;0&#8243; medium_width=&#8221;0&#8243; mobile_width=&#8221;0&#8243; css_animation=&#8221;left-t-right&#8221; animation_delay=&#8221;100&#8243; width=&#8221;1\/1&#8243; uncode_shortcode_id=&#8221;205050&#8243;][vc_empty_space empty_h=&#8221;2&#8243;][vc_custom_heading text_color=&#8221;color-170105&#8243; heading_semantic=&#8221;h1&#8243; text_font=&#8221;font-195077&#8243; text_size=&#8221;h1&#8243; uncode_shortcode_id=&#8221;170789&#8243; text_color_type=&#8221;uncode-palette&#8221;]Customer Care[\/vc_custom_heading][vc_empty_space empty_h=&#8221;2&#8243;][\/vc_column_inner][\/vc_row_inner][vc_row_inner row_inner_height_percent=&#8221;0&#8243; overlay_alpha=&#8221;50&#8243; gutter_size=&#8221;3&#8243; shift_y=&#8221;0&#8243; z_index=&#8221;0&#8243;][vc_column_inner column_width_percent=&#8221;100&#8243; position_horizontal=&#8221;left&#8221; gutter_size=&#8221;3&#8243; overlay_alpha=&#8221;50&#8243; shift_x=&#8221;0&#8243; shift_y=&#8221;0&#8243; shift_y_down=&#8221;0&#8243; z_index=&#8221;0&#8243; medium_width=&#8221;0&#8243; mobile_width=&#8221;0&#8243; css_animation=&#8221;bottom-t-top&#8221; animation_delay=&#8221;100&#8243; width=&#8221;1\/2&#8243; uncode_shortcode_id=&#8221;178275&#8243;][vc_column_text el_class=&#8221;nomargin&#8221; uncode_shortcode_id=&#8221;598061&#8243;]With its thirty years of direct experience, Panizzolo Recycling is a business organisation with a focus on innovation that boasts a skilled team of industry experts capable of developing tailor-made <b>recycling solutions<\/b> for<b> metal waste disposal<\/b>. We know and understand the issues related to the<b> recovery of secondary raw materials<\/b>. That is why we can offer immediate solutions at any stage of the process: from initial contact to the sales network, from site visit to design, from production through to installation and after-sales technical consultancy.[\/vc_column_text][vc_empty_space empty_h=&#8221;2&#8243;][vc_column_text el_class=&#8221;nomargin&#8221; uncode_shortcode_id=&#8221;373700&#8243;]Our team of experienced technicians is geared towards developing environmentally-friendly solutions, aimed at improving and optimising the quality processes of waste recycling plants, complying with environment-related regulations. Respecting the environment, satisfying and helping our customers with tangible solutions is our mission![\/vc_column_text][vc_empty_space empty_h=&#8221;2&#8243;][\/vc_column_inner][vc_column_inner column_width_percent=&#8221;100&#8243; gutter_size=&#8221;3&#8243; overlay_alpha=&#8221;50&#8243; shift_x=&#8221;0&#8243; shift_y=&#8221;0&#8243; shift_y_down=&#8221;0&#8243; z_index=&#8221;0&#8243; medium_width=&#8221;0&#8243; mobile_width=&#8221;0&#8243; css_animation=&#8221;bottom-t-top&#8221; animation_delay=&#8221;100&#8243; width=&#8221;1\/2&#8243; uncode_shortcode_id=&#8221;876913&#8243;][vc_column_text el_class=&#8221;nomargin&#8221; uncode_shortcode_id=&#8221;536166&#8243;]We are an ideal, reliable partner. Public and private companies come to us to find tangible solutions for <b>recycling secondary raw materials<\/b> and recovering production waste. We are continually committed to providing thorough, extensive quality service, along with comprehensive after-sales support. We can quickly meet all of our customers\u2019 requests, offering safe, optimal solutions.<\/p>\n<p>Ensuring the long-term efficiency and operation of our<b> industrial waste recycling plants<\/b> is our goal! Find out about our winning formula.[\/vc_column_text][\/vc_column_inner][\/vc_row_inner][vc_row_inner row_inner_height_percent=&#8221;0&#8243; overlay_alpha=&#8221;50&#8243; gutter_size=&#8221;4&#8243; shift_y=&#8221;0&#8243; z_index=&#8221;0&#8243; uncode_shortcode_id=&#8221;261051&#8243;][vc_column_inner column_width_percent=&#8221;100&#8243; gutter_size=&#8221;3&#8243; overlay_alpha=&#8221;50&#8243; shift_x=&#8221;0&#8243; shift_y=&#8221;0&#8243; shift_y_down=&#8221;0&#8243; z_index=&#8221;0&#8243; medium_width=&#8221;0&#8243; mobile_width=&#8221;0&#8243; css_animation=&#8221;left-t-right&#8221; animation_delay=&#8221;100&#8243; width=&#8221;1\/2&#8243; uncode_shortcode_id=&#8221;475774&#8243;][vc_custom_heading text_color=&#8221;color-708329&#8243; heading_semantic=&#8221;h3&#8243; text_font=&#8221;font-116529&#8243; text_size=&#8221;h3&#8243; text_transform=&#8221;uppercase&#8221; uncode_shortcode_id=&#8221;151021&#8243; text_color_type=&#8221;uncode-palette&#8221;]Consultancy during selection[\/vc_custom_heading][vc_column_text uncode_shortcode_id=&#8221;162903&#8243;]Un qualificato team di professionisti supporta il cliente nella scelta della <strong>soluzione di riciclaggio<\/strong> pi\u00f9 adatta alle sue esigenze e alla richiesta del mercato. Parametrare in modo corretto necessit\u00e0 e caratteristiche produttive \u00e8 la garanzia pi\u00f9 efficace per la buona riuscita del business.[\/vc_column_text][vc_custom_heading text_color=&#8221;color-708329&#8243; heading_semantic=&#8221;h3&#8243; text_font=&#8221;font-116529&#8243; text_size=&#8221;h3&#8243; text_transform=&#8221;uppercase&#8221; uncode_shortcode_id=&#8221;594833&#8243; text_color_type=&#8221;uncode-palette&#8221;]After-sales service[\/vc_custom_heading][vc_column_text uncode_shortcode_id=&#8221;861003&#8243;]To support the customer through all business stages, we have set up a quick, professional after-sales service. Training and refresher courses, remote assistance, revamping services and spare parts packages are available to ensure greater efficiency and long service life for Panizzolo Recycling solutions.[\/vc_column_text][\/vc_column_inner][vc_column_inner column_width_percent=&#8221;100&#8243; gutter_size=&#8221;3&#8243; overlay_alpha=&#8221;50&#8243; shift_x=&#8221;0&#8243; shift_y=&#8221;0&#8243; shift_y_down=&#8221;0&#8243; z_index=&#8221;0&#8243; medium_width=&#8221;0&#8243; mobile_width=&#8221;0&#8243; css_animation=&#8221;right-t-left&#8221; animation_delay=&#8221;100&#8243; width=&#8221;1\/2&#8243; uncode_shortcode_id=&#8221;185387&#8243;][vc_custom_heading text_color=&#8221;color-708329&#8243; heading_semantic=&#8221;h3&#8243; text_font=&#8221;font-116529&#8243; text_size=&#8221;h3&#8243; text_transform=&#8221;uppercase&#8221; uncode_shortcode_id=&#8221;823958&#8243; text_color_type=&#8221;uncode-palette&#8221;]Tailor-made solutions[\/vc_custom_heading][vc_column_text uncode_shortcode_id=&#8221;130012&#8243;]Each <b>recycling plant<\/b> is designed to reflect all the customer\u2019s needs in terms of output materials, hourly production and processing procedures. Logistics is also assessed, it being a key factor to optimise the production cycle. Our turnkey service ends by thoroughly training final operators. Transferring the required know-how for safe operation of the whole system, both during processing and routine maintenance, is essential.[\/vc_column_text][\/vc_column_inner][\/vc_row_inner][\/vc_column][\/vc_row]<\/p>\n<\/div>","protected":false},"excerpt":{"rendered":"<p>[vc_row row_height_percent=&#8221;0&#8243; override_padding=&#8221;yes&#8221; h_padding=&#8221;2&#8243; top_padding=&#8221;2&#8243; bottom_padding=&#8221;3&#8243; back_image=&#8221;65455&#8243; back_repeat=&#8221;no-repeat&#8221; back_position=&#8221;right bottom&#8221; overlay_alpha=&#8221;50&#8243; gutter_size=&#8221;3&#8243; column_width_percent=&#8221;100&#8243; shift_y=&#8221;0&#8243; z_index=&#8221;0&#8243;][vc_column column_width_percent=&#8221;100&#8243; position_horizontal=&#8221;left&#8221; gutter_size=&#8221;3&#8243; overlay_alpha=&#8221;50&#8243; shift_x=&#8221;0&#8243; [&hellip;]<\/p>\n","protected":false},"author":1,"featured_media":69721,"parent":0,"menu_order":60,"comment_status":"closed","ping_status":"closed","template":"","meta":{"footnotes":""},"class_list":["post-70724","page","type-page","status-publish","has-post-thumbnail","hentry"],"yoast_head":"<!-- This site is optimized with the Yoast SEO plugin v24.5 - https:\/\/yoast.com\/wordpress\/plugins\/seo\/ -->\n<title>Service - Panizzolo Impianti di riciclaggio per rifiuti<\/title>\n<meta name=\"robots\" content=\"index, follow, max-snippet:-1, max-image-preview:large, max-video-preview:-1\" \/>\n<link rel=\"canonical\" href=\"https:\/\/www.panizzolo.com\/en\/service\/\" \/>\n<meta property=\"og:locale\" content=\"en_US\" \/>\n<meta property=\"og:type\" content=\"article\" \/>\n<meta property=\"og:title\" content=\"Service - Panizzolo Impianti di riciclaggio per rifiuti\" \/>\n<meta property=\"og:description\" content=\"[vc_row row_height_percent=&#8221;0&#8243; override_padding=&#8221;yes&#8221; h_padding=&#8221;2&#8243; top_padding=&#8221;2&#8243; bottom_padding=&#8221;3&#8243; back_image=&#8221;65455&#8243; back_repeat=&#8221;no-repeat&#8221; back_position=&#8221;right bottom&#8221; overlay_alpha=&#8221;50&#8243; gutter_size=&#8221;3&#8243; column_width_percent=&#8221;100&#8243; shift_y=&#8221;0&#8243; z_index=&#8221;0&#8243;][vc_column column_width_percent=&#8221;100&#8243; position_horizontal=&#8221;left&#8221; gutter_size=&#8221;3&#8243; overlay_alpha=&#8221;50&#8243; shift_x=&#8221;0&#8243; [&hellip;]\" \/>\n<meta property=\"og:url\" content=\"https:\/\/www.panizzolo.com\/en\/service\/\" \/>\n<meta property=\"og:site_name\" content=\"Panizzolo Impianti di riciclaggio per rifiuti\" \/>\n<meta property=\"article:publisher\" content=\"https:\/\/www.facebook.com\/PanizzoloRecycling\" \/>\n<meta property=\"article:modified_time\" content=\"2021-10-26T13:06:46+00:00\" \/>\n<meta property=\"og:image\" content=\"https:\/\/www.panizzolo.com\/wp-content\/uploads\/2019\/09\/customerCare.jpg\" \/>\n\t<meta property=\"og:image:width\" content=\"2560\" \/>\n\t<meta property=\"og:image:height\" content=\"900\" \/>\n\t<meta property=\"og:image:type\" content=\"image\/jpeg\" \/>\n<meta name=\"twitter:card\" content=\"summary_large_image\" \/>\n<meta name=\"twitter:site\" content=\"@PanizzoloRS\" \/>\n<meta name=\"twitter:label1\" content=\"Est. reading time\" \/>\n\t<meta name=\"twitter:data1\" content=\"3 minutes\" \/>\n<script type=\"application\/ld+json\" class=\"yoast-schema-graph\">{\"@context\":\"https:\/\/schema.org\",\"@graph\":[{\"@type\":\"WebPage\",\"@id\":\"https:\/\/www.panizzolo.com\/en\/service\/\",\"url\":\"https:\/\/www.panizzolo.com\/en\/service\/\",\"name\":\"Service - Panizzolo Impianti di riciclaggio per rifiuti\",\"isPartOf\":{\"@id\":\"https:\/\/www.panizzolo.com\/en\/#website\"},\"primaryImageOfPage\":{\"@id\":\"https:\/\/www.panizzolo.com\/en\/service\/#primaryimage\"},\"image\":{\"@id\":\"https:\/\/www.panizzolo.com\/en\/service\/#primaryimage\"},\"thumbnailUrl\":\"https:\/\/www.panizzolo.com\/wp-content\/uploads\/2019\/09\/customerCare.jpg\",\"datePublished\":\"2018-06-14T09:11:03+00:00\",\"dateModified\":\"2021-10-26T13:06:46+00:00\",\"inLanguage\":\"en-US\",\"potentialAction\":[{\"@type\":\"ReadAction\",\"target\":[\"https:\/\/www.panizzolo.com\/en\/service\/\"]}]},{\"@type\":\"ImageObject\",\"inLanguage\":\"en-US\",\"@id\":\"https:\/\/www.panizzolo.com\/en\/service\/#primaryimage\",\"url\":\"https:\/\/www.panizzolo.com\/wp-content\/uploads\/2019\/09\/customerCare.jpg\",\"contentUrl\":\"https:\/\/www.panizzolo.com\/wp-content\/uploads\/2019\/09\/customerCare.jpg\",\"width\":2560,\"height\":900},{\"@type\":\"WebSite\",\"@id\":\"https:\/\/www.panizzolo.com\/en\/#website\",\"url\":\"https:\/\/www.panizzolo.com\/en\/\",\"name\":\"Panizzolo Impianti di riciclaggio per rifiuti\",\"description\":\"Panizzolo Impianti di riciclaggio per rifiuti\",\"potentialAction\":[{\"@type\":\"SearchAction\",\"target\":{\"@type\":\"EntryPoint\",\"urlTemplate\":\"https:\/\/www.panizzolo.com\/en\/?s={search_term_string}\"},\"query-input\":{\"@type\":\"PropertyValueSpecification\",\"valueRequired\":true,\"valueName\":\"search_term_string\"}}],\"inLanguage\":\"en-US\"}]}<\/script>\n<!-- \/ Yoast SEO plugin. -->","yoast_head_json":{"title":"Service - Panizzolo Impianti di riciclaggio per rifiuti","robots":{"index":"index","follow":"follow","max-snippet":"max-snippet:-1","max-image-preview":"max-image-preview:large","max-video-preview":"max-video-preview:-1"},"canonical":"https:\/\/www.panizzolo.com\/en\/service\/","og_locale":"en_US","og_type":"article","og_title":"Service - Panizzolo Impianti di riciclaggio per rifiuti","og_description":"[vc_row row_height_percent=&#8221;0&#8243; override_padding=&#8221;yes&#8221; h_padding=&#8221;2&#8243; top_padding=&#8221;2&#8243; bottom_padding=&#8221;3&#8243; back_image=&#8221;65455&#8243; back_repeat=&#8221;no-repeat&#8221; back_position=&#8221;right bottom&#8221; overlay_alpha=&#8221;50&#8243; gutter_size=&#8221;3&#8243; column_width_percent=&#8221;100&#8243; shift_y=&#8221;0&#8243; z_index=&#8221;0&#8243;][vc_column column_width_percent=&#8221;100&#8243; position_horizontal=&#8221;left&#8221; gutter_size=&#8221;3&#8243; overlay_alpha=&#8221;50&#8243; shift_x=&#8221;0&#8243; [&hellip;]","og_url":"https:\/\/www.panizzolo.com\/en\/service\/","og_site_name":"Panizzolo Impianti di riciclaggio per rifiuti","article_publisher":"https:\/\/www.facebook.com\/PanizzoloRecycling","article_modified_time":"2021-10-26T13:06:46+00:00","og_image":[{"width":2560,"height":900,"url":"https:\/\/www.panizzolo.com\/wp-content\/uploads\/2019\/09\/customerCare.jpg","type":"image\/jpeg"}],"twitter_card":"summary_large_image","twitter_site":"@PanizzoloRS","twitter_misc":{"Est. reading time":"3 minutes"},"schema":{"@context":"https:\/\/schema.org","@graph":[{"@type":"WebPage","@id":"https:\/\/www.panizzolo.com\/en\/service\/","url":"https:\/\/www.panizzolo.com\/en\/service\/","name":"Service - Panizzolo Impianti di riciclaggio per rifiuti","isPartOf":{"@id":"https:\/\/www.panizzolo.com\/en\/#website"},"primaryImageOfPage":{"@id":"https:\/\/www.panizzolo.com\/en\/service\/#primaryimage"},"image":{"@id":"https:\/\/www.panizzolo.com\/en\/service\/#primaryimage"},"thumbnailUrl":"https:\/\/www.panizzolo.com\/wp-content\/uploads\/2019\/09\/customerCare.jpg","datePublished":"2018-06-14T09:11:03+00:00","dateModified":"2021-10-26T13:06:46+00:00","inLanguage":"en-US","potentialAction":[{"@type":"ReadAction","target":["https:\/\/www.panizzolo.com\/en\/service\/"]}]},{"@type":"ImageObject","inLanguage":"en-US","@id":"https:\/\/www.panizzolo.com\/en\/service\/#primaryimage","url":"https:\/\/www.panizzolo.com\/wp-content\/uploads\/2019\/09\/customerCare.jpg","contentUrl":"https:\/\/www.panizzolo.com\/wp-content\/uploads\/2019\/09\/customerCare.jpg","width":2560,"height":900},{"@type":"WebSite","@id":"https:\/\/www.panizzolo.com\/en\/#website","url":"https:\/\/www.panizzolo.com\/en\/","name":"Panizzolo Impianti di riciclaggio per rifiuti","description":"Panizzolo Impianti di riciclaggio per rifiuti","potentialAction":[{"@type":"SearchAction","target":{"@type":"EntryPoint","urlTemplate":"https:\/\/www.panizzolo.com\/en\/?s={search_term_string}"},"query-input":{"@type":"PropertyValueSpecification","valueRequired":true,"valueName":"search_term_string"}}],"inLanguage":"en-US"}]}},"_links":{"self":[{"href":"https:\/\/www.panizzolo.com\/en\/wp-json\/wp\/v2\/pages\/70724","targetHints":{"allow":["GET"]}}],"collection":[{"href":"https:\/\/www.panizzolo.com\/en\/wp-json\/wp\/v2\/pages"}],"about":[{"href":"https:\/\/www.panizzolo.com\/en\/wp-json\/wp\/v2\/types\/page"}],"author":[{"embeddable":true,"href":"https:\/\/www.panizzolo.com\/en\/wp-json\/wp\/v2\/users\/1"}],"replies":[{"embeddable":true,"href":"https:\/\/www.panizzolo.com\/en\/wp-json\/wp\/v2\/comments?post=70724"}],"version-history":[{"count":8,"href":"https:\/\/www.panizzolo.com\/en\/wp-json\/wp\/v2\/pages\/70724\/revisions"}],"predecessor-version":[{"id":90891,"href":"https:\/\/www.panizzolo.com\/en\/wp-json\/wp\/v2\/pages\/70724\/revisions\/90891"}],"wp:featuredmedia":[{"embeddable":true,"href":"https:\/\/www.panizzolo.com\/en\/wp-json\/wp\/v2\/media\/69721"}],"wp:attachment":[{"href":"https:\/\/www.panizzolo.com\/en\/wp-json\/wp\/v2\/media?parent=70724"}],"curies":[{"name":"wp","href":"https:\/\/api.w.org\/{rel}","templated":true}]}}