{"id":87638,"date":"2021-05-13T16:30:24","date_gmt":"2021-05-13T14:30:24","guid":{"rendered":"https:\/\/www.panizzolo.com\/materiali\/raffinazione\/"},"modified":"2021-11-02T09:48:33","modified_gmt":"2021-11-02T08:48:33","slug":"raffination","status":"publish","type":"page","link":"https:\/\/www.panizzolo.com\/de\/materialien\/raffination\/","title":{"rendered":"Raffination"},"content":{"rendered":"<div class=\"wpb-content-wrapper\"><p>[vc_row row_height_percent=&#8221;50&#8243; override_padding=&#8221;yes&#8221; h_padding=&#8221;2&#8243; top_padding=&#8221;4&#8243; bottom_padding=&#8221;2&#8243; back_image=&#8221;83005&#8243; parallax=&#8221;yes&#8221; overlay_color=&#8221;color-jevc&#8221; overlay_alpha=&#8221;40&#8243; gutter_size=&#8221;3&#8243; column_width_percent=&#8221;100&#8243; shift_y=&#8221;0&#8243; z_index=&#8221;0&#8243; enable_bottom_divider=&#8221;custom&#8221; bottom_divider=&#8221;tilt&#8221; shape_bottom_custom=&#8221;79412&#8243; shape_bottom_h_use_pixel=&#8221;true&#8221; shape_bottom_height_percent=&#8221;100&#8243; shape_bottom_color=&#8221;color-xsdn&#8221; shape_bottom_opacity=&#8221;100&#8243; shape_bottom_index=&#8221;0&#8243; shape_bottom_responsive=&#8221;yes&#8221; shape_bottom_tablet_hide=&#8221;yes&#8221; shape_bottom_mobile_hide=&#8221;yes&#8221; el_id=&#8221;slide_in&#8221; uncode_shortcode_id=&#8221;176281&#8243; overlay_color_type=&#8221;uncode-palette&#8221; shape_bottom_color_type=&#8221;uncode-palette&#8221;][vc_column column_width_percent=&#8221;100&#8243; position_vertical=&#8221;middle&#8221; gutter_size=&#8221;3&#8243; style=&#8221;dark&#8221; overlay_alpha=&#8221;50&#8243; shift_x=&#8221;0&#8243; shift_y=&#8221;0&#8243; shift_y_down=&#8221;0&#8243; z_index=&#8221;0&#8243; medium_width=&#8221;0&#8243; mobile_width=&#8221;0&#8243; css_animation=&#8221;left-t-right&#8221; width=&#8221;1\/2&#8243;][vc_custom_heading uncode_shortcode_id=&#8221;194550&#8243;]Raffination von<br \/>\nFluff-Abf\u00e4llen und gemischten Metallen[\/vc_custom_heading][vc_custom_heading heading_semantic=&#8221;h4&#8243; text_font=&#8221;font-116529&#8243; text_size=&#8221;h4&#8243; text_weight=&#8221;300&#8243; el_class=&#8221;nomargin&#8221; uncode_shortcode_id=&#8221;201361&#8243;]Jedes Jahr werden immer mehr Tonnen Abfall exportiert oder auf Deponien entsorgt, obwohl sie noch beachtliche Anteile an Metallen wie Kupfer, Messing und Aluminium enthalten. Sie stammen aus verschiedenen Aufbereitungszyklen und ein gro\u00dfes Problem liegt im Allgemeinen in dem hohen Anteil an verschlei\u00dff\u00f6rdernden Inertstoffen, die sie aufweisen.[\/vc_custom_heading][\/vc_column][vc_column width=&#8221;1\/2&#8243;][\/vc_column][\/vc_row][vc_row row_height_percent=&#8221;0&#8243; override_padding=&#8221;yes&#8221; h_padding=&#8221;2&#8243; top_padding=&#8221;4&#8243; bottom_padding=&#8221;2&#8243; back_image=&#8221;65455&#8243; back_repeat=&#8221;no-repeat&#8221; back_attachment=&#8221;inherit&#8221; back_position=&#8221;left top&#8221; overlay_alpha=&#8221;50&#8243; gutter_size=&#8221;3&#8243; column_width_percent=&#8221;100&#8243; shift_y=&#8221;0&#8243; z_index=&#8221;0&#8243; back_size=&#8221;35%&#8221;][vc_column column_width_percent=&#8221;100&#8243; position_horizontal=&#8221;right&#8221; align_horizontal=&#8221;align_right&#8221; gutter_size=&#8221;3&#8243; overlay_alpha=&#8221;50&#8243; shift_x=&#8221;0&#8243; shift_y=&#8221;0&#8243; shift_y_down=&#8221;0&#8243; z_index=&#8221;0&#8243; medium_width=&#8221;0&#8243; mobile_width=&#8221;0&#8243; css_animation=&#8221;alpha-anim&#8221; animation_delay=&#8221;100&#8243; width=&#8221;1\/6&#8243;][vc_single_image media=&#8221;80453&#8243; media_width_use_pixel=&#8221;yes&#8221; media_width_pixel=&#8221;100&#8243; uncode_shortcode_id=&#8221;140535&#8243;][\/vc_column][vc_column column_width_percent=&#8221;75&#8243; position_horizontal=&#8221;left&#8221; gutter_size=&#8221;3&#8243; overlay_alpha=&#8221;50&#8243; shift_x=&#8221;-3&#8243; shift_y=&#8221;0&#8243; shift_y_down=&#8221;0&#8243; z_index=&#8221;0&#8243; medium_width=&#8221;0&#8243; mobile_width=&#8221;0&#8243; css_animation=&#8221;alpha-anim&#8221; animation_delay=&#8221;100&#8243; width=&#8221;5\/6&#8243; uncode_shortcode_id=&#8221;194959&#8243;][vc_custom_heading text_color=&#8221;color-708329&#8243; text_font=&#8221;font-116529&#8243; uncode_shortcode_id=&#8221;116176&#8243; text_color_type=&#8221;uncode-palette&#8221;]Leistungsstarke Aufbereitung f\u00fcr ein hochwertiges Ergebnis[\/vc_custom_heading][vc_column_text uncode_shortcode_id=&#8221;101554&#8243;]Anlagen von Panizzolo werden wegen ihrer<strong> Produktionsperformance, den niedrigen Verbrauchs- und Betriebskosten und der einfachen Bedienung gesch\u00e4tz<\/strong>t. Unsere lange Erfahrung als direkte Anwender der Aufbereitungsanlagen zeichnet uns aus. Dank dieses Fachwissens, entwerfen wir alle unsere L\u00f6sungen mit <strong>Fokus auf den Kunden und die Rentabilit\u00e4t seiner Investition<\/strong>.[\/vc_column_text][vc_button border_width=&#8221;0&#8243; icon_position=&#8221;right&#8221; link=&#8221;url:https%3A%2F%2Fwww.panizzolo.com%2Fde%2Fpatente%2Fpatente-fuer-die-raffination%2F|title:Patente%20f%C3%BCr%20die%20Raffination&#8221; icon=&#8221;fa fa-arrow-right-thick&#8221; uncode_shortcode_id=&#8221;141390&#8243;]Entdecken Sie die spezielle Mahlanlage[\/vc_button][\/vc_column][\/vc_row][vc_row row_height_percent=&#8221;0&#8243; override_padding=&#8221;yes&#8221; h_padding=&#8221;2&#8243; top_padding=&#8221;4&#8243; bottom_padding=&#8221;4&#8243; overlay_alpha=&#8221;50&#8243; gutter_size=&#8221;4&#8243; column_width_percent=&#8221;100&#8243; shift_y=&#8221;0&#8243; z_index=&#8221;0&#8243;][vc_column column_width_percent=&#8221;100&#8243; gutter_size=&#8221;3&#8243; overlay_alpha=&#8221;50&#8243; shift_x=&#8221;0&#8243; shift_y=&#8221;0&#8243; shift_y_down=&#8221;0&#8243; z_index=&#8221;0&#8243; medium_width=&#8221;0&#8243; mobile_width=&#8221;0&#8243; css_animation=&#8221;bottom-t-top&#8221; width=&#8221;1\/2&#8243;][vc_column_text uncode_shortcode_id=&#8221;183832&#8243;]Die Raffinationsanlage von Panizzolo sieht den Einsatz von patentierten Hammerm\u00fchlen der Serie RAF-M und RAF-F vor. Es handelt sich um besonders leistungsstarke und produktive Systeme, die in der Lage sind, sowohl in der Mahlphase als auch in der Phase der Granulation, zeitgleich Stahl und verschlei\u00dff\u00f6rdernde Inertstoffe aufzubereiten. Der behandelte Metallschrott ist extrem verschlei\u00dff\u00f6rdernd und beeintr\u00e4chtigt im Laufe der Zeit die tats\u00e4chliche Ergiebigkeit der Aufbereitung. Raffinationsanlagen von Panizzolo sind so konzipiert, dass sie eine gleichm\u00e4\u00dfige Abnutzung der einzelnen Komponenten erm\u00f6glichen, um Defekte oder pl\u00f6tzliche Leistungsabf\u00e4lle der Produktion zu verhindern. Die Verwendung spezieller Gussteile erm\u00f6glicht au\u00dferdem eine h\u00f6here Langlebigkeit von H\u00e4mmern und Abdeckungen. Die wichtigsten Abf\u00e4lle, die in der Raffinationsanlage von Panizzolo aufbereitet werden sind:[\/vc_column_text][\/vc_column][vc_column column_width_percent=&#8221;100&#8243; gutter_size=&#8221;3&#8243; overlay_alpha=&#8221;50&#8243; shift_x=&#8221;0&#8243; shift_y=&#8221;0&#8243; shift_y_down=&#8221;0&#8243; z_index=&#8221;0&#8243; medium_width=&#8221;0&#8243; mobile_width=&#8221;0&#8243; css_animation=&#8221;bottom-t-top&#8221; width=&#8221;1\/2&#8243;][uncode_list uncode_shortcode_id=&#8221;174550&#8243;]<\/p>\n<ul>\n<li>Kupfer aus Mahlvorg\u00e4ngen von Elektromotoren mit dem Vorhandensein von Kunststoffen, Edelstahl usw.<\/li>\n<li>Fluff aus: Mahlvorg\u00e4ngen von Fahrzeugen, gemischten Metallen, Elektro- und Elektronik-Altger\u00e4ten<\/li>\n<li>Durch Edelstahl, Messing und Eisen verunreinigte Kabel und ACSR-Kabel<\/li>\n<li>Metallhaltige Inertstoffe<\/li>\n<li>Alucubond, Deckel aus Aluminium usw.<\/li>\n<li>Andere gemischte Fluff-Abf\u00e4lle, die aus Vorbehandlungen hervorgegangen sind und die ein Gemisch aus Kupfer, Aluminium, Stahl, Glas und Zementstaub enthalten<\/li>\n<\/ul>\n<p>[\/uncode_list][vc_column_text uncode_shortcode_id=&#8221;271712&#8243;]Am Ende des Aufbereitungszyklus werden fast alle unverk\u00e4uflichen Unterprodukte eliminiert und es entsteht ein Granulat aus reinem Metall, das als Sekund\u00e4rrohstoff klassifiziert werden kann.<\/p>\n<p>Entdecken Sie alle unsere Recyclingl\u00f6sungen![\/vc_column_text][\/vc_column][\/vc_row][vc_row unlock_row_content=&#8221;yes&#8221; row_height_percent=&#8221;0&#8243; override_padding=&#8221;yes&#8221; h_padding=&#8221;0&#8243; top_padding=&#8221;2&#8243; bottom_padding=&#8221;2&#8243; overlay_alpha=&#8221;50&#8243; gutter_size=&#8221;3&#8243; column_width_percent=&#8221;100&#8243; shift_y=&#8221;0&#8243; z_index=&#8221;0&#8243;][vc_column width=&#8221;1\/6&#8243;][\/vc_column][vc_column column_width_percent=&#8221;100&#8243; gutter_size=&#8221;3&#8243; overlay_alpha=&#8221;50&#8243; shift_x=&#8221;0&#8243; shift_y=&#8221;0&#8243; shift_y_down=&#8221;0&#8243; z_index=&#8221;0&#8243; medium_width=&#8221;0&#8243; mobile_width=&#8221;0&#8243; css_animation=&#8221;right-t-left&#8221; width=&#8221;5\/6&#8243;][vc_gallery el_id=&#8221;gallery-611771&#8243; type=&#8221;carousel&#8221; medias=&#8221;83011,83017,83023,83029,83035,83041,83047,83053,83059,83065,83071,83077,83083,83089,83095&#8243; carousel_lg=&#8221;2&#8243; carousel_md=&#8221;2&#8243; carousel_sm=&#8221;2&#8243; thumb_size=&#8221;three-two&#8221; gutter_size=&#8221;3&#8243; carousel_interval=&#8221;3000&#8243; carousel_navspeed=&#8221;400&#8243; carousel_loop=&#8221;yes&#8221; carousel_dots=&#8221;yes&#8221; stage_padding=&#8221;40&#8243; single_overlay_opacity=&#8221;50&#8243; single_padding=&#8221;2&#8243; uncode_shortcode_id=&#8221;260404&#8243;][\/vc_column][\/vc_row][vc_row unlock_row_content=&#8221;yes&#8221; row_height_percent=&#8221;0&#8243; override_padding=&#8221;yes&#8221; h_padding=&#8221;2&#8243; top_padding=&#8221;2&#8243; bottom_padding=&#8221;4&#8243; overlay_alpha=&#8221;50&#8243; gutter_size=&#8221;3&#8243; column_width_percent=&#8221;100&#8243; shift_y=&#8221;0&#8243; z_index=&#8221;0&#8243; uncode_shortcode_id=&#8221;212293&#8243;][vc_column width=&#8221;1\/6&#8243;][\/vc_column][vc_column column_width_percent=&#8221;100&#8243; gutter_size=&#8221;3&#8243; overlay_alpha=&#8221;50&#8243; shift_x=&#8221;0&#8243; shift_y=&#8221;0&#8243; shift_y_down=&#8221;0&#8243; z_index=&#8221;0&#8243; medium_width=&#8221;0&#8243; mobile_width=&#8221;0&#8243; css_animation=&#8221;right-t-left&#8221; animation_delay=&#8221;100&#8243; width=&#8221;5\/6&#8243;][vc_custom_heading heading_semantic=&#8221;h3&#8243; text_font=&#8221;font-116529&#8243; text_size=&#8221;h3&#8243; uncode_shortcode_id=&#8221;581881&#8243;]Video Gallery Input und Output[\/vc_custom_heading][vc_gallery el_id=&#8221;gallery-611772&#8243; type=&#8221;carousel&#8221; medias=&#8221;89710,89716,89722,89728,89734,89740,89746,89752,89758&#8243; carousel_lg=&#8221;3&#8243; carousel_md=&#8221;3&#8243; carousel_sm=&#8221;2&#8243; thumb_size=&#8221;three-two&#8221; gutter_size=&#8221;3&#8243; carousel_interval=&#8221;5000&#8243; carousel_navspeed=&#8221;400&#8243; carousel_loop=&#8221;yes&#8221; carousel_dots=&#8221;yes&#8221; stage_padding=&#8221;20&#8243; single_overlay_opacity=&#8221;50&#8243; single_padding=&#8221;2&#8243; uncode_shortcode_id=&#8221;155150&#8243;][\/vc_column][\/vc_row][vc_row][vc_column width=&#8221;1\/1&#8243;][uncode_block id=&#8221;87772&#8243;][\/vc_column][\/vc_row][vc_row][vc_column width=&#8221;1\/1&#8243;][uncode_block id=&#8221;87786&#8243;][\/vc_column][\/vc_row]<\/p>\n<\/div>","protected":false},"excerpt":{"rendered":"<p>[vc_row row_height_percent=&#8221;50&#8243; override_padding=&#8221;yes&#8221; h_padding=&#8221;2&#8243; top_padding=&#8221;4&#8243; bottom_padding=&#8221;2&#8243; back_image=&#8221;83005&#8243; parallax=&#8221;yes&#8221; overlay_color=&#8221;color-jevc&#8221; overlay_alpha=&#8221;40&#8243; gutter_size=&#8221;3&#8243; column_width_percent=&#8221;100&#8243; shift_y=&#8221;0&#8243; z_index=&#8221;0&#8243; enable_bottom_divider=&#8221;custom&#8221; bottom_divider=&#8221;tilt&#8221; shape_bottom_custom=&#8221;79412&#8243; shape_bottom_h_use_pixel=&#8221;true&#8221; shape_bottom_height_percent=&#8221;100&#8243; shape_bottom_color=&#8221;color-xsdn&#8221; [&hellip;]<\/p>\n","protected":false},"author":1,"featured_media":0,"parent":87575,"menu_order":80,"comment_status":"closed","ping_status":"closed","template":"","meta":{"footnotes":""},"class_list":["post-87638","page","type-page","status-publish","hentry","page_category-materiali-de"],"yoast_head":"<!-- This site is optimized with the Yoast SEO plugin v24.5 - https:\/\/yoast.com\/wordpress\/plugins\/seo\/ -->\n<title>Raffination - Panizzolo Impianti di riciclaggio per rifiuti<\/title>\n<meta name=\"robots\" content=\"index, follow, max-snippet:-1, max-image-preview:large, max-video-preview:-1\" \/>\n<link rel=\"canonical\" href=\"https:\/\/www.panizzolo.com\/de\/materialien\/raffination\/\" \/>\n<meta property=\"og:locale\" content=\"de_DE\" \/>\n<meta property=\"og:type\" content=\"article\" \/>\n<meta property=\"og:title\" content=\"Raffination - Panizzolo Impianti di riciclaggio per rifiuti\" \/>\n<meta property=\"og:description\" content=\"[vc_row row_height_percent=&#8221;50&#8243; override_padding=&#8221;yes&#8221; h_padding=&#8221;2&#8243; top_padding=&#8221;4&#8243; bottom_padding=&#8221;2&#8243; back_image=&#8221;83005&#8243; parallax=&#8221;yes&#8221; overlay_color=&#8221;color-jevc&#8221; overlay_alpha=&#8221;40&#8243; gutter_size=&#8221;3&#8243; column_width_percent=&#8221;100&#8243; shift_y=&#8221;0&#8243; z_index=&#8221;0&#8243; enable_bottom_divider=&#8221;custom&#8221; bottom_divider=&#8221;tilt&#8221; shape_bottom_custom=&#8221;79412&#8243; shape_bottom_h_use_pixel=&#8221;true&#8221; shape_bottom_height_percent=&#8221;100&#8243; shape_bottom_color=&#8221;color-xsdn&#8221; [&hellip;]\" \/>\n<meta property=\"og:url\" content=\"https:\/\/www.panizzolo.com\/de\/materialien\/raffination\/\" \/>\n<meta property=\"og:site_name\" content=\"Panizzolo Impianti di riciclaggio per rifiuti\" \/>\n<meta property=\"article:publisher\" content=\"https:\/\/www.facebook.com\/PanizzoloRecycling\" \/>\n<meta property=\"article:modified_time\" content=\"2021-11-02T08:48:33+00:00\" \/>\n<meta name=\"twitter:card\" content=\"summary_large_image\" \/>\n<meta name=\"twitter:site\" content=\"@PanizzoloRS\" \/>\n<meta name=\"twitter:label1\" content=\"Est. reading time\" \/>\n\t<meta name=\"twitter:data1\" content=\"3 minutes\" \/>\n<script type=\"application\/ld+json\" class=\"yoast-schema-graph\">{\"@context\":\"https:\/\/schema.org\",\"@graph\":[{\"@type\":\"WebPage\",\"@id\":\"https:\/\/www.panizzolo.com\/de\/materialien\/raffination\/\",\"url\":\"https:\/\/www.panizzolo.com\/de\/materialien\/raffination\/\",\"name\":\"Raffination - Panizzolo Impianti di riciclaggio per rifiuti\",\"isPartOf\":{\"@id\":\"https:\/\/www.panizzolo.com\/de\/#website\"},\"datePublished\":\"2021-05-13T14:30:24+00:00\",\"dateModified\":\"2021-11-02T08:48:33+00:00\",\"breadcrumb\":{\"@id\":\"https:\/\/www.panizzolo.com\/de\/materialien\/raffination\/#breadcrumb\"},\"inLanguage\":\"de-DE\",\"potentialAction\":[{\"@type\":\"ReadAction\",\"target\":[\"https:\/\/www.panizzolo.com\/de\/materialien\/raffination\/\"]}]},{\"@type\":\"BreadcrumbList\",\"@id\":\"https:\/\/www.panizzolo.com\/de\/materialien\/raffination\/#breadcrumb\",\"itemListElement\":[{\"@type\":\"ListItem\",\"position\":1,\"name\":\"Materialien\",\"item\":\"https:\/\/www.panizzolo.com\/de\/materialien\/\"},{\"@type\":\"ListItem\",\"position\":2,\"name\":\"Raffination\"}]},{\"@type\":\"WebSite\",\"@id\":\"https:\/\/www.panizzolo.com\/de\/#website\",\"url\":\"https:\/\/www.panizzolo.com\/de\/\",\"name\":\"Panizzolo Impianti di riciclaggio per rifiuti\",\"description\":\"Panizzolo Impianti di riciclaggio per rifiuti\",\"potentialAction\":[{\"@type\":\"SearchAction\",\"target\":{\"@type\":\"EntryPoint\",\"urlTemplate\":\"https:\/\/www.panizzolo.com\/de\/?s={search_term_string}\"},\"query-input\":{\"@type\":\"PropertyValueSpecification\",\"valueRequired\":true,\"valueName\":\"search_term_string\"}}],\"inLanguage\":\"de-DE\"}]}<\/script>\n<!-- \/ Yoast SEO plugin. -->","yoast_head_json":{"title":"Raffination - Panizzolo Impianti di riciclaggio per rifiuti","robots":{"index":"index","follow":"follow","max-snippet":"max-snippet:-1","max-image-preview":"max-image-preview:large","max-video-preview":"max-video-preview:-1"},"canonical":"https:\/\/www.panizzolo.com\/de\/materialien\/raffination\/","og_locale":"de_DE","og_type":"article","og_title":"Raffination - Panizzolo Impianti di riciclaggio per rifiuti","og_description":"[vc_row row_height_percent=&#8221;50&#8243; override_padding=&#8221;yes&#8221; h_padding=&#8221;2&#8243; top_padding=&#8221;4&#8243; bottom_padding=&#8221;2&#8243; back_image=&#8221;83005&#8243; parallax=&#8221;yes&#8221; overlay_color=&#8221;color-jevc&#8221; overlay_alpha=&#8221;40&#8243; gutter_size=&#8221;3&#8243; column_width_percent=&#8221;100&#8243; shift_y=&#8221;0&#8243; z_index=&#8221;0&#8243; enable_bottom_divider=&#8221;custom&#8221; bottom_divider=&#8221;tilt&#8221; shape_bottom_custom=&#8221;79412&#8243; shape_bottom_h_use_pixel=&#8221;true&#8221; shape_bottom_height_percent=&#8221;100&#8243; shape_bottom_color=&#8221;color-xsdn&#8221; [&hellip;]","og_url":"https:\/\/www.panizzolo.com\/de\/materialien\/raffination\/","og_site_name":"Panizzolo Impianti di riciclaggio per rifiuti","article_publisher":"https:\/\/www.facebook.com\/PanizzoloRecycling","article_modified_time":"2021-11-02T08:48:33+00:00","twitter_card":"summary_large_image","twitter_site":"@PanizzoloRS","twitter_misc":{"Est. reading time":"3 minutes"},"schema":{"@context":"https:\/\/schema.org","@graph":[{"@type":"WebPage","@id":"https:\/\/www.panizzolo.com\/de\/materialien\/raffination\/","url":"https:\/\/www.panizzolo.com\/de\/materialien\/raffination\/","name":"Raffination - Panizzolo Impianti di riciclaggio per rifiuti","isPartOf":{"@id":"https:\/\/www.panizzolo.com\/de\/#website"},"datePublished":"2021-05-13T14:30:24+00:00","dateModified":"2021-11-02T08:48:33+00:00","breadcrumb":{"@id":"https:\/\/www.panizzolo.com\/de\/materialien\/raffination\/#breadcrumb"},"inLanguage":"de-DE","potentialAction":[{"@type":"ReadAction","target":["https:\/\/www.panizzolo.com\/de\/materialien\/raffination\/"]}]},{"@type":"BreadcrumbList","@id":"https:\/\/www.panizzolo.com\/de\/materialien\/raffination\/#breadcrumb","itemListElement":[{"@type":"ListItem","position":1,"name":"Materialien","item":"https:\/\/www.panizzolo.com\/de\/materialien\/"},{"@type":"ListItem","position":2,"name":"Raffination"}]},{"@type":"WebSite","@id":"https:\/\/www.panizzolo.com\/de\/#website","url":"https:\/\/www.panizzolo.com\/de\/","name":"Panizzolo Impianti di riciclaggio per rifiuti","description":"Panizzolo Impianti di riciclaggio per rifiuti","potentialAction":[{"@type":"SearchAction","target":{"@type":"EntryPoint","urlTemplate":"https:\/\/www.panizzolo.com\/de\/?s={search_term_string}"},"query-input":{"@type":"PropertyValueSpecification","valueRequired":true,"valueName":"search_term_string"}}],"inLanguage":"de-DE"}]}},"_links":{"self":[{"href":"https:\/\/www.panizzolo.com\/de\/wp-json\/wp\/v2\/pages\/87638","targetHints":{"allow":["GET"]}}],"collection":[{"href":"https:\/\/www.panizzolo.com\/de\/wp-json\/wp\/v2\/pages"}],"about":[{"href":"https:\/\/www.panizzolo.com\/de\/wp-json\/wp\/v2\/types\/page"}],"author":[{"embeddable":true,"href":"https:\/\/www.panizzolo.com\/de\/wp-json\/wp\/v2\/users\/1"}],"replies":[{"embeddable":true,"href":"https:\/\/www.panizzolo.com\/de\/wp-json\/wp\/v2\/comments?post=87638"}],"version-history":[{"count":6,"href":"https:\/\/www.panizzolo.com\/de\/wp-json\/wp\/v2\/pages\/87638\/revisions"}],"predecessor-version":[{"id":90988,"href":"https:\/\/www.panizzolo.com\/de\/wp-json\/wp\/v2\/pages\/87638\/revisions\/90988"}],"up":[{"embeddable":true,"href":"https:\/\/www.panizzolo.com\/de\/wp-json\/wp\/v2\/pages\/87575"}],"wp:attachment":[{"href":"https:\/\/www.panizzolo.com\/de\/wp-json\/wp\/v2\/media?parent=87638"}],"curies":[{"name":"wp","href":"https:\/\/api.w.org\/{rel}","templated":true}]}}