{"id":87503,"date":"2021-09-16T10:26:14","date_gmt":"2021-09-16T08:26:14","guid":{"rendered":"https:\/\/www.panizzolo.com\/recycling-loesungen\/recyclingmaschinen\/trennsysteme\/filtro-trattamento-aria\/"},"modified":"2021-10-13T13:34:27","modified_gmt":"2021-10-13T11:34:27","slug":"filter-luftaufbereitung","status":"publish","type":"page","link":"https:\/\/www.panizzolo.com\/de\/recycling-loesungen\/recyclingmaschinen\/abscheidesysteme\/filter-luftaufbereitung\/","title":{"rendered":"Filter luftaufbereitung"},"content":{"rendered":"<div class=\"wpb-content-wrapper\"><p>[vc_row][vc_column width=&#8221;1\/2&#8243;][vc_custom_heading text_color=&#8221;color-170105&#8243; heading_semantic=&#8221;h1&#8243; text_size=&#8221;h1&#8243; uncode_shortcode_id=&#8221;778640&#8243; text_color_type=&#8221;uncode-palette&#8221;]Filter luftaufbereitung[\/vc_custom_heading][\/vc_column][vc_column width=&#8221;1\/2&#8243;][\/vc_column][\/vc_row][vc_row row_height_percent=&#8221;0&#8243; override_padding=&#8221;yes&#8221; h_padding=&#8221;2&#8243; top_padding=&#8221;4&#8243; bottom_padding=&#8221;1&#8243; overlay_alpha=&#8221;50&#8243; gutter_size=&#8221;3&#8243; column_width_percent=&#8221;100&#8243; shift_y=&#8221;0&#8243; z_index=&#8221;0&#8243; uncode_shortcode_id=&#8221;169995&#8243;][vc_column column_width_percent=&#8221;80&#8243; position_horizontal=&#8221;left&#8221; gutter_size=&#8221;3&#8243; overlay_alpha=&#8221;50&#8243; shift_x=&#8221;0&#8243; shift_y=&#8221;0&#8243; shift_y_down=&#8221;0&#8243; z_index=&#8221;0&#8243; medium_width=&#8221;0&#8243; mobile_width=&#8221;0&#8243; css_animation=&#8221;left-t-right&#8221; width=&#8221;1\/2&#8243; uncode_shortcode_id=&#8221;170764&#8243;][vc_column_text uncode_shortcode_id=&#8221;172598&#8243;]Das Zubeh\u00f6r wird zur Erg\u00e4nzung der Anlagen von Panizzolo geliefert. Luftdurchsatz, Ventilatoren und Absaugleitungen werden von der technischen Abteilung passend je nach Aufbau der Produktionsanlage kalibriert. Der H\u00fclsenfilter erm\u00f6glicht das Absaugen und die Trockenfilterung des Staubs, der bei der M\u00fcllaufbereitung entsteht.<\/p>\n<p>Die Steuerung f\u00fcr den Betrieb und die \u00dcberwachung befinden sich zentral in der Schalttafel der Anlage und erm\u00f6glichen die erhebliche Erleichterung von Steuerung, Kontrolle und Wartung.[\/vc_column_text][\/vc_column][vc_column column_width_percent=&#8221;100&#8243; position_horizontal=&#8221;left&#8221; gutter_size=&#8221;3&#8243; overlay_alpha=&#8221;50&#8243; shift_x=&#8221;0&#8243; shift_y=&#8221;0&#8243; shift_y_down=&#8221;0&#8243; z_index=&#8221;0&#8243; medium_width=&#8221;0&#8243; mobile_width=&#8221;0&#8243; css_animation=&#8221;right-t-left&#8221; width=&#8221;1\/2&#8243; uncode_shortcode_id=&#8221;258837&#8243;][vc_single_image media=&#8221;86620&#8243; media_width_percent=&#8221;100&#8243; media_ratio=&#8221;four-three&#8221; uncode_shortcode_id=&#8221;380786&#8243;][\/vc_column][\/vc_row][vc_row row_height_percent=&#8221;0&#8243; overlay_alpha=&#8221;50&#8243; gutter_size=&#8221;3&#8243; column_width_percent=&#8221;100&#8243; shift_y=&#8221;0&#8243; z_index=&#8221;0&#8243; uncode_shortcode_id=&#8221;167764&#8243;][vc_column column_width_percent=&#8221;100&#8243; gutter_size=&#8221;3&#8243; overlay_alpha=&#8221;50&#8243; shift_x=&#8221;0&#8243; shift_y=&#8221;0&#8243; shift_y_down=&#8221;0&#8243; z_index=&#8221;0&#8243; medium_width=&#8221;0&#8243; mobile_width=&#8221;0&#8243; width=&#8221;1\/3&#8243; uncode_shortcode_id=&#8221;371116&#8243;][vc_single_image media=&#8221;86602&#8243; media_width_percent=&#8221;100&#8243; uncode_shortcode_id=&#8221;151968&#8243;][vc_custom_heading text_color=&#8221;color-708329&#8243; heading_semantic=&#8221;h5&#8243; text_font=&#8221;font-116529&#8243; text_size=&#8221;h5&#8243; uncode_shortcode_id=&#8221;785286&#8243; text_color_type=&#8221;uncode-palette&#8221;]Zusatz: Luftkompressor mit Gestell[\/vc_custom_heading][vc_column_text uncode_shortcode_id=&#8221;135497&#8243;]Pneumatisches System zur Reinigung der H\u00fclsenfilter. Gestell, D\u00fcsen und Anschlussrohre sind im Lieferumfang enthalten.[\/vc_column_text][\/vc_column][vc_column width=&#8221;1\/3&#8243;][vc_single_image media=&#8221;86608&#8243; media_width_percent=&#8221;100&#8243; uncode_shortcode_id=&#8221;235297&#8243;][vc_custom_heading text_color=&#8221;color-708329&#8243; heading_semantic=&#8221;h5&#8243; text_font=&#8221;font-116529&#8243; text_size=&#8221;h5&#8243; uncode_shortcode_id=&#8221;313691&#8243; text_color_type=&#8221;uncode-palette&#8221;]Zusatz: Anlage zur Funkenerkennung[\/vc_custom_heading][vc_column_text uncode_shortcode_id=&#8221;147200&#8243;]Optischer Sensor f\u00fcr den Brandschutz des Filters. Ventile und elektrische Anschl\u00fcsse sind im Lieferumfang enthalten.[\/vc_column_text][\/vc_column][vc_column width=&#8221;1\/3&#8243;][vc_single_image media=&#8221;86614&#8243; media_width_percent=&#8221;100&#8243; uncode_shortcode_id=&#8221;201131&#8243;][vc_custom_heading text_color=&#8221;color-708329&#8243; heading_semantic=&#8221;h5&#8243; text_font=&#8221;font-116529&#8243; text_size=&#8221;h5&#8243; uncode_shortcode_id=&#8221;767477&#8243; text_color_type=&#8221;uncode-palette&#8221;]Zusatz: Speziallegierungen f\u00fcr verschlei\u00dff\u00f6rdernde St\u00e4ube[\/vc_custom_heading][vc_column_text uncode_shortcode_id=&#8221;110914&#8243;]Wenn der Aufbereitungszyklus das Absaugen von verschlei\u00dff\u00f6rdernden St\u00e4uben (mit Glas, Zement usw.) vorsieht, bietet Panizzolo die M\u00f6glichkeit, einen speziell daf\u00fcr entwickelten und verst\u00e4rkten industriellen Zentrifugalventilator zu liefern.[\/vc_column_text][\/vc_column][\/vc_row][vc_row row_height_percent=&#8221;0&#8243; override_padding=&#8221;yes&#8221; h_padding=&#8221;2&#8243; top_padding=&#8221;2&#8243; bottom_padding=&#8221;4&#8243; overlay_alpha=&#8221;50&#8243; gutter_size=&#8221;3&#8243; column_width_percent=&#8221;100&#8243; shift_y=&#8221;0&#8243; z_index=&#8221;0&#8243; uncode_shortcode_id=&#8221;148980&#8243;][vc_column width=&#8221;1\/3&#8243;][vc_button border_width=&#8221;0&#8243; icon=&#8221;fa fa-arrow-left-thick&#8221; uncode_shortcode_id=&#8221;193183&#8243; link=&#8221;url:https%3A%2F%2Fwww.panizzolo.com%2Fde%2Frecycling-loesungen%2Frecyclingmaschinen%2Fabscheidesysteme%2F|title:Abscheidesysteme&#8221;] Zur\u00fcck zu Abscheidesysteme[\/vc_button][\/vc_column][vc_column width=&#8221;1\/3&#8243;][\/vc_column][vc_column width=&#8221;1\/3&#8243;][\/vc_column][\/vc_row][vc_row][vc_column width=&#8221;1\/1&#8243;][uncode_block id=&#8221;87772&#8243;][\/vc_column][\/vc_row][vc_row][vc_column width=&#8221;1\/1&#8243;][uncode_block id=&#8221;87786&#8243;][\/vc_column][\/vc_row]<\/p>\n<\/div>","protected":false},"excerpt":{"rendered":"<p>[vc_row][vc_column width=&#8221;1\/2&#8243;][vc_custom_heading text_color=&#8221;color-170105&#8243; heading_semantic=&#8221;h1&#8243; text_size=&#8221;h1&#8243; uncode_shortcode_id=&#8221;778640&#8243; text_color_type=&#8221;uncode-palette&#8221;]Filter luftaufbereitung[\/vc_custom_heading][\/vc_column][vc_column width=&#8221;1\/2&#8243;][\/vc_column][\/vc_row][vc_row row_height_percent=&#8221;0&#8243; override_padding=&#8221;yes&#8221; h_padding=&#8221;2&#8243; top_padding=&#8221;4&#8243; bottom_padding=&#8221;1&#8243; overlay_alpha=&#8221;50&#8243; gutter_size=&#8221;3&#8243; column_width_percent=&#8221;100&#8243; shift_y=&#8221;0&#8243; z_index=&#8221;0&#8243; uncode_shortcode_id=&#8221;169995&#8243;][vc_column [&hellip;]<\/p>\n","protected":false},"author":1,"featured_media":86541,"parent":70718,"menu_order":3,"comment_status":"closed","ping_status":"closed","template":"","meta":{"footnotes":""},"class_list":["post-87503","page","type-page","status-publish","has-post-thumbnail","hentry","page_category-sistemi-di-separazione-de"],"yoast_head":"<!-- This site is optimized with the Yoast SEO plugin v24.5 - https:\/\/yoast.com\/wordpress\/plugins\/seo\/ -->\n<title>Filter luftaufbereitung - Panizzolo Impianti di riciclaggio per rifiuti<\/title>\n<meta name=\"robots\" content=\"index, follow, max-snippet:-1, max-image-preview:large, max-video-preview:-1\" \/>\n<link rel=\"canonical\" href=\"https:\/\/www.panizzolo.com\/de\/recycling-loesungen\/recyclingmaschinen\/abscheidesysteme\/filter-luftaufbereitung\/\" \/>\n<meta property=\"og:locale\" content=\"de_DE\" \/>\n<meta property=\"og:type\" content=\"article\" \/>\n<meta property=\"og:title\" content=\"Filter luftaufbereitung - Panizzolo Impianti di riciclaggio per rifiuti\" \/>\n<meta property=\"og:description\" content=\"[vc_row][vc_column width=&#8221;1\/2&#8243;][vc_custom_heading text_color=&#8221;color-170105&#8243; heading_semantic=&#8221;h1&#8243; text_size=&#8221;h1&#8243; uncode_shortcode_id=&#8221;778640&#8243; text_color_type=&#8221;uncode-palette&#8221;]Filter luftaufbereitung[\/vc_custom_heading][\/vc_column][vc_column width=&#8221;1\/2&#8243;][\/vc_column][\/vc_row][vc_row row_height_percent=&#8221;0&#8243; override_padding=&#8221;yes&#8221; h_padding=&#8221;2&#8243; top_padding=&#8221;4&#8243; bottom_padding=&#8221;1&#8243; overlay_alpha=&#8221;50&#8243; gutter_size=&#8221;3&#8243; column_width_percent=&#8221;100&#8243; shift_y=&#8221;0&#8243; z_index=&#8221;0&#8243; uncode_shortcode_id=&#8221;169995&#8243;][vc_column [&hellip;]\" \/>\n<meta property=\"og:url\" content=\"https:\/\/www.panizzolo.com\/de\/recycling-loesungen\/recyclingmaschinen\/abscheidesysteme\/filter-luftaufbereitung\/\" \/>\n<meta property=\"og:site_name\" content=\"Panizzolo Impianti di riciclaggio per rifiuti\" \/>\n<meta property=\"article:publisher\" content=\"https:\/\/www.facebook.com\/PanizzoloRecycling\" \/>\n<meta property=\"article:modified_time\" content=\"2021-10-13T11:34:27+00:00\" \/>\n<meta property=\"og:image\" content=\"https:\/\/www.panizzolo.com\/wp-content\/uploads\/2021\/10\/Filtro-trattamento-aria.png\" \/>\n\t<meta property=\"og:image:width\" content=\"1008\" \/>\n\t<meta property=\"og:image:height\" content=\"1008\" \/>\n\t<meta property=\"og:image:type\" content=\"image\/png\" \/>\n<meta name=\"twitter:card\" content=\"summary_large_image\" \/>\n<meta name=\"twitter:site\" content=\"@PanizzoloRS\" \/>\n<meta name=\"twitter:label1\" content=\"Est. reading time\" \/>\n\t<meta name=\"twitter:data1\" content=\"2 minutes\" \/>\n<script type=\"application\/ld+json\" class=\"yoast-schema-graph\">{\"@context\":\"https:\/\/schema.org\",\"@graph\":[{\"@type\":\"WebPage\",\"@id\":\"https:\/\/www.panizzolo.com\/de\/recycling-loesungen\/recyclingmaschinen\/abscheidesysteme\/filter-luftaufbereitung\/\",\"url\":\"https:\/\/www.panizzolo.com\/de\/recycling-loesungen\/recyclingmaschinen\/abscheidesysteme\/filter-luftaufbereitung\/\",\"name\":\"Filter luftaufbereitung - Panizzolo Impianti di riciclaggio per rifiuti\",\"isPartOf\":{\"@id\":\"https:\/\/www.panizzolo.com\/de\/#website\"},\"primaryImageOfPage\":{\"@id\":\"https:\/\/www.panizzolo.com\/de\/recycling-loesungen\/recyclingmaschinen\/abscheidesysteme\/filter-luftaufbereitung\/#primaryimage\"},\"image\":{\"@id\":\"https:\/\/www.panizzolo.com\/de\/recycling-loesungen\/recyclingmaschinen\/abscheidesysteme\/filter-luftaufbereitung\/#primaryimage\"},\"thumbnailUrl\":\"https:\/\/www.panizzolo.com\/wp-content\/uploads\/2021\/10\/Filtro-trattamento-aria.png\",\"datePublished\":\"2021-09-16T08:26:14+00:00\",\"dateModified\":\"2021-10-13T11:34:27+00:00\",\"breadcrumb\":{\"@id\":\"https:\/\/www.panizzolo.com\/de\/recycling-loesungen\/recyclingmaschinen\/abscheidesysteme\/filter-luftaufbereitung\/#breadcrumb\"},\"inLanguage\":\"de-DE\",\"potentialAction\":[{\"@type\":\"ReadAction\",\"target\":[\"https:\/\/www.panizzolo.com\/de\/recycling-loesungen\/recyclingmaschinen\/abscheidesysteme\/filter-luftaufbereitung\/\"]}]},{\"@type\":\"ImageObject\",\"inLanguage\":\"de-DE\",\"@id\":\"https:\/\/www.panizzolo.com\/de\/recycling-loesungen\/recyclingmaschinen\/abscheidesysteme\/filter-luftaufbereitung\/#primaryimage\",\"url\":\"https:\/\/www.panizzolo.com\/wp-content\/uploads\/2021\/10\/Filtro-trattamento-aria.png\",\"contentUrl\":\"https:\/\/www.panizzolo.com\/wp-content\/uploads\/2021\/10\/Filtro-trattamento-aria.png\",\"width\":1008,\"height\":1008},{\"@type\":\"BreadcrumbList\",\"@id\":\"https:\/\/www.panizzolo.com\/de\/recycling-loesungen\/recyclingmaschinen\/abscheidesysteme\/filter-luftaufbereitung\/#breadcrumb\",\"itemListElement\":[{\"@type\":\"ListItem\",\"position\":1,\"name\":\"Recycling-L\u00f6sungen\",\"item\":\"https:\/\/www.panizzolo.com\/de\/recycling-loesungen\/\"},{\"@type\":\"ListItem\",\"position\":2,\"name\":\"Recyclingmaschinen\",\"item\":\"https:\/\/www.panizzolo.com\/de\/recycling-loesungen\/recyclingmaschinen\/\"},{\"@type\":\"ListItem\",\"position\":3,\"name\":\"Abscheidesysteme\",\"item\":\"https:\/\/www.panizzolo.com\/de\/recycling-loesungen\/recyclingmaschinen\/abscheidesysteme\/\"},{\"@type\":\"ListItem\",\"position\":4,\"name\":\"Filter luftaufbereitung\"}]},{\"@type\":\"WebSite\",\"@id\":\"https:\/\/www.panizzolo.com\/de\/#website\",\"url\":\"https:\/\/www.panizzolo.com\/de\/\",\"name\":\"Panizzolo Impianti di riciclaggio per rifiuti\",\"description\":\"Panizzolo Impianti di riciclaggio per rifiuti\",\"potentialAction\":[{\"@type\":\"SearchAction\",\"target\":{\"@type\":\"EntryPoint\",\"urlTemplate\":\"https:\/\/www.panizzolo.com\/de\/?s={search_term_string}\"},\"query-input\":{\"@type\":\"PropertyValueSpecification\",\"valueRequired\":true,\"valueName\":\"search_term_string\"}}],\"inLanguage\":\"de-DE\"}]}<\/script>\n<!-- \/ Yoast SEO plugin. -->","yoast_head_json":{"title":"Filter luftaufbereitung - Panizzolo Impianti di riciclaggio per rifiuti","robots":{"index":"index","follow":"follow","max-snippet":"max-snippet:-1","max-image-preview":"max-image-preview:large","max-video-preview":"max-video-preview:-1"},"canonical":"https:\/\/www.panizzolo.com\/de\/recycling-loesungen\/recyclingmaschinen\/abscheidesysteme\/filter-luftaufbereitung\/","og_locale":"de_DE","og_type":"article","og_title":"Filter luftaufbereitung - Panizzolo Impianti di riciclaggio per rifiuti","og_description":"[vc_row][vc_column width=&#8221;1\/2&#8243;][vc_custom_heading text_color=&#8221;color-170105&#8243; heading_semantic=&#8221;h1&#8243; text_size=&#8221;h1&#8243; uncode_shortcode_id=&#8221;778640&#8243; text_color_type=&#8221;uncode-palette&#8221;]Filter luftaufbereitung[\/vc_custom_heading][\/vc_column][vc_column width=&#8221;1\/2&#8243;][\/vc_column][\/vc_row][vc_row row_height_percent=&#8221;0&#8243; override_padding=&#8221;yes&#8221; h_padding=&#8221;2&#8243; top_padding=&#8221;4&#8243; bottom_padding=&#8221;1&#8243; overlay_alpha=&#8221;50&#8243; gutter_size=&#8221;3&#8243; column_width_percent=&#8221;100&#8243; shift_y=&#8221;0&#8243; z_index=&#8221;0&#8243; uncode_shortcode_id=&#8221;169995&#8243;][vc_column [&hellip;]","og_url":"https:\/\/www.panizzolo.com\/de\/recycling-loesungen\/recyclingmaschinen\/abscheidesysteme\/filter-luftaufbereitung\/","og_site_name":"Panizzolo Impianti di riciclaggio per rifiuti","article_publisher":"https:\/\/www.facebook.com\/PanizzoloRecycling","article_modified_time":"2021-10-13T11:34:27+00:00","og_image":[{"width":1008,"height":1008,"url":"https:\/\/www.panizzolo.com\/wp-content\/uploads\/2021\/10\/Filtro-trattamento-aria.png","type":"image\/png"}],"twitter_card":"summary_large_image","twitter_site":"@PanizzoloRS","twitter_misc":{"Est. reading time":"2 minutes"},"schema":{"@context":"https:\/\/schema.org","@graph":[{"@type":"WebPage","@id":"https:\/\/www.panizzolo.com\/de\/recycling-loesungen\/recyclingmaschinen\/abscheidesysteme\/filter-luftaufbereitung\/","url":"https:\/\/www.panizzolo.com\/de\/recycling-loesungen\/recyclingmaschinen\/abscheidesysteme\/filter-luftaufbereitung\/","name":"Filter luftaufbereitung - Panizzolo Impianti di riciclaggio per rifiuti","isPartOf":{"@id":"https:\/\/www.panizzolo.com\/de\/#website"},"primaryImageOfPage":{"@id":"https:\/\/www.panizzolo.com\/de\/recycling-loesungen\/recyclingmaschinen\/abscheidesysteme\/filter-luftaufbereitung\/#primaryimage"},"image":{"@id":"https:\/\/www.panizzolo.com\/de\/recycling-loesungen\/recyclingmaschinen\/abscheidesysteme\/filter-luftaufbereitung\/#primaryimage"},"thumbnailUrl":"https:\/\/www.panizzolo.com\/wp-content\/uploads\/2021\/10\/Filtro-trattamento-aria.png","datePublished":"2021-09-16T08:26:14+00:00","dateModified":"2021-10-13T11:34:27+00:00","breadcrumb":{"@id":"https:\/\/www.panizzolo.com\/de\/recycling-loesungen\/recyclingmaschinen\/abscheidesysteme\/filter-luftaufbereitung\/#breadcrumb"},"inLanguage":"de-DE","potentialAction":[{"@type":"ReadAction","target":["https:\/\/www.panizzolo.com\/de\/recycling-loesungen\/recyclingmaschinen\/abscheidesysteme\/filter-luftaufbereitung\/"]}]},{"@type":"ImageObject","inLanguage":"de-DE","@id":"https:\/\/www.panizzolo.com\/de\/recycling-loesungen\/recyclingmaschinen\/abscheidesysteme\/filter-luftaufbereitung\/#primaryimage","url":"https:\/\/www.panizzolo.com\/wp-content\/uploads\/2021\/10\/Filtro-trattamento-aria.png","contentUrl":"https:\/\/www.panizzolo.com\/wp-content\/uploads\/2021\/10\/Filtro-trattamento-aria.png","width":1008,"height":1008},{"@type":"BreadcrumbList","@id":"https:\/\/www.panizzolo.com\/de\/recycling-loesungen\/recyclingmaschinen\/abscheidesysteme\/filter-luftaufbereitung\/#breadcrumb","itemListElement":[{"@type":"ListItem","position":1,"name":"Recycling-L\u00f6sungen","item":"https:\/\/www.panizzolo.com\/de\/recycling-loesungen\/"},{"@type":"ListItem","position":2,"name":"Recyclingmaschinen","item":"https:\/\/www.panizzolo.com\/de\/recycling-loesungen\/recyclingmaschinen\/"},{"@type":"ListItem","position":3,"name":"Abscheidesysteme","item":"https:\/\/www.panizzolo.com\/de\/recycling-loesungen\/recyclingmaschinen\/abscheidesysteme\/"},{"@type":"ListItem","position":4,"name":"Filter luftaufbereitung"}]},{"@type":"WebSite","@id":"https:\/\/www.panizzolo.com\/de\/#website","url":"https:\/\/www.panizzolo.com\/de\/","name":"Panizzolo Impianti di riciclaggio per rifiuti","description":"Panizzolo Impianti di riciclaggio per rifiuti","potentialAction":[{"@type":"SearchAction","target":{"@type":"EntryPoint","urlTemplate":"https:\/\/www.panizzolo.com\/de\/?s={search_term_string}"},"query-input":{"@type":"PropertyValueSpecification","valueRequired":true,"valueName":"search_term_string"}}],"inLanguage":"de-DE"}]}},"_links":{"self":[{"href":"https:\/\/www.panizzolo.com\/de\/wp-json\/wp\/v2\/pages\/87503","targetHints":{"allow":["GET"]}}],"collection":[{"href":"https:\/\/www.panizzolo.com\/de\/wp-json\/wp\/v2\/pages"}],"about":[{"href":"https:\/\/www.panizzolo.com\/de\/wp-json\/wp\/v2\/types\/page"}],"author":[{"embeddable":true,"href":"https:\/\/www.panizzolo.com\/de\/wp-json\/wp\/v2\/users\/1"}],"replies":[{"embeddable":true,"href":"https:\/\/www.panizzolo.com\/de\/wp-json\/wp\/v2\/comments?post=87503"}],"version-history":[{"count":2,"href":"https:\/\/www.panizzolo.com\/de\/wp-json\/wp\/v2\/pages\/87503\/revisions"}],"predecessor-version":[{"id":88487,"href":"https:\/\/www.panizzolo.com\/de\/wp-json\/wp\/v2\/pages\/87503\/revisions\/88487"}],"up":[{"embeddable":true,"href":"https:\/\/www.panizzolo.com\/de\/wp-json\/wp\/v2\/pages\/70718"}],"wp:featuredmedia":[{"embeddable":true,"href":"https:\/\/www.panizzolo.com\/de\/wp-json\/wp\/v2\/media\/86541"}],"wp:attachment":[{"href":"https:\/\/www.panizzolo.com\/de\/wp-json\/wp\/v2\/media?parent=87503"}],"curies":[{"name":"wp","href":"https:\/\/api.w.org\/{rel}","templated":true}]}}