{"id":87261,"date":"2021-09-16T12:07:55","date_gmt":"2021-09-16T10:07:55","guid":{"rendered":"https:\/\/www.panizzolo.com\/brevetti\/brevetti-di-macinazione\/"},"modified":"2021-10-25T12:47:04","modified_gmt":"2021-10-25T10:47:04","slug":"patente-fuer-das-mahlen","status":"publish","type":"page","link":"https:\/\/www.panizzolo.com\/de\/patente\/patente-fuer-das-mahlen\/","title":{"rendered":"Patente f\u00fcr das Mahlen"},"content":{"rendered":"<div class=\"wpb-content-wrapper\"><p>[vc_row row_height_percent=&#8221;0&#8243; override_padding=&#8221;yes&#8221; h_padding=&#8221;2&#8243; top_padding=&#8221;4&#8243; bottom_padding=&#8221;3&#8243; overlay_alpha=&#8221;50&#8243; gutter_size=&#8221;3&#8243; column_width_percent=&#8221;100&#8243; shift_y=&#8221;0&#8243; z_index=&#8221;0&#8243; uncode_shortcode_id=&#8221;676790&#8243;][vc_column column_width_percent=&#8221;73&#8243; position_horizontal=&#8221;left&#8221; gutter_size=&#8221;3&#8243; overlay_alpha=&#8221;50&#8243; shift_x=&#8221;0&#8243; shift_y=&#8221;0&#8243; shift_y_down=&#8221;0&#8243; z_index=&#8221;0&#8243; medium_width=&#8221;0&#8243; mobile_width=&#8221;0&#8243; css_animation=&#8221;left-t-right&#8221; width=&#8221;1\/1&#8243; uncode_shortcode_id=&#8221;189922&#8243;][vc_custom_heading text_color=&#8221;color-170105&#8243; heading_semantic=&#8221;h1&#8243; text_size=&#8221;h1&#8243; uncode_shortcode_id=&#8221;128847&#8243; text_color_type=&#8221;uncode-palette&#8221;]Unser Siebkorb mit Wechselsystem[\/vc_custom_heading][vc_row_inner][vc_column_inner width=&#8221;1\/2&#8243;][vc_column_text uncode_shortcode_id=&#8221;999780&#8243;]Es macht die Hammerm\u00fchlen von Panizzolo einzigartig auf ihrem Gebiet.[\/vc_column_text][\/vc_column_inner][vc_column_inner width=&#8221;1\/2&#8243;][\/vc_column_inner][\/vc_row_inner][\/vc_column][\/vc_row][vc_row row_height_percent=&#8221;55&#8243; back_image=&#8221;85212&#8243; overlay_color=&#8221;color-jevc&#8221; overlay_alpha=&#8221;20&#8243; gutter_size=&#8221;3&#8243; column_width_percent=&#8221;100&#8243; shift_y=&#8221;0&#8243; z_index=&#8221;0&#8243; uncode_shortcode_id=&#8221;143976&#8243; overlay_color_type=&#8221;uncode-palette&#8221;][vc_column column_width_percent=&#8221;100&#8243; position_horizontal=&#8221;left&#8221; position_vertical=&#8221;bottom&#8221; gutter_size=&#8221;3&#8243; override_padding=&#8221;yes&#8221; column_padding=&#8221;3&#8243; style=&#8221;dark&#8221; overlay_alpha=&#8221;50&#8243; shift_x=&#8221;0&#8243; shift_y=&#8221;0&#8243; shift_y_down=&#8221;0&#8243; z_index=&#8221;0&#8243; medium_width=&#8221;0&#8243; mobile_width=&#8221;0&#8243; width=&#8221;1\/1&#8243; uncode_shortcode_id=&#8221;190786&#8243;][vc_custom_heading text_color=&#8221;color-xsdn&#8221; heading_semantic=&#8221;h3&#8243; text_font=&#8221;font-116529&#8243; text_transform=&#8221;uppercase&#8221; uncode_shortcode_id=&#8221;179398&#8243; text_color_type=&#8221;uncode-palette&#8221;]Intelligente Einfachheit ist die wirkliche Innovation[\/vc_custom_heading][\/vc_column][\/vc_row][vc_row row_height_percent=&#8221;0&#8243; override_padding=&#8221;yes&#8221; h_padding=&#8221;2&#8243; top_padding=&#8221;4&#8243; bottom_padding=&#8221;3&#8243; overlay_alpha=&#8221;50&#8243; gutter_size=&#8221;3&#8243; column_width_percent=&#8221;100&#8243; shift_y=&#8221;0&#8243; z_index=&#8221;0&#8243; uncode_shortcode_id=&#8221;948838&#8243;][vc_column column_width_percent=&#8221;100&#8243; position_vertical=&#8221;middle&#8221; gutter_size=&#8221;3&#8243; override_padding=&#8221;yes&#8221; column_padding=&#8221;2&#8243; overlay_alpha=&#8221;50&#8243; shift_x=&#8221;0&#8243; shift_y=&#8221;0&#8243; shift_y_down=&#8221;0&#8243; z_index=&#8221;0&#8243; medium_width=&#8221;0&#8243; mobile_width=&#8221;0&#8243; css_animation=&#8221;bottom-t-top&#8221; width=&#8221;1\/2&#8243; uncode_shortcode_id=&#8221;600470&#8243;][vc_column_text uncode_shortcode_id=&#8221;892535&#8243;]Gemeinsames Merkmal der Hammerm\u00fchlen der Serie Flex von Panizzolo. Dieses innovative Patent ist das Schl\u00fcsselelement im Mahlprozess von Metallabf\u00e4llen und -schrott, mit <strong>erheblichen Vorteilen f\u00fcr die Qualit\u00e4t des ausgegebenen Materials<\/strong>, die Flexibilit\u00e4t der Aufbereitung, die Wartung und die langfristige Erhaltung der Wertigkeit der Struktur der Maschinen.[\/vc_column_text][\/vc_column][vc_column column_width_percent=&#8221;100&#8243; gutter_size=&#8221;3&#8243; override_padding=&#8221;yes&#8221; column_padding=&#8221;2&#8243; overlay_alpha=&#8221;50&#8243; shift_x=&#8221;0&#8243; shift_y=&#8221;0&#8243; shift_y_down=&#8221;0&#8243; z_index=&#8221;0&#8243; medium_width=&#8221;0&#8243; mobile_width=&#8221;0&#8243; css_animation=&#8221;bottom-t-top&#8221; width=&#8221;1\/2&#8243;][vc_single_image media=&#8221;75287&#8243; media_width_percent=&#8221;100&#8243; uncode_shortcode_id=&#8221;869265&#8243;][\/vc_column][\/vc_row][vc_row unlock_row_content=&#8221;yes&#8221; row_height_percent=&#8221;0&#8243; override_padding=&#8221;yes&#8221; h_padding=&#8221;0&#8243; top_padding=&#8221;3&#8243; bottom_padding=&#8221;3&#8243; overlay_alpha=&#8221;50&#8243; gutter_size=&#8221;3&#8243; column_width_percent=&#8221;100&#8243; shift_y=&#8221;0&#8243; z_index=&#8221;0&#8243; uncode_shortcode_id=&#8221;917859&#8243;][vc_column column_width_percent=&#8221;100&#8243; gutter_size=&#8221;3&#8243; overlay_alpha=&#8221;50&#8243; shift_x=&#8221;0&#8243; shift_y=&#8221;0&#8243; shift_y_down=&#8221;0&#8243; z_index=&#8221;0&#8243; medium_width=&#8221;0&#8243; mobile_width=&#8221;0&#8243; width=&#8221;1\/6&#8243;][\/vc_column][vc_column column_width_percent=&#8221;100&#8243; gutter_size=&#8221;3&#8243; overlay_alpha=&#8221;50&#8243; shift_x=&#8221;0&#8243; shift_y=&#8221;0&#8243; shift_y_down=&#8221;0&#8243; z_index=&#8221;0&#8243; medium_width=&#8221;0&#8243; mobile_width=&#8221;0&#8243; css_animation=&#8221;right-t-left&#8221; width=&#8221;5\/6&#8243;][vc_gallery el_id=&#8221;gallery-611771&#8243; type=&#8221;carousel&#8221; medias=&#8221;85975,85981,85987&#8243; carousel_lg=&#8221;2&#8243; carousel_md=&#8221;2&#8243; carousel_sm=&#8221;1&#8243; thumb_size=&#8221;three-two&#8221; gutter_size=&#8221;3&#8243; carousel_interval=&#8221;3000&#8243; carousel_navspeed=&#8221;400&#8243; carousel_loop=&#8221;yes&#8221; carousel_dots=&#8221;yes&#8221; stage_padding=&#8221;40&#8243; single_overlay_opacity=&#8221;50&#8243; single_padding=&#8221;2&#8243; uncode_shortcode_id=&#8221;263557&#8243;][\/vc_column][\/vc_row][vc_row row_height_percent=&#8221;0&#8243; override_padding=&#8221;yes&#8221; h_padding=&#8221;2&#8243; top_padding=&#8221;2&#8243; bottom_padding=&#8221;3&#8243; overlay_alpha=&#8221;50&#8243; gutter_size=&#8221;3&#8243; column_width_percent=&#8221;100&#8243; shift_y=&#8221;0&#8243; z_index=&#8221;0&#8243;][vc_column column_width_percent=&#8221;100&#8243; gutter_size=&#8221;3&#8243; overlay_alpha=&#8221;50&#8243; shift_x=&#8221;0&#8243; shift_y=&#8221;0&#8243; shift_y_down=&#8221;0&#8243; z_index=&#8221;0&#8243; medium_width=&#8221;0&#8243; mobile_width=&#8221;0&#8243; css_animation=&#8221;left-t-right&#8221; width=&#8221;1\/1&#8243;][vc_row_inner][vc_column_inner column_width_percent=&#8221;80&#8243; gutter_size=&#8221;3&#8243; overlay_alpha=&#8221;50&#8243; shift_x=&#8221;0&#8243; shift_y=&#8221;0&#8243; shift_y_down=&#8221;0&#8243; z_index=&#8221;0&#8243; medium_width=&#8221;0&#8243; mobile_width=&#8221;0&#8243; css_animation=&#8221;left-t-right&#8221; width=&#8221;1\/2&#8243; uncode_shortcode_id=&#8221;623139&#8243;][vc_custom_heading text_color=&#8221;color-170105&#8243; heading_semantic=&#8221;h3&#8243; text_font=&#8221;font-195077&#8243; text_size=&#8221;h3&#8243; css_animation=&#8221;alpha-anim&#8221; animation_delay=&#8221;300&#8243; uncode_shortcode_id=&#8221;113282&#8243; text_color_type=&#8221;uncode-palette&#8221;]St\u00e4rken[\/vc_custom_heading][\/vc_column_inner][vc_column_inner column_width_percent=&#8221;80&#8243; gutter_size=&#8221;3&#8243; overlay_alpha=&#8221;50&#8243; shift_x=&#8221;0&#8243; shift_y=&#8221;0&#8243; shift_y_down=&#8221;0&#8243; z_index=&#8221;0&#8243; medium_width=&#8221;0&#8243; mobile_width=&#8221;0&#8243; css_animation=&#8221;right-t-left&#8221; width=&#8221;1\/2&#8243; uncode_shortcode_id=&#8221;792180&#8243;][\/vc_column_inner][\/vc_row_inner][vc_empty_space empty_h=&#8221;2&#8243;][vc_row_inner][vc_column_inner column_width_percent=&#8221;80&#8243; gutter_size=&#8221;3&#8243; overlay_alpha=&#8221;50&#8243; shift_x=&#8221;0&#8243; shift_y=&#8221;0&#8243; shift_y_down=&#8221;0&#8243; z_index=&#8221;0&#8243; medium_width=&#8221;0&#8243; mobile_width=&#8221;0&#8243; css_animation=&#8221;left-t-right&#8221; width=&#8221;1\/2&#8243; uncode_shortcode_id=&#8221;623139&#8243;][vc_icon position=&#8221;left&#8221; icon_image=&#8221;84226&#8243; heading_semantic=&#8221;h4&#8243; text_font=&#8221;font-116529&#8243; text_size=&#8221;h4&#8243; title=&#8221;Flexibilit\u00e4t&#8221; el_class=&#8221;ico_fun&#8221; uncode_shortcode_id=&#8221;722847&#8243;][\/vc_icon][vc_column_text uncode_shortcode_id=&#8221;541451&#8243;]Der Siebkorb mit Wechselsystem von Panizzolo erm\u00f6glicht eine Anpassung der Hammerm\u00fchlen an die Aufbereitung vieler verschiedener Arten von Metallschrott oder die \u00c4nderung der St\u00fcckung des ausgegebenen Produkts in weniger als zwanzig Minuten.[\/vc_column_text][\/vc_column_inner][vc_column_inner column_width_percent=&#8221;80&#8243; gutter_size=&#8221;3&#8243; overlay_alpha=&#8221;50&#8243; shift_x=&#8221;0&#8243; shift_y=&#8221;0&#8243; shift_y_down=&#8221;0&#8243; z_index=&#8221;0&#8243; medium_width=&#8221;0&#8243; mobile_width=&#8221;0&#8243; css_animation=&#8221;right-t-left&#8221; width=&#8221;1\/2&#8243; uncode_shortcode_id=&#8221;792180&#8243;][vc_icon position=&#8221;left&#8221; icon_image=&#8221;84232&#8243; heading_semantic=&#8221;h4&#8243; text_font=&#8221;font-116529&#8243; text_size=&#8221;h4&#8243; title=&#8221;Wartung&#8221; el_class=&#8221;ico_fun&#8221; uncode_shortcode_id=&#8221;348219&#8243;][\/vc_icon][vc_column_text uncode_shortcode_id=&#8221;361334&#8243;]Der Siebkorb ist eine einzelne Struktur, die sich in einem speziellen Geh\u00e4use im Inneren der Hammerm\u00fchle befindet und nicht mit Schrauben oder \u00e4hnlichem befestigt werden muss. Er verf\u00fcgt \u00fcber spezielle Ankopplungspunkte f\u00fcr die Entnahme und verringert so die Stillstandszeiten der Maschine.[\/vc_column_text][\/vc_column_inner][\/vc_row_inner][vc_row_inner][vc_column_inner column_width_percent=&#8221;80&#8243; gutter_size=&#8221;3&#8243; overlay_alpha=&#8221;50&#8243; shift_x=&#8221;0&#8243; shift_y=&#8221;0&#8243; shift_y_down=&#8221;0&#8243; z_index=&#8221;0&#8243; medium_width=&#8221;0&#8243; mobile_width=&#8221;0&#8243; css_animation=&#8221;left-t-right&#8221; width=&#8221;1\/2&#8243; uncode_shortcode_id=&#8221;623139&#8243;][vc_icon position=&#8221;left&#8221; icon_image=&#8221;84256&#8243; heading_semantic=&#8221;h4&#8243; text_font=&#8221;font-116529&#8243; text_size=&#8221;h4&#8243; title=&#8221;Stabile Konstruktion&#8221; el_class=&#8221;ico_fun&#8221; uncode_shortcode_id=&#8221;685316&#8243;][\/vc_icon][vc_column_text uncode_shortcode_id=&#8221;810150&#8243;]Metallbauten, Schwei\u00dfn\u00e4hte und mechanische Vorrichtungen des Siebkorbs mit Wechselsystem sind so ausgelegt, dass Schwachstellen verhindert werden und auf lange Sicht und bei der Aufbereitung von anspruchsvollem Schrott eine hohe Stabilit\u00e4t der Konstruktion aufrecht erhalten wird.[\/vc_column_text][\/vc_column_inner][vc_column_inner column_width_percent=&#8221;80&#8243; gutter_size=&#8221;3&#8243; overlay_alpha=&#8221;50&#8243; shift_x=&#8221;0&#8243; shift_y=&#8221;0&#8243; shift_y_down=&#8221;0&#8243; z_index=&#8221;0&#8243; medium_width=&#8221;0&#8243; mobile_width=&#8221;0&#8243; css_animation=&#8221;right-t-left&#8221; width=&#8221;1\/2&#8243; uncode_shortcode_id=&#8221;792180&#8243;][vc_icon position=&#8221;left&#8221; icon_image=&#8221;84238&#8243; heading_semantic=&#8221;h4&#8243; text_font=&#8221;font-116529&#8243; text_size=&#8221;h4&#8243; title=&#8221;Personalisierung&#8221; el_class=&#8221;ico_fun&#8221; uncode_shortcode_id=&#8221;301046&#8243;][\/vc_icon][vc_column_text uncode_shortcode_id=&#8221;156217&#8243;]Siebk\u00f6rbe und Gitter sind in verschiedenen Modellen erh\u00e4ltlich, je nach Art von Schrott und Verarbeitungszyklus.[\/vc_column_text][\/vc_column_inner][\/vc_row_inner][vc_row_inner][vc_column_inner column_width_percent=&#8221;80&#8243; gutter_size=&#8221;3&#8243; overlay_alpha=&#8221;50&#8243; shift_x=&#8221;0&#8243; shift_y=&#8221;0&#8243; shift_y_down=&#8221;0&#8243; z_index=&#8221;0&#8243; medium_width=&#8221;0&#8243; mobile_width=&#8221;0&#8243; css_animation=&#8221;left-t-right&#8221; width=&#8221;1\/2&#8243; uncode_shortcode_id=&#8221;623139&#8243;][vc_icon position=&#8221;left&#8221; icon_image=&#8221;84250&#8243; heading_semantic=&#8221;h4&#8243; text_font=&#8221;font-116529&#8243; text_size=&#8221;h4&#8243; title=&#8221;Schutz der Maschine&#8221; el_class=&#8221;ico_fun&#8221; uncode_shortcode_id=&#8221;653019&#8243;][\/vc_icon][vc_column_text uncode_shortcode_id=&#8221;131068&#8243;]Das Vorhandensein des Siebkorbs im Inneren der Hammerm\u00fchle von Panizzolo erm\u00f6glicht es, die durch den Mahlprozess erzeugten Schwingungen zu d\u00e4mpfen und zu absorbieren, so dass sie nicht auf die gesamte Struktur der Maschine einwirken und sie belasten. Dank des patentierten Siebkorbs mit Wechselsystem kann langfristig eine hervorragende Leistung hinsichtlich Produktivit\u00e4t und Wartungskosten erzielt werden.[\/vc_column_text][\/vc_column_inner][vc_column_inner column_width_percent=&#8221;80&#8243; gutter_size=&#8221;3&#8243; overlay_alpha=&#8221;50&#8243; shift_x=&#8221;0&#8243; shift_y=&#8221;0&#8243; shift_y_down=&#8221;0&#8243; z_index=&#8221;0&#8243; medium_width=&#8221;0&#8243; mobile_width=&#8221;0&#8243; css_animation=&#8221;right-t-left&#8221; width=&#8221;1\/2&#8243; uncode_shortcode_id=&#8221;792180&#8243;][vc_icon position=&#8221;left&#8221; icon_image=&#8221;84244&#8243; heading_semantic=&#8221;h4&#8243; text_font=&#8221;font-116529&#8243; text_size=&#8221;h4&#8243; title=&#8221;Qualit\u00e4t Output&#8221; el_class=&#8221;ico_fun&#8221; uncode_shortcode_id=&#8221;398091&#8243;][\/vc_icon][vc_column_text uncode_shortcode_id=&#8221;591948&#8243;]Dank der entscheidenden Wirkung von Siebkorb und Gitter mahlen die Hammerm\u00fchlen von Panizzolo den Schrott effizient und produzieren so hochdichten Eisenschrott dessen Qualit\u00e4t von zahlreichen Gie\u00dfereien anerkannt wird.[\/vc_column_text][\/vc_column_inner][\/vc_row_inner][\/vc_column][\/vc_row][vc_row][vc_column width=&#8221;1\/1&#8243;][uncode_block id=&#8221;87763&#8243;][\/vc_column][\/vc_row]<\/p>\n<\/div>","protected":false},"excerpt":{"rendered":"<p>[vc_row row_height_percent=&#8221;0&#8243; override_padding=&#8221;yes&#8221; h_padding=&#8221;2&#8243; top_padding=&#8221;4&#8243; bottom_padding=&#8221;3&#8243; overlay_alpha=&#8221;50&#8243; gutter_size=&#8221;3&#8243; column_width_percent=&#8221;100&#8243; shift_y=&#8221;0&#8243; z_index=&#8221;0&#8243; uncode_shortcode_id=&#8221;676790&#8243;][vc_column column_width_percent=&#8221;73&#8243; position_horizontal=&#8221;left&#8221; gutter_size=&#8221;3&#8243; overlay_alpha=&#8221;50&#8243; shift_x=&#8221;0&#8243; shift_y=&#8221;0&#8243; shift_y_down=&#8221;0&#8243; z_index=&#8221;0&#8243; [&hellip;]<\/p>\n","protected":false},"author":1,"featured_media":0,"parent":87256,"menu_order":10,"comment_status":"closed","ping_status":"closed","template":"","meta":{"footnotes":""},"class_list":["post-87261","page","type-page","status-publish","hentry"],"yoast_head":"<!-- This site is optimized with the Yoast SEO plugin v24.5 - https:\/\/yoast.com\/wordpress\/plugins\/seo\/ -->\n<title>Patente f\u00fcr das Mahlen - Panizzolo Impianti di riciclaggio per rifiuti<\/title>\n<meta name=\"robots\" content=\"index, follow, max-snippet:-1, max-image-preview:large, max-video-preview:-1\" \/>\n<link rel=\"canonical\" href=\"https:\/\/www.panizzolo.com\/de\/patente\/patente-fuer-das-mahlen\/\" \/>\n<meta property=\"og:locale\" content=\"de_DE\" \/>\n<meta property=\"og:type\" content=\"article\" \/>\n<meta property=\"og:title\" content=\"Patente f\u00fcr das Mahlen - Panizzolo Impianti di riciclaggio per rifiuti\" \/>\n<meta property=\"og:description\" content=\"[vc_row row_height_percent=&#8221;0&#8243; override_padding=&#8221;yes&#8221; h_padding=&#8221;2&#8243; top_padding=&#8221;4&#8243; bottom_padding=&#8221;3&#8243; overlay_alpha=&#8221;50&#8243; gutter_size=&#8221;3&#8243; column_width_percent=&#8221;100&#8243; shift_y=&#8221;0&#8243; z_index=&#8221;0&#8243; uncode_shortcode_id=&#8221;676790&#8243;][vc_column column_width_percent=&#8221;73&#8243; position_horizontal=&#8221;left&#8221; gutter_size=&#8221;3&#8243; overlay_alpha=&#8221;50&#8243; shift_x=&#8221;0&#8243; shift_y=&#8221;0&#8243; shift_y_down=&#8221;0&#8243; z_index=&#8221;0&#8243; [&hellip;]\" \/>\n<meta property=\"og:url\" content=\"https:\/\/www.panizzolo.com\/de\/patente\/patente-fuer-das-mahlen\/\" \/>\n<meta property=\"og:site_name\" content=\"Panizzolo Impianti di riciclaggio per rifiuti\" \/>\n<meta property=\"article:publisher\" content=\"https:\/\/www.facebook.com\/PanizzoloRecycling\" \/>\n<meta property=\"article:modified_time\" content=\"2021-10-25T10:47:04+00:00\" \/>\n<meta name=\"twitter:card\" content=\"summary_large_image\" \/>\n<meta name=\"twitter:site\" content=\"@PanizzoloRS\" \/>\n<meta name=\"twitter:label1\" content=\"Est. reading time\" \/>\n\t<meta name=\"twitter:data1\" content=\"3 minutes\" \/>\n<script type=\"application\/ld+json\" class=\"yoast-schema-graph\">{\"@context\":\"https:\/\/schema.org\",\"@graph\":[{\"@type\":\"WebPage\",\"@id\":\"https:\/\/www.panizzolo.com\/de\/patente\/patente-fuer-das-mahlen\/\",\"url\":\"https:\/\/www.panizzolo.com\/de\/patente\/patente-fuer-das-mahlen\/\",\"name\":\"Patente f\u00fcr das Mahlen - Panizzolo Impianti di riciclaggio per rifiuti\",\"isPartOf\":{\"@id\":\"https:\/\/www.panizzolo.com\/de\/#website\"},\"datePublished\":\"2021-09-16T10:07:55+00:00\",\"dateModified\":\"2021-10-25T10:47:04+00:00\",\"breadcrumb\":{\"@id\":\"https:\/\/www.panizzolo.com\/de\/patente\/patente-fuer-das-mahlen\/#breadcrumb\"},\"inLanguage\":\"de-DE\",\"potentialAction\":[{\"@type\":\"ReadAction\",\"target\":[\"https:\/\/www.panizzolo.com\/de\/patente\/patente-fuer-das-mahlen\/\"]}]},{\"@type\":\"BreadcrumbList\",\"@id\":\"https:\/\/www.panizzolo.com\/de\/patente\/patente-fuer-das-mahlen\/#breadcrumb\",\"itemListElement\":[{\"@type\":\"ListItem\",\"position\":1,\"name\":\"Patente\",\"item\":\"https:\/\/www.panizzolo.com\/de\/patente\/\"},{\"@type\":\"ListItem\",\"position\":2,\"name\":\"Patente f\u00fcr das Mahlen\"}]},{\"@type\":\"WebSite\",\"@id\":\"https:\/\/www.panizzolo.com\/de\/#website\",\"url\":\"https:\/\/www.panizzolo.com\/de\/\",\"name\":\"Panizzolo Impianti di riciclaggio per rifiuti\",\"description\":\"Panizzolo Impianti di riciclaggio per rifiuti\",\"potentialAction\":[{\"@type\":\"SearchAction\",\"target\":{\"@type\":\"EntryPoint\",\"urlTemplate\":\"https:\/\/www.panizzolo.com\/de\/?s={search_term_string}\"},\"query-input\":{\"@type\":\"PropertyValueSpecification\",\"valueRequired\":true,\"valueName\":\"search_term_string\"}}],\"inLanguage\":\"de-DE\"}]}<\/script>\n<!-- \/ Yoast SEO plugin. -->","yoast_head_json":{"title":"Patente f\u00fcr das Mahlen - Panizzolo Impianti di riciclaggio per rifiuti","robots":{"index":"index","follow":"follow","max-snippet":"max-snippet:-1","max-image-preview":"max-image-preview:large","max-video-preview":"max-video-preview:-1"},"canonical":"https:\/\/www.panizzolo.com\/de\/patente\/patente-fuer-das-mahlen\/","og_locale":"de_DE","og_type":"article","og_title":"Patente f\u00fcr das Mahlen - Panizzolo Impianti di riciclaggio per rifiuti","og_description":"[vc_row row_height_percent=&#8221;0&#8243; override_padding=&#8221;yes&#8221; h_padding=&#8221;2&#8243; top_padding=&#8221;4&#8243; bottom_padding=&#8221;3&#8243; overlay_alpha=&#8221;50&#8243; gutter_size=&#8221;3&#8243; column_width_percent=&#8221;100&#8243; shift_y=&#8221;0&#8243; z_index=&#8221;0&#8243; uncode_shortcode_id=&#8221;676790&#8243;][vc_column column_width_percent=&#8221;73&#8243; position_horizontal=&#8221;left&#8221; gutter_size=&#8221;3&#8243; overlay_alpha=&#8221;50&#8243; shift_x=&#8221;0&#8243; shift_y=&#8221;0&#8243; shift_y_down=&#8221;0&#8243; z_index=&#8221;0&#8243; [&hellip;]","og_url":"https:\/\/www.panizzolo.com\/de\/patente\/patente-fuer-das-mahlen\/","og_site_name":"Panizzolo Impianti di riciclaggio per rifiuti","article_publisher":"https:\/\/www.facebook.com\/PanizzoloRecycling","article_modified_time":"2021-10-25T10:47:04+00:00","twitter_card":"summary_large_image","twitter_site":"@PanizzoloRS","twitter_misc":{"Est. reading time":"3 minutes"},"schema":{"@context":"https:\/\/schema.org","@graph":[{"@type":"WebPage","@id":"https:\/\/www.panizzolo.com\/de\/patente\/patente-fuer-das-mahlen\/","url":"https:\/\/www.panizzolo.com\/de\/patente\/patente-fuer-das-mahlen\/","name":"Patente f\u00fcr das Mahlen - Panizzolo Impianti di riciclaggio per rifiuti","isPartOf":{"@id":"https:\/\/www.panizzolo.com\/de\/#website"},"datePublished":"2021-09-16T10:07:55+00:00","dateModified":"2021-10-25T10:47:04+00:00","breadcrumb":{"@id":"https:\/\/www.panizzolo.com\/de\/patente\/patente-fuer-das-mahlen\/#breadcrumb"},"inLanguage":"de-DE","potentialAction":[{"@type":"ReadAction","target":["https:\/\/www.panizzolo.com\/de\/patente\/patente-fuer-das-mahlen\/"]}]},{"@type":"BreadcrumbList","@id":"https:\/\/www.panizzolo.com\/de\/patente\/patente-fuer-das-mahlen\/#breadcrumb","itemListElement":[{"@type":"ListItem","position":1,"name":"Patente","item":"https:\/\/www.panizzolo.com\/de\/patente\/"},{"@type":"ListItem","position":2,"name":"Patente f\u00fcr das Mahlen"}]},{"@type":"WebSite","@id":"https:\/\/www.panizzolo.com\/de\/#website","url":"https:\/\/www.panizzolo.com\/de\/","name":"Panizzolo Impianti di riciclaggio per rifiuti","description":"Panizzolo Impianti di riciclaggio per rifiuti","potentialAction":[{"@type":"SearchAction","target":{"@type":"EntryPoint","urlTemplate":"https:\/\/www.panizzolo.com\/de\/?s={search_term_string}"},"query-input":{"@type":"PropertyValueSpecification","valueRequired":true,"valueName":"search_term_string"}}],"inLanguage":"de-DE"}]}},"_links":{"self":[{"href":"https:\/\/www.panizzolo.com\/de\/wp-json\/wp\/v2\/pages\/87261","targetHints":{"allow":["GET"]}}],"collection":[{"href":"https:\/\/www.panizzolo.com\/de\/wp-json\/wp\/v2\/pages"}],"about":[{"href":"https:\/\/www.panizzolo.com\/de\/wp-json\/wp\/v2\/types\/page"}],"author":[{"embeddable":true,"href":"https:\/\/www.panizzolo.com\/de\/wp-json\/wp\/v2\/users\/1"}],"replies":[{"embeddable":true,"href":"https:\/\/www.panizzolo.com\/de\/wp-json\/wp\/v2\/comments?post=87261"}],"version-history":[{"count":5,"href":"https:\/\/www.panizzolo.com\/de\/wp-json\/wp\/v2\/pages\/87261\/revisions"}],"predecessor-version":[{"id":90496,"href":"https:\/\/www.panizzolo.com\/de\/wp-json\/wp\/v2\/pages\/87261\/revisions\/90496"}],"up":[{"embeddable":true,"href":"https:\/\/www.panizzolo.com\/de\/wp-json\/wp\/v2\/pages\/87256"}],"wp:attachment":[{"href":"https:\/\/www.panizzolo.com\/de\/wp-json\/wp\/v2\/media?parent=87261"}],"curies":[{"name":"wp","href":"https:\/\/api.w.org\/{rel}","templated":true}]}}