{"id":78278,"date":"2020-05-05T16:05:56","date_gmt":"2020-05-05T14:05:56","guid":{"rendered":"https:\/\/www.panizzolo.com\/kontakte\/richiedi-informazioni-usato-panizzolo\/"},"modified":"2025-03-04T18:05:15","modified_gmt":"2025-03-04T17:05:15","slug":"form-contatti-usato-vielen-dank","status":"publish","type":"page","link":"https:\/\/www.panizzolo.com\/de\/form-contatti-usato-vielen-dank\/","title":{"rendered":"Form Contatti Usato &#8211; Vielen Dank"},"content":{"rendered":"<div class=\"wpb-content-wrapper\"><p>[vc_row][vc_column width=&#8221;1\/1&#8243;][vc_empty_space empty_h=&#8221;2&#8243;][vc_custom_heading heading_semantic=&#8221;h1&#8243; text_size=&#8221;h1&#8243; uncode_shortcode_id=&#8221;705240&#8243;]Vielen Dank f\u00fcr Ihr Interesse![\/vc_custom_heading][vc_column_text uncode_shortcode_id=&#8221;204888&#8243;]Ihre Nachricht wurde erfolgreich gesendet und Sie werden so schnell wie m\u00f6glich von unserem Verwaltungsteam oder dem zust\u00e4ndigen Vertriebsmitarbeiter kontaktiert.[\/vc_column_text][vc_empty_space empty_h=&#8221;2&#8243;][\/vc_column][\/vc_row][vc_row][vc_column width=&#8221;1\/1&#8243;][vc_row_inner row_inner_height_percent=&#8221;0&#8243; back_color=&#8221;color-jevc&#8221; overlay_alpha=&#8221;50&#8243; gutter_size=&#8221;0&#8243; shift_y=&#8221;0&#8243; z_index=&#8221;0&#8243;][vc_column_inner column_width_percent=&#8221;100&#8243; gutter_size=&#8221;3&#8243; override_padding=&#8221;yes&#8221; column_padding=&#8221;0&#8243; overlay_alpha=&#8221;50&#8243; shift_x=&#8221;0&#8243; shift_y=&#8221;0&#8243; shift_y_down=&#8221;0&#8243; z_index=&#8221;0&#8243; medium_width=&#8221;0&#8243; mobile_width=&#8221;0&#8243; width=&#8221;1\/2&#8243;][vc_single_image media=&#8221;79505&#8243; media_width_percent=&#8221;100&#8243;][\/vc_column_inner][vc_column_inner column_width_percent=&#8221;82&#8243; position_vertical=&#8221;middle&#8221; gutter_size=&#8221;3&#8243; override_padding=&#8221;yes&#8221; column_padding=&#8221;3&#8243; style=&#8221;dark&#8221; overlay_alpha=&#8221;50&#8243; shift_x=&#8221;0&#8243; shift_y=&#8221;0&#8243; shift_y_down=&#8221;0&#8243; z_index=&#8221;0&#8243; medium_width=&#8221;0&#8243; mobile_width=&#8221;0&#8243; width=&#8221;1\/2&#8243;][vc_custom_heading text_font=&#8221;font-116529&#8243; text_weight=&#8221;300&#8243; css_animation=&#8221;zoom-in&#8221; uncode_shortcode_id=&#8221;803037&#8243;]Wir sind der ideale Partner f\u00fcr Ihr Gesch\u00e4ft. Unsere Anlagen bieten L\u00f6sungen, die auf dem Markt einzigartig sind.[\/vc_custom_heading][vc_button border_width=&#8221;0&#8243; icon_position=&#8221;right&#8221; css_animation=&#8221;alpha-anim&#8221; animation_delay=&#8221;100&#8243; link=&#8221;url:https%3A%2F%2Fwww.panizzolo.com%2Fde%2Fpatente%2F|title:patente&#8221; uncode_shortcode_id=&#8221;111173&#8243; icon=&#8221;fa fa-arrow-right-thick&#8221;]Warum uns w\u00e4hlen[\/vc_button][\/vc_column_inner][\/vc_row_inner][\/vc_column][\/vc_row]<\/p>\n<\/div>","protected":false},"excerpt":{"rendered":"<p>[vc_row][vc_column width=&#8221;1\/1&#8243;][vc_empty_space empty_h=&#8221;2&#8243;][vc_custom_heading heading_semantic=&#8221;h1&#8243; text_size=&#8221;h1&#8243; uncode_shortcode_id=&#8221;705240&#8243;]Vielen Dank f\u00fcr Ihr Interesse![\/vc_custom_heading][vc_column_text uncode_shortcode_id=&#8221;204888&#8243;]Ihre Nachricht wurde erfolgreich gesendet und Sie werden so schnell [&hellip;]<\/p>\n","protected":false},"author":1,"featured_media":77956,"parent":0,"menu_order":0,"comment_status":"closed","ping_status":"closed","template":"","meta":{"footnotes":""},"class_list":["post-78278","page","type-page","status-publish","has-post-thumbnail","hentry"],"yoast_head":"<!-- This site is optimized with the Yoast SEO plugin v24.5 - https:\/\/yoast.com\/wordpress\/plugins\/seo\/ -->\n<title>Form Contatti Usato - Vielen Dank - Panizzolo Impianti di riciclaggio per rifiuti<\/title>\n<meta name=\"robots\" content=\"index, follow, max-snippet:-1, max-image-preview:large, max-video-preview:-1\" \/>\n<link rel=\"canonical\" href=\"https:\/\/www.panizzolo.com\/de\/form-contatti-usato-vielen-dank\/\" \/>\n<meta property=\"og:locale\" content=\"de_DE\" \/>\n<meta property=\"og:type\" content=\"article\" \/>\n<meta property=\"og:title\" content=\"Form Contatti Usato - Vielen Dank - Panizzolo Impianti di riciclaggio per rifiuti\" \/>\n<meta property=\"og:description\" content=\"[vc_row][vc_column width=&#8221;1\/1&#8243;][vc_empty_space empty_h=&#8221;2&#8243;][vc_custom_heading heading_semantic=&#8221;h1&#8243; text_size=&#8221;h1&#8243; uncode_shortcode_id=&#8221;705240&#8243;]Vielen Dank f\u00fcr Ihr Interesse![\/vc_custom_heading][vc_column_text uncode_shortcode_id=&#8221;204888&#8243;]Ihre Nachricht wurde erfolgreich gesendet und Sie werden so schnell [&hellip;]\" \/>\n<meta property=\"og:url\" content=\"https:\/\/www.panizzolo.com\/de\/form-contatti-usato-vielen-dank\/\" \/>\n<meta property=\"og:site_name\" content=\"Panizzolo Impianti di riciclaggio per rifiuti\" \/>\n<meta property=\"article:publisher\" content=\"https:\/\/www.facebook.com\/PanizzoloRecycling\" \/>\n<meta property=\"article:modified_time\" content=\"2025-03-04T17:05:15+00:00\" \/>\n<meta property=\"og:image\" content=\"https:\/\/www.panizzolo.com\/wp-content\/uploads\/2020\/05\/revisione-certificata-macchine-panizzolo.jpg\" \/>\n\t<meta property=\"og:image:width\" content=\"1752\" \/>\n\t<meta property=\"og:image:height\" content=\"823\" \/>\n\t<meta property=\"og:image:type\" content=\"image\/jpeg\" \/>\n<meta name=\"twitter:card\" content=\"summary_large_image\" \/>\n<meta name=\"twitter:site\" content=\"@PanizzoloRS\" \/>\n<meta name=\"twitter:label1\" content=\"Est. reading time\" \/>\n\t<meta name=\"twitter:data1\" content=\"1 minute\" \/>\n<script type=\"application\/ld+json\" class=\"yoast-schema-graph\">{\"@context\":\"https:\/\/schema.org\",\"@graph\":[{\"@type\":\"WebPage\",\"@id\":\"https:\/\/www.panizzolo.com\/de\/form-contatti-usato-vielen-dank\/\",\"url\":\"https:\/\/www.panizzolo.com\/de\/form-contatti-usato-vielen-dank\/\",\"name\":\"Form Contatti Usato - Vielen Dank - Panizzolo Impianti di riciclaggio per rifiuti\",\"isPartOf\":{\"@id\":\"https:\/\/www.panizzolo.com\/de\/#website\"},\"primaryImageOfPage\":{\"@id\":\"https:\/\/www.panizzolo.com\/de\/form-contatti-usato-vielen-dank\/#primaryimage\"},\"image\":{\"@id\":\"https:\/\/www.panizzolo.com\/de\/form-contatti-usato-vielen-dank\/#primaryimage\"},\"thumbnailUrl\":\"https:\/\/www.panizzolo.com\/wp-content\/uploads\/2020\/05\/revisione-certificata-macchine-panizzolo.jpg\",\"datePublished\":\"2020-05-05T14:05:56+00:00\",\"dateModified\":\"2025-03-04T17:05:15+00:00\",\"inLanguage\":\"de-DE\",\"potentialAction\":[{\"@type\":\"ReadAction\",\"target\":[\"https:\/\/www.panizzolo.com\/de\/form-contatti-usato-vielen-dank\/\"]}]},{\"@type\":\"ImageObject\",\"inLanguage\":\"de-DE\",\"@id\":\"https:\/\/www.panizzolo.com\/de\/form-contatti-usato-vielen-dank\/#primaryimage\",\"url\":\"https:\/\/www.panizzolo.com\/wp-content\/uploads\/2020\/05\/revisione-certificata-macchine-panizzolo.jpg\",\"contentUrl\":\"https:\/\/www.panizzolo.com\/wp-content\/uploads\/2020\/05\/revisione-certificata-macchine-panizzolo.jpg\",\"width\":1752,\"height\":823},{\"@type\":\"WebSite\",\"@id\":\"https:\/\/www.panizzolo.com\/de\/#website\",\"url\":\"https:\/\/www.panizzolo.com\/de\/\",\"name\":\"Panizzolo Impianti di riciclaggio per rifiuti\",\"description\":\"Panizzolo Impianti di riciclaggio per rifiuti\",\"potentialAction\":[{\"@type\":\"SearchAction\",\"target\":{\"@type\":\"EntryPoint\",\"urlTemplate\":\"https:\/\/www.panizzolo.com\/de\/?s={search_term_string}\"},\"query-input\":{\"@type\":\"PropertyValueSpecification\",\"valueRequired\":true,\"valueName\":\"search_term_string\"}}],\"inLanguage\":\"de-DE\"}]}<\/script>\n<!-- \/ Yoast SEO plugin. -->","yoast_head_json":{"title":"Form Contatti Usato - Vielen Dank - Panizzolo Impianti di riciclaggio per rifiuti","robots":{"index":"index","follow":"follow","max-snippet":"max-snippet:-1","max-image-preview":"max-image-preview:large","max-video-preview":"max-video-preview:-1"},"canonical":"https:\/\/www.panizzolo.com\/de\/form-contatti-usato-vielen-dank\/","og_locale":"de_DE","og_type":"article","og_title":"Form Contatti Usato - Vielen Dank - Panizzolo Impianti di riciclaggio per rifiuti","og_description":"[vc_row][vc_column width=&#8221;1\/1&#8243;][vc_empty_space empty_h=&#8221;2&#8243;][vc_custom_heading heading_semantic=&#8221;h1&#8243; text_size=&#8221;h1&#8243; uncode_shortcode_id=&#8221;705240&#8243;]Vielen Dank f\u00fcr Ihr Interesse![\/vc_custom_heading][vc_column_text uncode_shortcode_id=&#8221;204888&#8243;]Ihre Nachricht wurde erfolgreich gesendet und Sie werden so schnell [&hellip;]","og_url":"https:\/\/www.panizzolo.com\/de\/form-contatti-usato-vielen-dank\/","og_site_name":"Panizzolo Impianti di riciclaggio per rifiuti","article_publisher":"https:\/\/www.facebook.com\/PanizzoloRecycling","article_modified_time":"2025-03-04T17:05:15+00:00","og_image":[{"width":1752,"height":823,"url":"https:\/\/www.panizzolo.com\/wp-content\/uploads\/2020\/05\/revisione-certificata-macchine-panizzolo.jpg","type":"image\/jpeg"}],"twitter_card":"summary_large_image","twitter_site":"@PanizzoloRS","twitter_misc":{"Est. reading time":"1 minute"},"schema":{"@context":"https:\/\/schema.org","@graph":[{"@type":"WebPage","@id":"https:\/\/www.panizzolo.com\/de\/form-contatti-usato-vielen-dank\/","url":"https:\/\/www.panizzolo.com\/de\/form-contatti-usato-vielen-dank\/","name":"Form Contatti Usato - Vielen Dank - Panizzolo Impianti di riciclaggio per rifiuti","isPartOf":{"@id":"https:\/\/www.panizzolo.com\/de\/#website"},"primaryImageOfPage":{"@id":"https:\/\/www.panizzolo.com\/de\/form-contatti-usato-vielen-dank\/#primaryimage"},"image":{"@id":"https:\/\/www.panizzolo.com\/de\/form-contatti-usato-vielen-dank\/#primaryimage"},"thumbnailUrl":"https:\/\/www.panizzolo.com\/wp-content\/uploads\/2020\/05\/revisione-certificata-macchine-panizzolo.jpg","datePublished":"2020-05-05T14:05:56+00:00","dateModified":"2025-03-04T17:05:15+00:00","inLanguage":"de-DE","potentialAction":[{"@type":"ReadAction","target":["https:\/\/www.panizzolo.com\/de\/form-contatti-usato-vielen-dank\/"]}]},{"@type":"ImageObject","inLanguage":"de-DE","@id":"https:\/\/www.panizzolo.com\/de\/form-contatti-usato-vielen-dank\/#primaryimage","url":"https:\/\/www.panizzolo.com\/wp-content\/uploads\/2020\/05\/revisione-certificata-macchine-panizzolo.jpg","contentUrl":"https:\/\/www.panizzolo.com\/wp-content\/uploads\/2020\/05\/revisione-certificata-macchine-panizzolo.jpg","width":1752,"height":823},{"@type":"WebSite","@id":"https:\/\/www.panizzolo.com\/de\/#website","url":"https:\/\/www.panizzolo.com\/de\/","name":"Panizzolo Impianti di riciclaggio per rifiuti","description":"Panizzolo Impianti di riciclaggio per rifiuti","potentialAction":[{"@type":"SearchAction","target":{"@type":"EntryPoint","urlTemplate":"https:\/\/www.panizzolo.com\/de\/?s={search_term_string}"},"query-input":{"@type":"PropertyValueSpecification","valueRequired":true,"valueName":"search_term_string"}}],"inLanguage":"de-DE"}]}},"_links":{"self":[{"href":"https:\/\/www.panizzolo.com\/de\/wp-json\/wp\/v2\/pages\/78278","targetHints":{"allow":["GET"]}}],"collection":[{"href":"https:\/\/www.panizzolo.com\/de\/wp-json\/wp\/v2\/pages"}],"about":[{"href":"https:\/\/www.panizzolo.com\/de\/wp-json\/wp\/v2\/types\/page"}],"author":[{"embeddable":true,"href":"https:\/\/www.panizzolo.com\/de\/wp-json\/wp\/v2\/users\/1"}],"replies":[{"embeddable":true,"href":"https:\/\/www.panizzolo.com\/de\/wp-json\/wp\/v2\/comments?post=78278"}],"version-history":[{"count":8,"href":"https:\/\/www.panizzolo.com\/de\/wp-json\/wp\/v2\/pages\/78278\/revisions"}],"predecessor-version":[{"id":96952,"href":"https:\/\/www.panizzolo.com\/de\/wp-json\/wp\/v2\/pages\/78278\/revisions\/96952"}],"wp:featuredmedia":[{"embeddable":true,"href":"https:\/\/www.panizzolo.com\/de\/wp-json\/wp\/v2\/media\/77956"}],"wp:attachment":[{"href":"https:\/\/www.panizzolo.com\/de\/wp-json\/wp\/v2\/media?parent=78278"}],"curies":[{"name":"wp","href":"https:\/\/api.w.org\/{rel}","templated":true}]}}