{"id":70737,"date":"2018-06-14T11:11:03","date_gmt":"2018-06-14T09:11:03","guid":{"rendered":"http:\/\/www.panizzolo.it\/customer-care\/"},"modified":"2021-10-26T15:11:04","modified_gmt":"2021-10-26T13:11:04","slug":"service","status":"publish","type":"page","link":"https:\/\/www.panizzolo.com\/de\/service\/","title":{"rendered":"Service"},"content":{"rendered":"<div class=\"wpb-content-wrapper\"><p>[vc_row row_height_percent=&#8221;0&#8243; override_padding=&#8221;yes&#8221; h_padding=&#8221;2&#8243; top_padding=&#8221;2&#8243; bottom_padding=&#8221;3&#8243; back_image=&#8221;65455&#8243; back_repeat=&#8221;no-repeat&#8221; back_position=&#8221;right bottom&#8221; overlay_alpha=&#8221;50&#8243; gutter_size=&#8221;3&#8243; column_width_percent=&#8221;100&#8243; shift_y=&#8221;0&#8243; z_index=&#8221;0&#8243;][vc_column column_width_percent=&#8221;100&#8243; position_horizontal=&#8221;left&#8221; gutter_size=&#8221;3&#8243; overlay_alpha=&#8221;50&#8243; shift_x=&#8221;0&#8243; shift_y=&#8221;0&#8243; shift_y_down=&#8221;0&#8243; z_index=&#8221;0&#8243; medium_width=&#8221;0&#8243; mobile_width=&#8221;0&#8243; width=&#8221;1\/1&#8243;][vc_row_inner row_inner_height_percent=&#8221;0&#8243; overlay_alpha=&#8221;50&#8243; gutter_size=&#8221;3&#8243; shift_y=&#8221;0&#8243; z_index=&#8221;0&#8243;][vc_column_inner column_width_percent=&#8221;72&#8243; position_horizontal=&#8221;left&#8221; gutter_size=&#8221;3&#8243; overlay_alpha=&#8221;50&#8243; shift_x=&#8221;0&#8243; shift_y=&#8221;0&#8243; shift_y_down=&#8221;0&#8243; z_index=&#8221;0&#8243; medium_width=&#8221;0&#8243; mobile_width=&#8221;0&#8243; css_animation=&#8221;left-t-right&#8221; animation_delay=&#8221;100&#8243; width=&#8221;1\/1&#8243; uncode_shortcode_id=&#8221;205050&#8243;][vc_empty_space empty_h=&#8221;2&#8243;][vc_custom_heading text_color=&#8221;color-170105&#8243; heading_semantic=&#8221;h1&#8243; text_font=&#8221;font-195077&#8243; text_size=&#8221;h1&#8243; uncode_shortcode_id=&#8221;170789&#8243; text_color_type=&#8221;uncode-palette&#8221;]Customer Care[\/vc_custom_heading][vc_empty_space empty_h=&#8221;2&#8243;][\/vc_column_inner][\/vc_row_inner][vc_row_inner row_inner_height_percent=&#8221;0&#8243; overlay_alpha=&#8221;50&#8243; gutter_size=&#8221;3&#8243; shift_y=&#8221;0&#8243; z_index=&#8221;0&#8243;][vc_column_inner column_width_percent=&#8221;100&#8243; position_horizontal=&#8221;left&#8221; gutter_size=&#8221;3&#8243; overlay_alpha=&#8221;50&#8243; shift_x=&#8221;0&#8243; shift_y=&#8221;0&#8243; shift_y_down=&#8221;0&#8243; z_index=&#8221;0&#8243; medium_width=&#8221;0&#8243; mobile_width=&#8221;0&#8243; css_animation=&#8221;bottom-t-top&#8221; animation_delay=&#8221;100&#8243; width=&#8221;1\/2&#8243; uncode_shortcode_id=&#8221;178275&#8243;][vc_column_text el_class=&#8221;nomargin&#8221; uncode_shortcode_id=&#8221;160383&#8243;]Mit ihren drei\u00dfig Jahren direkter Erfahrung ist Panizzolo Recycling eine erneuerungsorientierte Unternehmensorganisation mit einem qualifizierten Team von Fachleuten, die ma\u00dfgeschneiderte <b>Recyclingl\u00f6sungen<\/b> f\u00fcr die <b>Metallentsorgung<\/b> entwickeln k\u00f6nnen. Wir kennen und verstehen die Probleme im Zusammenhang mit der <b>R\u00fcckgewinnung von Sekund\u00e4rrohstoffen<\/b> und k\u00f6nnen in jeder Phase des Prozesses sofortige L\u00f6sungen anbieten: vom ersten Kontakt bis zum Vertriebsnetz, von der Inspektion vor Ort bis zur Planung, von der Realisierung bis zur Installation und dem technischen Kundendienst.[\/vc_column_text][vc_empty_space empty_h=&#8221;2&#8243;][vc_column_text el_class=&#8221;nomargin&#8221; uncode_shortcode_id=&#8221;132337&#8243;]Unser Team aus erfahrenen Technikern ist darauf ausgerichtet, umweltvertr\u00e4gliche L\u00f6sungen zu entwickeln, um die Qualit\u00e4tsprozesse der Abfallrecyclinganlagen zu verbessern und zu optimieren und damit die Vorschriften des Umweltbereichs zu erf\u00fcllen. Unsere Mission ist es, die Umwelt zu respektieren, unsere Kunden mit konkreten L\u00f6sungen zufrieden zu stellen und sie zu unterst\u00fctzen![\/vc_column_text][vc_empty_space empty_h=&#8221;2&#8243;][\/vc_column_inner][vc_column_inner column_width_percent=&#8221;100&#8243; gutter_size=&#8221;3&#8243; overlay_alpha=&#8221;50&#8243; shift_x=&#8221;0&#8243; shift_y=&#8221;0&#8243; shift_y_down=&#8221;0&#8243; z_index=&#8221;0&#8243; medium_width=&#8221;0&#8243; mobile_width=&#8221;0&#8243; css_animation=&#8221;bottom-t-top&#8221; animation_delay=&#8221;100&#8243; width=&#8221;1\/2&#8243; uncode_shortcode_id=&#8221;876913&#8243;][vc_column_text el_class=&#8221;nomargin&#8221; uncode_shortcode_id=&#8221;111819&#8243;]Wir sind ein idealer und zuverl\u00e4ssiger Partner. \u00d6ffentliche und private Unternehmen wenden sich an uns, um konkrete L\u00f6sungen f\u00fcr das <b>Recycling von Sekund\u00e4rrohstoffen <\/b>und die Verwertung von Produktionsabf\u00e4llen zu finden. Wir sind st\u00e4ndig bestrebt, einen hochwertigen Rundum-Service anzubieten, der darauf ausgerichtet ist, einen vollst\u00e4ndigen und umfassenden Kundendienst zu bieten. Wir reagieren schnell auf alle W\u00fcnsche unserer Kunden und bieten sichere und optimale L\u00f6sungen.<\/p>\n<p>Unser Ziel ist es, die Leistungst\u00fcchtigkeit und den langfristigen Betrieb unserer <b>Recyclinganlagen f\u00fcr Industrieabf\u00e4lle <\/b>sicherzustellen! Entdecken Sie unsere Erfolgsformel![\/vc_column_text][\/vc_column_inner][\/vc_row_inner][vc_row_inner row_inner_height_percent=&#8221;0&#8243; overlay_alpha=&#8221;50&#8243; gutter_size=&#8221;4&#8243; shift_y=&#8221;0&#8243; z_index=&#8221;0&#8243; uncode_shortcode_id=&#8221;261051&#8243;][vc_column_inner column_width_percent=&#8221;100&#8243; gutter_size=&#8221;3&#8243; overlay_alpha=&#8221;50&#8243; shift_x=&#8221;0&#8243; shift_y=&#8221;0&#8243; shift_y_down=&#8221;0&#8243; z_index=&#8221;0&#8243; medium_width=&#8221;0&#8243; mobile_width=&#8221;0&#8243; css_animation=&#8221;left-t-right&#8221; animation_delay=&#8221;100&#8243; width=&#8221;1\/2&#8243; uncode_shortcode_id=&#8221;475774&#8243;][vc_custom_heading text_color=&#8221;color-708329&#8243; heading_semantic=&#8221;h3&#8243; text_font=&#8221;font-116529&#8243; text_size=&#8221;h3&#8243; text_transform=&#8221;uppercase&#8221; uncode_shortcode_id=&#8221;875629&#8243; text_color_type=&#8221;uncode-palette&#8221;]Beratungin der auswahlphase[\/vc_custom_heading][vc_column_text uncode_shortcode_id=&#8221;186822&#8243;]Ein qualifiziertes Team von Fachleuten unterst\u00fctzt den Kunden bei der Auswahl der f\u00fcr seine Bed\u00fcrfnisse und Marktanforderungen am besten geeigneten <b>Recycling-L\u00f6sung<\/b>. Die richtige Parametrisierung von Bed\u00fcrfnissen und Produktionsmerkmalen ist der beste Garant f\u00fcr den Erfolg des Unternehmens.[\/vc_column_text][vc_custom_heading text_color=&#8221;color-708329&#8243; heading_semantic=&#8221;h3&#8243; text_font=&#8221;font-116529&#8243; text_size=&#8221;h3&#8243; text_transform=&#8221;uppercase&#8221; uncode_shortcode_id=&#8221;430819&#8243; text_color_type=&#8221;uncode-palette&#8221;]Kundendienst[\/vc_custom_heading][vc_column_text uncode_shortcode_id=&#8221;213189&#8243;]Um den Kunden in allen Phasen seines Business zu begleiten, haben wir einen schnellen und professionellen Kundendienst geschaffen. Schulungen und Auffrischungskurse, Fernwartung, Revamping-Services und Ersatzteilpakete sind verf\u00fcgbar, um eine h\u00f6here Leistungst\u00fcchtigkeit und Langlebigkeit der Recycling-L\u00f6sungen von Panizzolo Recycling zu gew\u00e4hrleisten.[\/vc_column_text][\/vc_column_inner][vc_column_inner column_width_percent=&#8221;100&#8243; gutter_size=&#8221;3&#8243; overlay_alpha=&#8221;50&#8243; shift_x=&#8221;0&#8243; shift_y=&#8221;0&#8243; shift_y_down=&#8221;0&#8243; z_index=&#8221;0&#8243; medium_width=&#8221;0&#8243; mobile_width=&#8221;0&#8243; css_animation=&#8221;right-t-left&#8221; animation_delay=&#8221;100&#8243; width=&#8221;1\/2&#8243; uncode_shortcode_id=&#8221;185387&#8243;][vc_custom_heading text_color=&#8221;color-708329&#8243; heading_semantic=&#8221;h3&#8243; text_font=&#8221;font-116529&#8243; text_size=&#8221;h3&#8243; text_transform=&#8221;uppercase&#8221; uncode_shortcode_id=&#8221;172484&#8243; text_color_type=&#8221;uncode-palette&#8221;]Massgeschneiderte l\u00f6sungen[\/vc_custom_heading][vc_column_text uncode_shortcode_id=&#8221;235912&#8243;]Die Planung der <b>Recyclinganlage<\/b> spiegelt alle Kundenbed\u00fcrfnisse in Bezug auf das ausgegebene Material, st\u00fcndliche Produktion und Verarbeitungsprozesse wider. Auch die Logistik wird als grundlegender Aspekt f\u00fcr die Optimierung des Produktionszyklus bewertet. Unser schl\u00fcsselfertiger Service endet mit einer intensiven Schulung des Bedienpersonals. Es ist unerl\u00e4sslich, das f\u00fcr den sicheren Betrieb der gesamten Anlage notwendige Know-how f\u00fcr die Bearbeitungsphase als auch f\u00fcr die ordentliche Wartung zu vermitteln.[\/vc_column_text][\/vc_column_inner][\/vc_row_inner][\/vc_column][\/vc_row]<\/p>\n<\/div>","protected":false},"excerpt":{"rendered":"<p>[vc_row row_height_percent=&#8221;0&#8243; override_padding=&#8221;yes&#8221; h_padding=&#8221;2&#8243; top_padding=&#8221;2&#8243; bottom_padding=&#8221;3&#8243; back_image=&#8221;65455&#8243; back_repeat=&#8221;no-repeat&#8221; back_position=&#8221;right bottom&#8221; overlay_alpha=&#8221;50&#8243; gutter_size=&#8221;3&#8243; column_width_percent=&#8221;100&#8243; shift_y=&#8221;0&#8243; z_index=&#8221;0&#8243;][vc_column column_width_percent=&#8221;100&#8243; position_horizontal=&#8221;left&#8221; gutter_size=&#8221;3&#8243; overlay_alpha=&#8221;50&#8243; shift_x=&#8221;0&#8243; [&hellip;]<\/p>\n","protected":false},"author":1,"featured_media":69745,"parent":0,"menu_order":60,"comment_status":"closed","ping_status":"closed","template":"","meta":{"footnotes":""},"class_list":["post-70737","page","type-page","status-publish","has-post-thumbnail","hentry"],"yoast_head":"<!-- This site is optimized with the Yoast SEO plugin v24.5 - https:\/\/yoast.com\/wordpress\/plugins\/seo\/ -->\n<title>Service - Panizzolo Impianti di riciclaggio per rifiuti<\/title>\n<meta name=\"robots\" content=\"index, follow, max-snippet:-1, max-image-preview:large, max-video-preview:-1\" \/>\n<link rel=\"canonical\" href=\"https:\/\/www.panizzolo.com\/de\/service\/\" \/>\n<meta property=\"og:locale\" content=\"de_DE\" \/>\n<meta property=\"og:type\" content=\"article\" \/>\n<meta property=\"og:title\" content=\"Service - Panizzolo Impianti di riciclaggio per rifiuti\" \/>\n<meta property=\"og:description\" content=\"[vc_row row_height_percent=&#8221;0&#8243; override_padding=&#8221;yes&#8221; h_padding=&#8221;2&#8243; top_padding=&#8221;2&#8243; bottom_padding=&#8221;3&#8243; back_image=&#8221;65455&#8243; back_repeat=&#8221;no-repeat&#8221; back_position=&#8221;right bottom&#8221; overlay_alpha=&#8221;50&#8243; gutter_size=&#8221;3&#8243; column_width_percent=&#8221;100&#8243; shift_y=&#8221;0&#8243; z_index=&#8221;0&#8243;][vc_column column_width_percent=&#8221;100&#8243; position_horizontal=&#8221;left&#8221; gutter_size=&#8221;3&#8243; overlay_alpha=&#8221;50&#8243; shift_x=&#8221;0&#8243; [&hellip;]\" \/>\n<meta property=\"og:url\" content=\"https:\/\/www.panizzolo.com\/de\/service\/\" \/>\n<meta property=\"og:site_name\" content=\"Panizzolo Impianti di riciclaggio per rifiuti\" \/>\n<meta property=\"article:publisher\" content=\"https:\/\/www.facebook.com\/PanizzoloRecycling\" \/>\n<meta property=\"article:modified_time\" content=\"2021-10-26T13:11:04+00:00\" \/>\n<meta property=\"og:image\" content=\"https:\/\/www.panizzolo.com\/wp-content\/uploads\/2019\/09\/customerCare.jpg\" \/>\n\t<meta property=\"og:image:width\" content=\"2560\" \/>\n\t<meta property=\"og:image:height\" content=\"900\" \/>\n\t<meta property=\"og:image:type\" content=\"image\/jpeg\" \/>\n<meta name=\"twitter:card\" content=\"summary_large_image\" \/>\n<meta name=\"twitter:site\" content=\"@PanizzoloRS\" \/>\n<meta name=\"twitter:label1\" content=\"Est. reading time\" \/>\n\t<meta name=\"twitter:data1\" content=\"3 minutes\" \/>\n<script type=\"application\/ld+json\" class=\"yoast-schema-graph\">{\"@context\":\"https:\/\/schema.org\",\"@graph\":[{\"@type\":\"WebPage\",\"@id\":\"https:\/\/www.panizzolo.com\/de\/service\/\",\"url\":\"https:\/\/www.panizzolo.com\/de\/service\/\",\"name\":\"Service - Panizzolo Impianti di riciclaggio per rifiuti\",\"isPartOf\":{\"@id\":\"https:\/\/www.panizzolo.com\/de\/#website\"},\"primaryImageOfPage\":{\"@id\":\"https:\/\/www.panizzolo.com\/de\/service\/#primaryimage\"},\"image\":{\"@id\":\"https:\/\/www.panizzolo.com\/de\/service\/#primaryimage\"},\"thumbnailUrl\":\"https:\/\/www.panizzolo.com\/wp-content\/uploads\/2019\/09\/customerCare.jpg\",\"datePublished\":\"2018-06-14T09:11:03+00:00\",\"dateModified\":\"2021-10-26T13:11:04+00:00\",\"inLanguage\":\"de-DE\",\"potentialAction\":[{\"@type\":\"ReadAction\",\"target\":[\"https:\/\/www.panizzolo.com\/de\/service\/\"]}]},{\"@type\":\"ImageObject\",\"inLanguage\":\"de-DE\",\"@id\":\"https:\/\/www.panizzolo.com\/de\/service\/#primaryimage\",\"url\":\"https:\/\/www.panizzolo.com\/wp-content\/uploads\/2019\/09\/customerCare.jpg\",\"contentUrl\":\"https:\/\/www.panizzolo.com\/wp-content\/uploads\/2019\/09\/customerCare.jpg\",\"width\":2560,\"height\":900},{\"@type\":\"WebSite\",\"@id\":\"https:\/\/www.panizzolo.com\/de\/#website\",\"url\":\"https:\/\/www.panizzolo.com\/de\/\",\"name\":\"Panizzolo Impianti di riciclaggio per rifiuti\",\"description\":\"Panizzolo Impianti di riciclaggio per rifiuti\",\"potentialAction\":[{\"@type\":\"SearchAction\",\"target\":{\"@type\":\"EntryPoint\",\"urlTemplate\":\"https:\/\/www.panizzolo.com\/de\/?s={search_term_string}\"},\"query-input\":{\"@type\":\"PropertyValueSpecification\",\"valueRequired\":true,\"valueName\":\"search_term_string\"}}],\"inLanguage\":\"de-DE\"}]}<\/script>\n<!-- \/ Yoast SEO plugin. -->","yoast_head_json":{"title":"Service - Panizzolo Impianti di riciclaggio per rifiuti","robots":{"index":"index","follow":"follow","max-snippet":"max-snippet:-1","max-image-preview":"max-image-preview:large","max-video-preview":"max-video-preview:-1"},"canonical":"https:\/\/www.panizzolo.com\/de\/service\/","og_locale":"de_DE","og_type":"article","og_title":"Service - Panizzolo Impianti di riciclaggio per rifiuti","og_description":"[vc_row row_height_percent=&#8221;0&#8243; override_padding=&#8221;yes&#8221; h_padding=&#8221;2&#8243; top_padding=&#8221;2&#8243; bottom_padding=&#8221;3&#8243; back_image=&#8221;65455&#8243; back_repeat=&#8221;no-repeat&#8221; back_position=&#8221;right bottom&#8221; overlay_alpha=&#8221;50&#8243; gutter_size=&#8221;3&#8243; column_width_percent=&#8221;100&#8243; shift_y=&#8221;0&#8243; z_index=&#8221;0&#8243;][vc_column column_width_percent=&#8221;100&#8243; position_horizontal=&#8221;left&#8221; gutter_size=&#8221;3&#8243; overlay_alpha=&#8221;50&#8243; shift_x=&#8221;0&#8243; [&hellip;]","og_url":"https:\/\/www.panizzolo.com\/de\/service\/","og_site_name":"Panizzolo Impianti di riciclaggio per rifiuti","article_publisher":"https:\/\/www.facebook.com\/PanizzoloRecycling","article_modified_time":"2021-10-26T13:11:04+00:00","og_image":[{"width":2560,"height":900,"url":"https:\/\/www.panizzolo.com\/wp-content\/uploads\/2019\/09\/customerCare.jpg","type":"image\/jpeg"}],"twitter_card":"summary_large_image","twitter_site":"@PanizzoloRS","twitter_misc":{"Est. reading time":"3 minutes"},"schema":{"@context":"https:\/\/schema.org","@graph":[{"@type":"WebPage","@id":"https:\/\/www.panizzolo.com\/de\/service\/","url":"https:\/\/www.panizzolo.com\/de\/service\/","name":"Service - Panizzolo Impianti di riciclaggio per rifiuti","isPartOf":{"@id":"https:\/\/www.panizzolo.com\/de\/#website"},"primaryImageOfPage":{"@id":"https:\/\/www.panizzolo.com\/de\/service\/#primaryimage"},"image":{"@id":"https:\/\/www.panizzolo.com\/de\/service\/#primaryimage"},"thumbnailUrl":"https:\/\/www.panizzolo.com\/wp-content\/uploads\/2019\/09\/customerCare.jpg","datePublished":"2018-06-14T09:11:03+00:00","dateModified":"2021-10-26T13:11:04+00:00","inLanguage":"de-DE","potentialAction":[{"@type":"ReadAction","target":["https:\/\/www.panizzolo.com\/de\/service\/"]}]},{"@type":"ImageObject","inLanguage":"de-DE","@id":"https:\/\/www.panizzolo.com\/de\/service\/#primaryimage","url":"https:\/\/www.panizzolo.com\/wp-content\/uploads\/2019\/09\/customerCare.jpg","contentUrl":"https:\/\/www.panizzolo.com\/wp-content\/uploads\/2019\/09\/customerCare.jpg","width":2560,"height":900},{"@type":"WebSite","@id":"https:\/\/www.panizzolo.com\/de\/#website","url":"https:\/\/www.panizzolo.com\/de\/","name":"Panizzolo Impianti di riciclaggio per rifiuti","description":"Panizzolo Impianti di riciclaggio per rifiuti","potentialAction":[{"@type":"SearchAction","target":{"@type":"EntryPoint","urlTemplate":"https:\/\/www.panizzolo.com\/de\/?s={search_term_string}"},"query-input":{"@type":"PropertyValueSpecification","valueRequired":true,"valueName":"search_term_string"}}],"inLanguage":"de-DE"}]}},"_links":{"self":[{"href":"https:\/\/www.panizzolo.com\/de\/wp-json\/wp\/v2\/pages\/70737","targetHints":{"allow":["GET"]}}],"collection":[{"href":"https:\/\/www.panizzolo.com\/de\/wp-json\/wp\/v2\/pages"}],"about":[{"href":"https:\/\/www.panizzolo.com\/de\/wp-json\/wp\/v2\/types\/page"}],"author":[{"embeddable":true,"href":"https:\/\/www.panizzolo.com\/de\/wp-json\/wp\/v2\/users\/1"}],"replies":[{"embeddable":true,"href":"https:\/\/www.panizzolo.com\/de\/wp-json\/wp\/v2\/comments?post=70737"}],"version-history":[{"count":6,"href":"https:\/\/www.panizzolo.com\/de\/wp-json\/wp\/v2\/pages\/70737\/revisions"}],"predecessor-version":[{"id":90893,"href":"https:\/\/www.panizzolo.com\/de\/wp-json\/wp\/v2\/pages\/70737\/revisions\/90893"}],"wp:featuredmedia":[{"embeddable":true,"href":"https:\/\/www.panizzolo.com\/de\/wp-json\/wp\/v2\/media\/69745"}],"wp:attachment":[{"href":"https:\/\/www.panizzolo.com\/de\/wp-json\/wp\/v2\/media?parent=70737"}],"curies":[{"name":"wp","href":"https:\/\/api.w.org\/{rel}","templated":true}]}}