{"id":70421,"date":"2019-07-12T09:33:40","date_gmt":"2019-07-12T07:33:40","guid":{"rendered":"http:\/\/www.panizzolo.it\/soluzioni-di-riciclaggio\/macchine-di-riciclaggio\/mulini-a-martelli-mobili\/"},"modified":"2026-02-05T15:10:42","modified_gmt":"2026-02-05T14:10:42","slug":"mobile-hammermuehlen","status":"publish","type":"page","link":"https:\/\/www.panizzolo.com\/de\/recycling-loesungen\/recyclingmaschinen\/mobile-hammermuehlen\/","title":{"rendered":"Mobile Hammerm\u00fchlen"},"content":{"rendered":"<div class=\"wpb-content-wrapper\"><p>[vc_row row_height_percent=&#8221;0&#8243; override_padding=&#8221;yes&#8221; h_padding=&#8221;2&#8243; top_padding=&#8221;4&#8243; bottom_padding=&#8221;1&#8243; overlay_alpha=&#8221;50&#8243; gutter_size=&#8221;3&#8243; column_width_percent=&#8221;100&#8243; shift_y=&#8221;0&#8243; z_index=&#8221;0&#8243; uncode_shortcode_id=&#8221;169995&#8243;][vc_column column_width_percent=&#8221;73&#8243; position_horizontal=&#8221;left&#8221; gutter_size=&#8221;3&#8243; overlay_alpha=&#8221;50&#8243; shift_x=&#8221;0&#8243; shift_y=&#8221;0&#8243; shift_y_down=&#8221;0&#8243; z_index=&#8221;0&#8243; medium_width=&#8221;0&#8243; mobile_width=&#8221;0&#8243; css_animation=&#8221;left-t-right&#8221; width=&#8221;1\/1&#8243;][vc_custom_heading text_color=&#8221;color-170105&#8243; heading_semantic=&#8221;h1&#8243; text_size=&#8221;h1&#8243; uncode_shortcode_id=&#8221;194313&#8243; text_color_type=&#8221;uncode-palette&#8221;]Mobile Hammerm\u00fchlen[\/vc_custom_heading][\/vc_column][\/vc_row][vc_row row_height_percent=&#8221;0&#8243; override_padding=&#8221;yes&#8221; h_padding=&#8221;2&#8243; top_padding=&#8221;2&#8243; bottom_padding=&#8221;3&#8243; overlay_alpha=&#8221;50&#8243; gutter_size=&#8221;3&#8243; column_width_percent=&#8221;100&#8243; shift_y=&#8221;0&#8243; z_index=&#8221;0&#8243; content_parallax=&#8221;0&#8243; uncode_shortcode_id=&#8221;134949&#8243;][vc_column column_width_percent=&#8221;100&#8243; gutter_size=&#8221;3&#8243; overlay_alpha=&#8221;50&#8243; shift_x=&#8221;0&#8243; shift_y=&#8221;0&#8243; shift_y_down=&#8221;0&#8243; z_index=&#8221;0&#8243; medium_width=&#8221;0&#8243; mobile_width=&#8221;0&#8243; css_animation=&#8221;bottom-t-top&#8221; width=&#8221;1\/2&#8243; uncode_shortcode_id=&#8221;466730&#8243;][vc_column_text uncode_shortcode_id=&#8221;233118&#8243;]Die Hammerm\u00fchlen der Flex Mobile Serie sind transportable Maschinen, die f\u00fcr die Zerkleinerung von Metallschrott entwickelt wurden. Kompakt, wartungsfreundlich und schl\u00fcsselfertig geliefert, bieten sie hohe Leistung und maximale Flexibilit\u00e4t.[\/vc_column_text][\/vc_column][vc_column column_width_percent=&#8221;100&#8243; gutter_size=&#8221;3&#8243; overlay_alpha=&#8221;50&#8243; shift_x=&#8221;0&#8243; shift_y=&#8221;0&#8243; shift_y_down=&#8221;0&#8243; z_index=&#8221;0&#8243; medium_width=&#8221;0&#8243; mobile_width=&#8221;0&#8243; css_animation=&#8221;bottom-t-top&#8221; width=&#8221;1\/2&#8243; uncode_shortcode_id=&#8221;105538&#8243;][\/vc_column][\/vc_row][vc_row row_height_percent=&#8221;55&#8243; back_image=&#8221;100021&#8243; overlay_alpha=&#8221;50&#8243; gutter_size=&#8221;3&#8243; column_width_percent=&#8221;100&#8243; shift_y=&#8221;0&#8243; z_index=&#8221;0&#8243; content_parallax=&#8221;0&#8243; uncode_shortcode_id=&#8221;204453&#8243; row_height_pixel=&#8221;400&#8243;][vc_column width=&#8221;1\/1&#8243;][\/vc_column][\/vc_row][vc_row row_height_percent=&#8221;0&#8243; override_padding=&#8221;yes&#8221; h_padding=&#8221;2&#8243; top_padding=&#8221;3&#8243; bottom_padding=&#8221;2&#8243; overlay_alpha=&#8221;50&#8243; gutter_size=&#8221;3&#8243; column_width_percent=&#8221;100&#8243; shift_y=&#8221;0&#8243; z_index=&#8221;0&#8243; content_parallax=&#8221;0&#8243; uncode_shortcode_id=&#8221;145874&#8243;][vc_column width=&#8221;1\/1&#8243;][vc_row_inner][vc_column_inner width=&#8221;1\/1&#8243;][vc_custom_heading css_animation=&#8221;left-t-right&#8221; uncode_shortcode_id=&#8221;446773&#8243;]St\u00e4rken[\/vc_custom_heading][\/vc_column_inner][\/vc_row_inner][\/vc_column][\/vc_row][vc_row row_height_percent=&#8221;0&#8243; override_padding=&#8221;yes&#8221; h_padding=&#8221;6&#8243; top_padding=&#8221;2&#8243; bottom_padding=&#8221;4&#8243; overlay_alpha=&#8221;50&#8243; gutter_size=&#8221;3&#8243; column_width_percent=&#8221;100&#8243; shift_y=&#8221;0&#8243; z_index=&#8221;0&#8243; uncode_shortcode_id=&#8221;792888&#8243;][vc_column column_width_percent=&#8221;100&#8243; gutter_size=&#8221;3&#8243; overlay_alpha=&#8221;50&#8243; shift_x=&#8221;0&#8243; shift_y=&#8221;0&#8243; shift_y_down=&#8221;0&#8243; z_index=&#8221;0&#8243; medium_width=&#8221;0&#8243; mobile_width=&#8221;0&#8243; width=&#8221;1\/1&#8243; uncode_shortcode_id=&#8221;374241&#8243;][vc_row_inner row_inner_height_percent=&#8221;0&#8243; overlay_alpha=&#8221;50&#8243; gutter_size=&#8221;3&#8243; shift_y=&#8221;0&#8243; z_index=&#8221;0&#8243; uncode_shortcode_id=&#8221;181704&#8243;][vc_column_inner column_width_percent=&#8221;90&#8243; position_horizontal=&#8221;right&#8221; gutter_size=&#8221;3&#8243; overlay_alpha=&#8221;50&#8243; shift_x=&#8221;0&#8243; shift_y=&#8221;0&#8243; shift_y_down=&#8221;0&#8243; z_index=&#8221;0&#8243; medium_width=&#8221;0&#8243; mobile_width=&#8221;0&#8243; width=&#8221;1\/4&#8243; uncode_shortcode_id=&#8221;184358&#8243;][vc_custom_heading text_color=&#8221;color-170105&#8243; heading_semantic=&#8221;h4&#8243; text_font=&#8221;font-195077&#8243; text_size=&#8221;h4&#8243; uncode_shortcode_id=&#8221;976535&#8243; text_color_type=&#8221;uncode-palette&#8221;]Transport und Installation[\/vc_custom_heading][\/vc_column_inner][vc_column_inner column_width_percent=&#8221;80&#8243; position_horizontal=&#8221;left&#8221; gutter_size=&#8221;3&#8243; overlay_alpha=&#8221;50&#8243; shift_x=&#8221;0&#8243; shift_y=&#8221;0&#8243; shift_y_down=&#8221;0&#8243; z_index=&#8221;0&#8243; medium_width=&#8221;0&#8243; mobile_width=&#8221;0&#8243; width=&#8221;3\/4&#8243; uncode_shortcode_id=&#8221;602111&#8243;][vc_column_text uncode_shortcode_id=&#8221;809791&#8243;]Der spezielle Rahmen erm\u00f6glicht das einfache Auf- und Abladen der Maschinen, w\u00e4hrend die Struktur so kompakt ist, dass kein Spezialtransport im Stra\u00dfenverkehr n\u00f6tig ist. Die Serie Flex Mobile wird vormontiert geliefert und erm\u00f6glicht eine schnelle Installation.[\/vc_column_text][\/vc_column_inner][\/vc_row_inner][vc_row_inner row_inner_height_percent=&#8221;0&#8243; overlay_alpha=&#8221;50&#8243; gutter_size=&#8221;3&#8243; shift_y=&#8221;0&#8243; z_index=&#8221;0&#8243; uncode_shortcode_id=&#8221;172819&#8243;][vc_column_inner column_width_percent=&#8221;90&#8243; position_horizontal=&#8221;right&#8221; gutter_size=&#8221;3&#8243; overlay_alpha=&#8221;50&#8243; shift_x=&#8221;0&#8243; shift_y=&#8221;0&#8243; shift_y_down=&#8221;0&#8243; z_index=&#8221;0&#8243; medium_width=&#8221;0&#8243; mobile_width=&#8221;0&#8243; width=&#8221;1\/4&#8243; uncode_shortcode_id=&#8221;157909&#8243;][vc_custom_heading text_color=&#8221;color-170105&#8243; heading_semantic=&#8221;h4&#8243; text_font=&#8221;font-195077&#8243; text_size=&#8221;h4&#8243; uncode_shortcode_id=&#8221;439758&#8243; text_color_type=&#8221;uncode-palette&#8221;]Niedrige Energiekosten[\/vc_custom_heading][\/vc_column_inner][vc_column_inner column_width_percent=&#8221;80&#8243; position_horizontal=&#8221;left&#8221; gutter_size=&#8221;3&#8243; overlay_alpha=&#8221;50&#8243; shift_x=&#8221;0&#8243; shift_y=&#8221;0&#8243; shift_y_down=&#8221;0&#8243; z_index=&#8221;0&#8243; medium_width=&#8221;0&#8243; mobile_width=&#8221;0&#8243; width=&#8221;3\/4&#8243; uncode_shortcode_id=&#8221;146785&#8243;][vc_column_text uncode_shortcode_id=&#8221;142070&#8243;]Die Hammerm\u00fchle optimiert das Verh\u00e4ltnis aus Energieverbrauch und st\u00fcndlicher Leistung. Die Linie umfasst Modelle von 90 kW bis zu 315 kW mit Produktionsleistungen von 3 t\/h bis zu 13 t\/h je nach Maschine.[\/vc_column_text][\/vc_column_inner][\/vc_row_inner][vc_row_inner row_inner_height_percent=&#8221;0&#8243; overlay_alpha=&#8221;50&#8243; gutter_size=&#8221;3&#8243; shift_y=&#8221;0&#8243; z_index=&#8221;0&#8243; uncode_shortcode_id=&#8221;172819&#8243;][vc_column_inner column_width_percent=&#8221;90&#8243; position_horizontal=&#8221;right&#8221; gutter_size=&#8221;3&#8243; overlay_alpha=&#8221;50&#8243; shift_x=&#8221;0&#8243; shift_y=&#8221;0&#8243; shift_y_down=&#8221;0&#8243; z_index=&#8221;0&#8243; medium_width=&#8221;0&#8243; mobile_width=&#8221;0&#8243; width=&#8221;1\/4&#8243; uncode_shortcode_id=&#8221;157909&#8243;][vc_custom_heading text_color=&#8221;color-170105&#8243; heading_semantic=&#8221;h4&#8243; text_font=&#8221;font-195077&#8243; text_size=&#8221;h4&#8243; uncode_shortcode_id=&#8221;168985&#8243; text_color_type=&#8221;uncode-palette&#8221;]Einfache Verwendung[\/vc_custom_heading][\/vc_column_inner][vc_column_inner column_width_percent=&#8221;80&#8243; position_horizontal=&#8221;left&#8221; gutter_size=&#8221;3&#8243; overlay_alpha=&#8221;50&#8243; shift_x=&#8221;0&#8243; shift_y=&#8221;0&#8243; shift_y_down=&#8221;0&#8243; z_index=&#8221;0&#8243; medium_width=&#8221;0&#8243; mobile_width=&#8221;0&#8243; width=&#8221;3\/4&#8243; uncode_shortcode_id=&#8221;146785&#8243;][vc_column_text uncode_shortcode_id=&#8221;156430&#8243;]Die Maschinen sind darauf ausgelegt, Produktionsstillst\u00e4nde und die Anzahl der f\u00fcr den Betrieb ben\u00f6tigten Bediener auf ein Minimum zu reduzieren. Die Wartung ist einfach und schnell, dank des vollst\u00e4ndigen Zugangs zur Mahlkammer, in der Eingriffe an Wiege, Rotor, Sieben, H\u00e4mmern und Panzerungen effektiv durchgef\u00fchrt werden k\u00f6nnen.[\/vc_column_text][\/vc_column_inner][\/vc_row_inner][vc_row_inner row_inner_height_percent=&#8221;0&#8243; overlay_alpha=&#8221;50&#8243; gutter_size=&#8221;3&#8243; shift_y=&#8221;0&#8243; z_index=&#8221;0&#8243; uncode_shortcode_id=&#8221;172819&#8243;][vc_column_inner column_width_percent=&#8221;90&#8243; position_horizontal=&#8221;right&#8221; gutter_size=&#8221;3&#8243; overlay_alpha=&#8221;50&#8243; shift_x=&#8221;0&#8243; shift_y=&#8221;0&#8243; shift_y_down=&#8221;0&#8243; z_index=&#8221;0&#8243; medium_width=&#8221;0&#8243; mobile_width=&#8221;0&#8243; width=&#8221;1\/4&#8243; uncode_shortcode_id=&#8221;157909&#8243;][vc_custom_heading text_color=&#8221;color-170105&#8243; heading_semantic=&#8221;h4&#8243; text_font=&#8221;font-195077&#8243; text_size=&#8221;h4&#8243; uncode_shortcode_id=&#8221;726783&#8243; text_color_type=&#8221;uncode-palette&#8221;]Niedriger L\u00e4rmpegel[\/vc_custom_heading][\/vc_column_inner][vc_column_inner column_width_percent=&#8221;80&#8243; position_horizontal=&#8221;left&#8221; gutter_size=&#8221;3&#8243; overlay_alpha=&#8221;50&#8243; shift_x=&#8221;0&#8243; shift_y=&#8221;0&#8243; shift_y_down=&#8221;0&#8243; z_index=&#8221;0&#8243; medium_width=&#8221;0&#8243; mobile_width=&#8221;0&#8243; width=&#8221;3\/4&#8243; uncode_shortcode_id=&#8221;146785&#8243;][vc_column_text uncode_shortcode_id=&#8221;153039&#8243;]Die Flex-Mobile-Maschinen bestehen au\u00dfen aus schalld\u00e4mpfenden und wasserabweisenden Platten, die eine hervorragende L\u00e4rmminderung und Schutz vor Witterungseinfl\u00fcssen garantieren.[\/vc_column_text][\/vc_column_inner][\/vc_row_inner][vc_row_inner row_inner_height_percent=&#8221;0&#8243; overlay_alpha=&#8221;50&#8243; gutter_size=&#8221;3&#8243; shift_y=&#8221;0&#8243; z_index=&#8221;0&#8243; uncode_shortcode_id=&#8221;172819&#8243;][vc_column_inner column_width_percent=&#8221;90&#8243; position_horizontal=&#8221;right&#8221; gutter_size=&#8221;3&#8243; overlay_alpha=&#8221;50&#8243; shift_x=&#8221;0&#8243; shift_y=&#8221;0&#8243; shift_y_down=&#8221;0&#8243; z_index=&#8221;0&#8243; medium_width=&#8221;0&#8243; mobile_width=&#8221;0&#8243; width=&#8221;1\/4&#8243; uncode_shortcode_id=&#8221;157909&#8243;][vc_custom_heading text_color=&#8221;color-170105&#8243; heading_semantic=&#8221;h4&#8243; text_font=&#8221;font-195077&#8243; text_size=&#8221;h4&#8243; uncode_shortcode_id=&#8221;199434&#8243; text_color_type=&#8221;uncode-palette&#8221;]Flexibilit\u00e4t der Aufbereitung[\/vc_custom_heading][\/vc_column_inner][vc_column_inner column_width_percent=&#8221;80&#8243; position_horizontal=&#8221;left&#8221; gutter_size=&#8221;3&#8243; overlay_alpha=&#8221;50&#8243; shift_x=&#8221;0&#8243; shift_y=&#8221;0&#8243; shift_y_down=&#8221;0&#8243; z_index=&#8221;0&#8243; medium_width=&#8221;0&#8243; mobile_width=&#8221;0&#8243; width=&#8221;3\/4&#8243; uncode_shortcode_id=&#8221;146785&#8243;][vc_column_text uncode_shortcode_id=&#8221;202115&#8243;]Dank des patentierten in die Hammerm\u00fchle integrierten Siebkorbs zeichnen sich die Maschinen durch ihre erh\u00f6hte Flexibilit\u00e4t bei der Aufbereitung von Schrott aus.[\/vc_column_text][\/vc_column_inner][\/vc_row_inner][\/vc_column][\/vc_row][vc_row row_height_percent=&#8221;0&#8243; override_padding=&#8221;yes&#8221; h_padding=&#8221;2&#8243; top_padding=&#8221;2&#8243; bottom_padding=&#8221;2&#8243; overlay_alpha=&#8221;50&#8243; gutter_size=&#8221;3&#8243; column_width_percent=&#8221;100&#8243; shift_y=&#8221;0&#8243; z_index=&#8221;0&#8243; content_parallax=&#8221;0&#8243; uncode_shortcode_id=&#8221;544610&#8243;][vc_column column_width_percent=&#8221;100&#8243; gutter_size=&#8221;3&#8243; overlay_alpha=&#8221;50&#8243; shift_x=&#8221;0&#8243; shift_y=&#8221;0&#8243; shift_y_down=&#8221;0&#8243; z_index=&#8221;0&#8243; medium_width=&#8221;0&#8243; mobile_width=&#8221;0&#8243; css_animation=&#8221;bottom-t-top&#8221; animation_delay=&#8221;100&#8243; width=&#8221;1\/1&#8243; uncode_shortcode_id=&#8221;110296&#8243;][vc_custom_heading css_animation=&#8221;left-t-right&#8221; uncode_shortcode_id=&#8221;803180&#8243;]Die Modelle der Flex Mobile Serie[\/vc_custom_heading][uncode_index el_id=&#8221;index-121473&#8243; loop=&#8221;size:All|order_by:menu_order|post_type:page|tax_query:265|taxonomy_count:10&#8243; screen_lg=&#8221;1000&#8243; screen_md=&#8221;600&#8243; screen_sm=&#8221;480&#8243; gutter_size=&#8221;3&#8243; page_items=&#8221;title,media|featured|onpost|original,link|default|small_size|scale_mobile|default_width|default_outline|Mehr erfahren&#8221; single_width=&#8221;3&#8243; images_size=&#8221;one-one&#8221; single_overlay_opacity=&#8221;50&#8243; single_padding=&#8221;2&#8243; single_title_semantic=&#8221;h2&#8243; single_title_family=&#8221;font-116529&#8243; single_title_dimension=&#8221;h6&#8243; single_title_weight=&#8221;600&#8243; single_title_transform=&#8221;uppercase&#8221; single_css_animation=&#8221;alpha-anim&#8221; custom_order=&#8221;yes&#8221; uncode_shortcode_id=&#8221;903962&#8243; el_class=&#8221;impianti_archive&#8221; order_ids=&#8221;87403,87398,87393,87388&#8243;][vc_empty_space empty_h=&#8221;3&#8243;][\/vc_column][\/vc_row][vc_row][vc_column width=&#8221;1\/1&#8243;][uncode_block id=&#8221;98938&#8243;][\/vc_column][\/vc_row][vc_row][vc_column width=&#8221;1\/1&#8243;][vc_empty_space empty_h=&#8221;0&#8243;][\/vc_column][\/vc_row][vc_row][vc_column width=&#8221;1\/1&#8243;][uncode_block id=&#8221;99905&#8243;][\/vc_column][\/vc_row][vc_row][vc_column width=&#8221;1\/1&#8243;][uncode_block id=&#8221;100052&#8243;][\/vc_column][\/vc_row][vc_row][vc_column width=&#8221;1\/1&#8243;][vc_empty_space empty_h=&#8221;2&#8243;][\/vc_column][\/vc_row][vc_row][vc_column width=&#8221;1\/1&#8243;][vc_single_image media=&#8221;100030&#8243; media_width_percent=&#8221;100&#8243; uncode_shortcode_id=&#8221;143257&#8243;][\/vc_column][\/vc_row][vc_row][vc_column width=&#8221;1\/1&#8243;][vc_empty_space empty_h=&#8221;1&#8243;][\/vc_column][\/vc_row][vc_row row_height_percent=&#8221;55&#8243; back_image=&#8221;94920&#8243; overlay_alpha=&#8221;50&#8243; gutter_size=&#8221;3&#8243; column_width_percent=&#8221;100&#8243; shift_y=&#8221;0&#8243; z_index=&#8221;0&#8243; content_parallax=&#8221;0&#8243; uncode_shortcode_id=&#8221;111743&#8243; row_height_pixel=&#8221;400&#8243;][vc_column width=&#8221;1\/1&#8243;][\/vc_column][\/vc_row][vc_row][vc_column width=&#8221;1\/1&#8243;][vc_empty_space empty_h=&#8221;1&#8243;][\/vc_column][\/vc_row][vc_row][vc_column width=&#8221;1\/1&#8243;][uncode_block id=&#8221;99788&#8243;][\/vc_column][\/vc_row][vc_row][vc_column width=&#8221;1\/1&#8243;][uncode_block id=&#8221;79737&#8243;][\/vc_column][\/vc_row]<\/p>\n<\/div>","protected":false},"excerpt":{"rendered":"<p>[vc_row row_height_percent=&#8221;0&#8243; override_padding=&#8221;yes&#8221; h_padding=&#8221;2&#8243; top_padding=&#8221;4&#8243; bottom_padding=&#8221;1&#8243; overlay_alpha=&#8221;50&#8243; gutter_size=&#8221;3&#8243; column_width_percent=&#8221;100&#8243; shift_y=&#8221;0&#8243; z_index=&#8221;0&#8243; uncode_shortcode_id=&#8221;169995&#8243;][vc_column column_width_percent=&#8221;73&#8243; position_horizontal=&#8221;left&#8221; gutter_size=&#8221;3&#8243; overlay_alpha=&#8221;50&#8243; shift_x=&#8221;0&#8243; shift_y=&#8221;0&#8243; shift_y_down=&#8221;0&#8243; z_index=&#8221;0&#8243; [&hellip;]<\/p>\n","protected":false},"author":1,"featured_media":70431,"parent":70322,"menu_order":1,"comment_status":"closed","ping_status":"closed","template":"","meta":{"footnotes":""},"class_list":["post-70421","page","type-page","status-publish","has-post-thumbnail","hentry"],"yoast_head":"<!-- This site is optimized with the Yoast SEO plugin v24.5 - https:\/\/yoast.com\/wordpress\/plugins\/seo\/ -->\n<title>Mobile Hammerm\u00fchlen - Panizzolo Recycling Systems<\/title>\n<meta name=\"description\" content=\"Entdecken Sie die Flex Mobile Hammerm\u00fchlen von Panizzolo: kompakte und transportable L\u00f6sungen f\u00fcr das Recycling von Metallschrott.\" \/>\n<meta name=\"robots\" content=\"index, follow, max-snippet:-1, max-image-preview:large, max-video-preview:-1\" \/>\n<link rel=\"canonical\" href=\"https:\/\/www.panizzolo.com\/de\/recycling-loesungen\/recyclingmaschinen\/mobile-hammermuehlen\/\" \/>\n<meta property=\"og:locale\" content=\"de_DE\" \/>\n<meta property=\"og:type\" content=\"article\" \/>\n<meta property=\"og:title\" content=\"Mobile Hammerm\u00fchlen - Panizzolo Recycling Systems\" \/>\n<meta property=\"og:description\" content=\"Entdecken Sie die Flex Mobile Hammerm\u00fchlen von Panizzolo: kompakte und transportable L\u00f6sungen f\u00fcr das Recycling von Metallschrott.\" \/>\n<meta property=\"og:url\" content=\"https:\/\/www.panizzolo.com\/de\/recycling-loesungen\/recyclingmaschinen\/mobile-hammermuehlen\/\" \/>\n<meta property=\"og:site_name\" content=\"Panizzolo Impianti di riciclaggio per rifiuti\" \/>\n<meta property=\"article:publisher\" content=\"https:\/\/www.facebook.com\/PanizzoloRecycling\" \/>\n<meta property=\"article:modified_time\" content=\"2026-02-05T14:10:42+00:00\" \/>\n<meta property=\"og:image\" content=\"https:\/\/www.panizzolo.com\/wp-content\/uploads\/2019\/10\/mulini-mobile.jpg\" \/>\n\t<meta property=\"og:image:width\" content=\"2560\" \/>\n\t<meta property=\"og:image:height\" content=\"900\" \/>\n\t<meta property=\"og:image:type\" content=\"image\/jpeg\" \/>\n<meta name=\"twitter:card\" content=\"summary_large_image\" \/>\n<meta name=\"twitter:site\" content=\"@PanizzoloRS\" \/>\n<meta name=\"twitter:label1\" content=\"Est. reading time\" \/>\n\t<meta name=\"twitter:data1\" content=\"4 minutes\" \/>\n<script type=\"application\/ld+json\" class=\"yoast-schema-graph\">{\"@context\":\"https:\/\/schema.org\",\"@graph\":[{\"@type\":\"WebPage\",\"@id\":\"https:\/\/www.panizzolo.com\/de\/recycling-loesungen\/recyclingmaschinen\/mobile-hammermuehlen\/\",\"url\":\"https:\/\/www.panizzolo.com\/de\/recycling-loesungen\/recyclingmaschinen\/mobile-hammermuehlen\/\",\"name\":\"Mobile Hammerm\u00fchlen - Panizzolo Recycling Systems\",\"isPartOf\":{\"@id\":\"https:\/\/www.panizzolo.com\/de\/#website\"},\"primaryImageOfPage\":{\"@id\":\"https:\/\/www.panizzolo.com\/de\/recycling-loesungen\/recyclingmaschinen\/mobile-hammermuehlen\/#primaryimage\"},\"image\":{\"@id\":\"https:\/\/www.panizzolo.com\/de\/recycling-loesungen\/recyclingmaschinen\/mobile-hammermuehlen\/#primaryimage\"},\"thumbnailUrl\":\"https:\/\/www.panizzolo.com\/wp-content\/uploads\/2019\/10\/mulini-mobile.jpg\",\"datePublished\":\"2019-07-12T07:33:40+00:00\",\"dateModified\":\"2026-02-05T14:10:42+00:00\",\"description\":\"Entdecken Sie die Flex Mobile Hammerm\u00fchlen von Panizzolo: kompakte und transportable L\u00f6sungen f\u00fcr das Recycling von Metallschrott.\",\"breadcrumb\":{\"@id\":\"https:\/\/www.panizzolo.com\/de\/recycling-loesungen\/recyclingmaschinen\/mobile-hammermuehlen\/#breadcrumb\"},\"inLanguage\":\"de-DE\",\"potentialAction\":[{\"@type\":\"ReadAction\",\"target\":[\"https:\/\/www.panizzolo.com\/de\/recycling-loesungen\/recyclingmaschinen\/mobile-hammermuehlen\/\"]}]},{\"@type\":\"ImageObject\",\"inLanguage\":\"de-DE\",\"@id\":\"https:\/\/www.panizzolo.com\/de\/recycling-loesungen\/recyclingmaschinen\/mobile-hammermuehlen\/#primaryimage\",\"url\":\"https:\/\/www.panizzolo.com\/wp-content\/uploads\/2019\/10\/mulini-mobile.jpg\",\"contentUrl\":\"https:\/\/www.panizzolo.com\/wp-content\/uploads\/2019\/10\/mulini-mobile.jpg\",\"width\":2560,\"height\":900},{\"@type\":\"BreadcrumbList\",\"@id\":\"https:\/\/www.panizzolo.com\/de\/recycling-loesungen\/recyclingmaschinen\/mobile-hammermuehlen\/#breadcrumb\",\"itemListElement\":[{\"@type\":\"ListItem\",\"position\":1,\"name\":\"Recycling-L\u00f6sungen\",\"item\":\"https:\/\/www.panizzolo.com\/de\/recycling-loesungen\/\"},{\"@type\":\"ListItem\",\"position\":2,\"name\":\"Recyclingmaschinen\",\"item\":\"https:\/\/www.panizzolo.com\/de\/recycling-loesungen\/recyclingmaschinen\/\"},{\"@type\":\"ListItem\",\"position\":3,\"name\":\"Mobile Hammerm\u00fchlen\"}]},{\"@type\":\"WebSite\",\"@id\":\"https:\/\/www.panizzolo.com\/de\/#website\",\"url\":\"https:\/\/www.panizzolo.com\/de\/\",\"name\":\"Panizzolo Impianti di riciclaggio per rifiuti\",\"description\":\"Panizzolo Impianti di riciclaggio per rifiuti\",\"potentialAction\":[{\"@type\":\"SearchAction\",\"target\":{\"@type\":\"EntryPoint\",\"urlTemplate\":\"https:\/\/www.panizzolo.com\/de\/?s={search_term_string}\"},\"query-input\":{\"@type\":\"PropertyValueSpecification\",\"valueRequired\":true,\"valueName\":\"search_term_string\"}}],\"inLanguage\":\"de-DE\"}]}<\/script>\n<!-- \/ Yoast SEO plugin. -->","yoast_head_json":{"title":"Mobile Hammerm\u00fchlen - Panizzolo Recycling Systems","description":"Entdecken Sie die Flex Mobile Hammerm\u00fchlen von Panizzolo: kompakte und transportable L\u00f6sungen f\u00fcr das Recycling von Metallschrott.","robots":{"index":"index","follow":"follow","max-snippet":"max-snippet:-1","max-image-preview":"max-image-preview:large","max-video-preview":"max-video-preview:-1"},"canonical":"https:\/\/www.panizzolo.com\/de\/recycling-loesungen\/recyclingmaschinen\/mobile-hammermuehlen\/","og_locale":"de_DE","og_type":"article","og_title":"Mobile Hammerm\u00fchlen - Panizzolo Recycling Systems","og_description":"Entdecken Sie die Flex Mobile Hammerm\u00fchlen von Panizzolo: kompakte und transportable L\u00f6sungen f\u00fcr das Recycling von Metallschrott.","og_url":"https:\/\/www.panizzolo.com\/de\/recycling-loesungen\/recyclingmaschinen\/mobile-hammermuehlen\/","og_site_name":"Panizzolo Impianti di riciclaggio per rifiuti","article_publisher":"https:\/\/www.facebook.com\/PanizzoloRecycling","article_modified_time":"2026-02-05T14:10:42+00:00","og_image":[{"width":2560,"height":900,"url":"https:\/\/www.panizzolo.com\/wp-content\/uploads\/2019\/10\/mulini-mobile.jpg","type":"image\/jpeg"}],"twitter_card":"summary_large_image","twitter_site":"@PanizzoloRS","twitter_misc":{"Est. reading time":"4 minutes"},"schema":{"@context":"https:\/\/schema.org","@graph":[{"@type":"WebPage","@id":"https:\/\/www.panizzolo.com\/de\/recycling-loesungen\/recyclingmaschinen\/mobile-hammermuehlen\/","url":"https:\/\/www.panizzolo.com\/de\/recycling-loesungen\/recyclingmaschinen\/mobile-hammermuehlen\/","name":"Mobile Hammerm\u00fchlen - Panizzolo Recycling Systems","isPartOf":{"@id":"https:\/\/www.panizzolo.com\/de\/#website"},"primaryImageOfPage":{"@id":"https:\/\/www.panizzolo.com\/de\/recycling-loesungen\/recyclingmaschinen\/mobile-hammermuehlen\/#primaryimage"},"image":{"@id":"https:\/\/www.panizzolo.com\/de\/recycling-loesungen\/recyclingmaschinen\/mobile-hammermuehlen\/#primaryimage"},"thumbnailUrl":"https:\/\/www.panizzolo.com\/wp-content\/uploads\/2019\/10\/mulini-mobile.jpg","datePublished":"2019-07-12T07:33:40+00:00","dateModified":"2026-02-05T14:10:42+00:00","description":"Entdecken Sie die Flex Mobile Hammerm\u00fchlen von Panizzolo: kompakte und transportable L\u00f6sungen f\u00fcr das Recycling von Metallschrott.","breadcrumb":{"@id":"https:\/\/www.panizzolo.com\/de\/recycling-loesungen\/recyclingmaschinen\/mobile-hammermuehlen\/#breadcrumb"},"inLanguage":"de-DE","potentialAction":[{"@type":"ReadAction","target":["https:\/\/www.panizzolo.com\/de\/recycling-loesungen\/recyclingmaschinen\/mobile-hammermuehlen\/"]}]},{"@type":"ImageObject","inLanguage":"de-DE","@id":"https:\/\/www.panizzolo.com\/de\/recycling-loesungen\/recyclingmaschinen\/mobile-hammermuehlen\/#primaryimage","url":"https:\/\/www.panizzolo.com\/wp-content\/uploads\/2019\/10\/mulini-mobile.jpg","contentUrl":"https:\/\/www.panizzolo.com\/wp-content\/uploads\/2019\/10\/mulini-mobile.jpg","width":2560,"height":900},{"@type":"BreadcrumbList","@id":"https:\/\/www.panizzolo.com\/de\/recycling-loesungen\/recyclingmaschinen\/mobile-hammermuehlen\/#breadcrumb","itemListElement":[{"@type":"ListItem","position":1,"name":"Recycling-L\u00f6sungen","item":"https:\/\/www.panizzolo.com\/de\/recycling-loesungen\/"},{"@type":"ListItem","position":2,"name":"Recyclingmaschinen","item":"https:\/\/www.panizzolo.com\/de\/recycling-loesungen\/recyclingmaschinen\/"},{"@type":"ListItem","position":3,"name":"Mobile Hammerm\u00fchlen"}]},{"@type":"WebSite","@id":"https:\/\/www.panizzolo.com\/de\/#website","url":"https:\/\/www.panizzolo.com\/de\/","name":"Panizzolo Impianti di riciclaggio per rifiuti","description":"Panizzolo Impianti di riciclaggio per rifiuti","potentialAction":[{"@type":"SearchAction","target":{"@type":"EntryPoint","urlTemplate":"https:\/\/www.panizzolo.com\/de\/?s={search_term_string}"},"query-input":{"@type":"PropertyValueSpecification","valueRequired":true,"valueName":"search_term_string"}}],"inLanguage":"de-DE"}]}},"_links":{"self":[{"href":"https:\/\/www.panizzolo.com\/de\/wp-json\/wp\/v2\/pages\/70421","targetHints":{"allow":["GET"]}}],"collection":[{"href":"https:\/\/www.panizzolo.com\/de\/wp-json\/wp\/v2\/pages"}],"about":[{"href":"https:\/\/www.panizzolo.com\/de\/wp-json\/wp\/v2\/types\/page"}],"author":[{"embeddable":true,"href":"https:\/\/www.panizzolo.com\/de\/wp-json\/wp\/v2\/users\/1"}],"replies":[{"embeddable":true,"href":"https:\/\/www.panizzolo.com\/de\/wp-json\/wp\/v2\/comments?post=70421"}],"version-history":[{"count":16,"href":"https:\/\/www.panizzolo.com\/de\/wp-json\/wp\/v2\/pages\/70421\/revisions"}],"predecessor-version":[{"id":103470,"href":"https:\/\/www.panizzolo.com\/de\/wp-json\/wp\/v2\/pages\/70421\/revisions\/103470"}],"up":[{"embeddable":true,"href":"https:\/\/www.panizzolo.com\/de\/wp-json\/wp\/v2\/pages\/70322"}],"wp:featuredmedia":[{"embeddable":true,"href":"https:\/\/www.panizzolo.com\/de\/wp-json\/wp\/v2\/media\/70431"}],"wp:attachment":[{"href":"https:\/\/www.panizzolo.com\/de\/wp-json\/wp\/v2\/media?parent=70421"}],"curies":[{"name":"wp","href":"https:\/\/api.w.org\/{rel}","templated":true}]}}