{"id":69926,"date":"2018-06-15T14:09:52","date_gmt":"2018-06-15T12:09:52","guid":{"rendered":"http:\/\/www.panizzolo.it\/soluzioni-di-riciclaggio\/impianti-di-riciclaggio\/"},"modified":"2025-09-26T09:02:27","modified_gmt":"2025-09-26T07:02:27","slug":"recyclinganlagen","status":"publish","type":"page","link":"https:\/\/www.panizzolo.com\/de\/recycling-loesungen\/recyclinganlagen\/","title":{"rendered":"Recyclinganlagen"},"content":{"rendered":"<div class=\"wpb-content-wrapper\"><p>[vc_row row_height_percent=&#8221;50&#8243; back_image=&#8221;99037&#8243; overlay_color=&#8221;color-jevc&#8221; overlay_alpha=&#8221;30&#8243; gutter_size=&#8221;3&#8243; column_width_percent=&#8221;100&#8243; shift_y=&#8221;0&#8243; z_index=&#8221;0&#8243; content_parallax=&#8221;0&#8243; uncode_shortcode_id=&#8221;102201&#8243; overlay_color_type=&#8221;uncode-palette&#8221;][vc_column column_width_percent=&#8221;57&#8243; position_vertical=&#8221;middle&#8221; align_horizontal=&#8221;align_center&#8221; gutter_size=&#8221;3&#8243; style=&#8221;dark&#8221; overlay_alpha=&#8221;50&#8243; shift_x=&#8221;0&#8243; shift_y=&#8221;0&#8243; shift_y_down=&#8221;0&#8243; z_index=&#8221;0&#8243; medium_width=&#8221;0&#8243; mobile_width=&#8221;0&#8243; width=&#8221;1\/1&#8243; uncode_shortcode_id=&#8221;686665&#8243;][vc_custom_heading heading_semantic=&#8221;h1&#8243; text_font=&#8221;font-195077&#8243; text_size=&#8221;h1&#8243; uncode_shortcode_id=&#8221;141823&#8243;]Recyclinganlagen[\/vc_custom_heading][vc_custom_heading heading_semantic=&#8221;h3&#8243; text_font=&#8221;font-116529&#8243; text_size=&#8221;h3&#8243; uncode_shortcode_id=&#8221;386326&#8243;]Schl\u00fcsselfertige L\u00f6sungen, von der Volumenreduzierung bis zur Raffination[\/vc_custom_heading][\/vc_column][\/vc_row][vc_row row_height_percent=&#8221;0&#8243; override_padding=&#8221;yes&#8221; h_padding=&#8221;2&#8243; top_padding=&#8221;4&#8243; bottom_padding=&#8221;2&#8243; overlay_alpha=&#8221;50&#8243; gutter_size=&#8221;3&#8243; column_width_percent=&#8221;100&#8243; shift_y=&#8221;0&#8243; z_index=&#8221;0&#8243; content_parallax=&#8221;0&#8243; uncode_shortcode_id=&#8221;154202&#8243;][vc_column column_width_percent=&#8221;100&#8243; position_vertical=&#8221;middle&#8221; gutter_size=&#8221;4&#8243; overlay_alpha=&#8221;50&#8243; shift_x=&#8221;0&#8243; shift_y=&#8221;0&#8243; shift_y_down=&#8221;0&#8243; z_index=&#8221;0&#8243; medium_width=&#8221;0&#8243; mobile_width=&#8221;0&#8243; width=&#8221;1\/1&#8243; uncode_shortcode_id=&#8221;163559&#8243;][vc_custom_heading text_color=&#8221;color-170105&#8243; heading_semantic=&#8221;h1&#8243; text_font=&#8221;font-195077&#8243; uncode_shortcode_id=&#8221;763651&#8243; text_color_type=&#8221;uncode-palette&#8221;]Modulare und flexible Prozesszyklen zur Wertsteigerung von Metallen[\/vc_custom_heading][vc_row_inner row_inner_height_percent=&#8221;0&#8243; overlay_alpha=&#8221;50&#8243; gutter_size=&#8221;5&#8243; shift_y=&#8221;0&#8243; z_index=&#8221;0&#8243; uncode_shortcode_id=&#8221;367823&#8243;][vc_column_inner width=&#8221;1\/2&#8243;][vc_column_text css_animation=&#8221;bottom-t-top&#8221; uncode_shortcode_id=&#8221;173679&#8243;]Dank unserem Team aus qualifizierten Fachleuten und unserem hohen technologischen Know-how haben wir im Laufe der Jahre hocheffiziente und flexible Anlagen zur Metallr\u00fcckgewinnung entwickelt. Unsere Kunden erzielen kontinuierlich optimale Ergebnisse in Bezug auf Output-Qualit\u00e4t, Bearbeitungszeiten und -kosten \u2013 dank hoher Stundenleistung, reduzierter Energiekosten und maximaler Wertsch\u00f6pfung der behandelten Materialien.[\/vc_column_text][\/vc_column_inner][vc_column_inner width=&#8221;1\/2&#8243;][vc_column_text css_animation=&#8221;bottom-t-top&#8221; uncode_shortcode_id=&#8221;234772&#8243;]Unsere Recyclinganlagen f\u00fcr Metallabf\u00e4lle sind hochmoderne L\u00f6sungen, vollst\u00e4ndig intern entwickelt und darauf ausgelegt, die Investitionsrendite zu maximieren. Unser Ziel ist es nicht nur, zuverl\u00e4ssige Technologie zu liefern, sondern auch ein echter Wachstumspartner f\u00fcr Unternehmen zu sein \u2013 sie in jeder Phase des Prozesses zu begleiten, von der Erstplanung bis zum After-Sales-Support.[\/vc_column_text][\/vc_column_inner][\/vc_row_inner][\/vc_column][\/vc_row][vc_row row_height_percent=&#8221;0&#8243; overlay_alpha=&#8221;50&#8243; gutter_size=&#8221;3&#8243; column_width_percent=&#8221;100&#8243; shift_y=&#8221;0&#8243; z_index=&#8221;0&#8243; content_parallax=&#8221;0&#8243; uncode_shortcode_id=&#8221;707202&#8243;][vc_column width=&#8221;1\/1&#8243;][vc_single_image media=&#8221;99394&#8243; media_width_percent=&#8221;100&#8243; uncode_shortcode_id=&#8221;181406&#8243;][\/vc_column][\/vc_row][vc_row row_height_percent=&#8221;0&#8243; override_padding=&#8221;yes&#8221; h_padding=&#8221;2&#8243; top_padding=&#8221;2&#8243; bottom_padding=&#8221;2&#8243; overlay_alpha=&#8221;50&#8243; gutter_size=&#8221;3&#8243; column_width_percent=&#8221;100&#8243; shift_y=&#8221;0&#8243; z_index=&#8221;0&#8243; content_parallax=&#8221;0&#8243; uncode_shortcode_id=&#8221;253550&#8243;][vc_column column_width_percent=&#8221;100&#8243; gutter_size=&#8221;3&#8243; overlay_alpha=&#8221;50&#8243; shift_x=&#8221;0&#8243; shift_y=&#8221;0&#8243; shift_y_down=&#8221;0&#8243; z_index=&#8221;0&#8243; medium_width=&#8221;0&#8243; mobile_width=&#8221;0&#8243; css_animation=&#8221;bottom-t-top&#8221; animation_delay=&#8221;100&#8243; width=&#8221;1\/1&#8243; uncode_shortcode_id=&#8221;110296&#8243;][vc_custom_heading text_color=&#8221;color-170105&#8243; heading_semantic=&#8221;h1&#8243; text_font=&#8221;font-195077&#8243; uncode_shortcode_id=&#8221;171606&#8243; text_color_type=&#8221;uncode-palette&#8221;]L\u00f6sungen f\u00fcr jede Art von Behandlung[\/vc_custom_heading][vc_empty_space empty_h=&#8221;0&#8243;][uncode_index el_id=&#8221;index-121473&#8243; loop=&#8221;size:All|order_by:menu_order|order:ASC|post_type:page|tax_query:260|taxonomy_count:10&#8243; screen_lg=&#8221;1000&#8243; screen_md=&#8221;600&#8243; screen_sm=&#8221;480&#8243; gutter_size=&#8221;4&#8243; page_items=&#8221;title,media|featured|onpost|original,link|default|default_size|scale_mobile|default_width|default_outline|Mehr erfahren&#8221; images_size=&#8221;three-two&#8221; single_overlay_opacity=&#8221;50&#8243; single_overlay_anim=&#8221;no&#8221; single_image_anim=&#8221;no&#8221; single_padding=&#8221;2&#8243; single_title_semantic=&#8221;h2&#8243; single_title_family=&#8221;font-116529&#8243; single_title_dimension=&#8221;h6&#8243; single_title_weight=&#8221;600&#8243; single_title_transform=&#8221;uppercase&#8221; single_border=&#8221;yes&#8221; uncode_shortcode_id=&#8221;203428&#8243; el_class=&#8221;impianti_archive&#8221; items=&#8221;eyI2NTc4M19pIjp7InNpbmdsZV9saW5rIjoidXJsOmh0dHBzJTNBJTJGJTJGd3d3LnBhbml6em9sby5jb20lMkZicmV2ZXR0aSUyRmJyZXZldHRpLWRpLXJhZmZpbmF6aW9uZSUyRnx0aXRsZTpCcmV2ZXR0aSUyMGRpJTIwcmFmZmluYXppb25lIn0sIjcwMDcyX2kiOnsic2luZ2xlX2xpbmsiOiJ1cmw6aHR0cHMlM0ElMkYlMkZ3d3cucGFuaXp6b2xvLmNvbSUyRmRlJTJGcGF0ZW50ZSUyRnBhdGVudGUtZnVlci1kaWUtcmFmZmluYXRpb24lMkYifX0=&#8221;][\/vc_column][\/vc_row][vc_row row_height_percent=&#8221;0&#8243; override_padding=&#8221;yes&#8221; h_padding=&#8221;2&#8243; top_padding=&#8221;3&#8243; bottom_padding=&#8221;3&#8243; overlay_alpha=&#8221;50&#8243; gutter_size=&#8221;3&#8243; column_width_percent=&#8221;100&#8243; shift_y=&#8221;0&#8243; z_index=&#8221;0&#8243; uncode_shortcode_id=&#8221;433143&#8243;][vc_column width=&#8221;1\/1&#8243;][vc_empty_space empty_h=&#8221;2&#8243;][\/vc_column][\/vc_row][vc_row][vc_column width=&#8221;1\/1&#8243;][uncode_block id=&#8221;98938&#8243;][\/vc_column][\/vc_row][vc_row row_height_percent=&#8221;0&#8243; override_padding=&#8221;yes&#8221; h_padding=&#8221;2&#8243; top_padding=&#8221;0&#8243; bottom_padding=&#8221;2&#8243; overlay_alpha=&#8221;50&#8243; gutter_size=&#8221;3&#8243; column_width_percent=&#8221;100&#8243; shift_y=&#8221;0&#8243; z_index=&#8221;0&#8243; content_parallax=&#8221;0&#8243; uncode_shortcode_id=&#8221;340420&#8243;][vc_column width=&#8221;1\/1&#8243;][vc_empty_space empty_h=&#8221;0&#8243;][\/vc_column][\/vc_row][vc_row row_height_percent=&#8221;55&#8243; back_image=&#8221;97556&#8243; overlay_alpha=&#8221;50&#8243; gutter_size=&#8221;3&#8243; column_width_percent=&#8221;100&#8243; shift_y=&#8221;0&#8243; z_index=&#8221;0&#8243; content_parallax=&#8221;0&#8243; uncode_shortcode_id=&#8221;199077&#8243; row_height_pixel=&#8221;400&#8243;][vc_column width=&#8221;1\/1&#8243;][\/vc_column][\/vc_row][vc_row row_height_percent=&#8221;0&#8243; override_padding=&#8221;yes&#8221; h_padding=&#8221;2&#8243; top_padding=&#8221;4&#8243; bottom_padding=&#8221;4&#8243; overlay_alpha=&#8221;50&#8243; gutter_size=&#8221;3&#8243; column_width_percent=&#8221;100&#8243; shift_y=&#8221;0&#8243; z_index=&#8221;0&#8243; content_parallax=&#8221;0&#8243; uncode_shortcode_id=&#8221;173136&#8243;][vc_column width=&#8221;1\/1&#8243;][vc_single_image media=&#8221;99258&#8243; media_width_percent=&#8221;100&#8243; uncode_shortcode_id=&#8221;102399&#8243;][\/vc_column][\/vc_row][vc_row][vc_column width=&#8221;1\/1&#8243;][uncode_block id=&#8221;80860&#8243;][\/vc_column][\/vc_row]<\/p>\n<\/div>","protected":false},"excerpt":{"rendered":"<p>Trent\u2019anni di esperienze dirette permette a Panizzolo di progettare impianti di riciclaggio finalizzati alla completa valorizzazione dei metalli recuperati.<\/p>\n","protected":false},"author":1,"featured_media":69742,"parent":69905,"menu_order":20,"comment_status":"closed","ping_status":"closed","template":"","meta":{"footnotes":""},"class_list":["post-69926","page","type-page","status-publish","has-post-thumbnail","hentry"],"yoast_head":"<!-- This site is optimized with the Yoast SEO plugin v24.5 - https:\/\/yoast.com\/wordpress\/plugins\/seo\/ -->\n<title>Recyclinganlagen - Panizzolo Recycling Systems<\/title>\n<meta name=\"description\" content=\"Komplettanlagen f\u00fcr das Recycling von Metallschrott, modular und flexibel, von der Volumenreduzierung bis zur Raffination.\" \/>\n<meta name=\"robots\" content=\"index, follow, max-snippet:-1, max-image-preview:large, max-video-preview:-1\" \/>\n<link rel=\"canonical\" href=\"https:\/\/www.panizzolo.com\/de\/recycling-loesungen\/recyclinganlagen\/\" \/>\n<meta property=\"og:locale\" content=\"de_DE\" \/>\n<meta property=\"og:type\" content=\"article\" \/>\n<meta property=\"og:title\" content=\"Recyclinganlagen - Panizzolo Recycling Systems\" \/>\n<meta property=\"og:description\" content=\"Komplettanlagen f\u00fcr das Recycling von Metallschrott, modular und flexibel, von der Volumenreduzierung bis zur Raffination.\" \/>\n<meta property=\"og:url\" content=\"https:\/\/www.panizzolo.com\/de\/recycling-loesungen\/recyclinganlagen\/\" \/>\n<meta property=\"og:site_name\" content=\"Panizzolo Impianti di riciclaggio per rifiuti\" \/>\n<meta property=\"article:publisher\" content=\"https:\/\/www.facebook.com\/PanizzoloRecycling\" \/>\n<meta property=\"article:modified_time\" content=\"2025-09-26T07:02:27+00:00\" \/>\n<meta property=\"og:image\" content=\"https:\/\/www.panizzolo.com\/wp-content\/uploads\/2019\/10\/imgEvidenza_ChiSiamo.jpg\" \/>\n\t<meta property=\"og:image:width\" content=\"2560\" \/>\n\t<meta property=\"og:image:height\" content=\"900\" \/>\n\t<meta property=\"og:image:type\" content=\"image\/jpeg\" \/>\n<meta name=\"twitter:card\" content=\"summary_large_image\" \/>\n<meta name=\"twitter:site\" content=\"@PanizzoloRS\" \/>\n<meta name=\"twitter:label1\" content=\"Est. reading time\" \/>\n\t<meta name=\"twitter:data1\" content=\"2 minutes\" \/>\n<script type=\"application\/ld+json\" class=\"yoast-schema-graph\">{\"@context\":\"https:\/\/schema.org\",\"@graph\":[{\"@type\":\"WebPage\",\"@id\":\"https:\/\/www.panizzolo.com\/de\/recycling-loesungen\/recyclinganlagen\/\",\"url\":\"https:\/\/www.panizzolo.com\/de\/recycling-loesungen\/recyclinganlagen\/\",\"name\":\"Recyclinganlagen - Panizzolo Recycling Systems\",\"isPartOf\":{\"@id\":\"https:\/\/www.panizzolo.com\/de\/#website\"},\"primaryImageOfPage\":{\"@id\":\"https:\/\/www.panizzolo.com\/de\/recycling-loesungen\/recyclinganlagen\/#primaryimage\"},\"image\":{\"@id\":\"https:\/\/www.panizzolo.com\/de\/recycling-loesungen\/recyclinganlagen\/#primaryimage\"},\"thumbnailUrl\":\"https:\/\/www.panizzolo.com\/wp-content\/uploads\/2019\/10\/imgEvidenza_ChiSiamo.jpg\",\"datePublished\":\"2018-06-15T12:09:52+00:00\",\"dateModified\":\"2025-09-26T07:02:27+00:00\",\"description\":\"Komplettanlagen f\u00fcr das Recycling von Metallschrott, modular und flexibel, von der Volumenreduzierung bis zur Raffination.\",\"breadcrumb\":{\"@id\":\"https:\/\/www.panizzolo.com\/de\/recycling-loesungen\/recyclinganlagen\/#breadcrumb\"},\"inLanguage\":\"de-DE\",\"potentialAction\":[{\"@type\":\"ReadAction\",\"target\":[\"https:\/\/www.panizzolo.com\/de\/recycling-loesungen\/recyclinganlagen\/\"]}]},{\"@type\":\"ImageObject\",\"inLanguage\":\"de-DE\",\"@id\":\"https:\/\/www.panizzolo.com\/de\/recycling-loesungen\/recyclinganlagen\/#primaryimage\",\"url\":\"https:\/\/www.panizzolo.com\/wp-content\/uploads\/2019\/10\/imgEvidenza_ChiSiamo.jpg\",\"contentUrl\":\"https:\/\/www.panizzolo.com\/wp-content\/uploads\/2019\/10\/imgEvidenza_ChiSiamo.jpg\",\"width\":2560,\"height\":900},{\"@type\":\"BreadcrumbList\",\"@id\":\"https:\/\/www.panizzolo.com\/de\/recycling-loesungen\/recyclinganlagen\/#breadcrumb\",\"itemListElement\":[{\"@type\":\"ListItem\",\"position\":1,\"name\":\"Recycling-L\u00f6sungen\",\"item\":\"https:\/\/www.panizzolo.com\/de\/recycling-loesungen\/\"},{\"@type\":\"ListItem\",\"position\":2,\"name\":\"Recyclinganlagen\"}]},{\"@type\":\"WebSite\",\"@id\":\"https:\/\/www.panizzolo.com\/de\/#website\",\"url\":\"https:\/\/www.panizzolo.com\/de\/\",\"name\":\"Panizzolo Impianti di riciclaggio per rifiuti\",\"description\":\"Panizzolo Impianti di riciclaggio per rifiuti\",\"potentialAction\":[{\"@type\":\"SearchAction\",\"target\":{\"@type\":\"EntryPoint\",\"urlTemplate\":\"https:\/\/www.panizzolo.com\/de\/?s={search_term_string}\"},\"query-input\":{\"@type\":\"PropertyValueSpecification\",\"valueRequired\":true,\"valueName\":\"search_term_string\"}}],\"inLanguage\":\"de-DE\"}]}<\/script>\n<!-- \/ Yoast SEO plugin. -->","yoast_head_json":{"title":"Recyclinganlagen - Panizzolo Recycling Systems","description":"Komplettanlagen f\u00fcr das Recycling von Metallschrott, modular und flexibel, von der Volumenreduzierung bis zur Raffination.","robots":{"index":"index","follow":"follow","max-snippet":"max-snippet:-1","max-image-preview":"max-image-preview:large","max-video-preview":"max-video-preview:-1"},"canonical":"https:\/\/www.panizzolo.com\/de\/recycling-loesungen\/recyclinganlagen\/","og_locale":"de_DE","og_type":"article","og_title":"Recyclinganlagen - Panizzolo Recycling Systems","og_description":"Komplettanlagen f\u00fcr das Recycling von Metallschrott, modular und flexibel, von der Volumenreduzierung bis zur Raffination.","og_url":"https:\/\/www.panizzolo.com\/de\/recycling-loesungen\/recyclinganlagen\/","og_site_name":"Panizzolo Impianti di riciclaggio per rifiuti","article_publisher":"https:\/\/www.facebook.com\/PanizzoloRecycling","article_modified_time":"2025-09-26T07:02:27+00:00","og_image":[{"width":2560,"height":900,"url":"https:\/\/www.panizzolo.com\/wp-content\/uploads\/2019\/10\/imgEvidenza_ChiSiamo.jpg","type":"image\/jpeg"}],"twitter_card":"summary_large_image","twitter_site":"@PanizzoloRS","twitter_misc":{"Est. reading time":"2 minutes"},"schema":{"@context":"https:\/\/schema.org","@graph":[{"@type":"WebPage","@id":"https:\/\/www.panizzolo.com\/de\/recycling-loesungen\/recyclinganlagen\/","url":"https:\/\/www.panizzolo.com\/de\/recycling-loesungen\/recyclinganlagen\/","name":"Recyclinganlagen - Panizzolo Recycling Systems","isPartOf":{"@id":"https:\/\/www.panizzolo.com\/de\/#website"},"primaryImageOfPage":{"@id":"https:\/\/www.panizzolo.com\/de\/recycling-loesungen\/recyclinganlagen\/#primaryimage"},"image":{"@id":"https:\/\/www.panizzolo.com\/de\/recycling-loesungen\/recyclinganlagen\/#primaryimage"},"thumbnailUrl":"https:\/\/www.panizzolo.com\/wp-content\/uploads\/2019\/10\/imgEvidenza_ChiSiamo.jpg","datePublished":"2018-06-15T12:09:52+00:00","dateModified":"2025-09-26T07:02:27+00:00","description":"Komplettanlagen f\u00fcr das Recycling von Metallschrott, modular und flexibel, von der Volumenreduzierung bis zur Raffination.","breadcrumb":{"@id":"https:\/\/www.panizzolo.com\/de\/recycling-loesungen\/recyclinganlagen\/#breadcrumb"},"inLanguage":"de-DE","potentialAction":[{"@type":"ReadAction","target":["https:\/\/www.panizzolo.com\/de\/recycling-loesungen\/recyclinganlagen\/"]}]},{"@type":"ImageObject","inLanguage":"de-DE","@id":"https:\/\/www.panizzolo.com\/de\/recycling-loesungen\/recyclinganlagen\/#primaryimage","url":"https:\/\/www.panizzolo.com\/wp-content\/uploads\/2019\/10\/imgEvidenza_ChiSiamo.jpg","contentUrl":"https:\/\/www.panizzolo.com\/wp-content\/uploads\/2019\/10\/imgEvidenza_ChiSiamo.jpg","width":2560,"height":900},{"@type":"BreadcrumbList","@id":"https:\/\/www.panizzolo.com\/de\/recycling-loesungen\/recyclinganlagen\/#breadcrumb","itemListElement":[{"@type":"ListItem","position":1,"name":"Recycling-L\u00f6sungen","item":"https:\/\/www.panizzolo.com\/de\/recycling-loesungen\/"},{"@type":"ListItem","position":2,"name":"Recyclinganlagen"}]},{"@type":"WebSite","@id":"https:\/\/www.panizzolo.com\/de\/#website","url":"https:\/\/www.panizzolo.com\/de\/","name":"Panizzolo Impianti di riciclaggio per rifiuti","description":"Panizzolo Impianti di riciclaggio per rifiuti","potentialAction":[{"@type":"SearchAction","target":{"@type":"EntryPoint","urlTemplate":"https:\/\/www.panizzolo.com\/de\/?s={search_term_string}"},"query-input":{"@type":"PropertyValueSpecification","valueRequired":true,"valueName":"search_term_string"}}],"inLanguage":"de-DE"}]}},"_links":{"self":[{"href":"https:\/\/www.panizzolo.com\/de\/wp-json\/wp\/v2\/pages\/69926","targetHints":{"allow":["GET"]}}],"collection":[{"href":"https:\/\/www.panizzolo.com\/de\/wp-json\/wp\/v2\/pages"}],"about":[{"href":"https:\/\/www.panizzolo.com\/de\/wp-json\/wp\/v2\/types\/page"}],"author":[{"embeddable":true,"href":"https:\/\/www.panizzolo.com\/de\/wp-json\/wp\/v2\/users\/1"}],"replies":[{"embeddable":true,"href":"https:\/\/www.panizzolo.com\/de\/wp-json\/wp\/v2\/comments?post=69926"}],"version-history":[{"count":18,"href":"https:\/\/www.panizzolo.com\/de\/wp-json\/wp\/v2\/pages\/69926\/revisions"}],"predecessor-version":[{"id":100388,"href":"https:\/\/www.panizzolo.com\/de\/wp-json\/wp\/v2\/pages\/69926\/revisions\/100388"}],"up":[{"embeddable":true,"href":"https:\/\/www.panizzolo.com\/de\/wp-json\/wp\/v2\/pages\/69905"}],"wp:featuredmedia":[{"embeddable":true,"href":"https:\/\/www.panizzolo.com\/de\/wp-json\/wp\/v2\/media\/69742"}],"wp:attachment":[{"href":"https:\/\/www.panizzolo.com\/de\/wp-json\/wp\/v2\/media?parent=69926"}],"curies":[{"name":"wp","href":"https:\/\/api.w.org\/{rel}","templated":true}]}}