{"id":69905,"date":"2018-06-14T11:10:57","date_gmt":"2018-06-14T09:10:57","guid":{"rendered":"http:\/\/www.panizzolo.it\/soluzioni-di-riciclaggio\/"},"modified":"2025-09-16T16:52:51","modified_gmt":"2025-09-16T14:52:51","slug":"recycling-loesungen","status":"publish","type":"page","link":"https:\/\/www.panizzolo.com\/de\/recycling-loesungen\/","title":{"rendered":"Recycling-L\u00f6sungen"},"content":{"rendered":"<div class=\"wpb-content-wrapper\"><p>[vc_row row_height_percent=&#8221;50&#8243; back_image=&#8221;98992&#8243; overlay_color=&#8221;color-jevc&#8221; overlay_alpha=&#8221;30&#8243; gutter_size=&#8221;3&#8243; column_width_percent=&#8221;100&#8243; shift_y=&#8221;0&#8243; z_index=&#8221;0&#8243; content_parallax=&#8221;0&#8243; uncode_shortcode_id=&#8221;635503&#8243; overlay_color_type=&#8221;uncode-palette&#8221;][vc_column column_width_percent=&#8221;100&#8243; position_vertical=&#8221;middle&#8221; align_horizontal=&#8221;align_center&#8221; gutter_size=&#8221;3&#8243; overlay_alpha=&#8221;50&#8243; shift_x=&#8221;0&#8243; shift_y=&#8221;0&#8243; shift_y_down=&#8221;0&#8243; z_index=&#8221;0&#8243; medium_width=&#8221;0&#8243; mobile_width=&#8221;0&#8243; width=&#8221;1\/1&#8243; uncode_shortcode_id=&#8221;344570&#8243;][vc_custom_heading text_color=&#8221;color-xsdn&#8221; heading_semantic=&#8221;h1&#8243; text_font=&#8221;font-195077&#8243; text_size=&#8221;h1&#8243; uncode_shortcode_id=&#8221;180764&#8243; text_color_type=&#8221;uncode-palette&#8221;]Recycling-L\u00f6sungen[\/vc_custom_heading][vc_custom_heading text_color=&#8221;color-xsdn&#8221; heading_semantic=&#8221;h3&#8243; text_font=&#8221;font-116529&#8243; text_size=&#8221;h3&#8243; uncode_shortcode_id=&#8221;256778&#8243; text_color_type=&#8221;uncode-palette&#8221;]Entwickelt, um Prozesse zu optimieren und den Wert von Schrott zu steigern[\/vc_custom_heading][\/vc_column][\/vc_row][vc_row row_height_percent=&#8221;0&#8243; override_padding=&#8221;yes&#8221; h_padding=&#8221;2&#8243; top_padding=&#8221;4&#8243; bottom_padding=&#8221;2&#8243; overlay_alpha=&#8221;50&#8243; gutter_size=&#8221;3&#8243; column_width_percent=&#8221;100&#8243; shift_y=&#8221;0&#8243; z_index=&#8221;0&#8243; content_parallax=&#8221;0&#8243; uncode_shortcode_id=&#8221;730450&#8243;][vc_column column_width_percent=&#8221;100&#8243; gutter_size=&#8221;4&#8243; overlay_alpha=&#8221;50&#8243; shift_x=&#8221;0&#8243; shift_y=&#8221;0&#8243; shift_y_down=&#8221;0&#8243; z_index=&#8221;0&#8243; medium_width=&#8221;0&#8243; mobile_width=&#8221;0&#8243; width=&#8221;1\/1&#8243; uncode_shortcode_id=&#8221;161753&#8243;][vc_custom_heading text_color=&#8221;color-170105&#8243; text_font=&#8221;font-195077&#8243; uncode_shortcode_id=&#8221;115254&#8243; text_color_type=&#8221;uncode-palette&#8221;]Technologien f\u00fcr effizientes, wertvolles Recycling[\/vc_custom_heading][vc_row_inner row_inner_height_percent=&#8221;0&#8243; overlay_alpha=&#8221;50&#8243; gutter_size=&#8221;5&#8243; shift_y=&#8221;0&#8243; z_index=&#8221;0&#8243; uncode_shortcode_id=&#8221;109094&#8243;][vc_column_inner width=&#8221;1\/2&#8243;][vc_column_text css_animation=&#8221;bottom-t-top&#8221; uncode_shortcode_id=&#8221;161420&#8243;]<\/p>\n<p data-start=\"807\" data-end=\"1189\">Seit 1946 entwickeln wir L\u00f6sungen zur Metallr\u00fcckgewinnung, die technisches Fachwissen mit stetiger Innovation verbinden. Wir realisieren hocheffiziente Anlagen, vielseitige Maschinen und Raffineriesysteme, die die Wiedergewinnung sekund\u00e4rer Rohstoffe vereinfachen. Unterst\u00fctzt werden unsere Kunden durch spezialisierten After-Sales-Service, fortschrittliche Management- und Kontrollsoftware sowie ein breites Angebot an gebrauchten Maschinen f\u00fcr besonders schnelle L\u00f6sungen.<\/p>\n<p>[\/vc_column_text][\/vc_column_inner][vc_column_inner width=&#8221;1\/2&#8243;][vc_column_text css_animation=&#8221;bottom-t-top&#8221; uncode_shortcode_id=&#8221;139506&#8243;]Dank modularer und flexibler Konstruktion passen sich unsere L\u00f6sungen m\u00fchelos an neue Materialtypen und verschiedene Produktionsanforderungen an. So kann jede Anlage \u00fcber die Zeit wachsen und bietet h\u00f6here Produktivit\u00e4t, optimierte Betriebskosten sowie eine Behandlung, die den Schrott maximal wertsch\u00e4tzt \u2013 stets unter Einhaltung der Umwelt- und Sicherheitsvorschriften.[\/vc_column_text][\/vc_column_inner][\/vc_row_inner][\/vc_column][\/vc_row][vc_row][vc_column column_width_percent=&#8221;100&#8243; gutter_size=&#8221;3&#8243; overlay_alpha=&#8221;50&#8243; shift_x=&#8221;0&#8243; shift_y=&#8221;0&#8243; shift_y_down=&#8221;0&#8243; z_index=&#8221;0&#8243; medium_width=&#8221;0&#8243; mobile_width=&#8221;0&#8243; css_animation=&#8221;bottom-t-top&#8221; width=&#8221;1\/1&#8243; uncode_shortcode_id=&#8221;137216&#8243;][vc_empty_space empty_h=&#8221;2&#8243;][vc_row_inner][vc_column_inner column_width_percent=&#8221;100&#8243; gutter_size=&#8221;2&#8243; overlay_alpha=&#8221;50&#8243; shift_x=&#8221;0&#8243; shift_y=&#8221;0&#8243; shift_y_down=&#8221;0&#8243; z_index=&#8221;0&#8243; medium_width=&#8221;0&#8243; mobile_width=&#8221;0&#8243; width=&#8221;1\/3&#8243; uncode_shortcode_id=&#8221;330927&#8243;][vc_single_image media=&#8221;97579&#8243; media_width_percent=&#8221;100&#8243; uncode_shortcode_id=&#8221;296194&#8243; media_link=&#8221;url:https%3A%2F%2Fwww.panizzolo.com%2Fde%2Frecycling-loesungen%2Frecyclinganlagen%2F&#8221;][vc_empty_space empty_h=&#8221;1&#8243;][vc_custom_heading text_color=&#8221;color-170105&#8243; text_font=&#8221;font-116529&#8243; text_size=&#8221;h6&#8243; text_weight=&#8221;600&#8243; uncode_shortcode_id=&#8221;191762&#8243; text_color_type=&#8221;uncode-palette&#8221;]RECYCLINGANLAGEN[\/vc_custom_heading][vc_button border_width=&#8221;0&#8243; uncode_shortcode_id=&#8221;759420&#8243; link=&#8221;url:https%3A%2F%2Fwww.panizzolo.com%2Fde%2Frecycling-loesungen%2Frecyclinganlagen%2F&#8221;]Mehr erfahren[\/vc_button][\/vc_column_inner][vc_column_inner column_width_percent=&#8221;100&#8243; gutter_size=&#8221;2&#8243; overlay_alpha=&#8221;50&#8243; shift_x=&#8221;0&#8243; shift_y=&#8221;0&#8243; shift_y_down=&#8221;0&#8243; z_index=&#8221;0&#8243; medium_width=&#8221;0&#8243; mobile_width=&#8221;0&#8243; width=&#8221;1\/3&#8243; uncode_shortcode_id=&#8221;600549&#8243;][vc_single_image media=&#8221;95690&#8243; media_width_percent=&#8221;100&#8243; uncode_shortcode_id=&#8221;753182&#8243; media_link=&#8221;url:https%3A%2F%2Fwww.panizzolo.com%2Fde%2Frecycling-loesungen%2Frecyclingmaschinen%2F&#8221;][vc_empty_space empty_h=&#8221;1&#8243;][vc_custom_heading text_color=&#8221;color-170105&#8243; text_font=&#8221;font-116529&#8243; text_size=&#8221;h6&#8243; text_weight=&#8221;600&#8243; uncode_shortcode_id=&#8221;176207&#8243; text_color_type=&#8221;uncode-palette&#8221;]RECYCLINGMASCHINEN[\/vc_custom_heading][vc_button border_width=&#8221;0&#8243; uncode_shortcode_id=&#8221;723240&#8243; link=&#8221;url:https%3A%2F%2Fwww.panizzolo.com%2Fde%2Frecycling-loesungen%2Frecyclingmaschinen%2F&#8221;]Mehr erfahren[\/vc_button][\/vc_column_inner][vc_column_inner column_width_percent=&#8221;100&#8243; gutter_size=&#8221;2&#8243; overlay_alpha=&#8221;50&#8243; shift_x=&#8221;0&#8243; shift_y=&#8221;0&#8243; shift_y_down=&#8221;0&#8243; z_index=&#8221;0&#8243; medium_width=&#8221;0&#8243; mobile_width=&#8221;0&#8243; width=&#8221;1\/3&#8243; uncode_shortcode_id=&#8221;128344&#8243;][vc_single_image media=&#8221;96045&#8243; media_width_percent=&#8221;100&#8243; uncode_shortcode_id=&#8221;227015&#8243; media_link=&#8221;url:https%3A%2F%2Fwww.panizzolo.com%2Fde%2Fpatente%2Fpatente-fuer-die-raffination%2F&#8221;][vc_empty_space empty_h=&#8221;1&#8243;][vc_custom_heading text_color=&#8221;color-170105&#8243; text_font=&#8221;font-116529&#8243; text_size=&#8221;h6&#8243; text_weight=&#8221;600&#8243; uncode_shortcode_id=&#8221;160536&#8243; text_color_type=&#8221;uncode-palette&#8221;]RAFFINATIONSANLAGE[\/vc_custom_heading][vc_button border_width=&#8221;0&#8243; uncode_shortcode_id=&#8221;122243&#8243; link=&#8221;url:https%3A%2F%2Fwww.panizzolo.com%2Fde%2Fpatente%2Fpatente-fuer-die-raffination%2F&#8221;]Mehr erfahren[\/vc_button][\/vc_column_inner][\/vc_row_inner][vc_empty_space empty_h=&#8221;2&#8243;][vc_row_inner][vc_column_inner column_width_percent=&#8221;100&#8243; gutter_size=&#8221;2&#8243; overlay_alpha=&#8221;50&#8243; shift_x=&#8221;0&#8243; shift_y=&#8221;0&#8243; shift_y_down=&#8221;0&#8243; z_index=&#8221;0&#8243; medium_width=&#8221;0&#8243; mobile_width=&#8221;0&#8243; width=&#8221;1\/3&#8243; uncode_shortcode_id=&#8221;311348&#8243;][vc_single_image media=&#8221;97142&#8243; media_width_percent=&#8221;100&#8243; uncode_shortcode_id=&#8221;460181&#8243; media_link=&#8221;url:https%3A%2F%2Fwww.panizzolo.com%2Fde%2Fservice%2F&#8221;][vc_empty_space empty_h=&#8221;1&#8243;][vc_custom_heading text_color=&#8221;color-170105&#8243; text_font=&#8221;font-116529&#8243; text_size=&#8221;h6&#8243; text_weight=&#8221;600&#8243; uncode_shortcode_id=&#8221;173356&#8243; text_color_type=&#8221;uncode-palette&#8221;]SERVICE[\/vc_custom_heading][vc_button border_width=&#8221;0&#8243; uncode_shortcode_id=&#8221;212020&#8243; link=&#8221;url:https%3A%2F%2Fwww.panizzolo.com%2Fde%2Fservice%2F&#8221;]Mehr erfahren[\/vc_button][\/vc_column_inner][vc_column_inner column_width_percent=&#8221;100&#8243; gutter_size=&#8221;2&#8243; overlay_alpha=&#8221;50&#8243; shift_x=&#8221;0&#8243; shift_y=&#8221;0&#8243; shift_y_down=&#8221;0&#8243; z_index=&#8221;0&#8243; medium_width=&#8221;0&#8243; mobile_width=&#8221;0&#8243; width=&#8221;1\/3&#8243; uncode_shortcode_id=&#8221;203146&#8243;][vc_single_image media=&#8221;80603&#8243; media_width_percent=&#8221;100&#8243; uncode_shortcode_id=&#8221;660549&#8243; media_link=&#8221;url:https%3A%2F%2Fwww.panizzolo.com%2Fde%2Frecycling-loesungen%2Fverwaltungs-und-steuerungssoftware%2F&#8221;][vc_empty_space empty_h=&#8221;1&#8243;][vc_custom_heading text_color=&#8221;color-170105&#8243; text_font=&#8221;font-116529&#8243; text_size=&#8221;h6&#8243; text_weight=&#8221;600&#8243; uncode_shortcode_id=&#8221;791433&#8243; text_color_type=&#8221;uncode-palette&#8221;]VERWALTUNGS UND STEUERUNGSSOFTWARE[\/vc_custom_heading][vc_button border_width=&#8221;0&#8243; uncode_shortcode_id=&#8221;138520&#8243; link=&#8221;url:https%3A%2F%2Fwww.panizzolo.com%2Fde%2Frecycling-loesungen%2Fverwaltungs-und-steuerungssoftware%2F&#8221;]Mehr erfahren[\/vc_button][\/vc_column_inner][vc_column_inner column_width_percent=&#8221;100&#8243; gutter_size=&#8221;2&#8243; overlay_alpha=&#8221;50&#8243; shift_x=&#8221;0&#8243; shift_y=&#8221;0&#8243; shift_y_down=&#8221;0&#8243; z_index=&#8221;0&#8243; medium_width=&#8221;0&#8243; mobile_width=&#8221;0&#8243; width=&#8221;1\/3&#8243; uncode_shortcode_id=&#8221;125144&#8243;][vc_single_image media=&#8221;95664&#8243; media_width_percent=&#8221;100&#8243; uncode_shortcode_id=&#8221;140244&#8243; media_link=&#8221;url:https%3A%2F%2Fwww.panizzolo.com%2Fde%2Frecycling-loesungen%2Fgebraucht%2F&#8221;][vc_empty_space empty_h=&#8221;1&#8243;][vc_custom_heading text_color=&#8221;color-170105&#8243; text_font=&#8221;font-116529&#8243; text_size=&#8221;h6&#8243; text_weight=&#8221;600&#8243; uncode_shortcode_id=&#8221;100983&#8243; text_color_type=&#8221;uncode-palette&#8221;]GEBRAUCHT[\/vc_custom_heading][vc_button border_width=&#8221;0&#8243; uncode_shortcode_id=&#8221;134869&#8243; link=&#8221;url:https%3A%2F%2Fwww.panizzolo.com%2Fde%2Frecycling-loesungen%2Fgebraucht%2F&#8221;]Mehr erfahren[\/vc_button][\/vc_column_inner][\/vc_row_inner][\/vc_column][\/vc_row][vc_row][vc_column width=&#8221;1\/1&#8243;][vc_empty_space][\/vc_column][\/vc_row][vc_row][vc_column width=&#8221;1\/1&#8243;][uncode_block id=&#8221;98938&#8243;][\/vc_column][\/vc_row][vc_row row_height_percent=&#8221;0&#8243; override_padding=&#8221;yes&#8221; h_padding=&#8221;2&#8243; top_padding=&#8221;0&#8243; bottom_padding=&#8221;2&#8243; overlay_alpha=&#8221;50&#8243; gutter_size=&#8221;3&#8243; column_width_percent=&#8221;100&#8243; shift_y=&#8221;0&#8243; z_index=&#8221;0&#8243; content_parallax=&#8221;0&#8243; uncode_shortcode_id=&#8221;674971&#8243;][vc_column width=&#8221;1\/1&#8243;][vc_empty_space empty_h=&#8221;0&#8243;][\/vc_column][\/vc_row][vc_row row_height_percent=&#8221;55&#8243; back_image=&#8221;99055&#8243; overlay_alpha=&#8221;50&#8243; gutter_size=&#8221;3&#8243; column_width_percent=&#8221;100&#8243; shift_y=&#8221;0&#8243; z_index=&#8221;0&#8243; content_parallax=&#8221;0&#8243; uncode_shortcode_id=&#8221;422221&#8243; row_height_pixel=&#8221;400&#8243;][vc_column width=&#8221;1\/1&#8243;][\/vc_column][\/vc_row][vc_row row_height_percent=&#8221;0&#8243; override_padding=&#8221;yes&#8221; h_padding=&#8221;2&#8243; top_padding=&#8221;4&#8243; bottom_padding=&#8221;4&#8243; overlay_alpha=&#8221;50&#8243; gutter_size=&#8221;3&#8243; column_width_percent=&#8221;100&#8243; shift_y=&#8221;0&#8243; z_index=&#8221;0&#8243; content_parallax=&#8221;0&#8243; uncode_shortcode_id=&#8221;167458&#8243;][vc_column width=&#8221;1\/1&#8243;][vc_single_image media=&#8221;99076&#8243; media_width_percent=&#8221;100&#8243; uncode_shortcode_id=&#8221;242319&#8243;][\/vc_column][\/vc_row][vc_row][vc_column width=&#8221;1\/1&#8243;][uncode_block id=&#8221;79737&#8243;][\/vc_column][\/vc_row]<\/p>\n<\/div>","protected":false},"excerpt":{"rendered":"<p>[vc_row row_height_percent=&#8221;50&#8243; back_image=&#8221;98992&#8243; overlay_color=&#8221;color-jevc&#8221; overlay_alpha=&#8221;30&#8243; gutter_size=&#8221;3&#8243; column_width_percent=&#8221;100&#8243; shift_y=&#8221;0&#8243; z_index=&#8221;0&#8243; content_parallax=&#8221;0&#8243; uncode_shortcode_id=&#8221;635503&#8243; overlay_color_type=&#8221;uncode-palette&#8221;][vc_column column_width_percent=&#8221;100&#8243; position_vertical=&#8221;middle&#8221; align_horizontal=&#8221;align_center&#8221; gutter_size=&#8221;3&#8243; overlay_alpha=&#8221;50&#8243; shift_x=&#8221;0&#8243; shift_y=&#8221;0&#8243; shift_y_down=&#8221;0&#8243; [&hellip;]<\/p>\n","protected":false},"author":1,"featured_media":69742,"parent":0,"menu_order":50,"comment_status":"closed","ping_status":"closed","template":"","meta":{"footnotes":""},"class_list":["post-69905","page","type-page","status-publish","has-post-thumbnail","hentry"],"yoast_head":"<!-- This site is optimized with the Yoast SEO plugin v24.5 - https:\/\/yoast.com\/wordpress\/plugins\/seo\/ -->\n<title>L\u00f6sungen f\u00fcr das Metallrecycling - Panizzolo Recycling Systems<\/title>\n<meta name=\"description\" content=\"Anlagen, Maschinen und Raffineriesysteme f\u00fcr effizientes und wertsch\u00f6pfendes Recycling. Entdecken Sie alle L\u00f6sungen von Panizzolo.\" \/>\n<meta name=\"robots\" content=\"index, follow, max-snippet:-1, max-image-preview:large, max-video-preview:-1\" \/>\n<link rel=\"canonical\" href=\"https:\/\/www.panizzolo.com\/de\/recycling-loesungen\/\" \/>\n<meta property=\"og:locale\" content=\"de_DE\" \/>\n<meta property=\"og:type\" content=\"article\" \/>\n<meta property=\"og:title\" content=\"L\u00f6sungen f\u00fcr das Metallrecycling - Panizzolo Recycling Systems\" \/>\n<meta property=\"og:description\" content=\"Anlagen, Maschinen und Raffineriesysteme f\u00fcr effizientes und wertsch\u00f6pfendes Recycling. Entdecken Sie alle L\u00f6sungen von Panizzolo.\" \/>\n<meta property=\"og:url\" content=\"https:\/\/www.panizzolo.com\/de\/recycling-loesungen\/\" \/>\n<meta property=\"og:site_name\" content=\"Panizzolo Impianti di riciclaggio per rifiuti\" \/>\n<meta property=\"article:publisher\" content=\"https:\/\/www.facebook.com\/PanizzoloRecycling\" \/>\n<meta property=\"article:modified_time\" content=\"2025-09-16T14:52:51+00:00\" \/>\n<meta property=\"og:image\" content=\"https:\/\/www.panizzolo.com\/wp-content\/uploads\/2019\/10\/imgEvidenza_ChiSiamo.jpg\" \/>\n\t<meta property=\"og:image:width\" content=\"2560\" \/>\n\t<meta property=\"og:image:height\" content=\"900\" \/>\n\t<meta property=\"og:image:type\" content=\"image\/jpeg\" \/>\n<meta name=\"twitter:card\" content=\"summary_large_image\" \/>\n<meta name=\"twitter:site\" content=\"@PanizzoloRS\" \/>\n<meta name=\"twitter:label1\" content=\"Est. reading time\" \/>\n\t<meta name=\"twitter:data1\" content=\"3 minutes\" \/>\n<script type=\"application\/ld+json\" class=\"yoast-schema-graph\">{\"@context\":\"https:\/\/schema.org\",\"@graph\":[{\"@type\":\"WebPage\",\"@id\":\"https:\/\/www.panizzolo.com\/de\/recycling-loesungen\/\",\"url\":\"https:\/\/www.panizzolo.com\/de\/recycling-loesungen\/\",\"name\":\"L\u00f6sungen f\u00fcr das Metallrecycling - Panizzolo Recycling Systems\",\"isPartOf\":{\"@id\":\"https:\/\/www.panizzolo.com\/de\/#website\"},\"primaryImageOfPage\":{\"@id\":\"https:\/\/www.panizzolo.com\/de\/recycling-loesungen\/#primaryimage\"},\"image\":{\"@id\":\"https:\/\/www.panizzolo.com\/de\/recycling-loesungen\/#primaryimage\"},\"thumbnailUrl\":\"https:\/\/www.panizzolo.com\/wp-content\/uploads\/2019\/10\/imgEvidenza_ChiSiamo.jpg\",\"datePublished\":\"2018-06-14T09:10:57+00:00\",\"dateModified\":\"2025-09-16T14:52:51+00:00\",\"description\":\"Anlagen, Maschinen und Raffineriesysteme f\u00fcr effizientes und wertsch\u00f6pfendes Recycling. Entdecken Sie alle L\u00f6sungen von Panizzolo.\",\"inLanguage\":\"de-DE\",\"potentialAction\":[{\"@type\":\"ReadAction\",\"target\":[\"https:\/\/www.panizzolo.com\/de\/recycling-loesungen\/\"]}]},{\"@type\":\"ImageObject\",\"inLanguage\":\"de-DE\",\"@id\":\"https:\/\/www.panizzolo.com\/de\/recycling-loesungen\/#primaryimage\",\"url\":\"https:\/\/www.panizzolo.com\/wp-content\/uploads\/2019\/10\/imgEvidenza_ChiSiamo.jpg\",\"contentUrl\":\"https:\/\/www.panizzolo.com\/wp-content\/uploads\/2019\/10\/imgEvidenza_ChiSiamo.jpg\",\"width\":2560,\"height\":900},{\"@type\":\"WebSite\",\"@id\":\"https:\/\/www.panizzolo.com\/de\/#website\",\"url\":\"https:\/\/www.panizzolo.com\/de\/\",\"name\":\"Panizzolo Impianti di riciclaggio per rifiuti\",\"description\":\"Panizzolo Impianti di riciclaggio per rifiuti\",\"potentialAction\":[{\"@type\":\"SearchAction\",\"target\":{\"@type\":\"EntryPoint\",\"urlTemplate\":\"https:\/\/www.panizzolo.com\/de\/?s={search_term_string}\"},\"query-input\":{\"@type\":\"PropertyValueSpecification\",\"valueRequired\":true,\"valueName\":\"search_term_string\"}}],\"inLanguage\":\"de-DE\"}]}<\/script>\n<!-- \/ Yoast SEO plugin. -->","yoast_head_json":{"title":"L\u00f6sungen f\u00fcr das Metallrecycling - Panizzolo Recycling Systems","description":"Anlagen, Maschinen und Raffineriesysteme f\u00fcr effizientes und wertsch\u00f6pfendes Recycling. Entdecken Sie alle L\u00f6sungen von Panizzolo.","robots":{"index":"index","follow":"follow","max-snippet":"max-snippet:-1","max-image-preview":"max-image-preview:large","max-video-preview":"max-video-preview:-1"},"canonical":"https:\/\/www.panizzolo.com\/de\/recycling-loesungen\/","og_locale":"de_DE","og_type":"article","og_title":"L\u00f6sungen f\u00fcr das Metallrecycling - Panizzolo Recycling Systems","og_description":"Anlagen, Maschinen und Raffineriesysteme f\u00fcr effizientes und wertsch\u00f6pfendes Recycling. Entdecken Sie alle L\u00f6sungen von Panizzolo.","og_url":"https:\/\/www.panizzolo.com\/de\/recycling-loesungen\/","og_site_name":"Panizzolo Impianti di riciclaggio per rifiuti","article_publisher":"https:\/\/www.facebook.com\/PanizzoloRecycling","article_modified_time":"2025-09-16T14:52:51+00:00","og_image":[{"width":2560,"height":900,"url":"https:\/\/www.panizzolo.com\/wp-content\/uploads\/2019\/10\/imgEvidenza_ChiSiamo.jpg","type":"image\/jpeg"}],"twitter_card":"summary_large_image","twitter_site":"@PanizzoloRS","twitter_misc":{"Est. reading time":"3 minutes"},"schema":{"@context":"https:\/\/schema.org","@graph":[{"@type":"WebPage","@id":"https:\/\/www.panizzolo.com\/de\/recycling-loesungen\/","url":"https:\/\/www.panizzolo.com\/de\/recycling-loesungen\/","name":"L\u00f6sungen f\u00fcr das Metallrecycling - Panizzolo Recycling Systems","isPartOf":{"@id":"https:\/\/www.panizzolo.com\/de\/#website"},"primaryImageOfPage":{"@id":"https:\/\/www.panizzolo.com\/de\/recycling-loesungen\/#primaryimage"},"image":{"@id":"https:\/\/www.panizzolo.com\/de\/recycling-loesungen\/#primaryimage"},"thumbnailUrl":"https:\/\/www.panizzolo.com\/wp-content\/uploads\/2019\/10\/imgEvidenza_ChiSiamo.jpg","datePublished":"2018-06-14T09:10:57+00:00","dateModified":"2025-09-16T14:52:51+00:00","description":"Anlagen, Maschinen und Raffineriesysteme f\u00fcr effizientes und wertsch\u00f6pfendes Recycling. Entdecken Sie alle L\u00f6sungen von Panizzolo.","inLanguage":"de-DE","potentialAction":[{"@type":"ReadAction","target":["https:\/\/www.panizzolo.com\/de\/recycling-loesungen\/"]}]},{"@type":"ImageObject","inLanguage":"de-DE","@id":"https:\/\/www.panizzolo.com\/de\/recycling-loesungen\/#primaryimage","url":"https:\/\/www.panizzolo.com\/wp-content\/uploads\/2019\/10\/imgEvidenza_ChiSiamo.jpg","contentUrl":"https:\/\/www.panizzolo.com\/wp-content\/uploads\/2019\/10\/imgEvidenza_ChiSiamo.jpg","width":2560,"height":900},{"@type":"WebSite","@id":"https:\/\/www.panizzolo.com\/de\/#website","url":"https:\/\/www.panizzolo.com\/de\/","name":"Panizzolo Impianti di riciclaggio per rifiuti","description":"Panizzolo Impianti di riciclaggio per rifiuti","potentialAction":[{"@type":"SearchAction","target":{"@type":"EntryPoint","urlTemplate":"https:\/\/www.panizzolo.com\/de\/?s={search_term_string}"},"query-input":{"@type":"PropertyValueSpecification","valueRequired":true,"valueName":"search_term_string"}}],"inLanguage":"de-DE"}]}},"_links":{"self":[{"href":"https:\/\/www.panizzolo.com\/de\/wp-json\/wp\/v2\/pages\/69905","targetHints":{"allow":["GET"]}}],"collection":[{"href":"https:\/\/www.panizzolo.com\/de\/wp-json\/wp\/v2\/pages"}],"about":[{"href":"https:\/\/www.panizzolo.com\/de\/wp-json\/wp\/v2\/types\/page"}],"author":[{"embeddable":true,"href":"https:\/\/www.panizzolo.com\/de\/wp-json\/wp\/v2\/users\/1"}],"replies":[{"embeddable":true,"href":"https:\/\/www.panizzolo.com\/de\/wp-json\/wp\/v2\/comments?post=69905"}],"version-history":[{"count":17,"href":"https:\/\/www.panizzolo.com\/de\/wp-json\/wp\/v2\/pages\/69905\/revisions"}],"predecessor-version":[{"id":99534,"href":"https:\/\/www.panizzolo.com\/de\/wp-json\/wp\/v2\/pages\/69905\/revisions\/99534"}],"wp:featuredmedia":[{"embeddable":true,"href":"https:\/\/www.panizzolo.com\/de\/wp-json\/wp\/v2\/media\/69742"}],"wp:attachment":[{"href":"https:\/\/www.panizzolo.com\/de\/wp-json\/wp\/v2\/media?parent=69905"}],"curies":[{"name":"wp","href":"https:\/\/api.w.org\/{rel}","templated":true}]}}